{"id":75260,"date":"2022-02-19T09:49:51","date_gmt":"2022-02-19T08:49:51","guid":{"rendered":"https:\/\/coelectrix.com\/producto\/carregador-booster-orion-tr-smart-12-12-30a-nao-isolado"},"modified":"2025-08-19T06:03:04","modified_gmt":"2025-08-19T04:03:04","slug":"carregador-booster-orion-tr-smart-12-12-30a-nao-isolado","status":"publish","type":"product","link":"https:\/\/coelectrix.com\/pt-pt\/produto\/carregador-reforco-orion-tr-smart-12-12-30a-sem-isolamento","title":{"rendered":"Carregador Booster Orion Tr Smart 12\/12 30A N\u00e3o Isolado"},"content":{"rendered":"<h2><strong>Carregador Booster Orion Tr Smart 12\/12 30A N\u00e3o Isolado<\/strong><\/h2>\n<p>O conversor <strong>Victron Orion-Tr Smart 12V-12V 30A n\u00e3o isolado<\/strong> tem uma pot\u00eancia de sa\u00edda de 360W (30A a 12V) a partir de uma fonte de alimenta\u00e7\u00e3o de 12V com uma vasta gama de entrada (8 a 17V). A principal vantagem deste modelo \u00e9 a sua tens\u00e3o de sa\u00edda (ajust\u00e1vel entre 10 e 15V) para poder carregar uma bateria a partir de uma tens\u00e3o de entrada com uma gama mais alargada. Incorpora v\u00e1rias protec\u00e7\u00f5es electr\u00f3nicas, como a desconex\u00e3o por baixa tens\u00e3o e a reposi\u00e7\u00e3o autom\u00e1tica. O conversor inteligente 12V-12V 30A Victron Orion-Tr n\u00e3o isolado 12V-12V <strong>tem um algoritmo de carregamento de bateria de 3 fases<\/strong> program\u00e1vel a partir da nossa aplica\u00e7\u00e3o bluetooth.<\/p>\n<p><a href=\"https:\/\/coelectrix.com\/wp-content\/uploads\/2022\/02\/Datasheet-Orion-Tr-Smart-DC-DC-chargers-non-isolated-360-400W-ES.pdf\" target=\"_blank\" rel=\"noopener\">Ficha t\u00e9cnica Orion Smart-Tr n\u00e3o isolado 12\/12 30A<\/a><br \/>\n<a href=\"https:\/\/coelectrix.com\/wp-content\/uploads\/2021\/08\/Manual-Convertidor-Orion-Tr-Smart-aislado.pdf\">Manual do Orion-Tr Smart 12\/12 30A n\u00e3o isolado<\/a><\/p>\n<dl class=\"data-sheet flex_container\">\n<dt class=\"name\"><strong>Bluetooth Smart ativado<\/strong><br \/>\nQualquer smartphone, tablet ou outro dispositivo com Bluetooth pode ser utilizado para monitoriza\u00e7\u00e3o,<br \/>\nalterar as defini\u00e7\u00f5es e atualizar o carregador quando estiverem dispon\u00edveis novas funcionalidades de software.<br \/>\nTotalmente program\u00e1vel<br \/>\n&#8211; Algoritmo de carregamento da bateria (configur\u00e1vel) ou sa\u00edda fixa.<br \/>\n&#8211; Compatibilidade com alternador inteligente: mecanismo de dete\u00e7\u00e3o de funcionamento do motor<strong>. Algoritmo de carregamento adaptativo de 3 fases: carga inicial &#8211; absor\u00e7\u00e3o &#8211; flutua\u00e7\u00e3o.<\/strong><br \/>\n&#8211; No caso das baterias de chumbo-\u00e1cido, \u00e9 importante que, se as descargas forem ligeiras, o tempo de absor\u00e7\u00e3o seja curto para evitar sobrecargas.<br \/>\nO tempo de absor\u00e7\u00e3o \u00e9 curto para evitar a sobrecarga da bateria. Ap\u00f3s uma descarga profunda, o tempo de<br \/>\nAp\u00f3s uma descarga profunda, o tempo de carga de absor\u00e7\u00e3o \u00e9 automaticamente aumentado para garantir que a bateria \u00e9 totalmente recarregada.<br \/>\na bateria.<br \/>\n&#8211; No caso das baterias de l\u00edtio, o tempo de absor\u00e7\u00e3o \u00e9 fixo: 2 horas por defeito.<br \/>\n&#8211; Em alternativa, pode ser selecionada uma tens\u00e3o de sa\u00edda fixa<strong>. Ligar\/desligar remoto<\/strong><br \/>\nPode ser ligado um interrutor On\/Off remoto a um conetor bif\u00e1sico.<br \/>\nEm alternativa, o terminal H (direito) do conetor bif\u00e1sico pode ser comutado para o positivo da bateria, ou o terminal L (esquerdo) do conetor bif\u00e1sico pode ser comutado para o positivo da bateria.<br \/>\nO terminal L (esquerdo) do conetor bif\u00e1sico pode ser comutado para o negativo da bateria (ou para o chassis do ve\u00edculo, por exemplo).<br \/>\nTodos os modelos s\u00e3o \u00e0 prova de curto-circuito e podem ser ligados em paralelo para aumentar a corrente de sa\u00edda.<br \/>\nTodos os modelos s\u00e3o \u00e0 prova de curto-circuito e podem ser ligados em paralelo para aumentar a corrente de sa\u00edda.<br \/>\nPode ser ligado um n\u00famero ilimitado de unidades em paralelo.<br \/>\nProte\u00e7\u00e3o contra altas temperaturas:<br \/>\nA corrente de sa\u00edda ser\u00e1 reduzida quando a temperatura ambiente for elevada.<br \/>\nProte\u00e7\u00e3o IP43<br \/>\nSe instalado com os terminais de parafuso virados para baixo.<\/p>\n<p>Terminais de parafuso<br \/>\nN\u00e3o s\u00e3o necess\u00e1rias ferramentas especiais para a instala\u00e7\u00e3o<br \/>\nFus\u00edvel de entrada (n\u00e3o substitu\u00edvel)<\/p>\n<p>Dimens\u00f5es<\/p>\n<p>Altura: 130 mm.<\/p>\n<p>Largura: 186 mm.<\/p>\n<p>Profundidade: 80 mm.<\/p>\n<p>Peso: 1,8 kg.<\/p>\n<p>Garantia<\/p>\n<p>5 anos.<\/dt>\n<\/dl>\n<p><img fetchpriority=\"high\" decoding=\"async\" class=\"\" src=\"https:\/\/fusionenergiasolar.es\/img\/cms\/esquema-Orion-tr-smart.jpg\" alt=\"Esquema instalaci\u00f3n Orion-tr Smart\" width=\"330\" height=\"279\" \/><\/p>\n","protected":false},"excerpt":{"rendered":"<p>O <strong>carregador Orion-Tr Smart DC-DC 12\/12 30A Non-Isolated DC-DC<\/strong> \u00e9 um carregador <strong>DC-DC<\/strong> profissional e adapt\u00e1vel de 3 fases com<strong> Bluetooth integrado<\/strong>.<br \/>\nPara utiliza\u00e7\u00e3o em sistemas de baterias de ve\u00edculos ou barcos em que o alternador e a bateria de arranque s\u00e3o utilizados para carregar a bateria de servi\u00e7o. A unidade pode ser monitorizada e programada atrav\u00e9s de Bluetooth e pode ser controlada remotamente atrav\u00e9s de um interrutor de ligar\/desligar remoto e tem um mecanismo de dete\u00e7\u00e3o de funcionamento do motor.<br \/>\nIdeal para <strong>todos os tipos de alternadores<\/strong>, incluindo <strong>alternadores<\/strong> inteligentes, e adequado para todos os tipos de baterias, incluindo de l\u00edtio.<\/p>\n","protected":false},"featured_media":73752,"template":"","meta":{"_acf_changed":false},"product_brand":[],"product_cat":[1269,1342,1338],"product_tag":[],"class_list":{"0":"post-75260","1":"product","2":"type-product","3":"status-publish","4":"has-post-thumbnail","6":"product_cat-carregador-orion-booster","7":"product_cat-carregadores-de-bateria","8":"product_cat-victron-energia","10":"first","11":"instock","12":"sale","13":"taxable","14":"shipping-taxable","15":"purchasable","16":"product-type-simple"},"acf":[],"yoast_head":"<!-- This site is optimized with the Yoast SEO plugin v27.2 - https:\/\/yoast.com\/product\/yoast-seo-wordpress\/ -->\n<title>\u25b7 Carregador Booster Orion Tr Smart 12\/12 30A N\u00e3o Isolado | Coelectrix.com<\/title>\n<meta name=\"description\" content=\"O carregador Orion-Tr Smart DC-DC 12\/12 30A Non-Isolated DC-DC \u00e9 um carregador profissional DC-to-DC, adapt\u00e1vel de 3 fases com Bluetooth integrado.\" \/>\n<meta name=\"robots\" content=\"index, follow, max-snippet:-1, max-image-preview:large, max-video-preview:-1\" \/>\n<link rel=\"canonical\" href=\"https:\/\/coelectrix.com\/pt-pt\/produto\/carregador-reforco-orion-tr-smart-12-12-30a-sem-isolamento\" \/>\n<meta property=\"og:locale\" content=\"pt_PT\" \/>\n<meta property=\"og:type\" content=\"article\" \/>\n<meta property=\"og:title\" content=\"\u25b7 Carregador Booster Orion Tr Smart 12\/12 30A N\u00e3o Isolado | Coelectrix.com\" \/>\n<meta property=\"og:description\" content=\"O carregador Orion-Tr Smart DC-DC 12\/12 30A Non-Isolated DC-DC \u00e9 um carregador profissional DC-to-DC, adapt\u00e1vel de 3 fases com Bluetooth integrado.\" \/>\n<meta property=\"og:url\" content=\"https:\/\/coelectrix.com\/pt-pt\/produto\/carregador-reforco-orion-tr-smart-12-12-30a-sem-isolamento\" \/>\n<meta property=\"og:site_name\" content=\"Coelectrix\" \/>\n<meta property=\"article:modified_time\" content=\"2025-08-19T04:03:04+00:00\" \/>\n<meta property=\"og:image\" content=\"https:\/\/coelectrix.com\/wp-content\/uploads\/2022\/02\/booster-orion_tr-12_12-30a-smart-no-aislado.jpg\" \/>\n\t<meta property=\"og:image:width\" content=\"600\" \/>\n\t<meta property=\"og:image:height\" content=\"600\" \/>\n\t<meta property=\"og:image:type\" content=\"image\/jpeg\" \/>\n<meta name=\"twitter:card\" content=\"summary_large_image\" \/>\n<meta name=\"twitter:label1\" content=\"Tempo estimado de leitura\" \/>\n\t<meta name=\"twitter:data1\" content=\"3 minutos\" \/>\n<script type=\"application\/ld+json\" class=\"yoast-schema-graph\">{\"@context\":\"https:\/\/schema.org\",\"@graph\":[{\"@type\":\"WebPage\",\"@id\":\"https:\/\/coelectrix.com\/pt-pt\/produto\/carregador-reforco-orion-tr-smart-12-12-30a-sem-isolamento\",\"url\":\"https:\/\/coelectrix.com\/pt-pt\/produto\/carregador-reforco-orion-tr-smart-12-12-30a-sem-isolamento\",\"name\":\"\u25b7 Carregador Booster Orion Tr Smart 12\/12 30A N\u00e3o Isolado | Coelectrix.com\",\"isPartOf\":{\"@id\":\"https:\/\/coelectrix.com\/pt-pt\/#website\"},\"primaryImageOfPage\":{\"@id\":\"https:\/\/coelectrix.com\/pt-pt\/produto\/carregador-reforco-orion-tr-smart-12-12-30a-sem-isolamento#primaryimage\"},\"image\":{\"@id\":\"https:\/\/coelectrix.com\/pt-pt\/produto\/carregador-reforco-orion-tr-smart-12-12-30a-sem-isolamento#primaryimage\"},\"thumbnailUrl\":\"https:\/\/coelectrix.com\/wp-content\/uploads\/2022\/02\/booster-orion_tr-12_12-30a-smart-no-aislado.jpg\",\"datePublished\":\"2022-02-19T08:49:51+00:00\",\"dateModified\":\"2025-08-19T04:03:04+00:00\",\"description\":\"O carregador Orion-Tr Smart DC-DC 12\/12 30A Non-Isolated DC-DC \u00e9 um carregador profissional DC-to-DC, adapt\u00e1vel de 3 fases com Bluetooth integrado.\",\"breadcrumb\":{\"@id\":\"https:\/\/coelectrix.com\/pt-pt\/produto\/carregador-reforco-orion-tr-smart-12-12-30a-sem-isolamento#breadcrumb\"},\"inLanguage\":\"pt-PT\",\"potentialAction\":[{\"@type\":\"ReadAction\",\"target\":[\"https:\/\/coelectrix.com\/pt-pt\/produto\/carregador-reforco-orion-tr-smart-12-12-30a-sem-isolamento\"]}]},{\"@type\":\"ImageObject\",\"inLanguage\":\"pt-PT\",\"@id\":\"https:\/\/coelectrix.com\/pt-pt\/produto\/carregador-reforco-orion-tr-smart-12-12-30a-sem-isolamento#primaryimage\",\"url\":\"https:\/\/coelectrix.com\/wp-content\/uploads\/2022\/02\/booster-orion_tr-12_12-30a-smart-no-aislado.jpg\",\"contentUrl\":\"https:\/\/coelectrix.com\/wp-content\/uploads\/2022\/02\/booster-orion_tr-12_12-30a-smart-no-aislado.jpg\",\"width\":600,\"height\":600,\"caption\":\"orion-tr 12\/12 30A booster n\u00e3o isolado\"},{\"@type\":\"BreadcrumbList\",\"@id\":\"https:\/\/coelectrix.com\/pt-pt\/produto\/carregador-reforco-orion-tr-smart-12-12-30a-sem-isolamento#breadcrumb\",\"itemListElement\":[{\"@type\":\"ListItem\",\"position\":1,\"name\":\"Portada\",\"item\":\"https:\/\/coelectrix.com\/\"},{\"@type\":\"ListItem\",\"position\":2,\"name\":\"Loja\",\"item\":\"https:\/\/coelectrix.com\/pt-pt\/loja\"},{\"@type\":\"ListItem\",\"position\":3,\"name\":\"Carregador Booster Orion Tr Smart 12\/12 30A N\u00e3o Isolado\"}]},{\"@type\":\"WebSite\",\"@id\":\"https:\/\/coelectrix.com\/pt-pt\/#website\",\"url\":\"https:\/\/coelectrix.com\/pt-pt\/\",\"name\":\"Coelectrix\",\"description\":\"Componentes el\u00e9ctricos\",\"publisher\":{\"@id\":\"https:\/\/coelectrix.com\/pt-pt\/#organization\"},\"potentialAction\":[{\"@type\":\"SearchAction\",\"target\":{\"@type\":\"EntryPoint\",\"urlTemplate\":\"https:\/\/coelectrix.com\/pt-pt\/?s={search_term_string}\"},\"query-input\":{\"@type\":\"PropertyValueSpecification\",\"valueRequired\":true,\"valueName\":\"search_term_string\"}}],\"inLanguage\":\"pt-PT\"},{\"@type\":\"Organization\",\"@id\":\"https:\/\/coelectrix.com\/pt-pt\/#organization\",\"name\":\"coelectrix.com\",\"url\":\"https:\/\/coelectrix.com\/pt-pt\/\",\"logo\":{\"@type\":\"ImageObject\",\"inLanguage\":\"pt-PT\",\"@id\":\"https:\/\/coelectrix.com\/pt-pt\/#\/schema\/logo\/image\/\",\"url\":\"https:\/\/coelectrix.com\/wp-content\/uploads\/2018\/05\/logo-coelectrix-400x400.jpg\",\"contentUrl\":\"https:\/\/coelectrix.com\/wp-content\/uploads\/2018\/05\/logo-coelectrix-400x400.jpg\",\"width\":300,\"height\":300,\"caption\":\"coelectrix.com\"},\"image\":{\"@id\":\"https:\/\/coelectrix.com\/pt-pt\/#\/schema\/logo\/image\/\"}}]}<\/script>\n<!-- \/ Yoast SEO plugin. -->","yoast_head_json":{"title":"\u25b7 Carregador Booster Orion Tr Smart 12\/12 30A N\u00e3o Isolado | Coelectrix.com","description":"O carregador Orion-Tr Smart DC-DC 12\/12 30A Non-Isolated DC-DC \u00e9 um carregador profissional DC-to-DC, adapt\u00e1vel de 3 fases com Bluetooth integrado.","robots":{"index":"index","follow":"follow","max-snippet":"max-snippet:-1","max-image-preview":"max-image-preview:large","max-video-preview":"max-video-preview:-1"},"canonical":"https:\/\/coelectrix.com\/pt-pt\/produto\/carregador-reforco-orion-tr-smart-12-12-30a-sem-isolamento","og_locale":"pt_PT","og_type":"article","og_title":"\u25b7 Carregador Booster Orion Tr Smart 12\/12 30A N\u00e3o Isolado | Coelectrix.com","og_description":"O carregador Orion-Tr Smart DC-DC 12\/12 30A Non-Isolated DC-DC \u00e9 um carregador profissional DC-to-DC, adapt\u00e1vel de 3 fases com Bluetooth integrado.","og_url":"https:\/\/coelectrix.com\/pt-pt\/produto\/carregador-reforco-orion-tr-smart-12-12-30a-sem-isolamento","og_site_name":"Coelectrix","article_modified_time":"2025-08-19T04:03:04+00:00","og_image":[{"width":600,"height":600,"url":"https:\/\/coelectrix.com\/wp-content\/uploads\/2022\/02\/booster-orion_tr-12_12-30a-smart-no-aislado.jpg","type":"image\/jpeg"}],"twitter_card":"summary_large_image","twitter_misc":{"Tempo estimado de leitura":"3 minutos"},"schema":{"@context":"https:\/\/schema.org","@graph":[{"@type":"WebPage","@id":"https:\/\/coelectrix.com\/pt-pt\/produto\/carregador-reforco-orion-tr-smart-12-12-30a-sem-isolamento","url":"https:\/\/coelectrix.com\/pt-pt\/produto\/carregador-reforco-orion-tr-smart-12-12-30a-sem-isolamento","name":"\u25b7 Carregador Booster Orion Tr Smart 12\/12 30A N\u00e3o Isolado | Coelectrix.com","isPartOf":{"@id":"https:\/\/coelectrix.com\/pt-pt\/#website"},"primaryImageOfPage":{"@id":"https:\/\/coelectrix.com\/pt-pt\/produto\/carregador-reforco-orion-tr-smart-12-12-30a-sem-isolamento#primaryimage"},"image":{"@id":"https:\/\/coelectrix.com\/pt-pt\/produto\/carregador-reforco-orion-tr-smart-12-12-30a-sem-isolamento#primaryimage"},"thumbnailUrl":"https:\/\/coelectrix.com\/wp-content\/uploads\/2022\/02\/booster-orion_tr-12_12-30a-smart-no-aislado.jpg","datePublished":"2022-02-19T08:49:51+00:00","dateModified":"2025-08-19T04:03:04+00:00","description":"O carregador Orion-Tr Smart DC-DC 12\/12 30A Non-Isolated DC-DC \u00e9 um carregador profissional DC-to-DC, adapt\u00e1vel de 3 fases com Bluetooth integrado.","breadcrumb":{"@id":"https:\/\/coelectrix.com\/pt-pt\/produto\/carregador-reforco-orion-tr-smart-12-12-30a-sem-isolamento#breadcrumb"},"inLanguage":"pt-PT","potentialAction":[{"@type":"ReadAction","target":["https:\/\/coelectrix.com\/pt-pt\/produto\/carregador-reforco-orion-tr-smart-12-12-30a-sem-isolamento"]}]},{"@type":"ImageObject","inLanguage":"pt-PT","@id":"https:\/\/coelectrix.com\/pt-pt\/produto\/carregador-reforco-orion-tr-smart-12-12-30a-sem-isolamento#primaryimage","url":"https:\/\/coelectrix.com\/wp-content\/uploads\/2022\/02\/booster-orion_tr-12_12-30a-smart-no-aislado.jpg","contentUrl":"https:\/\/coelectrix.com\/wp-content\/uploads\/2022\/02\/booster-orion_tr-12_12-30a-smart-no-aislado.jpg","width":600,"height":600,"caption":"orion-tr 12\/12 30A booster n\u00e3o isolado"},{"@type":"BreadcrumbList","@id":"https:\/\/coelectrix.com\/pt-pt\/produto\/carregador-reforco-orion-tr-smart-12-12-30a-sem-isolamento#breadcrumb","itemListElement":[{"@type":"ListItem","position":1,"name":"Portada","item":"https:\/\/coelectrix.com\/"},{"@type":"ListItem","position":2,"name":"Loja","item":"https:\/\/coelectrix.com\/pt-pt\/loja"},{"@type":"ListItem","position":3,"name":"Carregador Booster Orion Tr Smart 12\/12 30A N\u00e3o Isolado"}]},{"@type":"WebSite","@id":"https:\/\/coelectrix.com\/pt-pt\/#website","url":"https:\/\/coelectrix.com\/pt-pt\/","name":"Coelectrix","description":"Componentes el\u00e9ctricos","publisher":{"@id":"https:\/\/coelectrix.com\/pt-pt\/#organization"},"potentialAction":[{"@type":"SearchAction","target":{"@type":"EntryPoint","urlTemplate":"https:\/\/coelectrix.com\/pt-pt\/?s={search_term_string}"},"query-input":{"@type":"PropertyValueSpecification","valueRequired":true,"valueName":"search_term_string"}}],"inLanguage":"pt-PT"},{"@type":"Organization","@id":"https:\/\/coelectrix.com\/pt-pt\/#organization","name":"coelectrix.com","url":"https:\/\/coelectrix.com\/pt-pt\/","logo":{"@type":"ImageObject","inLanguage":"pt-PT","@id":"https:\/\/coelectrix.com\/pt-pt\/#\/schema\/logo\/image\/","url":"https:\/\/coelectrix.com\/wp-content\/uploads\/2018\/05\/logo-coelectrix-400x400.jpg","contentUrl":"https:\/\/coelectrix.com\/wp-content\/uploads\/2018\/05\/logo-coelectrix-400x400.jpg","width":300,"height":300,"caption":"coelectrix.com"},"image":{"@id":"https:\/\/coelectrix.com\/pt-pt\/#\/schema\/logo\/image\/"}}]}},"_links":{"self":[{"href":"https:\/\/coelectrix.com\/pt-pt\/wp-json\/wp\/v2\/product\/75260","targetHints":{"allow":["GET"]}}],"collection":[{"href":"https:\/\/coelectrix.com\/pt-pt\/wp-json\/wp\/v2\/product"}],"about":[{"href":"https:\/\/coelectrix.com\/pt-pt\/wp-json\/wp\/v2\/types\/product"}],"version-history":[{"count":1,"href":"https:\/\/coelectrix.com\/pt-pt\/wp-json\/wp\/v2\/product\/75260\/revisions"}],"predecessor-version":[{"id":75340,"href":"https:\/\/coelectrix.com\/pt-pt\/wp-json\/wp\/v2\/product\/75260\/revisions\/75340"}],"wp:featuredmedia":[{"embeddable":true,"href":"https:\/\/coelectrix.com\/pt-pt\/wp-json\/wp\/v2\/media\/73752"}],"wp:attachment":[{"href":"https:\/\/coelectrix.com\/pt-pt\/wp-json\/wp\/v2\/media?parent=75260"}],"wp:term":[{"taxonomy":"product_brand","embeddable":true,"href":"https:\/\/coelectrix.com\/pt-pt\/wp-json\/wp\/v2\/product_brand?post=75260"},{"taxonomy":"product_cat","embeddable":true,"href":"https:\/\/coelectrix.com\/pt-pt\/wp-json\/wp\/v2\/product_cat?post=75260"},{"taxonomy":"product_tag","embeddable":true,"href":"https:\/\/coelectrix.com\/pt-pt\/wp-json\/wp\/v2\/product_tag?post=75260"}],"curies":[{"name":"wp","href":"https:\/\/api.w.org\/{rel}","templated":true}]}}