{"id":75264,"date":"2021-06-26T06:56:32","date_gmt":"2021-06-26T04:56:32","guid":{"rendered":"https:\/\/coelectrix.com\/producto\/carregador-booster-isolado-orion-tr-smart-12-12-18a"},"modified":"2025-08-19T06:03:36","modified_gmt":"2025-08-19T04:03:36","slug":"carregador-booster-isolado-orion-tr-smart-12-12-18a","status":"publish","type":"product","link":"https:\/\/coelectrix.com\/pt-pt\/produto\/carregador-reforco-orion-tr-smart-12-12-18a","title":{"rendered":"Carregador Booster Isolado Orion Tr Smart 12\/12 18A"},"content":{"rendered":"<h2><strong>Comprar Carregador Booster Orion Tr Smart 12\/12 18A<\/strong><\/h2>\n<p>O Conversor Isolado 12V-12V 18A Orion-Tr Smart 12V-12V da Victron tem uma pot\u00eancia de sa\u00edda de 220W (18A a 12V) a partir de uma fonte de alimenta\u00e7\u00e3o de 12V com uma ampla gama de entrada (8 a 17V). A principal vantagem deste modelo \u00e9 a sua tens\u00e3o de sa\u00edda (ajust\u00e1vel entre 10 e 15V) para poder carregar uma bateria a partir de uma tens\u00e3o de entrada com uma gama mais alargada. Incorpora v\u00e1rias protec\u00e7\u00f5es electr\u00f3nicas, como a desconex\u00e3o por baixa tens\u00e3o e a reposi\u00e7\u00e3o autom\u00e1tica. O conversor inteligente 12V-12V 18A Victron Orion-Tr isolado 12V-12V <strong>tem um algoritmo de carregamento de bateria de 3 fases<\/strong> program\u00e1vel a partir da nossa aplica\u00e7\u00e3o bluetooth.<\/p>\n<p><a href=\"https:\/\/coelectrix.com\/pt-pt\/ficha-convertidor-orion-tr-smart-aislado-3\" target=\"_blank\" rel=\"noopener\">Ficha t\u00e9cnica Orion Smart-Tr Isolado 12\/12V<\/a><\/p>\n<dl class=\"data-sheet flex_container\">\n<dt class=\"name\">Peso l\u00edquido<\/dt>\n<dd class=\"value flex_child\">1,3 kg<\/dd>\n<\/dl>\n<dl class=\"data-sheet flex_container\">\n<dt class=\"name\">Dimens\u00f5es<\/dt>\n<dd class=\"value flex_child\">130 x 186 x 70 mm<\/dd>\n<\/dl>\n<dl class=\"data-sheet flex_container\">\n<dt class=\"name\">Efici\u00eancia m\u00e1xima<\/dt>\n<dd class=\"value flex_child\">87%<\/dd>\n<\/dl>\n<dl class=\"data-sheet flex_container\">\n<dt class=\"name\">Corrente de carga nominal<\/dt>\n<dd class=\"value flex_child\">15-19 A<\/dd>\n<\/dl>\n<dl class=\"data-sheet flex_container\">\n<dt class=\"name\">Classe de prote\u00e7\u00e3o<\/dt>\n<dd class=\"value flex_child\">IP43<\/dd>\n<\/dl>\n<dl class=\"data-sheet flex_container\">\n<dt class=\"name\">Garantia<\/dt>\n<dd class=\"value flex_child\">5 anos<\/dd>\n<\/dl>\n<dl class=\"data-sheet flex_container\">\n<dt class=\"name\">Bluetooth<\/dt>\n<dd class=\"value flex_child\">Sim<\/dd>\n<\/dl>\n<dl class=\"data-sheet flex_container\">\n<dt class=\"name\">Tipo de bateria<\/dt>\n<dd class=\"value flex_child\">Carregador de bateria<\/dd>\n<\/dl>\n<p><img fetchpriority=\"high\" decoding=\"async\" class=\"\" src=\"https:\/\/fusionenergiasolar.es\/img\/cms\/esquema-Orion-tr-smart.jpg\" alt=\"Esquema instalaci\u00f3n Orion-tr Smart\" width=\"330\" height=\"279\" \/><\/p>\n","protected":false},"excerpt":{"rendered":"<p>O carregador Orion-Tr Smart DC-DC \u00e9 um carregador profissional de CC para CC, adapt\u00e1vel de 3 fases com<strong> Bluetooth integrado<\/strong>.<br \/>\nPara utiliza\u00e7\u00e3o em sistemas de baterias de ve\u00edculos ou barcos onde o alternador e a bateria de arranque s\u00e3o utilizados para carregar a bateria de servi\u00e7o. A unidade pode ser monitorizada e programada atrav\u00e9s de Bluetooth e pode ser controlada remotamente atrav\u00e9s de um interrutor de ligar\/desligar remoto e tem um mecanismo de dete\u00e7\u00e3o de funcionamento do motor.<br \/>\nIdeal para <strong>todos os tipos de alternadores<\/strong>, incluindo <strong>alternadores<\/strong> inteligentes, e adequado para todos os tipos de baterias, incluindo de l\u00edtio.<\/p>\n","protected":false},"featured_media":73750,"template":"","meta":{"_acf_changed":false},"product_brand":[],"product_cat":[1269,1342,1338],"product_tag":[],"class_list":{"0":"post-75264","1":"product","2":"type-product","3":"status-publish","4":"has-post-thumbnail","6":"product_cat-carregador-orion-booster","7":"product_cat-carregadores-de-bateria","8":"product_cat-victron-energia","10":"first","11":"instock","12":"sale","13":"taxable","14":"shipping-taxable","15":"purchasable","16":"product-type-simple"},"acf":[],"yoast_head":"<!-- This site is optimized with the Yoast SEO plugin v27.2 - https:\/\/yoast.com\/product\/yoast-seo-wordpress\/ -->\n<title>\u25b7 Carregador Booster Isolado Orion Tr Smart 12\/12 18A<\/title>\n<meta name=\"description\" content=\"Comprar Orion Tr Smart 12\/12 18A Isolated Charger Booster 12\/12 18A Isolated | Envio 24\/48 horas | Loja online l\u00edder em eletr\u00f3nica autom\u00f3vel \u27a4 Melhor pre\u00e7o online.\" \/>\n<meta name=\"robots\" content=\"index, follow, max-snippet:-1, max-image-preview:large, max-video-preview:-1\" \/>\n<link rel=\"canonical\" href=\"https:\/\/coelectrix.com\/pt-pt\/produto\/carregador-reforco-orion-tr-smart-12-12-18a\" \/>\n<meta property=\"og:locale\" content=\"pt_PT\" \/>\n<meta property=\"og:type\" content=\"article\" \/>\n<meta property=\"og:title\" content=\"\u25b7 Carregador Booster Isolado Orion Tr Smart 12\/12 18A\" \/>\n<meta property=\"og:description\" content=\"Comprar Orion Tr Smart 12\/12 18A Isolated Charger Booster 12\/12 18A Isolated | Envio 24\/48 horas | Loja online l\u00edder em eletr\u00f3nica autom\u00f3vel \u27a4 Melhor pre\u00e7o online.\" \/>\n<meta property=\"og:url\" content=\"https:\/\/coelectrix.com\/pt-pt\/produto\/carregador-reforco-orion-tr-smart-12-12-18a\" \/>\n<meta property=\"og:site_name\" content=\"Coelectrix\" \/>\n<meta property=\"article:modified_time\" content=\"2025-08-19T04:03:36+00:00\" \/>\n<meta property=\"og:image\" content=\"https:\/\/coelectrix.com\/wp-content\/uploads\/2021\/06\/booster-orion_tr-smart-12_12-18a-aislado-victron.jpg\" \/>\n\t<meta property=\"og:image:width\" content=\"600\" \/>\n\t<meta property=\"og:image:height\" content=\"600\" \/>\n\t<meta property=\"og:image:type\" content=\"image\/jpeg\" \/>\n<meta name=\"twitter:card\" content=\"summary_large_image\" \/>\n<meta name=\"twitter:label1\" content=\"Tempo estimado de leitura\" \/>\n\t<meta name=\"twitter:data1\" content=\"1 minuto\" \/>\n<script type=\"application\/ld+json\" class=\"yoast-schema-graph\">{\"@context\":\"https:\/\/schema.org\",\"@graph\":[{\"@type\":\"WebPage\",\"@id\":\"https:\/\/coelectrix.com\/pt-pt\/produto\/carregador-reforco-orion-tr-smart-12-12-18a\",\"url\":\"https:\/\/coelectrix.com\/pt-pt\/produto\/carregador-reforco-orion-tr-smart-12-12-18a\",\"name\":\"\u25b7 Carregador Booster Isolado Orion Tr Smart 12\/12 18A\",\"isPartOf\":{\"@id\":\"https:\/\/coelectrix.com\/pt-pt\/#website\"},\"primaryImageOfPage\":{\"@id\":\"https:\/\/coelectrix.com\/pt-pt\/produto\/carregador-reforco-orion-tr-smart-12-12-18a#primaryimage\"},\"image\":{\"@id\":\"https:\/\/coelectrix.com\/pt-pt\/produto\/carregador-reforco-orion-tr-smart-12-12-18a#primaryimage\"},\"thumbnailUrl\":\"https:\/\/coelectrix.com\/wp-content\/uploads\/2021\/06\/booster-orion_tr-smart-12_12-18a-aislado-victron.jpg\",\"datePublished\":\"2021-06-26T04:56:32+00:00\",\"dateModified\":\"2025-08-19T04:03:36+00:00\",\"description\":\"Comprar Orion Tr Smart 12\/12 18A Isolated Charger Booster 12\/12 18A Isolated | Envio 24\/48 horas | Loja online l\u00edder em eletr\u00f3nica autom\u00f3vel \u27a4 Melhor pre\u00e7o online.\",\"breadcrumb\":{\"@id\":\"https:\/\/coelectrix.com\/pt-pt\/produto\/carregador-reforco-orion-tr-smart-12-12-18a#breadcrumb\"},\"inLanguage\":\"pt-PT\",\"potentialAction\":[{\"@type\":\"ReadAction\",\"target\":[\"https:\/\/coelectrix.com\/pt-pt\/produto\/carregador-reforco-orion-tr-smart-12-12-18a\"]}]},{\"@type\":\"ImageObject\",\"inLanguage\":\"pt-PT\",\"@id\":\"https:\/\/coelectrix.com\/pt-pt\/produto\/carregador-reforco-orion-tr-smart-12-12-18a#primaryimage\",\"url\":\"https:\/\/coelectrix.com\/wp-content\/uploads\/2021\/06\/booster-orion_tr-smart-12_12-18a-aislado-victron.jpg\",\"contentUrl\":\"https:\/\/coelectrix.com\/wp-content\/uploads\/2021\/06\/booster-orion_tr-smart-12_12-18a-aislado-victron.jpg\",\"width\":600,\"height\":600,\"caption\":\"comprar carregador Booster Orion Tr Smart 12\/12 18A\"},{\"@type\":\"BreadcrumbList\",\"@id\":\"https:\/\/coelectrix.com\/pt-pt\/produto\/carregador-reforco-orion-tr-smart-12-12-18a#breadcrumb\",\"itemListElement\":[{\"@type\":\"ListItem\",\"position\":1,\"name\":\"Portada\",\"item\":\"https:\/\/coelectrix.com\/\"},{\"@type\":\"ListItem\",\"position\":2,\"name\":\"Loja\",\"item\":\"https:\/\/coelectrix.com\/pt-pt\/loja\"},{\"@type\":\"ListItem\",\"position\":3,\"name\":\"Carregador Booster Isolado Orion Tr Smart 12\/12 18A\"}]},{\"@type\":\"WebSite\",\"@id\":\"https:\/\/coelectrix.com\/pt-pt\/#website\",\"url\":\"https:\/\/coelectrix.com\/pt-pt\/\",\"name\":\"Coelectrix\",\"description\":\"Componentes el\u00e9ctricos\",\"publisher\":{\"@id\":\"https:\/\/coelectrix.com\/pt-pt\/#organization\"},\"potentialAction\":[{\"@type\":\"SearchAction\",\"target\":{\"@type\":\"EntryPoint\",\"urlTemplate\":\"https:\/\/coelectrix.com\/pt-pt\/?s={search_term_string}\"},\"query-input\":{\"@type\":\"PropertyValueSpecification\",\"valueRequired\":true,\"valueName\":\"search_term_string\"}}],\"inLanguage\":\"pt-PT\"},{\"@type\":\"Organization\",\"@id\":\"https:\/\/coelectrix.com\/pt-pt\/#organization\",\"name\":\"coelectrix.com\",\"url\":\"https:\/\/coelectrix.com\/pt-pt\/\",\"logo\":{\"@type\":\"ImageObject\",\"inLanguage\":\"pt-PT\",\"@id\":\"https:\/\/coelectrix.com\/pt-pt\/#\/schema\/logo\/image\/\",\"url\":\"https:\/\/coelectrix.com\/wp-content\/uploads\/2018\/05\/logo-coelectrix-400x400.jpg\",\"contentUrl\":\"https:\/\/coelectrix.com\/wp-content\/uploads\/2018\/05\/logo-coelectrix-400x400.jpg\",\"width\":300,\"height\":300,\"caption\":\"coelectrix.com\"},\"image\":{\"@id\":\"https:\/\/coelectrix.com\/pt-pt\/#\/schema\/logo\/image\/\"}}]}<\/script>\n<!-- \/ Yoast SEO plugin. -->","yoast_head_json":{"title":"\u25b7 Carregador Booster Isolado Orion Tr Smart 12\/12 18A","description":"Comprar Orion Tr Smart 12\/12 18A Isolated Charger Booster 12\/12 18A Isolated | Envio 24\/48 horas | Loja online l\u00edder em eletr\u00f3nica autom\u00f3vel \u27a4 Melhor pre\u00e7o online.","robots":{"index":"index","follow":"follow","max-snippet":"max-snippet:-1","max-image-preview":"max-image-preview:large","max-video-preview":"max-video-preview:-1"},"canonical":"https:\/\/coelectrix.com\/pt-pt\/produto\/carregador-reforco-orion-tr-smart-12-12-18a","og_locale":"pt_PT","og_type":"article","og_title":"\u25b7 Carregador Booster Isolado Orion Tr Smart 12\/12 18A","og_description":"Comprar Orion Tr Smart 12\/12 18A Isolated Charger Booster 12\/12 18A Isolated | Envio 24\/48 horas | Loja online l\u00edder em eletr\u00f3nica autom\u00f3vel \u27a4 Melhor pre\u00e7o online.","og_url":"https:\/\/coelectrix.com\/pt-pt\/produto\/carregador-reforco-orion-tr-smart-12-12-18a","og_site_name":"Coelectrix","article_modified_time":"2025-08-19T04:03:36+00:00","og_image":[{"width":600,"height":600,"url":"https:\/\/coelectrix.com\/wp-content\/uploads\/2021\/06\/booster-orion_tr-smart-12_12-18a-aislado-victron.jpg","type":"image\/jpeg"}],"twitter_card":"summary_large_image","twitter_misc":{"Tempo estimado de leitura":"1 minuto"},"schema":{"@context":"https:\/\/schema.org","@graph":[{"@type":"WebPage","@id":"https:\/\/coelectrix.com\/pt-pt\/produto\/carregador-reforco-orion-tr-smart-12-12-18a","url":"https:\/\/coelectrix.com\/pt-pt\/produto\/carregador-reforco-orion-tr-smart-12-12-18a","name":"\u25b7 Carregador Booster Isolado Orion Tr Smart 12\/12 18A","isPartOf":{"@id":"https:\/\/coelectrix.com\/pt-pt\/#website"},"primaryImageOfPage":{"@id":"https:\/\/coelectrix.com\/pt-pt\/produto\/carregador-reforco-orion-tr-smart-12-12-18a#primaryimage"},"image":{"@id":"https:\/\/coelectrix.com\/pt-pt\/produto\/carregador-reforco-orion-tr-smart-12-12-18a#primaryimage"},"thumbnailUrl":"https:\/\/coelectrix.com\/wp-content\/uploads\/2021\/06\/booster-orion_tr-smart-12_12-18a-aislado-victron.jpg","datePublished":"2021-06-26T04:56:32+00:00","dateModified":"2025-08-19T04:03:36+00:00","description":"Comprar Orion Tr Smart 12\/12 18A Isolated Charger Booster 12\/12 18A Isolated | Envio 24\/48 horas | Loja online l\u00edder em eletr\u00f3nica autom\u00f3vel \u27a4 Melhor pre\u00e7o online.","breadcrumb":{"@id":"https:\/\/coelectrix.com\/pt-pt\/produto\/carregador-reforco-orion-tr-smart-12-12-18a#breadcrumb"},"inLanguage":"pt-PT","potentialAction":[{"@type":"ReadAction","target":["https:\/\/coelectrix.com\/pt-pt\/produto\/carregador-reforco-orion-tr-smart-12-12-18a"]}]},{"@type":"ImageObject","inLanguage":"pt-PT","@id":"https:\/\/coelectrix.com\/pt-pt\/produto\/carregador-reforco-orion-tr-smart-12-12-18a#primaryimage","url":"https:\/\/coelectrix.com\/wp-content\/uploads\/2021\/06\/booster-orion_tr-smart-12_12-18a-aislado-victron.jpg","contentUrl":"https:\/\/coelectrix.com\/wp-content\/uploads\/2021\/06\/booster-orion_tr-smart-12_12-18a-aislado-victron.jpg","width":600,"height":600,"caption":"comprar carregador Booster Orion Tr Smart 12\/12 18A"},{"@type":"BreadcrumbList","@id":"https:\/\/coelectrix.com\/pt-pt\/produto\/carregador-reforco-orion-tr-smart-12-12-18a#breadcrumb","itemListElement":[{"@type":"ListItem","position":1,"name":"Portada","item":"https:\/\/coelectrix.com\/"},{"@type":"ListItem","position":2,"name":"Loja","item":"https:\/\/coelectrix.com\/pt-pt\/loja"},{"@type":"ListItem","position":3,"name":"Carregador Booster Isolado Orion Tr Smart 12\/12 18A"}]},{"@type":"WebSite","@id":"https:\/\/coelectrix.com\/pt-pt\/#website","url":"https:\/\/coelectrix.com\/pt-pt\/","name":"Coelectrix","description":"Componentes el\u00e9ctricos","publisher":{"@id":"https:\/\/coelectrix.com\/pt-pt\/#organization"},"potentialAction":[{"@type":"SearchAction","target":{"@type":"EntryPoint","urlTemplate":"https:\/\/coelectrix.com\/pt-pt\/?s={search_term_string}"},"query-input":{"@type":"PropertyValueSpecification","valueRequired":true,"valueName":"search_term_string"}}],"inLanguage":"pt-PT"},{"@type":"Organization","@id":"https:\/\/coelectrix.com\/pt-pt\/#organization","name":"coelectrix.com","url":"https:\/\/coelectrix.com\/pt-pt\/","logo":{"@type":"ImageObject","inLanguage":"pt-PT","@id":"https:\/\/coelectrix.com\/pt-pt\/#\/schema\/logo\/image\/","url":"https:\/\/coelectrix.com\/wp-content\/uploads\/2018\/05\/logo-coelectrix-400x400.jpg","contentUrl":"https:\/\/coelectrix.com\/wp-content\/uploads\/2018\/05\/logo-coelectrix-400x400.jpg","width":300,"height":300,"caption":"coelectrix.com"},"image":{"@id":"https:\/\/coelectrix.com\/pt-pt\/#\/schema\/logo\/image\/"}}]}},"_links":{"self":[{"href":"https:\/\/coelectrix.com\/pt-pt\/wp-json\/wp\/v2\/product\/75264","targetHints":{"allow":["GET"]}}],"collection":[{"href":"https:\/\/coelectrix.com\/pt-pt\/wp-json\/wp\/v2\/product"}],"about":[{"href":"https:\/\/coelectrix.com\/pt-pt\/wp-json\/wp\/v2\/types\/product"}],"version-history":[{"count":1,"href":"https:\/\/coelectrix.com\/pt-pt\/wp-json\/wp\/v2\/product\/75264\/revisions"}],"predecessor-version":[{"id":75344,"href":"https:\/\/coelectrix.com\/pt-pt\/wp-json\/wp\/v2\/product\/75264\/revisions\/75344"}],"wp:featuredmedia":[{"embeddable":true,"href":"https:\/\/coelectrix.com\/pt-pt\/wp-json\/wp\/v2\/media\/73750"}],"wp:attachment":[{"href":"https:\/\/coelectrix.com\/pt-pt\/wp-json\/wp\/v2\/media?parent=75264"}],"wp:term":[{"taxonomy":"product_brand","embeddable":true,"href":"https:\/\/coelectrix.com\/pt-pt\/wp-json\/wp\/v2\/product_brand?post=75264"},{"taxonomy":"product_cat","embeddable":true,"href":"https:\/\/coelectrix.com\/pt-pt\/wp-json\/wp\/v2\/product_cat?post=75264"},{"taxonomy":"product_tag","embeddable":true,"href":"https:\/\/coelectrix.com\/pt-pt\/wp-json\/wp\/v2\/product_tag?post=75264"}],"curies":[{"name":"wp","href":"https:\/\/api.w.org\/{rel}","templated":true}]}}