{"id":75268,"date":"2021-05-15T09:56:52","date_gmt":"2021-05-15T07:56:52","guid":{"rendered":"https:\/\/coelectrix.com\/producto\/carregador-de-baterias-blue-smart-ip65-220v-12-10-conetor-dc"},"modified":"2025-08-19T06:03:37","modified_gmt":"2025-08-19T04:03:37","slug":"carregador-de-baterias-blue-smart-ip65-220v-12-10-conetor-dc","status":"publish","type":"product","link":"https:\/\/coelectrix.com\/pt-pt\/produto\/carregador-de-pilhas-azul-smart-ip65-220v-12-10-conetor-dc","title":{"rendered":"Carregador de baterias Blue Smart IP65 220V 12\/10 + conetor DC"},"content":{"rendered":"<h2><strong>Carregador inteligente IP65 12V 10A + conetor DC &#8211; 220V Victron Energy<\/strong><\/h2>\n<p>O<strong>Blue Smart IP65 Charger 12V 10A + conetor DC <\/strong> \u00e9 o novo <strong>carregador de bateria<\/strong> profissional com Bluetooth incorporado. O carregador <strong>Blue Smart IP65<\/strong> pode ser utilizado em dispositivos na sua oficina e em ve\u00edculos motorizados, tais como carros cl\u00e1ssicos, motas, barcos e autocaravanas.<\/p>\n<h3><strong>A bateria \u00e9 carregada, de forma inteligente &#8230; em perfeitas condi\u00e7\u00f5es.<\/strong><\/h3>\n<div>\n<p>O algoritmo de carregamento em sete etapas tira o melhor partido da sua bateria. O<strong> carregador<\/strong> fornece \u00e0 bateria a energia de que necessita, mant\u00e9m a sua sa\u00fade, assegura um melhor desempenho &#8230; e uma vida mais longa.<\/p>\n<h5>Carater\u00edsticas gerais<\/h5>\n<ul>\n<li>Resistente \u00e0 \u00e1gua, ao p\u00f3 e aos produtos qu\u00edmicos<\/li>\n<li>Algoritmo de carregamento inteligente em sete etapas<\/li>\n<li>Recupera\u00e7\u00e3o de baterias &#8220;mortas&#8221; totalmente descarregadas<\/li>\n<li>Fun\u00e7\u00e3o de alimenta\u00e7\u00e3o autom\u00e1tica<\/li>\n<li>Altamente resistente ao frio: at\u00e9 -30\u00b0C<\/li>\n<li>Outras carater\u00edsticas que melhoram a vida \u00fatil da bateria<\/li>\n<li>Modo de baixa pot\u00eancia para carregar baterias mais pequenas<\/li>\n<li>Modo de bateria de i\u00f5es de l\u00edtio<\/li>\n<li>Instala\u00e7\u00e3o e configura\u00e7\u00e3o, leitura da tens\u00e3o e da corrente atrav\u00e9s de Bluetooth Smart<\/li>\n<\/ul>\n<h3><strong>Recupera\u00e7\u00e3o de baterias profundamente descarregadas<\/strong><\/h3>\n<div>\n<p>Ao contr\u00e1rio de outras marcas, o carregador <strong>Blue Smart IP65 <\/strong>tentar\u00e1 recarregar uma bateria profundamente descarregada, alimentando-a \u00e0 for\u00e7a com uma corrente baixa. O carregamento normal ser\u00e1 retomado assim que houver tens\u00e3o suficiente nos terminais da bateria.<\/p>\n<h3><strong>Ligue a bateria com facilidade.<\/strong><\/h3>\n<div>\n<p>O carregador \u00e9 fornecido com clipes de crocodilo e ilh\u00f3s M8, facilitando a liga\u00e7\u00e3o \u00e0 bateria. Se desejar, pode deix\u00e1-lo permanentemente ligado.<\/p>\n<h3><strong>Verifique o estado da sua bateria \u00e0 dist\u00e2ncia.<\/strong><\/h3>\n<div>\n<p>O Blue Smart <strong>IP65<\/strong> est\u00e1 equipado com <strong>Bluetooth incorporado<\/strong>, pelo que o estado do carregador e da bateria pode ser verificado num smartphone, tablet ou computador port\u00e1til. Todas as defini\u00e7\u00f5es do carregador podem ser configuradas com a aplica\u00e7\u00e3o VictronConnect.<\/p>\n<\/div>\n<\/div>\n<\/div>\n<\/div>\n","protected":false},"excerpt":{"rendered":"<p>O<strong>carregador Blue Smart IP65 12V 10A + conetor DC <\/strong> \u00e9 o novo <strong>carregador de bateria<\/strong> profissional com Bluetooth incorporado. O carregador <strong>Blue Smart IP65<\/strong> pode ser utilizado em aparelhos na sua oficina e em ve\u00edculos a motor, como carros cl\u00e1ssicos, motas, barcos e autocaravanas.<\/p>\n","protected":false},"featured_media":73528,"template":"","meta":{"_acf_changed":false},"product_brand":[],"product_cat":[1342,1338],"product_tag":[],"class_list":{"0":"post-75268","1":"product","2":"type-product","3":"status-publish","4":"has-post-thumbnail","6":"product_cat-carregadores-de-bateria","7":"product_cat-victron-energia","9":"first","10":"instock","11":"taxable","12":"shipping-taxable","13":"purchasable","14":"product-type-simple"},"acf":[],"yoast_head":"<!-- This site is optimized with the Yoast SEO plugin v27.2 - https:\/\/yoast.com\/product\/yoast-seo-wordpress\/ -->\n<title>\u25b7 Carregador de baterias Blue Smart IP65 220V 12\/10 + conetor DC | Coelectrix.com<\/title>\n<meta name=\"description\" content=\"O carregador Blue Smart IP65 12V 10A + conetor DC \u00e9 o novo carregador de bateria profissional com Bluetooth incorporado.\" \/>\n<meta name=\"robots\" content=\"index, follow, max-snippet:-1, max-image-preview:large, max-video-preview:-1\" \/>\n<link rel=\"canonical\" href=\"https:\/\/coelectrix.com\/pt-pt\/produto\/carregador-de-pilhas-azul-smart-ip65-220v-12-10-conetor-dc\" \/>\n<meta property=\"og:locale\" content=\"pt_PT\" \/>\n<meta property=\"og:type\" content=\"article\" \/>\n<meta property=\"og:title\" content=\"\u25b7 Carregador de baterias Blue Smart IP65 220V 12\/10 + conetor DC | Coelectrix.com\" \/>\n<meta property=\"og:description\" content=\"O carregador Blue Smart IP65 12V 10A + conetor DC \u00e9 o novo carregador de bateria profissional com Bluetooth incorporado.\" \/>\n<meta property=\"og:url\" content=\"https:\/\/coelectrix.com\/pt-pt\/produto\/carregador-de-pilhas-azul-smart-ip65-220v-12-10-conetor-dc\" \/>\n<meta property=\"og:site_name\" content=\"Coelectrix\" \/>\n<meta property=\"article:modified_time\" content=\"2025-08-19T04:03:37+00:00\" \/>\n<meta property=\"og:image\" content=\"https:\/\/coelectrix.com\/wp-content\/uploads\/2021\/05\/Cargador-de-Baterias-Blue-Smart-IP65.jpg\" \/>\n\t<meta property=\"og:image:width\" content=\"800\" \/>\n\t<meta property=\"og:image:height\" content=\"600\" \/>\n\t<meta property=\"og:image:type\" content=\"image\/jpeg\" \/>\n<meta name=\"twitter:card\" content=\"summary_large_image\" \/>\n<meta name=\"twitter:label1\" content=\"Tempo estimado de leitura\" \/>\n\t<meta name=\"twitter:data1\" content=\"2 minutos\" \/>\n<script type=\"application\/ld+json\" class=\"yoast-schema-graph\">{\"@context\":\"https:\/\/schema.org\",\"@graph\":[{\"@type\":\"WebPage\",\"@id\":\"https:\/\/coelectrix.com\/pt-pt\/produto\/carregador-de-pilhas-azul-smart-ip65-220v-12-10-conetor-dc\",\"url\":\"https:\/\/coelectrix.com\/pt-pt\/produto\/carregador-de-pilhas-azul-smart-ip65-220v-12-10-conetor-dc\",\"name\":\"\u25b7 Carregador de baterias Blue Smart IP65 220V 12\/10 + conetor DC | Coelectrix.com\",\"isPartOf\":{\"@id\":\"https:\/\/coelectrix.com\/pt-pt\/#website\"},\"primaryImageOfPage\":{\"@id\":\"https:\/\/coelectrix.com\/pt-pt\/produto\/carregador-de-pilhas-azul-smart-ip65-220v-12-10-conetor-dc#primaryimage\"},\"image\":{\"@id\":\"https:\/\/coelectrix.com\/pt-pt\/produto\/carregador-de-pilhas-azul-smart-ip65-220v-12-10-conetor-dc#primaryimage\"},\"thumbnailUrl\":\"https:\/\/coelectrix.com\/wp-content\/uploads\/2021\/05\/Cargador-de-Baterias-Blue-Smart-IP65.jpg\",\"datePublished\":\"2021-05-15T07:56:52+00:00\",\"dateModified\":\"2025-08-19T04:03:37+00:00\",\"description\":\"O carregador Blue Smart IP65 12V 10A + conetor DC \u00e9 o novo carregador de bateria profissional com Bluetooth incorporado.\",\"breadcrumb\":{\"@id\":\"https:\/\/coelectrix.com\/pt-pt\/produto\/carregador-de-pilhas-azul-smart-ip65-220v-12-10-conetor-dc#breadcrumb\"},\"inLanguage\":\"pt-PT\",\"potentialAction\":[{\"@type\":\"ReadAction\",\"target\":[\"https:\/\/coelectrix.com\/pt-pt\/produto\/carregador-de-pilhas-azul-smart-ip65-220v-12-10-conetor-dc\"]}]},{\"@type\":\"ImageObject\",\"inLanguage\":\"pt-PT\",\"@id\":\"https:\/\/coelectrix.com\/pt-pt\/produto\/carregador-de-pilhas-azul-smart-ip65-220v-12-10-conetor-dc#primaryimage\",\"url\":\"https:\/\/coelectrix.com\/wp-content\/uploads\/2021\/05\/Cargador-de-Baterias-Blue-Smart-IP65.jpg\",\"contentUrl\":\"https:\/\/coelectrix.com\/wp-content\/uploads\/2021\/05\/Cargador-de-Baterias-Blue-Smart-IP65.jpg\",\"width\":800,\"height\":600,\"caption\":\"Carregador de bateria Blue Smart IP65\"},{\"@type\":\"BreadcrumbList\",\"@id\":\"https:\/\/coelectrix.com\/pt-pt\/produto\/carregador-de-pilhas-azul-smart-ip65-220v-12-10-conetor-dc#breadcrumb\",\"itemListElement\":[{\"@type\":\"ListItem\",\"position\":1,\"name\":\"Portada\",\"item\":\"https:\/\/coelectrix.com\/\"},{\"@type\":\"ListItem\",\"position\":2,\"name\":\"Loja\",\"item\":\"https:\/\/coelectrix.com\/pt-pt\/loja\"},{\"@type\":\"ListItem\",\"position\":3,\"name\":\"Carregador de baterias Blue Smart IP65 220V 12\/10 + conetor DC\"}]},{\"@type\":\"WebSite\",\"@id\":\"https:\/\/coelectrix.com\/pt-pt\/#website\",\"url\":\"https:\/\/coelectrix.com\/pt-pt\/\",\"name\":\"Coelectrix\",\"description\":\"Componentes el\u00e9ctricos\",\"publisher\":{\"@id\":\"https:\/\/coelectrix.com\/pt-pt\/#organization\"},\"potentialAction\":[{\"@type\":\"SearchAction\",\"target\":{\"@type\":\"EntryPoint\",\"urlTemplate\":\"https:\/\/coelectrix.com\/pt-pt\/?s={search_term_string}\"},\"query-input\":{\"@type\":\"PropertyValueSpecification\",\"valueRequired\":true,\"valueName\":\"search_term_string\"}}],\"inLanguage\":\"pt-PT\"},{\"@type\":\"Organization\",\"@id\":\"https:\/\/coelectrix.com\/pt-pt\/#organization\",\"name\":\"coelectrix.com\",\"url\":\"https:\/\/coelectrix.com\/pt-pt\/\",\"logo\":{\"@type\":\"ImageObject\",\"inLanguage\":\"pt-PT\",\"@id\":\"https:\/\/coelectrix.com\/pt-pt\/#\/schema\/logo\/image\/\",\"url\":\"https:\/\/coelectrix.com\/wp-content\/uploads\/2018\/05\/logo-coelectrix-400x400.jpg\",\"contentUrl\":\"https:\/\/coelectrix.com\/wp-content\/uploads\/2018\/05\/logo-coelectrix-400x400.jpg\",\"width\":300,\"height\":300,\"caption\":\"coelectrix.com\"},\"image\":{\"@id\":\"https:\/\/coelectrix.com\/pt-pt\/#\/schema\/logo\/image\/\"}}]}<\/script>\n<!-- \/ Yoast SEO plugin. -->","yoast_head_json":{"title":"\u25b7 Carregador de baterias Blue Smart IP65 220V 12\/10 + conetor DC | Coelectrix.com","description":"O carregador Blue Smart IP65 12V 10A + conetor DC \u00e9 o novo carregador de bateria profissional com Bluetooth incorporado.","robots":{"index":"index","follow":"follow","max-snippet":"max-snippet:-1","max-image-preview":"max-image-preview:large","max-video-preview":"max-video-preview:-1"},"canonical":"https:\/\/coelectrix.com\/pt-pt\/produto\/carregador-de-pilhas-azul-smart-ip65-220v-12-10-conetor-dc","og_locale":"pt_PT","og_type":"article","og_title":"\u25b7 Carregador de baterias Blue Smart IP65 220V 12\/10 + conetor DC | Coelectrix.com","og_description":"O carregador Blue Smart IP65 12V 10A + conetor DC \u00e9 o novo carregador de bateria profissional com Bluetooth incorporado.","og_url":"https:\/\/coelectrix.com\/pt-pt\/produto\/carregador-de-pilhas-azul-smart-ip65-220v-12-10-conetor-dc","og_site_name":"Coelectrix","article_modified_time":"2025-08-19T04:03:37+00:00","og_image":[{"width":800,"height":600,"url":"https:\/\/coelectrix.com\/wp-content\/uploads\/2021\/05\/Cargador-de-Baterias-Blue-Smart-IP65.jpg","type":"image\/jpeg"}],"twitter_card":"summary_large_image","twitter_misc":{"Tempo estimado de leitura":"2 minutos"},"schema":{"@context":"https:\/\/schema.org","@graph":[{"@type":"WebPage","@id":"https:\/\/coelectrix.com\/pt-pt\/produto\/carregador-de-pilhas-azul-smart-ip65-220v-12-10-conetor-dc","url":"https:\/\/coelectrix.com\/pt-pt\/produto\/carregador-de-pilhas-azul-smart-ip65-220v-12-10-conetor-dc","name":"\u25b7 Carregador de baterias Blue Smart IP65 220V 12\/10 + conetor DC | Coelectrix.com","isPartOf":{"@id":"https:\/\/coelectrix.com\/pt-pt\/#website"},"primaryImageOfPage":{"@id":"https:\/\/coelectrix.com\/pt-pt\/produto\/carregador-de-pilhas-azul-smart-ip65-220v-12-10-conetor-dc#primaryimage"},"image":{"@id":"https:\/\/coelectrix.com\/pt-pt\/produto\/carregador-de-pilhas-azul-smart-ip65-220v-12-10-conetor-dc#primaryimage"},"thumbnailUrl":"https:\/\/coelectrix.com\/wp-content\/uploads\/2021\/05\/Cargador-de-Baterias-Blue-Smart-IP65.jpg","datePublished":"2021-05-15T07:56:52+00:00","dateModified":"2025-08-19T04:03:37+00:00","description":"O carregador Blue Smart IP65 12V 10A + conetor DC \u00e9 o novo carregador de bateria profissional com Bluetooth incorporado.","breadcrumb":{"@id":"https:\/\/coelectrix.com\/pt-pt\/produto\/carregador-de-pilhas-azul-smart-ip65-220v-12-10-conetor-dc#breadcrumb"},"inLanguage":"pt-PT","potentialAction":[{"@type":"ReadAction","target":["https:\/\/coelectrix.com\/pt-pt\/produto\/carregador-de-pilhas-azul-smart-ip65-220v-12-10-conetor-dc"]}]},{"@type":"ImageObject","inLanguage":"pt-PT","@id":"https:\/\/coelectrix.com\/pt-pt\/produto\/carregador-de-pilhas-azul-smart-ip65-220v-12-10-conetor-dc#primaryimage","url":"https:\/\/coelectrix.com\/wp-content\/uploads\/2021\/05\/Cargador-de-Baterias-Blue-Smart-IP65.jpg","contentUrl":"https:\/\/coelectrix.com\/wp-content\/uploads\/2021\/05\/Cargador-de-Baterias-Blue-Smart-IP65.jpg","width":800,"height":600,"caption":"Carregador de bateria Blue Smart IP65"},{"@type":"BreadcrumbList","@id":"https:\/\/coelectrix.com\/pt-pt\/produto\/carregador-de-pilhas-azul-smart-ip65-220v-12-10-conetor-dc#breadcrumb","itemListElement":[{"@type":"ListItem","position":1,"name":"Portada","item":"https:\/\/coelectrix.com\/"},{"@type":"ListItem","position":2,"name":"Loja","item":"https:\/\/coelectrix.com\/pt-pt\/loja"},{"@type":"ListItem","position":3,"name":"Carregador de baterias Blue Smart IP65 220V 12\/10 + conetor DC"}]},{"@type":"WebSite","@id":"https:\/\/coelectrix.com\/pt-pt\/#website","url":"https:\/\/coelectrix.com\/pt-pt\/","name":"Coelectrix","description":"Componentes el\u00e9ctricos","publisher":{"@id":"https:\/\/coelectrix.com\/pt-pt\/#organization"},"potentialAction":[{"@type":"SearchAction","target":{"@type":"EntryPoint","urlTemplate":"https:\/\/coelectrix.com\/pt-pt\/?s={search_term_string}"},"query-input":{"@type":"PropertyValueSpecification","valueRequired":true,"valueName":"search_term_string"}}],"inLanguage":"pt-PT"},{"@type":"Organization","@id":"https:\/\/coelectrix.com\/pt-pt\/#organization","name":"coelectrix.com","url":"https:\/\/coelectrix.com\/pt-pt\/","logo":{"@type":"ImageObject","inLanguage":"pt-PT","@id":"https:\/\/coelectrix.com\/pt-pt\/#\/schema\/logo\/image\/","url":"https:\/\/coelectrix.com\/wp-content\/uploads\/2018\/05\/logo-coelectrix-400x400.jpg","contentUrl":"https:\/\/coelectrix.com\/wp-content\/uploads\/2018\/05\/logo-coelectrix-400x400.jpg","width":300,"height":300,"caption":"coelectrix.com"},"image":{"@id":"https:\/\/coelectrix.com\/pt-pt\/#\/schema\/logo\/image\/"}}]}},"_links":{"self":[{"href":"https:\/\/coelectrix.com\/pt-pt\/wp-json\/wp\/v2\/product\/75268","targetHints":{"allow":["GET"]}}],"collection":[{"href":"https:\/\/coelectrix.com\/pt-pt\/wp-json\/wp\/v2\/product"}],"about":[{"href":"https:\/\/coelectrix.com\/pt-pt\/wp-json\/wp\/v2\/types\/product"}],"version-history":[{"count":1,"href":"https:\/\/coelectrix.com\/pt-pt\/wp-json\/wp\/v2\/product\/75268\/revisions"}],"predecessor-version":[{"id":75347,"href":"https:\/\/coelectrix.com\/pt-pt\/wp-json\/wp\/v2\/product\/75268\/revisions\/75347"}],"wp:featuredmedia":[{"embeddable":true,"href":"https:\/\/coelectrix.com\/pt-pt\/wp-json\/wp\/v2\/media\/73528"}],"wp:attachment":[{"href":"https:\/\/coelectrix.com\/pt-pt\/wp-json\/wp\/v2\/media?parent=75268"}],"wp:term":[{"taxonomy":"product_brand","embeddable":true,"href":"https:\/\/coelectrix.com\/pt-pt\/wp-json\/wp\/v2\/product_brand?post=75268"},{"taxonomy":"product_cat","embeddable":true,"href":"https:\/\/coelectrix.com\/pt-pt\/wp-json\/wp\/v2\/product_cat?post=75268"},{"taxonomy":"product_tag","embeddable":true,"href":"https:\/\/coelectrix.com\/pt-pt\/wp-json\/wp\/v2\/product_tag?post=75268"}],"curies":[{"name":"wp","href":"https:\/\/api.w.org\/{rel}","templated":true}]}}