{"id":75412,"date":"2025-05-26T13:24:03","date_gmt":"2025-05-26T11:24:03","guid":{"rendered":"https:\/\/coelectrix.com\/producto\/tecido-para-cobertura-de-altifalantes-branco-padrao-100-terylene-poliester"},"modified":"2025-08-19T05:57:05","modified_gmt":"2025-08-19T03:57:05","slug":"tecido-para-cobertura-de-altifalantes-branco-padrao-100-terylene-poliester","status":"publish","type":"product","link":"https:\/\/coelectrix.com\/pt-pt\/produto\/tecido-de-cobertura-de-altifalantes-branco-padrao-100-terileno-branco-padrao-100-terileno","title":{"rendered":"Tecido para cobertura de altifalantes Branco padr\u00e3o 100 % Terylene ( Poli\u00e9ster )"},"content":{"rendered":"<h2><strong>Tecido para cobertura de altifalantes Branco 100% Terylene ( Poli\u00e9ster )<\/strong><\/h2>\n<p data-start=\"250\" data-end=\"608\">Tecido t\u00e9cnico de alto desempenho, especialmente concebido para aplica\u00e7\u00f5es onde se exige <strong data-start=\"343\" data-end=\"369\">transpar\u00eancia ac\u00fastica<\/strong>, <strong data-start=\"371\" data-end=\"397\">resist\u00eancia a l\u00edquidos<\/strong> e <strong data-start=\"400\" data-end=\"429\">seguran\u00e7a contra inc\u00eandios<\/strong>. Ideal para a cobertura de altifalantes, estruturas ac\u00fasticas, mobili\u00e1rio t\u00e9cnico, espa\u00e7os p\u00fablicos ou eventos. Cumpre as normas de qualidade europeias e \u00e9 fabricado pela <strong data-start=\"593\" data-end=\"607\">RC (China)<\/strong>.<\/p>\n<p data-start=\"610\" data-end=\"642\"><strong data-start=\"610\" data-end=\"642\">Carater\u00edsticas principais:<\/strong><\/p>\n<ul data-start=\"643\" data-end=\"1107\">\n<li data-start=\"643\" data-end=\"716\">\n<p data-start=\"645\" data-end=\"716\"><strong data-start=\"648\" data-end=\"675\">Transparente ao som:<\/strong> n\u00e3o interfere com a transmiss\u00e3o ac\u00fastica.<\/p>\n<\/li>\n<li data-start=\"717\" data-end=\"783\">\n<p data-start=\"719\" data-end=\"783\"><strong data-start=\"722\" data-end=\"747\">Repelente de l\u00edquidos:<\/strong> resistente aos salpicos e \u00e0 humidade<\/p>\n<\/li>\n<li data-start=\"784\" data-end=\"854\">\n<p data-start=\"786\" data-end=\"854\"><strong data-start=\"789\" data-end=\"813\">Retardador de chama:<\/strong> em conformidade com a norma EN ISO 105-B02: 4-5<\/p>\n<\/li>\n<li data-start=\"855\" data-end=\"923\">\n<p data-start=\"857\" data-end=\"923\"><strong data-start=\"860\" data-end=\"885\">Lav\u00e1vel e resistente:<\/strong> n\u00e3o se deforma com o uso ou a lavagem<\/p>\n<\/li>\n<li data-start=\"924\" data-end=\"945\">\n<p data-start=\"926\" data-end=\"945\"><strong data-start=\"928\" data-end=\"938\">Cor:<\/strong> branco<\/p>\n<\/li>\n<li data-start=\"946\" data-end=\"984\">\n<p data-start=\"948\" data-end=\"984\"><strong data-start=\"951\" data-end=\"972\">Dimens\u00f5es standard:<\/strong> 140 x 91 cm<\/p>\n<\/li>\n<li data-start=\"985\" data-end=\"1008\">\n<p data-start=\"987\" data-end=\"1008\"><strong data-start=\"990\" data-end=\"999\">Peso:<\/strong> 190 g\/m\u00b2.<\/p>\n<\/li>\n<li data-start=\"1009\" data-end=\"1033\">\n<p data-start=\"1011\" data-end=\"1033\"><strong data-start=\"1014\" data-end=\"1026\">Espessura:<\/strong> 0,9 mm<\/p>\n<\/li>\n<li data-start=\"1034\" data-end=\"1107\">\n<p data-start=\"1036\" data-end=\"1107\"><strong data-start=\"1040\" data-end=\"1062\">Fixa\u00e7\u00e3o f\u00e1cil:<\/strong> compat\u00edvel com ganchos, agrafos, velcro, etc.<\/p>\n<\/li>\n<\/ul>\n<p data-start=\"1109\" data-end=\"1139\"><strong data-start=\"1109\" data-end=\"1139\">Aplica\u00e7\u00f5es recomendadas:<\/strong><\/p>\n<ul data-start=\"1140\" data-end=\"1292\">\n<li data-start=\"1140\" data-end=\"1177\">\n<p data-start=\"1142\" data-end=\"1177\">Revestimento de altifalantes ou de baffles.<\/p>\n<\/li>\n<li data-start=\"1178\" data-end=\"1209\">\n<p data-start=\"1180\" data-end=\"1209\">Pain\u00e9is ac\u00fasticos decorativos<\/p>\n<\/li>\n<li data-start=\"1210\" data-end=\"1246\">\n<p data-start=\"1212\" data-end=\"1246\">Stands, feiras, escrit\u00f3rios e teatros<\/p>\n<\/li>\n<li data-start=\"1247\" data-end=\"1292\">\n<p data-start=\"1249\" data-end=\"1292\">Projectos de bricolage e personaliza\u00e7\u00e3o de espa\u00e7os<\/p>\n<\/li>\n<\/ul>\n","protected":false},"excerpt":{"rendered":"<ul>\n<li>Tecido transparente ao som<\/li>\n<li>Repelente de l\u00edquidos<\/li>\n<li>Retardador de chama<\/li>\n<li>Sem deforma\u00e7\u00e3o<\/li>\n<li>Lav\u00e1vel<\/li>\n<\/ul>\n<p>Cor: Branco<br \/>\nPeso: 190 g \/m\u00b2.<br \/>\nEspessura: 0,9 mm<br \/>\nPropriedades de acordo com a norma EN ISO 105-B02: 4-5<br \/>\nFixa\u00e7\u00e3o e utiliza\u00e7\u00e3o: ganchos, agrafador, etc.<br \/>\nTamanho standard: 140 x 91 cm ( Branco )<br \/>\nFabricante: RC<br \/>\nPa\u00eds: China<\/p>\n<p><strong>Pode ser cortado no tamanho ou forma desejada. Pedir or\u00e7amento <\/strong><\/p>\n","protected":false},"featured_media":74700,"template":"","meta":{"_acf_changed":false},"product_brand":[],"product_cat":[1392],"product_tag":[],"class_list":{"0":"post-75412","1":"product","2":"type-product","3":"status-publish","4":"has-post-thumbnail","6":"product_cat-fitas","8":"first","9":"instock","10":"taxable","11":"shipping-taxable","12":"purchasable","13":"product-type-simple"},"acf":[],"yoast_head":"<!-- This site is optimized with the Yoast SEO plugin v27.2 - https:\/\/yoast.com\/product\/yoast-seo-wordpress\/ -->\n<title>\u25b7 Tecido para cobertura de altifalantes Branco padr\u00e3o 100 % Terylene ( Poli\u00e9ster ) | Coelectrix.com<\/title>\n<meta name=\"description\" content=\"Tecido transparente ao som, repelente de l\u00edquidos, retardador de chama, n\u00e3o deform\u00e1vel e lav\u00e1vel\" \/>\n<meta name=\"robots\" content=\"index, follow, max-snippet:-1, max-image-preview:large, max-video-preview:-1\" \/>\n<link rel=\"canonical\" href=\"https:\/\/coelectrix.com\/pt-pt\/produto\/tecido-de-cobertura-de-altifalantes-branco-padrao-100-terileno-branco-padrao-100-terileno\" \/>\n<meta property=\"og:locale\" content=\"pt_PT\" \/>\n<meta property=\"og:type\" content=\"article\" \/>\n<meta property=\"og:title\" content=\"\u25b7 Tecido para cobertura de altifalantes Branco padr\u00e3o 100 % Terylene ( Poli\u00e9ster ) | Coelectrix.com\" \/>\n<meta property=\"og:description\" content=\"Tecido transparente ao som, repelente de l\u00edquidos, retardador de chama, n\u00e3o deform\u00e1vel e lav\u00e1vel\" \/>\n<meta property=\"og:url\" content=\"https:\/\/coelectrix.com\/pt-pt\/produto\/tecido-de-cobertura-de-altifalantes-branco-padrao-100-terileno-branco-padrao-100-terileno\" \/>\n<meta property=\"og:site_name\" content=\"Coelectrix\" \/>\n<meta property=\"article:modified_time\" content=\"2025-08-19T03:57:05+00:00\" \/>\n<meta property=\"og:image\" content=\"https:\/\/coelectrix.com\/wp-content\/uploads\/2025\/05\/Proyecto-nuevo-27.jpg\" \/>\n\t<meta property=\"og:image:width\" content=\"600\" \/>\n\t<meta property=\"og:image:height\" content=\"600\" \/>\n\t<meta property=\"og:image:type\" content=\"image\/jpeg\" \/>\n<meta name=\"twitter:card\" content=\"summary_large_image\" \/>\n<meta name=\"twitter:label1\" content=\"Tempo estimado de leitura\" \/>\n\t<meta name=\"twitter:data1\" content=\"1 minuto\" \/>\n<script type=\"application\/ld+json\" class=\"yoast-schema-graph\">{\"@context\":\"https:\/\/schema.org\",\"@graph\":[{\"@type\":\"WebPage\",\"@id\":\"https:\/\/coelectrix.com\/pt-pt\/produto\/tecido-de-cobertura-de-altifalantes-branco-padrao-100-terileno-branco-padrao-100-terileno\",\"url\":\"https:\/\/coelectrix.com\/pt-pt\/produto\/tecido-de-cobertura-de-altifalantes-branco-padrao-100-terileno-branco-padrao-100-terileno\",\"name\":\"\u25b7 Tecido para cobertura de altifalantes Branco padr\u00e3o 100 % Terylene ( Poli\u00e9ster ) | Coelectrix.com\",\"isPartOf\":{\"@id\":\"https:\/\/coelectrix.com\/pt-pt\/#website\"},\"primaryImageOfPage\":{\"@id\":\"https:\/\/coelectrix.com\/pt-pt\/produto\/tecido-de-cobertura-de-altifalantes-branco-padrao-100-terileno-branco-padrao-100-terileno#primaryimage\"},\"image\":{\"@id\":\"https:\/\/coelectrix.com\/pt-pt\/produto\/tecido-de-cobertura-de-altifalantes-branco-padrao-100-terileno-branco-padrao-100-terileno#primaryimage\"},\"thumbnailUrl\":\"https:\/\/coelectrix.com\/wp-content\/uploads\/2025\/05\/Proyecto-nuevo-27.jpg\",\"datePublished\":\"2025-05-26T11:24:03+00:00\",\"dateModified\":\"2025-08-19T03:57:05+00:00\",\"description\":\"Tecido transparente ao som, repelente de l\u00edquidos, retardador de chama, n\u00e3o deform\u00e1vel e lav\u00e1vel\",\"breadcrumb\":{\"@id\":\"https:\/\/coelectrix.com\/pt-pt\/produto\/tecido-de-cobertura-de-altifalantes-branco-padrao-100-terileno-branco-padrao-100-terileno#breadcrumb\"},\"inLanguage\":\"pt-PT\",\"potentialAction\":[{\"@type\":\"ReadAction\",\"target\":[\"https:\/\/coelectrix.com\/pt-pt\/produto\/tecido-de-cobertura-de-altifalantes-branco-padrao-100-terileno-branco-padrao-100-terileno\"]}]},{\"@type\":\"ImageObject\",\"inLanguage\":\"pt-PT\",\"@id\":\"https:\/\/coelectrix.com\/pt-pt\/produto\/tecido-de-cobertura-de-altifalantes-branco-padrao-100-terileno-branco-padrao-100-terileno#primaryimage\",\"url\":\"https:\/\/coelectrix.com\/wp-content\/uploads\/2025\/05\/Proyecto-nuevo-27.jpg\",\"contentUrl\":\"https:\/\/coelectrix.com\/wp-content\/uploads\/2025\/05\/Proyecto-nuevo-27.jpg\",\"width\":600,\"height\":600,\"caption\":\"Tecido da cobertura do altifalante 100 % terileno (poli\u00e9ster)\"},{\"@type\":\"BreadcrumbList\",\"@id\":\"https:\/\/coelectrix.com\/pt-pt\/produto\/tecido-de-cobertura-de-altifalantes-branco-padrao-100-terileno-branco-padrao-100-terileno#breadcrumb\",\"itemListElement\":[{\"@type\":\"ListItem\",\"position\":1,\"name\":\"Portada\",\"item\":\"https:\/\/coelectrix.com\/\"},{\"@type\":\"ListItem\",\"position\":2,\"name\":\"Loja\",\"item\":\"https:\/\/coelectrix.com\/pt-pt\/loja\"},{\"@type\":\"ListItem\",\"position\":3,\"name\":\"Tecido para cobertura de altifalantes Branco padr\u00e3o 100 % Terylene ( Poli\u00e9ster )\"}]},{\"@type\":\"WebSite\",\"@id\":\"https:\/\/coelectrix.com\/pt-pt\/#website\",\"url\":\"https:\/\/coelectrix.com\/pt-pt\/\",\"name\":\"Coelectrix\",\"description\":\"Componentes el\u00e9ctricos\",\"publisher\":{\"@id\":\"https:\/\/coelectrix.com\/pt-pt\/#organization\"},\"potentialAction\":[{\"@type\":\"SearchAction\",\"target\":{\"@type\":\"EntryPoint\",\"urlTemplate\":\"https:\/\/coelectrix.com\/pt-pt\/?s={search_term_string}\"},\"query-input\":{\"@type\":\"PropertyValueSpecification\",\"valueRequired\":true,\"valueName\":\"search_term_string\"}}],\"inLanguage\":\"pt-PT\"},{\"@type\":\"Organization\",\"@id\":\"https:\/\/coelectrix.com\/pt-pt\/#organization\",\"name\":\"coelectrix.com\",\"url\":\"https:\/\/coelectrix.com\/pt-pt\/\",\"logo\":{\"@type\":\"ImageObject\",\"inLanguage\":\"pt-PT\",\"@id\":\"https:\/\/coelectrix.com\/pt-pt\/#\/schema\/logo\/image\/\",\"url\":\"https:\/\/coelectrix.com\/wp-content\/uploads\/2018\/05\/logo-coelectrix-400x400.jpg\",\"contentUrl\":\"https:\/\/coelectrix.com\/wp-content\/uploads\/2018\/05\/logo-coelectrix-400x400.jpg\",\"width\":300,\"height\":300,\"caption\":\"coelectrix.com\"},\"image\":{\"@id\":\"https:\/\/coelectrix.com\/pt-pt\/#\/schema\/logo\/image\/\"}}]}<\/script>\n<!-- \/ Yoast SEO plugin. -->","yoast_head_json":{"title":"\u25b7 Tecido para cobertura de altifalantes Branco padr\u00e3o 100 % Terylene ( Poli\u00e9ster ) | Coelectrix.com","description":"Tecido transparente ao som, repelente de l\u00edquidos, retardador de chama, n\u00e3o deform\u00e1vel e lav\u00e1vel","robots":{"index":"index","follow":"follow","max-snippet":"max-snippet:-1","max-image-preview":"max-image-preview:large","max-video-preview":"max-video-preview:-1"},"canonical":"https:\/\/coelectrix.com\/pt-pt\/produto\/tecido-de-cobertura-de-altifalantes-branco-padrao-100-terileno-branco-padrao-100-terileno","og_locale":"pt_PT","og_type":"article","og_title":"\u25b7 Tecido para cobertura de altifalantes Branco padr\u00e3o 100 % Terylene ( Poli\u00e9ster ) | Coelectrix.com","og_description":"Tecido transparente ao som, repelente de l\u00edquidos, retardador de chama, n\u00e3o deform\u00e1vel e lav\u00e1vel","og_url":"https:\/\/coelectrix.com\/pt-pt\/produto\/tecido-de-cobertura-de-altifalantes-branco-padrao-100-terileno-branco-padrao-100-terileno","og_site_name":"Coelectrix","article_modified_time":"2025-08-19T03:57:05+00:00","og_image":[{"width":600,"height":600,"url":"https:\/\/coelectrix.com\/wp-content\/uploads\/2025\/05\/Proyecto-nuevo-27.jpg","type":"image\/jpeg"}],"twitter_card":"summary_large_image","twitter_misc":{"Tempo estimado de leitura":"1 minuto"},"schema":{"@context":"https:\/\/schema.org","@graph":[{"@type":"WebPage","@id":"https:\/\/coelectrix.com\/pt-pt\/produto\/tecido-de-cobertura-de-altifalantes-branco-padrao-100-terileno-branco-padrao-100-terileno","url":"https:\/\/coelectrix.com\/pt-pt\/produto\/tecido-de-cobertura-de-altifalantes-branco-padrao-100-terileno-branco-padrao-100-terileno","name":"\u25b7 Tecido para cobertura de altifalantes Branco padr\u00e3o 100 % Terylene ( Poli\u00e9ster ) | Coelectrix.com","isPartOf":{"@id":"https:\/\/coelectrix.com\/pt-pt\/#website"},"primaryImageOfPage":{"@id":"https:\/\/coelectrix.com\/pt-pt\/produto\/tecido-de-cobertura-de-altifalantes-branco-padrao-100-terileno-branco-padrao-100-terileno#primaryimage"},"image":{"@id":"https:\/\/coelectrix.com\/pt-pt\/produto\/tecido-de-cobertura-de-altifalantes-branco-padrao-100-terileno-branco-padrao-100-terileno#primaryimage"},"thumbnailUrl":"https:\/\/coelectrix.com\/wp-content\/uploads\/2025\/05\/Proyecto-nuevo-27.jpg","datePublished":"2025-05-26T11:24:03+00:00","dateModified":"2025-08-19T03:57:05+00:00","description":"Tecido transparente ao som, repelente de l\u00edquidos, retardador de chama, n\u00e3o deform\u00e1vel e lav\u00e1vel","breadcrumb":{"@id":"https:\/\/coelectrix.com\/pt-pt\/produto\/tecido-de-cobertura-de-altifalantes-branco-padrao-100-terileno-branco-padrao-100-terileno#breadcrumb"},"inLanguage":"pt-PT","potentialAction":[{"@type":"ReadAction","target":["https:\/\/coelectrix.com\/pt-pt\/produto\/tecido-de-cobertura-de-altifalantes-branco-padrao-100-terileno-branco-padrao-100-terileno"]}]},{"@type":"ImageObject","inLanguage":"pt-PT","@id":"https:\/\/coelectrix.com\/pt-pt\/produto\/tecido-de-cobertura-de-altifalantes-branco-padrao-100-terileno-branco-padrao-100-terileno#primaryimage","url":"https:\/\/coelectrix.com\/wp-content\/uploads\/2025\/05\/Proyecto-nuevo-27.jpg","contentUrl":"https:\/\/coelectrix.com\/wp-content\/uploads\/2025\/05\/Proyecto-nuevo-27.jpg","width":600,"height":600,"caption":"Tecido da cobertura do altifalante 100 % terileno (poli\u00e9ster)"},{"@type":"BreadcrumbList","@id":"https:\/\/coelectrix.com\/pt-pt\/produto\/tecido-de-cobertura-de-altifalantes-branco-padrao-100-terileno-branco-padrao-100-terileno#breadcrumb","itemListElement":[{"@type":"ListItem","position":1,"name":"Portada","item":"https:\/\/coelectrix.com\/"},{"@type":"ListItem","position":2,"name":"Loja","item":"https:\/\/coelectrix.com\/pt-pt\/loja"},{"@type":"ListItem","position":3,"name":"Tecido para cobertura de altifalantes Branco padr\u00e3o 100 % Terylene ( Poli\u00e9ster )"}]},{"@type":"WebSite","@id":"https:\/\/coelectrix.com\/pt-pt\/#website","url":"https:\/\/coelectrix.com\/pt-pt\/","name":"Coelectrix","description":"Componentes el\u00e9ctricos","publisher":{"@id":"https:\/\/coelectrix.com\/pt-pt\/#organization"},"potentialAction":[{"@type":"SearchAction","target":{"@type":"EntryPoint","urlTemplate":"https:\/\/coelectrix.com\/pt-pt\/?s={search_term_string}"},"query-input":{"@type":"PropertyValueSpecification","valueRequired":true,"valueName":"search_term_string"}}],"inLanguage":"pt-PT"},{"@type":"Organization","@id":"https:\/\/coelectrix.com\/pt-pt\/#organization","name":"coelectrix.com","url":"https:\/\/coelectrix.com\/pt-pt\/","logo":{"@type":"ImageObject","inLanguage":"pt-PT","@id":"https:\/\/coelectrix.com\/pt-pt\/#\/schema\/logo\/image\/","url":"https:\/\/coelectrix.com\/wp-content\/uploads\/2018\/05\/logo-coelectrix-400x400.jpg","contentUrl":"https:\/\/coelectrix.com\/wp-content\/uploads\/2018\/05\/logo-coelectrix-400x400.jpg","width":300,"height":300,"caption":"coelectrix.com"},"image":{"@id":"https:\/\/coelectrix.com\/pt-pt\/#\/schema\/logo\/image\/"}}]}},"_links":{"self":[{"href":"https:\/\/coelectrix.com\/pt-pt\/wp-json\/wp\/v2\/product\/75412","targetHints":{"allow":["GET"]}}],"collection":[{"href":"https:\/\/coelectrix.com\/pt-pt\/wp-json\/wp\/v2\/product"}],"about":[{"href":"https:\/\/coelectrix.com\/pt-pt\/wp-json\/wp\/v2\/types\/product"}],"version-history":[{"count":1,"href":"https:\/\/coelectrix.com\/pt-pt\/wp-json\/wp\/v2\/product\/75412\/revisions"}],"predecessor-version":[{"id":76587,"href":"https:\/\/coelectrix.com\/pt-pt\/wp-json\/wp\/v2\/product\/75412\/revisions\/76587"}],"wp:featuredmedia":[{"embeddable":true,"href":"https:\/\/coelectrix.com\/pt-pt\/wp-json\/wp\/v2\/media\/74700"}],"wp:attachment":[{"href":"https:\/\/coelectrix.com\/pt-pt\/wp-json\/wp\/v2\/media?parent=75412"}],"wp:term":[{"taxonomy":"product_brand","embeddable":true,"href":"https:\/\/coelectrix.com\/pt-pt\/wp-json\/wp\/v2\/product_brand?post=75412"},{"taxonomy":"product_cat","embeddable":true,"href":"https:\/\/coelectrix.com\/pt-pt\/wp-json\/wp\/v2\/product_cat?post=75412"},{"taxonomy":"product_tag","embeddable":true,"href":"https:\/\/coelectrix.com\/pt-pt\/wp-json\/wp\/v2\/product_tag?post=75412"}],"curies":[{"name":"wp","href":"https:\/\/api.w.org\/{rel}","templated":true}]}}