{"id":75417,"date":"2016-05-09T12:52:19","date_gmt":"2016-05-09T10:52:19","guid":{"rendered":"https:\/\/coelectrix.com\/producto\/fita-adesiva-de-tecido-para-cablagem"},"modified":"2025-08-19T06:05:56","modified_gmt":"2025-08-19T04:05:56","slug":"fita-adesiva-de-tecido-para-cablagem","status":"publish","type":"product","link":"https:\/\/coelectrix.com\/pt-pt\/produto\/fita-adesiva-para-tecido","title":{"rendered":"Fita adesiva de tecido para cablagem"},"content":{"rendered":"<h2><strong>Comprar fita adesiva de tecido<\/strong><\/h2>\n<p><b>Fita adesiva <\/b>em<b>tecido <\/b>adequada para agrupar <strong>cabos el\u00e9ctricos<\/strong> para prote\u00e7\u00e3o, especialmente quando est\u00e3o sujeitos a fric\u00e7\u00e3o e a temperaturas elevadas, por exemplo, no compartimento do motor.<\/p>\n<ul>\n<li>Resistente \u00e0 abras\u00e3o e ao rasgamento.<\/li>\n<li>Resistente a temperaturas de 40 a 150 graus.<\/li>\n<li>Excelente resist\u00eancia ao envelhecimento e aos produtos qu\u00edmicos.<\/li>\n<li>Sem halog\u00e9neos.<\/li>\n<li>Compat\u00edvel com PVC<\/li>\n<\/ul>\n<p><strong>Tamanho do rolo<\/strong>: 25 metros x 19 mm.<\/p>\n<p>Outras fitas <a href=\"http:\/\/www.coelectrix.com\/cintas\">AQUI<\/a><\/p>\n","protected":false},"excerpt":{"rendered":"<p style=\"text-align: left;\">Fita t\u00eaxtil adesiva para proteger os cabos el\u00e9ctricos.<\/p>\n<p>Rolo de 25 mts. x 19 mm.<\/p>\n","protected":false},"featured_media":72469,"template":"","meta":{"_acf_changed":false},"product_brand":[],"product_cat":[1392],"product_tag":[1437],"class_list":{"0":"post-75417","1":"product","2":"type-product","3":"status-publish","4":"has-post-thumbnail","6":"product_cat-fitas","7":"product_tag-web","9":"first","10":"instock","11":"sale","12":"taxable","13":"shipping-taxable","14":"purchasable","15":"product-type-simple"},"acf":[],"yoast_head":"<!-- This site is optimized with the Yoast SEO plugin v27.2 - https:\/\/yoast.com\/product\/yoast-seo-wordpress\/ -->\n<title>\u25b7 Fita adesiva de tecido para cablagem | Coelectrix.com<\/title>\n<meta name=\"description\" content=\"Fita adesiva em tecido para o agrupamento de fios e cabos el\u00e9ctricos, prote\u00e7\u00e3o contra o atrito e as altas temperaturas \u27a4 Fita em tecido para autom\u00f3veis ao melhor pre\u00e7o.\" \/>\n<meta name=\"robots\" content=\"index, follow, max-snippet:-1, max-image-preview:large, max-video-preview:-1\" \/>\n<link rel=\"canonical\" href=\"https:\/\/coelectrix.com\/pt-pt\/produto\/fita-adesiva-para-tecido\" \/>\n<meta property=\"og:locale\" content=\"pt_PT\" \/>\n<meta property=\"og:type\" content=\"article\" \/>\n<meta property=\"og:title\" content=\"\u25b7 Fita adesiva de tecido para cablagem | Coelectrix.com\" \/>\n<meta property=\"og:description\" content=\"Fita adesiva em tecido para o agrupamento de fios e cabos el\u00e9ctricos, prote\u00e7\u00e3o contra o atrito e as altas temperaturas \u27a4 Fita em tecido para autom\u00f3veis ao melhor pre\u00e7o.\" \/>\n<meta property=\"og:url\" content=\"https:\/\/coelectrix.com\/pt-pt\/produto\/fita-adesiva-para-tecido\" \/>\n<meta property=\"og:site_name\" content=\"Coelectrix\" \/>\n<meta property=\"article:modified_time\" content=\"2025-08-19T04:05:56+00:00\" \/>\n<meta property=\"og:image\" content=\"https:\/\/coelectrix.com\/wp-content\/uploads\/2016\/05\/cinta-de-tela.jpg\" \/>\n\t<meta property=\"og:image:width\" content=\"600\" \/>\n\t<meta property=\"og:image:height\" content=\"600\" \/>\n\t<meta property=\"og:image:type\" content=\"image\/jpeg\" \/>\n<meta name=\"twitter:card\" content=\"summary_large_image\" \/>\n<script type=\"application\/ld+json\" class=\"yoast-schema-graph\">{\"@context\":\"https:\/\/schema.org\",\"@graph\":[{\"@type\":\"WebPage\",\"@id\":\"https:\/\/coelectrix.com\/pt-pt\/produto\/fita-adesiva-para-tecido\",\"url\":\"https:\/\/coelectrix.com\/pt-pt\/produto\/fita-adesiva-para-tecido\",\"name\":\"\u25b7 Fita adesiva de tecido para cablagem | Coelectrix.com\",\"isPartOf\":{\"@id\":\"https:\/\/coelectrix.com\/pt-pt\/#website\"},\"primaryImageOfPage\":{\"@id\":\"https:\/\/coelectrix.com\/pt-pt\/produto\/fita-adesiva-para-tecido#primaryimage\"},\"image\":{\"@id\":\"https:\/\/coelectrix.com\/pt-pt\/produto\/fita-adesiva-para-tecido#primaryimage\"},\"thumbnailUrl\":\"https:\/\/coelectrix.com\/wp-content\/uploads\/2016\/05\/cinta-de-tela.jpg\",\"datePublished\":\"2016-05-09T10:52:19+00:00\",\"dateModified\":\"2025-08-19T04:05:56+00:00\",\"description\":\"Fita adesiva em tecido para o agrupamento de fios e cabos el\u00e9ctricos, prote\u00e7\u00e3o contra o atrito e as altas temperaturas \u27a4 Fita em tecido para autom\u00f3veis ao melhor pre\u00e7o.\",\"breadcrumb\":{\"@id\":\"https:\/\/coelectrix.com\/pt-pt\/produto\/fita-adesiva-para-tecido#breadcrumb\"},\"inLanguage\":\"pt-PT\",\"potentialAction\":[{\"@type\":\"ReadAction\",\"target\":[\"https:\/\/coelectrix.com\/pt-pt\/produto\/fita-adesiva-para-tecido\"]}]},{\"@type\":\"ImageObject\",\"inLanguage\":\"pt-PT\",\"@id\":\"https:\/\/coelectrix.com\/pt-pt\/produto\/fita-adesiva-para-tecido#primaryimage\",\"url\":\"https:\/\/coelectrix.com\/wp-content\/uploads\/2016\/05\/cinta-de-tela.jpg\",\"contentUrl\":\"https:\/\/coelectrix.com\/wp-content\/uploads\/2016\/05\/cinta-de-tela.jpg\",\"width\":600,\"height\":600,\"caption\":\"comprar fita t\u00eaxtil para cablagem autom\u00f3vel\"},{\"@type\":\"BreadcrumbList\",\"@id\":\"https:\/\/coelectrix.com\/pt-pt\/produto\/fita-adesiva-para-tecido#breadcrumb\",\"itemListElement\":[{\"@type\":\"ListItem\",\"position\":1,\"name\":\"Portada\",\"item\":\"https:\/\/coelectrix.com\/\"},{\"@type\":\"ListItem\",\"position\":2,\"name\":\"Loja\",\"item\":\"https:\/\/coelectrix.com\/pt-pt\/loja\"},{\"@type\":\"ListItem\",\"position\":3,\"name\":\"Fita adesiva de tecido para cablagem\"}]},{\"@type\":\"WebSite\",\"@id\":\"https:\/\/coelectrix.com\/pt-pt\/#website\",\"url\":\"https:\/\/coelectrix.com\/pt-pt\/\",\"name\":\"Coelectrix\",\"description\":\"Componentes el\u00e9ctricos\",\"publisher\":{\"@id\":\"https:\/\/coelectrix.com\/pt-pt\/#organization\"},\"potentialAction\":[{\"@type\":\"SearchAction\",\"target\":{\"@type\":\"EntryPoint\",\"urlTemplate\":\"https:\/\/coelectrix.com\/pt-pt\/?s={search_term_string}\"},\"query-input\":{\"@type\":\"PropertyValueSpecification\",\"valueRequired\":true,\"valueName\":\"search_term_string\"}}],\"inLanguage\":\"pt-PT\"},{\"@type\":\"Organization\",\"@id\":\"https:\/\/coelectrix.com\/pt-pt\/#organization\",\"name\":\"coelectrix.com\",\"url\":\"https:\/\/coelectrix.com\/pt-pt\/\",\"logo\":{\"@type\":\"ImageObject\",\"inLanguage\":\"pt-PT\",\"@id\":\"https:\/\/coelectrix.com\/pt-pt\/#\/schema\/logo\/image\/\",\"url\":\"https:\/\/coelectrix.com\/wp-content\/uploads\/2018\/05\/logo-coelectrix-400x400.jpg\",\"contentUrl\":\"https:\/\/coelectrix.com\/wp-content\/uploads\/2018\/05\/logo-coelectrix-400x400.jpg\",\"width\":300,\"height\":300,\"caption\":\"coelectrix.com\"},\"image\":{\"@id\":\"https:\/\/coelectrix.com\/pt-pt\/#\/schema\/logo\/image\/\"}}]}<\/script>\n<!-- \/ Yoast SEO plugin. -->","yoast_head_json":{"title":"\u25b7 Fita adesiva de tecido para cablagem | Coelectrix.com","description":"Fita adesiva em tecido para o agrupamento de fios e cabos el\u00e9ctricos, prote\u00e7\u00e3o contra o atrito e as altas temperaturas \u27a4 Fita em tecido para autom\u00f3veis ao melhor pre\u00e7o.","robots":{"index":"index","follow":"follow","max-snippet":"max-snippet:-1","max-image-preview":"max-image-preview:large","max-video-preview":"max-video-preview:-1"},"canonical":"https:\/\/coelectrix.com\/pt-pt\/produto\/fita-adesiva-para-tecido","og_locale":"pt_PT","og_type":"article","og_title":"\u25b7 Fita adesiva de tecido para cablagem | Coelectrix.com","og_description":"Fita adesiva em tecido para o agrupamento de fios e cabos el\u00e9ctricos, prote\u00e7\u00e3o contra o atrito e as altas temperaturas \u27a4 Fita em tecido para autom\u00f3veis ao melhor pre\u00e7o.","og_url":"https:\/\/coelectrix.com\/pt-pt\/produto\/fita-adesiva-para-tecido","og_site_name":"Coelectrix","article_modified_time":"2025-08-19T04:05:56+00:00","og_image":[{"width":600,"height":600,"url":"https:\/\/coelectrix.com\/wp-content\/uploads\/2016\/05\/cinta-de-tela.jpg","type":"image\/jpeg"}],"twitter_card":"summary_large_image","schema":{"@context":"https:\/\/schema.org","@graph":[{"@type":"WebPage","@id":"https:\/\/coelectrix.com\/pt-pt\/produto\/fita-adesiva-para-tecido","url":"https:\/\/coelectrix.com\/pt-pt\/produto\/fita-adesiva-para-tecido","name":"\u25b7 Fita adesiva de tecido para cablagem | Coelectrix.com","isPartOf":{"@id":"https:\/\/coelectrix.com\/pt-pt\/#website"},"primaryImageOfPage":{"@id":"https:\/\/coelectrix.com\/pt-pt\/produto\/fita-adesiva-para-tecido#primaryimage"},"image":{"@id":"https:\/\/coelectrix.com\/pt-pt\/produto\/fita-adesiva-para-tecido#primaryimage"},"thumbnailUrl":"https:\/\/coelectrix.com\/wp-content\/uploads\/2016\/05\/cinta-de-tela.jpg","datePublished":"2016-05-09T10:52:19+00:00","dateModified":"2025-08-19T04:05:56+00:00","description":"Fita adesiva em tecido para o agrupamento de fios e cabos el\u00e9ctricos, prote\u00e7\u00e3o contra o atrito e as altas temperaturas \u27a4 Fita em tecido para autom\u00f3veis ao melhor pre\u00e7o.","breadcrumb":{"@id":"https:\/\/coelectrix.com\/pt-pt\/produto\/fita-adesiva-para-tecido#breadcrumb"},"inLanguage":"pt-PT","potentialAction":[{"@type":"ReadAction","target":["https:\/\/coelectrix.com\/pt-pt\/produto\/fita-adesiva-para-tecido"]}]},{"@type":"ImageObject","inLanguage":"pt-PT","@id":"https:\/\/coelectrix.com\/pt-pt\/produto\/fita-adesiva-para-tecido#primaryimage","url":"https:\/\/coelectrix.com\/wp-content\/uploads\/2016\/05\/cinta-de-tela.jpg","contentUrl":"https:\/\/coelectrix.com\/wp-content\/uploads\/2016\/05\/cinta-de-tela.jpg","width":600,"height":600,"caption":"comprar fita t\u00eaxtil para cablagem autom\u00f3vel"},{"@type":"BreadcrumbList","@id":"https:\/\/coelectrix.com\/pt-pt\/produto\/fita-adesiva-para-tecido#breadcrumb","itemListElement":[{"@type":"ListItem","position":1,"name":"Portada","item":"https:\/\/coelectrix.com\/"},{"@type":"ListItem","position":2,"name":"Loja","item":"https:\/\/coelectrix.com\/pt-pt\/loja"},{"@type":"ListItem","position":3,"name":"Fita adesiva de tecido para cablagem"}]},{"@type":"WebSite","@id":"https:\/\/coelectrix.com\/pt-pt\/#website","url":"https:\/\/coelectrix.com\/pt-pt\/","name":"Coelectrix","description":"Componentes el\u00e9ctricos","publisher":{"@id":"https:\/\/coelectrix.com\/pt-pt\/#organization"},"potentialAction":[{"@type":"SearchAction","target":{"@type":"EntryPoint","urlTemplate":"https:\/\/coelectrix.com\/pt-pt\/?s={search_term_string}"},"query-input":{"@type":"PropertyValueSpecification","valueRequired":true,"valueName":"search_term_string"}}],"inLanguage":"pt-PT"},{"@type":"Organization","@id":"https:\/\/coelectrix.com\/pt-pt\/#organization","name":"coelectrix.com","url":"https:\/\/coelectrix.com\/pt-pt\/","logo":{"@type":"ImageObject","inLanguage":"pt-PT","@id":"https:\/\/coelectrix.com\/pt-pt\/#\/schema\/logo\/image\/","url":"https:\/\/coelectrix.com\/wp-content\/uploads\/2018\/05\/logo-coelectrix-400x400.jpg","contentUrl":"https:\/\/coelectrix.com\/wp-content\/uploads\/2018\/05\/logo-coelectrix-400x400.jpg","width":300,"height":300,"caption":"coelectrix.com"},"image":{"@id":"https:\/\/coelectrix.com\/pt-pt\/#\/schema\/logo\/image\/"}}]}},"_links":{"self":[{"href":"https:\/\/coelectrix.com\/pt-pt\/wp-json\/wp\/v2\/product\/75417","targetHints":{"allow":["GET"]}}],"collection":[{"href":"https:\/\/coelectrix.com\/pt-pt\/wp-json\/wp\/v2\/product"}],"about":[{"href":"https:\/\/coelectrix.com\/pt-pt\/wp-json\/wp\/v2\/types\/product"}],"version-history":[{"count":1,"href":"https:\/\/coelectrix.com\/pt-pt\/wp-json\/wp\/v2\/product\/75417\/revisions"}],"predecessor-version":[{"id":76910,"href":"https:\/\/coelectrix.com\/pt-pt\/wp-json\/wp\/v2\/product\/75417\/revisions\/76910"}],"wp:featuredmedia":[{"embeddable":true,"href":"https:\/\/coelectrix.com\/pt-pt\/wp-json\/wp\/v2\/media\/72469"}],"wp:attachment":[{"href":"https:\/\/coelectrix.com\/pt-pt\/wp-json\/wp\/v2\/media?parent=75417"}],"wp:term":[{"taxonomy":"product_brand","embeddable":true,"href":"https:\/\/coelectrix.com\/pt-pt\/wp-json\/wp\/v2\/product_brand?post=75417"},{"taxonomy":"product_cat","embeddable":true,"href":"https:\/\/coelectrix.com\/pt-pt\/wp-json\/wp\/v2\/product_cat?post=75417"},{"taxonomy":"product_tag","embeddable":true,"href":"https:\/\/coelectrix.com\/pt-pt\/wp-json\/wp\/v2\/product_tag?post=75417"}],"curies":[{"name":"wp","href":"https:\/\/api.w.org\/{rel}","templated":true}]}}