{"id":75421,"date":"2023-07-01T12:44:13","date_gmt":"2023-07-01T10:44:13","guid":{"rendered":"https:\/\/coelectrix.com\/producto\/delphi-metri-pack-280-aptiv-2-vias"},"modified":"2025-08-19T06:01:54","modified_gmt":"2025-08-19T04:01:54","slug":"delphi-metri-pack-280-aptiv-2-vias","status":"publish","type":"product","link":"https:\/\/coelectrix.com\/pt-pt\/produto\/delphi-metri-pack-280-aptiv-2-vias","title":{"rendered":"Delphi Metri-Pack 280 APTIV 2 vias"},"content":{"rendered":"<h2><strong>Delphi Metri-Pack 280 APTIV <\/strong><\/h2>\n<p>Os conectores Metri-Pack 280 da Aptiv (anteriormente Delphi) fornecem uma classifica\u00e7\u00e3o m\u00e1xima de corrente cont\u00ednua de 30 A e uma configura\u00e7\u00e3o ISO padr\u00e3o de 2,8 mm. Os conectores da s\u00e9rie 280 t\u00eam uma largura de l\u00e2mina de 2,8 mm, um espa\u00e7amento entre linhas centrais de 5 mm ou 7,7 mm e uma gama de fios de 0,35 mm2 a 5 mm2.<\/p>\n<p>Oferecem uma resist\u00eancia de &lt;10 m\u03a9 a 20 mV e uma gama de temperaturas de funcionamento de -40 \u00b0C a +125 \u00b0C. Apresentam capacidades de baixa pot\u00eancia e baixa tens\u00e3o, bem como excelente resist\u00eancia \u00e0 temperatura, produtos qu\u00edmicos e abras\u00e3o. Os conectores Aptiv Metri-Pack 280 foram concebidos para satisfazer ou exceder os requisitos da maioria das aplica\u00e7\u00f5es de controlo mar\u00edtimo, de aparelhos e industriais.<\/p>\n<h2><strong>Delphi 15300027 Conector de tomada de 2 vias<\/strong><\/h2>\n<h2><strong>Delphi 15300002 Conector macho de 2 vias<\/strong><\/h2>\n","protected":false},"excerpt":{"rendered":"<p>Conectores Metri Pack s\u00e9rie 280 aptiv Delphi para tens\u00f5es DC at\u00e9 40A<\/p>\n<p>Dispon\u00edvel com conectores macho ou f\u00eamea, incluindo terminais e borrachas de veda\u00e7\u00e3o.<\/p>\n<p>Os terminais inclu\u00eddos s\u00e3o para sec\u00e7\u00f5es transversais de cabos de 1,5mm2-3mm2.<\/p>\n","protected":false},"featured_media":74199,"template":"","meta":{"_acf_changed":false},"product_brand":[],"product_cat":[1364,1368],"product_tag":[],"class_list":{"0":"post-75421","1":"product","2":"type-product","3":"status-publish","4":"has-post-thumbnail","6":"product_cat-conectores-pt","7":"product_cat-conectores-delphi-2","9":"first","10":"instock","11":"taxable","12":"shipping-taxable","13":"purchasable","14":"product-type-variable"},"acf":[],"yoast_head":"<!-- This site is optimized with the Yoast SEO plugin v27.2 - https:\/\/yoast.com\/product\/yoast-seo-wordpress\/ -->\n<title>\u25b7 Delphi Metri-Pack 280 APTIV 2 vias | Coelectrix.com<\/title>\n<meta name=\"robots\" content=\"index, follow, max-snippet:-1, max-image-preview:large, max-video-preview:-1\" \/>\n<link rel=\"canonical\" href=\"https:\/\/coelectrix.com\/pt-pt\/produto\/delphi-metri-pack-280-aptiv-2-vias\" \/>\n<meta property=\"og:locale\" content=\"pt_PT\" \/>\n<meta property=\"og:type\" content=\"article\" \/>\n<meta property=\"og:title\" content=\"\u25b7 Delphi Metri-Pack 280 APTIV 2 vias | Coelectrix.com\" \/>\n<meta property=\"og:description\" content=\"Conectores Metri Pack s\u00e9rie 280 aptiv Delphi para tens\u00f5es DC at\u00e9 40A Dispon\u00edvel com conectores macho ou f\u00eamea, incluindo terminais e borrachas de veda\u00e7\u00e3o. Os terminais inclu\u00eddos s\u00e3o para sec\u00e7\u00f5es transversais de cabos de 1,5mm2-3mm2.\" \/>\n<meta property=\"og:url\" content=\"https:\/\/coelectrix.com\/pt-pt\/produto\/delphi-metri-pack-280-aptiv-2-vias\" \/>\n<meta property=\"og:site_name\" content=\"Coelectrix\" \/>\n<meta property=\"article:modified_time\" content=\"2025-08-19T04:01:54+00:00\" \/>\n<meta property=\"og:image\" content=\"https:\/\/coelectrix.com\/wp-content\/uploads\/2023\/07\/conector-delphi-metri-pack-280.jpg\" \/>\n\t<meta property=\"og:image:width\" content=\"600\" \/>\n\t<meta property=\"og:image:height\" content=\"600\" \/>\n\t<meta property=\"og:image:type\" content=\"image\/jpeg\" \/>\n<meta name=\"twitter:card\" content=\"summary_large_image\" \/>\n<meta name=\"twitter:label1\" content=\"Tempo estimado de leitura\" \/>\n\t<meta name=\"twitter:data1\" content=\"1 minuto\" \/>\n<script type=\"application\/ld+json\" class=\"yoast-schema-graph\">{\"@context\":\"https:\/\/schema.org\",\"@graph\":[{\"@type\":\"WebPage\",\"@id\":\"https:\/\/coelectrix.com\/pt-pt\/produto\/delphi-metri-pack-280-aptiv-2-vias\",\"url\":\"https:\/\/coelectrix.com\/pt-pt\/produto\/delphi-metri-pack-280-aptiv-2-vias\",\"name\":\"\u25b7 Delphi Metri-Pack 280 APTIV 2 vias | Coelectrix.com\",\"isPartOf\":{\"@id\":\"https:\/\/coelectrix.com\/pt-pt\/#website\"},\"primaryImageOfPage\":{\"@id\":\"https:\/\/coelectrix.com\/pt-pt\/produto\/delphi-metri-pack-280-aptiv-2-vias#primaryimage\"},\"image\":{\"@id\":\"https:\/\/coelectrix.com\/pt-pt\/produto\/delphi-metri-pack-280-aptiv-2-vias#primaryimage\"},\"thumbnailUrl\":\"https:\/\/coelectrix.com\/wp-content\/uploads\/2023\/07\/conector-delphi-metri-pack-280.jpg\",\"datePublished\":\"2023-07-01T10:44:13+00:00\",\"dateModified\":\"2025-08-19T04:01:54+00:00\",\"breadcrumb\":{\"@id\":\"https:\/\/coelectrix.com\/pt-pt\/produto\/delphi-metri-pack-280-aptiv-2-vias#breadcrumb\"},\"inLanguage\":\"pt-PT\",\"potentialAction\":[{\"@type\":\"ReadAction\",\"target\":[\"https:\/\/coelectrix.com\/pt-pt\/produto\/delphi-metri-pack-280-aptiv-2-vias\"]}]},{\"@type\":\"ImageObject\",\"inLanguage\":\"pt-PT\",\"@id\":\"https:\/\/coelectrix.com\/pt-pt\/produto\/delphi-metri-pack-280-aptiv-2-vias#primaryimage\",\"url\":\"https:\/\/coelectrix.com\/wp-content\/uploads\/2023\/07\/conector-delphi-metri-pack-280.jpg\",\"contentUrl\":\"https:\/\/coelectrix.com\/wp-content\/uploads\/2023\/07\/conector-delphi-metri-pack-280.jpg\",\"width\":600,\"height\":600},{\"@type\":\"BreadcrumbList\",\"@id\":\"https:\/\/coelectrix.com\/pt-pt\/produto\/delphi-metri-pack-280-aptiv-2-vias#breadcrumb\",\"itemListElement\":[{\"@type\":\"ListItem\",\"position\":1,\"name\":\"Portada\",\"item\":\"https:\/\/coelectrix.com\/\"},{\"@type\":\"ListItem\",\"position\":2,\"name\":\"Loja\",\"item\":\"https:\/\/coelectrix.com\/pt-pt\/loja\"},{\"@type\":\"ListItem\",\"position\":3,\"name\":\"Delphi Metri-Pack 280 APTIV 2 vias\"}]},{\"@type\":\"WebSite\",\"@id\":\"https:\/\/coelectrix.com\/pt-pt\/#website\",\"url\":\"https:\/\/coelectrix.com\/pt-pt\/\",\"name\":\"Coelectrix\",\"description\":\"Componentes el\u00e9ctricos\",\"publisher\":{\"@id\":\"https:\/\/coelectrix.com\/pt-pt\/#organization\"},\"potentialAction\":[{\"@type\":\"SearchAction\",\"target\":{\"@type\":\"EntryPoint\",\"urlTemplate\":\"https:\/\/coelectrix.com\/pt-pt\/?s={search_term_string}\"},\"query-input\":{\"@type\":\"PropertyValueSpecification\",\"valueRequired\":true,\"valueName\":\"search_term_string\"}}],\"inLanguage\":\"pt-PT\"},{\"@type\":\"Organization\",\"@id\":\"https:\/\/coelectrix.com\/pt-pt\/#organization\",\"name\":\"coelectrix.com\",\"url\":\"https:\/\/coelectrix.com\/pt-pt\/\",\"logo\":{\"@type\":\"ImageObject\",\"inLanguage\":\"pt-PT\",\"@id\":\"https:\/\/coelectrix.com\/pt-pt\/#\/schema\/logo\/image\/\",\"url\":\"https:\/\/coelectrix.com\/wp-content\/uploads\/2018\/05\/logo-coelectrix-400x400.jpg\",\"contentUrl\":\"https:\/\/coelectrix.com\/wp-content\/uploads\/2018\/05\/logo-coelectrix-400x400.jpg\",\"width\":300,\"height\":300,\"caption\":\"coelectrix.com\"},\"image\":{\"@id\":\"https:\/\/coelectrix.com\/pt-pt\/#\/schema\/logo\/image\/\"}}]}<\/script>\n<!-- \/ Yoast SEO plugin. -->","yoast_head_json":{"title":"\u25b7 Delphi Metri-Pack 280 APTIV 2 vias | Coelectrix.com","robots":{"index":"index","follow":"follow","max-snippet":"max-snippet:-1","max-image-preview":"max-image-preview:large","max-video-preview":"max-video-preview:-1"},"canonical":"https:\/\/coelectrix.com\/pt-pt\/produto\/delphi-metri-pack-280-aptiv-2-vias","og_locale":"pt_PT","og_type":"article","og_title":"\u25b7 Delphi Metri-Pack 280 APTIV 2 vias | Coelectrix.com","og_description":"Conectores Metri Pack s\u00e9rie 280 aptiv Delphi para tens\u00f5es DC at\u00e9 40A Dispon\u00edvel com conectores macho ou f\u00eamea, incluindo terminais e borrachas de veda\u00e7\u00e3o. Os terminais inclu\u00eddos s\u00e3o para sec\u00e7\u00f5es transversais de cabos de 1,5mm2-3mm2.","og_url":"https:\/\/coelectrix.com\/pt-pt\/produto\/delphi-metri-pack-280-aptiv-2-vias","og_site_name":"Coelectrix","article_modified_time":"2025-08-19T04:01:54+00:00","og_image":[{"width":600,"height":600,"url":"https:\/\/coelectrix.com\/wp-content\/uploads\/2023\/07\/conector-delphi-metri-pack-280.jpg","type":"image\/jpeg"}],"twitter_card":"summary_large_image","twitter_misc":{"Tempo estimado de leitura":"1 minuto"},"schema":{"@context":"https:\/\/schema.org","@graph":[{"@type":"WebPage","@id":"https:\/\/coelectrix.com\/pt-pt\/produto\/delphi-metri-pack-280-aptiv-2-vias","url":"https:\/\/coelectrix.com\/pt-pt\/produto\/delphi-metri-pack-280-aptiv-2-vias","name":"\u25b7 Delphi Metri-Pack 280 APTIV 2 vias | Coelectrix.com","isPartOf":{"@id":"https:\/\/coelectrix.com\/pt-pt\/#website"},"primaryImageOfPage":{"@id":"https:\/\/coelectrix.com\/pt-pt\/produto\/delphi-metri-pack-280-aptiv-2-vias#primaryimage"},"image":{"@id":"https:\/\/coelectrix.com\/pt-pt\/produto\/delphi-metri-pack-280-aptiv-2-vias#primaryimage"},"thumbnailUrl":"https:\/\/coelectrix.com\/wp-content\/uploads\/2023\/07\/conector-delphi-metri-pack-280.jpg","datePublished":"2023-07-01T10:44:13+00:00","dateModified":"2025-08-19T04:01:54+00:00","breadcrumb":{"@id":"https:\/\/coelectrix.com\/pt-pt\/produto\/delphi-metri-pack-280-aptiv-2-vias#breadcrumb"},"inLanguage":"pt-PT","potentialAction":[{"@type":"ReadAction","target":["https:\/\/coelectrix.com\/pt-pt\/produto\/delphi-metri-pack-280-aptiv-2-vias"]}]},{"@type":"ImageObject","inLanguage":"pt-PT","@id":"https:\/\/coelectrix.com\/pt-pt\/produto\/delphi-metri-pack-280-aptiv-2-vias#primaryimage","url":"https:\/\/coelectrix.com\/wp-content\/uploads\/2023\/07\/conector-delphi-metri-pack-280.jpg","contentUrl":"https:\/\/coelectrix.com\/wp-content\/uploads\/2023\/07\/conector-delphi-metri-pack-280.jpg","width":600,"height":600},{"@type":"BreadcrumbList","@id":"https:\/\/coelectrix.com\/pt-pt\/produto\/delphi-metri-pack-280-aptiv-2-vias#breadcrumb","itemListElement":[{"@type":"ListItem","position":1,"name":"Portada","item":"https:\/\/coelectrix.com\/"},{"@type":"ListItem","position":2,"name":"Loja","item":"https:\/\/coelectrix.com\/pt-pt\/loja"},{"@type":"ListItem","position":3,"name":"Delphi Metri-Pack 280 APTIV 2 vias"}]},{"@type":"WebSite","@id":"https:\/\/coelectrix.com\/pt-pt\/#website","url":"https:\/\/coelectrix.com\/pt-pt\/","name":"Coelectrix","description":"Componentes el\u00e9ctricos","publisher":{"@id":"https:\/\/coelectrix.com\/pt-pt\/#organization"},"potentialAction":[{"@type":"SearchAction","target":{"@type":"EntryPoint","urlTemplate":"https:\/\/coelectrix.com\/pt-pt\/?s={search_term_string}"},"query-input":{"@type":"PropertyValueSpecification","valueRequired":true,"valueName":"search_term_string"}}],"inLanguage":"pt-PT"},{"@type":"Organization","@id":"https:\/\/coelectrix.com\/pt-pt\/#organization","name":"coelectrix.com","url":"https:\/\/coelectrix.com\/pt-pt\/","logo":{"@type":"ImageObject","inLanguage":"pt-PT","@id":"https:\/\/coelectrix.com\/pt-pt\/#\/schema\/logo\/image\/","url":"https:\/\/coelectrix.com\/wp-content\/uploads\/2018\/05\/logo-coelectrix-400x400.jpg","contentUrl":"https:\/\/coelectrix.com\/wp-content\/uploads\/2018\/05\/logo-coelectrix-400x400.jpg","width":300,"height":300,"caption":"coelectrix.com"},"image":{"@id":"https:\/\/coelectrix.com\/pt-pt\/#\/schema\/logo\/image\/"}}]}},"_links":{"self":[{"href":"https:\/\/coelectrix.com\/pt-pt\/wp-json\/wp\/v2\/product\/75421","targetHints":{"allow":["GET"]}}],"collection":[{"href":"https:\/\/coelectrix.com\/pt-pt\/wp-json\/wp\/v2\/product"}],"about":[{"href":"https:\/\/coelectrix.com\/pt-pt\/wp-json\/wp\/v2\/types\/product"}],"version-history":[{"count":1,"href":"https:\/\/coelectrix.com\/pt-pt\/wp-json\/wp\/v2\/product\/75421\/revisions"}],"predecessor-version":[{"id":76662,"href":"https:\/\/coelectrix.com\/pt-pt\/wp-json\/wp\/v2\/product\/75421\/revisions\/76662"}],"wp:featuredmedia":[{"embeddable":true,"href":"https:\/\/coelectrix.com\/pt-pt\/wp-json\/wp\/v2\/media\/74199"}],"wp:attachment":[{"href":"https:\/\/coelectrix.com\/pt-pt\/wp-json\/wp\/v2\/media?parent=75421"}],"wp:term":[{"taxonomy":"product_brand","embeddable":true,"href":"https:\/\/coelectrix.com\/pt-pt\/wp-json\/wp\/v2\/product_brand?post=75421"},{"taxonomy":"product_cat","embeddable":true,"href":"https:\/\/coelectrix.com\/pt-pt\/wp-json\/wp\/v2\/product_cat?post=75421"},{"taxonomy":"product_tag","embeddable":true,"href":"https:\/\/coelectrix.com\/pt-pt\/wp-json\/wp\/v2\/product_tag?post=75421"}],"curies":[{"name":"wp","href":"https:\/\/api.w.org\/{rel}","templated":true}]}}