{"id":75437,"date":"2022-04-25T06:02:14","date_gmt":"2022-04-25T04:02:14","guid":{"rendered":"https:\/\/coelectrix.com\/producto\/conector-femea-de-2-vias-de-762-mm-utilizado-no-carregador-victron-orion"},"modified":"2025-08-19T06:03:02","modified_gmt":"2025-08-19T04:03:02","slug":"conector-femea-de-2-vias-de-762-mm-utilizado-no-carregador-victron-orion","status":"publish","type":"product","link":"https:\/\/coelectrix.com\/pt-pt\/produto\/conetor-femea-2-vias-762mm","title":{"rendered":"Conector f\u00eamea de 2 vias de 7,62 mm utilizado no carregador Victron Orion"},"content":{"rendered":"<h2><strong>Conector f\u00eamea de 2 vias de 7,62 mm<\/strong><\/h2>\n<p>Conector f\u00eamea de 2 vias utilizado em muitas aplica\u00e7\u00f5es, como o equipamento Victron Energy.<\/p>\n<p>Fabricante: <a class=\"jss134\" href=\"https:\/\/www.digikey.es\/en\/supplier-centers\/wurth-electronics\" target=\"_blank\" rel=\"noopener noreferrer\">W\u00fcrth Elektronik<\/a><br \/>\nRef. do Fabricante: TERM BLOCK PLUG 2POS 7.62MM<br \/>\n<a href=\"https:\/\/coelectrix.com\/wp-content\/uploads\/2022\/04\/6913514000xx.pdf\" target=\"_blank\" rel=\"noopener\">Ver ficha t\u00e9cnica<\/a><\/p>\n<h2>FICHA DE BLOCO DE TERMO 2POS 7.62MM 691351400002<\/h2>\n","protected":false},"excerpt":{"rendered":"<p>Conector f\u00eamea verde de 2 vias Wurth Electroniks<br \/>\nUtilizado em muitas aplica\u00e7\u00f5es, como em alguns equipamentos da Victron Energy.<\/p>\n","protected":false},"featured_media":73832,"template":"","meta":{"_acf_changed":false},"product_brand":[],"product_cat":[1364,1371],"product_tag":[],"class_list":{"0":"post-75437","1":"product","2":"type-product","3":"status-publish","4":"has-post-thumbnail","6":"product_cat-conectores-pt","7":"product_cat-wurth-electronik-2","9":"first","10":"instock","11":"taxable","12":"shipping-taxable","13":"purchasable","14":"product-type-simple"},"acf":[],"yoast_head":"<!-- This site is optimized with the Yoast SEO plugin v27.2 - https:\/\/yoast.com\/product\/yoast-seo-wordpress\/ -->\n<title>\u25b7 Conector f\u00eamea de 2 vias de 7,62 mm utilizado no carregador Victron Orion | Coelectrix.com<\/title>\n<meta name=\"robots\" content=\"index, follow, max-snippet:-1, max-image-preview:large, max-video-preview:-1\" \/>\n<link rel=\"canonical\" href=\"https:\/\/coelectrix.com\/pt-pt\/produto\/conetor-femea-2-vias-762mm\" \/>\n<meta property=\"og:locale\" content=\"pt_PT\" \/>\n<meta property=\"og:type\" content=\"article\" \/>\n<meta property=\"og:title\" content=\"\u25b7 Conector f\u00eamea de 2 vias de 7,62 mm utilizado no carregador Victron Orion | Coelectrix.com\" \/>\n<meta property=\"og:description\" content=\"Conector f\u00eamea verde de 2 vias Wurth Electroniks Utilizado em muitas aplica\u00e7\u00f5es, como em alguns equipamentos da Victron Energy.\" \/>\n<meta property=\"og:url\" content=\"https:\/\/coelectrix.com\/pt-pt\/produto\/conetor-femea-2-vias-762mm\" \/>\n<meta property=\"og:site_name\" content=\"Coelectrix\" \/>\n<meta property=\"article:modified_time\" content=\"2025-08-19T04:03:02+00:00\" \/>\n<meta property=\"og:image\" content=\"https:\/\/coelectrix.com\/wp-content\/uploads\/2022\/04\/conector-verde-2-vias.jpg\" \/>\n\t<meta property=\"og:image:width\" content=\"600\" \/>\n\t<meta property=\"og:image:height\" content=\"600\" \/>\n\t<meta property=\"og:image:type\" content=\"image\/jpeg\" \/>\n<meta name=\"twitter:card\" content=\"summary_large_image\" \/>\n<script type=\"application\/ld+json\" class=\"yoast-schema-graph\">{\"@context\":\"https:\/\/schema.org\",\"@graph\":[{\"@type\":\"WebPage\",\"@id\":\"https:\/\/coelectrix.com\/pt-pt\/produto\/conetor-femea-2-vias-762mm\",\"url\":\"https:\/\/coelectrix.com\/pt-pt\/produto\/conetor-femea-2-vias-762mm\",\"name\":\"\u25b7 Conector f\u00eamea de 2 vias de 7,62 mm utilizado no carregador Victron Orion | Coelectrix.com\",\"isPartOf\":{\"@id\":\"https:\/\/coelectrix.com\/pt-pt\/#website\"},\"primaryImageOfPage\":{\"@id\":\"https:\/\/coelectrix.com\/pt-pt\/produto\/conetor-femea-2-vias-762mm#primaryimage\"},\"image\":{\"@id\":\"https:\/\/coelectrix.com\/pt-pt\/produto\/conetor-femea-2-vias-762mm#primaryimage\"},\"thumbnailUrl\":\"https:\/\/coelectrix.com\/wp-content\/uploads\/2022\/04\/conector-verde-2-vias.jpg\",\"datePublished\":\"2022-04-25T04:02:14+00:00\",\"dateModified\":\"2025-08-19T04:03:02+00:00\",\"breadcrumb\":{\"@id\":\"https:\/\/coelectrix.com\/pt-pt\/produto\/conetor-femea-2-vias-762mm#breadcrumb\"},\"inLanguage\":\"pt-PT\",\"potentialAction\":[{\"@type\":\"ReadAction\",\"target\":[\"https:\/\/coelectrix.com\/pt-pt\/produto\/conetor-femea-2-vias-762mm\"]}]},{\"@type\":\"ImageObject\",\"inLanguage\":\"pt-PT\",\"@id\":\"https:\/\/coelectrix.com\/pt-pt\/produto\/conetor-femea-2-vias-762mm#primaryimage\",\"url\":\"https:\/\/coelectrix.com\/wp-content\/uploads\/2022\/04\/conector-verde-2-vias.jpg\",\"contentUrl\":\"https:\/\/coelectrix.com\/wp-content\/uploads\/2022\/04\/conector-verde-2-vias.jpg\",\"width\":600,\"height\":600,\"caption\":\"691351400002\"},{\"@type\":\"BreadcrumbList\",\"@id\":\"https:\/\/coelectrix.com\/pt-pt\/produto\/conetor-femea-2-vias-762mm#breadcrumb\",\"itemListElement\":[{\"@type\":\"ListItem\",\"position\":1,\"name\":\"Portada\",\"item\":\"https:\/\/coelectrix.com\/\"},{\"@type\":\"ListItem\",\"position\":2,\"name\":\"Loja\",\"item\":\"https:\/\/coelectrix.com\/pt-pt\/loja\"},{\"@type\":\"ListItem\",\"position\":3,\"name\":\"Conector f\u00eamea de 2 vias de 7,62 mm utilizado no carregador Victron Orion\"}]},{\"@type\":\"WebSite\",\"@id\":\"https:\/\/coelectrix.com\/pt-pt\/#website\",\"url\":\"https:\/\/coelectrix.com\/pt-pt\/\",\"name\":\"Coelectrix\",\"description\":\"Componentes el\u00e9ctricos\",\"publisher\":{\"@id\":\"https:\/\/coelectrix.com\/pt-pt\/#organization\"},\"potentialAction\":[{\"@type\":\"SearchAction\",\"target\":{\"@type\":\"EntryPoint\",\"urlTemplate\":\"https:\/\/coelectrix.com\/pt-pt\/?s={search_term_string}\"},\"query-input\":{\"@type\":\"PropertyValueSpecification\",\"valueRequired\":true,\"valueName\":\"search_term_string\"}}],\"inLanguage\":\"pt-PT\"},{\"@type\":\"Organization\",\"@id\":\"https:\/\/coelectrix.com\/pt-pt\/#organization\",\"name\":\"coelectrix.com\",\"url\":\"https:\/\/coelectrix.com\/pt-pt\/\",\"logo\":{\"@type\":\"ImageObject\",\"inLanguage\":\"pt-PT\",\"@id\":\"https:\/\/coelectrix.com\/pt-pt\/#\/schema\/logo\/image\/\",\"url\":\"https:\/\/coelectrix.com\/wp-content\/uploads\/2018\/05\/logo-coelectrix-400x400.jpg\",\"contentUrl\":\"https:\/\/coelectrix.com\/wp-content\/uploads\/2018\/05\/logo-coelectrix-400x400.jpg\",\"width\":300,\"height\":300,\"caption\":\"coelectrix.com\"},\"image\":{\"@id\":\"https:\/\/coelectrix.com\/pt-pt\/#\/schema\/logo\/image\/\"}}]}<\/script>\n<!-- \/ Yoast SEO plugin. -->","yoast_head_json":{"title":"\u25b7 Conector f\u00eamea de 2 vias de 7,62 mm utilizado no carregador Victron Orion | Coelectrix.com","robots":{"index":"index","follow":"follow","max-snippet":"max-snippet:-1","max-image-preview":"max-image-preview:large","max-video-preview":"max-video-preview:-1"},"canonical":"https:\/\/coelectrix.com\/pt-pt\/produto\/conetor-femea-2-vias-762mm","og_locale":"pt_PT","og_type":"article","og_title":"\u25b7 Conector f\u00eamea de 2 vias de 7,62 mm utilizado no carregador Victron Orion | Coelectrix.com","og_description":"Conector f\u00eamea verde de 2 vias Wurth Electroniks Utilizado em muitas aplica\u00e7\u00f5es, como em alguns equipamentos da Victron Energy.","og_url":"https:\/\/coelectrix.com\/pt-pt\/produto\/conetor-femea-2-vias-762mm","og_site_name":"Coelectrix","article_modified_time":"2025-08-19T04:03:02+00:00","og_image":[{"width":600,"height":600,"url":"https:\/\/coelectrix.com\/wp-content\/uploads\/2022\/04\/conector-verde-2-vias.jpg","type":"image\/jpeg"}],"twitter_card":"summary_large_image","schema":{"@context":"https:\/\/schema.org","@graph":[{"@type":"WebPage","@id":"https:\/\/coelectrix.com\/pt-pt\/produto\/conetor-femea-2-vias-762mm","url":"https:\/\/coelectrix.com\/pt-pt\/produto\/conetor-femea-2-vias-762mm","name":"\u25b7 Conector f\u00eamea de 2 vias de 7,62 mm utilizado no carregador Victron Orion | Coelectrix.com","isPartOf":{"@id":"https:\/\/coelectrix.com\/pt-pt\/#website"},"primaryImageOfPage":{"@id":"https:\/\/coelectrix.com\/pt-pt\/produto\/conetor-femea-2-vias-762mm#primaryimage"},"image":{"@id":"https:\/\/coelectrix.com\/pt-pt\/produto\/conetor-femea-2-vias-762mm#primaryimage"},"thumbnailUrl":"https:\/\/coelectrix.com\/wp-content\/uploads\/2022\/04\/conector-verde-2-vias.jpg","datePublished":"2022-04-25T04:02:14+00:00","dateModified":"2025-08-19T04:03:02+00:00","breadcrumb":{"@id":"https:\/\/coelectrix.com\/pt-pt\/produto\/conetor-femea-2-vias-762mm#breadcrumb"},"inLanguage":"pt-PT","potentialAction":[{"@type":"ReadAction","target":["https:\/\/coelectrix.com\/pt-pt\/produto\/conetor-femea-2-vias-762mm"]}]},{"@type":"ImageObject","inLanguage":"pt-PT","@id":"https:\/\/coelectrix.com\/pt-pt\/produto\/conetor-femea-2-vias-762mm#primaryimage","url":"https:\/\/coelectrix.com\/wp-content\/uploads\/2022\/04\/conector-verde-2-vias.jpg","contentUrl":"https:\/\/coelectrix.com\/wp-content\/uploads\/2022\/04\/conector-verde-2-vias.jpg","width":600,"height":600,"caption":"691351400002"},{"@type":"BreadcrumbList","@id":"https:\/\/coelectrix.com\/pt-pt\/produto\/conetor-femea-2-vias-762mm#breadcrumb","itemListElement":[{"@type":"ListItem","position":1,"name":"Portada","item":"https:\/\/coelectrix.com\/"},{"@type":"ListItem","position":2,"name":"Loja","item":"https:\/\/coelectrix.com\/pt-pt\/loja"},{"@type":"ListItem","position":3,"name":"Conector f\u00eamea de 2 vias de 7,62 mm utilizado no carregador Victron Orion"}]},{"@type":"WebSite","@id":"https:\/\/coelectrix.com\/pt-pt\/#website","url":"https:\/\/coelectrix.com\/pt-pt\/","name":"Coelectrix","description":"Componentes el\u00e9ctricos","publisher":{"@id":"https:\/\/coelectrix.com\/pt-pt\/#organization"},"potentialAction":[{"@type":"SearchAction","target":{"@type":"EntryPoint","urlTemplate":"https:\/\/coelectrix.com\/pt-pt\/?s={search_term_string}"},"query-input":{"@type":"PropertyValueSpecification","valueRequired":true,"valueName":"search_term_string"}}],"inLanguage":"pt-PT"},{"@type":"Organization","@id":"https:\/\/coelectrix.com\/pt-pt\/#organization","name":"coelectrix.com","url":"https:\/\/coelectrix.com\/pt-pt\/","logo":{"@type":"ImageObject","inLanguage":"pt-PT","@id":"https:\/\/coelectrix.com\/pt-pt\/#\/schema\/logo\/image\/","url":"https:\/\/coelectrix.com\/wp-content\/uploads\/2018\/05\/logo-coelectrix-400x400.jpg","contentUrl":"https:\/\/coelectrix.com\/wp-content\/uploads\/2018\/05\/logo-coelectrix-400x400.jpg","width":300,"height":300,"caption":"coelectrix.com"},"image":{"@id":"https:\/\/coelectrix.com\/pt-pt\/#\/schema\/logo\/image\/"}}]}},"_links":{"self":[{"href":"https:\/\/coelectrix.com\/pt-pt\/wp-json\/wp\/v2\/product\/75437","targetHints":{"allow":["GET"]}}],"collection":[{"href":"https:\/\/coelectrix.com\/pt-pt\/wp-json\/wp\/v2\/product"}],"about":[{"href":"https:\/\/coelectrix.com\/pt-pt\/wp-json\/wp\/v2\/types\/product"}],"version-history":[{"count":1,"href":"https:\/\/coelectrix.com\/pt-pt\/wp-json\/wp\/v2\/product\/75437\/revisions"}],"predecessor-version":[{"id":76725,"href":"https:\/\/coelectrix.com\/pt-pt\/wp-json\/wp\/v2\/product\/75437\/revisions\/76725"}],"wp:featuredmedia":[{"embeddable":true,"href":"https:\/\/coelectrix.com\/pt-pt\/wp-json\/wp\/v2\/media\/73832"}],"wp:attachment":[{"href":"https:\/\/coelectrix.com\/pt-pt\/wp-json\/wp\/v2\/media?parent=75437"}],"wp:term":[{"taxonomy":"product_brand","embeddable":true,"href":"https:\/\/coelectrix.com\/pt-pt\/wp-json\/wp\/v2\/product_brand?post=75437"},{"taxonomy":"product_cat","embeddable":true,"href":"https:\/\/coelectrix.com\/pt-pt\/wp-json\/wp\/v2\/product_cat?post=75437"},{"taxonomy":"product_tag","embeddable":true,"href":"https:\/\/coelectrix.com\/pt-pt\/wp-json\/wp\/v2\/product_tag?post=75437"}],"curies":[{"name":"wp","href":"https:\/\/api.w.org\/{rel}","templated":true}]}}