{"id":75438,"date":"2020-02-01T12:06:33","date_gmt":"2020-02-01T11:06:33","guid":{"rendered":"https:\/\/coelectrix.com\/producto\/conector-sumitomo-mtw"},"modified":"2025-08-19T06:04:13","modified_gmt":"2025-08-19T04:04:13","slug":"conector-sumitomo-mtw","status":"publish","type":"product","link":"https:\/\/coelectrix.com\/pt-pt\/produto\/conetor-sumitomo-mtw","title":{"rendered":"Conector Sumitomo MTW"},"content":{"rendered":"<h1>Conector Sumitomo MTW<\/h1>\n<p>Conectores e terminais da s\u00e9rie Sumitomo MTW para liga\u00e7\u00f5es fio a fio.<br \/>\nUm conetor muito carater\u00edstico nos sistemas el\u00e9ctricos de motociclos de v\u00e1rios fabricantes.<\/p>\n<p>Dispon\u00edvel em modelos de 2, 3, 4 e 6 vias em conectores macho e f\u00eamea e com terminais.<\/p>\n<h2>Conectores para motas<\/h2>\n<p>Conector muito utilizado no sector das motos e em diferentes locais.<\/p>\n<p>conetor do sensor da cambota, sistemas de igni\u00e7\u00e3o eletr\u00f3nica, luzes de matr\u00edcula, sensores de came, sensor de velocidade, rel\u00e9 de sinal, cablagem da bobina&#8230; etc.<\/p>\n<p>Em marcas como: Honda, KTM, Yamaha, Kawasaki, etc.<\/p>\n<p>Modelos dispon\u00edveis:<\/p>\n<p><img decoding=\"async\" class=\"alignnone size-medium wp-image-24029\" src=\"https:\/\/coelectrix.com\/wp-content\/uploads\/2020\/02\/conectores-moto-suomitomo-portamachos-300x150.jpg\" alt=\"conector luces moto\" width=\"300\" height=\"150\" srcset=\"https:\/\/coelectrix.com\/wp-content\/uploads\/2020\/02\/conectores-moto-suomitomo-portamachos-300x150.jpg 300w, https:\/\/coelectrix.com\/wp-content\/uploads\/2020\/02\/conectores-moto-suomitomo-portamachos-416x208.jpg 416w, https:\/\/coelectrix.com\/wp-content\/uploads\/2020\/02\/conectores-moto-suomitomo-portamachos-64x32.jpg 64w, https:\/\/coelectrix.com\/wp-content\/uploads\/2020\/02\/conectores-moto-suomitomo-portamachos.jpg 500w\" sizes=\"(max-width: 300px) 100vw, 300px\" \/><\/p>\n<h3>MTW-2P<\/h3>\n<p>Conector de 2 vias<\/p>\n<h3>MTW-3P<\/h3>\n<p>Conector de ficha de 3 vias<\/p>\n<h3>MTW-4P<\/h3>\n<p>Conector de 4 vias<\/p>\n<h3>MTW-6P<\/h3>\n<p>Conector de ficha de 6 vias<\/p>\n<p><img decoding=\"async\" class=\"alignnone size-medium wp-image-24030\" src=\"https:\/\/coelectrix.com\/wp-content\/uploads\/2020\/02\/conectores-moto-suomitomo-porta-hembras-300x150.jpg\" alt=\"conector moto porta hembras\" width=\"300\" height=\"150\" srcset=\"https:\/\/coelectrix.com\/wp-content\/uploads\/2020\/02\/conectores-moto-suomitomo-porta-hembras-300x150.jpg 300w, https:\/\/coelectrix.com\/wp-content\/uploads\/2020\/02\/conectores-moto-suomitomo-porta-hembras-416x208.jpg 416w, https:\/\/coelectrix.com\/wp-content\/uploads\/2020\/02\/conectores-moto-suomitomo-porta-hembras-64x32.jpg 64w, https:\/\/coelectrix.com\/wp-content\/uploads\/2020\/02\/conectores-moto-suomitomo-porta-hembras.jpg 500w\" sizes=\"(max-width: 300px) 100vw, 300px\" \/><\/p>\n<h3>MTW-2S<\/h3>\n<p>Conector de tomada de 2 vias<\/p>\n<h3>MTW-3S<\/h3>\n<p>Conector de tomada de 3 vias<\/p>\n<h3>MTW-4S<\/h3>\n<p>Conector de tomada de 4 vias<\/p>\n<h3>MTW-6S<\/h3>\n<p>Conector de tomada de 6 vias<\/p>\n<p>Os terminais podem ser cravados com esta ferramenta <a href=\"https:\/\/coelectrix.com\/pt-pt\/produto\/terminal-crimper\">de cravar terminais<\/a>.<\/p>\n","protected":false},"excerpt":{"rendered":"<p>Caixas de conectores e terminais do fabricante Suomitomo amplamente utilizados em motociclos Honda, Yamaha, KTM, Kawasaki&#8230; etc.<\/p>\n<p>Dispon\u00edveis em 2, 3, 4 e 6 vias macho ou f\u00eamea e respectivos terminais.<\/p>\n<p>O pre\u00e7o indicado \u00e9 para o conetor e com os terminais necess\u00e1rios inclu\u00eddos.<\/p>\n","protected":false},"featured_media":73220,"template":"","meta":{"_acf_changed":false},"product_brand":[],"product_cat":[1364,1377],"product_tag":[],"class_list":{"0":"post-75438","1":"product","2":"type-product","3":"status-publish","4":"has-post-thumbnail","6":"product_cat-conectores-pt","7":"product_cat-conectores-suomitomo","9":"first","10":"instock","11":"taxable","12":"shipping-taxable","13":"purchasable","14":"product-type-variable"},"acf":[],"yoast_head":"<!-- This site is optimized with the Yoast SEO plugin v27.2 - https:\/\/yoast.com\/product\/yoast-seo-wordpress\/ -->\n<title>\u25b7 Conector Sumitomo MTW | Coelectrix.com<\/title>\n<meta name=\"description\" content=\"Os alojamentos e terminais dos conectores Sumitomo MTW s\u00e3o amplamente utilizados em diferentes \u00e1reas dos motociclos. | Conectores para motociclos da Suomitomo\" \/>\n<meta name=\"robots\" content=\"index, follow, max-snippet:-1, max-image-preview:large, max-video-preview:-1\" \/>\n<link rel=\"canonical\" href=\"https:\/\/coelectrix.com\/pt-pt\/produto\/conetor-sumitomo-mtw\" \/>\n<meta property=\"og:locale\" content=\"pt_PT\" \/>\n<meta property=\"og:type\" content=\"article\" \/>\n<meta property=\"og:title\" content=\"\u25b7 Conector Sumitomo MTW | Coelectrix.com\" \/>\n<meta property=\"og:description\" content=\"Os alojamentos e terminais dos conectores Sumitomo MTW s\u00e3o amplamente utilizados em diferentes \u00e1reas dos motociclos. | Conectores para motociclos da Suomitomo\" \/>\n<meta property=\"og:url\" content=\"https:\/\/coelectrix.com\/pt-pt\/produto\/conetor-sumitomo-mtw\" \/>\n<meta property=\"og:site_name\" content=\"Coelectrix\" \/>\n<meta property=\"article:modified_time\" content=\"2025-08-19T04:04:13+00:00\" \/>\n<meta property=\"og:image\" content=\"https:\/\/coelectrix.com\/wp-content\/uploads\/2020\/02\/conectores-suomitomo-MTW.jpg\" \/>\n\t<meta property=\"og:image:width\" content=\"800\" \/>\n\t<meta property=\"og:image:height\" content=\"800\" \/>\n\t<meta property=\"og:image:type\" content=\"image\/jpeg\" \/>\n<meta name=\"twitter:card\" content=\"summary_large_image\" \/>\n<meta name=\"twitter:label1\" content=\"Tempo estimado de leitura\" \/>\n\t<meta name=\"twitter:data1\" content=\"1 minuto\" \/>\n<script type=\"application\/ld+json\" class=\"yoast-schema-graph\">{\"@context\":\"https:\/\/schema.org\",\"@graph\":[{\"@type\":\"WebPage\",\"@id\":\"https:\/\/coelectrix.com\/pt-pt\/produto\/conetor-sumitomo-mtw\",\"url\":\"https:\/\/coelectrix.com\/pt-pt\/produto\/conetor-sumitomo-mtw\",\"name\":\"\u25b7 Conector Sumitomo MTW | Coelectrix.com\",\"isPartOf\":{\"@id\":\"https:\/\/coelectrix.com\/pt-pt\/#website\"},\"primaryImageOfPage\":{\"@id\":\"https:\/\/coelectrix.com\/pt-pt\/produto\/conetor-sumitomo-mtw#primaryimage\"},\"image\":{\"@id\":\"https:\/\/coelectrix.com\/pt-pt\/produto\/conetor-sumitomo-mtw#primaryimage\"},\"thumbnailUrl\":\"https:\/\/coelectrix.com\/wp-content\/uploads\/2020\/02\/conectores-suomitomo-MTW.jpg\",\"datePublished\":\"2020-02-01T11:06:33+00:00\",\"dateModified\":\"2025-08-19T04:04:13+00:00\",\"description\":\"Os alojamentos e terminais dos conectores Sumitomo MTW s\u00e3o amplamente utilizados em diferentes \u00e1reas dos motociclos. | Conectores para motociclos da Suomitomo\",\"breadcrumb\":{\"@id\":\"https:\/\/coelectrix.com\/pt-pt\/produto\/conetor-sumitomo-mtw#breadcrumb\"},\"inLanguage\":\"pt-PT\",\"potentialAction\":[{\"@type\":\"ReadAction\",\"target\":[\"https:\/\/coelectrix.com\/pt-pt\/produto\/conetor-sumitomo-mtw\"]}]},{\"@type\":\"ImageObject\",\"inLanguage\":\"pt-PT\",\"@id\":\"https:\/\/coelectrix.com\/pt-pt\/produto\/conetor-sumitomo-mtw#primaryimage\",\"url\":\"https:\/\/coelectrix.com\/wp-content\/uploads\/2020\/02\/conectores-suomitomo-MTW.jpg\",\"contentUrl\":\"https:\/\/coelectrix.com\/wp-content\/uploads\/2020\/02\/conectores-suomitomo-MTW.jpg\",\"width\":800,\"height\":800,\"caption\":\"Conector Sumitomo MTW\"},{\"@type\":\"BreadcrumbList\",\"@id\":\"https:\/\/coelectrix.com\/pt-pt\/produto\/conetor-sumitomo-mtw#breadcrumb\",\"itemListElement\":[{\"@type\":\"ListItem\",\"position\":1,\"name\":\"Portada\",\"item\":\"https:\/\/coelectrix.com\/\"},{\"@type\":\"ListItem\",\"position\":2,\"name\":\"Loja\",\"item\":\"https:\/\/coelectrix.com\/pt-pt\/loja\"},{\"@type\":\"ListItem\",\"position\":3,\"name\":\"Conector Sumitomo MTW\"}]},{\"@type\":\"WebSite\",\"@id\":\"https:\/\/coelectrix.com\/pt-pt\/#website\",\"url\":\"https:\/\/coelectrix.com\/pt-pt\/\",\"name\":\"Coelectrix\",\"description\":\"Componentes el\u00e9ctricos\",\"publisher\":{\"@id\":\"https:\/\/coelectrix.com\/pt-pt\/#organization\"},\"potentialAction\":[{\"@type\":\"SearchAction\",\"target\":{\"@type\":\"EntryPoint\",\"urlTemplate\":\"https:\/\/coelectrix.com\/pt-pt\/?s={search_term_string}\"},\"query-input\":{\"@type\":\"PropertyValueSpecification\",\"valueRequired\":true,\"valueName\":\"search_term_string\"}}],\"inLanguage\":\"pt-PT\"},{\"@type\":\"Organization\",\"@id\":\"https:\/\/coelectrix.com\/pt-pt\/#organization\",\"name\":\"coelectrix.com\",\"url\":\"https:\/\/coelectrix.com\/pt-pt\/\",\"logo\":{\"@type\":\"ImageObject\",\"inLanguage\":\"pt-PT\",\"@id\":\"https:\/\/coelectrix.com\/pt-pt\/#\/schema\/logo\/image\/\",\"url\":\"https:\/\/coelectrix.com\/wp-content\/uploads\/2018\/05\/logo-coelectrix-400x400.jpg\",\"contentUrl\":\"https:\/\/coelectrix.com\/wp-content\/uploads\/2018\/05\/logo-coelectrix-400x400.jpg\",\"width\":300,\"height\":300,\"caption\":\"coelectrix.com\"},\"image\":{\"@id\":\"https:\/\/coelectrix.com\/pt-pt\/#\/schema\/logo\/image\/\"}}]}<\/script>\n<!-- \/ Yoast SEO plugin. -->","yoast_head_json":{"title":"\u25b7 Conector Sumitomo MTW | Coelectrix.com","description":"Os alojamentos e terminais dos conectores Sumitomo MTW s\u00e3o amplamente utilizados em diferentes \u00e1reas dos motociclos. | Conectores para motociclos da Suomitomo","robots":{"index":"index","follow":"follow","max-snippet":"max-snippet:-1","max-image-preview":"max-image-preview:large","max-video-preview":"max-video-preview:-1"},"canonical":"https:\/\/coelectrix.com\/pt-pt\/produto\/conetor-sumitomo-mtw","og_locale":"pt_PT","og_type":"article","og_title":"\u25b7 Conector Sumitomo MTW | Coelectrix.com","og_description":"Os alojamentos e terminais dos conectores Sumitomo MTW s\u00e3o amplamente utilizados em diferentes \u00e1reas dos motociclos. | Conectores para motociclos da Suomitomo","og_url":"https:\/\/coelectrix.com\/pt-pt\/produto\/conetor-sumitomo-mtw","og_site_name":"Coelectrix","article_modified_time":"2025-08-19T04:04:13+00:00","og_image":[{"width":800,"height":800,"url":"https:\/\/coelectrix.com\/wp-content\/uploads\/2020\/02\/conectores-suomitomo-MTW.jpg","type":"image\/jpeg"}],"twitter_card":"summary_large_image","twitter_misc":{"Tempo estimado de leitura":"1 minuto"},"schema":{"@context":"https:\/\/schema.org","@graph":[{"@type":"WebPage","@id":"https:\/\/coelectrix.com\/pt-pt\/produto\/conetor-sumitomo-mtw","url":"https:\/\/coelectrix.com\/pt-pt\/produto\/conetor-sumitomo-mtw","name":"\u25b7 Conector Sumitomo MTW | Coelectrix.com","isPartOf":{"@id":"https:\/\/coelectrix.com\/pt-pt\/#website"},"primaryImageOfPage":{"@id":"https:\/\/coelectrix.com\/pt-pt\/produto\/conetor-sumitomo-mtw#primaryimage"},"image":{"@id":"https:\/\/coelectrix.com\/pt-pt\/produto\/conetor-sumitomo-mtw#primaryimage"},"thumbnailUrl":"https:\/\/coelectrix.com\/wp-content\/uploads\/2020\/02\/conectores-suomitomo-MTW.jpg","datePublished":"2020-02-01T11:06:33+00:00","dateModified":"2025-08-19T04:04:13+00:00","description":"Os alojamentos e terminais dos conectores Sumitomo MTW s\u00e3o amplamente utilizados em diferentes \u00e1reas dos motociclos. | Conectores para motociclos da Suomitomo","breadcrumb":{"@id":"https:\/\/coelectrix.com\/pt-pt\/produto\/conetor-sumitomo-mtw#breadcrumb"},"inLanguage":"pt-PT","potentialAction":[{"@type":"ReadAction","target":["https:\/\/coelectrix.com\/pt-pt\/produto\/conetor-sumitomo-mtw"]}]},{"@type":"ImageObject","inLanguage":"pt-PT","@id":"https:\/\/coelectrix.com\/pt-pt\/produto\/conetor-sumitomo-mtw#primaryimage","url":"https:\/\/coelectrix.com\/wp-content\/uploads\/2020\/02\/conectores-suomitomo-MTW.jpg","contentUrl":"https:\/\/coelectrix.com\/wp-content\/uploads\/2020\/02\/conectores-suomitomo-MTW.jpg","width":800,"height":800,"caption":"Conector Sumitomo MTW"},{"@type":"BreadcrumbList","@id":"https:\/\/coelectrix.com\/pt-pt\/produto\/conetor-sumitomo-mtw#breadcrumb","itemListElement":[{"@type":"ListItem","position":1,"name":"Portada","item":"https:\/\/coelectrix.com\/"},{"@type":"ListItem","position":2,"name":"Loja","item":"https:\/\/coelectrix.com\/pt-pt\/loja"},{"@type":"ListItem","position":3,"name":"Conector Sumitomo MTW"}]},{"@type":"WebSite","@id":"https:\/\/coelectrix.com\/pt-pt\/#website","url":"https:\/\/coelectrix.com\/pt-pt\/","name":"Coelectrix","description":"Componentes el\u00e9ctricos","publisher":{"@id":"https:\/\/coelectrix.com\/pt-pt\/#organization"},"potentialAction":[{"@type":"SearchAction","target":{"@type":"EntryPoint","urlTemplate":"https:\/\/coelectrix.com\/pt-pt\/?s={search_term_string}"},"query-input":{"@type":"PropertyValueSpecification","valueRequired":true,"valueName":"search_term_string"}}],"inLanguage":"pt-PT"},{"@type":"Organization","@id":"https:\/\/coelectrix.com\/pt-pt\/#organization","name":"coelectrix.com","url":"https:\/\/coelectrix.com\/pt-pt\/","logo":{"@type":"ImageObject","inLanguage":"pt-PT","@id":"https:\/\/coelectrix.com\/pt-pt\/#\/schema\/logo\/image\/","url":"https:\/\/coelectrix.com\/wp-content\/uploads\/2018\/05\/logo-coelectrix-400x400.jpg","contentUrl":"https:\/\/coelectrix.com\/wp-content\/uploads\/2018\/05\/logo-coelectrix-400x400.jpg","width":300,"height":300,"caption":"coelectrix.com"},"image":{"@id":"https:\/\/coelectrix.com\/pt-pt\/#\/schema\/logo\/image\/"}}]}},"_links":{"self":[{"href":"https:\/\/coelectrix.com\/pt-pt\/wp-json\/wp\/v2\/product\/75438","targetHints":{"allow":["GET"]}}],"collection":[{"href":"https:\/\/coelectrix.com\/pt-pt\/wp-json\/wp\/v2\/product"}],"about":[{"href":"https:\/\/coelectrix.com\/pt-pt\/wp-json\/wp\/v2\/types\/product"}],"version-history":[{"count":2,"href":"https:\/\/coelectrix.com\/pt-pt\/wp-json\/wp\/v2\/product\/75438\/revisions"}],"predecessor-version":[{"id":77174,"href":"https:\/\/coelectrix.com\/pt-pt\/wp-json\/wp\/v2\/product\/75438\/revisions\/77174"}],"wp:featuredmedia":[{"embeddable":true,"href":"https:\/\/coelectrix.com\/pt-pt\/wp-json\/wp\/v2\/media\/73220"}],"wp:attachment":[{"href":"https:\/\/coelectrix.com\/pt-pt\/wp-json\/wp\/v2\/media?parent=75438"}],"wp:term":[{"taxonomy":"product_brand","embeddable":true,"href":"https:\/\/coelectrix.com\/pt-pt\/wp-json\/wp\/v2\/product_brand?post=75438"},{"taxonomy":"product_cat","embeddable":true,"href":"https:\/\/coelectrix.com\/pt-pt\/wp-json\/wp\/v2\/product_cat?post=75438"},{"taxonomy":"product_tag","embeddable":true,"href":"https:\/\/coelectrix.com\/pt-pt\/wp-json\/wp\/v2\/product_tag?post=75438"}],"curies":[{"name":"wp","href":"https:\/\/api.w.org\/{rel}","templated":true}]}}