{"id":75458,"date":"2019-08-30T14:04:33","date_gmt":"2019-08-30T12:04:33","guid":{"rendered":"https:\/\/coelectrix.com\/producto\/regua-de-ligacao-faston-de-12-vias"},"modified":"2025-08-19T06:04:42","modified_gmt":"2025-08-19T04:04:42","slug":"regua-de-ligacao-faston-de-12-vias","status":"publish","type":"product","link":"https:\/\/coelectrix.com\/pt-pt\/produto\/regleta-conexao-faston-12-vias","title":{"rendered":"R\u00e9gua de liga\u00e7\u00e3o Faston de 12 vias"},"content":{"rendered":"<h1>R\u00e9gua de liga\u00e7\u00e3o Faston de 12 vias<\/h1>\n<p>R\u00e9gua de bornes plana e flex\u00edvel com fita de PVC transparente.<\/p>\n<p>Tipo de liga\u00e7\u00e3o Faston plana 6,3 mm x 0,8 mm.<\/p>\n<p>Orif\u00edcio de fixa\u00e7\u00e3o entre cada um dos terminais individuais de 3 mm.<\/p>\n<p>Temperatura m\u00e1xima: 80\u00ba.<br \/>\nN.\u00ba de p\u00f3los: 12<br \/>\nLiga\u00e7\u00e3o: Faston 6,3mm<\/p>\n","protected":false},"excerpt":{"rendered":"<h2>R\u00e9gua de liga\u00e7\u00e3o Faston de 12 vias<\/h2>\n<p>R\u00e9gua de bornes plana e flex\u00edvel com fita de PVC transparente.<\/p>\n<p>Tipo de liga\u00e7\u00e3o Faston plana 6,3 mm x 0,8 mm.<\/p>\n<p>Temperatura m\u00e1xima: 80\u00ba.<br \/>\nN.\u00ba de p\u00f3los: 12<br \/>\nLiga\u00e7\u00e3o: Faston 6,3mm<\/p>\n","protected":false},"featured_media":73066,"template":"","meta":{"_acf_changed":false},"product_brand":[],"product_cat":[1364,1370],"product_tag":[],"class_list":{"0":"post-75458","1":"product","2":"type-product","3":"status-publish","4":"has-post-thumbnail","6":"product_cat-conectores-pt","7":"product_cat-fitas-de-alimentacao-e-conectores-rapidos","9":"first","10":"instock","11":"taxable","12":"shipping-taxable","13":"purchasable","14":"product-type-simple"},"acf":[],"yoast_head":"<!-- This site is optimized with the Yoast SEO plugin v27.2 - https:\/\/yoast.com\/product\/yoast-seo-wordpress\/ -->\n<title>\u25b7 R\u00e9gua de liga\u00e7\u00e3o Faston de 12 vias | Coelectrix.com<\/title>\n<meta name=\"description\" content=\"R\u00e9gua de liga\u00e7\u00e3o Faston de 12 vias para liga\u00e7\u00e3o de terminais Faston de 6,3 mm. Todos os tipos de conectores, terminais e cabos.|Coelectrix.com\" \/>\n<meta name=\"robots\" content=\"index, follow, max-snippet:-1, max-image-preview:large, max-video-preview:-1\" \/>\n<link rel=\"canonical\" href=\"https:\/\/coelectrix.com\/pt-pt\/produto\/regleta-conexao-faston-12-vias\" \/>\n<meta property=\"og:locale\" content=\"pt_PT\" \/>\n<meta property=\"og:type\" content=\"article\" \/>\n<meta property=\"og:title\" content=\"\u25b7 R\u00e9gua de liga\u00e7\u00e3o Faston de 12 vias | Coelectrix.com\" \/>\n<meta property=\"og:description\" content=\"R\u00e9gua de liga\u00e7\u00e3o Faston de 12 vias para liga\u00e7\u00e3o de terminais Faston de 6,3 mm. Todos os tipos de conectores, terminais e cabos.|Coelectrix.com\" \/>\n<meta property=\"og:url\" content=\"https:\/\/coelectrix.com\/pt-pt\/produto\/regleta-conexao-faston-12-vias\" \/>\n<meta property=\"og:site_name\" content=\"Coelectrix\" \/>\n<meta property=\"article:modified_time\" content=\"2025-08-19T04:04:42+00:00\" \/>\n<meta property=\"og:image\" content=\"https:\/\/coelectrix.com\/wp-content\/uploads\/2019\/08\/regleta-faston.jpg\" \/>\n\t<meta property=\"og:image:width\" content=\"800\" \/>\n\t<meta property=\"og:image:height\" content=\"800\" \/>\n\t<meta property=\"og:image:type\" content=\"image\/jpeg\" \/>\n<meta name=\"twitter:card\" content=\"summary_large_image\" \/>\n<script type=\"application\/ld+json\" class=\"yoast-schema-graph\">{\"@context\":\"https:\/\/schema.org\",\"@graph\":[{\"@type\":\"WebPage\",\"@id\":\"https:\/\/coelectrix.com\/pt-pt\/produto\/regleta-conexao-faston-12-vias\",\"url\":\"https:\/\/coelectrix.com\/pt-pt\/produto\/regleta-conexao-faston-12-vias\",\"name\":\"\u25b7 R\u00e9gua de liga\u00e7\u00e3o Faston de 12 vias | Coelectrix.com\",\"isPartOf\":{\"@id\":\"https:\/\/coelectrix.com\/pt-pt\/#website\"},\"primaryImageOfPage\":{\"@id\":\"https:\/\/coelectrix.com\/pt-pt\/produto\/regleta-conexao-faston-12-vias#primaryimage\"},\"image\":{\"@id\":\"https:\/\/coelectrix.com\/pt-pt\/produto\/regleta-conexao-faston-12-vias#primaryimage\"},\"thumbnailUrl\":\"https:\/\/coelectrix.com\/wp-content\/uploads\/2019\/08\/regleta-faston.jpg\",\"datePublished\":\"2019-08-30T12:04:33+00:00\",\"dateModified\":\"2025-08-19T04:04:42+00:00\",\"description\":\"R\u00e9gua de liga\u00e7\u00e3o Faston de 12 vias para liga\u00e7\u00e3o de terminais Faston de 6,3 mm. Todos os tipos de conectores, terminais e cabos.|Coelectrix.com\",\"breadcrumb\":{\"@id\":\"https:\/\/coelectrix.com\/pt-pt\/produto\/regleta-conexao-faston-12-vias#breadcrumb\"},\"inLanguage\":\"pt-PT\",\"potentialAction\":[{\"@type\":\"ReadAction\",\"target\":[\"https:\/\/coelectrix.com\/pt-pt\/produto\/regleta-conexao-faston-12-vias\"]}]},{\"@type\":\"ImageObject\",\"inLanguage\":\"pt-PT\",\"@id\":\"https:\/\/coelectrix.com\/pt-pt\/produto\/regleta-conexao-faston-12-vias#primaryimage\",\"url\":\"https:\/\/coelectrix.com\/wp-content\/uploads\/2019\/08\/regleta-faston.jpg\",\"contentUrl\":\"https:\/\/coelectrix.com\/wp-content\/uploads\/2019\/08\/regleta-faston.jpg\",\"width\":800,\"height\":800,\"caption\":\"R\u00e9gua de liga\u00e7\u00e3o Faston de 12 vias\"},{\"@type\":\"BreadcrumbList\",\"@id\":\"https:\/\/coelectrix.com\/pt-pt\/produto\/regleta-conexao-faston-12-vias#breadcrumb\",\"itemListElement\":[{\"@type\":\"ListItem\",\"position\":1,\"name\":\"Portada\",\"item\":\"https:\/\/coelectrix.com\/\"},{\"@type\":\"ListItem\",\"position\":2,\"name\":\"Loja\",\"item\":\"https:\/\/coelectrix.com\/pt-pt\/loja\"},{\"@type\":\"ListItem\",\"position\":3,\"name\":\"R\u00e9gua de liga\u00e7\u00e3o Faston de 12 vias\"}]},{\"@type\":\"WebSite\",\"@id\":\"https:\/\/coelectrix.com\/pt-pt\/#website\",\"url\":\"https:\/\/coelectrix.com\/pt-pt\/\",\"name\":\"Coelectrix\",\"description\":\"Componentes el\u00e9ctricos\",\"publisher\":{\"@id\":\"https:\/\/coelectrix.com\/pt-pt\/#organization\"},\"potentialAction\":[{\"@type\":\"SearchAction\",\"target\":{\"@type\":\"EntryPoint\",\"urlTemplate\":\"https:\/\/coelectrix.com\/pt-pt\/?s={search_term_string}\"},\"query-input\":{\"@type\":\"PropertyValueSpecification\",\"valueRequired\":true,\"valueName\":\"search_term_string\"}}],\"inLanguage\":\"pt-PT\"},{\"@type\":\"Organization\",\"@id\":\"https:\/\/coelectrix.com\/pt-pt\/#organization\",\"name\":\"coelectrix.com\",\"url\":\"https:\/\/coelectrix.com\/pt-pt\/\",\"logo\":{\"@type\":\"ImageObject\",\"inLanguage\":\"pt-PT\",\"@id\":\"https:\/\/coelectrix.com\/pt-pt\/#\/schema\/logo\/image\/\",\"url\":\"https:\/\/coelectrix.com\/wp-content\/uploads\/2018\/05\/logo-coelectrix-400x400.jpg\",\"contentUrl\":\"https:\/\/coelectrix.com\/wp-content\/uploads\/2018\/05\/logo-coelectrix-400x400.jpg\",\"width\":300,\"height\":300,\"caption\":\"coelectrix.com\"},\"image\":{\"@id\":\"https:\/\/coelectrix.com\/pt-pt\/#\/schema\/logo\/image\/\"}}]}<\/script>\n<!-- \/ Yoast SEO plugin. -->","yoast_head_json":{"title":"\u25b7 R\u00e9gua de liga\u00e7\u00e3o Faston de 12 vias | Coelectrix.com","description":"R\u00e9gua de liga\u00e7\u00e3o Faston de 12 vias para liga\u00e7\u00e3o de terminais Faston de 6,3 mm. Todos os tipos de conectores, terminais e cabos.|Coelectrix.com","robots":{"index":"index","follow":"follow","max-snippet":"max-snippet:-1","max-image-preview":"max-image-preview:large","max-video-preview":"max-video-preview:-1"},"canonical":"https:\/\/coelectrix.com\/pt-pt\/produto\/regleta-conexao-faston-12-vias","og_locale":"pt_PT","og_type":"article","og_title":"\u25b7 R\u00e9gua de liga\u00e7\u00e3o Faston de 12 vias | Coelectrix.com","og_description":"R\u00e9gua de liga\u00e7\u00e3o Faston de 12 vias para liga\u00e7\u00e3o de terminais Faston de 6,3 mm. Todos os tipos de conectores, terminais e cabos.|Coelectrix.com","og_url":"https:\/\/coelectrix.com\/pt-pt\/produto\/regleta-conexao-faston-12-vias","og_site_name":"Coelectrix","article_modified_time":"2025-08-19T04:04:42+00:00","og_image":[{"width":800,"height":800,"url":"https:\/\/coelectrix.com\/wp-content\/uploads\/2019\/08\/regleta-faston.jpg","type":"image\/jpeg"}],"twitter_card":"summary_large_image","schema":{"@context":"https:\/\/schema.org","@graph":[{"@type":"WebPage","@id":"https:\/\/coelectrix.com\/pt-pt\/produto\/regleta-conexao-faston-12-vias","url":"https:\/\/coelectrix.com\/pt-pt\/produto\/regleta-conexao-faston-12-vias","name":"\u25b7 R\u00e9gua de liga\u00e7\u00e3o Faston de 12 vias | Coelectrix.com","isPartOf":{"@id":"https:\/\/coelectrix.com\/pt-pt\/#website"},"primaryImageOfPage":{"@id":"https:\/\/coelectrix.com\/pt-pt\/produto\/regleta-conexao-faston-12-vias#primaryimage"},"image":{"@id":"https:\/\/coelectrix.com\/pt-pt\/produto\/regleta-conexao-faston-12-vias#primaryimage"},"thumbnailUrl":"https:\/\/coelectrix.com\/wp-content\/uploads\/2019\/08\/regleta-faston.jpg","datePublished":"2019-08-30T12:04:33+00:00","dateModified":"2025-08-19T04:04:42+00:00","description":"R\u00e9gua de liga\u00e7\u00e3o Faston de 12 vias para liga\u00e7\u00e3o de terminais Faston de 6,3 mm. Todos os tipos de conectores, terminais e cabos.|Coelectrix.com","breadcrumb":{"@id":"https:\/\/coelectrix.com\/pt-pt\/produto\/regleta-conexao-faston-12-vias#breadcrumb"},"inLanguage":"pt-PT","potentialAction":[{"@type":"ReadAction","target":["https:\/\/coelectrix.com\/pt-pt\/produto\/regleta-conexao-faston-12-vias"]}]},{"@type":"ImageObject","inLanguage":"pt-PT","@id":"https:\/\/coelectrix.com\/pt-pt\/produto\/regleta-conexao-faston-12-vias#primaryimage","url":"https:\/\/coelectrix.com\/wp-content\/uploads\/2019\/08\/regleta-faston.jpg","contentUrl":"https:\/\/coelectrix.com\/wp-content\/uploads\/2019\/08\/regleta-faston.jpg","width":800,"height":800,"caption":"R\u00e9gua de liga\u00e7\u00e3o Faston de 12 vias"},{"@type":"BreadcrumbList","@id":"https:\/\/coelectrix.com\/pt-pt\/produto\/regleta-conexao-faston-12-vias#breadcrumb","itemListElement":[{"@type":"ListItem","position":1,"name":"Portada","item":"https:\/\/coelectrix.com\/"},{"@type":"ListItem","position":2,"name":"Loja","item":"https:\/\/coelectrix.com\/pt-pt\/loja"},{"@type":"ListItem","position":3,"name":"R\u00e9gua de liga\u00e7\u00e3o Faston de 12 vias"}]},{"@type":"WebSite","@id":"https:\/\/coelectrix.com\/pt-pt\/#website","url":"https:\/\/coelectrix.com\/pt-pt\/","name":"Coelectrix","description":"Componentes el\u00e9ctricos","publisher":{"@id":"https:\/\/coelectrix.com\/pt-pt\/#organization"},"potentialAction":[{"@type":"SearchAction","target":{"@type":"EntryPoint","urlTemplate":"https:\/\/coelectrix.com\/pt-pt\/?s={search_term_string}"},"query-input":{"@type":"PropertyValueSpecification","valueRequired":true,"valueName":"search_term_string"}}],"inLanguage":"pt-PT"},{"@type":"Organization","@id":"https:\/\/coelectrix.com\/pt-pt\/#organization","name":"coelectrix.com","url":"https:\/\/coelectrix.com\/pt-pt\/","logo":{"@type":"ImageObject","inLanguage":"pt-PT","@id":"https:\/\/coelectrix.com\/pt-pt\/#\/schema\/logo\/image\/","url":"https:\/\/coelectrix.com\/wp-content\/uploads\/2018\/05\/logo-coelectrix-400x400.jpg","contentUrl":"https:\/\/coelectrix.com\/wp-content\/uploads\/2018\/05\/logo-coelectrix-400x400.jpg","width":300,"height":300,"caption":"coelectrix.com"},"image":{"@id":"https:\/\/coelectrix.com\/pt-pt\/#\/schema\/logo\/image\/"}}]}},"_links":{"self":[{"href":"https:\/\/coelectrix.com\/pt-pt\/wp-json\/wp\/v2\/product\/75458","targetHints":{"allow":["GET"]}}],"collection":[{"href":"https:\/\/coelectrix.com\/pt-pt\/wp-json\/wp\/v2\/product"}],"about":[{"href":"https:\/\/coelectrix.com\/pt-pt\/wp-json\/wp\/v2\/types\/product"}],"version-history":[{"count":1,"href":"https:\/\/coelectrix.com\/pt-pt\/wp-json\/wp\/v2\/product\/75458\/revisions"}],"predecessor-version":[{"id":76826,"href":"https:\/\/coelectrix.com\/pt-pt\/wp-json\/wp\/v2\/product\/75458\/revisions\/76826"}],"wp:featuredmedia":[{"embeddable":true,"href":"https:\/\/coelectrix.com\/pt-pt\/wp-json\/wp\/v2\/media\/73066"}],"wp:attachment":[{"href":"https:\/\/coelectrix.com\/pt-pt\/wp-json\/wp\/v2\/media?parent=75458"}],"wp:term":[{"taxonomy":"product_brand","embeddable":true,"href":"https:\/\/coelectrix.com\/pt-pt\/wp-json\/wp\/v2\/product_brand?post=75458"},{"taxonomy":"product_cat","embeddable":true,"href":"https:\/\/coelectrix.com\/pt-pt\/wp-json\/wp\/v2\/product_cat?post=75458"},{"taxonomy":"product_tag","embeddable":true,"href":"https:\/\/coelectrix.com\/pt-pt\/wp-json\/wp\/v2\/product_tag?post=75458"}],"curies":[{"name":"wp","href":"https:\/\/api.w.org\/{rel}","templated":true}]}}