{"id":75504,"date":"2016-02-20T08:49:41","date_gmt":"2016-02-20T07:49:41","guid":{"rendered":"https:\/\/coelectrix.com\/producto\/conector-de-nylon-faston-macho-multidirecional-de-nylon"},"modified":"2025-08-19T06:06:26","modified_gmt":"2025-08-19T04:06:26","slug":"conector-de-nylon-faston-macho-multidirecional-de-nylon","status":"publish","type":"product","link":"https:\/\/coelectrix.com\/pt-pt\/produto\/conetor-faston-male-carrier-connector","title":{"rendered":"Conector de Nylon Faston Macho Multidirecional de Nylon"},"content":{"rendered":"<p>Conector Faston multi-fios para terminais Faston macho.<\/p>\n<p>Dispon\u00edvel de 1 a 8 vias.<\/p>\n<p>Terminais macho <a href=\"http:\/\/www.coelectrix.com\/producto\/terminal-faston-macho-50uds\">aqui<\/a>.<\/p>\n<p>Os conectores Faston de m\u00faltiplas vias s\u00e3o os conectores mais utilizados no sector industrial devido ao seu baixo custo e \u00e0 sua ampla utiliza\u00e7\u00e3o em todo o mundo, o que os torna o conetor mais utilizado para unir ou ligar cabos.<\/p>\n<p>Na maior parte dos aparelhos dom\u00e9sticos e industriais, encontramos este conetor t\u00edpico, quer de 1 via para proteger simplesmente o terminal Faston, quer de mais vias para ligar cabos em motores, luzes, etc&#8230;<\/p>\n<p><span style=\"color: #ffffff;\">ad aes rre dfg df dfgff dfg df df ff dsfgdf dfg dfg dfg fdfg ae ggh h h gh d g g g g g g g g g g g g g g g g g f r dfg t etg th t t t gretgh trg rt et et et et t<\/span><\/p>\n","protected":false},"excerpt":{"rendered":"<p>Conector Faston macho multidirecional.<\/p>\n<p>Requer terminais Faston macho de 6,3 mm.<\/p>\n<p>Dispon\u00edvel de 1 a 8 vias no menu pendente.<\/p>\n<p><img decoding=\"async\" class=\"alignnone size-full wp-image-715\" src=\"https:\/\/coelectrix.com\/wp-content\/uploads\/2016\/09\/payment-logo-1.png\" alt=\"\" width=\"245\" height=\"62\" srcset=\"https:\/\/coelectrix.com\/wp-content\/uploads\/2016\/09\/payment-logo-1.png 245w, https:\/\/coelectrix.com\/wp-content\/uploads\/2016\/09\/payment-logo-1-64x16.png 64w\" sizes=\"(max-width: 245px) 100vw, 245px\" \/><\/p>\n","protected":false},"featured_media":73131,"template":"","meta":{"_acf_changed":false},"product_brand":[],"product_cat":[1364,1379],"product_tag":[1416],"class_list":{"0":"post-75504","1":"product","2":"type-product","3":"status-publish","4":"has-post-thumbnail","6":"product_cat-conectores-pt","7":"product_cat-multi-vias-faston-2","8":"product_tag-conetor-multi-vias","10":"first","11":"instock","12":"taxable","13":"shipping-taxable","14":"purchasable","15":"product-type-variable"},"acf":[],"yoast_head":"<!-- This site is optimized with the Yoast SEO plugin v27.2 - https:\/\/yoast.com\/product\/yoast-seo-wordpress\/ -->\n<title>\u25b7 Conector de Nylon Faston Macho Multidirecional de Nylon | Coelectrix.com<\/title>\n<meta name=\"description\" content=\"Conector faston de v\u00e1rias vias para terminais faston macho, dispon\u00edvel de 1 a 8 vias, tamb\u00e9m dispon\u00edvel em suportes f\u00eamea. Envio em 48h.\" \/>\n<meta name=\"robots\" content=\"index, follow, max-snippet:-1, max-image-preview:large, max-video-preview:-1\" \/>\n<link rel=\"canonical\" href=\"https:\/\/coelectrix.com\/pt-pt\/produto\/conetor-faston-male-carrier-connector\" \/>\n<meta property=\"og:locale\" content=\"pt_PT\" \/>\n<meta property=\"og:type\" content=\"article\" \/>\n<meta property=\"og:title\" content=\"\u25b7 Conector de Nylon Faston Macho Multidirecional de Nylon | Coelectrix.com\" \/>\n<meta property=\"og:description\" content=\"Conector faston de v\u00e1rias vias para terminais faston macho, dispon\u00edvel de 1 a 8 vias, tamb\u00e9m dispon\u00edvel em suportes f\u00eamea. Envio em 48h.\" \/>\n<meta property=\"og:url\" content=\"https:\/\/coelectrix.com\/pt-pt\/produto\/conetor-faston-male-carrier-connector\" \/>\n<meta property=\"og:site_name\" content=\"Coelectrix\" \/>\n<meta property=\"article:modified_time\" content=\"2025-08-19T04:06:26+00:00\" \/>\n<meta property=\"og:image\" content=\"https:\/\/coelectrix.com\/wp-content\/uploads\/2016\/02\/conectores-faston-porta-machos.jpg\" \/>\n\t<meta property=\"og:image:width\" content=\"800\" \/>\n\t<meta property=\"og:image:height\" content=\"800\" \/>\n\t<meta property=\"og:image:type\" content=\"image\/jpeg\" \/>\n<meta name=\"twitter:card\" content=\"summary_large_image\" \/>\n<meta name=\"twitter:label1\" content=\"Tempo estimado de leitura\" \/>\n\t<meta name=\"twitter:data1\" content=\"1 minuto\" \/>\n<script type=\"application\/ld+json\" class=\"yoast-schema-graph\">{\"@context\":\"https:\/\/schema.org\",\"@graph\":[{\"@type\":\"WebPage\",\"@id\":\"https:\/\/coelectrix.com\/pt-pt\/produto\/conetor-faston-male-carrier-connector\",\"url\":\"https:\/\/coelectrix.com\/pt-pt\/produto\/conetor-faston-male-carrier-connector\",\"name\":\"\u25b7 Conector de Nylon Faston Macho Multidirecional de Nylon | Coelectrix.com\",\"isPartOf\":{\"@id\":\"https:\/\/coelectrix.com\/pt-pt\/#website\"},\"primaryImageOfPage\":{\"@id\":\"https:\/\/coelectrix.com\/pt-pt\/produto\/conetor-faston-male-carrier-connector#primaryimage\"},\"image\":{\"@id\":\"https:\/\/coelectrix.com\/pt-pt\/produto\/conetor-faston-male-carrier-connector#primaryimage\"},\"thumbnailUrl\":\"https:\/\/coelectrix.com\/wp-content\/uploads\/2016\/02\/conectores-faston-porta-machos.jpg\",\"datePublished\":\"2016-02-20T07:49:41+00:00\",\"dateModified\":\"2025-08-19T04:06:26+00:00\",\"description\":\"Conector faston de v\u00e1rias vias para terminais faston macho, dispon\u00edvel de 1 a 8 vias, tamb\u00e9m dispon\u00edvel em suportes f\u00eamea. Envio em 48h.\",\"breadcrumb\":{\"@id\":\"https:\/\/coelectrix.com\/pt-pt\/produto\/conetor-faston-male-carrier-connector#breadcrumb\"},\"inLanguage\":\"pt-PT\",\"potentialAction\":[{\"@type\":\"ReadAction\",\"target\":[\"https:\/\/coelectrix.com\/pt-pt\/produto\/conetor-faston-male-carrier-connector\"]}]},{\"@type\":\"ImageObject\",\"inLanguage\":\"pt-PT\",\"@id\":\"https:\/\/coelectrix.com\/pt-pt\/produto\/conetor-faston-male-carrier-connector#primaryimage\",\"url\":\"https:\/\/coelectrix.com\/wp-content\/uploads\/2016\/02\/conectores-faston-porta-machos.jpg\",\"contentUrl\":\"https:\/\/coelectrix.com\/wp-content\/uploads\/2016\/02\/conectores-faston-porta-machos.jpg\",\"width\":800,\"height\":800},{\"@type\":\"BreadcrumbList\",\"@id\":\"https:\/\/coelectrix.com\/pt-pt\/produto\/conetor-faston-male-carrier-connector#breadcrumb\",\"itemListElement\":[{\"@type\":\"ListItem\",\"position\":1,\"name\":\"Portada\",\"item\":\"https:\/\/coelectrix.com\/\"},{\"@type\":\"ListItem\",\"position\":2,\"name\":\"Loja\",\"item\":\"https:\/\/coelectrix.com\/pt-pt\/loja\"},{\"@type\":\"ListItem\",\"position\":3,\"name\":\"Conector de Nylon Faston Macho Multidirecional de Nylon\"}]},{\"@type\":\"WebSite\",\"@id\":\"https:\/\/coelectrix.com\/pt-pt\/#website\",\"url\":\"https:\/\/coelectrix.com\/pt-pt\/\",\"name\":\"Coelectrix\",\"description\":\"Componentes el\u00e9ctricos\",\"publisher\":{\"@id\":\"https:\/\/coelectrix.com\/pt-pt\/#organization\"},\"potentialAction\":[{\"@type\":\"SearchAction\",\"target\":{\"@type\":\"EntryPoint\",\"urlTemplate\":\"https:\/\/coelectrix.com\/pt-pt\/?s={search_term_string}\"},\"query-input\":{\"@type\":\"PropertyValueSpecification\",\"valueRequired\":true,\"valueName\":\"search_term_string\"}}],\"inLanguage\":\"pt-PT\"},{\"@type\":\"Organization\",\"@id\":\"https:\/\/coelectrix.com\/pt-pt\/#organization\",\"name\":\"coelectrix.com\",\"url\":\"https:\/\/coelectrix.com\/pt-pt\/\",\"logo\":{\"@type\":\"ImageObject\",\"inLanguage\":\"pt-PT\",\"@id\":\"https:\/\/coelectrix.com\/pt-pt\/#\/schema\/logo\/image\/\",\"url\":\"https:\/\/coelectrix.com\/wp-content\/uploads\/2018\/05\/logo-coelectrix-400x400.jpg\",\"contentUrl\":\"https:\/\/coelectrix.com\/wp-content\/uploads\/2018\/05\/logo-coelectrix-400x400.jpg\",\"width\":300,\"height\":300,\"caption\":\"coelectrix.com\"},\"image\":{\"@id\":\"https:\/\/coelectrix.com\/pt-pt\/#\/schema\/logo\/image\/\"}}]}<\/script>\n<!-- \/ Yoast SEO plugin. -->","yoast_head_json":{"title":"\u25b7 Conector de Nylon Faston Macho Multidirecional de Nylon | Coelectrix.com","description":"Conector faston de v\u00e1rias vias para terminais faston macho, dispon\u00edvel de 1 a 8 vias, tamb\u00e9m dispon\u00edvel em suportes f\u00eamea. Envio em 48h.","robots":{"index":"index","follow":"follow","max-snippet":"max-snippet:-1","max-image-preview":"max-image-preview:large","max-video-preview":"max-video-preview:-1"},"canonical":"https:\/\/coelectrix.com\/pt-pt\/produto\/conetor-faston-male-carrier-connector","og_locale":"pt_PT","og_type":"article","og_title":"\u25b7 Conector de Nylon Faston Macho Multidirecional de Nylon | Coelectrix.com","og_description":"Conector faston de v\u00e1rias vias para terminais faston macho, dispon\u00edvel de 1 a 8 vias, tamb\u00e9m dispon\u00edvel em suportes f\u00eamea. Envio em 48h.","og_url":"https:\/\/coelectrix.com\/pt-pt\/produto\/conetor-faston-male-carrier-connector","og_site_name":"Coelectrix","article_modified_time":"2025-08-19T04:06:26+00:00","og_image":[{"width":800,"height":800,"url":"https:\/\/coelectrix.com\/wp-content\/uploads\/2016\/02\/conectores-faston-porta-machos.jpg","type":"image\/jpeg"}],"twitter_card":"summary_large_image","twitter_misc":{"Tempo estimado de leitura":"1 minuto"},"schema":{"@context":"https:\/\/schema.org","@graph":[{"@type":"WebPage","@id":"https:\/\/coelectrix.com\/pt-pt\/produto\/conetor-faston-male-carrier-connector","url":"https:\/\/coelectrix.com\/pt-pt\/produto\/conetor-faston-male-carrier-connector","name":"\u25b7 Conector de Nylon Faston Macho Multidirecional de Nylon | Coelectrix.com","isPartOf":{"@id":"https:\/\/coelectrix.com\/pt-pt\/#website"},"primaryImageOfPage":{"@id":"https:\/\/coelectrix.com\/pt-pt\/produto\/conetor-faston-male-carrier-connector#primaryimage"},"image":{"@id":"https:\/\/coelectrix.com\/pt-pt\/produto\/conetor-faston-male-carrier-connector#primaryimage"},"thumbnailUrl":"https:\/\/coelectrix.com\/wp-content\/uploads\/2016\/02\/conectores-faston-porta-machos.jpg","datePublished":"2016-02-20T07:49:41+00:00","dateModified":"2025-08-19T04:06:26+00:00","description":"Conector faston de v\u00e1rias vias para terminais faston macho, dispon\u00edvel de 1 a 8 vias, tamb\u00e9m dispon\u00edvel em suportes f\u00eamea. Envio em 48h.","breadcrumb":{"@id":"https:\/\/coelectrix.com\/pt-pt\/produto\/conetor-faston-male-carrier-connector#breadcrumb"},"inLanguage":"pt-PT","potentialAction":[{"@type":"ReadAction","target":["https:\/\/coelectrix.com\/pt-pt\/produto\/conetor-faston-male-carrier-connector"]}]},{"@type":"ImageObject","inLanguage":"pt-PT","@id":"https:\/\/coelectrix.com\/pt-pt\/produto\/conetor-faston-male-carrier-connector#primaryimage","url":"https:\/\/coelectrix.com\/wp-content\/uploads\/2016\/02\/conectores-faston-porta-machos.jpg","contentUrl":"https:\/\/coelectrix.com\/wp-content\/uploads\/2016\/02\/conectores-faston-porta-machos.jpg","width":800,"height":800},{"@type":"BreadcrumbList","@id":"https:\/\/coelectrix.com\/pt-pt\/produto\/conetor-faston-male-carrier-connector#breadcrumb","itemListElement":[{"@type":"ListItem","position":1,"name":"Portada","item":"https:\/\/coelectrix.com\/"},{"@type":"ListItem","position":2,"name":"Loja","item":"https:\/\/coelectrix.com\/pt-pt\/loja"},{"@type":"ListItem","position":3,"name":"Conector de Nylon Faston Macho Multidirecional de Nylon"}]},{"@type":"WebSite","@id":"https:\/\/coelectrix.com\/pt-pt\/#website","url":"https:\/\/coelectrix.com\/pt-pt\/","name":"Coelectrix","description":"Componentes el\u00e9ctricos","publisher":{"@id":"https:\/\/coelectrix.com\/pt-pt\/#organization"},"potentialAction":[{"@type":"SearchAction","target":{"@type":"EntryPoint","urlTemplate":"https:\/\/coelectrix.com\/pt-pt\/?s={search_term_string}"},"query-input":{"@type":"PropertyValueSpecification","valueRequired":true,"valueName":"search_term_string"}}],"inLanguage":"pt-PT"},{"@type":"Organization","@id":"https:\/\/coelectrix.com\/pt-pt\/#organization","name":"coelectrix.com","url":"https:\/\/coelectrix.com\/pt-pt\/","logo":{"@type":"ImageObject","inLanguage":"pt-PT","@id":"https:\/\/coelectrix.com\/pt-pt\/#\/schema\/logo\/image\/","url":"https:\/\/coelectrix.com\/wp-content\/uploads\/2018\/05\/logo-coelectrix-400x400.jpg","contentUrl":"https:\/\/coelectrix.com\/wp-content\/uploads\/2018\/05\/logo-coelectrix-400x400.jpg","width":300,"height":300,"caption":"coelectrix.com"},"image":{"@id":"https:\/\/coelectrix.com\/pt-pt\/#\/schema\/logo\/image\/"}}]}},"_links":{"self":[{"href":"https:\/\/coelectrix.com\/pt-pt\/wp-json\/wp\/v2\/product\/75504","targetHints":{"allow":["GET"]}}],"collection":[{"href":"https:\/\/coelectrix.com\/pt-pt\/wp-json\/wp\/v2\/product"}],"about":[{"href":"https:\/\/coelectrix.com\/pt-pt\/wp-json\/wp\/v2\/types\/product"}],"version-history":[{"count":1,"href":"https:\/\/coelectrix.com\/pt-pt\/wp-json\/wp\/v2\/product\/75504\/revisions"}],"predecessor-version":[{"id":76921,"href":"https:\/\/coelectrix.com\/pt-pt\/wp-json\/wp\/v2\/product\/75504\/revisions\/76921"}],"wp:featuredmedia":[{"embeddable":true,"href":"https:\/\/coelectrix.com\/pt-pt\/wp-json\/wp\/v2\/media\/73131"}],"wp:attachment":[{"href":"https:\/\/coelectrix.com\/pt-pt\/wp-json\/wp\/v2\/media?parent=75504"}],"wp:term":[{"taxonomy":"product_brand","embeddable":true,"href":"https:\/\/coelectrix.com\/pt-pt\/wp-json\/wp\/v2\/product_brand?post=75504"},{"taxonomy":"product_cat","embeddable":true,"href":"https:\/\/coelectrix.com\/pt-pt\/wp-json\/wp\/v2\/product_cat?post=75504"},{"taxonomy":"product_tag","embeddable":true,"href":"https:\/\/coelectrix.com\/pt-pt\/wp-json\/wp\/v2\/product_tag?post=75504"}],"curies":[{"name":"wp","href":"https:\/\/api.w.org\/{rel}","templated":true}]}}