{"id":75511,"date":"2016-02-14T08:59:29","date_gmt":"2016-02-14T07:59:29","guid":{"rendered":"https:\/\/coelectrix.com\/producto\/conectores-mat-n-lok-femea"},"modified":"2025-08-19T06:06:27","modified_gmt":"2025-08-19T04:06:27","slug":"conectores-mat-n-lok-femea","status":"publish","type":"product","link":"https:\/\/coelectrix.com\/pt-pt\/produto\/conetor-mat-n-lok-feminino-mat-n-lok-feminino","title":{"rendered":"Conectores Mat-n-lok F\u00eamea"},"content":{"rendered":"<h3>Conector MATE-N-LOK de montagem a\u00e9rea f\u00eamea Mat-n-LOK da TE Connectivity<\/h3>\n<p>Conector MATE-N-LOK macho tipo tampa\/conetor MATE-N-LOK f\u00eamea a\u00e9reo para utiliza\u00e7\u00e3o em aplica\u00e7\u00f5es fio a fio. Estas caixas de conetor macho MATE-N-LOK apresentam um design compacto e dur\u00e1vel e s\u00e3o totalmente polarizadas, com um mecanismo de bloqueio positivo para garantir um acoplamento preciso e seguro.<br \/>\nAs caixas s\u00e3o feitas de nylon branco UL94V-0 ou UL94V-.<br \/>\nOs terminais, conectores macho e juntas de veda\u00e7\u00e3o opcionais podem ser encontrados na nossa gama de produtos.<\/p>\n<p>Outros conectores semelhantes <a href=\"http:\/\/www.coelectrix.com\/conectores\">AQUI.<\/a><\/p>\n<p>Devido ao seu baixo custo e grande versatilidade, o conetor mat-n-lok \u00e9 amplamente utilizado na ind\u00fastria.<\/p>\n<p>Especialmente na ind\u00fastria autom\u00f3vel e na maquinaria industrial.<\/p>\n<p>\u00c9 poss\u00edvel adicionar borrachas para aumentar a estanquicidade.<\/p>\n","protected":false},"excerpt":{"rendered":"<h3>Conector f\u00eamea de montagem no ar MAT-N-LOK da TE Connectivity<\/h3>\n<p>Conector do tipo f\u00eamea que aceita terminais macho e f\u00eamea.<\/p>\n<p><strong>Os terminais n\u00e3o est\u00e3o inclu\u00eddos neste conetor, podem ser encontrados aqui:<\/strong><br \/>\n<strong><span style=\"color: #000080;\"><a style=\"color: #000080;\" href=\"https:\/\/coelectrix.com\/pt-pt?post_type=product&#038;p=76511\" target=\"_blank\" rel=\"noopener\">Terminal Macho Mat-N-Lok<\/a><\/span><\/strong><br \/>\n<strong><a href=\"https:\/\/coelectrix.com\/pt-pt?post_type=product&#038;p=76512\" target=\"_blank\" rel=\"noopener\">Terminal f\u00eamea Mat-N-Lok<\/a><\/strong><\/p>\n","protected":false},"featured_media":73251,"template":"","meta":{"_acf_changed":false},"product_brand":[],"product_cat":[1364,1380],"product_tag":[1416],"class_list":{"0":"post-75511","1":"product","2":"type-product","3":"status-publish","4":"has-post-thumbnail","6":"product_cat-conectores-pt","7":"product_cat-mat-n-lok-2","8":"product_tag-conetor-multi-vias","10":"first","11":"instock","12":"taxable","13":"shipping-taxable","14":"purchasable","15":"product-type-variable"},"acf":[],"yoast_head":"<!-- This site is optimized with the Yoast SEO plugin v27.2 - https:\/\/yoast.com\/product\/yoast-seo-wordpress\/ -->\n<title>conetor f\u00eamea mat-n-lok|coelectrix.com|conectores<\/title>\n<meta name=\"description\" content=\"Conector MAT-N-LOK f\u00eamea MAT-N-LOK para utiliza\u00e7\u00e3o em aplica\u00e7\u00f5es fio-a-fio.\" \/>\n<meta name=\"robots\" content=\"index, follow, max-snippet:-1, max-image-preview:large, max-video-preview:-1\" \/>\n<link rel=\"canonical\" href=\"https:\/\/coelectrix.com\/pt-pt\/produto\/conetor-mat-n-lok-feminino-mat-n-lok-feminino\" \/>\n<meta property=\"og:locale\" content=\"pt_PT\" \/>\n<meta property=\"og:type\" content=\"article\" \/>\n<meta property=\"og:title\" content=\"conetor f\u00eamea mat-n-lok|coelectrix.com|conectores\" \/>\n<meta property=\"og:description\" content=\"Conector MAT-N-LOK f\u00eamea MAT-N-LOK para utiliza\u00e7\u00e3o em aplica\u00e7\u00f5es fio-a-fio.\" \/>\n<meta property=\"og:url\" content=\"https:\/\/coelectrix.com\/pt-pt\/produto\/conetor-mat-n-lok-feminino-mat-n-lok-feminino\" \/>\n<meta property=\"og:site_name\" content=\"Coelectrix\" \/>\n<meta property=\"article:modified_time\" content=\"2025-08-19T04:06:27+00:00\" \/>\n<meta property=\"og:image\" content=\"https:\/\/coelectrix.com\/wp-content\/uploads\/2016\/02\/conector-mat-n-lok-porta-hembras.jpg\" \/>\n\t<meta property=\"og:image:width\" content=\"800\" \/>\n\t<meta property=\"og:image:height\" content=\"800\" \/>\n\t<meta property=\"og:image:type\" content=\"image\/jpeg\" \/>\n<meta name=\"twitter:card\" content=\"summary_large_image\" \/>\n<meta name=\"twitter:label1\" content=\"Tempo estimado de leitura\" \/>\n\t<meta name=\"twitter:data1\" content=\"1 minuto\" \/>\n<script type=\"application\/ld+json\" class=\"yoast-schema-graph\">{\"@context\":\"https:\/\/schema.org\",\"@graph\":[{\"@type\":\"WebPage\",\"@id\":\"https:\/\/coelectrix.com\/pt-pt\/produto\/conetor-mat-n-lok-feminino-mat-n-lok-feminino\",\"url\":\"https:\/\/coelectrix.com\/pt-pt\/produto\/conetor-mat-n-lok-feminino-mat-n-lok-feminino\",\"name\":\"conetor f\u00eamea mat-n-lok|coelectrix.com|conectores\",\"isPartOf\":{\"@id\":\"https:\/\/coelectrix.com\/pt-pt\/#website\"},\"primaryImageOfPage\":{\"@id\":\"https:\/\/coelectrix.com\/pt-pt\/produto\/conetor-mat-n-lok-feminino-mat-n-lok-feminino#primaryimage\"},\"image\":{\"@id\":\"https:\/\/coelectrix.com\/pt-pt\/produto\/conetor-mat-n-lok-feminino-mat-n-lok-feminino#primaryimage\"},\"thumbnailUrl\":\"https:\/\/coelectrix.com\/wp-content\/uploads\/2016\/02\/conector-mat-n-lok-porta-hembras.jpg\",\"datePublished\":\"2016-02-14T07:59:29+00:00\",\"dateModified\":\"2025-08-19T04:06:27+00:00\",\"description\":\"Conector MAT-N-LOK f\u00eamea MAT-N-LOK para utiliza\u00e7\u00e3o em aplica\u00e7\u00f5es fio-a-fio.\",\"breadcrumb\":{\"@id\":\"https:\/\/coelectrix.com\/pt-pt\/produto\/conetor-mat-n-lok-feminino-mat-n-lok-feminino#breadcrumb\"},\"inLanguage\":\"pt-PT\",\"potentialAction\":[{\"@type\":\"ReadAction\",\"target\":[\"https:\/\/coelectrix.com\/pt-pt\/produto\/conetor-mat-n-lok-feminino-mat-n-lok-feminino\"]}]},{\"@type\":\"ImageObject\",\"inLanguage\":\"pt-PT\",\"@id\":\"https:\/\/coelectrix.com\/pt-pt\/produto\/conetor-mat-n-lok-feminino-mat-n-lok-feminino#primaryimage\",\"url\":\"https:\/\/coelectrix.com\/wp-content\/uploads\/2016\/02\/conector-mat-n-lok-porta-hembras.jpg\",\"contentUrl\":\"https:\/\/coelectrix.com\/wp-content\/uploads\/2016\/02\/conector-mat-n-lok-porta-hembras.jpg\",\"width\":800,\"height\":800,\"caption\":\"conetor mat-n-lok\"},{\"@type\":\"BreadcrumbList\",\"@id\":\"https:\/\/coelectrix.com\/pt-pt\/produto\/conetor-mat-n-lok-feminino-mat-n-lok-feminino#breadcrumb\",\"itemListElement\":[{\"@type\":\"ListItem\",\"position\":1,\"name\":\"Portada\",\"item\":\"https:\/\/coelectrix.com\/\"},{\"@type\":\"ListItem\",\"position\":2,\"name\":\"Loja\",\"item\":\"https:\/\/coelectrix.com\/pt-pt\/loja\"},{\"@type\":\"ListItem\",\"position\":3,\"name\":\"Conectores Mat-n-lok F\u00eamea\"}]},{\"@type\":\"WebSite\",\"@id\":\"https:\/\/coelectrix.com\/pt-pt\/#website\",\"url\":\"https:\/\/coelectrix.com\/pt-pt\/\",\"name\":\"Coelectrix\",\"description\":\"Componentes el\u00e9ctricos\",\"publisher\":{\"@id\":\"https:\/\/coelectrix.com\/pt-pt\/#organization\"},\"potentialAction\":[{\"@type\":\"SearchAction\",\"target\":{\"@type\":\"EntryPoint\",\"urlTemplate\":\"https:\/\/coelectrix.com\/pt-pt\/?s={search_term_string}\"},\"query-input\":{\"@type\":\"PropertyValueSpecification\",\"valueRequired\":true,\"valueName\":\"search_term_string\"}}],\"inLanguage\":\"pt-PT\"},{\"@type\":\"Organization\",\"@id\":\"https:\/\/coelectrix.com\/pt-pt\/#organization\",\"name\":\"coelectrix.com\",\"url\":\"https:\/\/coelectrix.com\/pt-pt\/\",\"logo\":{\"@type\":\"ImageObject\",\"inLanguage\":\"pt-PT\",\"@id\":\"https:\/\/coelectrix.com\/pt-pt\/#\/schema\/logo\/image\/\",\"url\":\"https:\/\/coelectrix.com\/wp-content\/uploads\/2018\/05\/logo-coelectrix-400x400.jpg\",\"contentUrl\":\"https:\/\/coelectrix.com\/wp-content\/uploads\/2018\/05\/logo-coelectrix-400x400.jpg\",\"width\":300,\"height\":300,\"caption\":\"coelectrix.com\"},\"image\":{\"@id\":\"https:\/\/coelectrix.com\/pt-pt\/#\/schema\/logo\/image\/\"}}]}<\/script>\n<!-- \/ Yoast SEO plugin. -->","yoast_head_json":{"title":"conetor f\u00eamea mat-n-lok|coelectrix.com|conectores","description":"Conector MAT-N-LOK f\u00eamea MAT-N-LOK para utiliza\u00e7\u00e3o em aplica\u00e7\u00f5es fio-a-fio.","robots":{"index":"index","follow":"follow","max-snippet":"max-snippet:-1","max-image-preview":"max-image-preview:large","max-video-preview":"max-video-preview:-1"},"canonical":"https:\/\/coelectrix.com\/pt-pt\/produto\/conetor-mat-n-lok-feminino-mat-n-lok-feminino","og_locale":"pt_PT","og_type":"article","og_title":"conetor f\u00eamea mat-n-lok|coelectrix.com|conectores","og_description":"Conector MAT-N-LOK f\u00eamea MAT-N-LOK para utiliza\u00e7\u00e3o em aplica\u00e7\u00f5es fio-a-fio.","og_url":"https:\/\/coelectrix.com\/pt-pt\/produto\/conetor-mat-n-lok-feminino-mat-n-lok-feminino","og_site_name":"Coelectrix","article_modified_time":"2025-08-19T04:06:27+00:00","og_image":[{"width":800,"height":800,"url":"https:\/\/coelectrix.com\/wp-content\/uploads\/2016\/02\/conector-mat-n-lok-porta-hembras.jpg","type":"image\/jpeg"}],"twitter_card":"summary_large_image","twitter_misc":{"Tempo estimado de leitura":"1 minuto"},"schema":{"@context":"https:\/\/schema.org","@graph":[{"@type":"WebPage","@id":"https:\/\/coelectrix.com\/pt-pt\/produto\/conetor-mat-n-lok-feminino-mat-n-lok-feminino","url":"https:\/\/coelectrix.com\/pt-pt\/produto\/conetor-mat-n-lok-feminino-mat-n-lok-feminino","name":"conetor f\u00eamea mat-n-lok|coelectrix.com|conectores","isPartOf":{"@id":"https:\/\/coelectrix.com\/pt-pt\/#website"},"primaryImageOfPage":{"@id":"https:\/\/coelectrix.com\/pt-pt\/produto\/conetor-mat-n-lok-feminino-mat-n-lok-feminino#primaryimage"},"image":{"@id":"https:\/\/coelectrix.com\/pt-pt\/produto\/conetor-mat-n-lok-feminino-mat-n-lok-feminino#primaryimage"},"thumbnailUrl":"https:\/\/coelectrix.com\/wp-content\/uploads\/2016\/02\/conector-mat-n-lok-porta-hembras.jpg","datePublished":"2016-02-14T07:59:29+00:00","dateModified":"2025-08-19T04:06:27+00:00","description":"Conector MAT-N-LOK f\u00eamea MAT-N-LOK para utiliza\u00e7\u00e3o em aplica\u00e7\u00f5es fio-a-fio.","breadcrumb":{"@id":"https:\/\/coelectrix.com\/pt-pt\/produto\/conetor-mat-n-lok-feminino-mat-n-lok-feminino#breadcrumb"},"inLanguage":"pt-PT","potentialAction":[{"@type":"ReadAction","target":["https:\/\/coelectrix.com\/pt-pt\/produto\/conetor-mat-n-lok-feminino-mat-n-lok-feminino"]}]},{"@type":"ImageObject","inLanguage":"pt-PT","@id":"https:\/\/coelectrix.com\/pt-pt\/produto\/conetor-mat-n-lok-feminino-mat-n-lok-feminino#primaryimage","url":"https:\/\/coelectrix.com\/wp-content\/uploads\/2016\/02\/conector-mat-n-lok-porta-hembras.jpg","contentUrl":"https:\/\/coelectrix.com\/wp-content\/uploads\/2016\/02\/conector-mat-n-lok-porta-hembras.jpg","width":800,"height":800,"caption":"conetor mat-n-lok"},{"@type":"BreadcrumbList","@id":"https:\/\/coelectrix.com\/pt-pt\/produto\/conetor-mat-n-lok-feminino-mat-n-lok-feminino#breadcrumb","itemListElement":[{"@type":"ListItem","position":1,"name":"Portada","item":"https:\/\/coelectrix.com\/"},{"@type":"ListItem","position":2,"name":"Loja","item":"https:\/\/coelectrix.com\/pt-pt\/loja"},{"@type":"ListItem","position":3,"name":"Conectores Mat-n-lok F\u00eamea"}]},{"@type":"WebSite","@id":"https:\/\/coelectrix.com\/pt-pt\/#website","url":"https:\/\/coelectrix.com\/pt-pt\/","name":"Coelectrix","description":"Componentes el\u00e9ctricos","publisher":{"@id":"https:\/\/coelectrix.com\/pt-pt\/#organization"},"potentialAction":[{"@type":"SearchAction","target":{"@type":"EntryPoint","urlTemplate":"https:\/\/coelectrix.com\/pt-pt\/?s={search_term_string}"},"query-input":{"@type":"PropertyValueSpecification","valueRequired":true,"valueName":"search_term_string"}}],"inLanguage":"pt-PT"},{"@type":"Organization","@id":"https:\/\/coelectrix.com\/pt-pt\/#organization","name":"coelectrix.com","url":"https:\/\/coelectrix.com\/pt-pt\/","logo":{"@type":"ImageObject","inLanguage":"pt-PT","@id":"https:\/\/coelectrix.com\/pt-pt\/#\/schema\/logo\/image\/","url":"https:\/\/coelectrix.com\/wp-content\/uploads\/2018\/05\/logo-coelectrix-400x400.jpg","contentUrl":"https:\/\/coelectrix.com\/wp-content\/uploads\/2018\/05\/logo-coelectrix-400x400.jpg","width":300,"height":300,"caption":"coelectrix.com"},"image":{"@id":"https:\/\/coelectrix.com\/pt-pt\/#\/schema\/logo\/image\/"}}]}},"_links":{"self":[{"href":"https:\/\/coelectrix.com\/pt-pt\/wp-json\/wp\/v2\/product\/75511","targetHints":{"allow":["GET"]}}],"collection":[{"href":"https:\/\/coelectrix.com\/pt-pt\/wp-json\/wp\/v2\/product"}],"about":[{"href":"https:\/\/coelectrix.com\/pt-pt\/wp-json\/wp\/v2\/types\/product"}],"version-history":[{"count":2,"href":"https:\/\/coelectrix.com\/pt-pt\/wp-json\/wp\/v2\/product\/75511\/revisions"}],"predecessor-version":[{"id":77208,"href":"https:\/\/coelectrix.com\/pt-pt\/wp-json\/wp\/v2\/product\/75511\/revisions\/77208"}],"wp:featuredmedia":[{"embeddable":true,"href":"https:\/\/coelectrix.com\/pt-pt\/wp-json\/wp\/v2\/media\/73251"}],"wp:attachment":[{"href":"https:\/\/coelectrix.com\/pt-pt\/wp-json\/wp\/v2\/media?parent=75511"}],"wp:term":[{"taxonomy":"product_brand","embeddable":true,"href":"https:\/\/coelectrix.com\/pt-pt\/wp-json\/wp\/v2\/product_brand?post=75511"},{"taxonomy":"product_cat","embeddable":true,"href":"https:\/\/coelectrix.com\/pt-pt\/wp-json\/wp\/v2\/product_cat?post=75511"},{"taxonomy":"product_tag","embeddable":true,"href":"https:\/\/coelectrix.com\/pt-pt\/wp-json\/wp\/v2\/product_tag?post=75511"}],"curies":[{"name":"wp","href":"https:\/\/api.w.org\/{rel}","templated":true}]}}