{"id":75598,"date":"2018-02-17T20:15:34","date_gmt":"2018-02-17T19:15:34","guid":{"rendered":"https:\/\/coelectrix.com\/producto\/base-de-13-polos-reboque"},"modified":"2025-08-19T06:05:20","modified_gmt":"2025-08-19T04:05:20","slug":"base-de-13-polos-reboque","status":"publish","type":"product","link":"https:\/\/coelectrix.com\/pt-pt\/produto\/produto\/base-13-polos-reboque","title":{"rendered":"Base de 13 p\u00f3los Reboque"},"content":{"rendered":"<h1>Tomada de reboque de 13 p\u00f3los<\/h1>\n<p>Tomada de liga\u00e7\u00e3o de 13 p\u00f3los para reboque<\/p>\n","protected":false},"excerpt":{"rendered":"<p><span style=\"font-size: 14pt; font-family: helvetica, arial, sans-serif; color: #000000;\">Base de liga\u00e7\u00e3o de 13 p\u00f3los<\/span><\/p>\n<p><span style=\"font-family: helvetica, arial, sans-serif; color: #000000;\">Base de liga\u00e7\u00e3o para liga\u00e7\u00e3o \u00e0 ficha de 13 p\u00f3los, necess\u00e1ria para instala\u00e7\u00f5es em reboques e caravanas.<\/span><\/p>\n<p><span style=\"font-family: helvetica, arial, sans-serif; color: #000000;\"><strong>Material<\/strong>: pl\u00e1stico<\/span><\/p>\n<p><span style=\"font-family: helvetica, arial, sans-serif; color: #000000;\"><strong>Liga\u00e7\u00e3o<\/strong>: 13 p\u00f3los<\/span><\/p>\n<p><span style=\"font-family: helvetica, arial, sans-serif; color: #000000;\">O pre\u00e7o indicado inclui IVA.<\/span><\/p>\n<p><a href=\"https:\/\/coelectrix.com\/?attachment_id=715\" rel=\"attachment wp-att-715\"><img decoding=\"async\" class=\"alignleft size-full wp-image-715\" src=\"https:\/\/coelectrix.com\/wp-content\/uploads\/2016\/09\/payment-logo-1.png\" alt=\"\" width=\"245\" height=\"62\" srcset=\"https:\/\/coelectrix.com\/wp-content\/uploads\/2016\/09\/payment-logo-1.png 245w, https:\/\/coelectrix.com\/wp-content\/uploads\/2016\/09\/payment-logo-1-64x16.png 64w\" sizes=\"(max-width: 245px) 100vw, 245px\" \/><\/a><\/p>\n","protected":false},"featured_media":72736,"template":"","meta":{"_acf_changed":false},"product_brand":[],"product_cat":[1367,1348],"product_tag":[],"class_list":{"0":"post-75598","1":"product","2":"type-product","3":"status-publish","4":"has-post-thumbnail","6":"product_cat-conectores-de-reboque","7":"product_cat-ligacoes-do-reboque","9":"first","10":"instock","11":"taxable","12":"shipping-taxable","13":"purchasable","14":"product-type-simple"},"acf":[],"yoast_head":"<!-- This site is optimized with the Yoast SEO plugin v27.2 - https:\/\/yoast.com\/product\/yoast-seo-wordpress\/ -->\n<title>Base 13 p\u00f3los Trailer | Loja online de cabos e conectores Trailer<\/title>\n<meta name=\"description\" content=\"Tomada de reboque de 13 p\u00f3los para liga\u00e7\u00f5es el\u00e9ctricas em reboques ou caravanas | Loja online de cabos e liga\u00e7\u00f5es para reboques e caravanas.\" \/>\n<meta name=\"robots\" content=\"index, follow, max-snippet:-1, max-image-preview:large, max-video-preview:-1\" \/>\n<link rel=\"canonical\" href=\"https:\/\/coelectrix.com\/pt-pt\/produto\/produto\/base-13-polos-reboque\" \/>\n<meta property=\"og:locale\" content=\"pt_PT\" \/>\n<meta property=\"og:type\" content=\"article\" \/>\n<meta property=\"og:title\" content=\"Base 13 p\u00f3los Trailer | Loja online de cabos e conectores Trailer\" \/>\n<meta property=\"og:description\" content=\"Tomada de reboque de 13 p\u00f3los para liga\u00e7\u00f5es el\u00e9ctricas em reboques ou caravanas | Loja online de cabos e liga\u00e7\u00f5es para reboques e caravanas.\" \/>\n<meta property=\"og:url\" content=\"https:\/\/coelectrix.com\/pt-pt\/produto\/produto\/base-13-polos-reboque\" \/>\n<meta property=\"og:site_name\" content=\"Coelectrix\" \/>\n<meta property=\"article:modified_time\" content=\"2025-08-19T04:05:20+00:00\" \/>\n<meta property=\"og:image\" content=\"https:\/\/coelectrix.com\/wp-content\/uploads\/2018\/02\/base-13-polos-remolque.jpg\" \/>\n\t<meta property=\"og:image:width\" content=\"300\" \/>\n\t<meta property=\"og:image:height\" content=\"300\" \/>\n\t<meta property=\"og:image:type\" content=\"image\/jpeg\" \/>\n<meta name=\"twitter:card\" content=\"summary_large_image\" \/>\n<script type=\"application\/ld+json\" class=\"yoast-schema-graph\">{\"@context\":\"https:\/\/schema.org\",\"@graph\":[{\"@type\":\"WebPage\",\"@id\":\"https:\/\/coelectrix.com\/pt-pt\/produto\/produto\/base-13-polos-reboque\",\"url\":\"https:\/\/coelectrix.com\/pt-pt\/produto\/produto\/base-13-polos-reboque\",\"name\":\"Base 13 p\u00f3los Trailer | Loja online de cabos e conectores Trailer\",\"isPartOf\":{\"@id\":\"https:\/\/coelectrix.com\/pt-pt\/#website\"},\"primaryImageOfPage\":{\"@id\":\"https:\/\/coelectrix.com\/pt-pt\/produto\/produto\/base-13-polos-reboque#primaryimage\"},\"image\":{\"@id\":\"https:\/\/coelectrix.com\/pt-pt\/produto\/produto\/base-13-polos-reboque#primaryimage\"},\"thumbnailUrl\":\"https:\/\/coelectrix.com\/wp-content\/uploads\/2018\/02\/base-13-polos-remolque.jpg\",\"datePublished\":\"2018-02-17T19:15:34+00:00\",\"dateModified\":\"2025-08-19T04:05:20+00:00\",\"description\":\"Tomada de reboque de 13 p\u00f3los para liga\u00e7\u00f5es el\u00e9ctricas em reboques ou caravanas | Loja online de cabos e liga\u00e7\u00f5es para reboques e caravanas.\",\"breadcrumb\":{\"@id\":\"https:\/\/coelectrix.com\/pt-pt\/produto\/produto\/base-13-polos-reboque#breadcrumb\"},\"inLanguage\":\"pt-PT\",\"potentialAction\":[{\"@type\":\"ReadAction\",\"target\":[\"https:\/\/coelectrix.com\/pt-pt\/produto\/produto\/base-13-polos-reboque\"]}]},{\"@type\":\"ImageObject\",\"inLanguage\":\"pt-PT\",\"@id\":\"https:\/\/coelectrix.com\/pt-pt\/produto\/produto\/base-13-polos-reboque#primaryimage\",\"url\":\"https:\/\/coelectrix.com\/wp-content\/uploads\/2018\/02\/base-13-polos-remolque.jpg\",\"contentUrl\":\"https:\/\/coelectrix.com\/wp-content\/uploads\/2018\/02\/base-13-polos-remolque.jpg\",\"width\":300,\"height\":300,\"caption\":\"Base de reboque de 13 p\u00f3los\"},{\"@type\":\"BreadcrumbList\",\"@id\":\"https:\/\/coelectrix.com\/pt-pt\/produto\/produto\/base-13-polos-reboque#breadcrumb\",\"itemListElement\":[{\"@type\":\"ListItem\",\"position\":1,\"name\":\"Portada\",\"item\":\"https:\/\/coelectrix.com\/\"},{\"@type\":\"ListItem\",\"position\":2,\"name\":\"Loja\",\"item\":\"https:\/\/coelectrix.com\/pt-pt\/loja\"},{\"@type\":\"ListItem\",\"position\":3,\"name\":\"Base de 13 p\u00f3los Reboque\"}]},{\"@type\":\"WebSite\",\"@id\":\"https:\/\/coelectrix.com\/pt-pt\/#website\",\"url\":\"https:\/\/coelectrix.com\/pt-pt\/\",\"name\":\"Coelectrix\",\"description\":\"Componentes el\u00e9ctricos\",\"publisher\":{\"@id\":\"https:\/\/coelectrix.com\/pt-pt\/#organization\"},\"potentialAction\":[{\"@type\":\"SearchAction\",\"target\":{\"@type\":\"EntryPoint\",\"urlTemplate\":\"https:\/\/coelectrix.com\/pt-pt\/?s={search_term_string}\"},\"query-input\":{\"@type\":\"PropertyValueSpecification\",\"valueRequired\":true,\"valueName\":\"search_term_string\"}}],\"inLanguage\":\"pt-PT\"},{\"@type\":\"Organization\",\"@id\":\"https:\/\/coelectrix.com\/pt-pt\/#organization\",\"name\":\"coelectrix.com\",\"url\":\"https:\/\/coelectrix.com\/pt-pt\/\",\"logo\":{\"@type\":\"ImageObject\",\"inLanguage\":\"pt-PT\",\"@id\":\"https:\/\/coelectrix.com\/pt-pt\/#\/schema\/logo\/image\/\",\"url\":\"https:\/\/coelectrix.com\/wp-content\/uploads\/2018\/05\/logo-coelectrix-400x400.jpg\",\"contentUrl\":\"https:\/\/coelectrix.com\/wp-content\/uploads\/2018\/05\/logo-coelectrix-400x400.jpg\",\"width\":300,\"height\":300,\"caption\":\"coelectrix.com\"},\"image\":{\"@id\":\"https:\/\/coelectrix.com\/pt-pt\/#\/schema\/logo\/image\/\"}}]}<\/script>\n<!-- \/ Yoast SEO plugin. -->","yoast_head_json":{"title":"Base 13 p\u00f3los Trailer | Loja online de cabos e conectores Trailer","description":"Tomada de reboque de 13 p\u00f3los para liga\u00e7\u00f5es el\u00e9ctricas em reboques ou caravanas | Loja online de cabos e liga\u00e7\u00f5es para reboques e caravanas.","robots":{"index":"index","follow":"follow","max-snippet":"max-snippet:-1","max-image-preview":"max-image-preview:large","max-video-preview":"max-video-preview:-1"},"canonical":"https:\/\/coelectrix.com\/pt-pt\/produto\/produto\/base-13-polos-reboque","og_locale":"pt_PT","og_type":"article","og_title":"Base 13 p\u00f3los Trailer | Loja online de cabos e conectores Trailer","og_description":"Tomada de reboque de 13 p\u00f3los para liga\u00e7\u00f5es el\u00e9ctricas em reboques ou caravanas | Loja online de cabos e liga\u00e7\u00f5es para reboques e caravanas.","og_url":"https:\/\/coelectrix.com\/pt-pt\/produto\/produto\/base-13-polos-reboque","og_site_name":"Coelectrix","article_modified_time":"2025-08-19T04:05:20+00:00","og_image":[{"width":300,"height":300,"url":"https:\/\/coelectrix.com\/wp-content\/uploads\/2018\/02\/base-13-polos-remolque.jpg","type":"image\/jpeg"}],"twitter_card":"summary_large_image","schema":{"@context":"https:\/\/schema.org","@graph":[{"@type":"WebPage","@id":"https:\/\/coelectrix.com\/pt-pt\/produto\/produto\/base-13-polos-reboque","url":"https:\/\/coelectrix.com\/pt-pt\/produto\/produto\/base-13-polos-reboque","name":"Base 13 p\u00f3los Trailer | Loja online de cabos e conectores Trailer","isPartOf":{"@id":"https:\/\/coelectrix.com\/pt-pt\/#website"},"primaryImageOfPage":{"@id":"https:\/\/coelectrix.com\/pt-pt\/produto\/produto\/base-13-polos-reboque#primaryimage"},"image":{"@id":"https:\/\/coelectrix.com\/pt-pt\/produto\/produto\/base-13-polos-reboque#primaryimage"},"thumbnailUrl":"https:\/\/coelectrix.com\/wp-content\/uploads\/2018\/02\/base-13-polos-remolque.jpg","datePublished":"2018-02-17T19:15:34+00:00","dateModified":"2025-08-19T04:05:20+00:00","description":"Tomada de reboque de 13 p\u00f3los para liga\u00e7\u00f5es el\u00e9ctricas em reboques ou caravanas | Loja online de cabos e liga\u00e7\u00f5es para reboques e caravanas.","breadcrumb":{"@id":"https:\/\/coelectrix.com\/pt-pt\/produto\/produto\/base-13-polos-reboque#breadcrumb"},"inLanguage":"pt-PT","potentialAction":[{"@type":"ReadAction","target":["https:\/\/coelectrix.com\/pt-pt\/produto\/produto\/base-13-polos-reboque"]}]},{"@type":"ImageObject","inLanguage":"pt-PT","@id":"https:\/\/coelectrix.com\/pt-pt\/produto\/produto\/base-13-polos-reboque#primaryimage","url":"https:\/\/coelectrix.com\/wp-content\/uploads\/2018\/02\/base-13-polos-remolque.jpg","contentUrl":"https:\/\/coelectrix.com\/wp-content\/uploads\/2018\/02\/base-13-polos-remolque.jpg","width":300,"height":300,"caption":"Base de reboque de 13 p\u00f3los"},{"@type":"BreadcrumbList","@id":"https:\/\/coelectrix.com\/pt-pt\/produto\/produto\/base-13-polos-reboque#breadcrumb","itemListElement":[{"@type":"ListItem","position":1,"name":"Portada","item":"https:\/\/coelectrix.com\/"},{"@type":"ListItem","position":2,"name":"Loja","item":"https:\/\/coelectrix.com\/pt-pt\/loja"},{"@type":"ListItem","position":3,"name":"Base de 13 p\u00f3los Reboque"}]},{"@type":"WebSite","@id":"https:\/\/coelectrix.com\/pt-pt\/#website","url":"https:\/\/coelectrix.com\/pt-pt\/","name":"Coelectrix","description":"Componentes el\u00e9ctricos","publisher":{"@id":"https:\/\/coelectrix.com\/pt-pt\/#organization"},"potentialAction":[{"@type":"SearchAction","target":{"@type":"EntryPoint","urlTemplate":"https:\/\/coelectrix.com\/pt-pt\/?s={search_term_string}"},"query-input":{"@type":"PropertyValueSpecification","valueRequired":true,"valueName":"search_term_string"}}],"inLanguage":"pt-PT"},{"@type":"Organization","@id":"https:\/\/coelectrix.com\/pt-pt\/#organization","name":"coelectrix.com","url":"https:\/\/coelectrix.com\/pt-pt\/","logo":{"@type":"ImageObject","inLanguage":"pt-PT","@id":"https:\/\/coelectrix.com\/pt-pt\/#\/schema\/logo\/image\/","url":"https:\/\/coelectrix.com\/wp-content\/uploads\/2018\/05\/logo-coelectrix-400x400.jpg","contentUrl":"https:\/\/coelectrix.com\/wp-content\/uploads\/2018\/05\/logo-coelectrix-400x400.jpg","width":300,"height":300,"caption":"coelectrix.com"},"image":{"@id":"https:\/\/coelectrix.com\/pt-pt\/#\/schema\/logo\/image\/"}}]}},"_links":{"self":[{"href":"https:\/\/coelectrix.com\/pt-pt\/wp-json\/wp\/v2\/product\/75598","targetHints":{"allow":["GET"]}}],"collection":[{"href":"https:\/\/coelectrix.com\/pt-pt\/wp-json\/wp\/v2\/product"}],"about":[{"href":"https:\/\/coelectrix.com\/pt-pt\/wp-json\/wp\/v2\/types\/product"}],"version-history":[{"count":1,"href":"https:\/\/coelectrix.com\/pt-pt\/wp-json\/wp\/v2\/product\/75598\/revisions"}],"predecessor-version":[{"id":76862,"href":"https:\/\/coelectrix.com\/pt-pt\/wp-json\/wp\/v2\/product\/75598\/revisions\/76862"}],"wp:featuredmedia":[{"embeddable":true,"href":"https:\/\/coelectrix.com\/pt-pt\/wp-json\/wp\/v2\/media\/72736"}],"wp:attachment":[{"href":"https:\/\/coelectrix.com\/pt-pt\/wp-json\/wp\/v2\/media?parent=75598"}],"wp:term":[{"taxonomy":"product_brand","embeddable":true,"href":"https:\/\/coelectrix.com\/pt-pt\/wp-json\/wp\/v2\/product_brand?post=75598"},{"taxonomy":"product_cat","embeddable":true,"href":"https:\/\/coelectrix.com\/pt-pt\/wp-json\/wp\/v2\/product_cat?post=75598"},{"taxonomy":"product_tag","embeddable":true,"href":"https:\/\/coelectrix.com\/pt-pt\/wp-json\/wp\/v2\/product_tag?post=75598"}],"curies":[{"name":"wp","href":"https:\/\/api.w.org\/{rel}","templated":true}]}}