{"id":75609,"date":"2016-09-27T10:41:04","date_gmt":"2016-09-27T08:41:04","guid":{"rendered":"https:\/\/coelectrix.com\/producto\/tubo-ondulado-automovel-corte-em-comprimentos-de-todos-os-tamanhos"},"modified":"2025-08-19T06:05:54","modified_gmt":"2025-08-19T04:05:54","slug":"tubo-ondulado-automovel-corte-em-comprimentos-de-todos-os-tamanhos","status":"publish","type":"product","link":"https:\/\/coelectrix.com\/pt-pt\/produto\/tubo-canelado-pa6-cut-metros","title":{"rendered":"Tubo ondulado Autom\u00f3vel Corte em comprimentos de todos os tamanhos"},"content":{"rendered":"<h2><strong>Comprar tubo ondulado para autom\u00f3veis<\/strong><\/h2>\n<h3><b>Prote\u00e7\u00e3o de cabos<\/b><\/h3>\n<p>Cortamos os metros de que necessita a partir de todos os tamanhos dispon\u00edveis.<\/p>\n<p><strong>Tubo corrugado<\/strong> de poliamida PA6, para instala\u00e7\u00f5es el\u00e9ctricas, prote\u00e7\u00e3o isolante. Especialmente adequado para instala\u00e7\u00f5es el\u00e9ctricas em autom\u00f3veis devido ao seu elevado grau de prote\u00e7\u00e3o contra a fric\u00e7\u00e3o e a temperatura.<\/p>\n<p>Estanque ao ar e aos l\u00edquidos, resistente a solu\u00e7\u00f5es salinas aquosas, \u00e1cidos e \u00e1lcalis; altamente resistente a solventes, resistente ao ozono, isento de silicone, c\u00e1dmio e halog\u00e9neos. Resistente aos raios UV em preto, resistente aos raios UV em cinzento, condicionado.<\/p>\n<p>Gama de temperaturas: -40\u00b0C a +115\u00b0C, suportando temperaturas at\u00e9 +150\u00b0C em alguns casos.<\/p>\n<p>Cor: preto<\/p>\n<h2><strong>TAMANHOS DISPON\u00cdVEIS<\/strong><\/h2>\n<p>Diametros NW: 4,5mm|7,5mm|8,5mm|10mm|13mm|14mm|17mm|22mm|95mm<\/p>\n<p>Norma EN 50086-2-3:1995<br \/>\nIP 68 Em conformidade com a norma EN 60529<\/p>\n<h3><strong>Acess\u00f3rios para tubo corrugado<\/strong><\/h3>\n<p>Tamb\u00e9m temos ramais para poder completar a cablagem de forma eficiente, dispon\u00edveis em forma de T ou Y de acordo com as suas necessidades.<br \/>\nNesta liga\u00e7\u00e3o, pode ver os modelos de <a href=\"https:\/\/coelectrix.com\/pt-pt\/referencias\">ramais de tubos ondulados para autom\u00f3veis<\/a> e a variedade de tamanhos dispon\u00edveis para satisfazer as suas necessidades.<\/p>\n<p>Outros tamanhos dispon\u00edveis <a href=\"http:\/\/www.coelectrix.com\/tubo-corrugado\">aqui<\/a>.<\/p>\n","protected":false},"excerpt":{"rendered":"<p>Tubo corrugado de poliamida PA6 Preto.<\/p>\n<p>Cortamos os metros de que necessita e o di\u00e2metro NW que escolher (di\u00e2metro interior em mm).<\/p>\n<p>O pre\u00e7o indicado \u00e9 por metro.<\/p>\n<p>Tubos para instala\u00e7\u00f5es el\u00e9ctricas, prote\u00e7\u00e3o isolante. Especialmente indicados para a constru\u00e7\u00e3o de m\u00e1quinas, autom\u00f3vel e instala\u00e7\u00f5es industriais.<\/p>\n","protected":false},"featured_media":72638,"template":"","meta":{"_acf_changed":false},"product_brand":[],"product_cat":[1404,1403],"product_tag":[1426,1443,1444],"class_list":{"0":"post-75609","1":"product","2":"type-product","3":"status-publish","4":"has-post-thumbnail","6":"product_cat-corrugado-a-metros-2","7":"product_cat-tubo-corrugado-pt","8":"product_tag-pa6-pt","9":"product_tag-tubo-pt","10":"product_tag-tubo-corrugado-pt","12":"first","13":"instock","14":"taxable","15":"shipping-taxable","16":"purchasable","17":"product-type-variable"},"acf":[],"yoast_head":"<!-- This site is optimized with the Yoast SEO plugin v27.2 - https:\/\/yoast.com\/product\/yoast-seo-wordpress\/ -->\n<title>\u25b7 Tubo corrugado automotivo |% Coelectrix.com<\/title>\n<meta name=\"description\" content=\"Tubos ondulados de poliamida para autom\u00f3veis | Comprar tubos ondulados de todos os tamanhos | Cortados em metros e em rolos \u27a4 Melhores pre\u00e7os online\" \/>\n<meta name=\"robots\" content=\"index, follow, max-snippet:-1, max-image-preview:large, max-video-preview:-1\" \/>\n<link rel=\"canonical\" href=\"https:\/\/coelectrix.com\/pt-pt\/produto\/tubo-canelado-pa6-cut-metros\" \/>\n<meta property=\"og:locale\" content=\"pt_PT\" \/>\n<meta property=\"og:type\" content=\"article\" \/>\n<meta property=\"og:title\" content=\"\u25b7 Tubo corrugado automotivo |% Coelectrix.com\" \/>\n<meta property=\"og:description\" content=\"Tubos ondulados de poliamida para autom\u00f3veis | Comprar tubos ondulados de todos os tamanhos | Cortados em metros e em rolos \u27a4 Melhores pre\u00e7os online\" \/>\n<meta property=\"og:url\" content=\"https:\/\/coelectrix.com\/pt-pt\/produto\/tubo-canelado-pa6-cut-metros\" \/>\n<meta property=\"og:site_name\" content=\"Coelectrix\" \/>\n<meta property=\"article:modified_time\" content=\"2025-08-19T04:05:54+00:00\" \/>\n<meta property=\"og:image\" content=\"https:\/\/coelectrix.com\/wp-content\/uploads\/2016\/09\/tubo-corrugado-pa6.jpg\" \/>\n\t<meta property=\"og:image:width\" content=\"300\" \/>\n\t<meta property=\"og:image:height\" content=\"300\" \/>\n\t<meta property=\"og:image:type\" content=\"image\/jpeg\" \/>\n<meta name=\"twitter:card\" content=\"summary_large_image\" \/>\n<meta name=\"twitter:label1\" content=\"Tempo estimado de leitura\" \/>\n\t<meta name=\"twitter:data1\" content=\"1 minuto\" \/>\n<script type=\"application\/ld+json\" class=\"yoast-schema-graph\">{\"@context\":\"https:\/\/schema.org\",\"@graph\":[{\"@type\":\"WebPage\",\"@id\":\"https:\/\/coelectrix.com\/pt-pt\/produto\/tubo-canelado-pa6-cut-metros\",\"url\":\"https:\/\/coelectrix.com\/pt-pt\/produto\/tubo-canelado-pa6-cut-metros\",\"name\":\"\u25b7 Tubo corrugado automotivo |% Coelectrix.com\",\"isPartOf\":{\"@id\":\"https:\/\/coelectrix.com\/pt-pt\/#website\"},\"primaryImageOfPage\":{\"@id\":\"https:\/\/coelectrix.com\/pt-pt\/produto\/tubo-canelado-pa6-cut-metros#primaryimage\"},\"image\":{\"@id\":\"https:\/\/coelectrix.com\/pt-pt\/produto\/tubo-canelado-pa6-cut-metros#primaryimage\"},\"thumbnailUrl\":\"https:\/\/coelectrix.com\/wp-content\/uploads\/2016\/09\/tubo-corrugado-pa6.jpg\",\"datePublished\":\"2016-09-27T08:41:04+00:00\",\"dateModified\":\"2025-08-19T04:05:54+00:00\",\"description\":\"Tubos ondulados de poliamida para autom\u00f3veis | Comprar tubos ondulados de todos os tamanhos | Cortados em metros e em rolos \u27a4 Melhores pre\u00e7os online\",\"breadcrumb\":{\"@id\":\"https:\/\/coelectrix.com\/pt-pt\/produto\/tubo-canelado-pa6-cut-metros#breadcrumb\"},\"inLanguage\":\"pt-PT\",\"potentialAction\":[{\"@type\":\"ReadAction\",\"target\":[\"https:\/\/coelectrix.com\/pt-pt\/produto\/tubo-canelado-pa6-cut-metros\"]}]},{\"@type\":\"ImageObject\",\"inLanguage\":\"pt-PT\",\"@id\":\"https:\/\/coelectrix.com\/pt-pt\/produto\/tubo-canelado-pa6-cut-metros#primaryimage\",\"url\":\"https:\/\/coelectrix.com\/wp-content\/uploads\/2016\/09\/tubo-corrugado-pa6.jpg\",\"contentUrl\":\"https:\/\/coelectrix.com\/wp-content\/uploads\/2016\/09\/tubo-corrugado-pa6.jpg\",\"width\":300,\"height\":300,\"caption\":\"tubo corrugado cortado \u00e0 medida\"},{\"@type\":\"BreadcrumbList\",\"@id\":\"https:\/\/coelectrix.com\/pt-pt\/produto\/tubo-canelado-pa6-cut-metros#breadcrumb\",\"itemListElement\":[{\"@type\":\"ListItem\",\"position\":1,\"name\":\"Portada\",\"item\":\"https:\/\/coelectrix.com\/\"},{\"@type\":\"ListItem\",\"position\":2,\"name\":\"Loja\",\"item\":\"https:\/\/coelectrix.com\/pt-pt\/loja\"},{\"@type\":\"ListItem\",\"position\":3,\"name\":\"Tubo ondulado Autom\u00f3vel Corte em comprimentos de todos os tamanhos\"}]},{\"@type\":\"WebSite\",\"@id\":\"https:\/\/coelectrix.com\/pt-pt\/#website\",\"url\":\"https:\/\/coelectrix.com\/pt-pt\/\",\"name\":\"Coelectrix\",\"description\":\"Componentes el\u00e9ctricos\",\"publisher\":{\"@id\":\"https:\/\/coelectrix.com\/pt-pt\/#organization\"},\"potentialAction\":[{\"@type\":\"SearchAction\",\"target\":{\"@type\":\"EntryPoint\",\"urlTemplate\":\"https:\/\/coelectrix.com\/pt-pt\/?s={search_term_string}\"},\"query-input\":{\"@type\":\"PropertyValueSpecification\",\"valueRequired\":true,\"valueName\":\"search_term_string\"}}],\"inLanguage\":\"pt-PT\"},{\"@type\":\"Organization\",\"@id\":\"https:\/\/coelectrix.com\/pt-pt\/#organization\",\"name\":\"coelectrix.com\",\"url\":\"https:\/\/coelectrix.com\/pt-pt\/\",\"logo\":{\"@type\":\"ImageObject\",\"inLanguage\":\"pt-PT\",\"@id\":\"https:\/\/coelectrix.com\/pt-pt\/#\/schema\/logo\/image\/\",\"url\":\"https:\/\/coelectrix.com\/wp-content\/uploads\/2018\/05\/logo-coelectrix-400x400.jpg\",\"contentUrl\":\"https:\/\/coelectrix.com\/wp-content\/uploads\/2018\/05\/logo-coelectrix-400x400.jpg\",\"width\":300,\"height\":300,\"caption\":\"coelectrix.com\"},\"image\":{\"@id\":\"https:\/\/coelectrix.com\/pt-pt\/#\/schema\/logo\/image\/\"}}]}<\/script>\n<!-- \/ Yoast SEO plugin. -->","yoast_head_json":{"title":"\u25b7 Tubo corrugado automotivo |% Coelectrix.com","description":"Tubos ondulados de poliamida para autom\u00f3veis | Comprar tubos ondulados de todos os tamanhos | Cortados em metros e em rolos \u27a4 Melhores pre\u00e7os online","robots":{"index":"index","follow":"follow","max-snippet":"max-snippet:-1","max-image-preview":"max-image-preview:large","max-video-preview":"max-video-preview:-1"},"canonical":"https:\/\/coelectrix.com\/pt-pt\/produto\/tubo-canelado-pa6-cut-metros","og_locale":"pt_PT","og_type":"article","og_title":"\u25b7 Tubo corrugado automotivo |% Coelectrix.com","og_description":"Tubos ondulados de poliamida para autom\u00f3veis | Comprar tubos ondulados de todos os tamanhos | Cortados em metros e em rolos \u27a4 Melhores pre\u00e7os online","og_url":"https:\/\/coelectrix.com\/pt-pt\/produto\/tubo-canelado-pa6-cut-metros","og_site_name":"Coelectrix","article_modified_time":"2025-08-19T04:05:54+00:00","og_image":[{"width":300,"height":300,"url":"https:\/\/coelectrix.com\/wp-content\/uploads\/2016\/09\/tubo-corrugado-pa6.jpg","type":"image\/jpeg"}],"twitter_card":"summary_large_image","twitter_misc":{"Tempo estimado de leitura":"1 minuto"},"schema":{"@context":"https:\/\/schema.org","@graph":[{"@type":"WebPage","@id":"https:\/\/coelectrix.com\/pt-pt\/produto\/tubo-canelado-pa6-cut-metros","url":"https:\/\/coelectrix.com\/pt-pt\/produto\/tubo-canelado-pa6-cut-metros","name":"\u25b7 Tubo corrugado automotivo |% Coelectrix.com","isPartOf":{"@id":"https:\/\/coelectrix.com\/pt-pt\/#website"},"primaryImageOfPage":{"@id":"https:\/\/coelectrix.com\/pt-pt\/produto\/tubo-canelado-pa6-cut-metros#primaryimage"},"image":{"@id":"https:\/\/coelectrix.com\/pt-pt\/produto\/tubo-canelado-pa6-cut-metros#primaryimage"},"thumbnailUrl":"https:\/\/coelectrix.com\/wp-content\/uploads\/2016\/09\/tubo-corrugado-pa6.jpg","datePublished":"2016-09-27T08:41:04+00:00","dateModified":"2025-08-19T04:05:54+00:00","description":"Tubos ondulados de poliamida para autom\u00f3veis | Comprar tubos ondulados de todos os tamanhos | Cortados em metros e em rolos \u27a4 Melhores pre\u00e7os online","breadcrumb":{"@id":"https:\/\/coelectrix.com\/pt-pt\/produto\/tubo-canelado-pa6-cut-metros#breadcrumb"},"inLanguage":"pt-PT","potentialAction":[{"@type":"ReadAction","target":["https:\/\/coelectrix.com\/pt-pt\/produto\/tubo-canelado-pa6-cut-metros"]}]},{"@type":"ImageObject","inLanguage":"pt-PT","@id":"https:\/\/coelectrix.com\/pt-pt\/produto\/tubo-canelado-pa6-cut-metros#primaryimage","url":"https:\/\/coelectrix.com\/wp-content\/uploads\/2016\/09\/tubo-corrugado-pa6.jpg","contentUrl":"https:\/\/coelectrix.com\/wp-content\/uploads\/2016\/09\/tubo-corrugado-pa6.jpg","width":300,"height":300,"caption":"tubo corrugado cortado \u00e0 medida"},{"@type":"BreadcrumbList","@id":"https:\/\/coelectrix.com\/pt-pt\/produto\/tubo-canelado-pa6-cut-metros#breadcrumb","itemListElement":[{"@type":"ListItem","position":1,"name":"Portada","item":"https:\/\/coelectrix.com\/"},{"@type":"ListItem","position":2,"name":"Loja","item":"https:\/\/coelectrix.com\/pt-pt\/loja"},{"@type":"ListItem","position":3,"name":"Tubo ondulado Autom\u00f3vel Corte em comprimentos de todos os tamanhos"}]},{"@type":"WebSite","@id":"https:\/\/coelectrix.com\/pt-pt\/#website","url":"https:\/\/coelectrix.com\/pt-pt\/","name":"Coelectrix","description":"Componentes el\u00e9ctricos","publisher":{"@id":"https:\/\/coelectrix.com\/pt-pt\/#organization"},"potentialAction":[{"@type":"SearchAction","target":{"@type":"EntryPoint","urlTemplate":"https:\/\/coelectrix.com\/pt-pt\/?s={search_term_string}"},"query-input":{"@type":"PropertyValueSpecification","valueRequired":true,"valueName":"search_term_string"}}],"inLanguage":"pt-PT"},{"@type":"Organization","@id":"https:\/\/coelectrix.com\/pt-pt\/#organization","name":"coelectrix.com","url":"https:\/\/coelectrix.com\/pt-pt\/","logo":{"@type":"ImageObject","inLanguage":"pt-PT","@id":"https:\/\/coelectrix.com\/pt-pt\/#\/schema\/logo\/image\/","url":"https:\/\/coelectrix.com\/wp-content\/uploads\/2018\/05\/logo-coelectrix-400x400.jpg","contentUrl":"https:\/\/coelectrix.com\/wp-content\/uploads\/2018\/05\/logo-coelectrix-400x400.jpg","width":300,"height":300,"caption":"coelectrix.com"},"image":{"@id":"https:\/\/coelectrix.com\/pt-pt\/#\/schema\/logo\/image\/"}}]}},"_links":{"self":[{"href":"https:\/\/coelectrix.com\/pt-pt\/wp-json\/wp\/v2\/product\/75609","targetHints":{"allow":["GET"]}}],"collection":[{"href":"https:\/\/coelectrix.com\/pt-pt\/wp-json\/wp\/v2\/product"}],"about":[{"href":"https:\/\/coelectrix.com\/pt-pt\/wp-json\/wp\/v2\/types\/product"}],"version-history":[{"count":1,"href":"https:\/\/coelectrix.com\/pt-pt\/wp-json\/wp\/v2\/product\/75609\/revisions"}],"predecessor-version":[{"id":76898,"href":"https:\/\/coelectrix.com\/pt-pt\/wp-json\/wp\/v2\/product\/75609\/revisions\/76898"}],"wp:featuredmedia":[{"embeddable":true,"href":"https:\/\/coelectrix.com\/pt-pt\/wp-json\/wp\/v2\/media\/72638"}],"wp:attachment":[{"href":"https:\/\/coelectrix.com\/pt-pt\/wp-json\/wp\/v2\/media?parent=75609"}],"wp:term":[{"taxonomy":"product_brand","embeddable":true,"href":"https:\/\/coelectrix.com\/pt-pt\/wp-json\/wp\/v2\/product_brand?post=75609"},{"taxonomy":"product_cat","embeddable":true,"href":"https:\/\/coelectrix.com\/pt-pt\/wp-json\/wp\/v2\/product_cat?post=75609"},{"taxonomy":"product_tag","embeddable":true,"href":"https:\/\/coelectrix.com\/pt-pt\/wp-json\/wp\/v2\/product_tag?post=75609"}],"curies":[{"name":"wp","href":"https:\/\/api.w.org\/{rel}","templated":true}]}}