{"id":75620,"date":"2022-09-23T08:38:49","date_gmt":"2022-09-23T06:38:49","guid":{"rendered":"https:\/\/coelectrix.com\/producto\/audiobus-300a-desconexao-da-bateria-audiobus"},"modified":"2025-08-19T06:02:31","modified_gmt":"2025-08-19T04:02:31","slug":"audiobus-300a-desconexao-da-bateria-audiobus","status":"publish","type":"product","link":"https:\/\/coelectrix.com\/pt-pt\/produto\/seccionador-de-bateria-300a-audiobus-seccionador-de-bateria","title":{"rendered":"Audiobus 300A Desconex\u00e3o da bateria Audiobus"},"content":{"rendered":"<h2><b>Audiobus 300A Desconex\u00e3o da bateria Audiobus<\/b><\/h2>\n<p>Tens\u00e3o nominal: M\u00e1ximo 32V.<br \/>\nCorrente m\u00e1xima cont\u00ednua: 300A.<br \/>\nCorrente m\u00e1xima de pico: 1000A x 10 segundos.<br \/>\nGrau de prote\u00e7\u00e3o: IP 65<br \/>\nTemperatura de trabalho: De &#8211; 40\u00baC a +85\u00baC.<\/p>\n<p><img fetchpriority=\"high\" decoding=\"async\" class=\"alignnone wp-image-45399\" src=\"https:\/\/coelectrix.com\/wp-content\/uploads\/2022\/09\/Interruptor-Desconexion-Bateria-Aislador-bateria-coche-tipo-boton-a-prueba-fugas-interruptor-principal-bateria-12V-60V-200-A_5-300x293.png\" alt=\"\" width=\"373\" height=\"364\" srcset=\"https:\/\/coelectrix.com\/wp-content\/uploads\/2022\/09\/Interruptor-Desconexion-Bateria-Aislador-bateria-coche-tipo-boton-a-prueba-fugas-interruptor-principal-bateria-12V-60V-200-A_5-300x293.png 300w, https:\/\/coelectrix.com\/wp-content\/uploads\/2022\/09\/Interruptor-Desconexion-Bateria-Aislador-bateria-coche-tipo-boton-a-prueba-fugas-interruptor-principal-bateria-12V-60V-200-A_5-50x50.png 50w, https:\/\/coelectrix.com\/wp-content\/uploads\/2022\/09\/Interruptor-Desconexion-Bateria-Aislador-bateria-coche-tipo-boton-a-prueba-fugas-interruptor-principal-bateria-12V-60V-200-A_5-64x63.png 64w, https:\/\/coelectrix.com\/wp-content\/uploads\/2022\/09\/Interruptor-Desconexion-Bateria-Aislador-bateria-coche-tipo-boton-a-prueba-fugas-interruptor-principal-bateria-12V-60V-200-A_5.png 396w\" sizes=\"(max-width: 373px) 100vw, 373px\" \/><\/p>\n","protected":false},"excerpt":{"rendered":"<h2><b>Interruptor de bateria Audiobus 300A<\/b><\/h2>\n<ul class=\"a-unordered-list a-vertical a-spacing-mini\">\n<li><span class=\"a-list-item\">Este interrutor principal da bateria \u00e9 feito de liga de alum\u00ednio e pl\u00e1stico dur\u00e1vel. Tem boa condutividade, resist\u00eancia \u00e0 \u00e1gua e resist\u00eancia \u00e0 corros\u00e3o.<\/span><\/li>\n<li><span class=\"a-list-item\">Tens\u00e3o nominal: m\u00e1ximo 32V, corrente nominal: 300A.<\/span><\/li>\n<li><span class=\"a-list-item\">Desliga rapidamente o circuito para evitar fugas e perdas da bateria e prolongar a sua vida \u00fatil.<\/span><\/li>\n<li><span class=\"a-list-item\">Proporciona uma prote\u00e7\u00e3o eficaz ao seu ve\u00edculo e evita o consumo desnecess\u00e1rio de energia.<\/span><\/li>\n<\/ul>\n","protected":false},"featured_media":73998,"template":"","meta":{"_acf_changed":false},"product_brand":[],"product_cat":[1390],"product_tag":[],"class_list":{"0":"post-75620","1":"product","2":"type-product","3":"status-publish","4":"has-post-thumbnail","6":"product_cat-seccionadores-de-bateria","8":"first","9":"instock","10":"taxable","11":"shipping-taxable","12":"purchasable","13":"product-type-simple"},"acf":[],"yoast_head":"<!-- This site is optimized with the Yoast SEO plugin v27.2 - https:\/\/yoast.com\/product\/yoast-seo-wordpress\/ -->\n<title>\u25b7 Audiobus 300A Desconex\u00e3o da bateria Audiobus | Coelectrix.com<\/title>\n<meta name=\"description\" content=\"Tens\u00e3o nominal: m\u00e1ximo 32V, corrente nominal: 300A. Desliga rapidamente o circuito para evitar fugas e perda de bateria.\" \/>\n<meta name=\"robots\" content=\"index, follow, max-snippet:-1, max-image-preview:large, max-video-preview:-1\" \/>\n<link rel=\"canonical\" href=\"https:\/\/coelectrix.com\/pt-pt\/produto\/seccionador-de-bateria-300a-audiobus-seccionador-de-bateria\" \/>\n<meta property=\"og:locale\" content=\"pt_PT\" \/>\n<meta property=\"og:type\" content=\"article\" \/>\n<meta property=\"og:title\" content=\"\u25b7 Audiobus 300A Desconex\u00e3o da bateria Audiobus | Coelectrix.com\" \/>\n<meta property=\"og:description\" content=\"Tens\u00e3o nominal: m\u00e1ximo 32V, corrente nominal: 300A. Desliga rapidamente o circuito para evitar fugas e perda de bateria.\" \/>\n<meta property=\"og:url\" content=\"https:\/\/coelectrix.com\/pt-pt\/produto\/seccionador-de-bateria-300a-audiobus-seccionador-de-bateria\" \/>\n<meta property=\"og:site_name\" content=\"Coelectrix\" \/>\n<meta property=\"article:modified_time\" content=\"2025-08-19T04:02:31+00:00\" \/>\n<meta property=\"og:image\" content=\"https:\/\/coelectrix.com\/wp-content\/uploads\/2022\/09\/Interruptor-Desconexion-Bateria-Aislador-bateria-coche-tipo-boton-a-prueba-fugas-interruptor-principal-bateria-12V-60V-200-A_1.jpg\" \/>\n\t<meta property=\"og:image:width\" content=\"1181\" \/>\n\t<meta property=\"og:image:height\" content=\"1181\" \/>\n\t<meta property=\"og:image:type\" content=\"image\/jpeg\" \/>\n<meta name=\"twitter:card\" content=\"summary_large_image\" \/>\n<script type=\"application\/ld+json\" class=\"yoast-schema-graph\">{\"@context\":\"https:\/\/schema.org\",\"@graph\":[{\"@type\":\"WebPage\",\"@id\":\"https:\/\/coelectrix.com\/pt-pt\/produto\/seccionador-de-bateria-300a-audiobus-seccionador-de-bateria\",\"url\":\"https:\/\/coelectrix.com\/pt-pt\/produto\/seccionador-de-bateria-300a-audiobus-seccionador-de-bateria\",\"name\":\"\u25b7 Audiobus 300A Desconex\u00e3o da bateria Audiobus | Coelectrix.com\",\"isPartOf\":{\"@id\":\"https:\/\/coelectrix.com\/pt-pt\/#website\"},\"primaryImageOfPage\":{\"@id\":\"https:\/\/coelectrix.com\/pt-pt\/produto\/seccionador-de-bateria-300a-audiobus-seccionador-de-bateria#primaryimage\"},\"image\":{\"@id\":\"https:\/\/coelectrix.com\/pt-pt\/produto\/seccionador-de-bateria-300a-audiobus-seccionador-de-bateria#primaryimage\"},\"thumbnailUrl\":\"https:\/\/coelectrix.com\/wp-content\/uploads\/2022\/09\/Interruptor-Desconexion-Bateria-Aislador-bateria-coche-tipo-boton-a-prueba-fugas-interruptor-principal-bateria-12V-60V-200-A_1.jpg\",\"datePublished\":\"2022-09-23T06:38:49+00:00\",\"dateModified\":\"2025-08-19T04:02:31+00:00\",\"description\":\"Tens\u00e3o nominal: m\u00e1ximo 32V, corrente nominal: 300A. Desliga rapidamente o circuito para evitar fugas e perda de bateria.\",\"breadcrumb\":{\"@id\":\"https:\/\/coelectrix.com\/pt-pt\/produto\/seccionador-de-bateria-300a-audiobus-seccionador-de-bateria#breadcrumb\"},\"inLanguage\":\"pt-PT\",\"potentialAction\":[{\"@type\":\"ReadAction\",\"target\":[\"https:\/\/coelectrix.com\/pt-pt\/produto\/seccionador-de-bateria-300a-audiobus-seccionador-de-bateria\"]}]},{\"@type\":\"ImageObject\",\"inLanguage\":\"pt-PT\",\"@id\":\"https:\/\/coelectrix.com\/pt-pt\/produto\/seccionador-de-bateria-300a-audiobus-seccionador-de-bateria#primaryimage\",\"url\":\"https:\/\/coelectrix.com\/wp-content\/uploads\/2022\/09\/Interruptor-Desconexion-Bateria-Aislador-bateria-coche-tipo-boton-a-prueba-fugas-interruptor-principal-bateria-12V-60V-200-A_1.jpg\",\"contentUrl\":\"https:\/\/coelectrix.com\/wp-content\/uploads\/2022\/09\/Interruptor-Desconexion-Bateria-Aislador-bateria-coche-tipo-boton-a-prueba-fugas-interruptor-principal-bateria-12V-60V-200-A_1.jpg\",\"width\":1181,\"height\":1181,\"caption\":\"Audiobus 300A Desconex\u00e3o da bateria Audiobus\"},{\"@type\":\"BreadcrumbList\",\"@id\":\"https:\/\/coelectrix.com\/pt-pt\/produto\/seccionador-de-bateria-300a-audiobus-seccionador-de-bateria#breadcrumb\",\"itemListElement\":[{\"@type\":\"ListItem\",\"position\":1,\"name\":\"Portada\",\"item\":\"https:\/\/coelectrix.com\/\"},{\"@type\":\"ListItem\",\"position\":2,\"name\":\"Loja\",\"item\":\"https:\/\/coelectrix.com\/pt-pt\/loja\"},{\"@type\":\"ListItem\",\"position\":3,\"name\":\"Audiobus 300A Desconex\u00e3o da bateria Audiobus\"}]},{\"@type\":\"WebSite\",\"@id\":\"https:\/\/coelectrix.com\/pt-pt\/#website\",\"url\":\"https:\/\/coelectrix.com\/pt-pt\/\",\"name\":\"Coelectrix\",\"description\":\"Componentes el\u00e9ctricos\",\"publisher\":{\"@id\":\"https:\/\/coelectrix.com\/pt-pt\/#organization\"},\"potentialAction\":[{\"@type\":\"SearchAction\",\"target\":{\"@type\":\"EntryPoint\",\"urlTemplate\":\"https:\/\/coelectrix.com\/pt-pt\/?s={search_term_string}\"},\"query-input\":{\"@type\":\"PropertyValueSpecification\",\"valueRequired\":true,\"valueName\":\"search_term_string\"}}],\"inLanguage\":\"pt-PT\"},{\"@type\":\"Organization\",\"@id\":\"https:\/\/coelectrix.com\/pt-pt\/#organization\",\"name\":\"coelectrix.com\",\"url\":\"https:\/\/coelectrix.com\/pt-pt\/\",\"logo\":{\"@type\":\"ImageObject\",\"inLanguage\":\"pt-PT\",\"@id\":\"https:\/\/coelectrix.com\/pt-pt\/#\/schema\/logo\/image\/\",\"url\":\"https:\/\/coelectrix.com\/wp-content\/uploads\/2018\/05\/logo-coelectrix-400x400.jpg\",\"contentUrl\":\"https:\/\/coelectrix.com\/wp-content\/uploads\/2018\/05\/logo-coelectrix-400x400.jpg\",\"width\":300,\"height\":300,\"caption\":\"coelectrix.com\"},\"image\":{\"@id\":\"https:\/\/coelectrix.com\/pt-pt\/#\/schema\/logo\/image\/\"}}]}<\/script>\n<!-- \/ Yoast SEO plugin. -->","yoast_head_json":{"title":"\u25b7 Audiobus 300A Desconex\u00e3o da bateria Audiobus | Coelectrix.com","description":"Tens\u00e3o nominal: m\u00e1ximo 32V, corrente nominal: 300A. Desliga rapidamente o circuito para evitar fugas e perda de bateria.","robots":{"index":"index","follow":"follow","max-snippet":"max-snippet:-1","max-image-preview":"max-image-preview:large","max-video-preview":"max-video-preview:-1"},"canonical":"https:\/\/coelectrix.com\/pt-pt\/produto\/seccionador-de-bateria-300a-audiobus-seccionador-de-bateria","og_locale":"pt_PT","og_type":"article","og_title":"\u25b7 Audiobus 300A Desconex\u00e3o da bateria Audiobus | Coelectrix.com","og_description":"Tens\u00e3o nominal: m\u00e1ximo 32V, corrente nominal: 300A. Desliga rapidamente o circuito para evitar fugas e perda de bateria.","og_url":"https:\/\/coelectrix.com\/pt-pt\/produto\/seccionador-de-bateria-300a-audiobus-seccionador-de-bateria","og_site_name":"Coelectrix","article_modified_time":"2025-08-19T04:02:31+00:00","og_image":[{"width":1181,"height":1181,"url":"https:\/\/coelectrix.com\/wp-content\/uploads\/2022\/09\/Interruptor-Desconexion-Bateria-Aislador-bateria-coche-tipo-boton-a-prueba-fugas-interruptor-principal-bateria-12V-60V-200-A_1.jpg","type":"image\/jpeg"}],"twitter_card":"summary_large_image","schema":{"@context":"https:\/\/schema.org","@graph":[{"@type":"WebPage","@id":"https:\/\/coelectrix.com\/pt-pt\/produto\/seccionador-de-bateria-300a-audiobus-seccionador-de-bateria","url":"https:\/\/coelectrix.com\/pt-pt\/produto\/seccionador-de-bateria-300a-audiobus-seccionador-de-bateria","name":"\u25b7 Audiobus 300A Desconex\u00e3o da bateria Audiobus | Coelectrix.com","isPartOf":{"@id":"https:\/\/coelectrix.com\/pt-pt\/#website"},"primaryImageOfPage":{"@id":"https:\/\/coelectrix.com\/pt-pt\/produto\/seccionador-de-bateria-300a-audiobus-seccionador-de-bateria#primaryimage"},"image":{"@id":"https:\/\/coelectrix.com\/pt-pt\/produto\/seccionador-de-bateria-300a-audiobus-seccionador-de-bateria#primaryimage"},"thumbnailUrl":"https:\/\/coelectrix.com\/wp-content\/uploads\/2022\/09\/Interruptor-Desconexion-Bateria-Aislador-bateria-coche-tipo-boton-a-prueba-fugas-interruptor-principal-bateria-12V-60V-200-A_1.jpg","datePublished":"2022-09-23T06:38:49+00:00","dateModified":"2025-08-19T04:02:31+00:00","description":"Tens\u00e3o nominal: m\u00e1ximo 32V, corrente nominal: 300A. Desliga rapidamente o circuito para evitar fugas e perda de bateria.","breadcrumb":{"@id":"https:\/\/coelectrix.com\/pt-pt\/produto\/seccionador-de-bateria-300a-audiobus-seccionador-de-bateria#breadcrumb"},"inLanguage":"pt-PT","potentialAction":[{"@type":"ReadAction","target":["https:\/\/coelectrix.com\/pt-pt\/produto\/seccionador-de-bateria-300a-audiobus-seccionador-de-bateria"]}]},{"@type":"ImageObject","inLanguage":"pt-PT","@id":"https:\/\/coelectrix.com\/pt-pt\/produto\/seccionador-de-bateria-300a-audiobus-seccionador-de-bateria#primaryimage","url":"https:\/\/coelectrix.com\/wp-content\/uploads\/2022\/09\/Interruptor-Desconexion-Bateria-Aislador-bateria-coche-tipo-boton-a-prueba-fugas-interruptor-principal-bateria-12V-60V-200-A_1.jpg","contentUrl":"https:\/\/coelectrix.com\/wp-content\/uploads\/2022\/09\/Interruptor-Desconexion-Bateria-Aislador-bateria-coche-tipo-boton-a-prueba-fugas-interruptor-principal-bateria-12V-60V-200-A_1.jpg","width":1181,"height":1181,"caption":"Audiobus 300A Desconex\u00e3o da bateria Audiobus"},{"@type":"BreadcrumbList","@id":"https:\/\/coelectrix.com\/pt-pt\/produto\/seccionador-de-bateria-300a-audiobus-seccionador-de-bateria#breadcrumb","itemListElement":[{"@type":"ListItem","position":1,"name":"Portada","item":"https:\/\/coelectrix.com\/"},{"@type":"ListItem","position":2,"name":"Loja","item":"https:\/\/coelectrix.com\/pt-pt\/loja"},{"@type":"ListItem","position":3,"name":"Audiobus 300A Desconex\u00e3o da bateria Audiobus"}]},{"@type":"WebSite","@id":"https:\/\/coelectrix.com\/pt-pt\/#website","url":"https:\/\/coelectrix.com\/pt-pt\/","name":"Coelectrix","description":"Componentes el\u00e9ctricos","publisher":{"@id":"https:\/\/coelectrix.com\/pt-pt\/#organization"},"potentialAction":[{"@type":"SearchAction","target":{"@type":"EntryPoint","urlTemplate":"https:\/\/coelectrix.com\/pt-pt\/?s={search_term_string}"},"query-input":{"@type":"PropertyValueSpecification","valueRequired":true,"valueName":"search_term_string"}}],"inLanguage":"pt-PT"},{"@type":"Organization","@id":"https:\/\/coelectrix.com\/pt-pt\/#organization","name":"coelectrix.com","url":"https:\/\/coelectrix.com\/pt-pt\/","logo":{"@type":"ImageObject","inLanguage":"pt-PT","@id":"https:\/\/coelectrix.com\/pt-pt\/#\/schema\/logo\/image\/","url":"https:\/\/coelectrix.com\/wp-content\/uploads\/2018\/05\/logo-coelectrix-400x400.jpg","contentUrl":"https:\/\/coelectrix.com\/wp-content\/uploads\/2018\/05\/logo-coelectrix-400x400.jpg","width":300,"height":300,"caption":"coelectrix.com"},"image":{"@id":"https:\/\/coelectrix.com\/pt-pt\/#\/schema\/logo\/image\/"}}]}},"_links":{"self":[{"href":"https:\/\/coelectrix.com\/pt-pt\/wp-json\/wp\/v2\/product\/75620","targetHints":{"allow":["GET"]}}],"collection":[{"href":"https:\/\/coelectrix.com\/pt-pt\/wp-json\/wp\/v2\/product"}],"about":[{"href":"https:\/\/coelectrix.com\/pt-pt\/wp-json\/wp\/v2\/types\/product"}],"version-history":[{"count":1,"href":"https:\/\/coelectrix.com\/pt-pt\/wp-json\/wp\/v2\/product\/75620\/revisions"}],"predecessor-version":[{"id":75640,"href":"https:\/\/coelectrix.com\/pt-pt\/wp-json\/wp\/v2\/product\/75620\/revisions\/75640"}],"wp:featuredmedia":[{"embeddable":true,"href":"https:\/\/coelectrix.com\/pt-pt\/wp-json\/wp\/v2\/media\/73998"}],"wp:attachment":[{"href":"https:\/\/coelectrix.com\/pt-pt\/wp-json\/wp\/v2\/media?parent=75620"}],"wp:term":[{"taxonomy":"product_brand","embeddable":true,"href":"https:\/\/coelectrix.com\/pt-pt\/wp-json\/wp\/v2\/product_brand?post=75620"},{"taxonomy":"product_cat","embeddable":true,"href":"https:\/\/coelectrix.com\/pt-pt\/wp-json\/wp\/v2\/product_cat?post=75620"},{"taxonomy":"product_tag","embeddable":true,"href":"https:\/\/coelectrix.com\/pt-pt\/wp-json\/wp\/v2\/product_tag?post=75620"}],"curies":[{"name":"wp","href":"https:\/\/api.w.org\/{rel}","templated":true}]}}