{"id":75639,"date":"2023-08-25T09:33:33","date_gmt":"2023-08-25T07:33:33","guid":{"rendered":"https:\/\/coelectrix.com\/producto\/interruptor-de-bateria-275a-victron-energy"},"modified":"2025-08-19T06:01:23","modified_gmt":"2025-08-19T04:01:23","slug":"interruptor-de-bateria-275a-victron-energy","status":"publish","type":"product","link":"https:\/\/coelectrix.com\/pt-pt\/produto\/interrutor-de-bateria-275a-victron-energy","title":{"rendered":"Interruptor de bateria 275A Victron Energy"},"content":{"rendered":"<h2><strong>Interruptor de bateria 275A Victron Energy<\/strong><\/h2>\n<p><b>Utiliza\u00e7\u00f5es<\/b><br \/>\nO interrutor de bateria pode ser utilizado para isolar uma bateria de cargas ou fontes de carregamento CC. \u00c9 utilizado para conservar a carga da bateria quando o sistema \u00e9 deixado sem vigil\u00e2ncia, durante a manuten\u00e7\u00e3o do sistema ou numa emerg\u00eancia. Tamb\u00e9m pode ser utilizado para colocar a bateria auxiliar em paralelo com a bateria de arranque para compensar uma bateria de arranque ou auxiliar descarregada numa emerg\u00eancia.<\/p>\n<p><strong>Instala\u00e7\u00e3o<\/strong><br \/>\nO interrutor da bateria pode ser montado numa superf\u00edcie ou num painel, proporcionando flexibilidade durante a instala\u00e7\u00e3o. Tem quatro pain\u00e9is laterais f\u00e1ceis de remover para acesso aos cabos. Fornecido com 16 etiquetas adesivas para personalizar a sua utiliza\u00e7\u00e3o.<\/p>\n<p><strong>Seguran\u00e7a<\/strong><br \/>\nO controlo pode ser removido para fins de isolamento ou seguran\u00e7a. O interrutor de bateria est\u00e1 em conformidade com a norma ISO8846 para prote\u00e7\u00e3o contra a inflamabilidade e \u00e9 adequado para utiliza\u00e7\u00e3o em salas de m\u00e1quinas.<\/p>\n<p><img fetchpriority=\"high\" decoding=\"async\" class=\"alignnone wp-image-53493\" src=\"https:\/\/coelectrix.com\/wp-content\/uploads\/2023\/08\/Captura-de-pantalla-2023-08-25-082201.png\" alt=\"\" width=\"570\" height=\"500\" srcset=\"https:\/\/coelectrix.com\/wp-content\/uploads\/2023\/08\/Captura-de-pantalla-2023-08-25-082201.png 801w, https:\/\/coelectrix.com\/wp-content\/uploads\/2023\/08\/Captura-de-pantalla-2023-08-25-082201-300x263.png 300w, https:\/\/coelectrix.com\/wp-content\/uploads\/2023\/08\/Captura-de-pantalla-2023-08-25-082201-768x674.png 768w, https:\/\/coelectrix.com\/wp-content\/uploads\/2023\/08\/Captura-de-pantalla-2023-08-25-082201-416x365.png 416w\" sizes=\"(max-width: 570px) 100vw, 570px\" \/><\/p>\n<p><strong>Esquema de instala\u00e7\u00e3o:<\/strong><\/p>\n<p><img decoding=\"async\" class=\"alignnone wp-image-53494 size-full\" src=\"https:\/\/coelectrix.com\/wp-content\/uploads\/2023\/08\/Captura-de-pantalla-2023-08-25-082957.png\" alt=\"\" width=\"618\" height=\"199\" srcset=\"https:\/\/coelectrix.com\/wp-content\/uploads\/2023\/08\/Captura-de-pantalla-2023-08-25-082957.png 618w, https:\/\/coelectrix.com\/wp-content\/uploads\/2023\/08\/Captura-de-pantalla-2023-08-25-082957-300x97.png 300w, https:\/\/coelectrix.com\/wp-content\/uploads\/2023\/08\/Captura-de-pantalla-2023-08-25-082957-416x134.png 416w\" sizes=\"(max-width: 618px) 100vw, 618px\" \/><\/p>\n<p><iframe title=\"Victron Energy Battery Switch - 275A on\/off with cranking of 1250 Amps\" width=\"980\" height=\"551\" src=\"https:\/\/www.youtube.com\/embed\/dYQA-3qnDRs?feature=oembed&#038;enablejsapi=1&#038;origin=https:\/\/coelectrix.com\" frameborder=\"0\" allow=\"accelerometer; autoplay; clipboard-write; encrypted-media; gyroscope; picture-in-picture; web-share\" referrerpolicy=\"strict-origin-when-cross-origin\" allowfullscreen><\/iframe><\/p>\n","protected":false},"excerpt":{"rendered":"<p>O interrutor de bateria tem uma corrente cont\u00ednua nominal de 275A e \u00e9 adequado para sistemas de bateria at\u00e9 48V. A unidade de controlo tem um design ergon\u00f3mico e est\u00e9tico \u00fanico para uma opera\u00e7\u00e3o f\u00e1cil.<br \/>\nPara a liga\u00e7\u00e3o ao cabo, \u00e9 necess\u00e1rio um terminal M10.<\/p>\n","protected":false},"featured_media":74240,"template":"","meta":{"_acf_changed":false},"product_brand":[],"product_cat":[1390,1338],"product_tag":[],"class_list":{"0":"post-75639","1":"product","2":"type-product","3":"status-publish","4":"has-post-thumbnail","6":"product_cat-seccionadores-de-bateria","7":"product_cat-victron-energia","9":"first","10":"instock","11":"taxable","12":"shipping-taxable","13":"purchasable","14":"product-type-simple"},"acf":[],"yoast_head":"<!-- This site is optimized with the Yoast SEO plugin v27.2 - https:\/\/yoast.com\/product\/yoast-seo-wordpress\/ -->\n<title>\u25b7 Interruptor de bateria 275A Victron Energy | Coelectrix.com<\/title>\n<meta name=\"description\" content=\"Interruptor de bateria com uma corrente cont\u00ednua nominal adequada para sistemas de bateria at\u00e9 48V. Unidade de controlo com design ergon\u00f3mico e est\u00e9tico \u00fanico para uma opera\u00e7\u00e3o f\u00e1cil.\" \/>\n<meta name=\"robots\" content=\"index, follow, max-snippet:-1, max-image-preview:large, max-video-preview:-1\" \/>\n<link rel=\"canonical\" href=\"https:\/\/coelectrix.com\/pt-pt\/produto\/interrutor-de-bateria-275a-victron-energy\" \/>\n<meta property=\"og:locale\" content=\"pt_PT\" \/>\n<meta property=\"og:type\" content=\"article\" \/>\n<meta property=\"og:title\" content=\"\u25b7 Interruptor de bateria 275A Victron Energy | Coelectrix.com\" \/>\n<meta property=\"og:description\" content=\"Interruptor de bateria com uma corrente cont\u00ednua nominal adequada para sistemas de bateria at\u00e9 48V. Unidade de controlo com design ergon\u00f3mico e est\u00e9tico \u00fanico para uma opera\u00e7\u00e3o f\u00e1cil.\" \/>\n<meta property=\"og:url\" content=\"https:\/\/coelectrix.com\/pt-pt\/produto\/interrutor-de-bateria-275a-victron-energy\" \/>\n<meta property=\"og:site_name\" content=\"Coelectrix\" \/>\n<meta property=\"article:modified_time\" content=\"2025-08-19T04:01:23+00:00\" \/>\n<meta property=\"og:image\" content=\"https:\/\/coelectrix.com\/wp-content\/uploads\/2023\/08\/1.png\" \/>\n\t<meta property=\"og:image:width\" content=\"600\" \/>\n\t<meta property=\"og:image:height\" content=\"600\" \/>\n\t<meta property=\"og:image:type\" content=\"image\/png\" \/>\n<meta name=\"twitter:card\" content=\"summary_large_image\" \/>\n<meta name=\"twitter:label1\" content=\"Tempo estimado de leitura\" \/>\n\t<meta name=\"twitter:data1\" content=\"1 minuto\" \/>\n<script type=\"application\/ld+json\" class=\"yoast-schema-graph\">{\"@context\":\"https:\/\/schema.org\",\"@graph\":[{\"@type\":\"WebPage\",\"@id\":\"https:\/\/coelectrix.com\/pt-pt\/produto\/interrutor-de-bateria-275a-victron-energy\",\"url\":\"https:\/\/coelectrix.com\/pt-pt\/produto\/interrutor-de-bateria-275a-victron-energy\",\"name\":\"\u25b7 Interruptor de bateria 275A Victron Energy | Coelectrix.com\",\"isPartOf\":{\"@id\":\"https:\/\/coelectrix.com\/pt-pt\/#website\"},\"primaryImageOfPage\":{\"@id\":\"https:\/\/coelectrix.com\/pt-pt\/produto\/interrutor-de-bateria-275a-victron-energy#primaryimage\"},\"image\":{\"@id\":\"https:\/\/coelectrix.com\/pt-pt\/produto\/interrutor-de-bateria-275a-victron-energy#primaryimage\"},\"thumbnailUrl\":\"https:\/\/coelectrix.com\/wp-content\/uploads\/2023\/08\/1.png\",\"datePublished\":\"2023-08-25T07:33:33+00:00\",\"dateModified\":\"2025-08-19T04:01:23+00:00\",\"description\":\"Interruptor de bateria com uma corrente cont\u00ednua nominal adequada para sistemas de bateria at\u00e9 48V. Unidade de controlo com design ergon\u00f3mico e est\u00e9tico \u00fanico para uma opera\u00e7\u00e3o f\u00e1cil.\",\"breadcrumb\":{\"@id\":\"https:\/\/coelectrix.com\/pt-pt\/produto\/interrutor-de-bateria-275a-victron-energy#breadcrumb\"},\"inLanguage\":\"pt-PT\",\"potentialAction\":[{\"@type\":\"ReadAction\",\"target\":[\"https:\/\/coelectrix.com\/pt-pt\/produto\/interrutor-de-bateria-275a-victron-energy\"]}]},{\"@type\":\"ImageObject\",\"inLanguage\":\"pt-PT\",\"@id\":\"https:\/\/coelectrix.com\/pt-pt\/produto\/interrutor-de-bateria-275a-victron-energy#primaryimage\",\"url\":\"https:\/\/coelectrix.com\/wp-content\/uploads\/2023\/08\/1.png\",\"contentUrl\":\"https:\/\/coelectrix.com\/wp-content\/uploads\/2023\/08\/1.png\",\"width\":600,\"height\":600,\"caption\":\"Interruptor de bateria 275A Victron Energy\"},{\"@type\":\"BreadcrumbList\",\"@id\":\"https:\/\/coelectrix.com\/pt-pt\/produto\/interrutor-de-bateria-275a-victron-energy#breadcrumb\",\"itemListElement\":[{\"@type\":\"ListItem\",\"position\":1,\"name\":\"Portada\",\"item\":\"https:\/\/coelectrix.com\/\"},{\"@type\":\"ListItem\",\"position\":2,\"name\":\"Loja\",\"item\":\"https:\/\/coelectrix.com\/pt-pt\/loja\"},{\"@type\":\"ListItem\",\"position\":3,\"name\":\"Interruptor de bateria 275A Victron Energy\"}]},{\"@type\":\"WebSite\",\"@id\":\"https:\/\/coelectrix.com\/pt-pt\/#website\",\"url\":\"https:\/\/coelectrix.com\/pt-pt\/\",\"name\":\"Coelectrix\",\"description\":\"Componentes el\u00e9ctricos\",\"publisher\":{\"@id\":\"https:\/\/coelectrix.com\/pt-pt\/#organization\"},\"potentialAction\":[{\"@type\":\"SearchAction\",\"target\":{\"@type\":\"EntryPoint\",\"urlTemplate\":\"https:\/\/coelectrix.com\/pt-pt\/?s={search_term_string}\"},\"query-input\":{\"@type\":\"PropertyValueSpecification\",\"valueRequired\":true,\"valueName\":\"search_term_string\"}}],\"inLanguage\":\"pt-PT\"},{\"@type\":\"Organization\",\"@id\":\"https:\/\/coelectrix.com\/pt-pt\/#organization\",\"name\":\"coelectrix.com\",\"url\":\"https:\/\/coelectrix.com\/pt-pt\/\",\"logo\":{\"@type\":\"ImageObject\",\"inLanguage\":\"pt-PT\",\"@id\":\"https:\/\/coelectrix.com\/pt-pt\/#\/schema\/logo\/image\/\",\"url\":\"https:\/\/coelectrix.com\/wp-content\/uploads\/2018\/05\/logo-coelectrix-400x400.jpg\",\"contentUrl\":\"https:\/\/coelectrix.com\/wp-content\/uploads\/2018\/05\/logo-coelectrix-400x400.jpg\",\"width\":300,\"height\":300,\"caption\":\"coelectrix.com\"},\"image\":{\"@id\":\"https:\/\/coelectrix.com\/pt-pt\/#\/schema\/logo\/image\/\"}}]}<\/script>\n<!-- \/ Yoast SEO plugin. -->","yoast_head_json":{"title":"\u25b7 Interruptor de bateria 275A Victron Energy | Coelectrix.com","description":"Interruptor de bateria com uma corrente cont\u00ednua nominal adequada para sistemas de bateria at\u00e9 48V. Unidade de controlo com design ergon\u00f3mico e est\u00e9tico \u00fanico para uma opera\u00e7\u00e3o f\u00e1cil.","robots":{"index":"index","follow":"follow","max-snippet":"max-snippet:-1","max-image-preview":"max-image-preview:large","max-video-preview":"max-video-preview:-1"},"canonical":"https:\/\/coelectrix.com\/pt-pt\/produto\/interrutor-de-bateria-275a-victron-energy","og_locale":"pt_PT","og_type":"article","og_title":"\u25b7 Interruptor de bateria 275A Victron Energy | Coelectrix.com","og_description":"Interruptor de bateria com uma corrente cont\u00ednua nominal adequada para sistemas de bateria at\u00e9 48V. Unidade de controlo com design ergon\u00f3mico e est\u00e9tico \u00fanico para uma opera\u00e7\u00e3o f\u00e1cil.","og_url":"https:\/\/coelectrix.com\/pt-pt\/produto\/interrutor-de-bateria-275a-victron-energy","og_site_name":"Coelectrix","article_modified_time":"2025-08-19T04:01:23+00:00","og_image":[{"width":600,"height":600,"url":"https:\/\/coelectrix.com\/wp-content\/uploads\/2023\/08\/1.png","type":"image\/png"}],"twitter_card":"summary_large_image","twitter_misc":{"Tempo estimado de leitura":"1 minuto"},"schema":{"@context":"https:\/\/schema.org","@graph":[{"@type":"WebPage","@id":"https:\/\/coelectrix.com\/pt-pt\/produto\/interrutor-de-bateria-275a-victron-energy","url":"https:\/\/coelectrix.com\/pt-pt\/produto\/interrutor-de-bateria-275a-victron-energy","name":"\u25b7 Interruptor de bateria 275A Victron Energy | Coelectrix.com","isPartOf":{"@id":"https:\/\/coelectrix.com\/pt-pt\/#website"},"primaryImageOfPage":{"@id":"https:\/\/coelectrix.com\/pt-pt\/produto\/interrutor-de-bateria-275a-victron-energy#primaryimage"},"image":{"@id":"https:\/\/coelectrix.com\/pt-pt\/produto\/interrutor-de-bateria-275a-victron-energy#primaryimage"},"thumbnailUrl":"https:\/\/coelectrix.com\/wp-content\/uploads\/2023\/08\/1.png","datePublished":"2023-08-25T07:33:33+00:00","dateModified":"2025-08-19T04:01:23+00:00","description":"Interruptor de bateria com uma corrente cont\u00ednua nominal adequada para sistemas de bateria at\u00e9 48V. Unidade de controlo com design ergon\u00f3mico e est\u00e9tico \u00fanico para uma opera\u00e7\u00e3o f\u00e1cil.","breadcrumb":{"@id":"https:\/\/coelectrix.com\/pt-pt\/produto\/interrutor-de-bateria-275a-victron-energy#breadcrumb"},"inLanguage":"pt-PT","potentialAction":[{"@type":"ReadAction","target":["https:\/\/coelectrix.com\/pt-pt\/produto\/interrutor-de-bateria-275a-victron-energy"]}]},{"@type":"ImageObject","inLanguage":"pt-PT","@id":"https:\/\/coelectrix.com\/pt-pt\/produto\/interrutor-de-bateria-275a-victron-energy#primaryimage","url":"https:\/\/coelectrix.com\/wp-content\/uploads\/2023\/08\/1.png","contentUrl":"https:\/\/coelectrix.com\/wp-content\/uploads\/2023\/08\/1.png","width":600,"height":600,"caption":"Interruptor de bateria 275A Victron Energy"},{"@type":"BreadcrumbList","@id":"https:\/\/coelectrix.com\/pt-pt\/produto\/interrutor-de-bateria-275a-victron-energy#breadcrumb","itemListElement":[{"@type":"ListItem","position":1,"name":"Portada","item":"https:\/\/coelectrix.com\/"},{"@type":"ListItem","position":2,"name":"Loja","item":"https:\/\/coelectrix.com\/pt-pt\/loja"},{"@type":"ListItem","position":3,"name":"Interruptor de bateria 275A Victron Energy"}]},{"@type":"WebSite","@id":"https:\/\/coelectrix.com\/pt-pt\/#website","url":"https:\/\/coelectrix.com\/pt-pt\/","name":"Coelectrix","description":"Componentes el\u00e9ctricos","publisher":{"@id":"https:\/\/coelectrix.com\/pt-pt\/#organization"},"potentialAction":[{"@type":"SearchAction","target":{"@type":"EntryPoint","urlTemplate":"https:\/\/coelectrix.com\/pt-pt\/?s={search_term_string}"},"query-input":{"@type":"PropertyValueSpecification","valueRequired":true,"valueName":"search_term_string"}}],"inLanguage":"pt-PT"},{"@type":"Organization","@id":"https:\/\/coelectrix.com\/pt-pt\/#organization","name":"coelectrix.com","url":"https:\/\/coelectrix.com\/pt-pt\/","logo":{"@type":"ImageObject","inLanguage":"pt-PT","@id":"https:\/\/coelectrix.com\/pt-pt\/#\/schema\/logo\/image\/","url":"https:\/\/coelectrix.com\/wp-content\/uploads\/2018\/05\/logo-coelectrix-400x400.jpg","contentUrl":"https:\/\/coelectrix.com\/wp-content\/uploads\/2018\/05\/logo-coelectrix-400x400.jpg","width":300,"height":300,"caption":"coelectrix.com"},"image":{"@id":"https:\/\/coelectrix.com\/pt-pt\/#\/schema\/logo\/image\/"}}]}},"_links":{"self":[{"href":"https:\/\/coelectrix.com\/pt-pt\/wp-json\/wp\/v2\/product\/75639","targetHints":{"allow":["GET"]}}],"collection":[{"href":"https:\/\/coelectrix.com\/pt-pt\/wp-json\/wp\/v2\/product"}],"about":[{"href":"https:\/\/coelectrix.com\/pt-pt\/wp-json\/wp\/v2\/types\/product"}],"version-history":[{"count":1,"href":"https:\/\/coelectrix.com\/pt-pt\/wp-json\/wp\/v2\/product\/75639\/revisions"}],"predecessor-version":[{"id":76655,"href":"https:\/\/coelectrix.com\/pt-pt\/wp-json\/wp\/v2\/product\/75639\/revisions\/76655"}],"wp:featuredmedia":[{"embeddable":true,"href":"https:\/\/coelectrix.com\/pt-pt\/wp-json\/wp\/v2\/media\/74240"}],"wp:attachment":[{"href":"https:\/\/coelectrix.com\/pt-pt\/wp-json\/wp\/v2\/media?parent=75639"}],"wp:term":[{"taxonomy":"product_brand","embeddable":true,"href":"https:\/\/coelectrix.com\/pt-pt\/wp-json\/wp\/v2\/product_brand?post=75639"},{"taxonomy":"product_cat","embeddable":true,"href":"https:\/\/coelectrix.com\/pt-pt\/wp-json\/wp\/v2\/product_cat?post=75639"},{"taxonomy":"product_tag","embeddable":true,"href":"https:\/\/coelectrix.com\/pt-pt\/wp-json\/wp\/v2\/product_tag?post=75639"}],"curies":[{"name":"wp","href":"https:\/\/api.w.org\/{rel}","templated":true}]}}