{"id":75642,"date":"2021-09-23T08:17:03","date_gmt":"2021-09-23T06:17:03","guid":{"rendered":"https:\/\/coelectrix.com\/producto\/desconector-de-bateria-para-terminal-negativo"},"modified":"2025-08-19T06:03:07","modified_gmt":"2025-08-19T04:03:07","slug":"desconector-de-bateria-para-terminal-negativo","status":"publish","type":"product","link":"https:\/\/coelectrix.com\/pt-pt\/produto\/seccionador-de-baterias-para-baterias-negativas","title":{"rendered":"Desconector de bateria para terminal negativo"},"content":{"rendered":"<h2><strong>Comprar um seccionador de bateria para o terminal negativo<\/strong><\/h2>\n<p>O interrutor de desconex\u00e3o principal da bateria \u00e9 utilizado principalmente para <strong>resolver o problema de fuga da bateria e perda de eletricidade<\/strong><br \/>\ncausada por baterias usadas com pouca frequ\u00eancia em carros, barcos, motas e baterias de autom\u00f3veis.<\/p>\n<p><span class=\"a-list-item\"><strong>F\u00e1cil de instalar e utilizar<\/strong>. Para ligar a alimenta\u00e7\u00e3o, basta apertar o bot\u00e3o verde e soltar ligeiramente o bot\u00e3o verde para desligar toda a alimenta\u00e7\u00e3o.<\/span><\/p>\n<p>Carater\u00edsticas:<br \/>\nUtilizado apenas para terminais de pin\u00e7a superior, ligado ao negativo da bateria 15-17 mm.<br \/>\n\u25ba Tens\u00e3o: 12 V, corrente nominal: 125 A.<br \/>\n\u25ba F\u00e1cil de instalar e f\u00e1cil de utilizar. Interruptor On\/Off desligado, o aperto pode ser condutor.<br \/>\nFabricado em liga de zinco revestida a cobre, resistente \u00e0 ferrugem e \u00e0 corros\u00e3o, dur\u00e1vel para uma utiliza\u00e7\u00e3o segura.<br \/>\nEvita o descarregamento da bateria durante o armazenamento e a repara\u00e7\u00e3o de autom\u00f3veis e cami\u00f5es.<br \/>\nAdapta-se a motociclos, autom\u00f3veis, carrinhas, barcos e tamb\u00e9m a interruptores de equipamentos el\u00e9ctricos.<br \/>\n\u25baTamanho do produto: 3,3&#8243; x 1,5&#8243; x 1,5&#8243;<br \/>\nAdapta-se a todas as baterias com terminais redondos de tamanho normal.<\/p>\n<p><img fetchpriority=\"high\" decoding=\"async\" class=\"wp-image-34274 aligncenter\" src=\"https:\/\/coelectrix.com\/wp-content\/uploads\/2021\/09\/desconectador-bateria-coche-negativo.jpg\" alt=\"\" width=\"656\" height=\"492\" srcset=\"https:\/\/coelectrix.com\/wp-content\/uploads\/2021\/09\/desconectador-bateria-coche-negativo.jpg 800w, https:\/\/coelectrix.com\/wp-content\/uploads\/2021\/09\/desconectador-bateria-coche-negativo-416x312.jpg 416w, https:\/\/coelectrix.com\/wp-content\/uploads\/2021\/09\/desconectador-bateria-coche-negativo-64x48.jpg 64w, https:\/\/coelectrix.com\/wp-content\/uploads\/2021\/09\/desconectador-bateria-coche-negativo-300x225.jpg 300w, https:\/\/coelectrix.com\/wp-content\/uploads\/2021\/09\/desconectador-bateria-coche-negativo-768x576.jpg 768w\" sizes=\"(max-width: 656px) 100vw, 656px\" \/><\/p>\n","protected":false},"excerpt":{"rendered":"<p>Desconector para terminal negativo<\/p>\n<p>O interrutor principal de desconex\u00e3o da bateria \u00e9 utilizado principalmente para resolver o problema das fugas e da perda de eletricidade causadas por baterias utilizadas com pouca frequ\u00eancia em autom\u00f3veis, barcos, carrinhas e baterias de autom\u00f3veis.<br \/>\nO interrutor principal de desconex\u00e3o da bateria \u00e9 utilizado principalmente para resolver o problema de fugas e perdas de eletricidade causadas por baterias pouco utilizadas em autom\u00f3veis, barcos, carrinhas e baterias de autom\u00f3veis.<\/p>\n<p>Este seccionador \u00e9 instalado diretamente no terminal negativo da bateria, o que o torna extremamente f\u00e1cil de instalar.<\/p>\n","protected":false},"featured_media":73614,"template":"","meta":{"_acf_changed":false},"product_brand":[],"product_cat":[1390],"product_tag":[],"class_list":{"0":"post-75642","1":"product","2":"type-product","3":"status-publish","4":"has-post-thumbnail","6":"product_cat-seccionadores-de-bateria","8":"first","9":"instock","10":"taxable","11":"shipping-taxable","12":"purchasable","13":"product-type-simple"},"acf":[],"yoast_head":"<!-- This site is optimized with the Yoast SEO plugin v27.2 - https:\/\/yoast.com\/product\/yoast-seo-wordpress\/ -->\n<title>\u25b7 Desconector de bateria para terminal negativo |% Coelectrix.com<\/title>\n<meta name=\"description\" content=\"Desconector de bateria para terminal negativo da bateria | Resolve o problema de vazamento e perda de eletricidade \u27a4 Melhor pre\u00e7o online.\" \/>\n<meta name=\"robots\" content=\"index, follow, max-snippet:-1, max-image-preview:large, max-video-preview:-1\" \/>\n<link rel=\"canonical\" href=\"https:\/\/coelectrix.com\/pt-pt\/produto\/seccionador-de-baterias-para-baterias-negativas\" \/>\n<meta property=\"og:locale\" content=\"pt_PT\" \/>\n<meta property=\"og:type\" content=\"article\" \/>\n<meta property=\"og:title\" content=\"\u25b7 Desconector de bateria para terminal negativo |% Coelectrix.com\" \/>\n<meta property=\"og:description\" content=\"Desconector de bateria para terminal negativo da bateria | Resolve o problema de vazamento e perda de eletricidade \u27a4 Melhor pre\u00e7o online.\" \/>\n<meta property=\"og:url\" content=\"https:\/\/coelectrix.com\/pt-pt\/produto\/seccionador-de-baterias-para-baterias-negativas\" \/>\n<meta property=\"og:site_name\" content=\"Coelectrix\" \/>\n<meta property=\"article:modified_time\" content=\"2025-08-19T04:03:07+00:00\" \/>\n<meta property=\"og:image\" content=\"https:\/\/coelectrix.com\/wp-content\/uploads\/2021\/09\/descoectador-bateria-para-Negativo.jpg\" \/>\n\t<meta property=\"og:image:width\" content=\"800\" \/>\n\t<meta property=\"og:image:height\" content=\"600\" \/>\n\t<meta property=\"og:image:type\" content=\"image\/jpeg\" \/>\n<meta name=\"twitter:card\" content=\"summary_large_image\" \/>\n<meta name=\"twitter:label1\" content=\"Tempo estimado de leitura\" \/>\n\t<meta name=\"twitter:data1\" content=\"1 minuto\" \/>\n<script type=\"application\/ld+json\" class=\"yoast-schema-graph\">{\"@context\":\"https:\/\/schema.org\",\"@graph\":[{\"@type\":\"WebPage\",\"@id\":\"https:\/\/coelectrix.com\/pt-pt\/produto\/seccionador-de-baterias-para-baterias-negativas\",\"url\":\"https:\/\/coelectrix.com\/pt-pt\/produto\/seccionador-de-baterias-para-baterias-negativas\",\"name\":\"\u25b7 Desconector de bateria para terminal negativo |% Coelectrix.com\",\"isPartOf\":{\"@id\":\"https:\/\/coelectrix.com\/pt-pt\/#website\"},\"primaryImageOfPage\":{\"@id\":\"https:\/\/coelectrix.com\/pt-pt\/produto\/seccionador-de-baterias-para-baterias-negativas#primaryimage\"},\"image\":{\"@id\":\"https:\/\/coelectrix.com\/pt-pt\/produto\/seccionador-de-baterias-para-baterias-negativas#primaryimage\"},\"thumbnailUrl\":\"https:\/\/coelectrix.com\/wp-content\/uploads\/2021\/09\/descoectador-bateria-para-Negativo.jpg\",\"datePublished\":\"2021-09-23T06:17:03+00:00\",\"dateModified\":\"2025-08-19T04:03:07+00:00\",\"description\":\"Desconector de bateria para terminal negativo da bateria | Resolve o problema de vazamento e perda de eletricidade \u27a4 Melhor pre\u00e7o online.\",\"breadcrumb\":{\"@id\":\"https:\/\/coelectrix.com\/pt-pt\/produto\/seccionador-de-baterias-para-baterias-negativas#breadcrumb\"},\"inLanguage\":\"pt-PT\",\"potentialAction\":[{\"@type\":\"ReadAction\",\"target\":[\"https:\/\/coelectrix.com\/pt-pt\/produto\/seccionador-de-baterias-para-baterias-negativas\"]}]},{\"@type\":\"ImageObject\",\"inLanguage\":\"pt-PT\",\"@id\":\"https:\/\/coelectrix.com\/pt-pt\/produto\/seccionador-de-baterias-para-baterias-negativas#primaryimage\",\"url\":\"https:\/\/coelectrix.com\/wp-content\/uploads\/2021\/09\/descoectador-bateria-para-Negativo.jpg\",\"contentUrl\":\"https:\/\/coelectrix.com\/wp-content\/uploads\/2021\/09\/descoectador-bateria-para-Negativo.jpg\",\"width\":800,\"height\":600,\"caption\":\"comprar seccionador de bateria para terminal negativo\"},{\"@type\":\"BreadcrumbList\",\"@id\":\"https:\/\/coelectrix.com\/pt-pt\/produto\/seccionador-de-baterias-para-baterias-negativas#breadcrumb\",\"itemListElement\":[{\"@type\":\"ListItem\",\"position\":1,\"name\":\"Portada\",\"item\":\"https:\/\/coelectrix.com\/\"},{\"@type\":\"ListItem\",\"position\":2,\"name\":\"Loja\",\"item\":\"https:\/\/coelectrix.com\/pt-pt\/loja\"},{\"@type\":\"ListItem\",\"position\":3,\"name\":\"Desconector de bateria para terminal negativo\"}]},{\"@type\":\"WebSite\",\"@id\":\"https:\/\/coelectrix.com\/pt-pt\/#website\",\"url\":\"https:\/\/coelectrix.com\/pt-pt\/\",\"name\":\"Coelectrix\",\"description\":\"Componentes el\u00e9ctricos\",\"publisher\":{\"@id\":\"https:\/\/coelectrix.com\/pt-pt\/#organization\"},\"potentialAction\":[{\"@type\":\"SearchAction\",\"target\":{\"@type\":\"EntryPoint\",\"urlTemplate\":\"https:\/\/coelectrix.com\/pt-pt\/?s={search_term_string}\"},\"query-input\":{\"@type\":\"PropertyValueSpecification\",\"valueRequired\":true,\"valueName\":\"search_term_string\"}}],\"inLanguage\":\"pt-PT\"},{\"@type\":\"Organization\",\"@id\":\"https:\/\/coelectrix.com\/pt-pt\/#organization\",\"name\":\"coelectrix.com\",\"url\":\"https:\/\/coelectrix.com\/pt-pt\/\",\"logo\":{\"@type\":\"ImageObject\",\"inLanguage\":\"pt-PT\",\"@id\":\"https:\/\/coelectrix.com\/pt-pt\/#\/schema\/logo\/image\/\",\"url\":\"https:\/\/coelectrix.com\/wp-content\/uploads\/2018\/05\/logo-coelectrix-400x400.jpg\",\"contentUrl\":\"https:\/\/coelectrix.com\/wp-content\/uploads\/2018\/05\/logo-coelectrix-400x400.jpg\",\"width\":300,\"height\":300,\"caption\":\"coelectrix.com\"},\"image\":{\"@id\":\"https:\/\/coelectrix.com\/pt-pt\/#\/schema\/logo\/image\/\"}}]}<\/script>\n<!-- \/ Yoast SEO plugin. -->","yoast_head_json":{"title":"\u25b7 Desconector de bateria para terminal negativo |% Coelectrix.com","description":"Desconector de bateria para terminal negativo da bateria | Resolve o problema de vazamento e perda de eletricidade \u27a4 Melhor pre\u00e7o online.","robots":{"index":"index","follow":"follow","max-snippet":"max-snippet:-1","max-image-preview":"max-image-preview:large","max-video-preview":"max-video-preview:-1"},"canonical":"https:\/\/coelectrix.com\/pt-pt\/produto\/seccionador-de-baterias-para-baterias-negativas","og_locale":"pt_PT","og_type":"article","og_title":"\u25b7 Desconector de bateria para terminal negativo |% Coelectrix.com","og_description":"Desconector de bateria para terminal negativo da bateria | Resolve o problema de vazamento e perda de eletricidade \u27a4 Melhor pre\u00e7o online.","og_url":"https:\/\/coelectrix.com\/pt-pt\/produto\/seccionador-de-baterias-para-baterias-negativas","og_site_name":"Coelectrix","article_modified_time":"2025-08-19T04:03:07+00:00","og_image":[{"width":800,"height":600,"url":"https:\/\/coelectrix.com\/wp-content\/uploads\/2021\/09\/descoectador-bateria-para-Negativo.jpg","type":"image\/jpeg"}],"twitter_card":"summary_large_image","twitter_misc":{"Tempo estimado de leitura":"1 minuto"},"schema":{"@context":"https:\/\/schema.org","@graph":[{"@type":"WebPage","@id":"https:\/\/coelectrix.com\/pt-pt\/produto\/seccionador-de-baterias-para-baterias-negativas","url":"https:\/\/coelectrix.com\/pt-pt\/produto\/seccionador-de-baterias-para-baterias-negativas","name":"\u25b7 Desconector de bateria para terminal negativo |% Coelectrix.com","isPartOf":{"@id":"https:\/\/coelectrix.com\/pt-pt\/#website"},"primaryImageOfPage":{"@id":"https:\/\/coelectrix.com\/pt-pt\/produto\/seccionador-de-baterias-para-baterias-negativas#primaryimage"},"image":{"@id":"https:\/\/coelectrix.com\/pt-pt\/produto\/seccionador-de-baterias-para-baterias-negativas#primaryimage"},"thumbnailUrl":"https:\/\/coelectrix.com\/wp-content\/uploads\/2021\/09\/descoectador-bateria-para-Negativo.jpg","datePublished":"2021-09-23T06:17:03+00:00","dateModified":"2025-08-19T04:03:07+00:00","description":"Desconector de bateria para terminal negativo da bateria | Resolve o problema de vazamento e perda de eletricidade \u27a4 Melhor pre\u00e7o online.","breadcrumb":{"@id":"https:\/\/coelectrix.com\/pt-pt\/produto\/seccionador-de-baterias-para-baterias-negativas#breadcrumb"},"inLanguage":"pt-PT","potentialAction":[{"@type":"ReadAction","target":["https:\/\/coelectrix.com\/pt-pt\/produto\/seccionador-de-baterias-para-baterias-negativas"]}]},{"@type":"ImageObject","inLanguage":"pt-PT","@id":"https:\/\/coelectrix.com\/pt-pt\/produto\/seccionador-de-baterias-para-baterias-negativas#primaryimage","url":"https:\/\/coelectrix.com\/wp-content\/uploads\/2021\/09\/descoectador-bateria-para-Negativo.jpg","contentUrl":"https:\/\/coelectrix.com\/wp-content\/uploads\/2021\/09\/descoectador-bateria-para-Negativo.jpg","width":800,"height":600,"caption":"comprar seccionador de bateria para terminal negativo"},{"@type":"BreadcrumbList","@id":"https:\/\/coelectrix.com\/pt-pt\/produto\/seccionador-de-baterias-para-baterias-negativas#breadcrumb","itemListElement":[{"@type":"ListItem","position":1,"name":"Portada","item":"https:\/\/coelectrix.com\/"},{"@type":"ListItem","position":2,"name":"Loja","item":"https:\/\/coelectrix.com\/pt-pt\/loja"},{"@type":"ListItem","position":3,"name":"Desconector de bateria para terminal negativo"}]},{"@type":"WebSite","@id":"https:\/\/coelectrix.com\/pt-pt\/#website","url":"https:\/\/coelectrix.com\/pt-pt\/","name":"Coelectrix","description":"Componentes el\u00e9ctricos","publisher":{"@id":"https:\/\/coelectrix.com\/pt-pt\/#organization"},"potentialAction":[{"@type":"SearchAction","target":{"@type":"EntryPoint","urlTemplate":"https:\/\/coelectrix.com\/pt-pt\/?s={search_term_string}"},"query-input":{"@type":"PropertyValueSpecification","valueRequired":true,"valueName":"search_term_string"}}],"inLanguage":"pt-PT"},{"@type":"Organization","@id":"https:\/\/coelectrix.com\/pt-pt\/#organization","name":"coelectrix.com","url":"https:\/\/coelectrix.com\/pt-pt\/","logo":{"@type":"ImageObject","inLanguage":"pt-PT","@id":"https:\/\/coelectrix.com\/pt-pt\/#\/schema\/logo\/image\/","url":"https:\/\/coelectrix.com\/wp-content\/uploads\/2018\/05\/logo-coelectrix-400x400.jpg","contentUrl":"https:\/\/coelectrix.com\/wp-content\/uploads\/2018\/05\/logo-coelectrix-400x400.jpg","width":300,"height":300,"caption":"coelectrix.com"},"image":{"@id":"https:\/\/coelectrix.com\/pt-pt\/#\/schema\/logo\/image\/"}}]}},"_links":{"self":[{"href":"https:\/\/coelectrix.com\/pt-pt\/wp-json\/wp\/v2\/product\/75642","targetHints":{"allow":["GET"]}}],"collection":[{"href":"https:\/\/coelectrix.com\/pt-pt\/wp-json\/wp\/v2\/product"}],"about":[{"href":"https:\/\/coelectrix.com\/pt-pt\/wp-json\/wp\/v2\/types\/product"}],"version-history":[{"count":1,"href":"https:\/\/coelectrix.com\/pt-pt\/wp-json\/wp\/v2\/product\/75642\/revisions"}],"predecessor-version":[{"id":75643,"href":"https:\/\/coelectrix.com\/pt-pt\/wp-json\/wp\/v2\/product\/75642\/revisions\/75643"}],"wp:featuredmedia":[{"embeddable":true,"href":"https:\/\/coelectrix.com\/pt-pt\/wp-json\/wp\/v2\/media\/73614"}],"wp:attachment":[{"href":"https:\/\/coelectrix.com\/pt-pt\/wp-json\/wp\/v2\/media?parent=75642"}],"wp:term":[{"taxonomy":"product_brand","embeddable":true,"href":"https:\/\/coelectrix.com\/pt-pt\/wp-json\/wp\/v2\/product_brand?post=75642"},{"taxonomy":"product_cat","embeddable":true,"href":"https:\/\/coelectrix.com\/pt-pt\/wp-json\/wp\/v2\/product_cat?post=75642"},{"taxonomy":"product_tag","embeddable":true,"href":"https:\/\/coelectrix.com\/pt-pt\/wp-json\/wp\/v2\/product_tag?post=75642"}],"curies":[{"name":"wp","href":"https:\/\/api.w.org\/{rel}","templated":true}]}}