{"id":75645,"date":"2019-11-04T14:34:16","date_gmt":"2019-11-04T13:34:16","guid":{"rendered":"https:\/\/coelectrix.com\/producto\/interruptor-de-corte-da-bateria-300a"},"modified":"2026-03-11T08:08:39","modified_gmt":"2026-03-11T07:08:39","slug":"interruptor-de-corte-da-bateria-300a","status":"publish","type":"product","link":"https:\/\/coelectrix.com\/pt-pt\/produto\/interrutor-de-desconexao-da-bateria-300a","title":{"rendered":"Interruptor de corte da bateria 300A"},"content":{"rendered":"<h1>Interruptor de desconex\u00e3o da bateria 300A<\/h1>\n<p>Interruptor para desconex\u00e3o da bateria em caravanas, caravanas, barcos, etc.<\/p>\n<p>Corrente nominal 300A com picos de 1000A<br \/>\nTens\u00e3o de funcionamento: 12-24v<br \/>\nDimens\u00f5es: 67x67mm<br \/>\nFabricante: Audiobus<br \/>\nRef.: DESC80700<\/p>\n<ul class=\"desc_text\">\n<li><span class=\"left\">Tipo de montagem:<\/span><span class=\"right\">aparafusado<\/span><\/li>\n<li><span class=\"left\">N\u00famero de liga\u00e7\u00f5es:<\/span><span class=\"right\">2<\/span><\/li>\n<li><span class=\"left\">Capacidade de carga a 12V:<\/span><span class=\"right\">m\u00e1x. 1000 A\/10 sek.<\/span><\/li>\n<li><span class=\"left\">Tipo de acionamento:<\/span><span class=\"right\">Atuador de tor\u00e7\u00e3o<\/span><\/li>\n<li><span class=\"left\">Liga\u00e7\u00e3o de terminais (2) \u00d8 [mm]:<\/span><span class=\"right\">10<\/span><\/li>\n<li><span class=\"left\">DIN \/ ISO:<\/span><span class=\"right\">40050-IP56<\/span><\/li>\n<li><span class=\"left\">Passo da rosca [mm]:<\/span><span class=\"right\">1,5<\/span><\/li>\n<li><span class=\"left\">Fun\u00e7\u00e3o de comuta\u00e7\u00e3o combinada:<\/span><span class=\"right\">estabelecer contacto<\/span><\/li>\n<li><span class=\"left\">Corrente nominal [A]:300<\/span><\/li>\n<li class=\"\"><span class=\"left\">Condi\u00e7\u00e3o: <\/span><span class=\"right\">Novo<\/span><\/li>\n<\/ul>\n<h2>Desconector de bateria Audiobus DESC80700<\/h2>\n<p>Pode ver outros <a href=\"http:\/\/coelectrix.com\/desconectadores-bateria\">seccionadores de bateria<\/a> aqui<\/p>\n","protected":false},"excerpt":{"rendered":"<p>Interruptor principal para desligar a bateria HELLA<\/p>\n<p><span class=\"left\">Tipo de instala\u00e7\u00e3o:<\/span><span class=\"right\">aparafusada<\/span><br \/>\n<span class=\"left\">N\u00famero de liga\u00e7\u00f5es:<\/span><span class=\"right\">2<\/span><br \/>\n<span class=\"left\">Capacidade de carga a 12V:<\/span><span class=\"right\">max 1000 A\/10 sek.<\/span><br \/>\n<span class=\"left\">Tipo de atuador:<\/span><span class=\"right\">Atuador de tor\u00e7\u00e3o<\/span><br \/>\n<span class=\"left\">Liga\u00e7\u00e3o de terminal (2) \u00d8 [mm]:<\/span><span class=\"right\">10<\/span><br \/>\n<span class=\"left\">DIN \/ ISO:<\/span><span class=\"right\">40050-IP56<\/span><br \/>\n<span class=\"left\">Passo da rosca [mm]:<\/span><span class=\"right\">1,5<\/span><br \/>\n<span class=\"left\">Fun\u00e7\u00e3o do interrutor combinado:<\/span><span class=\"right\">Fazer contacto<\/span><br \/>\n<span class=\"left\">Corrente nominal [A]:<\/span><span class=\"right\">225<\/span><\/p>\n","protected":false},"featured_media":78419,"template":"","meta":{"_acf_changed":false},"product_brand":[],"product_cat":[1282,1390],"product_tag":[],"class_list":{"0":"post-75645","1":"product","2":"type-product","3":"status-publish","4":"has-post-thumbnail","6":"product_cat-desconectores-300a","7":"product_cat-seccionadores-de-bateria","9":"first","10":"instock","11":"taxable","12":"shipping-taxable","13":"purchasable","14":"product-type-simple"},"acf":[],"yoast_head":"<!-- This site is optimized with the Yoast SEO plugin v27.2 - https:\/\/yoast.com\/product\/yoast-seo-wordpress\/ -->\n<title>Interruptor de corte da bateria 300A |% Coelectrix% Coelectrix%<\/title>\n<meta name=\"description\" content=\"Interruptor de desconex\u00e3o da bateria 300A \u2705 para desconectar baterias em barcos, caravanas, autocaravanas. | Coelectrix.com loja online.\" \/>\n<meta name=\"robots\" content=\"index, follow, max-snippet:-1, max-image-preview:large, max-video-preview:-1\" \/>\n<link rel=\"canonical\" href=\"https:\/\/coelectrix.com\/pt-pt\/produto\/interrutor-de-desconexao-da-bateria-300a\" \/>\n<meta property=\"og:locale\" content=\"pt_PT\" \/>\n<meta property=\"og:type\" content=\"article\" \/>\n<meta property=\"og:title\" content=\"Interruptor de corte da bateria 300A |% Coelectrix% Coelectrix%\" \/>\n<meta property=\"og:description\" content=\"Interruptor de desconex\u00e3o da bateria 300A \u2705 para desconectar baterias em barcos, caravanas, autocaravanas. | Coelectrix.com loja online.\" \/>\n<meta property=\"og:url\" content=\"https:\/\/coelectrix.com\/pt-pt\/produto\/interrutor-de-desconexao-da-bateria-300a\" \/>\n<meta property=\"og:site_name\" content=\"Coelectrix\" \/>\n<meta property=\"article:modified_time\" content=\"2026-03-11T07:08:39+00:00\" \/>\n<meta property=\"og:image\" content=\"https:\/\/coelectrix.com\/wp-content\/uploads\/2019\/11\/Interruptor-Desconectador-de-Bateria-300A.jpg\" \/>\n\t<meta property=\"og:image:width\" content=\"800\" \/>\n\t<meta property=\"og:image:height\" content=\"800\" \/>\n\t<meta property=\"og:image:type\" content=\"image\/jpeg\" \/>\n<meta name=\"twitter:card\" content=\"summary_large_image\" \/>\n<meta name=\"twitter:label1\" content=\"Tempo estimado de leitura\" \/>\n\t<meta name=\"twitter:data1\" content=\"1 minuto\" \/>\n<script type=\"application\/ld+json\" class=\"yoast-schema-graph\">{\"@context\":\"https:\/\/schema.org\",\"@graph\":[{\"@type\":\"WebPage\",\"@id\":\"https:\/\/coelectrix.com\/pt-pt\/produto\/interrutor-de-desconexao-da-bateria-300a\",\"url\":\"https:\/\/coelectrix.com\/pt-pt\/produto\/interrutor-de-desconexao-da-bateria-300a\",\"name\":\"Interruptor de corte da bateria 300A |% Coelectrix% Coelectrix%\",\"isPartOf\":{\"@id\":\"https:\/\/coelectrix.com\/pt-pt\/#website\"},\"primaryImageOfPage\":{\"@id\":\"https:\/\/coelectrix.com\/pt-pt\/produto\/interrutor-de-desconexao-da-bateria-300a#primaryimage\"},\"image\":{\"@id\":\"https:\/\/coelectrix.com\/pt-pt\/produto\/interrutor-de-desconexao-da-bateria-300a#primaryimage\"},\"thumbnailUrl\":\"https:\/\/coelectrix.com\/wp-content\/uploads\/2019\/11\/Interruptor-Desconectador-de-Bateria-300A.jpg\",\"datePublished\":\"2019-11-04T13:34:16+00:00\",\"dateModified\":\"2026-03-11T07:08:39+00:00\",\"description\":\"Interruptor de desconex\u00e3o da bateria 300A \u2705 para desconectar baterias em barcos, caravanas, autocaravanas. | Coelectrix.com loja online.\",\"breadcrumb\":{\"@id\":\"https:\/\/coelectrix.com\/pt-pt\/produto\/interrutor-de-desconexao-da-bateria-300a#breadcrumb\"},\"inLanguage\":\"pt-PT\",\"potentialAction\":[{\"@type\":\"ReadAction\",\"target\":[\"https:\/\/coelectrix.com\/pt-pt\/produto\/interrutor-de-desconexao-da-bateria-300a\"]}]},{\"@type\":\"ImageObject\",\"inLanguage\":\"pt-PT\",\"@id\":\"https:\/\/coelectrix.com\/pt-pt\/produto\/interrutor-de-desconexao-da-bateria-300a#primaryimage\",\"url\":\"https:\/\/coelectrix.com\/wp-content\/uploads\/2019\/11\/Interruptor-Desconectador-de-Bateria-300A.jpg\",\"contentUrl\":\"https:\/\/coelectrix.com\/wp-content\/uploads\/2019\/11\/Interruptor-Desconectador-de-Bateria-300A.jpg\",\"width\":800,\"height\":800,\"caption\":\"Interruptor Desconectador de Bater\u00eda 300A\"},{\"@type\":\"BreadcrumbList\",\"@id\":\"https:\/\/coelectrix.com\/pt-pt\/produto\/interrutor-de-desconexao-da-bateria-300a#breadcrumb\",\"itemListElement\":[{\"@type\":\"ListItem\",\"position\":1,\"name\":\"Portada\",\"item\":\"https:\/\/coelectrix.com\/\"},{\"@type\":\"ListItem\",\"position\":2,\"name\":\"Loja\",\"item\":\"https:\/\/coelectrix.com\/pt-pt\/loja\"},{\"@type\":\"ListItem\",\"position\":3,\"name\":\"Interruptor de corte da bateria 300A\"}]},{\"@type\":\"WebSite\",\"@id\":\"https:\/\/coelectrix.com\/pt-pt\/#website\",\"url\":\"https:\/\/coelectrix.com\/pt-pt\/\",\"name\":\"Coelectrix\",\"description\":\"Componentes el\u00e9ctricos\",\"publisher\":{\"@id\":\"https:\/\/coelectrix.com\/pt-pt\/#organization\"},\"potentialAction\":[{\"@type\":\"SearchAction\",\"target\":{\"@type\":\"EntryPoint\",\"urlTemplate\":\"https:\/\/coelectrix.com\/pt-pt\/?s={search_term_string}\"},\"query-input\":{\"@type\":\"PropertyValueSpecification\",\"valueRequired\":true,\"valueName\":\"search_term_string\"}}],\"inLanguage\":\"pt-PT\"},{\"@type\":\"Organization\",\"@id\":\"https:\/\/coelectrix.com\/pt-pt\/#organization\",\"name\":\"coelectrix.com\",\"url\":\"https:\/\/coelectrix.com\/pt-pt\/\",\"logo\":{\"@type\":\"ImageObject\",\"inLanguage\":\"pt-PT\",\"@id\":\"https:\/\/coelectrix.com\/pt-pt\/#\/schema\/logo\/image\/\",\"url\":\"https:\/\/coelectrix.com\/wp-content\/uploads\/2018\/05\/logo-coelectrix-400x400.jpg\",\"contentUrl\":\"https:\/\/coelectrix.com\/wp-content\/uploads\/2018\/05\/logo-coelectrix-400x400.jpg\",\"width\":300,\"height\":300,\"caption\":\"coelectrix.com\"},\"image\":{\"@id\":\"https:\/\/coelectrix.com\/pt-pt\/#\/schema\/logo\/image\/\"}}]}<\/script>\n<!-- \/ Yoast SEO plugin. -->","yoast_head_json":{"title":"Interruptor de corte da bateria 300A |% Coelectrix% Coelectrix%","description":"Interruptor de desconex\u00e3o da bateria 300A \u2705 para desconectar baterias em barcos, caravanas, autocaravanas. | Coelectrix.com loja online.","robots":{"index":"index","follow":"follow","max-snippet":"max-snippet:-1","max-image-preview":"max-image-preview:large","max-video-preview":"max-video-preview:-1"},"canonical":"https:\/\/coelectrix.com\/pt-pt\/produto\/interrutor-de-desconexao-da-bateria-300a","og_locale":"pt_PT","og_type":"article","og_title":"Interruptor de corte da bateria 300A |% Coelectrix% Coelectrix%","og_description":"Interruptor de desconex\u00e3o da bateria 300A \u2705 para desconectar baterias em barcos, caravanas, autocaravanas. | Coelectrix.com loja online.","og_url":"https:\/\/coelectrix.com\/pt-pt\/produto\/interrutor-de-desconexao-da-bateria-300a","og_site_name":"Coelectrix","article_modified_time":"2026-03-11T07:08:39+00:00","og_image":[{"width":800,"height":800,"url":"https:\/\/coelectrix.com\/wp-content\/uploads\/2019\/11\/Interruptor-Desconectador-de-Bateria-300A.jpg","type":"image\/jpeg"}],"twitter_card":"summary_large_image","twitter_misc":{"Tempo estimado de leitura":"1 minuto"},"schema":{"@context":"https:\/\/schema.org","@graph":[{"@type":"WebPage","@id":"https:\/\/coelectrix.com\/pt-pt\/produto\/interrutor-de-desconexao-da-bateria-300a","url":"https:\/\/coelectrix.com\/pt-pt\/produto\/interrutor-de-desconexao-da-bateria-300a","name":"Interruptor de corte da bateria 300A |% Coelectrix% Coelectrix%","isPartOf":{"@id":"https:\/\/coelectrix.com\/pt-pt\/#website"},"primaryImageOfPage":{"@id":"https:\/\/coelectrix.com\/pt-pt\/produto\/interrutor-de-desconexao-da-bateria-300a#primaryimage"},"image":{"@id":"https:\/\/coelectrix.com\/pt-pt\/produto\/interrutor-de-desconexao-da-bateria-300a#primaryimage"},"thumbnailUrl":"https:\/\/coelectrix.com\/wp-content\/uploads\/2019\/11\/Interruptor-Desconectador-de-Bateria-300A.jpg","datePublished":"2019-11-04T13:34:16+00:00","dateModified":"2026-03-11T07:08:39+00:00","description":"Interruptor de desconex\u00e3o da bateria 300A \u2705 para desconectar baterias em barcos, caravanas, autocaravanas. | Coelectrix.com loja online.","breadcrumb":{"@id":"https:\/\/coelectrix.com\/pt-pt\/produto\/interrutor-de-desconexao-da-bateria-300a#breadcrumb"},"inLanguage":"pt-PT","potentialAction":[{"@type":"ReadAction","target":["https:\/\/coelectrix.com\/pt-pt\/produto\/interrutor-de-desconexao-da-bateria-300a"]}]},{"@type":"ImageObject","inLanguage":"pt-PT","@id":"https:\/\/coelectrix.com\/pt-pt\/produto\/interrutor-de-desconexao-da-bateria-300a#primaryimage","url":"https:\/\/coelectrix.com\/wp-content\/uploads\/2019\/11\/Interruptor-Desconectador-de-Bateria-300A.jpg","contentUrl":"https:\/\/coelectrix.com\/wp-content\/uploads\/2019\/11\/Interruptor-Desconectador-de-Bateria-300A.jpg","width":800,"height":800,"caption":"Interruptor Desconectador de Bater\u00eda 300A"},{"@type":"BreadcrumbList","@id":"https:\/\/coelectrix.com\/pt-pt\/produto\/interrutor-de-desconexao-da-bateria-300a#breadcrumb","itemListElement":[{"@type":"ListItem","position":1,"name":"Portada","item":"https:\/\/coelectrix.com\/"},{"@type":"ListItem","position":2,"name":"Loja","item":"https:\/\/coelectrix.com\/pt-pt\/loja"},{"@type":"ListItem","position":3,"name":"Interruptor de corte da bateria 300A"}]},{"@type":"WebSite","@id":"https:\/\/coelectrix.com\/pt-pt\/#website","url":"https:\/\/coelectrix.com\/pt-pt\/","name":"Coelectrix","description":"Componentes el\u00e9ctricos","publisher":{"@id":"https:\/\/coelectrix.com\/pt-pt\/#organization"},"potentialAction":[{"@type":"SearchAction","target":{"@type":"EntryPoint","urlTemplate":"https:\/\/coelectrix.com\/pt-pt\/?s={search_term_string}"},"query-input":{"@type":"PropertyValueSpecification","valueRequired":true,"valueName":"search_term_string"}}],"inLanguage":"pt-PT"},{"@type":"Organization","@id":"https:\/\/coelectrix.com\/pt-pt\/#organization","name":"coelectrix.com","url":"https:\/\/coelectrix.com\/pt-pt\/","logo":{"@type":"ImageObject","inLanguage":"pt-PT","@id":"https:\/\/coelectrix.com\/pt-pt\/#\/schema\/logo\/image\/","url":"https:\/\/coelectrix.com\/wp-content\/uploads\/2018\/05\/logo-coelectrix-400x400.jpg","contentUrl":"https:\/\/coelectrix.com\/wp-content\/uploads\/2018\/05\/logo-coelectrix-400x400.jpg","width":300,"height":300,"caption":"coelectrix.com"},"image":{"@id":"https:\/\/coelectrix.com\/pt-pt\/#\/schema\/logo\/image\/"}}]}},"_links":{"self":[{"href":"https:\/\/coelectrix.com\/pt-pt\/wp-json\/wp\/v2\/product\/75645","targetHints":{"allow":["GET"]}}],"collection":[{"href":"https:\/\/coelectrix.com\/pt-pt\/wp-json\/wp\/v2\/product"}],"about":[{"href":"https:\/\/coelectrix.com\/pt-pt\/wp-json\/wp\/v2\/types\/product"}],"version-history":[{"count":1,"href":"https:\/\/coelectrix.com\/pt-pt\/wp-json\/wp\/v2\/product\/75645\/revisions"}],"predecessor-version":[{"id":76819,"href":"https:\/\/coelectrix.com\/pt-pt\/wp-json\/wp\/v2\/product\/75645\/revisions\/76819"}],"wp:featuredmedia":[{"embeddable":true,"href":"https:\/\/coelectrix.com\/pt-pt\/wp-json\/wp\/v2\/media\/78419"}],"wp:attachment":[{"href":"https:\/\/coelectrix.com\/pt-pt\/wp-json\/wp\/v2\/media?parent=75645"}],"wp:term":[{"taxonomy":"product_brand","embeddable":true,"href":"https:\/\/coelectrix.com\/pt-pt\/wp-json\/wp\/v2\/product_brand?post=75645"},{"taxonomy":"product_cat","embeddable":true,"href":"https:\/\/coelectrix.com\/pt-pt\/wp-json\/wp\/v2\/product_cat?post=75645"},{"taxonomy":"product_tag","embeddable":true,"href":"https:\/\/coelectrix.com\/pt-pt\/wp-json\/wp\/v2\/product_tag?post=75645"}],"curies":[{"name":"wp","href":"https:\/\/api.w.org\/{rel}","templated":true}]}}