{"id":75648,"date":"2023-03-14T12:28:14","date_gmt":"2023-03-14T11:28:14","guid":{"rendered":"https:\/\/coelectrix.com\/producto\/desconector-de-bateria-incorporado-200a"},"modified":"2025-08-19T06:02:00","modified_gmt":"2025-08-19T04:02:00","slug":"desconector-de-bateria-incorporado-200a","status":"publish","type":"product","link":"https:\/\/coelectrix.com\/pt-pt\/produto\/seccionador-de-pilhas-vazias-vazio-200a","title":{"rendered":"Desconector de bateria incorporado 200A"},"content":{"rendered":"<h2><strong>Compre o seu seccionador de bateria de encastrar 200A<\/strong><\/h2>\n<p>Seccionador de bateria ideal para instala\u00e7\u00f5es at\u00e9 32v em autom\u00f3veis, autocaravanas, campers, caravanas, autocaravanas, barcos&#8230; etc. onde o espa\u00e7o dispon\u00edvel \u00e9 limitado e gra\u00e7as ao tamanho reduzido deste interrutor pode instal\u00e1-lo em qualquer lugar sem problemas.<\/p>\n<p><img fetchpriority=\"high\" decoding=\"async\" class=\"alignnone wp-image-49433\" src=\"https:\/\/coelectrix.com\/wp-content\/uploads\/2023\/03\/desconectador-bateria-empotrable-200a-medidas-300x300.jpg\" alt=\"Desconectador de Bateria Empotrable 200A\" width=\"296\" height=\"296\" srcset=\"https:\/\/coelectrix.com\/wp-content\/uploads\/2023\/03\/desconectador-bateria-empotrable-200a-medidas-300x300.jpg 300w, https:\/\/coelectrix.com\/wp-content\/uploads\/2023\/03\/desconectador-bateria-empotrable-200a-medidas-150x150.jpg 150w, https:\/\/coelectrix.com\/wp-content\/uploads\/2023\/03\/desconectador-bateria-empotrable-200a-medidas-196x196.jpg 196w, https:\/\/coelectrix.com\/wp-content\/uploads\/2023\/03\/desconectador-bateria-empotrable-200a-medidas-416x416.jpg 416w, https:\/\/coelectrix.com\/wp-content\/uploads\/2023\/03\/desconectador-bateria-empotrable-200a-medidas-100x100.jpg 100w, https:\/\/coelectrix.com\/wp-content\/uploads\/2023\/03\/desconectador-bateria-empotrable-200a-medidas-50x50.jpg 50w, https:\/\/coelectrix.com\/wp-content\/uploads\/2023\/03\/desconectador-bateria-empotrable-200a-medidas-64x64.jpg 64w, https:\/\/coelectrix.com\/wp-content\/uploads\/2023\/03\/desconectador-bateria-empotrable-200a-medidas.jpg 600w\" sizes=\"(max-width: 296px) 100vw, 296px\" \/><\/p>\n<p>Tem 2 posi\u00e7\u00f5es, ON &#8211; OFF<\/p>\n<p>Carater\u00edsticas t\u00e9cnicas<\/p>\n<p><strong>Material<\/strong>: pl\u00e1stico ABS + n\u00facleo interior de cobre prateado<br \/>\n<strong>Corrente nominal<\/strong>: 200A<br \/>\n<strong>Dimens\u00f5es<\/strong>: 62mm x 35mm<br \/>\n<strong>Terminais<\/strong>: M8<\/p>\n","protected":false},"excerpt":{"rendered":"<p>Seccionador de bateria incorporado para at\u00e9 200A de corrente cont\u00ednua permitida.<br \/>\nO seu tamanho reduzido torna-o ideal para ser instalado em instala\u00e7\u00f5es onde o espa\u00e7o \u00e9 limitado.<\/p>\n<p><strong>Material<\/strong>: Pl\u00e1stico ABS + Cobre<br \/>\n<strong>Corrente nominal<\/strong>: 200A<br \/>\n<strong>Dimens\u00f5es<\/strong>: 62mm x 35mm<br \/>\n<strong>Terminais<\/strong>: M8<\/p>\n","protected":false},"featured_media":74126,"template":"","meta":{"_acf_changed":false},"product_brand":[],"product_cat":[1390,1283],"product_tag":[],"class_list":{"0":"post-75648","1":"product","2":"type-product","3":"status-publish","4":"has-post-thumbnail","6":"product_cat-seccionadores-de-bateria","7":"product_cat-seccionadores-roscados","9":"first","10":"instock","11":"taxable","12":"shipping-taxable","13":"purchasable","14":"product-type-simple"},"acf":[],"yoast_head":"<!-- This site is optimized with the Yoast SEO plugin v27.2 - https:\/\/yoast.com\/product\/yoast-seo-wordpress\/ -->\n<title>\u25b7 Desconector de bateria incorporado 200A | Coelectrix.com<\/title>\n<meta name=\"description\" content=\"Desconector de bateria ideal para instala\u00e7\u00f5es at\u00e9 32v em autom\u00f3veis, autocaravanas, campers, caravanas, autocaravanas, barcos... \u27a4 Envio em 24\/48 horas.\" \/>\n<meta name=\"robots\" content=\"index, follow, max-snippet:-1, max-image-preview:large, max-video-preview:-1\" \/>\n<link rel=\"canonical\" href=\"https:\/\/coelectrix.com\/pt-pt\/produto\/seccionador-de-pilhas-vazias-vazio-200a\" \/>\n<meta property=\"og:locale\" content=\"pt_PT\" \/>\n<meta property=\"og:type\" content=\"article\" \/>\n<meta property=\"og:title\" content=\"\u25b7 Desconector de bateria incorporado 200A | Coelectrix.com\" \/>\n<meta property=\"og:description\" content=\"Desconector de bateria ideal para instala\u00e7\u00f5es at\u00e9 32v em autom\u00f3veis, autocaravanas, campers, caravanas, autocaravanas, barcos... \u27a4 Envio em 24\/48 horas.\" \/>\n<meta property=\"og:url\" content=\"https:\/\/coelectrix.com\/pt-pt\/produto\/seccionador-de-pilhas-vazias-vazio-200a\" \/>\n<meta property=\"og:site_name\" content=\"Coelectrix\" \/>\n<meta property=\"article:modified_time\" content=\"2025-08-19T04:02:00+00:00\" \/>\n<meta property=\"og:image\" content=\"https:\/\/coelectrix.com\/wp-content\/uploads\/2023\/03\/desconectador-bateria-empotrable-200a.jpg\" \/>\n\t<meta property=\"og:image:width\" content=\"600\" \/>\n\t<meta property=\"og:image:height\" content=\"600\" \/>\n\t<meta property=\"og:image:type\" content=\"image\/jpeg\" \/>\n<meta name=\"twitter:card\" content=\"summary_large_image\" \/>\n<script type=\"application\/ld+json\" class=\"yoast-schema-graph\">{\"@context\":\"https:\/\/schema.org\",\"@graph\":[{\"@type\":\"WebPage\",\"@id\":\"https:\/\/coelectrix.com\/pt-pt\/produto\/seccionador-de-pilhas-vazias-vazio-200a\",\"url\":\"https:\/\/coelectrix.com\/pt-pt\/produto\/seccionador-de-pilhas-vazias-vazio-200a\",\"name\":\"\u25b7 Desconector de bateria incorporado 200A | Coelectrix.com\",\"isPartOf\":{\"@id\":\"https:\/\/coelectrix.com\/pt-pt\/#website\"},\"primaryImageOfPage\":{\"@id\":\"https:\/\/coelectrix.com\/pt-pt\/produto\/seccionador-de-pilhas-vazias-vazio-200a#primaryimage\"},\"image\":{\"@id\":\"https:\/\/coelectrix.com\/pt-pt\/produto\/seccionador-de-pilhas-vazias-vazio-200a#primaryimage\"},\"thumbnailUrl\":\"https:\/\/coelectrix.com\/wp-content\/uploads\/2023\/03\/desconectador-bateria-empotrable-200a.jpg\",\"datePublished\":\"2023-03-14T11:28:14+00:00\",\"dateModified\":\"2025-08-19T04:02:00+00:00\",\"description\":\"Desconector de bateria ideal para instala\u00e7\u00f5es at\u00e9 32v em autom\u00f3veis, autocaravanas, campers, caravanas, autocaravanas, barcos... \u27a4 Envio em 24\/48 horas.\",\"breadcrumb\":{\"@id\":\"https:\/\/coelectrix.com\/pt-pt\/produto\/seccionador-de-pilhas-vazias-vazio-200a#breadcrumb\"},\"inLanguage\":\"pt-PT\",\"potentialAction\":[{\"@type\":\"ReadAction\",\"target\":[\"https:\/\/coelectrix.com\/pt-pt\/produto\/seccionador-de-pilhas-vazias-vazio-200a\"]}]},{\"@type\":\"ImageObject\",\"inLanguage\":\"pt-PT\",\"@id\":\"https:\/\/coelectrix.com\/pt-pt\/produto\/seccionador-de-pilhas-vazias-vazio-200a#primaryimage\",\"url\":\"https:\/\/coelectrix.com\/wp-content\/uploads\/2023\/03\/desconectador-bateria-empotrable-200a.jpg\",\"contentUrl\":\"https:\/\/coelectrix.com\/wp-content\/uploads\/2023\/03\/desconectador-bateria-empotrable-200a.jpg\",\"width\":600,\"height\":600,\"caption\":\"comprar 200A Desconectores de bateria encastrados\"},{\"@type\":\"BreadcrumbList\",\"@id\":\"https:\/\/coelectrix.com\/pt-pt\/produto\/seccionador-de-pilhas-vazias-vazio-200a#breadcrumb\",\"itemListElement\":[{\"@type\":\"ListItem\",\"position\":1,\"name\":\"Portada\",\"item\":\"https:\/\/coelectrix.com\/\"},{\"@type\":\"ListItem\",\"position\":2,\"name\":\"Loja\",\"item\":\"https:\/\/coelectrix.com\/pt-pt\/loja\"},{\"@type\":\"ListItem\",\"position\":3,\"name\":\"Desconector de bateria incorporado 200A\"}]},{\"@type\":\"WebSite\",\"@id\":\"https:\/\/coelectrix.com\/pt-pt\/#website\",\"url\":\"https:\/\/coelectrix.com\/pt-pt\/\",\"name\":\"Coelectrix\",\"description\":\"Componentes el\u00e9ctricos\",\"publisher\":{\"@id\":\"https:\/\/coelectrix.com\/pt-pt\/#organization\"},\"potentialAction\":[{\"@type\":\"SearchAction\",\"target\":{\"@type\":\"EntryPoint\",\"urlTemplate\":\"https:\/\/coelectrix.com\/pt-pt\/?s={search_term_string}\"},\"query-input\":{\"@type\":\"PropertyValueSpecification\",\"valueRequired\":true,\"valueName\":\"search_term_string\"}}],\"inLanguage\":\"pt-PT\"},{\"@type\":\"Organization\",\"@id\":\"https:\/\/coelectrix.com\/pt-pt\/#organization\",\"name\":\"coelectrix.com\",\"url\":\"https:\/\/coelectrix.com\/pt-pt\/\",\"logo\":{\"@type\":\"ImageObject\",\"inLanguage\":\"pt-PT\",\"@id\":\"https:\/\/coelectrix.com\/pt-pt\/#\/schema\/logo\/image\/\",\"url\":\"https:\/\/coelectrix.com\/wp-content\/uploads\/2018\/05\/logo-coelectrix-400x400.jpg\",\"contentUrl\":\"https:\/\/coelectrix.com\/wp-content\/uploads\/2018\/05\/logo-coelectrix-400x400.jpg\",\"width\":300,\"height\":300,\"caption\":\"coelectrix.com\"},\"image\":{\"@id\":\"https:\/\/coelectrix.com\/pt-pt\/#\/schema\/logo\/image\/\"}}]}<\/script>\n<!-- \/ Yoast SEO plugin. -->","yoast_head_json":{"title":"\u25b7 Desconector de bateria incorporado 200A | Coelectrix.com","description":"Desconector de bateria ideal para instala\u00e7\u00f5es at\u00e9 32v em autom\u00f3veis, autocaravanas, campers, caravanas, autocaravanas, barcos... \u27a4 Envio em 24\/48 horas.","robots":{"index":"index","follow":"follow","max-snippet":"max-snippet:-1","max-image-preview":"max-image-preview:large","max-video-preview":"max-video-preview:-1"},"canonical":"https:\/\/coelectrix.com\/pt-pt\/produto\/seccionador-de-pilhas-vazias-vazio-200a","og_locale":"pt_PT","og_type":"article","og_title":"\u25b7 Desconector de bateria incorporado 200A | Coelectrix.com","og_description":"Desconector de bateria ideal para instala\u00e7\u00f5es at\u00e9 32v em autom\u00f3veis, autocaravanas, campers, caravanas, autocaravanas, barcos... \u27a4 Envio em 24\/48 horas.","og_url":"https:\/\/coelectrix.com\/pt-pt\/produto\/seccionador-de-pilhas-vazias-vazio-200a","og_site_name":"Coelectrix","article_modified_time":"2025-08-19T04:02:00+00:00","og_image":[{"width":600,"height":600,"url":"https:\/\/coelectrix.com\/wp-content\/uploads\/2023\/03\/desconectador-bateria-empotrable-200a.jpg","type":"image\/jpeg"}],"twitter_card":"summary_large_image","schema":{"@context":"https:\/\/schema.org","@graph":[{"@type":"WebPage","@id":"https:\/\/coelectrix.com\/pt-pt\/produto\/seccionador-de-pilhas-vazias-vazio-200a","url":"https:\/\/coelectrix.com\/pt-pt\/produto\/seccionador-de-pilhas-vazias-vazio-200a","name":"\u25b7 Desconector de bateria incorporado 200A | Coelectrix.com","isPartOf":{"@id":"https:\/\/coelectrix.com\/pt-pt\/#website"},"primaryImageOfPage":{"@id":"https:\/\/coelectrix.com\/pt-pt\/produto\/seccionador-de-pilhas-vazias-vazio-200a#primaryimage"},"image":{"@id":"https:\/\/coelectrix.com\/pt-pt\/produto\/seccionador-de-pilhas-vazias-vazio-200a#primaryimage"},"thumbnailUrl":"https:\/\/coelectrix.com\/wp-content\/uploads\/2023\/03\/desconectador-bateria-empotrable-200a.jpg","datePublished":"2023-03-14T11:28:14+00:00","dateModified":"2025-08-19T04:02:00+00:00","description":"Desconector de bateria ideal para instala\u00e7\u00f5es at\u00e9 32v em autom\u00f3veis, autocaravanas, campers, caravanas, autocaravanas, barcos... \u27a4 Envio em 24\/48 horas.","breadcrumb":{"@id":"https:\/\/coelectrix.com\/pt-pt\/produto\/seccionador-de-pilhas-vazias-vazio-200a#breadcrumb"},"inLanguage":"pt-PT","potentialAction":[{"@type":"ReadAction","target":["https:\/\/coelectrix.com\/pt-pt\/produto\/seccionador-de-pilhas-vazias-vazio-200a"]}]},{"@type":"ImageObject","inLanguage":"pt-PT","@id":"https:\/\/coelectrix.com\/pt-pt\/produto\/seccionador-de-pilhas-vazias-vazio-200a#primaryimage","url":"https:\/\/coelectrix.com\/wp-content\/uploads\/2023\/03\/desconectador-bateria-empotrable-200a.jpg","contentUrl":"https:\/\/coelectrix.com\/wp-content\/uploads\/2023\/03\/desconectador-bateria-empotrable-200a.jpg","width":600,"height":600,"caption":"comprar 200A Desconectores de bateria encastrados"},{"@type":"BreadcrumbList","@id":"https:\/\/coelectrix.com\/pt-pt\/produto\/seccionador-de-pilhas-vazias-vazio-200a#breadcrumb","itemListElement":[{"@type":"ListItem","position":1,"name":"Portada","item":"https:\/\/coelectrix.com\/"},{"@type":"ListItem","position":2,"name":"Loja","item":"https:\/\/coelectrix.com\/pt-pt\/loja"},{"@type":"ListItem","position":3,"name":"Desconector de bateria incorporado 200A"}]},{"@type":"WebSite","@id":"https:\/\/coelectrix.com\/pt-pt\/#website","url":"https:\/\/coelectrix.com\/pt-pt\/","name":"Coelectrix","description":"Componentes el\u00e9ctricos","publisher":{"@id":"https:\/\/coelectrix.com\/pt-pt\/#organization"},"potentialAction":[{"@type":"SearchAction","target":{"@type":"EntryPoint","urlTemplate":"https:\/\/coelectrix.com\/pt-pt\/?s={search_term_string}"},"query-input":{"@type":"PropertyValueSpecification","valueRequired":true,"valueName":"search_term_string"}}],"inLanguage":"pt-PT"},{"@type":"Organization","@id":"https:\/\/coelectrix.com\/pt-pt\/#organization","name":"coelectrix.com","url":"https:\/\/coelectrix.com\/pt-pt\/","logo":{"@type":"ImageObject","inLanguage":"pt-PT","@id":"https:\/\/coelectrix.com\/pt-pt\/#\/schema\/logo\/image\/","url":"https:\/\/coelectrix.com\/wp-content\/uploads\/2018\/05\/logo-coelectrix-400x400.jpg","contentUrl":"https:\/\/coelectrix.com\/wp-content\/uploads\/2018\/05\/logo-coelectrix-400x400.jpg","width":300,"height":300,"caption":"coelectrix.com"},"image":{"@id":"https:\/\/coelectrix.com\/pt-pt\/#\/schema\/logo\/image\/"}}]}},"_links":{"self":[{"href":"https:\/\/coelectrix.com\/pt-pt\/wp-json\/wp\/v2\/product\/75648","targetHints":{"allow":["GET"]}}],"collection":[{"href":"https:\/\/coelectrix.com\/pt-pt\/wp-json\/wp\/v2\/product"}],"about":[{"href":"https:\/\/coelectrix.com\/pt-pt\/wp-json\/wp\/v2\/types\/product"}],"version-history":[{"count":1,"href":"https:\/\/coelectrix.com\/pt-pt\/wp-json\/wp\/v2\/product\/75648\/revisions"}],"predecessor-version":[{"id":76675,"href":"https:\/\/coelectrix.com\/pt-pt\/wp-json\/wp\/v2\/product\/75648\/revisions\/76675"}],"wp:featuredmedia":[{"embeddable":true,"href":"https:\/\/coelectrix.com\/pt-pt\/wp-json\/wp\/v2\/media\/74126"}],"wp:attachment":[{"href":"https:\/\/coelectrix.com\/pt-pt\/wp-json\/wp\/v2\/media?parent=75648"}],"wp:term":[{"taxonomy":"product_brand","embeddable":true,"href":"https:\/\/coelectrix.com\/pt-pt\/wp-json\/wp\/v2\/product_brand?post=75648"},{"taxonomy":"product_cat","embeddable":true,"href":"https:\/\/coelectrix.com\/pt-pt\/wp-json\/wp\/v2\/product_cat?post=75648"},{"taxonomy":"product_tag","embeddable":true,"href":"https:\/\/coelectrix.com\/pt-pt\/wp-json\/wp\/v2\/product_tag?post=75648"}],"curies":[{"name":"wp","href":"https:\/\/api.w.org\/{rel}","templated":true}]}}