{"id":75649,"date":"2021-12-12T19:35:36","date_gmt":"2021-12-12T18:35:36","guid":{"rendered":"https:\/\/coelectrix.com\/producto\/desconector-de-bateria-embutido-de-tamanho-reduzido"},"modified":"2025-08-19T06:03:05","modified_gmt":"2025-08-19T04:03:05","slug":"desconector-de-bateria-embutido-de-tamanho-reduzido","status":"publish","type":"product","link":"https:\/\/coelectrix.com\/pt-pt\/produto\/bateria-desconexao-bateria-desconexao-reduzida-bateria-vazia-alca-reduzida","title":{"rendered":"Desconector de bateria embutido de tamanho reduzido"},"content":{"rendered":"<h2><strong>Desconector de bateria 100A<\/strong><\/h2>\n<p>Seccionador de bateria ideal para instala\u00e7\u00f5es 12v\/24v em autom\u00f3veis, autocaravanas, caravanas&#8230; etc. onde o espa\u00e7o dispon\u00edvel \u00e9 reduzido e gra\u00e7as ao tamanho reduzido deste interrutor pode instal\u00e1-lo em qualquer lugar sem problemas.<\/p>\n<p><img fetchpriority=\"high\" decoding=\"async\" class=\"alignnone size-medium wp-image-35970\" src=\"https:\/\/coelectrix.com\/wp-content\/uploads\/2021\/12\/desconectador-de-bateria-con-llave-extraible-300x300.jpg\" alt=\"\" width=\"300\" height=\"300\" srcset=\"https:\/\/coelectrix.com\/wp-content\/uploads\/2021\/12\/desconectador-de-bateria-con-llave-extraible-300x300.jpg 300w, https:\/\/coelectrix.com\/wp-content\/uploads\/2021\/12\/desconectador-de-bateria-con-llave-extraible-196x196.jpg 196w, https:\/\/coelectrix.com\/wp-content\/uploads\/2021\/12\/desconectador-de-bateria-con-llave-extraible-100x100.jpg 100w, https:\/\/coelectrix.com\/wp-content\/uploads\/2021\/12\/desconectador-de-bateria-con-llave-extraible-416x416.jpg 416w, https:\/\/coelectrix.com\/wp-content\/uploads\/2021\/12\/desconectador-de-bateria-con-llave-extraible-64x64.jpg 64w, https:\/\/coelectrix.com\/wp-content\/uploads\/2021\/12\/desconectador-de-bateria-con-llave-extraible-150x150.jpg 150w, https:\/\/coelectrix.com\/wp-content\/uploads\/2021\/12\/desconectador-de-bateria-con-llave-extraible-768x768.jpg 768w, https:\/\/coelectrix.com\/wp-content\/uploads\/2021\/12\/desconectador-de-bateria-con-llave-extraible.jpg 800w\" sizes=\"(max-width: 300px) 100vw, 300px\" \/><\/p>\n<p>Tem 3 posi\u00e7\u00f5es, ON &#8211; OFF &#8211; OUT, a posi\u00e7\u00e3o OUT \u00e9 para extrair a &#8220;chave&#8221;.<\/p>\n<p>Carater\u00edsticas t\u00e9cnicas<\/p>\n<p><strong>Material<\/strong>: Pl\u00e1stico ABS + Metal<br \/>\n<strong>Intensidade m\u00e1xima<\/strong>: 100A<br \/>\n<strong>Dimens\u00f5es<\/strong>: 5 x 4,5cm<br \/>\n<strong>Terminais<\/strong>: M6<\/p>\n","protected":false},"excerpt":{"rendered":"<p>Seccionador de bateria incorporado para at\u00e9 100A de corrente cont\u00ednua permitida.<br \/>\nDevido ao seu tamanho reduzido, \u00e9 ideal para ser instalado em instala\u00e7\u00f5es com pouco espa\u00e7o dispon\u00edvel.<\/p>\n<p><strong>Material<\/strong>: Pl\u00e1stico ABS + Metal<br \/>\n<strong>Intensidade m\u00e1xima<\/strong>: 100A<br \/>\n<strong>Dimens\u00f5es<\/strong>: 5 x 4,5cm<br \/>\n<strong>Terminais<\/strong>: M6<\/p>\n","protected":false},"featured_media":73703,"template":"","meta":{"_acf_changed":false},"product_brand":[],"product_cat":[1390,1283],"product_tag":[],"class_list":{"0":"post-75649","1":"product","2":"type-product","3":"status-publish","4":"has-post-thumbnail","6":"product_cat-seccionadores-de-bateria","7":"product_cat-seccionadores-roscados","9":"first","10":"instock","11":"taxable","12":"shipping-taxable","13":"purchasable","14":"product-type-simple"},"acf":[],"yoast_head":"<!-- This site is optimized with the Yoast SEO plugin v27.2 - https:\/\/yoast.com\/product\/yoast-seo-wordpress\/ -->\n<title>\u25b7 Desconector de bateria embutido de tamanho reduzido | Coelectrix.com<\/title>\n<meta name=\"robots\" content=\"index, follow, max-snippet:-1, max-image-preview:large, max-video-preview:-1\" \/>\n<link rel=\"canonical\" href=\"https:\/\/coelectrix.com\/pt-pt\/produto\/bateria-desconexao-bateria-desconexao-reduzida-bateria-vazia-alca-reduzida\" \/>\n<meta property=\"og:locale\" content=\"pt_PT\" \/>\n<meta property=\"og:type\" content=\"article\" \/>\n<meta property=\"og:title\" content=\"\u25b7 Desconector de bateria embutido de tamanho reduzido | Coelectrix.com\" \/>\n<meta property=\"og:description\" content=\"Seccionador de bateria incorporado para at\u00e9 100A de corrente cont\u00ednua permitida. Devido ao seu tamanho reduzido, \u00e9 ideal para ser instalado em instala\u00e7\u00f5es com pouco espa\u00e7o dispon\u00edvel. Material: Pl\u00e1stico ABS + Metal Intensidade m\u00e1xima: 100A Dimens\u00f5es: 5 x 4,5cm Terminais: M6\" \/>\n<meta property=\"og:url\" content=\"https:\/\/coelectrix.com\/pt-pt\/produto\/bateria-desconexao-bateria-desconexao-reduzida-bateria-vazia-alca-reduzida\" \/>\n<meta property=\"og:site_name\" content=\"Coelectrix\" \/>\n<meta property=\"article:modified_time\" content=\"2025-08-19T04:03:05+00:00\" \/>\n<meta property=\"og:image\" content=\"https:\/\/coelectrix.com\/wp-content\/uploads\/2021\/12\/desconectador-de-bateria-100A-.jpg\" \/>\n\t<meta property=\"og:image:width\" content=\"800\" \/>\n\t<meta property=\"og:image:height\" content=\"800\" \/>\n\t<meta property=\"og:image:type\" content=\"image\/jpeg\" \/>\n<meta name=\"twitter:card\" content=\"summary_large_image\" \/>\n<script type=\"application\/ld+json\" class=\"yoast-schema-graph\">{\"@context\":\"https:\/\/schema.org\",\"@graph\":[{\"@type\":\"WebPage\",\"@id\":\"https:\/\/coelectrix.com\/pt-pt\/produto\/bateria-desconexao-bateria-desconexao-reduzida-bateria-vazia-alca-reduzida\",\"url\":\"https:\/\/coelectrix.com\/pt-pt\/produto\/bateria-desconexao-bateria-desconexao-reduzida-bateria-vazia-alca-reduzida\",\"name\":\"\u25b7 Desconector de bateria embutido de tamanho reduzido | Coelectrix.com\",\"isPartOf\":{\"@id\":\"https:\/\/coelectrix.com\/pt-pt\/#website\"},\"primaryImageOfPage\":{\"@id\":\"https:\/\/coelectrix.com\/pt-pt\/produto\/bateria-desconexao-bateria-desconexao-reduzida-bateria-vazia-alca-reduzida#primaryimage\"},\"image\":{\"@id\":\"https:\/\/coelectrix.com\/pt-pt\/produto\/bateria-desconexao-bateria-desconexao-reduzida-bateria-vazia-alca-reduzida#primaryimage\"},\"thumbnailUrl\":\"https:\/\/coelectrix.com\/wp-content\/uploads\/2021\/12\/desconectador-de-bateria-100A-.jpg\",\"datePublished\":\"2021-12-12T18:35:36+00:00\",\"dateModified\":\"2025-08-19T04:03:05+00:00\",\"breadcrumb\":{\"@id\":\"https:\/\/coelectrix.com\/pt-pt\/produto\/bateria-desconexao-bateria-desconexao-reduzida-bateria-vazia-alca-reduzida#breadcrumb\"},\"inLanguage\":\"pt-PT\",\"potentialAction\":[{\"@type\":\"ReadAction\",\"target\":[\"https:\/\/coelectrix.com\/pt-pt\/produto\/bateria-desconexao-bateria-desconexao-reduzida-bateria-vazia-alca-reduzida\"]}]},{\"@type\":\"ImageObject\",\"inLanguage\":\"pt-PT\",\"@id\":\"https:\/\/coelectrix.com\/pt-pt\/produto\/bateria-desconexao-bateria-desconexao-reduzida-bateria-vazia-alca-reduzida#primaryimage\",\"url\":\"https:\/\/coelectrix.com\/wp-content\/uploads\/2021\/12\/desconectador-de-bateria-100A-.jpg\",\"contentUrl\":\"https:\/\/coelectrix.com\/wp-content\/uploads\/2021\/12\/desconectador-de-bateria-100A-.jpg\",\"width\":800,\"height\":800,\"caption\":\"Desconector de bateria de montagem embutida\"},{\"@type\":\"BreadcrumbList\",\"@id\":\"https:\/\/coelectrix.com\/pt-pt\/produto\/bateria-desconexao-bateria-desconexao-reduzida-bateria-vazia-alca-reduzida#breadcrumb\",\"itemListElement\":[{\"@type\":\"ListItem\",\"position\":1,\"name\":\"Portada\",\"item\":\"https:\/\/coelectrix.com\/\"},{\"@type\":\"ListItem\",\"position\":2,\"name\":\"Loja\",\"item\":\"https:\/\/coelectrix.com\/pt-pt\/loja\"},{\"@type\":\"ListItem\",\"position\":3,\"name\":\"Desconector de bateria embutido de tamanho reduzido\"}]},{\"@type\":\"WebSite\",\"@id\":\"https:\/\/coelectrix.com\/pt-pt\/#website\",\"url\":\"https:\/\/coelectrix.com\/pt-pt\/\",\"name\":\"Coelectrix\",\"description\":\"Componentes el\u00e9ctricos\",\"publisher\":{\"@id\":\"https:\/\/coelectrix.com\/pt-pt\/#organization\"},\"potentialAction\":[{\"@type\":\"SearchAction\",\"target\":{\"@type\":\"EntryPoint\",\"urlTemplate\":\"https:\/\/coelectrix.com\/pt-pt\/?s={search_term_string}\"},\"query-input\":{\"@type\":\"PropertyValueSpecification\",\"valueRequired\":true,\"valueName\":\"search_term_string\"}}],\"inLanguage\":\"pt-PT\"},{\"@type\":\"Organization\",\"@id\":\"https:\/\/coelectrix.com\/pt-pt\/#organization\",\"name\":\"coelectrix.com\",\"url\":\"https:\/\/coelectrix.com\/pt-pt\/\",\"logo\":{\"@type\":\"ImageObject\",\"inLanguage\":\"pt-PT\",\"@id\":\"https:\/\/coelectrix.com\/pt-pt\/#\/schema\/logo\/image\/\",\"url\":\"https:\/\/coelectrix.com\/wp-content\/uploads\/2018\/05\/logo-coelectrix-400x400.jpg\",\"contentUrl\":\"https:\/\/coelectrix.com\/wp-content\/uploads\/2018\/05\/logo-coelectrix-400x400.jpg\",\"width\":300,\"height\":300,\"caption\":\"coelectrix.com\"},\"image\":{\"@id\":\"https:\/\/coelectrix.com\/pt-pt\/#\/schema\/logo\/image\/\"}}]}<\/script>\n<!-- \/ Yoast SEO plugin. -->","yoast_head_json":{"title":"\u25b7 Desconector de bateria embutido de tamanho reduzido | Coelectrix.com","robots":{"index":"index","follow":"follow","max-snippet":"max-snippet:-1","max-image-preview":"max-image-preview:large","max-video-preview":"max-video-preview:-1"},"canonical":"https:\/\/coelectrix.com\/pt-pt\/produto\/bateria-desconexao-bateria-desconexao-reduzida-bateria-vazia-alca-reduzida","og_locale":"pt_PT","og_type":"article","og_title":"\u25b7 Desconector de bateria embutido de tamanho reduzido | Coelectrix.com","og_description":"Seccionador de bateria incorporado para at\u00e9 100A de corrente cont\u00ednua permitida. Devido ao seu tamanho reduzido, \u00e9 ideal para ser instalado em instala\u00e7\u00f5es com pouco espa\u00e7o dispon\u00edvel. Material: Pl\u00e1stico ABS + Metal Intensidade m\u00e1xima: 100A Dimens\u00f5es: 5 x 4,5cm Terminais: M6","og_url":"https:\/\/coelectrix.com\/pt-pt\/produto\/bateria-desconexao-bateria-desconexao-reduzida-bateria-vazia-alca-reduzida","og_site_name":"Coelectrix","article_modified_time":"2025-08-19T04:03:05+00:00","og_image":[{"width":800,"height":800,"url":"https:\/\/coelectrix.com\/wp-content\/uploads\/2021\/12\/desconectador-de-bateria-100A-.jpg","type":"image\/jpeg"}],"twitter_card":"summary_large_image","schema":{"@context":"https:\/\/schema.org","@graph":[{"@type":"WebPage","@id":"https:\/\/coelectrix.com\/pt-pt\/produto\/bateria-desconexao-bateria-desconexao-reduzida-bateria-vazia-alca-reduzida","url":"https:\/\/coelectrix.com\/pt-pt\/produto\/bateria-desconexao-bateria-desconexao-reduzida-bateria-vazia-alca-reduzida","name":"\u25b7 Desconector de bateria embutido de tamanho reduzido | Coelectrix.com","isPartOf":{"@id":"https:\/\/coelectrix.com\/pt-pt\/#website"},"primaryImageOfPage":{"@id":"https:\/\/coelectrix.com\/pt-pt\/produto\/bateria-desconexao-bateria-desconexao-reduzida-bateria-vazia-alca-reduzida#primaryimage"},"image":{"@id":"https:\/\/coelectrix.com\/pt-pt\/produto\/bateria-desconexao-bateria-desconexao-reduzida-bateria-vazia-alca-reduzida#primaryimage"},"thumbnailUrl":"https:\/\/coelectrix.com\/wp-content\/uploads\/2021\/12\/desconectador-de-bateria-100A-.jpg","datePublished":"2021-12-12T18:35:36+00:00","dateModified":"2025-08-19T04:03:05+00:00","breadcrumb":{"@id":"https:\/\/coelectrix.com\/pt-pt\/produto\/bateria-desconexao-bateria-desconexao-reduzida-bateria-vazia-alca-reduzida#breadcrumb"},"inLanguage":"pt-PT","potentialAction":[{"@type":"ReadAction","target":["https:\/\/coelectrix.com\/pt-pt\/produto\/bateria-desconexao-bateria-desconexao-reduzida-bateria-vazia-alca-reduzida"]}]},{"@type":"ImageObject","inLanguage":"pt-PT","@id":"https:\/\/coelectrix.com\/pt-pt\/produto\/bateria-desconexao-bateria-desconexao-reduzida-bateria-vazia-alca-reduzida#primaryimage","url":"https:\/\/coelectrix.com\/wp-content\/uploads\/2021\/12\/desconectador-de-bateria-100A-.jpg","contentUrl":"https:\/\/coelectrix.com\/wp-content\/uploads\/2021\/12\/desconectador-de-bateria-100A-.jpg","width":800,"height":800,"caption":"Desconector de bateria de montagem embutida"},{"@type":"BreadcrumbList","@id":"https:\/\/coelectrix.com\/pt-pt\/produto\/bateria-desconexao-bateria-desconexao-reduzida-bateria-vazia-alca-reduzida#breadcrumb","itemListElement":[{"@type":"ListItem","position":1,"name":"Portada","item":"https:\/\/coelectrix.com\/"},{"@type":"ListItem","position":2,"name":"Loja","item":"https:\/\/coelectrix.com\/pt-pt\/loja"},{"@type":"ListItem","position":3,"name":"Desconector de bateria embutido de tamanho reduzido"}]},{"@type":"WebSite","@id":"https:\/\/coelectrix.com\/pt-pt\/#website","url":"https:\/\/coelectrix.com\/pt-pt\/","name":"Coelectrix","description":"Componentes el\u00e9ctricos","publisher":{"@id":"https:\/\/coelectrix.com\/pt-pt\/#organization"},"potentialAction":[{"@type":"SearchAction","target":{"@type":"EntryPoint","urlTemplate":"https:\/\/coelectrix.com\/pt-pt\/?s={search_term_string}"},"query-input":{"@type":"PropertyValueSpecification","valueRequired":true,"valueName":"search_term_string"}}],"inLanguage":"pt-PT"},{"@type":"Organization","@id":"https:\/\/coelectrix.com\/pt-pt\/#organization","name":"coelectrix.com","url":"https:\/\/coelectrix.com\/pt-pt\/","logo":{"@type":"ImageObject","inLanguage":"pt-PT","@id":"https:\/\/coelectrix.com\/pt-pt\/#\/schema\/logo\/image\/","url":"https:\/\/coelectrix.com\/wp-content\/uploads\/2018\/05\/logo-coelectrix-400x400.jpg","contentUrl":"https:\/\/coelectrix.com\/wp-content\/uploads\/2018\/05\/logo-coelectrix-400x400.jpg","width":300,"height":300,"caption":"coelectrix.com"},"image":{"@id":"https:\/\/coelectrix.com\/pt-pt\/#\/schema\/logo\/image\/"}}]}},"_links":{"self":[{"href":"https:\/\/coelectrix.com\/pt-pt\/wp-json\/wp\/v2\/product\/75649","targetHints":{"allow":["GET"]}}],"collection":[{"href":"https:\/\/coelectrix.com\/pt-pt\/wp-json\/wp\/v2\/product"}],"about":[{"href":"https:\/\/coelectrix.com\/pt-pt\/wp-json\/wp\/v2\/types\/product"}],"version-history":[{"count":1,"href":"https:\/\/coelectrix.com\/pt-pt\/wp-json\/wp\/v2\/product\/75649\/revisions"}],"predecessor-version":[{"id":76749,"href":"https:\/\/coelectrix.com\/pt-pt\/wp-json\/wp\/v2\/product\/75649\/revisions\/76749"}],"wp:featuredmedia":[{"embeddable":true,"href":"https:\/\/coelectrix.com\/pt-pt\/wp-json\/wp\/v2\/media\/73703"}],"wp:attachment":[{"href":"https:\/\/coelectrix.com\/pt-pt\/wp-json\/wp\/v2\/media?parent=75649"}],"wp:term":[{"taxonomy":"product_brand","embeddable":true,"href":"https:\/\/coelectrix.com\/pt-pt\/wp-json\/wp\/v2\/product_brand?post=75649"},{"taxonomy":"product_cat","embeddable":true,"href":"https:\/\/coelectrix.com\/pt-pt\/wp-json\/wp\/v2\/product_cat?post=75649"},{"taxonomy":"product_tag","embeddable":true,"href":"https:\/\/coelectrix.com\/pt-pt\/wp-json\/wp\/v2\/product_tag?post=75649"}],"curies":[{"name":"wp","href":"https:\/\/api.w.org\/{rel}","templated":true}]}}