{"id":75653,"date":"2016-12-17T23:49:48","date_gmt":"2016-12-17T22:49:48","guid":{"rendered":"https:\/\/coelectrix.com\/producto\/desconector-de-bateria-500026-tipo-carro-moto"},"modified":"2025-08-19T06:05:53","modified_gmt":"2025-08-19T04:05:53","slug":"desconector-de-bateria-500026-tipo-carro-moto","status":"publish","type":"product","link":"https:\/\/coelectrix.com\/pt-pt\/produto\/bateria-desconectar-bateria-500026-cormar","title":{"rendered":"Desconector de bateria 500026 Tipo &#8220;carro\/moto&#8221;."},"content":{"rendered":"<h2>Comprar seccionador de bateria com rosca<\/h2>\n<h3>Modelo : <strong>500026 CORMAR<\/strong><\/h3>\n<p>Seccionador de bateria monopolar tipo &#8220;parafuso<\/p>\n<p>Amperagem de trabalho de 75A e at\u00e9 200A durante 5 segundos.<\/p>\n<p>Temos tamb\u00e9m o modelo 500028 de 80A ideal para ve\u00edculos de maior pot\u00eancia mesmo para cami\u00f5es ou tractores, podendo suportar correntes de 300amp de pico durante 5 segundos.<\/p>\n<h2>Para que serve um seccionador de bateria?<\/h2>\n<p><strong>O seccionador de bateria<\/strong>, como o pr\u00f3prio nome sugere, \u00e9 um interrutor que corta o fluxo de corrente da bateria do carro, moto ou qualquer ve\u00edculo que tenha uma bateria, a fim de evitar o desgaste durante os per\u00edodos de n\u00e3o utiliza\u00e7\u00e3o.<\/p>\n<p>Este modelo \u00e9 do tipo &#8220;roscado&#8221;, ou seja, tem uma rosca que funciona como interrutor. Quando rodamos a rosca at\u00e9 meio, mais ou menos, deixa de fazer contacto e o fluxo de corrente \u00e9 interrompido. Quando rodamos a rosca do <strong>seccionador de bateria<\/strong> meia volta, este abre novamente o fluxo de corrente.<\/p>\n<h2>Cormar 50026<\/h2>\n<p>O <strong>seccionador<\/strong> de <strong>bateria<\/strong> ou<strong> interrutor de bateria<\/strong> pode ser utilizado para diferentes fins:<\/p>\n<p>Como medida de seguran\u00e7a em caso de paragem prolongada do ve\u00edculo para evitar o desgaste da bateria.<\/p>\n<p>Tamb\u00e9m pode ser utilizado como dispositivo antirroubo do ve\u00edculo.<\/p>\n<p>Como medida de seguran\u00e7a em ve\u00edculos de competi\u00e7\u00e3o.<\/p>\n<h2>Seccionador de bateria para motas<\/h2>\n<p>Este modelo de<strong> seccionador de bateria<\/strong> de 70 amperes \u00e9 muito v\u00e1lido para utiliza\u00e7\u00e3o como <strong>interrutor de bateria<\/strong> de mota, devido ao seu pequeno tamanho \u00e9 poss\u00edvel coloc\u00e1-lo em pequenas cavidades interiores do ve\u00edculo.<\/p>\n<p>Desta forma evitaremos descargas da bateria da mota em longos per\u00edodos de n\u00e3o utiliza\u00e7\u00e3o da mesma.<\/p>\n<p>Servir\u00e1 tamb\u00e9m como medida antirroubo, tal como referi no caso dos autom\u00f3veis.<\/p>\n<p>Neste link pode ver outros modelos de <a href=\"https:\/\/coelectrix.com\/pt-pt\/seccionadores-de-bateria\">seccionadores de bateria<\/a> dispon\u00edveis na loja.<\/p>\n","protected":false},"excerpt":{"rendered":"<p>Desconector de bateria 500026 CORMAR<\/p>\n<p>Tipo de parafuso unipolar com bot\u00e3o de pl\u00e1stico.<\/p>\n<p>Funciona a 75A e at\u00e9 200A durante 5 segundos.<\/p>\n<p>Tipo: <strong>Autom\u00f3veis de passageiros<\/strong><\/p>\n","protected":false},"featured_media":73004,"template":"","meta":{"_acf_changed":false},"product_brand":[],"product_cat":[1285,1284,1390,1283],"product_tag":[],"class_list":{"0":"post-75653","1":"product","2":"type-product","3":"status-publish","4":"has-post-thumbnail","6":"product_cat-desconectores-para-automovel-ou-barco","7":"product_cat-desconectores-para-motos","8":"product_cat-seccionadores-de-bateria","9":"product_cat-seccionadores-roscados","11":"first","12":"instock","13":"taxable","14":"shipping-taxable","15":"purchasable","16":"product-type-simple"},"acf":[],"yoast_head":"<!-- This site is optimized with the Yoast SEO plugin v27.2 - https:\/\/yoast.com\/product\/yoast-seo-wordpress\/ -->\n<title>\u25b7 Desconector de bateria 75AMP Cormar 500026 | Coelectrix.com<\/title>\n<meta name=\"description\" content=\"Desconector de parafuso de bateria 75 Amp. CORMAR 500026 carro e moto | Envio em 24\/48 horas | Loja online l\u00edder em eletr\u00f3nica autom\u00f3vel \u27a4 Melhor pre\u00e7o online.\" \/>\n<meta name=\"robots\" content=\"index, follow, max-snippet:-1, max-image-preview:large, max-video-preview:-1\" \/>\n<link rel=\"canonical\" href=\"https:\/\/coelectrix.com\/pt-pt\/produto\/bateria-desconectar-bateria-500026-cormar\" \/>\n<meta property=\"og:locale\" content=\"pt_PT\" \/>\n<meta property=\"og:type\" content=\"article\" \/>\n<meta property=\"og:title\" content=\"\u25b7 Desconector de bateria 75AMP Cormar 500026 | Coelectrix.com\" \/>\n<meta property=\"og:description\" content=\"Desconector de parafuso de bateria 75 Amp. CORMAR 500026 carro e moto | Envio em 24\/48 horas | Loja online l\u00edder em eletr\u00f3nica autom\u00f3vel \u27a4 Melhor pre\u00e7o online.\" \/>\n<meta property=\"og:url\" content=\"https:\/\/coelectrix.com\/pt-pt\/produto\/bateria-desconectar-bateria-500026-cormar\" \/>\n<meta property=\"og:site_name\" content=\"Coelectrix\" \/>\n<meta property=\"article:modified_time\" content=\"2025-08-19T04:05:53+00:00\" \/>\n<meta property=\"og:image\" content=\"https:\/\/coelectrix.com\/wp-content\/uploads\/2016\/12\/desconectador-rosca.jpg\" \/>\n\t<meta property=\"og:image:width\" content=\"800\" \/>\n\t<meta property=\"og:image:height\" content=\"800\" \/>\n\t<meta property=\"og:image:type\" content=\"image\/jpeg\" \/>\n<meta name=\"twitter:card\" content=\"summary_large_image\" \/>\n<meta name=\"twitter:label1\" content=\"Tempo estimado de leitura\" \/>\n\t<meta name=\"twitter:data1\" content=\"2 minutos\" \/>\n<script type=\"application\/ld+json\" class=\"yoast-schema-graph\">{\"@context\":\"https:\/\/schema.org\",\"@graph\":[{\"@type\":\"WebPage\",\"@id\":\"https:\/\/coelectrix.com\/pt-pt\/produto\/bateria-desconectar-bateria-500026-cormar\",\"url\":\"https:\/\/coelectrix.com\/pt-pt\/produto\/bateria-desconectar-bateria-500026-cormar\",\"name\":\"\u25b7 Desconector de bateria 75AMP Cormar 500026 | Coelectrix.com\",\"isPartOf\":{\"@id\":\"https:\/\/coelectrix.com\/pt-pt\/#website\"},\"primaryImageOfPage\":{\"@id\":\"https:\/\/coelectrix.com\/pt-pt\/produto\/bateria-desconectar-bateria-500026-cormar#primaryimage\"},\"image\":{\"@id\":\"https:\/\/coelectrix.com\/pt-pt\/produto\/bateria-desconectar-bateria-500026-cormar#primaryimage\"},\"thumbnailUrl\":\"https:\/\/coelectrix.com\/wp-content\/uploads\/2016\/12\/desconectador-rosca.jpg\",\"datePublished\":\"2016-12-17T22:49:48+00:00\",\"dateModified\":\"2025-08-19T04:05:53+00:00\",\"description\":\"Desconector de parafuso de bateria 75 Amp. CORMAR 500026 carro e moto | Envio em 24\/48 horas | Loja online l\u00edder em eletr\u00f3nica autom\u00f3vel \u27a4 Melhor pre\u00e7o online.\",\"breadcrumb\":{\"@id\":\"https:\/\/coelectrix.com\/pt-pt\/produto\/bateria-desconectar-bateria-500026-cormar#breadcrumb\"},\"inLanguage\":\"pt-PT\",\"potentialAction\":[{\"@type\":\"ReadAction\",\"target\":[\"https:\/\/coelectrix.com\/pt-pt\/produto\/bateria-desconectar-bateria-500026-cormar\"]}]},{\"@type\":\"ImageObject\",\"inLanguage\":\"pt-PT\",\"@id\":\"https:\/\/coelectrix.com\/pt-pt\/produto\/bateria-desconectar-bateria-500026-cormar#primaryimage\",\"url\":\"https:\/\/coelectrix.com\/wp-content\/uploads\/2016\/12\/desconectador-rosca.jpg\",\"contentUrl\":\"https:\/\/coelectrix.com\/wp-content\/uploads\/2016\/12\/desconectador-rosca.jpg\",\"width\":800,\"height\":800,\"caption\":\"comprar parafuso seccionador de bateria carro e moto\"},{\"@type\":\"BreadcrumbList\",\"@id\":\"https:\/\/coelectrix.com\/pt-pt\/produto\/bateria-desconectar-bateria-500026-cormar#breadcrumb\",\"itemListElement\":[{\"@type\":\"ListItem\",\"position\":1,\"name\":\"Portada\",\"item\":\"https:\/\/coelectrix.com\/\"},{\"@type\":\"ListItem\",\"position\":2,\"name\":\"Loja\",\"item\":\"https:\/\/coelectrix.com\/pt-pt\/loja\"},{\"@type\":\"ListItem\",\"position\":3,\"name\":\"Desconector de bateria 500026 Tipo &#8220;carro\/moto&#8221;.\"}]},{\"@type\":\"WebSite\",\"@id\":\"https:\/\/coelectrix.com\/pt-pt\/#website\",\"url\":\"https:\/\/coelectrix.com\/pt-pt\/\",\"name\":\"Coelectrix\",\"description\":\"Componentes el\u00e9ctricos\",\"publisher\":{\"@id\":\"https:\/\/coelectrix.com\/pt-pt\/#organization\"},\"potentialAction\":[{\"@type\":\"SearchAction\",\"target\":{\"@type\":\"EntryPoint\",\"urlTemplate\":\"https:\/\/coelectrix.com\/pt-pt\/?s={search_term_string}\"},\"query-input\":{\"@type\":\"PropertyValueSpecification\",\"valueRequired\":true,\"valueName\":\"search_term_string\"}}],\"inLanguage\":\"pt-PT\"},{\"@type\":\"Organization\",\"@id\":\"https:\/\/coelectrix.com\/pt-pt\/#organization\",\"name\":\"coelectrix.com\",\"url\":\"https:\/\/coelectrix.com\/pt-pt\/\",\"logo\":{\"@type\":\"ImageObject\",\"inLanguage\":\"pt-PT\",\"@id\":\"https:\/\/coelectrix.com\/pt-pt\/#\/schema\/logo\/image\/\",\"url\":\"https:\/\/coelectrix.com\/wp-content\/uploads\/2018\/05\/logo-coelectrix-400x400.jpg\",\"contentUrl\":\"https:\/\/coelectrix.com\/wp-content\/uploads\/2018\/05\/logo-coelectrix-400x400.jpg\",\"width\":300,\"height\":300,\"caption\":\"coelectrix.com\"},\"image\":{\"@id\":\"https:\/\/coelectrix.com\/pt-pt\/#\/schema\/logo\/image\/\"}}]}<\/script>\n<!-- \/ Yoast SEO plugin. -->","yoast_head_json":{"title":"\u25b7 Desconector de bateria 75AMP Cormar 500026 | Coelectrix.com","description":"Desconector de parafuso de bateria 75 Amp. CORMAR 500026 carro e moto | Envio em 24\/48 horas | Loja online l\u00edder em eletr\u00f3nica autom\u00f3vel \u27a4 Melhor pre\u00e7o online.","robots":{"index":"index","follow":"follow","max-snippet":"max-snippet:-1","max-image-preview":"max-image-preview:large","max-video-preview":"max-video-preview:-1"},"canonical":"https:\/\/coelectrix.com\/pt-pt\/produto\/bateria-desconectar-bateria-500026-cormar","og_locale":"pt_PT","og_type":"article","og_title":"\u25b7 Desconector de bateria 75AMP Cormar 500026 | Coelectrix.com","og_description":"Desconector de parafuso de bateria 75 Amp. CORMAR 500026 carro e moto | Envio em 24\/48 horas | Loja online l\u00edder em eletr\u00f3nica autom\u00f3vel \u27a4 Melhor pre\u00e7o online.","og_url":"https:\/\/coelectrix.com\/pt-pt\/produto\/bateria-desconectar-bateria-500026-cormar","og_site_name":"Coelectrix","article_modified_time":"2025-08-19T04:05:53+00:00","og_image":[{"width":800,"height":800,"url":"https:\/\/coelectrix.com\/wp-content\/uploads\/2016\/12\/desconectador-rosca.jpg","type":"image\/jpeg"}],"twitter_card":"summary_large_image","twitter_misc":{"Tempo estimado de leitura":"2 minutos"},"schema":{"@context":"https:\/\/schema.org","@graph":[{"@type":"WebPage","@id":"https:\/\/coelectrix.com\/pt-pt\/produto\/bateria-desconectar-bateria-500026-cormar","url":"https:\/\/coelectrix.com\/pt-pt\/produto\/bateria-desconectar-bateria-500026-cormar","name":"\u25b7 Desconector de bateria 75AMP Cormar 500026 | Coelectrix.com","isPartOf":{"@id":"https:\/\/coelectrix.com\/pt-pt\/#website"},"primaryImageOfPage":{"@id":"https:\/\/coelectrix.com\/pt-pt\/produto\/bateria-desconectar-bateria-500026-cormar#primaryimage"},"image":{"@id":"https:\/\/coelectrix.com\/pt-pt\/produto\/bateria-desconectar-bateria-500026-cormar#primaryimage"},"thumbnailUrl":"https:\/\/coelectrix.com\/wp-content\/uploads\/2016\/12\/desconectador-rosca.jpg","datePublished":"2016-12-17T22:49:48+00:00","dateModified":"2025-08-19T04:05:53+00:00","description":"Desconector de parafuso de bateria 75 Amp. CORMAR 500026 carro e moto | Envio em 24\/48 horas | Loja online l\u00edder em eletr\u00f3nica autom\u00f3vel \u27a4 Melhor pre\u00e7o online.","breadcrumb":{"@id":"https:\/\/coelectrix.com\/pt-pt\/produto\/bateria-desconectar-bateria-500026-cormar#breadcrumb"},"inLanguage":"pt-PT","potentialAction":[{"@type":"ReadAction","target":["https:\/\/coelectrix.com\/pt-pt\/produto\/bateria-desconectar-bateria-500026-cormar"]}]},{"@type":"ImageObject","inLanguage":"pt-PT","@id":"https:\/\/coelectrix.com\/pt-pt\/produto\/bateria-desconectar-bateria-500026-cormar#primaryimage","url":"https:\/\/coelectrix.com\/wp-content\/uploads\/2016\/12\/desconectador-rosca.jpg","contentUrl":"https:\/\/coelectrix.com\/wp-content\/uploads\/2016\/12\/desconectador-rosca.jpg","width":800,"height":800,"caption":"comprar parafuso seccionador de bateria carro e moto"},{"@type":"BreadcrumbList","@id":"https:\/\/coelectrix.com\/pt-pt\/produto\/bateria-desconectar-bateria-500026-cormar#breadcrumb","itemListElement":[{"@type":"ListItem","position":1,"name":"Portada","item":"https:\/\/coelectrix.com\/"},{"@type":"ListItem","position":2,"name":"Loja","item":"https:\/\/coelectrix.com\/pt-pt\/loja"},{"@type":"ListItem","position":3,"name":"Desconector de bateria 500026 Tipo &#8220;carro\/moto&#8221;."}]},{"@type":"WebSite","@id":"https:\/\/coelectrix.com\/pt-pt\/#website","url":"https:\/\/coelectrix.com\/pt-pt\/","name":"Coelectrix","description":"Componentes el\u00e9ctricos","publisher":{"@id":"https:\/\/coelectrix.com\/pt-pt\/#organization"},"potentialAction":[{"@type":"SearchAction","target":{"@type":"EntryPoint","urlTemplate":"https:\/\/coelectrix.com\/pt-pt\/?s={search_term_string}"},"query-input":{"@type":"PropertyValueSpecification","valueRequired":true,"valueName":"search_term_string"}}],"inLanguage":"pt-PT"},{"@type":"Organization","@id":"https:\/\/coelectrix.com\/pt-pt\/#organization","name":"coelectrix.com","url":"https:\/\/coelectrix.com\/pt-pt\/","logo":{"@type":"ImageObject","inLanguage":"pt-PT","@id":"https:\/\/coelectrix.com\/pt-pt\/#\/schema\/logo\/image\/","url":"https:\/\/coelectrix.com\/wp-content\/uploads\/2018\/05\/logo-coelectrix-400x400.jpg","contentUrl":"https:\/\/coelectrix.com\/wp-content\/uploads\/2018\/05\/logo-coelectrix-400x400.jpg","width":300,"height":300,"caption":"coelectrix.com"},"image":{"@id":"https:\/\/coelectrix.com\/pt-pt\/#\/schema\/logo\/image\/"}}]}},"_links":{"self":[{"href":"https:\/\/coelectrix.com\/pt-pt\/wp-json\/wp\/v2\/product\/75653","targetHints":{"allow":["GET"]}}],"collection":[{"href":"https:\/\/coelectrix.com\/pt-pt\/wp-json\/wp\/v2\/product"}],"about":[{"href":"https:\/\/coelectrix.com\/pt-pt\/wp-json\/wp\/v2\/types\/product"}],"version-history":[{"count":1,"href":"https:\/\/coelectrix.com\/pt-pt\/wp-json\/wp\/v2\/product\/75653\/revisions"}],"predecessor-version":[{"id":76895,"href":"https:\/\/coelectrix.com\/pt-pt\/wp-json\/wp\/v2\/product\/75653\/revisions\/76895"}],"wp:featuredmedia":[{"embeddable":true,"href":"https:\/\/coelectrix.com\/pt-pt\/wp-json\/wp\/v2\/media\/73004"}],"wp:attachment":[{"href":"https:\/\/coelectrix.com\/pt-pt\/wp-json\/wp\/v2\/media?parent=75653"}],"wp:term":[{"taxonomy":"product_brand","embeddable":true,"href":"https:\/\/coelectrix.com\/pt-pt\/wp-json\/wp\/v2\/product_brand?post=75653"},{"taxonomy":"product_cat","embeddable":true,"href":"https:\/\/coelectrix.com\/pt-pt\/wp-json\/wp\/v2\/product_cat?post=75653"},{"taxonomy":"product_tag","embeddable":true,"href":"https:\/\/coelectrix.com\/pt-pt\/wp-json\/wp\/v2\/product_tag?post=75653"}],"curies":[{"name":"wp","href":"https:\/\/api.w.org\/{rel}","templated":true}]}}