{"id":75654,"date":"2025-04-28T09:19:07","date_gmt":"2025-04-28T07:19:07","guid":{"rendered":"https:\/\/coelectrix.com\/producto\/caixa-de-fusiveis-mta-para-terminal-de-bateria-para-1-mega-e-2-midi"},"modified":"2025-08-19T05:57:06","modified_gmt":"2025-08-19T03:57:06","slug":"caixa-de-fusiveis-mta-para-terminal-de-bateria-para-1-mega-e-2-midi","status":"publish","type":"product","link":"https:\/\/coelectrix.com\/pt-pt\/produto\/caixa-de-fusiveis-mta-caixa-de-fusiveis-para-bateria-borne-para-1-mega-e-2-midi","title":{"rendered":"Caixa de fus\u00edveis MTA para terminal de bateria para 1 Mega e 2 Midi"},"content":{"rendered":"<h2><strong>Caixa de fus\u00edveis MTA para terminal de bateria para 1 Mega e 2 Midi<\/strong><\/h2>\n<p><img fetchpriority=\"high\" decoding=\"async\" class=\" wp-image-69608 alignleft\" src=\"https:\/\/coelectrix.com\/wp-content\/uploads\/2025\/04\/Caja-fusibles-MTA-1-mega-2-midi-medidas-300x185.jpg\" alt=\"Caja-fusibles-MTA-1-mega-2-midi\" width=\"363\" height=\"224\" srcset=\"https:\/\/coelectrix.com\/wp-content\/uploads\/2025\/04\/Caja-fusibles-MTA-1-mega-2-midi-medidas-300x185.jpg 300w, https:\/\/coelectrix.com\/wp-content\/uploads\/2025\/04\/Caja-fusibles-MTA-1-mega-2-midi-medidas-1024x630.jpg 1024w, https:\/\/coelectrix.com\/wp-content\/uploads\/2025\/04\/Caja-fusibles-MTA-1-mega-2-midi-medidas-768x473.jpg 768w, https:\/\/coelectrix.com\/wp-content\/uploads\/2025\/04\/Caja-fusibles-MTA-1-mega-2-midi-medidas-416x256.jpg 416w, https:\/\/coelectrix.com\/wp-content\/uploads\/2025\/04\/Caja-fusibles-MTA-1-mega-2-midi-medidas.jpg 1300w\" sizes=\"(max-width: 363px) 100vw, 363px\" \/><\/p>\n<h3><strong>Terminal de bateria MTA 0300839 <\/strong><\/h3>\n","protected":false},"excerpt":{"rendered":"<p id=\"title\" class=\"a-size-large a-spacing-none\"><span id=\"productTitle\" class=\"a-size-large product-title-word-break\">Terminal positivo da bateria MTA com caixa de fus\u00edveis de distribui\u00e7\u00e3o de corrente.<br \/>\nPara instalar at\u00e9 2 fus\u00edveis MIDI e 1 fus\u00edvel MEGA.<br \/>\nOs fus\u00edveis e os terminais N\u00c3O est\u00e3o inclu\u00eddos.<\/span><\/p>\n","protected":false},"featured_media":74655,"template":"","meta":{"_acf_changed":false},"product_brand":[],"product_cat":[1334,1388],"product_tag":[],"class_list":{"0":"post-75654","1":"product","2":"type-product","3":"status-publish","4":"has-post-thumbnail","6":"product_cat-distribuidores-actuais","7":"product_cat-porta-fusiveis","9":"first","10":"outofstock","11":"taxable","12":"shipping-taxable","13":"purchasable","14":"product-type-simple"},"acf":[],"yoast_head":"<!-- This site is optimized with the Yoast SEO plugin v27.2 - https:\/\/yoast.com\/product\/yoast-seo-wordpress\/ -->\n<title>\u25b7 Caixa de fus\u00edveis MTA para terminal de bateria para 1 Mega e 2 Midi | Coelectrix.com<\/title>\n<meta name=\"robots\" content=\"index, follow, max-snippet:-1, max-image-preview:large, max-video-preview:-1\" \/>\n<link rel=\"canonical\" href=\"https:\/\/coelectrix.com\/pt-pt\/produto\/caixa-de-fusiveis-mta-caixa-de-fusiveis-para-bateria-borne-para-1-mega-e-2-midi\" \/>\n<meta property=\"og:locale\" content=\"pt_PT\" \/>\n<meta property=\"og:type\" content=\"article\" \/>\n<meta property=\"og:title\" content=\"\u25b7 Caixa de fus\u00edveis MTA para terminal de bateria para 1 Mega e 2 Midi | Coelectrix.com\" \/>\n<meta property=\"og:description\" content=\"Terminal positivo da bateria MTA com caixa de fus\u00edveis de distribui\u00e7\u00e3o de corrente. Para instalar at\u00e9 2 fus\u00edveis MIDI e 1 fus\u00edvel MEGA. Os fus\u00edveis e os terminais N\u00c3O est\u00e3o inclu\u00eddos.\" \/>\n<meta property=\"og:url\" content=\"https:\/\/coelectrix.com\/pt-pt\/produto\/caixa-de-fusiveis-mta-caixa-de-fusiveis-para-bateria-borne-para-1-mega-e-2-midi\" \/>\n<meta property=\"og:site_name\" content=\"Coelectrix\" \/>\n<meta property=\"article:modified_time\" content=\"2025-08-19T03:57:06+00:00\" \/>\n<meta property=\"og:image\" content=\"https:\/\/coelectrix.com\/wp-content\/uploads\/2025\/04\/Caja-de-Fusibles-MTA-para-Borne-de-Bateria-para-1-Mega-y-2-Midi.jpg\" \/>\n\t<meta property=\"og:image:width\" content=\"800\" \/>\n\t<meta property=\"og:image:height\" content=\"800\" \/>\n\t<meta property=\"og:image:type\" content=\"image\/jpeg\" \/>\n<meta name=\"twitter:card\" content=\"summary_large_image\" \/>\n<script type=\"application\/ld+json\" class=\"yoast-schema-graph\">{\"@context\":\"https:\/\/schema.org\",\"@graph\":[{\"@type\":\"WebPage\",\"@id\":\"https:\/\/coelectrix.com\/pt-pt\/produto\/caixa-de-fusiveis-mta-caixa-de-fusiveis-para-bateria-borne-para-1-mega-e-2-midi\",\"url\":\"https:\/\/coelectrix.com\/pt-pt\/produto\/caixa-de-fusiveis-mta-caixa-de-fusiveis-para-bateria-borne-para-1-mega-e-2-midi\",\"name\":\"\u25b7 Caixa de fus\u00edveis MTA para terminal de bateria para 1 Mega e 2 Midi | Coelectrix.com\",\"isPartOf\":{\"@id\":\"https:\/\/coelectrix.com\/pt-pt\/#website\"},\"primaryImageOfPage\":{\"@id\":\"https:\/\/coelectrix.com\/pt-pt\/produto\/caixa-de-fusiveis-mta-caixa-de-fusiveis-para-bateria-borne-para-1-mega-e-2-midi#primaryimage\"},\"image\":{\"@id\":\"https:\/\/coelectrix.com\/pt-pt\/produto\/caixa-de-fusiveis-mta-caixa-de-fusiveis-para-bateria-borne-para-1-mega-e-2-midi#primaryimage\"},\"thumbnailUrl\":\"https:\/\/coelectrix.com\/wp-content\/uploads\/2025\/04\/Caja-de-Fusibles-MTA-para-Borne-de-Bateria-para-1-Mega-y-2-Midi.jpg\",\"datePublished\":\"2025-04-28T07:19:07+00:00\",\"dateModified\":\"2025-08-19T03:57:06+00:00\",\"breadcrumb\":{\"@id\":\"https:\/\/coelectrix.com\/pt-pt\/produto\/caixa-de-fusiveis-mta-caixa-de-fusiveis-para-bateria-borne-para-1-mega-e-2-midi#breadcrumb\"},\"inLanguage\":\"pt-PT\",\"potentialAction\":[{\"@type\":\"ReadAction\",\"target\":[\"https:\/\/coelectrix.com\/pt-pt\/produto\/caixa-de-fusiveis-mta-caixa-de-fusiveis-para-bateria-borne-para-1-mega-e-2-midi\"]}]},{\"@type\":\"ImageObject\",\"inLanguage\":\"pt-PT\",\"@id\":\"https:\/\/coelectrix.com\/pt-pt\/produto\/caixa-de-fusiveis-mta-caixa-de-fusiveis-para-bateria-borne-para-1-mega-e-2-midi#primaryimage\",\"url\":\"https:\/\/coelectrix.com\/wp-content\/uploads\/2025\/04\/Caja-de-Fusibles-MTA-para-Borne-de-Bateria-para-1-Mega-y-2-Midi.jpg\",\"contentUrl\":\"https:\/\/coelectrix.com\/wp-content\/uploads\/2025\/04\/Caja-de-Fusibles-MTA-para-Borne-de-Bateria-para-1-Mega-y-2-Midi.jpg\",\"width\":800,\"height\":800,\"caption\":\"Caixa de fus\u00edveis-MTA a pilhas para 1 Mega e 2 Midi.\"},{\"@type\":\"BreadcrumbList\",\"@id\":\"https:\/\/coelectrix.com\/pt-pt\/produto\/caixa-de-fusiveis-mta-caixa-de-fusiveis-para-bateria-borne-para-1-mega-e-2-midi#breadcrumb\",\"itemListElement\":[{\"@type\":\"ListItem\",\"position\":1,\"name\":\"Portada\",\"item\":\"https:\/\/coelectrix.com\/\"},{\"@type\":\"ListItem\",\"position\":2,\"name\":\"Loja\",\"item\":\"https:\/\/coelectrix.com\/pt-pt\/loja\"},{\"@type\":\"ListItem\",\"position\":3,\"name\":\"Caixa de fus\u00edveis MTA para terminal de bateria para 1 Mega e 2 Midi\"}]},{\"@type\":\"WebSite\",\"@id\":\"https:\/\/coelectrix.com\/pt-pt\/#website\",\"url\":\"https:\/\/coelectrix.com\/pt-pt\/\",\"name\":\"Coelectrix\",\"description\":\"Componentes el\u00e9ctricos\",\"publisher\":{\"@id\":\"https:\/\/coelectrix.com\/pt-pt\/#organization\"},\"potentialAction\":[{\"@type\":\"SearchAction\",\"target\":{\"@type\":\"EntryPoint\",\"urlTemplate\":\"https:\/\/coelectrix.com\/pt-pt\/?s={search_term_string}\"},\"query-input\":{\"@type\":\"PropertyValueSpecification\",\"valueRequired\":true,\"valueName\":\"search_term_string\"}}],\"inLanguage\":\"pt-PT\"},{\"@type\":\"Organization\",\"@id\":\"https:\/\/coelectrix.com\/pt-pt\/#organization\",\"name\":\"coelectrix.com\",\"url\":\"https:\/\/coelectrix.com\/pt-pt\/\",\"logo\":{\"@type\":\"ImageObject\",\"inLanguage\":\"pt-PT\",\"@id\":\"https:\/\/coelectrix.com\/pt-pt\/#\/schema\/logo\/image\/\",\"url\":\"https:\/\/coelectrix.com\/wp-content\/uploads\/2018\/05\/logo-coelectrix-400x400.jpg\",\"contentUrl\":\"https:\/\/coelectrix.com\/wp-content\/uploads\/2018\/05\/logo-coelectrix-400x400.jpg\",\"width\":300,\"height\":300,\"caption\":\"coelectrix.com\"},\"image\":{\"@id\":\"https:\/\/coelectrix.com\/pt-pt\/#\/schema\/logo\/image\/\"}}]}<\/script>\n<!-- \/ Yoast SEO plugin. -->","yoast_head_json":{"title":"\u25b7 Caixa de fus\u00edveis MTA para terminal de bateria para 1 Mega e 2 Midi | Coelectrix.com","robots":{"index":"index","follow":"follow","max-snippet":"max-snippet:-1","max-image-preview":"max-image-preview:large","max-video-preview":"max-video-preview:-1"},"canonical":"https:\/\/coelectrix.com\/pt-pt\/produto\/caixa-de-fusiveis-mta-caixa-de-fusiveis-para-bateria-borne-para-1-mega-e-2-midi","og_locale":"pt_PT","og_type":"article","og_title":"\u25b7 Caixa de fus\u00edveis MTA para terminal de bateria para 1 Mega e 2 Midi | Coelectrix.com","og_description":"Terminal positivo da bateria MTA com caixa de fus\u00edveis de distribui\u00e7\u00e3o de corrente. Para instalar at\u00e9 2 fus\u00edveis MIDI e 1 fus\u00edvel MEGA. Os fus\u00edveis e os terminais N\u00c3O est\u00e3o inclu\u00eddos.","og_url":"https:\/\/coelectrix.com\/pt-pt\/produto\/caixa-de-fusiveis-mta-caixa-de-fusiveis-para-bateria-borne-para-1-mega-e-2-midi","og_site_name":"Coelectrix","article_modified_time":"2025-08-19T03:57:06+00:00","og_image":[{"width":800,"height":800,"url":"https:\/\/coelectrix.com\/wp-content\/uploads\/2025\/04\/Caja-de-Fusibles-MTA-para-Borne-de-Bateria-para-1-Mega-y-2-Midi.jpg","type":"image\/jpeg"}],"twitter_card":"summary_large_image","schema":{"@context":"https:\/\/schema.org","@graph":[{"@type":"WebPage","@id":"https:\/\/coelectrix.com\/pt-pt\/produto\/caixa-de-fusiveis-mta-caixa-de-fusiveis-para-bateria-borne-para-1-mega-e-2-midi","url":"https:\/\/coelectrix.com\/pt-pt\/produto\/caixa-de-fusiveis-mta-caixa-de-fusiveis-para-bateria-borne-para-1-mega-e-2-midi","name":"\u25b7 Caixa de fus\u00edveis MTA para terminal de bateria para 1 Mega e 2 Midi | Coelectrix.com","isPartOf":{"@id":"https:\/\/coelectrix.com\/pt-pt\/#website"},"primaryImageOfPage":{"@id":"https:\/\/coelectrix.com\/pt-pt\/produto\/caixa-de-fusiveis-mta-caixa-de-fusiveis-para-bateria-borne-para-1-mega-e-2-midi#primaryimage"},"image":{"@id":"https:\/\/coelectrix.com\/pt-pt\/produto\/caixa-de-fusiveis-mta-caixa-de-fusiveis-para-bateria-borne-para-1-mega-e-2-midi#primaryimage"},"thumbnailUrl":"https:\/\/coelectrix.com\/wp-content\/uploads\/2025\/04\/Caja-de-Fusibles-MTA-para-Borne-de-Bateria-para-1-Mega-y-2-Midi.jpg","datePublished":"2025-04-28T07:19:07+00:00","dateModified":"2025-08-19T03:57:06+00:00","breadcrumb":{"@id":"https:\/\/coelectrix.com\/pt-pt\/produto\/caixa-de-fusiveis-mta-caixa-de-fusiveis-para-bateria-borne-para-1-mega-e-2-midi#breadcrumb"},"inLanguage":"pt-PT","potentialAction":[{"@type":"ReadAction","target":["https:\/\/coelectrix.com\/pt-pt\/produto\/caixa-de-fusiveis-mta-caixa-de-fusiveis-para-bateria-borne-para-1-mega-e-2-midi"]}]},{"@type":"ImageObject","inLanguage":"pt-PT","@id":"https:\/\/coelectrix.com\/pt-pt\/produto\/caixa-de-fusiveis-mta-caixa-de-fusiveis-para-bateria-borne-para-1-mega-e-2-midi#primaryimage","url":"https:\/\/coelectrix.com\/wp-content\/uploads\/2025\/04\/Caja-de-Fusibles-MTA-para-Borne-de-Bateria-para-1-Mega-y-2-Midi.jpg","contentUrl":"https:\/\/coelectrix.com\/wp-content\/uploads\/2025\/04\/Caja-de-Fusibles-MTA-para-Borne-de-Bateria-para-1-Mega-y-2-Midi.jpg","width":800,"height":800,"caption":"Caixa de fus\u00edveis-MTA a pilhas para 1 Mega e 2 Midi."},{"@type":"BreadcrumbList","@id":"https:\/\/coelectrix.com\/pt-pt\/produto\/caixa-de-fusiveis-mta-caixa-de-fusiveis-para-bateria-borne-para-1-mega-e-2-midi#breadcrumb","itemListElement":[{"@type":"ListItem","position":1,"name":"Portada","item":"https:\/\/coelectrix.com\/"},{"@type":"ListItem","position":2,"name":"Loja","item":"https:\/\/coelectrix.com\/pt-pt\/loja"},{"@type":"ListItem","position":3,"name":"Caixa de fus\u00edveis MTA para terminal de bateria para 1 Mega e 2 Midi"}]},{"@type":"WebSite","@id":"https:\/\/coelectrix.com\/pt-pt\/#website","url":"https:\/\/coelectrix.com\/pt-pt\/","name":"Coelectrix","description":"Componentes el\u00e9ctricos","publisher":{"@id":"https:\/\/coelectrix.com\/pt-pt\/#organization"},"potentialAction":[{"@type":"SearchAction","target":{"@type":"EntryPoint","urlTemplate":"https:\/\/coelectrix.com\/pt-pt\/?s={search_term_string}"},"query-input":{"@type":"PropertyValueSpecification","valueRequired":true,"valueName":"search_term_string"}}],"inLanguage":"pt-PT"},{"@type":"Organization","@id":"https:\/\/coelectrix.com\/pt-pt\/#organization","name":"coelectrix.com","url":"https:\/\/coelectrix.com\/pt-pt\/","logo":{"@type":"ImageObject","inLanguage":"pt-PT","@id":"https:\/\/coelectrix.com\/pt-pt\/#\/schema\/logo\/image\/","url":"https:\/\/coelectrix.com\/wp-content\/uploads\/2018\/05\/logo-coelectrix-400x400.jpg","contentUrl":"https:\/\/coelectrix.com\/wp-content\/uploads\/2018\/05\/logo-coelectrix-400x400.jpg","width":300,"height":300,"caption":"coelectrix.com"},"image":{"@id":"https:\/\/coelectrix.com\/pt-pt\/#\/schema\/logo\/image\/"}}]}},"_links":{"self":[{"href":"https:\/\/coelectrix.com\/pt-pt\/wp-json\/wp\/v2\/product\/75654","targetHints":{"allow":["GET"]}}],"collection":[{"href":"https:\/\/coelectrix.com\/pt-pt\/wp-json\/wp\/v2\/product"}],"about":[{"href":"https:\/\/coelectrix.com\/pt-pt\/wp-json\/wp\/v2\/types\/product"}],"version-history":[{"count":1,"href":"https:\/\/coelectrix.com\/pt-pt\/wp-json\/wp\/v2\/product\/75654\/revisions"}],"predecessor-version":[{"id":75655,"href":"https:\/\/coelectrix.com\/pt-pt\/wp-json\/wp\/v2\/product\/75654\/revisions\/75655"}],"wp:featuredmedia":[{"embeddable":true,"href":"https:\/\/coelectrix.com\/pt-pt\/wp-json\/wp\/v2\/media\/74655"}],"wp:attachment":[{"href":"https:\/\/coelectrix.com\/pt-pt\/wp-json\/wp\/v2\/media?parent=75654"}],"wp:term":[{"taxonomy":"product_brand","embeddable":true,"href":"https:\/\/coelectrix.com\/pt-pt\/wp-json\/wp\/v2\/product_brand?post=75654"},{"taxonomy":"product_cat","embeddable":true,"href":"https:\/\/coelectrix.com\/pt-pt\/wp-json\/wp\/v2\/product_cat?post=75654"},{"taxonomy":"product_tag","embeddable":true,"href":"https:\/\/coelectrix.com\/pt-pt\/wp-json\/wp\/v2\/product_tag?post=75654"}],"curies":[{"name":"wp","href":"https:\/\/api.w.org\/{rel}","templated":true}]}}