{"id":75656,"date":"2023-07-15T12:23:05","date_gmt":"2023-07-15T10:23:05","guid":{"rendered":"https:\/\/coelectrix.com\/producto\/lynx-power-na-victron-energy"},"modified":"2025-08-19T06:01:24","modified_gmt":"2025-08-19T04:01:24","slug":"lynx-power-na-victron-energy","status":"publish","type":"product","link":"https:\/\/coelectrix.com\/pt-pt\/produto\/lynx-power-in-victron-energy","title":{"rendered":"Lynx Power na Victron Energy"},"content":{"rendered":"<h2><strong>Lynx Power na Victron Energy<\/strong><\/h2>\n<p><img fetchpriority=\"high\" decoding=\"async\" class=\"alignnone wp-image-52584\" src=\"https:\/\/coelectrix.com\/wp-content\/uploads\/2023\/07\/linx-power-in-300x87.jpg\" alt=\"\" width=\"466\" height=\"135\" srcset=\"https:\/\/coelectrix.com\/wp-content\/uploads\/2023\/07\/linx-power-in-300x87.jpg 300w, https:\/\/coelectrix.com\/wp-content\/uploads\/2023\/07\/linx-power-in-768x223.jpg 768w, https:\/\/coelectrix.com\/wp-content\/uploads\/2023\/07\/linx-power-in-416x121.jpg 416w, https:\/\/coelectrix.com\/wp-content\/uploads\/2023\/07\/linx-power-in-350x100.jpg 350w, https:\/\/coelectrix.com\/wp-content\/uploads\/2023\/07\/linx-power-in-64x19.jpg 64w, https:\/\/coelectrix.com\/wp-content\/uploads\/2023\/07\/linx-power-in.jpg 978w\" sizes=\"(max-width: 466px) 100vw, 466px\" \/><\/p>\n<h3><strong>Sistema de Distribui\u00e7\u00e3o Lynx<\/strong><\/h3>\n<p>O sistema de distribui\u00e7\u00e3o Lynx \u00e9 um sistema de barramento modular que incorpora liga\u00e7\u00f5es DC, distribui\u00e7\u00e3o, fus\u00edveis, monitoriza\u00e7\u00e3o de baterias e\/ou gest\u00e3o de baterias de l\u00edtio. Para mais informa\u00e7\u00f5es, consulte tamb\u00e9m a p\u00e1gina do produto sistemas de distribui\u00e7\u00e3o DC.<br \/>\nO sistema de distribui\u00e7\u00e3o Lynx consiste nos seguintes elementos:<br \/>\n&#8211; <strong>Lynx Power In<\/strong> &#8211; Um barramento positivo e um negativo com quatro conex\u00f5es para baterias ou equipamentos DC.<br \/>\n&#8211; <strong>Lynx Distributor<\/strong> &#8211; Um barramento positivo e um negativo com quatro liga\u00e7\u00f5es com fus\u00edveis para baterias ou equipamento de corrente cont\u00ednua, juntamente com monitoriza\u00e7\u00e3o de fus\u00edveis.<br \/>\n&#8211; <strong>Lynx Shunt VE.Can<\/strong> &#8211; Um barramento positivo com espa\u00e7o para um fus\u00edvel do sistema principal e um barramento negativo com um shunt para monitoriza\u00e7\u00e3o da bateria. Comunica\u00e7\u00e3o VE.Can para monitoriza\u00e7\u00e3o e configura\u00e7\u00e3o com um dispositivo GX.<br \/>\n&#8211; <strong>Lynx Smart BMS<\/strong> &#8211; Para utiliza\u00e7\u00e3o em conjunto com baterias de l\u00edtio Victron Energy Smart. Cont\u00e9m um barramento positivo com um contactor acionado por um sistema de gest\u00e3o de bateria (BMS) e um barramento negativo com um shunt para monitoriza\u00e7\u00e3o da bateria. Possui comunica\u00e7\u00e3o Bluetooth para monitoriza\u00e7\u00e3o e configura\u00e7\u00e3o atrav\u00e9s da aplica\u00e7\u00e3o VictronConnect e comunica\u00e7\u00e3o VE.Can para monitoriza\u00e7\u00e3o com um dispositivo GX e VRM Portal.<\/p>\n","protected":false},"excerpt":{"rendered":"<p>O Lynx Power In cont\u00e9m um barramento positivo e um negativo com quatro liga\u00e7\u00f5es para baterias, cargas ou carregadores e uma liga\u00e7\u00e3o \u00e0 terra. Faz parte do sistema de distribui\u00e7\u00e3o Lynx.<\/p>\n","protected":false},"featured_media":74211,"template":"","meta":{"_acf_changed":false},"product_brand":[],"product_cat":[1334,1338],"product_tag":[1445],"class_list":{"0":"post-75656","1":"product","2":"type-product","3":"status-publish","4":"has-post-thumbnail","6":"product_cat-distribuidores-actuais","7":"product_cat-victron-energia","8":"product_tag-victron-pt","10":"first","11":"instock","12":"taxable","13":"shipping-taxable","14":"purchasable","15":"product-type-simple"},"acf":[],"yoast_head":"<!-- This site is optimized with the Yoast SEO plugin v27.2 - https:\/\/yoast.com\/product\/yoast-seo-wordpress\/ -->\n<title>\u25b7 Lynx Power na Victron Energy | Coelectrix.com<\/title>\n<meta name=\"description\" content=\"O Lynx Power In cont\u00e9m um barramento positivo e um negativo com quatro liga\u00e7\u00f5es para baterias, carregador ou cargas.\" \/>\n<meta name=\"robots\" content=\"index, follow, max-snippet:-1, max-image-preview:large, max-video-preview:-1\" \/>\n<link rel=\"canonical\" href=\"https:\/\/coelectrix.com\/pt-pt\/produto\/lynx-power-in-victron-energy\" \/>\n<meta property=\"og:locale\" content=\"pt_PT\" \/>\n<meta property=\"og:type\" content=\"article\" \/>\n<meta property=\"og:title\" content=\"\u25b7 Lynx Power na Victron Energy | Coelectrix.com\" \/>\n<meta property=\"og:description\" content=\"O Lynx Power In cont\u00e9m um barramento positivo e um negativo com quatro liga\u00e7\u00f5es para baterias, carregador ou cargas.\" \/>\n<meta property=\"og:url\" content=\"https:\/\/coelectrix.com\/pt-pt\/produto\/lynx-power-in-victron-energy\" \/>\n<meta property=\"og:site_name\" content=\"Coelectrix\" \/>\n<meta property=\"article:modified_time\" content=\"2025-08-19T04:01:24+00:00\" \/>\n<meta property=\"og:image\" content=\"https:\/\/coelectrix.com\/wp-content\/uploads\/2023\/07\/linx-power-in-victron.jpg\" \/>\n\t<meta property=\"og:image:width\" content=\"600\" \/>\n\t<meta property=\"og:image:height\" content=\"600\" \/>\n\t<meta property=\"og:image:type\" content=\"image\/jpeg\" \/>\n<meta name=\"twitter:card\" content=\"summary_large_image\" \/>\n<meta name=\"twitter:label1\" content=\"Tempo estimado de leitura\" \/>\n\t<meta name=\"twitter:data1\" content=\"1 minuto\" \/>\n<script type=\"application\/ld+json\" class=\"yoast-schema-graph\">{\"@context\":\"https:\/\/schema.org\",\"@graph\":[{\"@type\":\"WebPage\",\"@id\":\"https:\/\/coelectrix.com\/pt-pt\/produto\/lynx-power-in-victron-energy\",\"url\":\"https:\/\/coelectrix.com\/pt-pt\/produto\/lynx-power-in-victron-energy\",\"name\":\"\u25b7 Lynx Power na Victron Energy | Coelectrix.com\",\"isPartOf\":{\"@id\":\"https:\/\/coelectrix.com\/pt-pt\/#website\"},\"primaryImageOfPage\":{\"@id\":\"https:\/\/coelectrix.com\/pt-pt\/produto\/lynx-power-in-victron-energy#primaryimage\"},\"image\":{\"@id\":\"https:\/\/coelectrix.com\/pt-pt\/produto\/lynx-power-in-victron-energy#primaryimage\"},\"thumbnailUrl\":\"https:\/\/coelectrix.com\/wp-content\/uploads\/2023\/07\/linx-power-in-victron.jpg\",\"datePublished\":\"2023-07-15T10:23:05+00:00\",\"dateModified\":\"2025-08-19T04:01:24+00:00\",\"description\":\"O Lynx Power In cont\u00e9m um barramento positivo e um negativo com quatro liga\u00e7\u00f5es para baterias, carregador ou cargas.\",\"breadcrumb\":{\"@id\":\"https:\/\/coelectrix.com\/pt-pt\/produto\/lynx-power-in-victron-energy#breadcrumb\"},\"inLanguage\":\"pt-PT\",\"potentialAction\":[{\"@type\":\"ReadAction\",\"target\":[\"https:\/\/coelectrix.com\/pt-pt\/produto\/lynx-power-in-victron-energy\"]}]},{\"@type\":\"ImageObject\",\"inLanguage\":\"pt-PT\",\"@id\":\"https:\/\/coelectrix.com\/pt-pt\/produto\/lynx-power-in-victron-energy#primaryimage\",\"url\":\"https:\/\/coelectrix.com\/wp-content\/uploads\/2023\/07\/linx-power-in-victron.jpg\",\"contentUrl\":\"https:\/\/coelectrix.com\/wp-content\/uploads\/2023\/07\/linx-power-in-victron.jpg\",\"width\":600,\"height\":600},{\"@type\":\"BreadcrumbList\",\"@id\":\"https:\/\/coelectrix.com\/pt-pt\/produto\/lynx-power-in-victron-energy#breadcrumb\",\"itemListElement\":[{\"@type\":\"ListItem\",\"position\":1,\"name\":\"Portada\",\"item\":\"https:\/\/coelectrix.com\/\"},{\"@type\":\"ListItem\",\"position\":2,\"name\":\"Loja\",\"item\":\"https:\/\/coelectrix.com\/pt-pt\/loja\"},{\"@type\":\"ListItem\",\"position\":3,\"name\":\"Lynx Power na Victron Energy\"}]},{\"@type\":\"WebSite\",\"@id\":\"https:\/\/coelectrix.com\/pt-pt\/#website\",\"url\":\"https:\/\/coelectrix.com\/pt-pt\/\",\"name\":\"Coelectrix\",\"description\":\"Componentes el\u00e9ctricos\",\"publisher\":{\"@id\":\"https:\/\/coelectrix.com\/pt-pt\/#organization\"},\"potentialAction\":[{\"@type\":\"SearchAction\",\"target\":{\"@type\":\"EntryPoint\",\"urlTemplate\":\"https:\/\/coelectrix.com\/pt-pt\/?s={search_term_string}\"},\"query-input\":{\"@type\":\"PropertyValueSpecification\",\"valueRequired\":true,\"valueName\":\"search_term_string\"}}],\"inLanguage\":\"pt-PT\"},{\"@type\":\"Organization\",\"@id\":\"https:\/\/coelectrix.com\/pt-pt\/#organization\",\"name\":\"coelectrix.com\",\"url\":\"https:\/\/coelectrix.com\/pt-pt\/\",\"logo\":{\"@type\":\"ImageObject\",\"inLanguage\":\"pt-PT\",\"@id\":\"https:\/\/coelectrix.com\/pt-pt\/#\/schema\/logo\/image\/\",\"url\":\"https:\/\/coelectrix.com\/wp-content\/uploads\/2018\/05\/logo-coelectrix-400x400.jpg\",\"contentUrl\":\"https:\/\/coelectrix.com\/wp-content\/uploads\/2018\/05\/logo-coelectrix-400x400.jpg\",\"width\":300,\"height\":300,\"caption\":\"coelectrix.com\"},\"image\":{\"@id\":\"https:\/\/coelectrix.com\/pt-pt\/#\/schema\/logo\/image\/\"}}]}<\/script>\n<!-- \/ Yoast SEO plugin. -->","yoast_head_json":{"title":"\u25b7 Lynx Power na Victron Energy | Coelectrix.com","description":"O Lynx Power In cont\u00e9m um barramento positivo e um negativo com quatro liga\u00e7\u00f5es para baterias, carregador ou cargas.","robots":{"index":"index","follow":"follow","max-snippet":"max-snippet:-1","max-image-preview":"max-image-preview:large","max-video-preview":"max-video-preview:-1"},"canonical":"https:\/\/coelectrix.com\/pt-pt\/produto\/lynx-power-in-victron-energy","og_locale":"pt_PT","og_type":"article","og_title":"\u25b7 Lynx Power na Victron Energy | Coelectrix.com","og_description":"O Lynx Power In cont\u00e9m um barramento positivo e um negativo com quatro liga\u00e7\u00f5es para baterias, carregador ou cargas.","og_url":"https:\/\/coelectrix.com\/pt-pt\/produto\/lynx-power-in-victron-energy","og_site_name":"Coelectrix","article_modified_time":"2025-08-19T04:01:24+00:00","og_image":[{"width":600,"height":600,"url":"https:\/\/coelectrix.com\/wp-content\/uploads\/2023\/07\/linx-power-in-victron.jpg","type":"image\/jpeg"}],"twitter_card":"summary_large_image","twitter_misc":{"Tempo estimado de leitura":"1 minuto"},"schema":{"@context":"https:\/\/schema.org","@graph":[{"@type":"WebPage","@id":"https:\/\/coelectrix.com\/pt-pt\/produto\/lynx-power-in-victron-energy","url":"https:\/\/coelectrix.com\/pt-pt\/produto\/lynx-power-in-victron-energy","name":"\u25b7 Lynx Power na Victron Energy | Coelectrix.com","isPartOf":{"@id":"https:\/\/coelectrix.com\/pt-pt\/#website"},"primaryImageOfPage":{"@id":"https:\/\/coelectrix.com\/pt-pt\/produto\/lynx-power-in-victron-energy#primaryimage"},"image":{"@id":"https:\/\/coelectrix.com\/pt-pt\/produto\/lynx-power-in-victron-energy#primaryimage"},"thumbnailUrl":"https:\/\/coelectrix.com\/wp-content\/uploads\/2023\/07\/linx-power-in-victron.jpg","datePublished":"2023-07-15T10:23:05+00:00","dateModified":"2025-08-19T04:01:24+00:00","description":"O Lynx Power In cont\u00e9m um barramento positivo e um negativo com quatro liga\u00e7\u00f5es para baterias, carregador ou cargas.","breadcrumb":{"@id":"https:\/\/coelectrix.com\/pt-pt\/produto\/lynx-power-in-victron-energy#breadcrumb"},"inLanguage":"pt-PT","potentialAction":[{"@type":"ReadAction","target":["https:\/\/coelectrix.com\/pt-pt\/produto\/lynx-power-in-victron-energy"]}]},{"@type":"ImageObject","inLanguage":"pt-PT","@id":"https:\/\/coelectrix.com\/pt-pt\/produto\/lynx-power-in-victron-energy#primaryimage","url":"https:\/\/coelectrix.com\/wp-content\/uploads\/2023\/07\/linx-power-in-victron.jpg","contentUrl":"https:\/\/coelectrix.com\/wp-content\/uploads\/2023\/07\/linx-power-in-victron.jpg","width":600,"height":600},{"@type":"BreadcrumbList","@id":"https:\/\/coelectrix.com\/pt-pt\/produto\/lynx-power-in-victron-energy#breadcrumb","itemListElement":[{"@type":"ListItem","position":1,"name":"Portada","item":"https:\/\/coelectrix.com\/"},{"@type":"ListItem","position":2,"name":"Loja","item":"https:\/\/coelectrix.com\/pt-pt\/loja"},{"@type":"ListItem","position":3,"name":"Lynx Power na Victron Energy"}]},{"@type":"WebSite","@id":"https:\/\/coelectrix.com\/pt-pt\/#website","url":"https:\/\/coelectrix.com\/pt-pt\/","name":"Coelectrix","description":"Componentes el\u00e9ctricos","publisher":{"@id":"https:\/\/coelectrix.com\/pt-pt\/#organization"},"potentialAction":[{"@type":"SearchAction","target":{"@type":"EntryPoint","urlTemplate":"https:\/\/coelectrix.com\/pt-pt\/?s={search_term_string}"},"query-input":{"@type":"PropertyValueSpecification","valueRequired":true,"valueName":"search_term_string"}}],"inLanguage":"pt-PT"},{"@type":"Organization","@id":"https:\/\/coelectrix.com\/pt-pt\/#organization","name":"coelectrix.com","url":"https:\/\/coelectrix.com\/pt-pt\/","logo":{"@type":"ImageObject","inLanguage":"pt-PT","@id":"https:\/\/coelectrix.com\/pt-pt\/#\/schema\/logo\/image\/","url":"https:\/\/coelectrix.com\/wp-content\/uploads\/2018\/05\/logo-coelectrix-400x400.jpg","contentUrl":"https:\/\/coelectrix.com\/wp-content\/uploads\/2018\/05\/logo-coelectrix-400x400.jpg","width":300,"height":300,"caption":"coelectrix.com"},"image":{"@id":"https:\/\/coelectrix.com\/pt-pt\/#\/schema\/logo\/image\/"}}]}},"_links":{"self":[{"href":"https:\/\/coelectrix.com\/pt-pt\/wp-json\/wp\/v2\/product\/75656","targetHints":{"allow":["GET"]}}],"collection":[{"href":"https:\/\/coelectrix.com\/pt-pt\/wp-json\/wp\/v2\/product"}],"about":[{"href":"https:\/\/coelectrix.com\/pt-pt\/wp-json\/wp\/v2\/types\/product"}],"version-history":[{"count":1,"href":"https:\/\/coelectrix.com\/pt-pt\/wp-json\/wp\/v2\/product\/75656\/revisions"}],"predecessor-version":[{"id":76661,"href":"https:\/\/coelectrix.com\/pt-pt\/wp-json\/wp\/v2\/product\/75656\/revisions\/76661"}],"wp:featuredmedia":[{"embeddable":true,"href":"https:\/\/coelectrix.com\/pt-pt\/wp-json\/wp\/v2\/media\/74211"}],"wp:attachment":[{"href":"https:\/\/coelectrix.com\/pt-pt\/wp-json\/wp\/v2\/media?parent=75656"}],"wp:term":[{"taxonomy":"product_brand","embeddable":true,"href":"https:\/\/coelectrix.com\/pt-pt\/wp-json\/wp\/v2\/product_brand?post=75656"},{"taxonomy":"product_cat","embeddable":true,"href":"https:\/\/coelectrix.com\/pt-pt\/wp-json\/wp\/v2\/product_cat?post=75656"},{"taxonomy":"product_tag","embeddable":true,"href":"https:\/\/coelectrix.com\/pt-pt\/wp-json\/wp\/v2\/product_tag?post=75656"}],"curies":[{"name":"wp","href":"https:\/\/api.w.org\/{rel}","templated":true}]}}