{"id":75657,"date":"2023-04-08T09:40:58","date_gmt":"2023-04-08T07:40:58","guid":{"rendered":"https:\/\/coelectrix.com\/producto\/busbar-600a-4-polos-victron-energy"},"modified":"2025-08-19T06:01:57","modified_gmt":"2025-08-19T04:01:57","slug":"busbar-600a-4-polos-victron-energy","status":"publish","type":"product","link":"https:\/\/coelectrix.com\/pt-pt\/produto\/barramento-600a-4-polos-victron-energia","title":{"rendered":"BUSBAR 600A 4 p\u00f3los Victron Energy"},"content":{"rendered":"<h2 class=\"product_title entry-title\"><strong>Comprar BUSBAR 600A 4 Polos Victron Energy<\/strong><\/h2>\n<p>Barramentos para <strong>distribui\u00e7\u00e3o de alta corrente<\/strong> em instala\u00e7\u00f5es de ve\u00edculos com liga\u00e7\u00f5es entre baterias.<\/p>\n<ul>\n<li>Corrente m\u00e1xima 600A \/ 70vdc.<\/li>\n<li>4 terminais de liga\u00e7\u00e3o M8 com dupla porca de seguran\u00e7a.<\/li>\n<\/ul>\n<p>Ficha t\u00e9cnica <a href=\"https:\/\/coelectrix.com\/wp-content\/uploads\/2023\/04\/Datasheet-Busbar-600-A-EN.pdf\" target=\"_blank\" rel=\"noopener\">do BUSBAR 600A 4 POLOS VICTRON ENERGY<\/a><\/p>\n<p><img fetchpriority=\"high\" decoding=\"async\" class=\"alignnone wp-image-50089\" src=\"https:\/\/coelectrix.com\/wp-content\/uploads\/2023\/04\/busbar-600a-4-polos-vctron-energy-300x300.jpg\" alt=\"\" width=\"532\" height=\"532\" srcset=\"https:\/\/coelectrix.com\/wp-content\/uploads\/2023\/04\/busbar-600a-4-polos-vctron-energy-300x300.jpg 300w, https:\/\/coelectrix.com\/wp-content\/uploads\/2023\/04\/busbar-600a-4-polos-vctron-energy-150x150.jpg 150w, https:\/\/coelectrix.com\/wp-content\/uploads\/2023\/04\/busbar-600a-4-polos-vctron-energy-196x196.jpg 196w, https:\/\/coelectrix.com\/wp-content\/uploads\/2023\/04\/busbar-600a-4-polos-vctron-energy-416x416.jpg 416w, https:\/\/coelectrix.com\/wp-content\/uploads\/2023\/04\/busbar-600a-4-polos-vctron-energy-100x100.jpg 100w, https:\/\/coelectrix.com\/wp-content\/uploads\/2023\/04\/busbar-600a-4-polos-vctron-energy-50x50.jpg 50w, https:\/\/coelectrix.com\/wp-content\/uploads\/2023\/04\/busbar-600a-4-polos-vctron-energy-64x64.jpg 64w, https:\/\/coelectrix.com\/wp-content\/uploads\/2023\/04\/busbar-600a-4-polos-vctron-energy.jpg 600w\" sizes=\"(max-width: 532px) 100vw, 532px\" \/><\/p>\n<p><img decoding=\"async\" class=\"alignnone\" src=\"https:\/\/www.victronenergy.com.es\/upload\/cache\/1599472109_upload_documents_775_500-Busbar%20250A%204P%20%2B%20ABS%20cover%20%28left-cover%29.png\" alt=\"comprar barra colectora Busbar de 4 polos 600A conexiones entre bater\u00edas\" width=\"504\" height=\"285\" \/><\/p>\n<p><iframe title=\"Victron Energy Busbars for Electrical Installations. 150, 250 and 600 Amp versions\" width=\"980\" height=\"551\" src=\"https:\/\/www.youtube.com\/embed\/8Ho2syEYVpA?feature=oembed&#038;enablejsapi=1&#038;origin=https:\/\/coelectrix.com\" frameborder=\"0\" allow=\"accelerometer; autoplay; clipboard-write; encrypted-media; gyroscope; picture-in-picture; web-share\" referrerpolicy=\"strict-origin-when-cross-origin\" allowfullscreen><\/iframe><\/p>\n","protected":false},"excerpt":{"rendered":"<p><strong>Barramento<\/strong> Barramento de 4 p\u00f3los para <strong>distribui\u00e7\u00e3o de corrente elevada<\/strong> at\u00e9 600A em instala\u00e7\u00f5es de ve\u00edculos com liga\u00e7\u00f5es de bateria a bateria.<\/p>\n<ul>\n<li>4 terminais M8<\/li>\n<li>Com tampa de prote\u00e7\u00e3o em pl\u00e1stico preto.<\/li>\n<\/ul>\n","protected":false},"featured_media":74148,"template":"","meta":{"_acf_changed":false},"product_brand":[],"product_cat":[1334,1338],"product_tag":[1445],"class_list":{"0":"post-75657","1":"product","2":"type-product","3":"status-publish","4":"has-post-thumbnail","6":"product_cat-distribuidores-actuais","7":"product_cat-victron-energia","8":"product_tag-victron-pt","10":"first","11":"instock","12":"taxable","13":"shipping-taxable","14":"purchasable","15":"product-type-simple"},"acf":[],"yoast_head":"<!-- This site is optimized with the Yoast SEO plugin v27.2 - https:\/\/yoast.com\/product\/yoast-seo-wordpress\/ -->\n<title>\u25b7 BUSBAR 600A 4 p\u00f3los Victron Energy | Coelectrix.com<\/title>\n<meta name=\"description\" content=\"Barramento de 4 p\u00f3los \u27a4 Para a distribui\u00e7\u00e3o de correntes elevadas at\u00e9 600A em instala\u00e7\u00f5es de ve\u00edculos com liga\u00e7\u00f5es bateria-bateria.\" \/>\n<meta name=\"robots\" content=\"index, follow, max-snippet:-1, max-image-preview:large, max-video-preview:-1\" \/>\n<link rel=\"canonical\" href=\"https:\/\/coelectrix.com\/pt-pt\/produto\/barramento-600a-4-polos-victron-energia\" \/>\n<meta property=\"og:locale\" content=\"pt_PT\" \/>\n<meta property=\"og:type\" content=\"article\" \/>\n<meta property=\"og:title\" content=\"\u25b7 BUSBAR 600A 4 p\u00f3los Victron Energy | Coelectrix.com\" \/>\n<meta property=\"og:description\" content=\"Barramento de 4 p\u00f3los \u27a4 Para a distribui\u00e7\u00e3o de correntes elevadas at\u00e9 600A em instala\u00e7\u00f5es de ve\u00edculos com liga\u00e7\u00f5es bateria-bateria.\" \/>\n<meta property=\"og:url\" content=\"https:\/\/coelectrix.com\/pt-pt\/produto\/barramento-600a-4-polos-victron-energia\" \/>\n<meta property=\"og:site_name\" content=\"Coelectrix\" \/>\n<meta property=\"article:modified_time\" content=\"2025-08-19T04:01:57+00:00\" \/>\n<meta property=\"og:image\" content=\"https:\/\/coelectrix.com\/wp-content\/uploads\/2023\/04\/busbar-600a-4-polos-vctron-energy.jpg\" \/>\n\t<meta property=\"og:image:width\" content=\"600\" \/>\n\t<meta property=\"og:image:height\" content=\"600\" \/>\n\t<meta property=\"og:image:type\" content=\"image\/jpeg\" \/>\n<meta name=\"twitter:card\" content=\"summary_large_image\" \/>\n<script type=\"application\/ld+json\" class=\"yoast-schema-graph\">{\"@context\":\"https:\/\/schema.org\",\"@graph\":[{\"@type\":\"WebPage\",\"@id\":\"https:\/\/coelectrix.com\/pt-pt\/produto\/barramento-600a-4-polos-victron-energia\",\"url\":\"https:\/\/coelectrix.com\/pt-pt\/produto\/barramento-600a-4-polos-victron-energia\",\"name\":\"\u25b7 BUSBAR 600A 4 p\u00f3los Victron Energy | Coelectrix.com\",\"isPartOf\":{\"@id\":\"https:\/\/coelectrix.com\/pt-pt\/#website\"},\"primaryImageOfPage\":{\"@id\":\"https:\/\/coelectrix.com\/pt-pt\/produto\/barramento-600a-4-polos-victron-energia#primaryimage\"},\"image\":{\"@id\":\"https:\/\/coelectrix.com\/pt-pt\/produto\/barramento-600a-4-polos-victron-energia#primaryimage\"},\"thumbnailUrl\":\"https:\/\/coelectrix.com\/wp-content\/uploads\/2023\/04\/busbar-600a-4-polos-vctron-energy.jpg\",\"datePublished\":\"2023-04-08T07:40:58+00:00\",\"dateModified\":\"2025-08-19T04:01:57+00:00\",\"description\":\"Barramento de 4 p\u00f3los \u27a4 Para a distribui\u00e7\u00e3o de correntes elevadas at\u00e9 600A em instala\u00e7\u00f5es de ve\u00edculos com liga\u00e7\u00f5es bateria-bateria.\",\"breadcrumb\":{\"@id\":\"https:\/\/coelectrix.com\/pt-pt\/produto\/barramento-600a-4-polos-victron-energia#breadcrumb\"},\"inLanguage\":\"pt-PT\",\"potentialAction\":[{\"@type\":\"ReadAction\",\"target\":[\"https:\/\/coelectrix.com\/pt-pt\/produto\/barramento-600a-4-polos-victron-energia\"]}]},{\"@type\":\"ImageObject\",\"inLanguage\":\"pt-PT\",\"@id\":\"https:\/\/coelectrix.com\/pt-pt\/produto\/barramento-600a-4-polos-victron-energia#primaryimage\",\"url\":\"https:\/\/coelectrix.com\/wp-content\/uploads\/2023\/04\/busbar-600a-4-polos-vctron-energy.jpg\",\"contentUrl\":\"https:\/\/coelectrix.com\/wp-content\/uploads\/2023\/04\/busbar-600a-4-polos-vctron-energy.jpg\",\"width\":600,\"height\":600,\"caption\":\"comprar Anel deslizante de barramento de 4 p\u00f3los\"},{\"@type\":\"BreadcrumbList\",\"@id\":\"https:\/\/coelectrix.com\/pt-pt\/produto\/barramento-600a-4-polos-victron-energia#breadcrumb\",\"itemListElement\":[{\"@type\":\"ListItem\",\"position\":1,\"name\":\"Portada\",\"item\":\"https:\/\/coelectrix.com\/\"},{\"@type\":\"ListItem\",\"position\":2,\"name\":\"Loja\",\"item\":\"https:\/\/coelectrix.com\/pt-pt\/loja\"},{\"@type\":\"ListItem\",\"position\":3,\"name\":\"BUSBAR 600A 4 p\u00f3los Victron Energy\"}]},{\"@type\":\"WebSite\",\"@id\":\"https:\/\/coelectrix.com\/pt-pt\/#website\",\"url\":\"https:\/\/coelectrix.com\/pt-pt\/\",\"name\":\"Coelectrix\",\"description\":\"Componentes el\u00e9ctricos\",\"publisher\":{\"@id\":\"https:\/\/coelectrix.com\/pt-pt\/#organization\"},\"potentialAction\":[{\"@type\":\"SearchAction\",\"target\":{\"@type\":\"EntryPoint\",\"urlTemplate\":\"https:\/\/coelectrix.com\/pt-pt\/?s={search_term_string}\"},\"query-input\":{\"@type\":\"PropertyValueSpecification\",\"valueRequired\":true,\"valueName\":\"search_term_string\"}}],\"inLanguage\":\"pt-PT\"},{\"@type\":\"Organization\",\"@id\":\"https:\/\/coelectrix.com\/pt-pt\/#organization\",\"name\":\"coelectrix.com\",\"url\":\"https:\/\/coelectrix.com\/pt-pt\/\",\"logo\":{\"@type\":\"ImageObject\",\"inLanguage\":\"pt-PT\",\"@id\":\"https:\/\/coelectrix.com\/pt-pt\/#\/schema\/logo\/image\/\",\"url\":\"https:\/\/coelectrix.com\/wp-content\/uploads\/2018\/05\/logo-coelectrix-400x400.jpg\",\"contentUrl\":\"https:\/\/coelectrix.com\/wp-content\/uploads\/2018\/05\/logo-coelectrix-400x400.jpg\",\"width\":300,\"height\":300,\"caption\":\"coelectrix.com\"},\"image\":{\"@id\":\"https:\/\/coelectrix.com\/pt-pt\/#\/schema\/logo\/image\/\"}}]}<\/script>\n<!-- \/ Yoast SEO plugin. -->","yoast_head_json":{"title":"\u25b7 BUSBAR 600A 4 p\u00f3los Victron Energy | Coelectrix.com","description":"Barramento de 4 p\u00f3los \u27a4 Para a distribui\u00e7\u00e3o de correntes elevadas at\u00e9 600A em instala\u00e7\u00f5es de ve\u00edculos com liga\u00e7\u00f5es bateria-bateria.","robots":{"index":"index","follow":"follow","max-snippet":"max-snippet:-1","max-image-preview":"max-image-preview:large","max-video-preview":"max-video-preview:-1"},"canonical":"https:\/\/coelectrix.com\/pt-pt\/produto\/barramento-600a-4-polos-victron-energia","og_locale":"pt_PT","og_type":"article","og_title":"\u25b7 BUSBAR 600A 4 p\u00f3los Victron Energy | Coelectrix.com","og_description":"Barramento de 4 p\u00f3los \u27a4 Para a distribui\u00e7\u00e3o de correntes elevadas at\u00e9 600A em instala\u00e7\u00f5es de ve\u00edculos com liga\u00e7\u00f5es bateria-bateria.","og_url":"https:\/\/coelectrix.com\/pt-pt\/produto\/barramento-600a-4-polos-victron-energia","og_site_name":"Coelectrix","article_modified_time":"2025-08-19T04:01:57+00:00","og_image":[{"width":600,"height":600,"url":"https:\/\/coelectrix.com\/wp-content\/uploads\/2023\/04\/busbar-600a-4-polos-vctron-energy.jpg","type":"image\/jpeg"}],"twitter_card":"summary_large_image","schema":{"@context":"https:\/\/schema.org","@graph":[{"@type":"WebPage","@id":"https:\/\/coelectrix.com\/pt-pt\/produto\/barramento-600a-4-polos-victron-energia","url":"https:\/\/coelectrix.com\/pt-pt\/produto\/barramento-600a-4-polos-victron-energia","name":"\u25b7 BUSBAR 600A 4 p\u00f3los Victron Energy | Coelectrix.com","isPartOf":{"@id":"https:\/\/coelectrix.com\/pt-pt\/#website"},"primaryImageOfPage":{"@id":"https:\/\/coelectrix.com\/pt-pt\/produto\/barramento-600a-4-polos-victron-energia#primaryimage"},"image":{"@id":"https:\/\/coelectrix.com\/pt-pt\/produto\/barramento-600a-4-polos-victron-energia#primaryimage"},"thumbnailUrl":"https:\/\/coelectrix.com\/wp-content\/uploads\/2023\/04\/busbar-600a-4-polos-vctron-energy.jpg","datePublished":"2023-04-08T07:40:58+00:00","dateModified":"2025-08-19T04:01:57+00:00","description":"Barramento de 4 p\u00f3los \u27a4 Para a distribui\u00e7\u00e3o de correntes elevadas at\u00e9 600A em instala\u00e7\u00f5es de ve\u00edculos com liga\u00e7\u00f5es bateria-bateria.","breadcrumb":{"@id":"https:\/\/coelectrix.com\/pt-pt\/produto\/barramento-600a-4-polos-victron-energia#breadcrumb"},"inLanguage":"pt-PT","potentialAction":[{"@type":"ReadAction","target":["https:\/\/coelectrix.com\/pt-pt\/produto\/barramento-600a-4-polos-victron-energia"]}]},{"@type":"ImageObject","inLanguage":"pt-PT","@id":"https:\/\/coelectrix.com\/pt-pt\/produto\/barramento-600a-4-polos-victron-energia#primaryimage","url":"https:\/\/coelectrix.com\/wp-content\/uploads\/2023\/04\/busbar-600a-4-polos-vctron-energy.jpg","contentUrl":"https:\/\/coelectrix.com\/wp-content\/uploads\/2023\/04\/busbar-600a-4-polos-vctron-energy.jpg","width":600,"height":600,"caption":"comprar Anel deslizante de barramento de 4 p\u00f3los"},{"@type":"BreadcrumbList","@id":"https:\/\/coelectrix.com\/pt-pt\/produto\/barramento-600a-4-polos-victron-energia#breadcrumb","itemListElement":[{"@type":"ListItem","position":1,"name":"Portada","item":"https:\/\/coelectrix.com\/"},{"@type":"ListItem","position":2,"name":"Loja","item":"https:\/\/coelectrix.com\/pt-pt\/loja"},{"@type":"ListItem","position":3,"name":"BUSBAR 600A 4 p\u00f3los Victron Energy"}]},{"@type":"WebSite","@id":"https:\/\/coelectrix.com\/pt-pt\/#website","url":"https:\/\/coelectrix.com\/pt-pt\/","name":"Coelectrix","description":"Componentes el\u00e9ctricos","publisher":{"@id":"https:\/\/coelectrix.com\/pt-pt\/#organization"},"potentialAction":[{"@type":"SearchAction","target":{"@type":"EntryPoint","urlTemplate":"https:\/\/coelectrix.com\/pt-pt\/?s={search_term_string}"},"query-input":{"@type":"PropertyValueSpecification","valueRequired":true,"valueName":"search_term_string"}}],"inLanguage":"pt-PT"},{"@type":"Organization","@id":"https:\/\/coelectrix.com\/pt-pt\/#organization","name":"coelectrix.com","url":"https:\/\/coelectrix.com\/pt-pt\/","logo":{"@type":"ImageObject","inLanguage":"pt-PT","@id":"https:\/\/coelectrix.com\/pt-pt\/#\/schema\/logo\/image\/","url":"https:\/\/coelectrix.com\/wp-content\/uploads\/2018\/05\/logo-coelectrix-400x400.jpg","contentUrl":"https:\/\/coelectrix.com\/wp-content\/uploads\/2018\/05\/logo-coelectrix-400x400.jpg","width":300,"height":300,"caption":"coelectrix.com"},"image":{"@id":"https:\/\/coelectrix.com\/pt-pt\/#\/schema\/logo\/image\/"}}]}},"_links":{"self":[{"href":"https:\/\/coelectrix.com\/pt-pt\/wp-json\/wp\/v2\/product\/75657","targetHints":{"allow":["GET"]}}],"collection":[{"href":"https:\/\/coelectrix.com\/pt-pt\/wp-json\/wp\/v2\/product"}],"about":[{"href":"https:\/\/coelectrix.com\/pt-pt\/wp-json\/wp\/v2\/types\/product"}],"version-history":[{"count":1,"href":"https:\/\/coelectrix.com\/pt-pt\/wp-json\/wp\/v2\/product\/75657\/revisions"}],"predecessor-version":[{"id":76666,"href":"https:\/\/coelectrix.com\/pt-pt\/wp-json\/wp\/v2\/product\/75657\/revisions\/76666"}],"wp:featuredmedia":[{"embeddable":true,"href":"https:\/\/coelectrix.com\/pt-pt\/wp-json\/wp\/v2\/media\/74148"}],"wp:attachment":[{"href":"https:\/\/coelectrix.com\/pt-pt\/wp-json\/wp\/v2\/media?parent=75657"}],"wp:term":[{"taxonomy":"product_brand","embeddable":true,"href":"https:\/\/coelectrix.com\/pt-pt\/wp-json\/wp\/v2\/product_brand?post=75657"},{"taxonomy":"product_cat","embeddable":true,"href":"https:\/\/coelectrix.com\/pt-pt\/wp-json\/wp\/v2\/product_cat?post=75657"},{"taxonomy":"product_tag","embeddable":true,"href":"https:\/\/coelectrix.com\/pt-pt\/wp-json\/wp\/v2\/product_tag?post=75657"}],"curies":[{"name":"wp","href":"https:\/\/api.w.org\/{rel}","templated":true}]}}