{"id":75661,"date":"2023-01-28T08:56:27","date_gmt":"2023-01-28T07:56:27","guid":{"rendered":"https:\/\/coelectrix.com\/producto\/caixa-de-fusiveis-para-o-terminal-da-bateria-3-midi-1-mega"},"modified":"2025-08-19T06:02:28","modified_gmt":"2025-08-19T04:02:28","slug":"caixa-de-fusiveis-para-o-terminal-da-bateria-3-midi-1-mega","status":"publish","type":"product","link":"https:\/\/coelectrix.com\/pt-pt\/produto\/bateria-caixa-de-fusiveis-para-bateria-borne-3-midi-1-mega","title":{"rendered":"Caixa de fus\u00edveis para o terminal da bateria 3 MIDI + 1 MEGA"},"content":{"rendered":"<h2><strong>Caixa de fus\u00edveis para o terminal da bateria 3 MIDI + 1 MEGA<\/strong><\/h2>\n<p>Fabricante MTA<\/p>\n<p>Criado para simplificar a instala\u00e7\u00e3o el\u00e9ctrica do ve\u00edculo, uma vez que incorpora a prote\u00e7\u00e3o dos equipamentos b\u00e1sicos de alimenta\u00e7\u00e3o em ve\u00edculos de servi\u00e7o ou residenciais num espa\u00e7o reduzido.<\/p>\n<p>Dimens\u00f5es: 85,7 x 109,2 x 121mm altura: 45,8mm<\/p>\n<p><img fetchpriority=\"high\" decoding=\"async\" class=\"alignnone wp-image-48242\" src=\"https:\/\/coelectrix.com\/wp-content\/uploads\/2023\/01\/caja-fusible-para-borne-bateria-3-midi-2-mega-medidas-1-300x193.jpg\" alt=\"\" width=\"542\" height=\"349\" srcset=\"https:\/\/coelectrix.com\/wp-content\/uploads\/2023\/01\/caja-fusible-para-borne-bateria-3-midi-2-mega-medidas-1-300x193.jpg 300w, https:\/\/coelectrix.com\/wp-content\/uploads\/2023\/01\/caja-fusible-para-borne-bateria-3-midi-2-mega-medidas-1-416x267.jpg 416w, https:\/\/coelectrix.com\/wp-content\/uploads\/2023\/01\/caja-fusible-para-borne-bateria-3-midi-2-mega-medidas-1-64x41.jpg 64w, https:\/\/coelectrix.com\/wp-content\/uploads\/2023\/01\/caja-fusible-para-borne-bateria-3-midi-2-mega-medidas-1.jpg 600w\" sizes=\"(max-width: 542px) 100vw, 542px\" \/><\/p>\n","protected":false},"excerpt":{"rendered":"<p>Caixa de fus\u00edveis para liga\u00e7\u00e3o direta ao terminal da bateria.<br \/>\nEsta unidade de controlo, completa com pin\u00e7a e tampa, \u00e9 montada diretamente na bateria e fixada por meio de um suporte de a\u00e7o. Reduzida em altura devido \u00e0 sua posi\u00e7\u00e3o, esta unidade de controlo pode acomodar at\u00e9 3 fus\u00edveis MIDI e 1 fus\u00edvel MEGA para prote\u00e7\u00e3o de equipamentos e servi\u00e7os em ve\u00edculos de passageiros e ve\u00edculos residenciais.<\/p>\n<p><span style=\"color: #ff0000;\">Os fus\u00edveis n\u00e3o est\u00e3o inclu\u00eddos<\/span><\/p>\n","protected":false},"featured_media":74081,"template":"","meta":{"_acf_changed":false},"product_brand":[],"product_cat":[1334,1388],"product_tag":[],"class_list":{"0":"post-75661","1":"product","2":"type-product","3":"status-publish","4":"has-post-thumbnail","6":"product_cat-distribuidores-actuais","7":"product_cat-porta-fusiveis","9":"first","10":"instock","11":"taxable","12":"shipping-taxable","13":"purchasable","14":"product-type-simple"},"acf":[],"yoast_head":"<!-- This site is optimized with the Yoast SEO plugin v27.2 - https:\/\/yoast.com\/product\/yoast-seo-wordpress\/ -->\n<title>\u25b7 Caixa de fus\u00edveis para o terminal da bateria 3 MIDI + 1 MEGA | Coelectrix.com<\/title>\n<meta name=\"description\" content=\"Caixa de fus\u00edveis com pin\u00e7a e tampa, montada diretamente na bateria e fixada por meio de um suporte de a\u00e7o. Pode conter at\u00e9 3 fus\u00edveis MIDI e 1 fus\u00edvel MEGA.\" \/>\n<meta name=\"robots\" content=\"index, follow, max-snippet:-1, max-image-preview:large, max-video-preview:-1\" \/>\n<link rel=\"canonical\" href=\"https:\/\/coelectrix.com\/pt-pt\/produto\/bateria-caixa-de-fusiveis-para-bateria-borne-3-midi-1-mega\" \/>\n<meta property=\"og:locale\" content=\"pt_PT\" \/>\n<meta property=\"og:type\" content=\"article\" \/>\n<meta property=\"og:title\" content=\"\u25b7 Caixa de fus\u00edveis para o terminal da bateria 3 MIDI + 1 MEGA | Coelectrix.com\" \/>\n<meta property=\"og:description\" content=\"Caixa de fus\u00edveis com pin\u00e7a e tampa, montada diretamente na bateria e fixada por meio de um suporte de a\u00e7o. Pode conter at\u00e9 3 fus\u00edveis MIDI e 1 fus\u00edvel MEGA.\" \/>\n<meta property=\"og:url\" content=\"https:\/\/coelectrix.com\/pt-pt\/produto\/bateria-caixa-de-fusiveis-para-bateria-borne-3-midi-1-mega\" \/>\n<meta property=\"og:site_name\" content=\"Coelectrix\" \/>\n<meta property=\"article:modified_time\" content=\"2025-08-19T04:02:28+00:00\" \/>\n<meta property=\"og:image\" content=\"https:\/\/coelectrix.com\/wp-content\/uploads\/2023\/01\/caja-fusible-para-borne-bateria-3-midi-2-mega-completa.jpg\" \/>\n\t<meta property=\"og:image:width\" content=\"600\" \/>\n\t<meta property=\"og:image:height\" content=\"600\" \/>\n\t<meta property=\"og:image:type\" content=\"image\/jpeg\" \/>\n<meta name=\"twitter:card\" content=\"summary_large_image\" \/>\n<script type=\"application\/ld+json\" class=\"yoast-schema-graph\">{\"@context\":\"https:\/\/schema.org\",\"@graph\":[{\"@type\":\"WebPage\",\"@id\":\"https:\/\/coelectrix.com\/pt-pt\/produto\/bateria-caixa-de-fusiveis-para-bateria-borne-3-midi-1-mega\",\"url\":\"https:\/\/coelectrix.com\/pt-pt\/produto\/bateria-caixa-de-fusiveis-para-bateria-borne-3-midi-1-mega\",\"name\":\"\u25b7 Caixa de fus\u00edveis para o terminal da bateria 3 MIDI + 1 MEGA | Coelectrix.com\",\"isPartOf\":{\"@id\":\"https:\/\/coelectrix.com\/pt-pt\/#website\"},\"primaryImageOfPage\":{\"@id\":\"https:\/\/coelectrix.com\/pt-pt\/produto\/bateria-caixa-de-fusiveis-para-bateria-borne-3-midi-1-mega#primaryimage\"},\"image\":{\"@id\":\"https:\/\/coelectrix.com\/pt-pt\/produto\/bateria-caixa-de-fusiveis-para-bateria-borne-3-midi-1-mega#primaryimage\"},\"thumbnailUrl\":\"https:\/\/coelectrix.com\/wp-content\/uploads\/2023\/01\/caja-fusible-para-borne-bateria-3-midi-2-mega-completa.jpg\",\"datePublished\":\"2023-01-28T07:56:27+00:00\",\"dateModified\":\"2025-08-19T04:02:28+00:00\",\"description\":\"Caixa de fus\u00edveis com pin\u00e7a e tampa, montada diretamente na bateria e fixada por meio de um suporte de a\u00e7o. Pode conter at\u00e9 3 fus\u00edveis MIDI e 1 fus\u00edvel MEGA.\",\"breadcrumb\":{\"@id\":\"https:\/\/coelectrix.com\/pt-pt\/produto\/bateria-caixa-de-fusiveis-para-bateria-borne-3-midi-1-mega#breadcrumb\"},\"inLanguage\":\"pt-PT\",\"potentialAction\":[{\"@type\":\"ReadAction\",\"target\":[\"https:\/\/coelectrix.com\/pt-pt\/produto\/bateria-caixa-de-fusiveis-para-bateria-borne-3-midi-1-mega\"]}]},{\"@type\":\"ImageObject\",\"inLanguage\":\"pt-PT\",\"@id\":\"https:\/\/coelectrix.com\/pt-pt\/produto\/bateria-caixa-de-fusiveis-para-bateria-borne-3-midi-1-mega#primaryimage\",\"url\":\"https:\/\/coelectrix.com\/wp-content\/uploads\/2023\/01\/caja-fusible-para-borne-bateria-3-midi-2-mega-completa.jpg\",\"contentUrl\":\"https:\/\/coelectrix.com\/wp-content\/uploads\/2023\/01\/caja-fusible-para-borne-bateria-3-midi-2-mega-completa.jpg\",\"width\":600,\"height\":600},{\"@type\":\"BreadcrumbList\",\"@id\":\"https:\/\/coelectrix.com\/pt-pt\/produto\/bateria-caixa-de-fusiveis-para-bateria-borne-3-midi-1-mega#breadcrumb\",\"itemListElement\":[{\"@type\":\"ListItem\",\"position\":1,\"name\":\"Portada\",\"item\":\"https:\/\/coelectrix.com\/\"},{\"@type\":\"ListItem\",\"position\":2,\"name\":\"Loja\",\"item\":\"https:\/\/coelectrix.com\/pt-pt\/loja\"},{\"@type\":\"ListItem\",\"position\":3,\"name\":\"Caixa de fus\u00edveis para o terminal da bateria 3 MIDI + 1 MEGA\"}]},{\"@type\":\"WebSite\",\"@id\":\"https:\/\/coelectrix.com\/pt-pt\/#website\",\"url\":\"https:\/\/coelectrix.com\/pt-pt\/\",\"name\":\"Coelectrix\",\"description\":\"Componentes el\u00e9ctricos\",\"publisher\":{\"@id\":\"https:\/\/coelectrix.com\/pt-pt\/#organization\"},\"potentialAction\":[{\"@type\":\"SearchAction\",\"target\":{\"@type\":\"EntryPoint\",\"urlTemplate\":\"https:\/\/coelectrix.com\/pt-pt\/?s={search_term_string}\"},\"query-input\":{\"@type\":\"PropertyValueSpecification\",\"valueRequired\":true,\"valueName\":\"search_term_string\"}}],\"inLanguage\":\"pt-PT\"},{\"@type\":\"Organization\",\"@id\":\"https:\/\/coelectrix.com\/pt-pt\/#organization\",\"name\":\"coelectrix.com\",\"url\":\"https:\/\/coelectrix.com\/pt-pt\/\",\"logo\":{\"@type\":\"ImageObject\",\"inLanguage\":\"pt-PT\",\"@id\":\"https:\/\/coelectrix.com\/pt-pt\/#\/schema\/logo\/image\/\",\"url\":\"https:\/\/coelectrix.com\/wp-content\/uploads\/2018\/05\/logo-coelectrix-400x400.jpg\",\"contentUrl\":\"https:\/\/coelectrix.com\/wp-content\/uploads\/2018\/05\/logo-coelectrix-400x400.jpg\",\"width\":300,\"height\":300,\"caption\":\"coelectrix.com\"},\"image\":{\"@id\":\"https:\/\/coelectrix.com\/pt-pt\/#\/schema\/logo\/image\/\"}}]}<\/script>\n<!-- \/ Yoast SEO plugin. -->","yoast_head_json":{"title":"\u25b7 Caixa de fus\u00edveis para o terminal da bateria 3 MIDI + 1 MEGA | Coelectrix.com","description":"Caixa de fus\u00edveis com pin\u00e7a e tampa, montada diretamente na bateria e fixada por meio de um suporte de a\u00e7o. Pode conter at\u00e9 3 fus\u00edveis MIDI e 1 fus\u00edvel MEGA.","robots":{"index":"index","follow":"follow","max-snippet":"max-snippet:-1","max-image-preview":"max-image-preview:large","max-video-preview":"max-video-preview:-1"},"canonical":"https:\/\/coelectrix.com\/pt-pt\/produto\/bateria-caixa-de-fusiveis-para-bateria-borne-3-midi-1-mega","og_locale":"pt_PT","og_type":"article","og_title":"\u25b7 Caixa de fus\u00edveis para o terminal da bateria 3 MIDI + 1 MEGA | Coelectrix.com","og_description":"Caixa de fus\u00edveis com pin\u00e7a e tampa, montada diretamente na bateria e fixada por meio de um suporte de a\u00e7o. Pode conter at\u00e9 3 fus\u00edveis MIDI e 1 fus\u00edvel MEGA.","og_url":"https:\/\/coelectrix.com\/pt-pt\/produto\/bateria-caixa-de-fusiveis-para-bateria-borne-3-midi-1-mega","og_site_name":"Coelectrix","article_modified_time":"2025-08-19T04:02:28+00:00","og_image":[{"width":600,"height":600,"url":"https:\/\/coelectrix.com\/wp-content\/uploads\/2023\/01\/caja-fusible-para-borne-bateria-3-midi-2-mega-completa.jpg","type":"image\/jpeg"}],"twitter_card":"summary_large_image","schema":{"@context":"https:\/\/schema.org","@graph":[{"@type":"WebPage","@id":"https:\/\/coelectrix.com\/pt-pt\/produto\/bateria-caixa-de-fusiveis-para-bateria-borne-3-midi-1-mega","url":"https:\/\/coelectrix.com\/pt-pt\/produto\/bateria-caixa-de-fusiveis-para-bateria-borne-3-midi-1-mega","name":"\u25b7 Caixa de fus\u00edveis para o terminal da bateria 3 MIDI + 1 MEGA | Coelectrix.com","isPartOf":{"@id":"https:\/\/coelectrix.com\/pt-pt\/#website"},"primaryImageOfPage":{"@id":"https:\/\/coelectrix.com\/pt-pt\/produto\/bateria-caixa-de-fusiveis-para-bateria-borne-3-midi-1-mega#primaryimage"},"image":{"@id":"https:\/\/coelectrix.com\/pt-pt\/produto\/bateria-caixa-de-fusiveis-para-bateria-borne-3-midi-1-mega#primaryimage"},"thumbnailUrl":"https:\/\/coelectrix.com\/wp-content\/uploads\/2023\/01\/caja-fusible-para-borne-bateria-3-midi-2-mega-completa.jpg","datePublished":"2023-01-28T07:56:27+00:00","dateModified":"2025-08-19T04:02:28+00:00","description":"Caixa de fus\u00edveis com pin\u00e7a e tampa, montada diretamente na bateria e fixada por meio de um suporte de a\u00e7o. Pode conter at\u00e9 3 fus\u00edveis MIDI e 1 fus\u00edvel MEGA.","breadcrumb":{"@id":"https:\/\/coelectrix.com\/pt-pt\/produto\/bateria-caixa-de-fusiveis-para-bateria-borne-3-midi-1-mega#breadcrumb"},"inLanguage":"pt-PT","potentialAction":[{"@type":"ReadAction","target":["https:\/\/coelectrix.com\/pt-pt\/produto\/bateria-caixa-de-fusiveis-para-bateria-borne-3-midi-1-mega"]}]},{"@type":"ImageObject","inLanguage":"pt-PT","@id":"https:\/\/coelectrix.com\/pt-pt\/produto\/bateria-caixa-de-fusiveis-para-bateria-borne-3-midi-1-mega#primaryimage","url":"https:\/\/coelectrix.com\/wp-content\/uploads\/2023\/01\/caja-fusible-para-borne-bateria-3-midi-2-mega-completa.jpg","contentUrl":"https:\/\/coelectrix.com\/wp-content\/uploads\/2023\/01\/caja-fusible-para-borne-bateria-3-midi-2-mega-completa.jpg","width":600,"height":600},{"@type":"BreadcrumbList","@id":"https:\/\/coelectrix.com\/pt-pt\/produto\/bateria-caixa-de-fusiveis-para-bateria-borne-3-midi-1-mega#breadcrumb","itemListElement":[{"@type":"ListItem","position":1,"name":"Portada","item":"https:\/\/coelectrix.com\/"},{"@type":"ListItem","position":2,"name":"Loja","item":"https:\/\/coelectrix.com\/pt-pt\/loja"},{"@type":"ListItem","position":3,"name":"Caixa de fus\u00edveis para o terminal da bateria 3 MIDI + 1 MEGA"}]},{"@type":"WebSite","@id":"https:\/\/coelectrix.com\/pt-pt\/#website","url":"https:\/\/coelectrix.com\/pt-pt\/","name":"Coelectrix","description":"Componentes el\u00e9ctricos","publisher":{"@id":"https:\/\/coelectrix.com\/pt-pt\/#organization"},"potentialAction":[{"@type":"SearchAction","target":{"@type":"EntryPoint","urlTemplate":"https:\/\/coelectrix.com\/pt-pt\/?s={search_term_string}"},"query-input":{"@type":"PropertyValueSpecification","valueRequired":true,"valueName":"search_term_string"}}],"inLanguage":"pt-PT"},{"@type":"Organization","@id":"https:\/\/coelectrix.com\/pt-pt\/#organization","name":"coelectrix.com","url":"https:\/\/coelectrix.com\/pt-pt\/","logo":{"@type":"ImageObject","inLanguage":"pt-PT","@id":"https:\/\/coelectrix.com\/pt-pt\/#\/schema\/logo\/image\/","url":"https:\/\/coelectrix.com\/wp-content\/uploads\/2018\/05\/logo-coelectrix-400x400.jpg","contentUrl":"https:\/\/coelectrix.com\/wp-content\/uploads\/2018\/05\/logo-coelectrix-400x400.jpg","width":300,"height":300,"caption":"coelectrix.com"},"image":{"@id":"https:\/\/coelectrix.com\/pt-pt\/#\/schema\/logo\/image\/"}}]}},"_links":{"self":[{"href":"https:\/\/coelectrix.com\/pt-pt\/wp-json\/wp\/v2\/product\/75661","targetHints":{"allow":["GET"]}}],"collection":[{"href":"https:\/\/coelectrix.com\/pt-pt\/wp-json\/wp\/v2\/product"}],"about":[{"href":"https:\/\/coelectrix.com\/pt-pt\/wp-json\/wp\/v2\/types\/product"}],"version-history":[{"count":1,"href":"https:\/\/coelectrix.com\/pt-pt\/wp-json\/wp\/v2\/product\/75661\/revisions"}],"predecessor-version":[{"id":76691,"href":"https:\/\/coelectrix.com\/pt-pt\/wp-json\/wp\/v2\/product\/75661\/revisions\/76691"}],"wp:featuredmedia":[{"embeddable":true,"href":"https:\/\/coelectrix.com\/pt-pt\/wp-json\/wp\/v2\/media\/74081"}],"wp:attachment":[{"href":"https:\/\/coelectrix.com\/pt-pt\/wp-json\/wp\/v2\/media?parent=75661"}],"wp:term":[{"taxonomy":"product_brand","embeddable":true,"href":"https:\/\/coelectrix.com\/pt-pt\/wp-json\/wp\/v2\/product_brand?post=75661"},{"taxonomy":"product_cat","embeddable":true,"href":"https:\/\/coelectrix.com\/pt-pt\/wp-json\/wp\/v2\/product_cat?post=75661"},{"taxonomy":"product_tag","embeddable":true,"href":"https:\/\/coelectrix.com\/pt-pt\/wp-json\/wp\/v2\/product_tag?post=75661"}],"curies":[{"name":"wp","href":"https:\/\/api.w.org\/{rel}","templated":true}]}}