{"id":75663,"date":"2022-07-09T11:59:48","date_gmt":"2022-07-09T09:59:48","guid":{"rendered":"https:\/\/coelectrix.com\/producto\/barramento-150a-4-polos-2-pcs-vermelho-preto"},"modified":"2025-08-19T06:02:32","modified_gmt":"2025-08-19T04:02:32","slug":"barramento-150a-4-polos-2-pcs-vermelho-preto","status":"publish","type":"product","link":"https:\/\/coelectrix.com\/pt-pt\/produto\/barramento-150a-4-polo-2-unidades-vermelho-preto","title":{"rendered":"Barramento 150A 4 p\u00f3los 2 pcs Vermelho + Preto"},"content":{"rendered":"<h2><strong>Barramento 150A 4 p\u00f3los 2 pcs Vermelho + Preto<\/strong><\/h2>\n<p>Barramento para uma corrente m\u00e1xima de 150A com 4 parafusos M6 em a\u00e7o inoxid\u00e1vel com tampa de pl\u00e1stico transparente.<\/p>\n<p><strong data-spm-anchor-id=\"a2g0o.detail.1000023.i1.69974ef9Hv0J54\">Carater\u00edsticas:<\/strong><br \/>\nCor: preto + vermelho<br \/>\nTens\u00e3o m\u00e1xima: 300V AC\/48V DC<br \/>\nCorrente cont\u00ednua: 130A AC\/150A DC<br \/>\nMaterial: Base de nylon + tampa de PC<br \/>\nParafuso do terminal: M6*4<br \/>\nTamanho do produto: 12*5*2CM Altura total 4,2cm<br \/>\nPeso do produto: 200g<\/p>\n<p><img fetchpriority=\"high\" decoding=\"async\" class=\"alignnone size-medium wp-image-43024\" src=\"https:\/\/coelectrix.com\/wp-content\/uploads\/2022\/07\/busbar-150a-4-polos-2-unidades_1-300x300.jpg\" alt=\"\" width=\"300\" height=\"300\" srcset=\"https:\/\/coelectrix.com\/wp-content\/uploads\/2022\/07\/busbar-150a-4-polos-2-unidades_1-300x300.jpg 300w, https:\/\/coelectrix.com\/wp-content\/uploads\/2022\/07\/busbar-150a-4-polos-2-unidades_1-150x150.jpg 150w, https:\/\/coelectrix.com\/wp-content\/uploads\/2022\/07\/busbar-150a-4-polos-2-unidades_1-196x196.jpg 196w, https:\/\/coelectrix.com\/wp-content\/uploads\/2022\/07\/busbar-150a-4-polos-2-unidades_1-416x416.jpg 416w, https:\/\/coelectrix.com\/wp-content\/uploads\/2022\/07\/busbar-150a-4-polos-2-unidades_1-100x100.jpg 100w, https:\/\/coelectrix.com\/wp-content\/uploads\/2022\/07\/busbar-150a-4-polos-2-unidades_1-50x50.jpg 50w, https:\/\/coelectrix.com\/wp-content\/uploads\/2022\/07\/busbar-150a-4-polos-2-unidades_1-64x64.jpg 64w, https:\/\/coelectrix.com\/wp-content\/uploads\/2022\/07\/busbar-150a-4-polos-2-unidades_1.jpg 600w\" sizes=\"(max-width: 300px) 100vw, 300px\" \/><\/p>\n<p><img decoding=\"async\" class=\"alignnone size-medium wp-image-43025\" src=\"https:\/\/coelectrix.com\/wp-content\/uploads\/2022\/07\/busbar-150a-4-polos-2-unidades_2-300x300.jpg\" alt=\"\" width=\"300\" height=\"300\" srcset=\"https:\/\/coelectrix.com\/wp-content\/uploads\/2022\/07\/busbar-150a-4-polos-2-unidades_2-300x300.jpg 300w, https:\/\/coelectrix.com\/wp-content\/uploads\/2022\/07\/busbar-150a-4-polos-2-unidades_2-150x150.jpg 150w, https:\/\/coelectrix.com\/wp-content\/uploads\/2022\/07\/busbar-150a-4-polos-2-unidades_2-196x196.jpg 196w, https:\/\/coelectrix.com\/wp-content\/uploads\/2022\/07\/busbar-150a-4-polos-2-unidades_2-416x416.jpg 416w, https:\/\/coelectrix.com\/wp-content\/uploads\/2022\/07\/busbar-150a-4-polos-2-unidades_2-100x100.jpg 100w, https:\/\/coelectrix.com\/wp-content\/uploads\/2022\/07\/busbar-150a-4-polos-2-unidades_2-50x50.jpg 50w, https:\/\/coelectrix.com\/wp-content\/uploads\/2022\/07\/busbar-150a-4-polos-2-unidades_2-64x64.jpg 64w, https:\/\/coelectrix.com\/wp-content\/uploads\/2022\/07\/busbar-150a-4-polos-2-unidades_2.jpg 600w\" sizes=\"(max-width: 300px) 100vw, 300px\" \/><\/p>\n","protected":false},"excerpt":{"rendered":"<p>Barramento para corrente m\u00e1x. 150A com 4 parafusos M6 em a\u00e7o inoxid\u00e1vel com tampa de prote\u00e7\u00e3o em pl\u00e1stico transparente.<\/p>\n<p>2 pe\u00e7as: 1 cor vermelha para o positivo 1 cor preta para o negativo 1 cor vermelha para o positivo 1 cor preta para o negativo<\/p>\n","protected":false},"featured_media":82334,"template":"","meta":{"_acf_changed":false},"product_brand":[],"product_cat":[1334],"product_tag":[],"class_list":{"0":"post-75663","1":"product","2":"type-product","3":"status-publish","4":"has-post-thumbnail","6":"product_cat-distribuidores-actuais","8":"first","9":"instock","10":"featured","11":"taxable","12":"shipping-taxable","13":"purchasable","14":"product-type-simple"},"acf":[],"yoast_head":"<!-- This site is optimized with the Yoast SEO plugin v27.2 - https:\/\/yoast.com\/product\/yoast-seo-wordpress\/ -->\n<title>\u25b7 Barramento 150A 4 p\u00f3los 2 pcs Vermelho + Preto | Coelectrix.com<\/title>\n<meta name=\"description\" content=\"Barramento para corrente m\u00e1x. 150A com 4 parafusos M6 em a\u00e7o inoxid\u00e1vel com tampa de pl\u00e1stico transparente.\" \/>\n<meta name=\"robots\" content=\"index, follow, max-snippet:-1, max-image-preview:large, max-video-preview:-1\" \/>\n<link rel=\"canonical\" href=\"https:\/\/coelectrix.com\/pt-pt\/produto\/barramento-150a-4-polo-2-unidades-vermelho-preto\" \/>\n<meta property=\"og:locale\" content=\"pt_PT\" \/>\n<meta property=\"og:type\" content=\"article\" \/>\n<meta property=\"og:title\" content=\"\u25b7 Barramento 150A 4 p\u00f3los 2 pcs Vermelho + Preto | Coelectrix.com\" \/>\n<meta property=\"og:description\" content=\"Barramento para corrente m\u00e1x. 150A com 4 parafusos M6 em a\u00e7o inoxid\u00e1vel com tampa de pl\u00e1stico transparente.\" \/>\n<meta property=\"og:url\" content=\"https:\/\/coelectrix.com\/pt-pt\/produto\/barramento-150a-4-polo-2-unidades-vermelho-preto\" \/>\n<meta property=\"og:site_name\" content=\"Coelectrix\" \/>\n<meta property=\"article:modified_time\" content=\"2025-08-19T04:02:32+00:00\" \/>\n<meta property=\"og:image\" content=\"https:\/\/coelectrix.com\/wp-content\/uploads\/2022\/07\/busbar-150a-4-polos-2-unidades.jpg\" \/>\n\t<meta property=\"og:image:width\" content=\"600\" \/>\n\t<meta property=\"og:image:height\" content=\"600\" \/>\n\t<meta property=\"og:image:type\" content=\"image\/jpeg\" \/>\n<meta name=\"twitter:card\" content=\"summary_large_image\" \/>\n<script type=\"application\/ld+json\" class=\"yoast-schema-graph\">{\"@context\":\"https:\/\/schema.org\",\"@graph\":[{\"@type\":\"WebPage\",\"@id\":\"https:\/\/coelectrix.com\/pt-pt\/produto\/barramento-150a-4-polo-2-unidades-vermelho-preto\",\"url\":\"https:\/\/coelectrix.com\/pt-pt\/produto\/barramento-150a-4-polo-2-unidades-vermelho-preto\",\"name\":\"\u25b7 Barramento 150A 4 p\u00f3los 2 pcs Vermelho + Preto | Coelectrix.com\",\"isPartOf\":{\"@id\":\"https:\/\/coelectrix.com\/pt-pt\/#website\"},\"primaryImageOfPage\":{\"@id\":\"https:\/\/coelectrix.com\/pt-pt\/produto\/barramento-150a-4-polo-2-unidades-vermelho-preto#primaryimage\"},\"image\":{\"@id\":\"https:\/\/coelectrix.com\/pt-pt\/produto\/barramento-150a-4-polo-2-unidades-vermelho-preto#primaryimage\"},\"thumbnailUrl\":\"https:\/\/coelectrix.com\/wp-content\/uploads\/2022\/07\/BusBar-150A-5-Polos-2-unidades-Rojo-Negro.png\",\"datePublished\":\"2022-07-09T09:59:48+00:00\",\"dateModified\":\"2025-08-19T04:02:32+00:00\",\"description\":\"Barramento para corrente m\u00e1x. 150A com 4 parafusos M6 em a\u00e7o inoxid\u00e1vel com tampa de pl\u00e1stico transparente.\",\"breadcrumb\":{\"@id\":\"https:\/\/coelectrix.com\/pt-pt\/produto\/barramento-150a-4-polo-2-unidades-vermelho-preto#breadcrumb\"},\"inLanguage\":\"pt-PT\",\"potentialAction\":[{\"@type\":\"ReadAction\",\"target\":[\"https:\/\/coelectrix.com\/pt-pt\/produto\/barramento-150a-4-polo-2-unidades-vermelho-preto\"]}]},{\"@type\":\"ImageObject\",\"inLanguage\":\"pt-PT\",\"@id\":\"https:\/\/coelectrix.com\/pt-pt\/produto\/barramento-150a-4-polo-2-unidades-vermelho-preto#primaryimage\",\"url\":\"https:\/\/coelectrix.com\/wp-content\/uploads\/2022\/07\/BusBar-150A-5-Polos-2-unidades-Rojo-Negro.png\",\"contentUrl\":\"https:\/\/coelectrix.com\/wp-content\/uploads\/2022\/07\/BusBar-150A-5-Polos-2-unidades-Rojo-Negro.png\",\"width\":1024,\"height\":1024,\"caption\":\"BusBar 150A 5 Polos 2 unidades Rojo + Negro\"},{\"@type\":\"BreadcrumbList\",\"@id\":\"https:\/\/coelectrix.com\/pt-pt\/produto\/barramento-150a-4-polo-2-unidades-vermelho-preto#breadcrumb\",\"itemListElement\":[{\"@type\":\"ListItem\",\"position\":1,\"name\":\"Portada\",\"item\":\"https:\/\/coelectrix.com\/\"},{\"@type\":\"ListItem\",\"position\":2,\"name\":\"Loja\",\"item\":\"https:\/\/coelectrix.com\/pt-pt\/loja\"},{\"@type\":\"ListItem\",\"position\":3,\"name\":\"Barramento 150A 4 p\u00f3los 2 pcs Vermelho + Preto\"}]},{\"@type\":\"WebSite\",\"@id\":\"https:\/\/coelectrix.com\/pt-pt\/#website\",\"url\":\"https:\/\/coelectrix.com\/pt-pt\/\",\"name\":\"Coelectrix\",\"description\":\"Componentes el\u00e9ctricos\",\"publisher\":{\"@id\":\"https:\/\/coelectrix.com\/pt-pt\/#organization\"},\"potentialAction\":[{\"@type\":\"SearchAction\",\"target\":{\"@type\":\"EntryPoint\",\"urlTemplate\":\"https:\/\/coelectrix.com\/pt-pt\/?s={search_term_string}\"},\"query-input\":{\"@type\":\"PropertyValueSpecification\",\"valueRequired\":true,\"valueName\":\"search_term_string\"}}],\"inLanguage\":\"pt-PT\"},{\"@type\":\"Organization\",\"@id\":\"https:\/\/coelectrix.com\/pt-pt\/#organization\",\"name\":\"coelectrix.com\",\"url\":\"https:\/\/coelectrix.com\/pt-pt\/\",\"logo\":{\"@type\":\"ImageObject\",\"inLanguage\":\"pt-PT\",\"@id\":\"https:\/\/coelectrix.com\/pt-pt\/#\/schema\/logo\/image\/\",\"url\":\"https:\/\/coelectrix.com\/wp-content\/uploads\/2018\/05\/logo-coelectrix-400x400.jpg\",\"contentUrl\":\"https:\/\/coelectrix.com\/wp-content\/uploads\/2018\/05\/logo-coelectrix-400x400.jpg\",\"width\":300,\"height\":300,\"caption\":\"coelectrix.com\"},\"image\":{\"@id\":\"https:\/\/coelectrix.com\/pt-pt\/#\/schema\/logo\/image\/\"}}]}<\/script>\n<!-- \/ Yoast SEO plugin. -->","yoast_head_json":{"title":"\u25b7 Barramento 150A 4 p\u00f3los 2 pcs Vermelho + Preto | Coelectrix.com","description":"Barramento para corrente m\u00e1x. 150A com 4 parafusos M6 em a\u00e7o inoxid\u00e1vel com tampa de pl\u00e1stico transparente.","robots":{"index":"index","follow":"follow","max-snippet":"max-snippet:-1","max-image-preview":"max-image-preview:large","max-video-preview":"max-video-preview:-1"},"canonical":"https:\/\/coelectrix.com\/pt-pt\/produto\/barramento-150a-4-polo-2-unidades-vermelho-preto","og_locale":"pt_PT","og_type":"article","og_title":"\u25b7 Barramento 150A 4 p\u00f3los 2 pcs Vermelho + Preto | Coelectrix.com","og_description":"Barramento para corrente m\u00e1x. 150A com 4 parafusos M6 em a\u00e7o inoxid\u00e1vel com tampa de pl\u00e1stico transparente.","og_url":"https:\/\/coelectrix.com\/pt-pt\/produto\/barramento-150a-4-polo-2-unidades-vermelho-preto","og_site_name":"Coelectrix","article_modified_time":"2025-08-19T04:02:32+00:00","og_image":[{"width":600,"height":600,"url":"https:\/\/coelectrix.com\/wp-content\/uploads\/2022\/07\/busbar-150a-4-polos-2-unidades.jpg","type":"image\/jpeg"}],"twitter_card":"summary_large_image","schema":{"@context":"https:\/\/schema.org","@graph":[{"@type":"WebPage","@id":"https:\/\/coelectrix.com\/pt-pt\/produto\/barramento-150a-4-polo-2-unidades-vermelho-preto","url":"https:\/\/coelectrix.com\/pt-pt\/produto\/barramento-150a-4-polo-2-unidades-vermelho-preto","name":"\u25b7 Barramento 150A 4 p\u00f3los 2 pcs Vermelho + Preto | Coelectrix.com","isPartOf":{"@id":"https:\/\/coelectrix.com\/pt-pt\/#website"},"primaryImageOfPage":{"@id":"https:\/\/coelectrix.com\/pt-pt\/produto\/barramento-150a-4-polo-2-unidades-vermelho-preto#primaryimage"},"image":{"@id":"https:\/\/coelectrix.com\/pt-pt\/produto\/barramento-150a-4-polo-2-unidades-vermelho-preto#primaryimage"},"thumbnailUrl":"https:\/\/coelectrix.com\/wp-content\/uploads\/2022\/07\/BusBar-150A-5-Polos-2-unidades-Rojo-Negro.png","datePublished":"2022-07-09T09:59:48+00:00","dateModified":"2025-08-19T04:02:32+00:00","description":"Barramento para corrente m\u00e1x. 150A com 4 parafusos M6 em a\u00e7o inoxid\u00e1vel com tampa de pl\u00e1stico transparente.","breadcrumb":{"@id":"https:\/\/coelectrix.com\/pt-pt\/produto\/barramento-150a-4-polo-2-unidades-vermelho-preto#breadcrumb"},"inLanguage":"pt-PT","potentialAction":[{"@type":"ReadAction","target":["https:\/\/coelectrix.com\/pt-pt\/produto\/barramento-150a-4-polo-2-unidades-vermelho-preto"]}]},{"@type":"ImageObject","inLanguage":"pt-PT","@id":"https:\/\/coelectrix.com\/pt-pt\/produto\/barramento-150a-4-polo-2-unidades-vermelho-preto#primaryimage","url":"https:\/\/coelectrix.com\/wp-content\/uploads\/2022\/07\/BusBar-150A-5-Polos-2-unidades-Rojo-Negro.png","contentUrl":"https:\/\/coelectrix.com\/wp-content\/uploads\/2022\/07\/BusBar-150A-5-Polos-2-unidades-Rojo-Negro.png","width":1024,"height":1024,"caption":"BusBar 150A 5 Polos 2 unidades Rojo + Negro"},{"@type":"BreadcrumbList","@id":"https:\/\/coelectrix.com\/pt-pt\/produto\/barramento-150a-4-polo-2-unidades-vermelho-preto#breadcrumb","itemListElement":[{"@type":"ListItem","position":1,"name":"Portada","item":"https:\/\/coelectrix.com\/"},{"@type":"ListItem","position":2,"name":"Loja","item":"https:\/\/coelectrix.com\/pt-pt\/loja"},{"@type":"ListItem","position":3,"name":"Barramento 150A 4 p\u00f3los 2 pcs Vermelho + Preto"}]},{"@type":"WebSite","@id":"https:\/\/coelectrix.com\/pt-pt\/#website","url":"https:\/\/coelectrix.com\/pt-pt\/","name":"Coelectrix","description":"Componentes el\u00e9ctricos","publisher":{"@id":"https:\/\/coelectrix.com\/pt-pt\/#organization"},"potentialAction":[{"@type":"SearchAction","target":{"@type":"EntryPoint","urlTemplate":"https:\/\/coelectrix.com\/pt-pt\/?s={search_term_string}"},"query-input":{"@type":"PropertyValueSpecification","valueRequired":true,"valueName":"search_term_string"}}],"inLanguage":"pt-PT"},{"@type":"Organization","@id":"https:\/\/coelectrix.com\/pt-pt\/#organization","name":"coelectrix.com","url":"https:\/\/coelectrix.com\/pt-pt\/","logo":{"@type":"ImageObject","inLanguage":"pt-PT","@id":"https:\/\/coelectrix.com\/pt-pt\/#\/schema\/logo\/image\/","url":"https:\/\/coelectrix.com\/wp-content\/uploads\/2018\/05\/logo-coelectrix-400x400.jpg","contentUrl":"https:\/\/coelectrix.com\/wp-content\/uploads\/2018\/05\/logo-coelectrix-400x400.jpg","width":300,"height":300,"caption":"coelectrix.com"},"image":{"@id":"https:\/\/coelectrix.com\/pt-pt\/#\/schema\/logo\/image\/"}}]}},"_links":{"self":[{"href":"https:\/\/coelectrix.com\/pt-pt\/wp-json\/wp\/v2\/product\/75663","targetHints":{"allow":["GET"]}}],"collection":[{"href":"https:\/\/coelectrix.com\/pt-pt\/wp-json\/wp\/v2\/product"}],"about":[{"href":"https:\/\/coelectrix.com\/pt-pt\/wp-json\/wp\/v2\/types\/product"}],"version-history":[{"count":1,"href":"https:\/\/coelectrix.com\/pt-pt\/wp-json\/wp\/v2\/product\/75663\/revisions"}],"predecessor-version":[{"id":76713,"href":"https:\/\/coelectrix.com\/pt-pt\/wp-json\/wp\/v2\/product\/75663\/revisions\/76713"}],"wp:featuredmedia":[{"embeddable":true,"href":"https:\/\/coelectrix.com\/pt-pt\/wp-json\/wp\/v2\/media\/82334"}],"wp:attachment":[{"href":"https:\/\/coelectrix.com\/pt-pt\/wp-json\/wp\/v2\/media?parent=75663"}],"wp:term":[{"taxonomy":"product_brand","embeddable":true,"href":"https:\/\/coelectrix.com\/pt-pt\/wp-json\/wp\/v2\/product_brand?post=75663"},{"taxonomy":"product_cat","embeddable":true,"href":"https:\/\/coelectrix.com\/pt-pt\/wp-json\/wp\/v2\/product_cat?post=75663"},{"taxonomy":"product_tag","embeddable":true,"href":"https:\/\/coelectrix.com\/pt-pt\/wp-json\/wp\/v2\/product_tag?post=75663"}],"curies":[{"name":"wp","href":"https:\/\/api.w.org\/{rel}","templated":true}]}}