{"id":75665,"date":"2022-04-30T08:31:19","date_gmt":"2022-04-30T06:31:19","guid":{"rendered":"https:\/\/coelectrix.com\/producto\/busbar-150a-4-polos-com-tampa"},"modified":"2025-12-07T08:00:24","modified_gmt":"2025-12-07T07:00:24","slug":"busbar-150a-4-polos-com-tampa","status":"publish","type":"product","link":"https:\/\/coelectrix.com\/pt-pt\/produto\/barramento-150a-4-polos-com-tampa","title":{"rendered":"BusBar 150A 4 p\u00f3los com tampa"},"content":{"rendered":"<h2><strong>BusBar 150A 4 p\u00f3los com tampa<\/strong><\/h2>\n<p>Barramento de 4 vias 150A muito pr\u00e1tico + tampa superior transparente, adequado para simplificar as instala\u00e7\u00f5es em autocaravanas, caravanas, barcos&#8230; etc.<\/p>\n<p>4 terminais M6<\/p>\n<p><img fetchpriority=\"high\" decoding=\"async\" class=\"alignnone size-medium wp-image-54278\" src=\"https:\/\/coelectrix.com\/wp-content\/uploads\/2022\/04\/BusBar-150A-4-polos-con-Tapa-300x300.jpg\" alt=\"\" width=\"300\" height=\"300\" srcset=\"https:\/\/coelectrix.com\/wp-content\/uploads\/2022\/04\/BusBar-150A-4-polos-con-Tapa-300x300.jpg 300w, https:\/\/coelectrix.com\/wp-content\/uploads\/2022\/04\/BusBar-150A-4-polos-con-Tapa-150x150.jpg 150w, https:\/\/coelectrix.com\/wp-content\/uploads\/2022\/04\/BusBar-150A-4-polos-con-Tapa-196x196.jpg 196w, https:\/\/coelectrix.com\/wp-content\/uploads\/2022\/04\/BusBar-150A-4-polos-con-Tapa-416x416.jpg 416w, https:\/\/coelectrix.com\/wp-content\/uploads\/2022\/04\/BusBar-150A-4-polos-con-Tapa-100x100.jpg 100w, https:\/\/coelectrix.com\/wp-content\/uploads\/2022\/04\/BusBar-150A-4-polos-con-Tapa-50x50.jpg 50w, https:\/\/coelectrix.com\/wp-content\/uploads\/2022\/04\/BusBar-150A-4-polos-con-Tapa.jpg 600w\" sizes=\"(max-width: 300px) 100vw, 300px\" \/><\/p>\n","protected":false},"excerpt":{"rendered":"<p>Barramento ou barramento para instala\u00e7\u00f5es at\u00e9 150A 12\/24\/48v.<\/p>\n<p>Dimens\u00f5es: Comprimento 120mm.| Largura 20mm.| Altura 42mm.<br \/>\nPeso: 70gr.<br \/>\nTens\u00e3o Nominal: dc 48v.<br \/>\nMaterial do produto:<br \/>\n4 Parafusos: a\u00e7o inoxid\u00e1vel M6<br \/>\nBarramento: cobre estanhado<br \/>\nMaterial da base: ABS \u00e0 prova de fogo<\/p>\n","protected":false},"featured_media":74264,"template":"","meta":{"_acf_changed":false},"product_brand":[],"product_cat":[1334],"product_tag":[],"class_list":{"0":"post-75665","1":"product","2":"type-product","3":"status-publish","4":"has-post-thumbnail","6":"product_cat-distribuidores-actuais","8":"first","9":"instock","10":"taxable","11":"shipping-taxable","12":"purchasable","13":"product-type-simple"},"acf":[],"yoast_head":"<!-- This site is optimized with the Yoast SEO plugin v27.2 - https:\/\/yoast.com\/product\/yoast-seo-wordpress\/ -->\n<title>\u25b7 BusBar 150A 4 p\u00f3los com tampa | Coelectrix.com<\/title>\n<meta name=\"description\" content=\"BusBar ou barramento de 4 p\u00f3los com tampa para unifica\u00e7\u00e3o de cabos em instala\u00e7\u00f5es at\u00e9 150A. Vasta gama de BusBar em coelectrix.com\" \/>\n<meta name=\"robots\" content=\"index, follow, max-snippet:-1, max-image-preview:large, max-video-preview:-1\" \/>\n<link rel=\"canonical\" href=\"https:\/\/coelectrix.com\/pt-pt\/produto\/barramento-150a-4-polos-com-tampa\" \/>\n<meta property=\"og:locale\" content=\"pt_PT\" \/>\n<meta property=\"og:type\" content=\"article\" \/>\n<meta property=\"og:title\" content=\"\u25b7 BusBar 150A 4 p\u00f3los com tampa | Coelectrix.com\" \/>\n<meta property=\"og:description\" content=\"BusBar ou barramento de 4 p\u00f3los com tampa para unifica\u00e7\u00e3o de cabos em instala\u00e7\u00f5es at\u00e9 150A. Vasta gama de BusBar em coelectrix.com\" \/>\n<meta property=\"og:url\" content=\"https:\/\/coelectrix.com\/pt-pt\/produto\/barramento-150a-4-polos-com-tampa\" \/>\n<meta property=\"og:site_name\" content=\"Coelectrix\" \/>\n<meta property=\"article:modified_time\" content=\"2025-12-07T07:00:24+00:00\" \/>\n<meta property=\"og:image\" content=\"https:\/\/coelectrix.com\/wp-content\/uploads\/2022\/04\/BusBar-150A-4-polos-con-Tapa-1.jpg\" \/>\n\t<meta property=\"og:image:width\" content=\"600\" \/>\n\t<meta property=\"og:image:height\" content=\"600\" \/>\n\t<meta property=\"og:image:type\" content=\"image\/jpeg\" \/>\n<meta name=\"twitter:card\" content=\"summary_large_image\" \/>\n<script type=\"application\/ld+json\" class=\"yoast-schema-graph\">{\"@context\":\"https:\/\/schema.org\",\"@graph\":[{\"@type\":\"WebPage\",\"@id\":\"https:\/\/coelectrix.com\/pt-pt\/produto\/barramento-150a-4-polos-com-tampa\",\"url\":\"https:\/\/coelectrix.com\/pt-pt\/produto\/barramento-150a-4-polos-com-tampa\",\"name\":\"\u25b7 BusBar 150A 4 p\u00f3los com tampa | Coelectrix.com\",\"isPartOf\":{\"@id\":\"https:\/\/coelectrix.com\/pt-pt\/#website\"},\"primaryImageOfPage\":{\"@id\":\"https:\/\/coelectrix.com\/pt-pt\/produto\/barramento-150a-4-polos-com-tampa#primaryimage\"},\"image\":{\"@id\":\"https:\/\/coelectrix.com\/pt-pt\/produto\/barramento-150a-4-polos-com-tampa#primaryimage\"},\"thumbnailUrl\":\"https:\/\/coelectrix.com\/wp-content\/uploads\/2022\/04\/BusBar-150A-4-polos-con-Tapa-1.jpg\",\"datePublished\":\"2022-04-30T06:31:19+00:00\",\"dateModified\":\"2025-12-07T07:00:24+00:00\",\"description\":\"BusBar ou barramento de 4 p\u00f3los com tampa para unifica\u00e7\u00e3o de cabos em instala\u00e7\u00f5es at\u00e9 150A. Vasta gama de BusBar em coelectrix.com\",\"breadcrumb\":{\"@id\":\"https:\/\/coelectrix.com\/pt-pt\/produto\/barramento-150a-4-polos-com-tampa#breadcrumb\"},\"inLanguage\":\"pt-PT\",\"potentialAction\":[{\"@type\":\"ReadAction\",\"target\":[\"https:\/\/coelectrix.com\/pt-pt\/produto\/barramento-150a-4-polos-com-tampa\"]}]},{\"@type\":\"ImageObject\",\"inLanguage\":\"pt-PT\",\"@id\":\"https:\/\/coelectrix.com\/pt-pt\/produto\/barramento-150a-4-polos-com-tampa#primaryimage\",\"url\":\"https:\/\/coelectrix.com\/wp-content\/uploads\/2022\/04\/BusBar-150A-4-polos-con-Tapa-1.jpg\",\"contentUrl\":\"https:\/\/coelectrix.com\/wp-content\/uploads\/2022\/04\/BusBar-150A-4-polos-con-Tapa-1.jpg\",\"width\":600,\"height\":600,\"caption\":\"BusBar 150A 4 p\u00f3los com tampa\"},{\"@type\":\"BreadcrumbList\",\"@id\":\"https:\/\/coelectrix.com\/pt-pt\/produto\/barramento-150a-4-polos-com-tampa#breadcrumb\",\"itemListElement\":[{\"@type\":\"ListItem\",\"position\":1,\"name\":\"Portada\",\"item\":\"https:\/\/coelectrix.com\/\"},{\"@type\":\"ListItem\",\"position\":2,\"name\":\"Loja\",\"item\":\"https:\/\/coelectrix.com\/pt-pt\/loja\"},{\"@type\":\"ListItem\",\"position\":3,\"name\":\"BusBar 150A 4 p\u00f3los com tampa\"}]},{\"@type\":\"WebSite\",\"@id\":\"https:\/\/coelectrix.com\/pt-pt\/#website\",\"url\":\"https:\/\/coelectrix.com\/pt-pt\/\",\"name\":\"Coelectrix\",\"description\":\"Componentes el\u00e9ctricos\",\"publisher\":{\"@id\":\"https:\/\/coelectrix.com\/pt-pt\/#organization\"},\"potentialAction\":[{\"@type\":\"SearchAction\",\"target\":{\"@type\":\"EntryPoint\",\"urlTemplate\":\"https:\/\/coelectrix.com\/pt-pt\/?s={search_term_string}\"},\"query-input\":{\"@type\":\"PropertyValueSpecification\",\"valueRequired\":true,\"valueName\":\"search_term_string\"}}],\"inLanguage\":\"pt-PT\"},{\"@type\":\"Organization\",\"@id\":\"https:\/\/coelectrix.com\/pt-pt\/#organization\",\"name\":\"coelectrix.com\",\"url\":\"https:\/\/coelectrix.com\/pt-pt\/\",\"logo\":{\"@type\":\"ImageObject\",\"inLanguage\":\"pt-PT\",\"@id\":\"https:\/\/coelectrix.com\/pt-pt\/#\/schema\/logo\/image\/\",\"url\":\"https:\/\/coelectrix.com\/wp-content\/uploads\/2018\/05\/logo-coelectrix-400x400.jpg\",\"contentUrl\":\"https:\/\/coelectrix.com\/wp-content\/uploads\/2018\/05\/logo-coelectrix-400x400.jpg\",\"width\":300,\"height\":300,\"caption\":\"coelectrix.com\"},\"image\":{\"@id\":\"https:\/\/coelectrix.com\/pt-pt\/#\/schema\/logo\/image\/\"}}]}<\/script>\n<!-- \/ Yoast SEO plugin. -->","yoast_head_json":{"title":"\u25b7 BusBar 150A 4 p\u00f3los com tampa | Coelectrix.com","description":"BusBar ou barramento de 4 p\u00f3los com tampa para unifica\u00e7\u00e3o de cabos em instala\u00e7\u00f5es at\u00e9 150A. Vasta gama de BusBar em coelectrix.com","robots":{"index":"index","follow":"follow","max-snippet":"max-snippet:-1","max-image-preview":"max-image-preview:large","max-video-preview":"max-video-preview:-1"},"canonical":"https:\/\/coelectrix.com\/pt-pt\/produto\/barramento-150a-4-polos-com-tampa","og_locale":"pt_PT","og_type":"article","og_title":"\u25b7 BusBar 150A 4 p\u00f3los com tampa | Coelectrix.com","og_description":"BusBar ou barramento de 4 p\u00f3los com tampa para unifica\u00e7\u00e3o de cabos em instala\u00e7\u00f5es at\u00e9 150A. Vasta gama de BusBar em coelectrix.com","og_url":"https:\/\/coelectrix.com\/pt-pt\/produto\/barramento-150a-4-polos-com-tampa","og_site_name":"Coelectrix","article_modified_time":"2025-12-07T07:00:24+00:00","og_image":[{"width":600,"height":600,"url":"https:\/\/coelectrix.com\/wp-content\/uploads\/2022\/04\/BusBar-150A-4-polos-con-Tapa-1.jpg","type":"image\/jpeg"}],"twitter_card":"summary_large_image","schema":{"@context":"https:\/\/schema.org","@graph":[{"@type":"WebPage","@id":"https:\/\/coelectrix.com\/pt-pt\/produto\/barramento-150a-4-polos-com-tampa","url":"https:\/\/coelectrix.com\/pt-pt\/produto\/barramento-150a-4-polos-com-tampa","name":"\u25b7 BusBar 150A 4 p\u00f3los com tampa | Coelectrix.com","isPartOf":{"@id":"https:\/\/coelectrix.com\/pt-pt\/#website"},"primaryImageOfPage":{"@id":"https:\/\/coelectrix.com\/pt-pt\/produto\/barramento-150a-4-polos-com-tampa#primaryimage"},"image":{"@id":"https:\/\/coelectrix.com\/pt-pt\/produto\/barramento-150a-4-polos-com-tampa#primaryimage"},"thumbnailUrl":"https:\/\/coelectrix.com\/wp-content\/uploads\/2022\/04\/BusBar-150A-4-polos-con-Tapa-1.jpg","datePublished":"2022-04-30T06:31:19+00:00","dateModified":"2025-12-07T07:00:24+00:00","description":"BusBar ou barramento de 4 p\u00f3los com tampa para unifica\u00e7\u00e3o de cabos em instala\u00e7\u00f5es at\u00e9 150A. Vasta gama de BusBar em coelectrix.com","breadcrumb":{"@id":"https:\/\/coelectrix.com\/pt-pt\/produto\/barramento-150a-4-polos-com-tampa#breadcrumb"},"inLanguage":"pt-PT","potentialAction":[{"@type":"ReadAction","target":["https:\/\/coelectrix.com\/pt-pt\/produto\/barramento-150a-4-polos-com-tampa"]}]},{"@type":"ImageObject","inLanguage":"pt-PT","@id":"https:\/\/coelectrix.com\/pt-pt\/produto\/barramento-150a-4-polos-com-tampa#primaryimage","url":"https:\/\/coelectrix.com\/wp-content\/uploads\/2022\/04\/BusBar-150A-4-polos-con-Tapa-1.jpg","contentUrl":"https:\/\/coelectrix.com\/wp-content\/uploads\/2022\/04\/BusBar-150A-4-polos-con-Tapa-1.jpg","width":600,"height":600,"caption":"BusBar 150A 4 p\u00f3los com tampa"},{"@type":"BreadcrumbList","@id":"https:\/\/coelectrix.com\/pt-pt\/produto\/barramento-150a-4-polos-com-tampa#breadcrumb","itemListElement":[{"@type":"ListItem","position":1,"name":"Portada","item":"https:\/\/coelectrix.com\/"},{"@type":"ListItem","position":2,"name":"Loja","item":"https:\/\/coelectrix.com\/pt-pt\/loja"},{"@type":"ListItem","position":3,"name":"BusBar 150A 4 p\u00f3los com tampa"}]},{"@type":"WebSite","@id":"https:\/\/coelectrix.com\/pt-pt\/#website","url":"https:\/\/coelectrix.com\/pt-pt\/","name":"Coelectrix","description":"Componentes el\u00e9ctricos","publisher":{"@id":"https:\/\/coelectrix.com\/pt-pt\/#organization"},"potentialAction":[{"@type":"SearchAction","target":{"@type":"EntryPoint","urlTemplate":"https:\/\/coelectrix.com\/pt-pt\/?s={search_term_string}"},"query-input":{"@type":"PropertyValueSpecification","valueRequired":true,"valueName":"search_term_string"}}],"inLanguage":"pt-PT"},{"@type":"Organization","@id":"https:\/\/coelectrix.com\/pt-pt\/#organization","name":"coelectrix.com","url":"https:\/\/coelectrix.com\/pt-pt\/","logo":{"@type":"ImageObject","inLanguage":"pt-PT","@id":"https:\/\/coelectrix.com\/pt-pt\/#\/schema\/logo\/image\/","url":"https:\/\/coelectrix.com\/wp-content\/uploads\/2018\/05\/logo-coelectrix-400x400.jpg","contentUrl":"https:\/\/coelectrix.com\/wp-content\/uploads\/2018\/05\/logo-coelectrix-400x400.jpg","width":300,"height":300,"caption":"coelectrix.com"},"image":{"@id":"https:\/\/coelectrix.com\/pt-pt\/#\/schema\/logo\/image\/"}}]}},"_links":{"self":[{"href":"https:\/\/coelectrix.com\/pt-pt\/wp-json\/wp\/v2\/product\/75665","targetHints":{"allow":["GET"]}}],"collection":[{"href":"https:\/\/coelectrix.com\/pt-pt\/wp-json\/wp\/v2\/product"}],"about":[{"href":"https:\/\/coelectrix.com\/pt-pt\/wp-json\/wp\/v2\/types\/product"}],"version-history":[{"count":1,"href":"https:\/\/coelectrix.com\/pt-pt\/wp-json\/wp\/v2\/product\/75665\/revisions"}],"predecessor-version":[{"id":76723,"href":"https:\/\/coelectrix.com\/pt-pt\/wp-json\/wp\/v2\/product\/75665\/revisions\/76723"}],"wp:featuredmedia":[{"embeddable":true,"href":"https:\/\/coelectrix.com\/pt-pt\/wp-json\/wp\/v2\/media\/74264"}],"wp:attachment":[{"href":"https:\/\/coelectrix.com\/pt-pt\/wp-json\/wp\/v2\/media?parent=75665"}],"wp:term":[{"taxonomy":"product_brand","embeddable":true,"href":"https:\/\/coelectrix.com\/pt-pt\/wp-json\/wp\/v2\/product_brand?post=75665"},{"taxonomy":"product_cat","embeddable":true,"href":"https:\/\/coelectrix.com\/pt-pt\/wp-json\/wp\/v2\/product_cat?post=75665"},{"taxonomy":"product_tag","embeddable":true,"href":"https:\/\/coelectrix.com\/pt-pt\/wp-json\/wp\/v2\/product_tag?post=75665"}],"curies":[{"name":"wp","href":"https:\/\/api.w.org\/{rel}","templated":true}]}}