{"id":75669,"date":"2022-03-12T09:35:11","date_gmt":"2022-03-12T08:35:11","guid":{"rendered":"https:\/\/coelectrix.com\/producto\/bloco-de-terminais-m8-para-busbar"},"modified":"2025-08-19T06:03:04","modified_gmt":"2025-08-19T04:03:04","slug":"bloco-de-terminais-m8-para-busbar","status":"publish","type":"product","link":"https:\/\/coelectrix.com\/pt-pt\/produto\/bloco-terminal-m8-para-barramento","title":{"rendered":"Bloco de terminais M8 para BusBar"},"content":{"rendered":"<h2><strong>Bloco de terminais M8 para BusBar<\/strong><\/h2>\n<p>Material: PA6<br \/>\nTerminal: M8<\/p>\n","protected":false},"excerpt":{"rendered":"<p>Bloco de terminais M8 para BusBar<\/p>\n<p>Terminal de alimenta\u00e7\u00e3o el\u00e9ctrica para distribui\u00e7\u00e3o de energia em instala\u00e7\u00f5es.<\/p>\n","protected":false},"featured_media":73762,"template":"","meta":{"_acf_changed":false},"product_brand":[],"product_cat":[1334,1387],"product_tag":[],"class_list":{"0":"post-75669","1":"product","2":"type-product","3":"status-publish","4":"has-post-thumbnail","6":"product_cat-distribuidores-actuais","7":"product_cat-referencias","9":"first","10":"instock","11":"taxable","12":"shipping-taxable","13":"purchasable","14":"product-type-simple"},"acf":[],"yoast_head":"<!-- This site is optimized with the Yoast SEO plugin v27.2 - https:\/\/yoast.com\/product\/yoast-seo-wordpress\/ -->\n<title>\u25b7 Bloco de terminais M8 para BusBar | Coelectrix.com<\/title>\n<meta name=\"robots\" content=\"index, follow, max-snippet:-1, max-image-preview:large, max-video-preview:-1\" \/>\n<link rel=\"canonical\" href=\"https:\/\/coelectrix.com\/pt-pt\/produto\/bloco-terminal-m8-para-barramento\" \/>\n<meta property=\"og:locale\" content=\"pt_PT\" \/>\n<meta property=\"og:type\" content=\"article\" \/>\n<meta property=\"og:title\" content=\"\u25b7 Bloco de terminais M8 para BusBar | Coelectrix.com\" \/>\n<meta property=\"og:description\" content=\"Bloco de terminais M8 para BusBar Terminal de alimenta\u00e7\u00e3o el\u00e9ctrica para distribui\u00e7\u00e3o de energia em instala\u00e7\u00f5es.\" \/>\n<meta property=\"og:url\" content=\"https:\/\/coelectrix.com\/pt-pt\/produto\/bloco-terminal-m8-para-barramento\" \/>\n<meta property=\"og:site_name\" content=\"Coelectrix\" \/>\n<meta property=\"article:modified_time\" content=\"2025-08-19T04:03:04+00:00\" \/>\n<meta property=\"og:image\" content=\"https:\/\/coelectrix.com\/wp-content\/uploads\/2022\/03\/Bloque-de-Terminal-M8-para-BusBar.jpg\" \/>\n\t<meta property=\"og:image:width\" content=\"600\" \/>\n\t<meta property=\"og:image:height\" content=\"600\" \/>\n\t<meta property=\"og:image:type\" content=\"image\/jpeg\" \/>\n<meta name=\"twitter:card\" content=\"summary_large_image\" \/>\n<script type=\"application\/ld+json\" class=\"yoast-schema-graph\">{\"@context\":\"https:\/\/schema.org\",\"@graph\":[{\"@type\":\"WebPage\",\"@id\":\"https:\/\/coelectrix.com\/pt-pt\/produto\/bloco-terminal-m8-para-barramento\",\"url\":\"https:\/\/coelectrix.com\/pt-pt\/produto\/bloco-terminal-m8-para-barramento\",\"name\":\"\u25b7 Bloco de terminais M8 para BusBar | Coelectrix.com\",\"isPartOf\":{\"@id\":\"https:\/\/coelectrix.com\/pt-pt\/#website\"},\"primaryImageOfPage\":{\"@id\":\"https:\/\/coelectrix.com\/pt-pt\/produto\/bloco-terminal-m8-para-barramento#primaryimage\"},\"image\":{\"@id\":\"https:\/\/coelectrix.com\/pt-pt\/produto\/bloco-terminal-m8-para-barramento#primaryimage\"},\"thumbnailUrl\":\"https:\/\/coelectrix.com\/wp-content\/uploads\/2022\/03\/Bloque-de-Terminal-M8-para-BusBar.jpg\",\"datePublished\":\"2022-03-12T08:35:11+00:00\",\"dateModified\":\"2025-08-19T04:03:04+00:00\",\"breadcrumb\":{\"@id\":\"https:\/\/coelectrix.com\/pt-pt\/produto\/bloco-terminal-m8-para-barramento#breadcrumb\"},\"inLanguage\":\"pt-PT\",\"potentialAction\":[{\"@type\":\"ReadAction\",\"target\":[\"https:\/\/coelectrix.com\/pt-pt\/produto\/bloco-terminal-m8-para-barramento\"]}]},{\"@type\":\"ImageObject\",\"inLanguage\":\"pt-PT\",\"@id\":\"https:\/\/coelectrix.com\/pt-pt\/produto\/bloco-terminal-m8-para-barramento#primaryimage\",\"url\":\"https:\/\/coelectrix.com\/wp-content\/uploads\/2022\/03\/Bloque-de-Terminal-M8-para-BusBar.jpg\",\"contentUrl\":\"https:\/\/coelectrix.com\/wp-content\/uploads\/2022\/03\/Bloque-de-Terminal-M8-para-BusBar.jpg\",\"width\":600,\"height\":600,\"caption\":\"Bloco de terminais M8 para BusBar\"},{\"@type\":\"BreadcrumbList\",\"@id\":\"https:\/\/coelectrix.com\/pt-pt\/produto\/bloco-terminal-m8-para-barramento#breadcrumb\",\"itemListElement\":[{\"@type\":\"ListItem\",\"position\":1,\"name\":\"Portada\",\"item\":\"https:\/\/coelectrix.com\/\"},{\"@type\":\"ListItem\",\"position\":2,\"name\":\"Loja\",\"item\":\"https:\/\/coelectrix.com\/pt-pt\/loja\"},{\"@type\":\"ListItem\",\"position\":3,\"name\":\"Bloco de terminais M8 para BusBar\"}]},{\"@type\":\"WebSite\",\"@id\":\"https:\/\/coelectrix.com\/pt-pt\/#website\",\"url\":\"https:\/\/coelectrix.com\/pt-pt\/\",\"name\":\"Coelectrix\",\"description\":\"Componentes el\u00e9ctricos\",\"publisher\":{\"@id\":\"https:\/\/coelectrix.com\/pt-pt\/#organization\"},\"potentialAction\":[{\"@type\":\"SearchAction\",\"target\":{\"@type\":\"EntryPoint\",\"urlTemplate\":\"https:\/\/coelectrix.com\/pt-pt\/?s={search_term_string}\"},\"query-input\":{\"@type\":\"PropertyValueSpecification\",\"valueRequired\":true,\"valueName\":\"search_term_string\"}}],\"inLanguage\":\"pt-PT\"},{\"@type\":\"Organization\",\"@id\":\"https:\/\/coelectrix.com\/pt-pt\/#organization\",\"name\":\"coelectrix.com\",\"url\":\"https:\/\/coelectrix.com\/pt-pt\/\",\"logo\":{\"@type\":\"ImageObject\",\"inLanguage\":\"pt-PT\",\"@id\":\"https:\/\/coelectrix.com\/pt-pt\/#\/schema\/logo\/image\/\",\"url\":\"https:\/\/coelectrix.com\/wp-content\/uploads\/2018\/05\/logo-coelectrix-400x400.jpg\",\"contentUrl\":\"https:\/\/coelectrix.com\/wp-content\/uploads\/2018\/05\/logo-coelectrix-400x400.jpg\",\"width\":300,\"height\":300,\"caption\":\"coelectrix.com\"},\"image\":{\"@id\":\"https:\/\/coelectrix.com\/pt-pt\/#\/schema\/logo\/image\/\"}}]}<\/script>\n<!-- \/ Yoast SEO plugin. -->","yoast_head_json":{"title":"\u25b7 Bloco de terminais M8 para BusBar | Coelectrix.com","robots":{"index":"index","follow":"follow","max-snippet":"max-snippet:-1","max-image-preview":"max-image-preview:large","max-video-preview":"max-video-preview:-1"},"canonical":"https:\/\/coelectrix.com\/pt-pt\/produto\/bloco-terminal-m8-para-barramento","og_locale":"pt_PT","og_type":"article","og_title":"\u25b7 Bloco de terminais M8 para BusBar | Coelectrix.com","og_description":"Bloco de terminais M8 para BusBar Terminal de alimenta\u00e7\u00e3o el\u00e9ctrica para distribui\u00e7\u00e3o de energia em instala\u00e7\u00f5es.","og_url":"https:\/\/coelectrix.com\/pt-pt\/produto\/bloco-terminal-m8-para-barramento","og_site_name":"Coelectrix","article_modified_time":"2025-08-19T04:03:04+00:00","og_image":[{"width":600,"height":600,"url":"https:\/\/coelectrix.com\/wp-content\/uploads\/2022\/03\/Bloque-de-Terminal-M8-para-BusBar.jpg","type":"image\/jpeg"}],"twitter_card":"summary_large_image","schema":{"@context":"https:\/\/schema.org","@graph":[{"@type":"WebPage","@id":"https:\/\/coelectrix.com\/pt-pt\/produto\/bloco-terminal-m8-para-barramento","url":"https:\/\/coelectrix.com\/pt-pt\/produto\/bloco-terminal-m8-para-barramento","name":"\u25b7 Bloco de terminais M8 para BusBar | Coelectrix.com","isPartOf":{"@id":"https:\/\/coelectrix.com\/pt-pt\/#website"},"primaryImageOfPage":{"@id":"https:\/\/coelectrix.com\/pt-pt\/produto\/bloco-terminal-m8-para-barramento#primaryimage"},"image":{"@id":"https:\/\/coelectrix.com\/pt-pt\/produto\/bloco-terminal-m8-para-barramento#primaryimage"},"thumbnailUrl":"https:\/\/coelectrix.com\/wp-content\/uploads\/2022\/03\/Bloque-de-Terminal-M8-para-BusBar.jpg","datePublished":"2022-03-12T08:35:11+00:00","dateModified":"2025-08-19T04:03:04+00:00","breadcrumb":{"@id":"https:\/\/coelectrix.com\/pt-pt\/produto\/bloco-terminal-m8-para-barramento#breadcrumb"},"inLanguage":"pt-PT","potentialAction":[{"@type":"ReadAction","target":["https:\/\/coelectrix.com\/pt-pt\/produto\/bloco-terminal-m8-para-barramento"]}]},{"@type":"ImageObject","inLanguage":"pt-PT","@id":"https:\/\/coelectrix.com\/pt-pt\/produto\/bloco-terminal-m8-para-barramento#primaryimage","url":"https:\/\/coelectrix.com\/wp-content\/uploads\/2022\/03\/Bloque-de-Terminal-M8-para-BusBar.jpg","contentUrl":"https:\/\/coelectrix.com\/wp-content\/uploads\/2022\/03\/Bloque-de-Terminal-M8-para-BusBar.jpg","width":600,"height":600,"caption":"Bloco de terminais M8 para BusBar"},{"@type":"BreadcrumbList","@id":"https:\/\/coelectrix.com\/pt-pt\/produto\/bloco-terminal-m8-para-barramento#breadcrumb","itemListElement":[{"@type":"ListItem","position":1,"name":"Portada","item":"https:\/\/coelectrix.com\/"},{"@type":"ListItem","position":2,"name":"Loja","item":"https:\/\/coelectrix.com\/pt-pt\/loja"},{"@type":"ListItem","position":3,"name":"Bloco de terminais M8 para BusBar"}]},{"@type":"WebSite","@id":"https:\/\/coelectrix.com\/pt-pt\/#website","url":"https:\/\/coelectrix.com\/pt-pt\/","name":"Coelectrix","description":"Componentes el\u00e9ctricos","publisher":{"@id":"https:\/\/coelectrix.com\/pt-pt\/#organization"},"potentialAction":[{"@type":"SearchAction","target":{"@type":"EntryPoint","urlTemplate":"https:\/\/coelectrix.com\/pt-pt\/?s={search_term_string}"},"query-input":{"@type":"PropertyValueSpecification","valueRequired":true,"valueName":"search_term_string"}}],"inLanguage":"pt-PT"},{"@type":"Organization","@id":"https:\/\/coelectrix.com\/pt-pt\/#organization","name":"coelectrix.com","url":"https:\/\/coelectrix.com\/pt-pt\/","logo":{"@type":"ImageObject","inLanguage":"pt-PT","@id":"https:\/\/coelectrix.com\/pt-pt\/#\/schema\/logo\/image\/","url":"https:\/\/coelectrix.com\/wp-content\/uploads\/2018\/05\/logo-coelectrix-400x400.jpg","contentUrl":"https:\/\/coelectrix.com\/wp-content\/uploads\/2018\/05\/logo-coelectrix-400x400.jpg","width":300,"height":300,"caption":"coelectrix.com"},"image":{"@id":"https:\/\/coelectrix.com\/pt-pt\/#\/schema\/logo\/image\/"}}]}},"_links":{"self":[{"href":"https:\/\/coelectrix.com\/pt-pt\/wp-json\/wp\/v2\/product\/75669","targetHints":{"allow":["GET"]}}],"collection":[{"href":"https:\/\/coelectrix.com\/pt-pt\/wp-json\/wp\/v2\/product"}],"about":[{"href":"https:\/\/coelectrix.com\/pt-pt\/wp-json\/wp\/v2\/types\/product"}],"version-history":[{"count":1,"href":"https:\/\/coelectrix.com\/pt-pt\/wp-json\/wp\/v2\/product\/75669\/revisions"}],"predecessor-version":[{"id":76740,"href":"https:\/\/coelectrix.com\/pt-pt\/wp-json\/wp\/v2\/product\/75669\/revisions\/76740"}],"wp:featuredmedia":[{"embeddable":true,"href":"https:\/\/coelectrix.com\/pt-pt\/wp-json\/wp\/v2\/media\/73762"}],"wp:attachment":[{"href":"https:\/\/coelectrix.com\/pt-pt\/wp-json\/wp\/v2\/media?parent=75669"}],"wp:term":[{"taxonomy":"product_brand","embeddable":true,"href":"https:\/\/coelectrix.com\/pt-pt\/wp-json\/wp\/v2\/product_brand?post=75669"},{"taxonomy":"product_cat","embeddable":true,"href":"https:\/\/coelectrix.com\/pt-pt\/wp-json\/wp\/v2\/product_cat?post=75669"},{"taxonomy":"product_tag","embeddable":true,"href":"https:\/\/coelectrix.com\/pt-pt\/wp-json\/wp\/v2\/product_tag?post=75669"}],"curies":[{"name":"wp","href":"https:\/\/api.w.org\/{rel}","templated":true}]}}