{"id":75671,"date":"2022-01-18T16:49:40","date_gmt":"2022-01-18T15:49:40","guid":{"rendered":"https:\/\/coelectrix.com\/producto\/barramento-150a-4-polos-victron-energy"},"modified":"2025-08-19T06:03:05","modified_gmt":"2025-08-19T04:03:05","slug":"barramento-150a-4-polos-victron-energy","status":"publish","type":"product","link":"https:\/\/coelectrix.com\/pt-pt\/produto\/barramento-150a-4-polos-victron-energia","title":{"rendered":"Barramento 150A 4 Polos Victron Energy"},"content":{"rendered":"<h2><strong>Barramento 150A 4 Polos Victron Energy<\/strong><\/h2>\n<p>Barramentos para distribui\u00e7\u00e3o de corrente elevada em instala\u00e7\u00f5es de ve\u00edculos com liga\u00e7\u00f5es de bateria a bateria.<\/p>\n<p>Corrente m\u00e1xima 150A \/ 70v.<br \/>\n4 terminais de liga\u00e7\u00e3o M6 com porca de seguran\u00e7a dupla.<\/p>\n<p>Folha de dados do <a href=\"https:\/\/coelectrix.com\/wp-content\/uploads\/2022\/01\/Datasheet-Busbar-150-A-EN.pdf\" target=\"_blank\" rel=\"noopener\">Barramento de Energia Victron 150A<\/a><\/p>\n<p><img fetchpriority=\"high\" decoding=\"async\" class=\"alignnone size-medium wp-image-36717\" src=\"https:\/\/coelectrix.com\/wp-content\/uploads\/2022\/01\/busbar-victron-energy-150A-4-polos-1-300x225.jpg\" alt=\"Busbar 150A 4 Polos Victron Energy\" width=\"300\" height=\"225\" srcset=\"https:\/\/coelectrix.com\/wp-content\/uploads\/2022\/01\/busbar-victron-energy-150A-4-polos-1-300x225.jpg 300w, https:\/\/coelectrix.com\/wp-content\/uploads\/2022\/01\/busbar-victron-energy-150A-4-polos-1-768x576.jpg 768w, https:\/\/coelectrix.com\/wp-content\/uploads\/2022\/01\/busbar-victron-energy-150A-4-polos-1-416x312.jpg 416w, https:\/\/coelectrix.com\/wp-content\/uploads\/2022\/01\/busbar-victron-energy-150A-4-polos-1-64x48.jpg 64w, https:\/\/coelectrix.com\/wp-content\/uploads\/2022\/01\/busbar-victron-energy-150A-4-polos-1.jpg 800w\" sizes=\"(max-width: 300px) 100vw, 300px\" \/><\/p>\n","protected":false},"excerpt":{"rendered":"<p><strong>Barramento de<\/strong> 6 p\u00f3los para <strong>distribui\u00e7\u00e3o de corrente elevada<\/strong> em instala\u00e7\u00f5es de ve\u00edculos com liga\u00e7\u00f5es bateria-bateria.<\/p>\n<p>4 terminais M6<br \/>\nCom tampa de prote\u00e7\u00e3o em pl\u00e1stico transparente.<\/p>\n<p>Dimens\u00f5es: 152,4mm. x 31,8mm. (ver outras dimens\u00f5es na ficha t\u00e9cnica).<\/p>\n","protected":false},"featured_media":73739,"template":"","meta":{"_acf_changed":false},"product_brand":[],"product_cat":[1334,1337,1338],"product_tag":[],"class_list":{"0":"post-75671","1":"product","2":"type-product","3":"status-publish","4":"has-post-thumbnail","6":"product_cat-distribuidores-actuais","7":"product_cat-fitas-de-alimentacao","8":"product_cat-victron-energia","10":"first","11":"instock","12":"sale","13":"taxable","14":"shipping-taxable","15":"purchasable","16":"product-type-simple"},"acf":[],"yoast_head":"<!-- This site is optimized with the Yoast SEO plugin v27.2 - https:\/\/yoast.com\/product\/yoast-seo-wordpress\/ -->\n<title>\u25b7 Barramento 150A 4 Polos Victron Energy | Coelectrix.com<\/title>\n<meta name=\"description\" content=\"Barramento 150A 4 p\u00f3los Victron Energy | Distribui\u00e7\u00e3o de alta corrente em instala\u00e7\u00f5es de ve\u00edculos com liga\u00e7\u00f5es bateria-bateria \u27a4 Melhor pre\u00e7o online\" \/>\n<meta name=\"robots\" content=\"index, follow, max-snippet:-1, max-image-preview:large, max-video-preview:-1\" \/>\n<link rel=\"canonical\" href=\"https:\/\/coelectrix.com\/pt-pt\/produto\/barramento-150a-4-polos-victron-energia\" \/>\n<meta property=\"og:locale\" content=\"pt_PT\" \/>\n<meta property=\"og:type\" content=\"article\" \/>\n<meta property=\"og:title\" content=\"\u25b7 Barramento 150A 4 Polos Victron Energy | Coelectrix.com\" \/>\n<meta property=\"og:description\" content=\"Barramento 150A 4 p\u00f3los Victron Energy | Distribui\u00e7\u00e3o de alta corrente em instala\u00e7\u00f5es de ve\u00edculos com liga\u00e7\u00f5es bateria-bateria \u27a4 Melhor pre\u00e7o online\" \/>\n<meta property=\"og:url\" content=\"https:\/\/coelectrix.com\/pt-pt\/produto\/barramento-150a-4-polos-victron-energia\" \/>\n<meta property=\"og:site_name\" content=\"Coelectrix\" \/>\n<meta property=\"article:modified_time\" content=\"2025-08-19T04:03:05+00:00\" \/>\n<meta property=\"og:image\" content=\"https:\/\/coelectrix.com\/wp-content\/uploads\/2022\/01\/busbar-150a-4-polos-victron-energy.jpg\" \/>\n\t<meta property=\"og:image:width\" content=\"600\" \/>\n\t<meta property=\"og:image:height\" content=\"600\" \/>\n\t<meta property=\"og:image:type\" content=\"image\/jpeg\" \/>\n<meta name=\"twitter:card\" content=\"summary_large_image\" \/>\n<script type=\"application\/ld+json\" class=\"yoast-schema-graph\">{\"@context\":\"https:\/\/schema.org\",\"@graph\":[{\"@type\":\"WebPage\",\"@id\":\"https:\/\/coelectrix.com\/pt-pt\/produto\/barramento-150a-4-polos-victron-energia\",\"url\":\"https:\/\/coelectrix.com\/pt-pt\/produto\/barramento-150a-4-polos-victron-energia\",\"name\":\"\u25b7 Barramento 150A 4 Polos Victron Energy | Coelectrix.com\",\"isPartOf\":{\"@id\":\"https:\/\/coelectrix.com\/pt-pt\/#website\"},\"primaryImageOfPage\":{\"@id\":\"https:\/\/coelectrix.com\/pt-pt\/produto\/barramento-150a-4-polos-victron-energia#primaryimage\"},\"image\":{\"@id\":\"https:\/\/coelectrix.com\/pt-pt\/produto\/barramento-150a-4-polos-victron-energia#primaryimage\"},\"thumbnailUrl\":\"https:\/\/coelectrix.com\/wp-content\/uploads\/2022\/01\/busbar-150a-4-polos-victron-energy.jpg\",\"datePublished\":\"2022-01-18T15:49:40+00:00\",\"dateModified\":\"2025-08-19T04:03:05+00:00\",\"description\":\"Barramento 150A 4 p\u00f3los Victron Energy | Distribui\u00e7\u00e3o de alta corrente em instala\u00e7\u00f5es de ve\u00edculos com liga\u00e7\u00f5es bateria-bateria \u27a4 Melhor pre\u00e7o online\",\"breadcrumb\":{\"@id\":\"https:\/\/coelectrix.com\/pt-pt\/produto\/barramento-150a-4-polos-victron-energia#breadcrumb\"},\"inLanguage\":\"pt-PT\",\"potentialAction\":[{\"@type\":\"ReadAction\",\"target\":[\"https:\/\/coelectrix.com\/pt-pt\/produto\/barramento-150a-4-polos-victron-energia\"]}]},{\"@type\":\"ImageObject\",\"inLanguage\":\"pt-PT\",\"@id\":\"https:\/\/coelectrix.com\/pt-pt\/produto\/barramento-150a-4-polos-victron-energia#primaryimage\",\"url\":\"https:\/\/coelectrix.com\/wp-content\/uploads\/2022\/01\/busbar-150a-4-polos-victron-energy.jpg\",\"contentUrl\":\"https:\/\/coelectrix.com\/wp-content\/uploads\/2022\/01\/busbar-150a-4-polos-victron-energy.jpg\",\"width\":600,\"height\":600,\"caption\":\"Barramento 150A 4 Polos Victron Energy\"},{\"@type\":\"BreadcrumbList\",\"@id\":\"https:\/\/coelectrix.com\/pt-pt\/produto\/barramento-150a-4-polos-victron-energia#breadcrumb\",\"itemListElement\":[{\"@type\":\"ListItem\",\"position\":1,\"name\":\"Portada\",\"item\":\"https:\/\/coelectrix.com\/\"},{\"@type\":\"ListItem\",\"position\":2,\"name\":\"Loja\",\"item\":\"https:\/\/coelectrix.com\/pt-pt\/loja\"},{\"@type\":\"ListItem\",\"position\":3,\"name\":\"Barramento 150A 4 Polos Victron Energy\"}]},{\"@type\":\"WebSite\",\"@id\":\"https:\/\/coelectrix.com\/pt-pt\/#website\",\"url\":\"https:\/\/coelectrix.com\/pt-pt\/\",\"name\":\"Coelectrix\",\"description\":\"Componentes el\u00e9ctricos\",\"publisher\":{\"@id\":\"https:\/\/coelectrix.com\/pt-pt\/#organization\"},\"potentialAction\":[{\"@type\":\"SearchAction\",\"target\":{\"@type\":\"EntryPoint\",\"urlTemplate\":\"https:\/\/coelectrix.com\/pt-pt\/?s={search_term_string}\"},\"query-input\":{\"@type\":\"PropertyValueSpecification\",\"valueRequired\":true,\"valueName\":\"search_term_string\"}}],\"inLanguage\":\"pt-PT\"},{\"@type\":\"Organization\",\"@id\":\"https:\/\/coelectrix.com\/pt-pt\/#organization\",\"name\":\"coelectrix.com\",\"url\":\"https:\/\/coelectrix.com\/pt-pt\/\",\"logo\":{\"@type\":\"ImageObject\",\"inLanguage\":\"pt-PT\",\"@id\":\"https:\/\/coelectrix.com\/pt-pt\/#\/schema\/logo\/image\/\",\"url\":\"https:\/\/coelectrix.com\/wp-content\/uploads\/2018\/05\/logo-coelectrix-400x400.jpg\",\"contentUrl\":\"https:\/\/coelectrix.com\/wp-content\/uploads\/2018\/05\/logo-coelectrix-400x400.jpg\",\"width\":300,\"height\":300,\"caption\":\"coelectrix.com\"},\"image\":{\"@id\":\"https:\/\/coelectrix.com\/pt-pt\/#\/schema\/logo\/image\/\"}}]}<\/script>\n<!-- \/ Yoast SEO plugin. -->","yoast_head_json":{"title":"\u25b7 Barramento 150A 4 Polos Victron Energy | Coelectrix.com","description":"Barramento 150A 4 p\u00f3los Victron Energy | Distribui\u00e7\u00e3o de alta corrente em instala\u00e7\u00f5es de ve\u00edculos com liga\u00e7\u00f5es bateria-bateria \u27a4 Melhor pre\u00e7o online","robots":{"index":"index","follow":"follow","max-snippet":"max-snippet:-1","max-image-preview":"max-image-preview:large","max-video-preview":"max-video-preview:-1"},"canonical":"https:\/\/coelectrix.com\/pt-pt\/produto\/barramento-150a-4-polos-victron-energia","og_locale":"pt_PT","og_type":"article","og_title":"\u25b7 Barramento 150A 4 Polos Victron Energy | Coelectrix.com","og_description":"Barramento 150A 4 p\u00f3los Victron Energy | Distribui\u00e7\u00e3o de alta corrente em instala\u00e7\u00f5es de ve\u00edculos com liga\u00e7\u00f5es bateria-bateria \u27a4 Melhor pre\u00e7o online","og_url":"https:\/\/coelectrix.com\/pt-pt\/produto\/barramento-150a-4-polos-victron-energia","og_site_name":"Coelectrix","article_modified_time":"2025-08-19T04:03:05+00:00","og_image":[{"width":600,"height":600,"url":"https:\/\/coelectrix.com\/wp-content\/uploads\/2022\/01\/busbar-150a-4-polos-victron-energy.jpg","type":"image\/jpeg"}],"twitter_card":"summary_large_image","schema":{"@context":"https:\/\/schema.org","@graph":[{"@type":"WebPage","@id":"https:\/\/coelectrix.com\/pt-pt\/produto\/barramento-150a-4-polos-victron-energia","url":"https:\/\/coelectrix.com\/pt-pt\/produto\/barramento-150a-4-polos-victron-energia","name":"\u25b7 Barramento 150A 4 Polos Victron Energy | Coelectrix.com","isPartOf":{"@id":"https:\/\/coelectrix.com\/pt-pt\/#website"},"primaryImageOfPage":{"@id":"https:\/\/coelectrix.com\/pt-pt\/produto\/barramento-150a-4-polos-victron-energia#primaryimage"},"image":{"@id":"https:\/\/coelectrix.com\/pt-pt\/produto\/barramento-150a-4-polos-victron-energia#primaryimage"},"thumbnailUrl":"https:\/\/coelectrix.com\/wp-content\/uploads\/2022\/01\/busbar-150a-4-polos-victron-energy.jpg","datePublished":"2022-01-18T15:49:40+00:00","dateModified":"2025-08-19T04:03:05+00:00","description":"Barramento 150A 4 p\u00f3los Victron Energy | Distribui\u00e7\u00e3o de alta corrente em instala\u00e7\u00f5es de ve\u00edculos com liga\u00e7\u00f5es bateria-bateria \u27a4 Melhor pre\u00e7o online","breadcrumb":{"@id":"https:\/\/coelectrix.com\/pt-pt\/produto\/barramento-150a-4-polos-victron-energia#breadcrumb"},"inLanguage":"pt-PT","potentialAction":[{"@type":"ReadAction","target":["https:\/\/coelectrix.com\/pt-pt\/produto\/barramento-150a-4-polos-victron-energia"]}]},{"@type":"ImageObject","inLanguage":"pt-PT","@id":"https:\/\/coelectrix.com\/pt-pt\/produto\/barramento-150a-4-polos-victron-energia#primaryimage","url":"https:\/\/coelectrix.com\/wp-content\/uploads\/2022\/01\/busbar-150a-4-polos-victron-energy.jpg","contentUrl":"https:\/\/coelectrix.com\/wp-content\/uploads\/2022\/01\/busbar-150a-4-polos-victron-energy.jpg","width":600,"height":600,"caption":"Barramento 150A 4 Polos Victron Energy"},{"@type":"BreadcrumbList","@id":"https:\/\/coelectrix.com\/pt-pt\/produto\/barramento-150a-4-polos-victron-energia#breadcrumb","itemListElement":[{"@type":"ListItem","position":1,"name":"Portada","item":"https:\/\/coelectrix.com\/"},{"@type":"ListItem","position":2,"name":"Loja","item":"https:\/\/coelectrix.com\/pt-pt\/loja"},{"@type":"ListItem","position":3,"name":"Barramento 150A 4 Polos Victron Energy"}]},{"@type":"WebSite","@id":"https:\/\/coelectrix.com\/pt-pt\/#website","url":"https:\/\/coelectrix.com\/pt-pt\/","name":"Coelectrix","description":"Componentes el\u00e9ctricos","publisher":{"@id":"https:\/\/coelectrix.com\/pt-pt\/#organization"},"potentialAction":[{"@type":"SearchAction","target":{"@type":"EntryPoint","urlTemplate":"https:\/\/coelectrix.com\/pt-pt\/?s={search_term_string}"},"query-input":{"@type":"PropertyValueSpecification","valueRequired":true,"valueName":"search_term_string"}}],"inLanguage":"pt-PT"},{"@type":"Organization","@id":"https:\/\/coelectrix.com\/pt-pt\/#organization","name":"coelectrix.com","url":"https:\/\/coelectrix.com\/pt-pt\/","logo":{"@type":"ImageObject","inLanguage":"pt-PT","@id":"https:\/\/coelectrix.com\/pt-pt\/#\/schema\/logo\/image\/","url":"https:\/\/coelectrix.com\/wp-content\/uploads\/2018\/05\/logo-coelectrix-400x400.jpg","contentUrl":"https:\/\/coelectrix.com\/wp-content\/uploads\/2018\/05\/logo-coelectrix-400x400.jpg","width":300,"height":300,"caption":"coelectrix.com"},"image":{"@id":"https:\/\/coelectrix.com\/pt-pt\/#\/schema\/logo\/image\/"}}]}},"_links":{"self":[{"href":"https:\/\/coelectrix.com\/pt-pt\/wp-json\/wp\/v2\/product\/75671","targetHints":{"allow":["GET"]}}],"collection":[{"href":"https:\/\/coelectrix.com\/pt-pt\/wp-json\/wp\/v2\/product"}],"about":[{"href":"https:\/\/coelectrix.com\/pt-pt\/wp-json\/wp\/v2\/types\/product"}],"version-history":[{"count":1,"href":"https:\/\/coelectrix.com\/pt-pt\/wp-json\/wp\/v2\/product\/75671\/revisions"}],"predecessor-version":[{"id":76745,"href":"https:\/\/coelectrix.com\/pt-pt\/wp-json\/wp\/v2\/product\/75671\/revisions\/76745"}],"wp:featuredmedia":[{"embeddable":true,"href":"https:\/\/coelectrix.com\/pt-pt\/wp-json\/wp\/v2\/media\/73739"}],"wp:attachment":[{"href":"https:\/\/coelectrix.com\/pt-pt\/wp-json\/wp\/v2\/media?parent=75671"}],"wp:term":[{"taxonomy":"product_brand","embeddable":true,"href":"https:\/\/coelectrix.com\/pt-pt\/wp-json\/wp\/v2\/product_brand?post=75671"},{"taxonomy":"product_cat","embeddable":true,"href":"https:\/\/coelectrix.com\/pt-pt\/wp-json\/wp\/v2\/product_cat?post=75671"},{"taxonomy":"product_tag","embeddable":true,"href":"https:\/\/coelectrix.com\/pt-pt\/wp-json\/wp\/v2\/product_tag?post=75671"}],"curies":[{"name":"wp","href":"https:\/\/api.w.org\/{rel}","templated":true}]}}