{"id":75672,"date":"2022-01-15T10:14:02","date_gmt":"2022-01-15T09:14:02","guid":{"rendered":"https:\/\/coelectrix.com\/producto\/bloco-de-distribuicao-de-barramento-16-terminais"},"modified":"2025-08-19T06:03:05","modified_gmt":"2025-08-19T04:03:05","slug":"bloco-de-distribuicao-de-barramento-16-terminais","status":"publish","type":"product","link":"https:\/\/coelectrix.com\/pt-pt\/produto\/distribuicao-bus-bar-block-16-borns","title":{"rendered":"Bloco de distribui\u00e7\u00e3o de barramento 16 terminais"},"content":{"rendered":"<h2><strong>Bloco de distribui\u00e7\u00e3o de barramento 16 terminais<\/strong><\/h2>\n<p>Bloco de distribui\u00e7\u00e3o de cablagem do tipo barramento para unificar a cablagem em instala\u00e7\u00f5es el\u00e9ctricas.<\/p>\n<p>Dispon\u00edvel em 3 modelos:<br \/>\n<strong>Vermelho<\/strong>: 1 bloco simples com 16 sa\u00eddas e 2 entradas, adequado para liga\u00e7\u00f5es positivas (+).<br \/>\n<strong>Azul<\/strong>: 1 bloco simples com 16 sa\u00eddas e 2 entradas, adequado para liga\u00e7\u00f5es negativas (-).<br \/>\n<strong>Vermelho\/Azul<\/strong>: 1 bloco com 1 entrada e 8 sa\u00eddas cada, adequado para liga\u00e7\u00f5es positivas e negativas.<\/p>\n<p>*A cor vermelha ou azul \u00e9 apenas para efeitos de identifica\u00e7\u00e3o para diferenciar positivos ou negativos.<\/p>\n<p>As entradas de cabos com<strong> fixa\u00e7\u00e3o por parafusos<\/strong> s\u00e3o para cabos <strong>at\u00e9 25 mm2 de sec\u00e7\u00e3o transversal<\/strong>.<br \/>\nAs sa\u00eddas de cabos com <strong>fixa\u00e7\u00e3o por grampo de mola<\/strong> destinam-se a cabos com uma sec\u00e7\u00e3o transversal <strong>entre 0,5 mm2 e 6 mm2<\/strong>.<\/p>\n<p><strong>Especifica\u00e7\u00f5es:<br \/>\nFabricante: <\/strong>ENCITECH<br \/>\n<strong>Fixa\u00e7\u00e3o do cabo: <\/strong>grampo de mola, grampo de parafuso<br \/>\n<strong>Fixa\u00e7\u00e3o: <\/strong>Grampo de parafuso \/ calha DIN TS35<br \/>\n<strong>Material da caixa: <\/strong>Poliamida<br \/>\n<strong>Dimens\u00f5es: <\/strong>32,7 x 58mm Altura: 23,8mm<br \/>\n<strong>Corrente de trabalho: <\/strong>76A<br \/>\n<strong>Tens\u00e3o de funcionamento: <\/strong>690v<\/p>\n","protected":false},"excerpt":{"rendered":"<p>Bloco de distribui\u00e7\u00e3o de cablagem do tipo <strong>barramento<\/strong> para unificar os cabos nas instala\u00e7\u00f5es el\u00e9ctricas.<br \/>\n3 modelos dispon\u00edveis consoante as necessidades.<br \/>\nCabos com entrada de parafuso at\u00e9 25mm2 de sec\u00e7\u00e3o transversal.<br \/>\nCabos de distribui\u00e7\u00e3o com liga\u00e7\u00e3o por grampo de mola para cabos de 0,5 mm2 a 6 mm2 de sec\u00e7\u00e3o transversal.<\/p>\n<p>Ideal em instala\u00e7\u00f5es de ve\u00edculos para unificar os fios de terra ou positivos, levando um \u00fanico cabo ao seu destino, poupando assim na cablagem.<\/p>\n<p><strong>N\u00e3o s\u00e3o necess\u00e1rias ferramentas especiais para as liga\u00e7\u00f5es.<\/strong><\/p>\n","protected":false},"featured_media":73713,"template":"","meta":{"_acf_changed":false},"product_brand":[],"product_cat":[1334,1337,1387],"product_tag":[],"class_list":{"0":"post-75672","1":"product","2":"type-product","3":"status-publish","4":"has-post-thumbnail","6":"product_cat-distribuidores-actuais","7":"product_cat-fitas-de-alimentacao","8":"product_cat-referencias","10":"first","11":"instock","12":"taxable","13":"shipping-taxable","14":"purchasable","15":"product-type-variable"},"acf":[],"yoast_head":"<!-- This site is optimized with the Yoast SEO plugin v27.2 - https:\/\/yoast.com\/product\/yoast-seo-wordpress\/ -->\n<title>\u25b7 Bloco de distribui\u00e7\u00e3o de barramento 16 terminais | Coelectrix.com<\/title>\n<meta name=\"robots\" content=\"index, follow, max-snippet:-1, max-image-preview:large, max-video-preview:-1\" \/>\n<link rel=\"canonical\" href=\"https:\/\/coelectrix.com\/pt-pt\/produto\/distribuicao-bus-bar-block-16-borns\" \/>\n<meta property=\"og:locale\" content=\"pt_PT\" \/>\n<meta property=\"og:type\" content=\"article\" \/>\n<meta property=\"og:title\" content=\"\u25b7 Bloco de distribui\u00e7\u00e3o de barramento 16 terminais | Coelectrix.com\" \/>\n<meta property=\"og:description\" content=\"Bloco de distribui\u00e7\u00e3o de cablagem do tipo barramento para unificar os cabos nas instala\u00e7\u00f5es el\u00e9ctricas. 3 modelos dispon\u00edveis consoante as necessidades. Cabos com entrada de parafuso at\u00e9 25mm2 de sec\u00e7\u00e3o transversal. Cabos de distribui\u00e7\u00e3o com liga\u00e7\u00e3o por grampo de mola para cabos de 0,5 mm2 a 6 mm2 de sec\u00e7\u00e3o transversal. Ideal em instala\u00e7\u00f5es de ve\u00edculos para unificar os fios de terra ou positivos, levando um \u00fanico cabo ao seu destino, poupando assim na cablagem. N\u00e3o s\u00e3o necess\u00e1rias ferramentas especiais para as liga\u00e7\u00f5es.\" \/>\n<meta property=\"og:url\" content=\"https:\/\/coelectrix.com\/pt-pt\/produto\/distribuicao-bus-bar-block-16-borns\" \/>\n<meta property=\"og:site_name\" content=\"Coelectrix\" \/>\n<meta property=\"article:modified_time\" content=\"2025-08-19T04:03:05+00:00\" \/>\n<meta property=\"og:image\" content=\"https:\/\/coelectrix.com\/wp-content\/uploads\/2022\/01\/Bloque-de-distribucion-bus-bar.jpg\" \/>\n\t<meta property=\"og:image:width\" content=\"800\" \/>\n\t<meta property=\"og:image:height\" content=\"800\" \/>\n\t<meta property=\"og:image:type\" content=\"image\/jpeg\" \/>\n<meta name=\"twitter:card\" content=\"summary_large_image\" \/>\n<meta name=\"twitter:label1\" content=\"Tempo estimado de leitura\" \/>\n\t<meta name=\"twitter:data1\" content=\"1 minuto\" \/>\n<script type=\"application\/ld+json\" class=\"yoast-schema-graph\">{\"@context\":\"https:\/\/schema.org\",\"@graph\":[{\"@type\":\"WebPage\",\"@id\":\"https:\/\/coelectrix.com\/pt-pt\/produto\/distribuicao-bus-bar-block-16-borns\",\"url\":\"https:\/\/coelectrix.com\/pt-pt\/produto\/distribuicao-bus-bar-block-16-borns\",\"name\":\"\u25b7 Bloco de distribui\u00e7\u00e3o de barramento 16 terminais | Coelectrix.com\",\"isPartOf\":{\"@id\":\"https:\/\/coelectrix.com\/pt-pt\/#website\"},\"primaryImageOfPage\":{\"@id\":\"https:\/\/coelectrix.com\/pt-pt\/produto\/distribuicao-bus-bar-block-16-borns#primaryimage\"},\"image\":{\"@id\":\"https:\/\/coelectrix.com\/pt-pt\/produto\/distribuicao-bus-bar-block-16-borns#primaryimage\"},\"thumbnailUrl\":\"https:\/\/coelectrix.com\/wp-content\/uploads\/2022\/01\/Bloque-de-distribucion-bus-bar.jpg\",\"datePublished\":\"2022-01-15T09:14:02+00:00\",\"dateModified\":\"2025-08-19T04:03:05+00:00\",\"breadcrumb\":{\"@id\":\"https:\/\/coelectrix.com\/pt-pt\/produto\/distribuicao-bus-bar-block-16-borns#breadcrumb\"},\"inLanguage\":\"pt-PT\",\"potentialAction\":[{\"@type\":\"ReadAction\",\"target\":[\"https:\/\/coelectrix.com\/pt-pt\/produto\/distribuicao-bus-bar-block-16-borns\"]}]},{\"@type\":\"ImageObject\",\"inLanguage\":\"pt-PT\",\"@id\":\"https:\/\/coelectrix.com\/pt-pt\/produto\/distribuicao-bus-bar-block-16-borns#primaryimage\",\"url\":\"https:\/\/coelectrix.com\/wp-content\/uploads\/2022\/01\/Bloque-de-distribucion-bus-bar.jpg\",\"contentUrl\":\"https:\/\/coelectrix.com\/wp-content\/uploads\/2022\/01\/Bloque-de-distribucion-bus-bar.jpg\",\"width\":800,\"height\":800,\"caption\":\"Bloco de distribui\u00e7\u00e3o de barramento\"},{\"@type\":\"BreadcrumbList\",\"@id\":\"https:\/\/coelectrix.com\/pt-pt\/produto\/distribuicao-bus-bar-block-16-borns#breadcrumb\",\"itemListElement\":[{\"@type\":\"ListItem\",\"position\":1,\"name\":\"Portada\",\"item\":\"https:\/\/coelectrix.com\/\"},{\"@type\":\"ListItem\",\"position\":2,\"name\":\"Loja\",\"item\":\"https:\/\/coelectrix.com\/pt-pt\/loja\"},{\"@type\":\"ListItem\",\"position\":3,\"name\":\"Bloco de distribui\u00e7\u00e3o de barramento 16 terminais\"}]},{\"@type\":\"WebSite\",\"@id\":\"https:\/\/coelectrix.com\/pt-pt\/#website\",\"url\":\"https:\/\/coelectrix.com\/pt-pt\/\",\"name\":\"Coelectrix\",\"description\":\"Componentes el\u00e9ctricos\",\"publisher\":{\"@id\":\"https:\/\/coelectrix.com\/pt-pt\/#organization\"},\"potentialAction\":[{\"@type\":\"SearchAction\",\"target\":{\"@type\":\"EntryPoint\",\"urlTemplate\":\"https:\/\/coelectrix.com\/pt-pt\/?s={search_term_string}\"},\"query-input\":{\"@type\":\"PropertyValueSpecification\",\"valueRequired\":true,\"valueName\":\"search_term_string\"}}],\"inLanguage\":\"pt-PT\"},{\"@type\":\"Organization\",\"@id\":\"https:\/\/coelectrix.com\/pt-pt\/#organization\",\"name\":\"coelectrix.com\",\"url\":\"https:\/\/coelectrix.com\/pt-pt\/\",\"logo\":{\"@type\":\"ImageObject\",\"inLanguage\":\"pt-PT\",\"@id\":\"https:\/\/coelectrix.com\/pt-pt\/#\/schema\/logo\/image\/\",\"url\":\"https:\/\/coelectrix.com\/wp-content\/uploads\/2018\/05\/logo-coelectrix-400x400.jpg\",\"contentUrl\":\"https:\/\/coelectrix.com\/wp-content\/uploads\/2018\/05\/logo-coelectrix-400x400.jpg\",\"width\":300,\"height\":300,\"caption\":\"coelectrix.com\"},\"image\":{\"@id\":\"https:\/\/coelectrix.com\/pt-pt\/#\/schema\/logo\/image\/\"}}]}<\/script>\n<!-- \/ Yoast SEO plugin. -->","yoast_head_json":{"title":"\u25b7 Bloco de distribui\u00e7\u00e3o de barramento 16 terminais | Coelectrix.com","robots":{"index":"index","follow":"follow","max-snippet":"max-snippet:-1","max-image-preview":"max-image-preview:large","max-video-preview":"max-video-preview:-1"},"canonical":"https:\/\/coelectrix.com\/pt-pt\/produto\/distribuicao-bus-bar-block-16-borns","og_locale":"pt_PT","og_type":"article","og_title":"\u25b7 Bloco de distribui\u00e7\u00e3o de barramento 16 terminais | Coelectrix.com","og_description":"Bloco de distribui\u00e7\u00e3o de cablagem do tipo barramento para unificar os cabos nas instala\u00e7\u00f5es el\u00e9ctricas. 3 modelos dispon\u00edveis consoante as necessidades. Cabos com entrada de parafuso at\u00e9 25mm2 de sec\u00e7\u00e3o transversal. Cabos de distribui\u00e7\u00e3o com liga\u00e7\u00e3o por grampo de mola para cabos de 0,5 mm2 a 6 mm2 de sec\u00e7\u00e3o transversal. Ideal em instala\u00e7\u00f5es de ve\u00edculos para unificar os fios de terra ou positivos, levando um \u00fanico cabo ao seu destino, poupando assim na cablagem. N\u00e3o s\u00e3o necess\u00e1rias ferramentas especiais para as liga\u00e7\u00f5es.","og_url":"https:\/\/coelectrix.com\/pt-pt\/produto\/distribuicao-bus-bar-block-16-borns","og_site_name":"Coelectrix","article_modified_time":"2025-08-19T04:03:05+00:00","og_image":[{"width":800,"height":800,"url":"https:\/\/coelectrix.com\/wp-content\/uploads\/2022\/01\/Bloque-de-distribucion-bus-bar.jpg","type":"image\/jpeg"}],"twitter_card":"summary_large_image","twitter_misc":{"Tempo estimado de leitura":"1 minuto"},"schema":{"@context":"https:\/\/schema.org","@graph":[{"@type":"WebPage","@id":"https:\/\/coelectrix.com\/pt-pt\/produto\/distribuicao-bus-bar-block-16-borns","url":"https:\/\/coelectrix.com\/pt-pt\/produto\/distribuicao-bus-bar-block-16-borns","name":"\u25b7 Bloco de distribui\u00e7\u00e3o de barramento 16 terminais | Coelectrix.com","isPartOf":{"@id":"https:\/\/coelectrix.com\/pt-pt\/#website"},"primaryImageOfPage":{"@id":"https:\/\/coelectrix.com\/pt-pt\/produto\/distribuicao-bus-bar-block-16-borns#primaryimage"},"image":{"@id":"https:\/\/coelectrix.com\/pt-pt\/produto\/distribuicao-bus-bar-block-16-borns#primaryimage"},"thumbnailUrl":"https:\/\/coelectrix.com\/wp-content\/uploads\/2022\/01\/Bloque-de-distribucion-bus-bar.jpg","datePublished":"2022-01-15T09:14:02+00:00","dateModified":"2025-08-19T04:03:05+00:00","breadcrumb":{"@id":"https:\/\/coelectrix.com\/pt-pt\/produto\/distribuicao-bus-bar-block-16-borns#breadcrumb"},"inLanguage":"pt-PT","potentialAction":[{"@type":"ReadAction","target":["https:\/\/coelectrix.com\/pt-pt\/produto\/distribuicao-bus-bar-block-16-borns"]}]},{"@type":"ImageObject","inLanguage":"pt-PT","@id":"https:\/\/coelectrix.com\/pt-pt\/produto\/distribuicao-bus-bar-block-16-borns#primaryimage","url":"https:\/\/coelectrix.com\/wp-content\/uploads\/2022\/01\/Bloque-de-distribucion-bus-bar.jpg","contentUrl":"https:\/\/coelectrix.com\/wp-content\/uploads\/2022\/01\/Bloque-de-distribucion-bus-bar.jpg","width":800,"height":800,"caption":"Bloco de distribui\u00e7\u00e3o de barramento"},{"@type":"BreadcrumbList","@id":"https:\/\/coelectrix.com\/pt-pt\/produto\/distribuicao-bus-bar-block-16-borns#breadcrumb","itemListElement":[{"@type":"ListItem","position":1,"name":"Portada","item":"https:\/\/coelectrix.com\/"},{"@type":"ListItem","position":2,"name":"Loja","item":"https:\/\/coelectrix.com\/pt-pt\/loja"},{"@type":"ListItem","position":3,"name":"Bloco de distribui\u00e7\u00e3o de barramento 16 terminais"}]},{"@type":"WebSite","@id":"https:\/\/coelectrix.com\/pt-pt\/#website","url":"https:\/\/coelectrix.com\/pt-pt\/","name":"Coelectrix","description":"Componentes el\u00e9ctricos","publisher":{"@id":"https:\/\/coelectrix.com\/pt-pt\/#organization"},"potentialAction":[{"@type":"SearchAction","target":{"@type":"EntryPoint","urlTemplate":"https:\/\/coelectrix.com\/pt-pt\/?s={search_term_string}"},"query-input":{"@type":"PropertyValueSpecification","valueRequired":true,"valueName":"search_term_string"}}],"inLanguage":"pt-PT"},{"@type":"Organization","@id":"https:\/\/coelectrix.com\/pt-pt\/#organization","name":"coelectrix.com","url":"https:\/\/coelectrix.com\/pt-pt\/","logo":{"@type":"ImageObject","inLanguage":"pt-PT","@id":"https:\/\/coelectrix.com\/pt-pt\/#\/schema\/logo\/image\/","url":"https:\/\/coelectrix.com\/wp-content\/uploads\/2018\/05\/logo-coelectrix-400x400.jpg","contentUrl":"https:\/\/coelectrix.com\/wp-content\/uploads\/2018\/05\/logo-coelectrix-400x400.jpg","width":300,"height":300,"caption":"coelectrix.com"},"image":{"@id":"https:\/\/coelectrix.com\/pt-pt\/#\/schema\/logo\/image\/"}}]}},"_links":{"self":[{"href":"https:\/\/coelectrix.com\/pt-pt\/wp-json\/wp\/v2\/product\/75672","targetHints":{"allow":["GET"]}}],"collection":[{"href":"https:\/\/coelectrix.com\/pt-pt\/wp-json\/wp\/v2\/product"}],"about":[{"href":"https:\/\/coelectrix.com\/pt-pt\/wp-json\/wp\/v2\/types\/product"}],"version-history":[{"count":1,"href":"https:\/\/coelectrix.com\/pt-pt\/wp-json\/wp\/v2\/product\/75672\/revisions"}],"predecessor-version":[{"id":76746,"href":"https:\/\/coelectrix.com\/pt-pt\/wp-json\/wp\/v2\/product\/75672\/revisions\/76746"}],"wp:featuredmedia":[{"embeddable":true,"href":"https:\/\/coelectrix.com\/pt-pt\/wp-json\/wp\/v2\/media\/73713"}],"wp:attachment":[{"href":"https:\/\/coelectrix.com\/pt-pt\/wp-json\/wp\/v2\/media?parent=75672"}],"wp:term":[{"taxonomy":"product_brand","embeddable":true,"href":"https:\/\/coelectrix.com\/pt-pt\/wp-json\/wp\/v2\/product_brand?post=75672"},{"taxonomy":"product_cat","embeddable":true,"href":"https:\/\/coelectrix.com\/pt-pt\/wp-json\/wp\/v2\/product_cat?post=75672"},{"taxonomy":"product_tag","embeddable":true,"href":"https:\/\/coelectrix.com\/pt-pt\/wp-json\/wp\/v2\/product_tag?post=75672"}],"curies":[{"name":"wp","href":"https:\/\/api.w.org\/{rel}","templated":true}]}}