{"id":75676,"date":"2020-06-06T11:43:23","date_gmt":"2020-06-06T09:43:23","guid":{"rendered":"https:\/\/coelectrix.com\/producto\/caixa-de-derivacao-estanque-legrand"},"modified":"2025-08-19T06:04:09","modified_gmt":"2025-08-19T04:04:09","slug":"caixa-de-derivacao-estanque-legrand","status":"publish","type":"product","link":"https:\/\/coelectrix.com\/pt-pt\/produto\/splice-box-lever-lock-legrand","title":{"rendered":"Caixa de deriva\u00e7\u00e3o estanque Legrand"},"content":{"rendered":"<h1>Caixas de deriva\u00e7\u00e3o estanques Legrand IP65<\/h1>\n<p>Caixas de deriva\u00e7\u00e3o estanques Legrand para liga\u00e7\u00f5es de cabos.<\/p>\n<p>Cor cinzenta RAL 7035.<br \/>\nTemperatura de utiliza\u00e7\u00e3o: -25\u00b0 a +40 \u00b0C.<br \/>\nAuto-extingu\u00edvel a 650\u00b0 (EN 60695 2-10).<br \/>\nEntradas de cabos e condutas atrav\u00e9s de cones de di\u00e2metro m\u00faltiplo<br \/>\n(refs. 0 921 00\/01\/04\/26\/36) com indica\u00e7\u00e3o dos di\u00e2metros e numerados para facilitar o reconhecimento das linhas.<br \/>\nnumeradas para facilitar o reconhecimento das linhas.<br \/>\nSem entradas (refs. 0 921 28\/38).<br \/>\nCaixa em poliestireno e tampa em polietileno.<br \/>\nFornecido com tampas de prote\u00e7\u00e3o de classe II para os parafusos de fixa\u00e7\u00e3o.<br \/>\npara os parafusos de fixa\u00e7\u00e3o.<\/p>\n","protected":false},"excerpt":{"rendered":"<p>Caixas de jun\u00e7\u00e3o estanques IP65 para uma liga\u00e7\u00e3o c\u00f3moda e eficiente da cablagem.<\/p>\n<p>Cor: cinzento claro<br \/>\nGrau de estanquidade: IP65<br \/>\nEm conformidade com a norma EN 60439-3, IP 65 &#8211; IK 09, Classe II.<br \/>\nDisp\u00f5em de cones laterais para a inser\u00e7\u00e3o dos cabos.<\/p>\n<p>Dispon\u00edvel em v\u00e1rios tamanhos no menu pendente.<\/p>\n","protected":false},"featured_media":73334,"template":"","meta":{"_acf_changed":false},"product_brand":[],"product_cat":[1334],"product_tag":[],"class_list":{"0":"post-75676","1":"product","2":"type-product","3":"status-publish","4":"has-post-thumbnail","6":"product_cat-distribuidores-actuais","8":"first","9":"instock","10":"taxable","11":"shipping-taxable","12":"purchasable","13":"product-type-variable"},"acf":[],"yoast_head":"<!-- This site is optimized with the Yoast SEO plugin v27.2 - https:\/\/yoast.com\/product\/yoast-seo-wordpress\/ -->\n<title>\u25b7 Caixa de deriva\u00e7\u00e3o estanque Legrand | Coelectrix.com<\/title>\n<meta name=\"robots\" content=\"index, follow, max-snippet:-1, max-image-preview:large, max-video-preview:-1\" \/>\n<link rel=\"canonical\" href=\"https:\/\/coelectrix.com\/pt-pt\/produto\/splice-box-lever-lock-legrand\" \/>\n<meta property=\"og:locale\" content=\"pt_PT\" \/>\n<meta property=\"og:type\" content=\"article\" \/>\n<meta property=\"og:title\" content=\"\u25b7 Caixa de deriva\u00e7\u00e3o estanque Legrand | Coelectrix.com\" \/>\n<meta property=\"og:description\" content=\"Caixas de jun\u00e7\u00e3o estanques IP65 para uma liga\u00e7\u00e3o c\u00f3moda e eficiente da cablagem. Cor: cinzento claro Grau de estanquidade: IP65 Em conformidade com a norma EN 60439-3, IP 65 - IK 09, Classe II. Disp\u00f5em de cones laterais para a inser\u00e7\u00e3o dos cabos. Dispon\u00edvel em v\u00e1rios tamanhos no menu pendente.\" \/>\n<meta property=\"og:url\" content=\"https:\/\/coelectrix.com\/pt-pt\/produto\/splice-box-lever-lock-legrand\" \/>\n<meta property=\"og:site_name\" content=\"Coelectrix\" \/>\n<meta property=\"article:modified_time\" content=\"2025-08-19T04:04:09+00:00\" \/>\n<meta property=\"og:image\" content=\"https:\/\/coelectrix.com\/wp-content\/uploads\/2020\/06\/caja-empalmes-legrand.jpg\" \/>\n\t<meta property=\"og:image:width\" content=\"800\" \/>\n\t<meta property=\"og:image:height\" content=\"800\" \/>\n\t<meta property=\"og:image:type\" content=\"image\/jpeg\" \/>\n<meta name=\"twitter:card\" content=\"summary_large_image\" \/>\n<meta name=\"twitter:label1\" content=\"Tempo estimado de leitura\" \/>\n\t<meta name=\"twitter:data1\" content=\"1 minuto\" \/>\n<script type=\"application\/ld+json\" class=\"yoast-schema-graph\">{\"@context\":\"https:\/\/schema.org\",\"@graph\":[{\"@type\":\"WebPage\",\"@id\":\"https:\/\/coelectrix.com\/pt-pt\/produto\/splice-box-lever-lock-legrand\",\"url\":\"https:\/\/coelectrix.com\/pt-pt\/produto\/splice-box-lever-lock-legrand\",\"name\":\"\u25b7 Caixa de deriva\u00e7\u00e3o estanque Legrand | Coelectrix.com\",\"isPartOf\":{\"@id\":\"https:\/\/coelectrix.com\/pt-pt\/#website\"},\"primaryImageOfPage\":{\"@id\":\"https:\/\/coelectrix.com\/pt-pt\/produto\/splice-box-lever-lock-legrand#primaryimage\"},\"image\":{\"@id\":\"https:\/\/coelectrix.com\/pt-pt\/produto\/splice-box-lever-lock-legrand#primaryimage\"},\"thumbnailUrl\":\"https:\/\/coelectrix.com\/wp-content\/uploads\/2020\/06\/caja-empalmes-legrand.jpg\",\"datePublished\":\"2020-06-06T09:43:23+00:00\",\"dateModified\":\"2025-08-19T04:04:09+00:00\",\"breadcrumb\":{\"@id\":\"https:\/\/coelectrix.com\/pt-pt\/produto\/splice-box-lever-lock-legrand#breadcrumb\"},\"inLanguage\":\"pt-PT\",\"potentialAction\":[{\"@type\":\"ReadAction\",\"target\":[\"https:\/\/coelectrix.com\/pt-pt\/produto\/splice-box-lever-lock-legrand\"]}]},{\"@type\":\"ImageObject\",\"inLanguage\":\"pt-PT\",\"@id\":\"https:\/\/coelectrix.com\/pt-pt\/produto\/splice-box-lever-lock-legrand#primaryimage\",\"url\":\"https:\/\/coelectrix.com\/wp-content\/uploads\/2020\/06\/caja-empalmes-legrand.jpg\",\"contentUrl\":\"https:\/\/coelectrix.com\/wp-content\/uploads\/2020\/06\/caja-empalmes-legrand.jpg\",\"width\":800,\"height\":800,\"caption\":\"Caixa de deriva\u00e7\u00e3o estanque\"},{\"@type\":\"BreadcrumbList\",\"@id\":\"https:\/\/coelectrix.com\/pt-pt\/produto\/splice-box-lever-lock-legrand#breadcrumb\",\"itemListElement\":[{\"@type\":\"ListItem\",\"position\":1,\"name\":\"Portada\",\"item\":\"https:\/\/coelectrix.com\/\"},{\"@type\":\"ListItem\",\"position\":2,\"name\":\"Loja\",\"item\":\"https:\/\/coelectrix.com\/pt-pt\/loja\"},{\"@type\":\"ListItem\",\"position\":3,\"name\":\"Caixa de deriva\u00e7\u00e3o estanque Legrand\"}]},{\"@type\":\"WebSite\",\"@id\":\"https:\/\/coelectrix.com\/pt-pt\/#website\",\"url\":\"https:\/\/coelectrix.com\/pt-pt\/\",\"name\":\"Coelectrix\",\"description\":\"Componentes el\u00e9ctricos\",\"publisher\":{\"@id\":\"https:\/\/coelectrix.com\/pt-pt\/#organization\"},\"potentialAction\":[{\"@type\":\"SearchAction\",\"target\":{\"@type\":\"EntryPoint\",\"urlTemplate\":\"https:\/\/coelectrix.com\/pt-pt\/?s={search_term_string}\"},\"query-input\":{\"@type\":\"PropertyValueSpecification\",\"valueRequired\":true,\"valueName\":\"search_term_string\"}}],\"inLanguage\":\"pt-PT\"},{\"@type\":\"Organization\",\"@id\":\"https:\/\/coelectrix.com\/pt-pt\/#organization\",\"name\":\"coelectrix.com\",\"url\":\"https:\/\/coelectrix.com\/pt-pt\/\",\"logo\":{\"@type\":\"ImageObject\",\"inLanguage\":\"pt-PT\",\"@id\":\"https:\/\/coelectrix.com\/pt-pt\/#\/schema\/logo\/image\/\",\"url\":\"https:\/\/coelectrix.com\/wp-content\/uploads\/2018\/05\/logo-coelectrix-400x400.jpg\",\"contentUrl\":\"https:\/\/coelectrix.com\/wp-content\/uploads\/2018\/05\/logo-coelectrix-400x400.jpg\",\"width\":300,\"height\":300,\"caption\":\"coelectrix.com\"},\"image\":{\"@id\":\"https:\/\/coelectrix.com\/pt-pt\/#\/schema\/logo\/image\/\"}}]}<\/script>\n<!-- \/ Yoast SEO plugin. -->","yoast_head_json":{"title":"\u25b7 Caixa de deriva\u00e7\u00e3o estanque Legrand | Coelectrix.com","robots":{"index":"index","follow":"follow","max-snippet":"max-snippet:-1","max-image-preview":"max-image-preview:large","max-video-preview":"max-video-preview:-1"},"canonical":"https:\/\/coelectrix.com\/pt-pt\/produto\/splice-box-lever-lock-legrand","og_locale":"pt_PT","og_type":"article","og_title":"\u25b7 Caixa de deriva\u00e7\u00e3o estanque Legrand | Coelectrix.com","og_description":"Caixas de jun\u00e7\u00e3o estanques IP65 para uma liga\u00e7\u00e3o c\u00f3moda e eficiente da cablagem. Cor: cinzento claro Grau de estanquidade: IP65 Em conformidade com a norma EN 60439-3, IP 65 - IK 09, Classe II. Disp\u00f5em de cones laterais para a inser\u00e7\u00e3o dos cabos. Dispon\u00edvel em v\u00e1rios tamanhos no menu pendente.","og_url":"https:\/\/coelectrix.com\/pt-pt\/produto\/splice-box-lever-lock-legrand","og_site_name":"Coelectrix","article_modified_time":"2025-08-19T04:04:09+00:00","og_image":[{"width":800,"height":800,"url":"https:\/\/coelectrix.com\/wp-content\/uploads\/2020\/06\/caja-empalmes-legrand.jpg","type":"image\/jpeg"}],"twitter_card":"summary_large_image","twitter_misc":{"Tempo estimado de leitura":"1 minuto"},"schema":{"@context":"https:\/\/schema.org","@graph":[{"@type":"WebPage","@id":"https:\/\/coelectrix.com\/pt-pt\/produto\/splice-box-lever-lock-legrand","url":"https:\/\/coelectrix.com\/pt-pt\/produto\/splice-box-lever-lock-legrand","name":"\u25b7 Caixa de deriva\u00e7\u00e3o estanque Legrand | Coelectrix.com","isPartOf":{"@id":"https:\/\/coelectrix.com\/pt-pt\/#website"},"primaryImageOfPage":{"@id":"https:\/\/coelectrix.com\/pt-pt\/produto\/splice-box-lever-lock-legrand#primaryimage"},"image":{"@id":"https:\/\/coelectrix.com\/pt-pt\/produto\/splice-box-lever-lock-legrand#primaryimage"},"thumbnailUrl":"https:\/\/coelectrix.com\/wp-content\/uploads\/2020\/06\/caja-empalmes-legrand.jpg","datePublished":"2020-06-06T09:43:23+00:00","dateModified":"2025-08-19T04:04:09+00:00","breadcrumb":{"@id":"https:\/\/coelectrix.com\/pt-pt\/produto\/splice-box-lever-lock-legrand#breadcrumb"},"inLanguage":"pt-PT","potentialAction":[{"@type":"ReadAction","target":["https:\/\/coelectrix.com\/pt-pt\/produto\/splice-box-lever-lock-legrand"]}]},{"@type":"ImageObject","inLanguage":"pt-PT","@id":"https:\/\/coelectrix.com\/pt-pt\/produto\/splice-box-lever-lock-legrand#primaryimage","url":"https:\/\/coelectrix.com\/wp-content\/uploads\/2020\/06\/caja-empalmes-legrand.jpg","contentUrl":"https:\/\/coelectrix.com\/wp-content\/uploads\/2020\/06\/caja-empalmes-legrand.jpg","width":800,"height":800,"caption":"Caixa de deriva\u00e7\u00e3o estanque"},{"@type":"BreadcrumbList","@id":"https:\/\/coelectrix.com\/pt-pt\/produto\/splice-box-lever-lock-legrand#breadcrumb","itemListElement":[{"@type":"ListItem","position":1,"name":"Portada","item":"https:\/\/coelectrix.com\/"},{"@type":"ListItem","position":2,"name":"Loja","item":"https:\/\/coelectrix.com\/pt-pt\/loja"},{"@type":"ListItem","position":3,"name":"Caixa de deriva\u00e7\u00e3o estanque Legrand"}]},{"@type":"WebSite","@id":"https:\/\/coelectrix.com\/pt-pt\/#website","url":"https:\/\/coelectrix.com\/pt-pt\/","name":"Coelectrix","description":"Componentes el\u00e9ctricos","publisher":{"@id":"https:\/\/coelectrix.com\/pt-pt\/#organization"},"potentialAction":[{"@type":"SearchAction","target":{"@type":"EntryPoint","urlTemplate":"https:\/\/coelectrix.com\/pt-pt\/?s={search_term_string}"},"query-input":{"@type":"PropertyValueSpecification","valueRequired":true,"valueName":"search_term_string"}}],"inLanguage":"pt-PT"},{"@type":"Organization","@id":"https:\/\/coelectrix.com\/pt-pt\/#organization","name":"coelectrix.com","url":"https:\/\/coelectrix.com\/pt-pt\/","logo":{"@type":"ImageObject","inLanguage":"pt-PT","@id":"https:\/\/coelectrix.com\/pt-pt\/#\/schema\/logo\/image\/","url":"https:\/\/coelectrix.com\/wp-content\/uploads\/2018\/05\/logo-coelectrix-400x400.jpg","contentUrl":"https:\/\/coelectrix.com\/wp-content\/uploads\/2018\/05\/logo-coelectrix-400x400.jpg","width":300,"height":300,"caption":"coelectrix.com"},"image":{"@id":"https:\/\/coelectrix.com\/pt-pt\/#\/schema\/logo\/image\/"}}]}},"_links":{"self":[{"href":"https:\/\/coelectrix.com\/pt-pt\/wp-json\/wp\/v2\/product\/75676","targetHints":{"allow":["GET"]}}],"collection":[{"href":"https:\/\/coelectrix.com\/pt-pt\/wp-json\/wp\/v2\/product"}],"about":[{"href":"https:\/\/coelectrix.com\/pt-pt\/wp-json\/wp\/v2\/types\/product"}],"version-history":[{"count":1,"href":"https:\/\/coelectrix.com\/pt-pt\/wp-json\/wp\/v2\/product\/75676\/revisions"}],"predecessor-version":[{"id":76797,"href":"https:\/\/coelectrix.com\/pt-pt\/wp-json\/wp\/v2\/product\/75676\/revisions\/76797"}],"wp:featuredmedia":[{"embeddable":true,"href":"https:\/\/coelectrix.com\/pt-pt\/wp-json\/wp\/v2\/media\/73334"}],"wp:attachment":[{"href":"https:\/\/coelectrix.com\/pt-pt\/wp-json\/wp\/v2\/media?parent=75676"}],"wp:term":[{"taxonomy":"product_brand","embeddable":true,"href":"https:\/\/coelectrix.com\/pt-pt\/wp-json\/wp\/v2\/product_brand?post=75676"},{"taxonomy":"product_cat","embeddable":true,"href":"https:\/\/coelectrix.com\/pt-pt\/wp-json\/wp\/v2\/product_cat?post=75676"},{"taxonomy":"product_tag","embeddable":true,"href":"https:\/\/coelectrix.com\/pt-pt\/wp-json\/wp\/v2\/product_tag?post=75676"}],"curies":[{"name":"wp","href":"https:\/\/api.w.org\/{rel}","templated":true}]}}