{"id":75680,"date":"2023-11-24T12:48:39","date_gmt":"2023-11-24T11:48:39","guid":{"rendered":"https:\/\/coelectrix.com\/producto\/tampao-de-fugas-de-ar-condicionado-marcador-uv"},"modified":"2025-08-19T06:01:19","modified_gmt":"2025-08-19T04:01:19","slug":"tampao-de-fugas-de-ar-condicionado-marcador-uv","status":"publish","type":"product","link":"https:\/\/coelectrix.com\/pt-pt\/produto\/copia-de-fuga-capacete-radiador","title":{"rendered":"Tamp\u00e3o de fugas de ar condicionado Marcador UV"},"content":{"rendered":"<h2><strong>PROPRIEDADES <\/strong><\/h2>\n<ul>\n<li> Veda permanentemente as fugas de g\u00e1s refrigerante.<\/li>\n<li>Actua tanto sobre o metal como sobre a borracha.<\/li>\n<li>Detecta as grandes fugas com qualquer l\u00e2mpada U\/V.<\/li>\n<li>N\u00e3o polimeriza nem reage com a humidade ou o oxig\u00e9nio.<\/li>\n<li>N\u00e3o danifica o compressor nem as esta\u00e7\u00f5es de recupera\u00e7\u00e3o.<\/li>\n<\/ul>\n<h2><strong>MODO DE UTILIZA\u00c7\u00c3O<\/strong><\/h2>\n<ol>\n<li>Ligar o ar condicionado na pot\u00eancia m\u00e1xima.<\/li>\n<li>Ligar o adaptador do produto \u00e0 v\u00e1lvula de baixa press\u00e3o do circuito de ar condicionado.<\/li>\n<li>Injetar todo o aerossol no circuito.<\/li>\n<li>Desligar o adaptador e deixar o ar condicionado a funcionar na pot\u00eancia m\u00e1xima durante 30 minutos.<\/li>\n<\/ol>\n<p><a href=\"https:\/\/coelectrix.com\/wp-content\/uploads\/2023\/11\/tapafugas-AC-ficha-tecnica.pdf\" target=\"_blank\" rel=\"noopener\">Ficha de dados do produto<\/a><\/p>\n","protected":false},"excerpt":{"rendered":"<p>Auxol Radiator Leak Stopper \u00e9 um produto concebido para abordar e resolver problemas de fugas no sistema de arrefecimento do ve\u00edculo. O tamp\u00e3o de fugas do radiador Auxol oferece uma solu\u00e7\u00e3o eficaz e conveniente para vedar estas fugas e manter o sistema de arrefecimento em condi\u00e7\u00f5es \u00f3ptimas.<\/p>\n","protected":false},"featured_media":74314,"template":"","meta":{"_acf_changed":false},"product_brand":[],"product_cat":[1286],"product_tag":[],"class_list":{"0":"post-75680","1":"product","2":"type-product","3":"status-publish","4":"has-post-thumbnail","6":"product_cat-sprays-e-aditivos","8":"first","9":"instock","10":"taxable","11":"shipping-taxable","12":"purchasable","13":"product-type-simple"},"acf":[],"yoast_head":"<!-- This site is optimized with the Yoast SEO plugin v27.2 - https:\/\/yoast.com\/product\/yoast-seo-wordpress\/ -->\n<title>\u25b7 Tamp\u00e3o de fugas de ar condicionado Marcador UV | Coelectrix.com<\/title>\n<meta name=\"description\" content=\"Auxol Radiator Leak Stopper \u00e9 um produto concebido para abordar e resolver problemas de fugas no sistema de arrefecimento do ve\u00edculo.\" \/>\n<meta name=\"robots\" content=\"index, follow, max-snippet:-1, max-image-preview:large, max-video-preview:-1\" \/>\n<link rel=\"canonical\" href=\"https:\/\/coelectrix.com\/pt-pt\/produto\/copia-de-fuga-capacete-radiador\" \/>\n<meta property=\"og:locale\" content=\"pt_PT\" \/>\n<meta property=\"og:type\" content=\"article\" \/>\n<meta property=\"og:title\" content=\"\u25b7 Tamp\u00e3o de fugas de ar condicionado Marcador UV | Coelectrix.com\" \/>\n<meta property=\"og:description\" content=\"Auxol Radiator Leak Stopper \u00e9 um produto concebido para abordar e resolver problemas de fugas no sistema de arrefecimento do ve\u00edculo.\" \/>\n<meta property=\"og:url\" content=\"https:\/\/coelectrix.com\/pt-pt\/produto\/copia-de-fuga-capacete-radiador\" \/>\n<meta property=\"og:site_name\" content=\"Coelectrix\" \/>\n<meta property=\"article:modified_time\" content=\"2025-08-19T04:01:19+00:00\" \/>\n<meta property=\"og:image\" content=\"https:\/\/coelectrix.com\/wp-content\/uploads\/2023\/11\/apafugas-radiador.png\" \/>\n\t<meta property=\"og:image:width\" content=\"600\" \/>\n\t<meta property=\"og:image:height\" content=\"600\" \/>\n\t<meta property=\"og:image:type\" content=\"image\/png\" \/>\n<meta name=\"twitter:card\" content=\"summary_large_image\" \/>\n<meta name=\"twitter:label1\" content=\"Tempo estimado de leitura\" \/>\n\t<meta name=\"twitter:data1\" content=\"1 minuto\" \/>\n<script type=\"application\/ld+json\" class=\"yoast-schema-graph\">{\"@context\":\"https:\/\/schema.org\",\"@graph\":[{\"@type\":\"WebPage\",\"@id\":\"https:\/\/coelectrix.com\/pt-pt\/produto\/copia-de-fuga-capacete-radiador\",\"url\":\"https:\/\/coelectrix.com\/pt-pt\/produto\/copia-de-fuga-capacete-radiador\",\"name\":\"\u25b7 Tamp\u00e3o de fugas de ar condicionado Marcador UV | Coelectrix.com\",\"isPartOf\":{\"@id\":\"https:\/\/coelectrix.com\/pt-pt\/#website\"},\"primaryImageOfPage\":{\"@id\":\"https:\/\/coelectrix.com\/pt-pt\/produto\/copia-de-fuga-capacete-radiador#primaryimage\"},\"image\":{\"@id\":\"https:\/\/coelectrix.com\/pt-pt\/produto\/copia-de-fuga-capacete-radiador#primaryimage\"},\"thumbnailUrl\":\"https:\/\/coelectrix.com\/wp-content\/uploads\/2023\/11\/apafugas-radiador.png\",\"datePublished\":\"2023-11-24T11:48:39+00:00\",\"dateModified\":\"2025-08-19T04:01:19+00:00\",\"description\":\"Auxol Radiator Leak Stopper \u00e9 um produto concebido para abordar e resolver problemas de fugas no sistema de arrefecimento do ve\u00edculo.\",\"breadcrumb\":{\"@id\":\"https:\/\/coelectrix.com\/pt-pt\/produto\/copia-de-fuga-capacete-radiador#breadcrumb\"},\"inLanguage\":\"pt-PT\",\"potentialAction\":[{\"@type\":\"ReadAction\",\"target\":[\"https:\/\/coelectrix.com\/pt-pt\/produto\/copia-de-fuga-capacete-radiador\"]}]},{\"@type\":\"ImageObject\",\"inLanguage\":\"pt-PT\",\"@id\":\"https:\/\/coelectrix.com\/pt-pt\/produto\/copia-de-fuga-capacete-radiador#primaryimage\",\"url\":\"https:\/\/coelectrix.com\/wp-content\/uploads\/2023\/11\/apafugas-radiador.png\",\"contentUrl\":\"https:\/\/coelectrix.com\/wp-content\/uploads\/2023\/11\/apafugas-radiador.png\",\"width\":600,\"height\":600,\"caption\":\"tampa do radiador\"},{\"@type\":\"BreadcrumbList\",\"@id\":\"https:\/\/coelectrix.com\/pt-pt\/produto\/copia-de-fuga-capacete-radiador#breadcrumb\",\"itemListElement\":[{\"@type\":\"ListItem\",\"position\":1,\"name\":\"Portada\",\"item\":\"https:\/\/coelectrix.com\/\"},{\"@type\":\"ListItem\",\"position\":2,\"name\":\"Loja\",\"item\":\"https:\/\/coelectrix.com\/pt-pt\/loja\"},{\"@type\":\"ListItem\",\"position\":3,\"name\":\"Tamp\u00e3o de fugas de ar condicionado Marcador UV\"}]},{\"@type\":\"WebSite\",\"@id\":\"https:\/\/coelectrix.com\/pt-pt\/#website\",\"url\":\"https:\/\/coelectrix.com\/pt-pt\/\",\"name\":\"Coelectrix\",\"description\":\"Componentes el\u00e9ctricos\",\"publisher\":{\"@id\":\"https:\/\/coelectrix.com\/pt-pt\/#organization\"},\"potentialAction\":[{\"@type\":\"SearchAction\",\"target\":{\"@type\":\"EntryPoint\",\"urlTemplate\":\"https:\/\/coelectrix.com\/pt-pt\/?s={search_term_string}\"},\"query-input\":{\"@type\":\"PropertyValueSpecification\",\"valueRequired\":true,\"valueName\":\"search_term_string\"}}],\"inLanguage\":\"pt-PT\"},{\"@type\":\"Organization\",\"@id\":\"https:\/\/coelectrix.com\/pt-pt\/#organization\",\"name\":\"coelectrix.com\",\"url\":\"https:\/\/coelectrix.com\/pt-pt\/\",\"logo\":{\"@type\":\"ImageObject\",\"inLanguage\":\"pt-PT\",\"@id\":\"https:\/\/coelectrix.com\/pt-pt\/#\/schema\/logo\/image\/\",\"url\":\"https:\/\/coelectrix.com\/wp-content\/uploads\/2018\/05\/logo-coelectrix-400x400.jpg\",\"contentUrl\":\"https:\/\/coelectrix.com\/wp-content\/uploads\/2018\/05\/logo-coelectrix-400x400.jpg\",\"width\":300,\"height\":300,\"caption\":\"coelectrix.com\"},\"image\":{\"@id\":\"https:\/\/coelectrix.com\/pt-pt\/#\/schema\/logo\/image\/\"}}]}<\/script>\n<!-- \/ Yoast SEO plugin. -->","yoast_head_json":{"title":"\u25b7 Tamp\u00e3o de fugas de ar condicionado Marcador UV | Coelectrix.com","description":"Auxol Radiator Leak Stopper \u00e9 um produto concebido para abordar e resolver problemas de fugas no sistema de arrefecimento do ve\u00edculo.","robots":{"index":"index","follow":"follow","max-snippet":"max-snippet:-1","max-image-preview":"max-image-preview:large","max-video-preview":"max-video-preview:-1"},"canonical":"https:\/\/coelectrix.com\/pt-pt\/produto\/copia-de-fuga-capacete-radiador","og_locale":"pt_PT","og_type":"article","og_title":"\u25b7 Tamp\u00e3o de fugas de ar condicionado Marcador UV | Coelectrix.com","og_description":"Auxol Radiator Leak Stopper \u00e9 um produto concebido para abordar e resolver problemas de fugas no sistema de arrefecimento do ve\u00edculo.","og_url":"https:\/\/coelectrix.com\/pt-pt\/produto\/copia-de-fuga-capacete-radiador","og_site_name":"Coelectrix","article_modified_time":"2025-08-19T04:01:19+00:00","og_image":[{"width":600,"height":600,"url":"https:\/\/coelectrix.com\/wp-content\/uploads\/2023\/11\/apafugas-radiador.png","type":"image\/png"}],"twitter_card":"summary_large_image","twitter_misc":{"Tempo estimado de leitura":"1 minuto"},"schema":{"@context":"https:\/\/schema.org","@graph":[{"@type":"WebPage","@id":"https:\/\/coelectrix.com\/pt-pt\/produto\/copia-de-fuga-capacete-radiador","url":"https:\/\/coelectrix.com\/pt-pt\/produto\/copia-de-fuga-capacete-radiador","name":"\u25b7 Tamp\u00e3o de fugas de ar condicionado Marcador UV | Coelectrix.com","isPartOf":{"@id":"https:\/\/coelectrix.com\/pt-pt\/#website"},"primaryImageOfPage":{"@id":"https:\/\/coelectrix.com\/pt-pt\/produto\/copia-de-fuga-capacete-radiador#primaryimage"},"image":{"@id":"https:\/\/coelectrix.com\/pt-pt\/produto\/copia-de-fuga-capacete-radiador#primaryimage"},"thumbnailUrl":"https:\/\/coelectrix.com\/wp-content\/uploads\/2023\/11\/apafugas-radiador.png","datePublished":"2023-11-24T11:48:39+00:00","dateModified":"2025-08-19T04:01:19+00:00","description":"Auxol Radiator Leak Stopper \u00e9 um produto concebido para abordar e resolver problemas de fugas no sistema de arrefecimento do ve\u00edculo.","breadcrumb":{"@id":"https:\/\/coelectrix.com\/pt-pt\/produto\/copia-de-fuga-capacete-radiador#breadcrumb"},"inLanguage":"pt-PT","potentialAction":[{"@type":"ReadAction","target":["https:\/\/coelectrix.com\/pt-pt\/produto\/copia-de-fuga-capacete-radiador"]}]},{"@type":"ImageObject","inLanguage":"pt-PT","@id":"https:\/\/coelectrix.com\/pt-pt\/produto\/copia-de-fuga-capacete-radiador#primaryimage","url":"https:\/\/coelectrix.com\/wp-content\/uploads\/2023\/11\/apafugas-radiador.png","contentUrl":"https:\/\/coelectrix.com\/wp-content\/uploads\/2023\/11\/apafugas-radiador.png","width":600,"height":600,"caption":"tampa do radiador"},{"@type":"BreadcrumbList","@id":"https:\/\/coelectrix.com\/pt-pt\/produto\/copia-de-fuga-capacete-radiador#breadcrumb","itemListElement":[{"@type":"ListItem","position":1,"name":"Portada","item":"https:\/\/coelectrix.com\/"},{"@type":"ListItem","position":2,"name":"Loja","item":"https:\/\/coelectrix.com\/pt-pt\/loja"},{"@type":"ListItem","position":3,"name":"Tamp\u00e3o de fugas de ar condicionado Marcador UV"}]},{"@type":"WebSite","@id":"https:\/\/coelectrix.com\/pt-pt\/#website","url":"https:\/\/coelectrix.com\/pt-pt\/","name":"Coelectrix","description":"Componentes el\u00e9ctricos","publisher":{"@id":"https:\/\/coelectrix.com\/pt-pt\/#organization"},"potentialAction":[{"@type":"SearchAction","target":{"@type":"EntryPoint","urlTemplate":"https:\/\/coelectrix.com\/pt-pt\/?s={search_term_string}"},"query-input":{"@type":"PropertyValueSpecification","valueRequired":true,"valueName":"search_term_string"}}],"inLanguage":"pt-PT"},{"@type":"Organization","@id":"https:\/\/coelectrix.com\/pt-pt\/#organization","name":"coelectrix.com","url":"https:\/\/coelectrix.com\/pt-pt\/","logo":{"@type":"ImageObject","inLanguage":"pt-PT","@id":"https:\/\/coelectrix.com\/pt-pt\/#\/schema\/logo\/image\/","url":"https:\/\/coelectrix.com\/wp-content\/uploads\/2018\/05\/logo-coelectrix-400x400.jpg","contentUrl":"https:\/\/coelectrix.com\/wp-content\/uploads\/2018\/05\/logo-coelectrix-400x400.jpg","width":300,"height":300,"caption":"coelectrix.com"},"image":{"@id":"https:\/\/coelectrix.com\/pt-pt\/#\/schema\/logo\/image\/"}}]}},"_links":{"self":[{"href":"https:\/\/coelectrix.com\/pt-pt\/wp-json\/wp\/v2\/product\/75680","targetHints":{"allow":["GET"]}}],"collection":[{"href":"https:\/\/coelectrix.com\/pt-pt\/wp-json\/wp\/v2\/product"}],"about":[{"href":"https:\/\/coelectrix.com\/pt-pt\/wp-json\/wp\/v2\/types\/product"}],"version-history":[{"count":1,"href":"https:\/\/coelectrix.com\/pt-pt\/wp-json\/wp\/v2\/product\/75680\/revisions"}],"predecessor-version":[{"id":76633,"href":"https:\/\/coelectrix.com\/pt-pt\/wp-json\/wp\/v2\/product\/75680\/revisions\/76633"}],"wp:featuredmedia":[{"embeddable":true,"href":"https:\/\/coelectrix.com\/pt-pt\/wp-json\/wp\/v2\/media\/74314"}],"wp:attachment":[{"href":"https:\/\/coelectrix.com\/pt-pt\/wp-json\/wp\/v2\/media?parent=75680"}],"wp:term":[{"taxonomy":"product_brand","embeddable":true,"href":"https:\/\/coelectrix.com\/pt-pt\/wp-json\/wp\/v2\/product_brand?post=75680"},{"taxonomy":"product_cat","embeddable":true,"href":"https:\/\/coelectrix.com\/pt-pt\/wp-json\/wp\/v2\/product_cat?post=75680"},{"taxonomy":"product_tag","embeddable":true,"href":"https:\/\/coelectrix.com\/pt-pt\/wp-json\/wp\/v2\/product_tag?post=75680"}],"curies":[{"name":"wp","href":"https:\/\/api.w.org\/{rel}","templated":true}]}}