{"id":75682,"date":"2023-11-24T12:29:41","date_gmt":"2023-11-24T11:29:41","guid":{"rendered":"https:\/\/coelectrix.com\/producto\/ativador-auxol-dpf"},"modified":"2025-08-19T06:01:19","modified_gmt":"2025-08-19T04:01:19","slug":"ativador-auxol-dpf","status":"publish","type":"product","link":"https:\/\/coelectrix.com\/pt-pt\/produto\/ativador-dpf-auxol","title":{"rendered":"Ativador Auxol DPF"},"content":{"rendered":"<h2><strong>PROPRIEDADES<\/strong><\/h2>\n<ul>\n<li>Permite uma regenera\u00e7\u00e3o completa e r\u00e1pida do DPF.<\/li>\n<li>Resolve a igni\u00e7\u00e3o da luz de aviso do DPF em caso de entupimento prematuro.<\/li>\n<li>Reduz at\u00e9 25% a temperatura de incinera\u00e7\u00e3o da fuligem acumulada no interior do filtro.<\/li>\n<li>Prolonga a vida \u00fatil do filtro de part\u00edculas.<\/li>\n<li>Permite uma regenera\u00e7\u00e3o do filtro 5 a 10 vezes mais r\u00e1pida e completa do que o processo autom\u00e1tico do ve\u00edculo.<\/li>\n<li>Permite a regenera\u00e7\u00e3o em ve\u00edculos com condi\u00e7\u00f5es de condu\u00e7\u00e3o desfavor\u00e1veis, dist\u00e2ncias curtas ou condu\u00e7\u00e3o Stop &amp; Go.<\/li>\n<\/ul>\n<h2><strong>MODO DE UTILIZA\u00c7\u00c3O<\/strong><\/h2>\n<ol>\n<li>1Despejar a dose no dep\u00f3sito de prefer\u00eancia antes do enchimento. AUXOL ACTIVADOR DPF no dep\u00f3sito, de prefer\u00eancia antes do enchimento.<\/li>\n<li>Encher com 40 a 50 litros de combust\u00edvel e desencadear o ciclo de regenera\u00e7\u00e3o do DPF percorrendo 30-40kms a altas rota\u00e7\u00f5es do motor ou induzindo-o eletronicamente (via computador).<\/li>\n<\/ol>\n<p><a href=\"https:\/\/coelectrix.com\/wp-content\/uploads\/2023\/10\/23630.pdf\" target=\"_blank\" rel=\"noopener\">Ficha t\u00e9cnica do produto<\/a><\/p>\n","protected":false},"excerpt":{"rendered":"<p>Auxol DPF Activator \u00e9 a solu\u00e7\u00e3o perfeita para manter o seu sistema de filtro de part\u00edculas diesel nas melhores condi\u00e7\u00f5es. Este ativador avan\u00e7ado limpa e regenera o filtro, removendo bloqueios e melhorando a efici\u00eancia do motor. F\u00e1cil de aplicar e altamente eficaz, assegura um desempenho cont\u00ednuo e reduz as emiss\u00f5es nocivas.<\/p>\n","protected":false},"featured_media":74296,"template":"","meta":{"_acf_changed":false},"product_brand":[],"product_cat":[1286],"product_tag":[],"class_list":{"0":"post-75682","1":"product","2":"type-product","3":"status-publish","4":"has-post-thumbnail","6":"product_cat-sprays-e-aditivos","8":"first","9":"instock","10":"taxable","11":"shipping-taxable","12":"purchasable","13":"product-type-simple"},"acf":[],"yoast_head":"<!-- This site is optimized with the Yoast SEO plugin v27.2 - https:\/\/yoast.com\/product\/yoast-seo-wordpress\/ -->\n<title>\u25b7 Ativador Auxol DPF | Coelectrix.com<\/title>\n<meta name=\"description\" content=\"Auxol DPF Activator \u00e9 a solu\u00e7\u00e3o perfeita para manter o seu sistema de filtro de part\u00edculas diesel nas melhores condi\u00e7\u00f5es.\" \/>\n<meta name=\"robots\" content=\"index, follow, max-snippet:-1, max-image-preview:large, max-video-preview:-1\" \/>\n<link rel=\"canonical\" href=\"https:\/\/coelectrix.com\/pt-pt\/produto\/ativador-dpf-auxol\" \/>\n<meta property=\"og:locale\" content=\"pt_PT\" \/>\n<meta property=\"og:type\" content=\"article\" \/>\n<meta property=\"og:title\" content=\"\u25b7 Ativador Auxol DPF | Coelectrix.com\" \/>\n<meta property=\"og:description\" content=\"Auxol DPF Activator \u00e9 a solu\u00e7\u00e3o perfeita para manter o seu sistema de filtro de part\u00edculas diesel nas melhores condi\u00e7\u00f5es.\" \/>\n<meta property=\"og:url\" content=\"https:\/\/coelectrix.com\/pt-pt\/produto\/ativador-dpf-auxol\" \/>\n<meta property=\"og:site_name\" content=\"Coelectrix\" \/>\n<meta property=\"article:modified_time\" content=\"2025-08-19T04:01:19+00:00\" \/>\n<meta property=\"og:image\" content=\"https:\/\/coelectrix.com\/wp-content\/uploads\/2023\/10\/Sin-titulo-1-Recuperado.png\" \/>\n\t<meta property=\"og:image:width\" content=\"600\" \/>\n\t<meta property=\"og:image:height\" content=\"600\" \/>\n\t<meta property=\"og:image:type\" content=\"image\/png\" \/>\n<meta name=\"twitter:card\" content=\"summary_large_image\" \/>\n<meta name=\"twitter:label1\" content=\"Tempo estimado de leitura\" \/>\n\t<meta name=\"twitter:data1\" content=\"1 minuto\" \/>\n<script type=\"application\/ld+json\" class=\"yoast-schema-graph\">{\"@context\":\"https:\/\/schema.org\",\"@graph\":[{\"@type\":\"WebPage\",\"@id\":\"https:\/\/coelectrix.com\/pt-pt\/produto\/ativador-dpf-auxol\",\"url\":\"https:\/\/coelectrix.com\/pt-pt\/produto\/ativador-dpf-auxol\",\"name\":\"\u25b7 Ativador Auxol DPF | Coelectrix.com\",\"isPartOf\":{\"@id\":\"https:\/\/coelectrix.com\/pt-pt\/#website\"},\"primaryImageOfPage\":{\"@id\":\"https:\/\/coelectrix.com\/pt-pt\/produto\/ativador-dpf-auxol#primaryimage\"},\"image\":{\"@id\":\"https:\/\/coelectrix.com\/pt-pt\/produto\/ativador-dpf-auxol#primaryimage\"},\"thumbnailUrl\":\"https:\/\/coelectrix.com\/wp-content\/uploads\/2023\/10\/Sin-titulo-1-Recuperado.png\",\"datePublished\":\"2023-11-24T11:29:41+00:00\",\"dateModified\":\"2025-08-19T04:01:19+00:00\",\"description\":\"Auxol DPF Activator \u00e9 a solu\u00e7\u00e3o perfeita para manter o seu sistema de filtro de part\u00edculas diesel nas melhores condi\u00e7\u00f5es.\",\"breadcrumb\":{\"@id\":\"https:\/\/coelectrix.com\/pt-pt\/produto\/ativador-dpf-auxol#breadcrumb\"},\"inLanguage\":\"pt-PT\",\"potentialAction\":[{\"@type\":\"ReadAction\",\"target\":[\"https:\/\/coelectrix.com\/pt-pt\/produto\/ativador-dpf-auxol\"]}]},{\"@type\":\"ImageObject\",\"inLanguage\":\"pt-PT\",\"@id\":\"https:\/\/coelectrix.com\/pt-pt\/produto\/ativador-dpf-auxol#primaryimage\",\"url\":\"https:\/\/coelectrix.com\/wp-content\/uploads\/2023\/10\/Sin-titulo-1-Recuperado.png\",\"contentUrl\":\"https:\/\/coelectrix.com\/wp-content\/uploads\/2023\/10\/Sin-titulo-1-Recuperado.png\",\"width\":600,\"height\":600,\"caption\":\"Ativador Auxol DPF\"},{\"@type\":\"BreadcrumbList\",\"@id\":\"https:\/\/coelectrix.com\/pt-pt\/produto\/ativador-dpf-auxol#breadcrumb\",\"itemListElement\":[{\"@type\":\"ListItem\",\"position\":1,\"name\":\"Portada\",\"item\":\"https:\/\/coelectrix.com\/\"},{\"@type\":\"ListItem\",\"position\":2,\"name\":\"Loja\",\"item\":\"https:\/\/coelectrix.com\/pt-pt\/loja\"},{\"@type\":\"ListItem\",\"position\":3,\"name\":\"Ativador Auxol DPF\"}]},{\"@type\":\"WebSite\",\"@id\":\"https:\/\/coelectrix.com\/pt-pt\/#website\",\"url\":\"https:\/\/coelectrix.com\/pt-pt\/\",\"name\":\"Coelectrix\",\"description\":\"Componentes el\u00e9ctricos\",\"publisher\":{\"@id\":\"https:\/\/coelectrix.com\/pt-pt\/#organization\"},\"potentialAction\":[{\"@type\":\"SearchAction\",\"target\":{\"@type\":\"EntryPoint\",\"urlTemplate\":\"https:\/\/coelectrix.com\/pt-pt\/?s={search_term_string}\"},\"query-input\":{\"@type\":\"PropertyValueSpecification\",\"valueRequired\":true,\"valueName\":\"search_term_string\"}}],\"inLanguage\":\"pt-PT\"},{\"@type\":\"Organization\",\"@id\":\"https:\/\/coelectrix.com\/pt-pt\/#organization\",\"name\":\"coelectrix.com\",\"url\":\"https:\/\/coelectrix.com\/pt-pt\/\",\"logo\":{\"@type\":\"ImageObject\",\"inLanguage\":\"pt-PT\",\"@id\":\"https:\/\/coelectrix.com\/pt-pt\/#\/schema\/logo\/image\/\",\"url\":\"https:\/\/coelectrix.com\/wp-content\/uploads\/2018\/05\/logo-coelectrix-400x400.jpg\",\"contentUrl\":\"https:\/\/coelectrix.com\/wp-content\/uploads\/2018\/05\/logo-coelectrix-400x400.jpg\",\"width\":300,\"height\":300,\"caption\":\"coelectrix.com\"},\"image\":{\"@id\":\"https:\/\/coelectrix.com\/pt-pt\/#\/schema\/logo\/image\/\"}}]}<\/script>\n<!-- \/ Yoast SEO plugin. -->","yoast_head_json":{"title":"\u25b7 Ativador Auxol DPF | Coelectrix.com","description":"Auxol DPF Activator \u00e9 a solu\u00e7\u00e3o perfeita para manter o seu sistema de filtro de part\u00edculas diesel nas melhores condi\u00e7\u00f5es.","robots":{"index":"index","follow":"follow","max-snippet":"max-snippet:-1","max-image-preview":"max-image-preview:large","max-video-preview":"max-video-preview:-1"},"canonical":"https:\/\/coelectrix.com\/pt-pt\/produto\/ativador-dpf-auxol","og_locale":"pt_PT","og_type":"article","og_title":"\u25b7 Ativador Auxol DPF | Coelectrix.com","og_description":"Auxol DPF Activator \u00e9 a solu\u00e7\u00e3o perfeita para manter o seu sistema de filtro de part\u00edculas diesel nas melhores condi\u00e7\u00f5es.","og_url":"https:\/\/coelectrix.com\/pt-pt\/produto\/ativador-dpf-auxol","og_site_name":"Coelectrix","article_modified_time":"2025-08-19T04:01:19+00:00","og_image":[{"width":600,"height":600,"url":"https:\/\/coelectrix.com\/wp-content\/uploads\/2023\/10\/Sin-titulo-1-Recuperado.png","type":"image\/png"}],"twitter_card":"summary_large_image","twitter_misc":{"Tempo estimado de leitura":"1 minuto"},"schema":{"@context":"https:\/\/schema.org","@graph":[{"@type":"WebPage","@id":"https:\/\/coelectrix.com\/pt-pt\/produto\/ativador-dpf-auxol","url":"https:\/\/coelectrix.com\/pt-pt\/produto\/ativador-dpf-auxol","name":"\u25b7 Ativador Auxol DPF | Coelectrix.com","isPartOf":{"@id":"https:\/\/coelectrix.com\/pt-pt\/#website"},"primaryImageOfPage":{"@id":"https:\/\/coelectrix.com\/pt-pt\/produto\/ativador-dpf-auxol#primaryimage"},"image":{"@id":"https:\/\/coelectrix.com\/pt-pt\/produto\/ativador-dpf-auxol#primaryimage"},"thumbnailUrl":"https:\/\/coelectrix.com\/wp-content\/uploads\/2023\/10\/Sin-titulo-1-Recuperado.png","datePublished":"2023-11-24T11:29:41+00:00","dateModified":"2025-08-19T04:01:19+00:00","description":"Auxol DPF Activator \u00e9 a solu\u00e7\u00e3o perfeita para manter o seu sistema de filtro de part\u00edculas diesel nas melhores condi\u00e7\u00f5es.","breadcrumb":{"@id":"https:\/\/coelectrix.com\/pt-pt\/produto\/ativador-dpf-auxol#breadcrumb"},"inLanguage":"pt-PT","potentialAction":[{"@type":"ReadAction","target":["https:\/\/coelectrix.com\/pt-pt\/produto\/ativador-dpf-auxol"]}]},{"@type":"ImageObject","inLanguage":"pt-PT","@id":"https:\/\/coelectrix.com\/pt-pt\/produto\/ativador-dpf-auxol#primaryimage","url":"https:\/\/coelectrix.com\/wp-content\/uploads\/2023\/10\/Sin-titulo-1-Recuperado.png","contentUrl":"https:\/\/coelectrix.com\/wp-content\/uploads\/2023\/10\/Sin-titulo-1-Recuperado.png","width":600,"height":600,"caption":"Ativador Auxol DPF"},{"@type":"BreadcrumbList","@id":"https:\/\/coelectrix.com\/pt-pt\/produto\/ativador-dpf-auxol#breadcrumb","itemListElement":[{"@type":"ListItem","position":1,"name":"Portada","item":"https:\/\/coelectrix.com\/"},{"@type":"ListItem","position":2,"name":"Loja","item":"https:\/\/coelectrix.com\/pt-pt\/loja"},{"@type":"ListItem","position":3,"name":"Ativador Auxol DPF"}]},{"@type":"WebSite","@id":"https:\/\/coelectrix.com\/pt-pt\/#website","url":"https:\/\/coelectrix.com\/pt-pt\/","name":"Coelectrix","description":"Componentes el\u00e9ctricos","publisher":{"@id":"https:\/\/coelectrix.com\/pt-pt\/#organization"},"potentialAction":[{"@type":"SearchAction","target":{"@type":"EntryPoint","urlTemplate":"https:\/\/coelectrix.com\/pt-pt\/?s={search_term_string}"},"query-input":{"@type":"PropertyValueSpecification","valueRequired":true,"valueName":"search_term_string"}}],"inLanguage":"pt-PT"},{"@type":"Organization","@id":"https:\/\/coelectrix.com\/pt-pt\/#organization","name":"coelectrix.com","url":"https:\/\/coelectrix.com\/pt-pt\/","logo":{"@type":"ImageObject","inLanguage":"pt-PT","@id":"https:\/\/coelectrix.com\/pt-pt\/#\/schema\/logo\/image\/","url":"https:\/\/coelectrix.com\/wp-content\/uploads\/2018\/05\/logo-coelectrix-400x400.jpg","contentUrl":"https:\/\/coelectrix.com\/wp-content\/uploads\/2018\/05\/logo-coelectrix-400x400.jpg","width":300,"height":300,"caption":"coelectrix.com"},"image":{"@id":"https:\/\/coelectrix.com\/pt-pt\/#\/schema\/logo\/image\/"}}]}},"_links":{"self":[{"href":"https:\/\/coelectrix.com\/pt-pt\/wp-json\/wp\/v2\/product\/75682","targetHints":{"allow":["GET"]}}],"collection":[{"href":"https:\/\/coelectrix.com\/pt-pt\/wp-json\/wp\/v2\/product"}],"about":[{"href":"https:\/\/coelectrix.com\/pt-pt\/wp-json\/wp\/v2\/types\/product"}],"version-history":[{"count":1,"href":"https:\/\/coelectrix.com\/pt-pt\/wp-json\/wp\/v2\/product\/75682\/revisions"}],"predecessor-version":[{"id":76635,"href":"https:\/\/coelectrix.com\/pt-pt\/wp-json\/wp\/v2\/product\/75682\/revisions\/76635"}],"wp:featuredmedia":[{"embeddable":true,"href":"https:\/\/coelectrix.com\/pt-pt\/wp-json\/wp\/v2\/media\/74296"}],"wp:attachment":[{"href":"https:\/\/coelectrix.com\/pt-pt\/wp-json\/wp\/v2\/media?parent=75682"}],"wp:term":[{"taxonomy":"product_brand","embeddable":true,"href":"https:\/\/coelectrix.com\/pt-pt\/wp-json\/wp\/v2\/product_brand?post=75682"},{"taxonomy":"product_cat","embeddable":true,"href":"https:\/\/coelectrix.com\/pt-pt\/wp-json\/wp\/v2\/product_cat?post=75682"},{"taxonomy":"product_tag","embeddable":true,"href":"https:\/\/coelectrix.com\/pt-pt\/wp-json\/wp\/v2\/product_tag?post=75682"}],"curies":[{"name":"wp","href":"https:\/\/api.w.org\/{rel}","templated":true}]}}