{"id":75683,"date":"2023-10-20T13:28:03","date_gmt":"2023-10-20T11:28:03","guid":{"rendered":"https:\/\/coelectrix.com\/producto\/auxol-diesel-mot-controlo-de-fumos"},"modified":"2025-08-19T06:01:20","modified_gmt":"2025-08-19T04:01:20","slug":"auxol-diesel-mot-controlo-de-fumos","status":"publish","type":"product","link":"https:\/\/coelectrix.com\/pt-pt\/produto\/anti-fumo-itv-diesel-auxol","title":{"rendered":"Auxol Diesel MOT Controlo de fumos"},"content":{"rendered":"<h2><strong>PROPRIEDADES <\/strong><\/h2>\n<ul>\n<li>Garante a aprova\u00e7\u00e3o na Inspe\u00e7\u00e3o T\u00e9cnica do Ve\u00edculo (ITV), desde que n\u00e3o haja nenhuma avaria mec\u00e2nica.<\/li>\n<li>Reduz a zero as emiss\u00f5es de mon\u00f3xido de carbono (CO) e de \u00f3xidos de azoto (NOx), ambos nocivos para o ambiente.<\/li>\n<li>Reduz as emiss\u00f5es de hidrocarbonetos n\u00e3o queimados at\u00e9 50%.<\/li>\n<li>Reduz as emiss\u00f5es de part\u00edculas at\u00e9 30%.<\/li>\n<li>Reduz a opacidade at\u00e9 45%.<\/li>\n<li>N\u00e3o altera o \u00edndice de cetano.<\/li>\n<li>N\u00e3o \u00e9 um produto corrosivo, pelo que n\u00e3o ataca os metais nem os componentes internos do motor.<\/li>\n<\/ul>\n<h2><strong>MODO DE UTILIZA\u00c7\u00c3O<\/strong><\/h2>\n<ol>\n<li>Deitar a dose no dep\u00f3sito de combust\u00edvel de reserva.<\/li>\n<li>Encher um m\u00e1ximo de 10 a 15 litros de combust\u00edvel.<\/li>\n<li>Com o motor quente, acelerar durante 2 minutos.<\/li>\n<li>Em seguida, e em condu\u00e7\u00e3o normal durante 15 minutos, dirigir-se ao seu centro MOT.<\/li>\n<\/ol>\n<p><a href=\"https:\/\/coelectrix.com\/wp-content\/uploads\/2023\/10\/00620.pdf\" target=\"_blank\" rel=\"noopener\">Ficha de produto<\/a><\/p>\n","protected":false},"excerpt":{"rendered":"<p>O Diesel MOT Smoke Control \u00e9 a solu\u00e7\u00e3o perfeita para reduzir as emiss\u00f5es de fumo e cumprir as normas MOT. Formulado especificamente para motores diesel, este aditivo inovador minimiza os fumos de escape e melhora a efici\u00eancia do motor. F\u00e1cil de utilizar e altamente eficaz, garante um desempenho \u00f3timo do motor e contribui para um ambiente mais limpo.<\/p>\n","protected":false},"featured_media":74288,"template":"","meta":{"_acf_changed":false},"product_brand":[],"product_cat":[1286],"product_tag":[],"class_list":{"0":"post-75683","1":"product","2":"type-product","3":"status-publish","4":"has-post-thumbnail","6":"product_cat-sprays-e-aditivos","8":"first","9":"instock","10":"taxable","11":"shipping-taxable","12":"purchasable","13":"product-type-simple"},"acf":[],"yoast_head":"<!-- This site is optimized with the Yoast SEO plugin v27.2 - https:\/\/yoast.com\/product\/yoast-seo-wordpress\/ -->\n<title>\u25b7 Auxol Diesel MOT Controlo de fumos | Coelectrix.com<\/title>\n<meta name=\"description\" content=\"O Diesel Anti-Smoke Vehicle Health Check \u00e9 a solu\u00e7\u00e3o perfeita para reduzir as emiss\u00f5es de fumo e cumprir as normas MOT.\" \/>\n<meta name=\"robots\" content=\"index, follow, max-snippet:-1, max-image-preview:large, max-video-preview:-1\" \/>\n<link rel=\"canonical\" href=\"https:\/\/coelectrix.com\/pt-pt\/produto\/anti-fumo-itv-diesel-auxol\" \/>\n<meta property=\"og:locale\" content=\"pt_PT\" \/>\n<meta property=\"og:type\" content=\"article\" \/>\n<meta property=\"og:title\" content=\"\u25b7 Auxol Diesel MOT Controlo de fumos | Coelectrix.com\" \/>\n<meta property=\"og:description\" content=\"O Diesel Anti-Smoke Vehicle Health Check \u00e9 a solu\u00e7\u00e3o perfeita para reduzir as emiss\u00f5es de fumo e cumprir as normas MOT.\" \/>\n<meta property=\"og:url\" content=\"https:\/\/coelectrix.com\/pt-pt\/produto\/anti-fumo-itv-diesel-auxol\" \/>\n<meta property=\"og:site_name\" content=\"Coelectrix\" \/>\n<meta property=\"article:modified_time\" content=\"2025-08-19T04:01:20+00:00\" \/>\n<meta property=\"og:image\" content=\"https:\/\/coelectrix.com\/wp-content\/uploads\/2023\/10\/Antihumo-ITV-Diesel.png\" \/>\n\t<meta property=\"og:image:width\" content=\"600\" \/>\n\t<meta property=\"og:image:height\" content=\"600\" \/>\n\t<meta property=\"og:image:type\" content=\"image\/png\" \/>\n<meta name=\"twitter:card\" content=\"summary_large_image\" \/>\n<meta name=\"twitter:label1\" content=\"Tempo estimado de leitura\" \/>\n\t<meta name=\"twitter:data1\" content=\"1 minuto\" \/>\n<script type=\"application\/ld+json\" class=\"yoast-schema-graph\">{\"@context\":\"https:\/\/schema.org\",\"@graph\":[{\"@type\":\"WebPage\",\"@id\":\"https:\/\/coelectrix.com\/pt-pt\/produto\/anti-fumo-itv-diesel-auxol\",\"url\":\"https:\/\/coelectrix.com\/pt-pt\/produto\/anti-fumo-itv-diesel-auxol\",\"name\":\"\u25b7 Auxol Diesel MOT Controlo de fumos | Coelectrix.com\",\"isPartOf\":{\"@id\":\"https:\/\/coelectrix.com\/pt-pt\/#website\"},\"primaryImageOfPage\":{\"@id\":\"https:\/\/coelectrix.com\/pt-pt\/produto\/anti-fumo-itv-diesel-auxol#primaryimage\"},\"image\":{\"@id\":\"https:\/\/coelectrix.com\/pt-pt\/produto\/anti-fumo-itv-diesel-auxol#primaryimage\"},\"thumbnailUrl\":\"https:\/\/coelectrix.com\/wp-content\/uploads\/2023\/10\/Antihumo-ITV-Diesel.png\",\"datePublished\":\"2023-10-20T11:28:03+00:00\",\"dateModified\":\"2025-08-19T04:01:20+00:00\",\"description\":\"O Diesel Anti-Smoke Vehicle Health Check \u00e9 a solu\u00e7\u00e3o perfeita para reduzir as emiss\u00f5es de fumo e cumprir as normas MOT.\",\"breadcrumb\":{\"@id\":\"https:\/\/coelectrix.com\/pt-pt\/produto\/anti-fumo-itv-diesel-auxol#breadcrumb\"},\"inLanguage\":\"pt-PT\",\"potentialAction\":[{\"@type\":\"ReadAction\",\"target\":[\"https:\/\/coelectrix.com\/pt-pt\/produto\/anti-fumo-itv-diesel-auxol\"]}]},{\"@type\":\"ImageObject\",\"inLanguage\":\"pt-PT\",\"@id\":\"https:\/\/coelectrix.com\/pt-pt\/produto\/anti-fumo-itv-diesel-auxol#primaryimage\",\"url\":\"https:\/\/coelectrix.com\/wp-content\/uploads\/2023\/10\/Antihumo-ITV-Diesel.png\",\"contentUrl\":\"https:\/\/coelectrix.com\/wp-content\/uploads\/2023\/10\/Antihumo-ITV-Diesel.png\",\"width\":600,\"height\":600,\"caption\":\"Anti-fumo ITV Diesel\"},{\"@type\":\"BreadcrumbList\",\"@id\":\"https:\/\/coelectrix.com\/pt-pt\/produto\/anti-fumo-itv-diesel-auxol#breadcrumb\",\"itemListElement\":[{\"@type\":\"ListItem\",\"position\":1,\"name\":\"Portada\",\"item\":\"https:\/\/coelectrix.com\/\"},{\"@type\":\"ListItem\",\"position\":2,\"name\":\"Loja\",\"item\":\"https:\/\/coelectrix.com\/pt-pt\/loja\"},{\"@type\":\"ListItem\",\"position\":3,\"name\":\"Auxol Diesel MOT Controlo de fumos\"}]},{\"@type\":\"WebSite\",\"@id\":\"https:\/\/coelectrix.com\/pt-pt\/#website\",\"url\":\"https:\/\/coelectrix.com\/pt-pt\/\",\"name\":\"Coelectrix\",\"description\":\"Componentes el\u00e9ctricos\",\"publisher\":{\"@id\":\"https:\/\/coelectrix.com\/pt-pt\/#organization\"},\"potentialAction\":[{\"@type\":\"SearchAction\",\"target\":{\"@type\":\"EntryPoint\",\"urlTemplate\":\"https:\/\/coelectrix.com\/pt-pt\/?s={search_term_string}\"},\"query-input\":{\"@type\":\"PropertyValueSpecification\",\"valueRequired\":true,\"valueName\":\"search_term_string\"}}],\"inLanguage\":\"pt-PT\"},{\"@type\":\"Organization\",\"@id\":\"https:\/\/coelectrix.com\/pt-pt\/#organization\",\"name\":\"coelectrix.com\",\"url\":\"https:\/\/coelectrix.com\/pt-pt\/\",\"logo\":{\"@type\":\"ImageObject\",\"inLanguage\":\"pt-PT\",\"@id\":\"https:\/\/coelectrix.com\/pt-pt\/#\/schema\/logo\/image\/\",\"url\":\"https:\/\/coelectrix.com\/wp-content\/uploads\/2018\/05\/logo-coelectrix-400x400.jpg\",\"contentUrl\":\"https:\/\/coelectrix.com\/wp-content\/uploads\/2018\/05\/logo-coelectrix-400x400.jpg\",\"width\":300,\"height\":300,\"caption\":\"coelectrix.com\"},\"image\":{\"@id\":\"https:\/\/coelectrix.com\/pt-pt\/#\/schema\/logo\/image\/\"}}]}<\/script>\n<!-- \/ Yoast SEO plugin. -->","yoast_head_json":{"title":"\u25b7 Auxol Diesel MOT Controlo de fumos | Coelectrix.com","description":"O Diesel Anti-Smoke Vehicle Health Check \u00e9 a solu\u00e7\u00e3o perfeita para reduzir as emiss\u00f5es de fumo e cumprir as normas MOT.","robots":{"index":"index","follow":"follow","max-snippet":"max-snippet:-1","max-image-preview":"max-image-preview:large","max-video-preview":"max-video-preview:-1"},"canonical":"https:\/\/coelectrix.com\/pt-pt\/produto\/anti-fumo-itv-diesel-auxol","og_locale":"pt_PT","og_type":"article","og_title":"\u25b7 Auxol Diesel MOT Controlo de fumos | Coelectrix.com","og_description":"O Diesel Anti-Smoke Vehicle Health Check \u00e9 a solu\u00e7\u00e3o perfeita para reduzir as emiss\u00f5es de fumo e cumprir as normas MOT.","og_url":"https:\/\/coelectrix.com\/pt-pt\/produto\/anti-fumo-itv-diesel-auxol","og_site_name":"Coelectrix","article_modified_time":"2025-08-19T04:01:20+00:00","og_image":[{"width":600,"height":600,"url":"https:\/\/coelectrix.com\/wp-content\/uploads\/2023\/10\/Antihumo-ITV-Diesel.png","type":"image\/png"}],"twitter_card":"summary_large_image","twitter_misc":{"Tempo estimado de leitura":"1 minuto"},"schema":{"@context":"https:\/\/schema.org","@graph":[{"@type":"WebPage","@id":"https:\/\/coelectrix.com\/pt-pt\/produto\/anti-fumo-itv-diesel-auxol","url":"https:\/\/coelectrix.com\/pt-pt\/produto\/anti-fumo-itv-diesel-auxol","name":"\u25b7 Auxol Diesel MOT Controlo de fumos | Coelectrix.com","isPartOf":{"@id":"https:\/\/coelectrix.com\/pt-pt\/#website"},"primaryImageOfPage":{"@id":"https:\/\/coelectrix.com\/pt-pt\/produto\/anti-fumo-itv-diesel-auxol#primaryimage"},"image":{"@id":"https:\/\/coelectrix.com\/pt-pt\/produto\/anti-fumo-itv-diesel-auxol#primaryimage"},"thumbnailUrl":"https:\/\/coelectrix.com\/wp-content\/uploads\/2023\/10\/Antihumo-ITV-Diesel.png","datePublished":"2023-10-20T11:28:03+00:00","dateModified":"2025-08-19T04:01:20+00:00","description":"O Diesel Anti-Smoke Vehicle Health Check \u00e9 a solu\u00e7\u00e3o perfeita para reduzir as emiss\u00f5es de fumo e cumprir as normas MOT.","breadcrumb":{"@id":"https:\/\/coelectrix.com\/pt-pt\/produto\/anti-fumo-itv-diesel-auxol#breadcrumb"},"inLanguage":"pt-PT","potentialAction":[{"@type":"ReadAction","target":["https:\/\/coelectrix.com\/pt-pt\/produto\/anti-fumo-itv-diesel-auxol"]}]},{"@type":"ImageObject","inLanguage":"pt-PT","@id":"https:\/\/coelectrix.com\/pt-pt\/produto\/anti-fumo-itv-diesel-auxol#primaryimage","url":"https:\/\/coelectrix.com\/wp-content\/uploads\/2023\/10\/Antihumo-ITV-Diesel.png","contentUrl":"https:\/\/coelectrix.com\/wp-content\/uploads\/2023\/10\/Antihumo-ITV-Diesel.png","width":600,"height":600,"caption":"Anti-fumo ITV Diesel"},{"@type":"BreadcrumbList","@id":"https:\/\/coelectrix.com\/pt-pt\/produto\/anti-fumo-itv-diesel-auxol#breadcrumb","itemListElement":[{"@type":"ListItem","position":1,"name":"Portada","item":"https:\/\/coelectrix.com\/"},{"@type":"ListItem","position":2,"name":"Loja","item":"https:\/\/coelectrix.com\/pt-pt\/loja"},{"@type":"ListItem","position":3,"name":"Auxol Diesel MOT Controlo de fumos"}]},{"@type":"WebSite","@id":"https:\/\/coelectrix.com\/pt-pt\/#website","url":"https:\/\/coelectrix.com\/pt-pt\/","name":"Coelectrix","description":"Componentes el\u00e9ctricos","publisher":{"@id":"https:\/\/coelectrix.com\/pt-pt\/#organization"},"potentialAction":[{"@type":"SearchAction","target":{"@type":"EntryPoint","urlTemplate":"https:\/\/coelectrix.com\/pt-pt\/?s={search_term_string}"},"query-input":{"@type":"PropertyValueSpecification","valueRequired":true,"valueName":"search_term_string"}}],"inLanguage":"pt-PT"},{"@type":"Organization","@id":"https:\/\/coelectrix.com\/pt-pt\/#organization","name":"coelectrix.com","url":"https:\/\/coelectrix.com\/pt-pt\/","logo":{"@type":"ImageObject","inLanguage":"pt-PT","@id":"https:\/\/coelectrix.com\/pt-pt\/#\/schema\/logo\/image\/","url":"https:\/\/coelectrix.com\/wp-content\/uploads\/2018\/05\/logo-coelectrix-400x400.jpg","contentUrl":"https:\/\/coelectrix.com\/wp-content\/uploads\/2018\/05\/logo-coelectrix-400x400.jpg","width":300,"height":300,"caption":"coelectrix.com"},"image":{"@id":"https:\/\/coelectrix.com\/pt-pt\/#\/schema\/logo\/image\/"}}]}},"_links":{"self":[{"href":"https:\/\/coelectrix.com\/pt-pt\/wp-json\/wp\/v2\/product\/75683","targetHints":{"allow":["GET"]}}],"collection":[{"href":"https:\/\/coelectrix.com\/pt-pt\/wp-json\/wp\/v2\/product"}],"about":[{"href":"https:\/\/coelectrix.com\/pt-pt\/wp-json\/wp\/v2\/types\/product"}],"version-history":[{"count":1,"href":"https:\/\/coelectrix.com\/pt-pt\/wp-json\/wp\/v2\/product\/75683\/revisions"}],"predecessor-version":[{"id":76640,"href":"https:\/\/coelectrix.com\/pt-pt\/wp-json\/wp\/v2\/product\/75683\/revisions\/76640"}],"wp:featuredmedia":[{"embeddable":true,"href":"https:\/\/coelectrix.com\/pt-pt\/wp-json\/wp\/v2\/media\/74288"}],"wp:attachment":[{"href":"https:\/\/coelectrix.com\/pt-pt\/wp-json\/wp\/v2\/media?parent=75683"}],"wp:term":[{"taxonomy":"product_brand","embeddable":true,"href":"https:\/\/coelectrix.com\/pt-pt\/wp-json\/wp\/v2\/product_brand?post=75683"},{"taxonomy":"product_cat","embeddable":true,"href":"https:\/\/coelectrix.com\/pt-pt\/wp-json\/wp\/v2\/product_cat?post=75683"},{"taxonomy":"product_tag","embeddable":true,"href":"https:\/\/coelectrix.com\/pt-pt\/wp-json\/wp\/v2\/product_tag?post=75683"}],"curies":[{"name":"wp","href":"https:\/\/api.w.org\/{rel}","templated":true}]}}