{"id":75684,"date":"2023-10-20T13:26:20","date_gmt":"2023-10-20T11:26:20","guid":{"rendered":"https:\/\/coelectrix.com\/producto\/estancar-fugas-juntas-e-vedantes-auxol"},"modified":"2025-08-19T06:01:20","modified_gmt":"2025-08-19T04:01:20","slug":"estancar-fugas-juntas-e-vedantes-auxol","status":"publish","type":"product","link":"https:\/\/coelectrix.com\/pt-pt\/produto\/parar-fugas-juntas-e-retentores-auxol","title":{"rendered":"Estancar fugas Juntas e vedantes Auxol"},"content":{"rendered":"<h2><strong>PROPRIEDADES<\/strong><\/h2>\n<ul>\n<li>Repara e restaura os vedantes defeituosos ou com fugas: p\u00e1ra as fugas de \u00f3leo.<\/li>\n<li>Prolonga a vida dos vedantes e dos an\u00e9is de veda\u00e7\u00e3o.<\/li>\n<li>R\u00e1pido e seguro.<\/li>\n<li>Tratamento preventivo: evita a secagem e a fissura\u00e7\u00e3o dos vedantes e das juntas.<\/li>\n<li>N\u00e3o cont\u00e9m solventes ou cloretos nocivos.<\/li>\n<li>Compat\u00edvel com todos os \u00f3leos.<\/li>\n<\/ul>\n<h2><strong>MODO DE UTILIZA\u00c7\u00c3O<\/strong><\/h2>\n<ol>\n<li>Aquecer o motor at\u00e9 \u00e0 temperatura de funcionamento.<\/li>\n<li>Desligar o motor.<\/li>\n<li>Adicionar ao c\u00e1rter a dose de AUXOL ACONDICIONADOR JUNTAS Y RETENES na propor\u00e7\u00e3o de 100 ml por cada 5L de \u00f3leo.<\/li>\n<\/ol>\n<p><em>Resultados \u00f3ptimos ap\u00f3s 150 km de condu\u00e7\u00e3o ou 1 hora no caso de MOP.<\/em><\/p>\n<p><a href=\"https:\/\/coelectrix.com\/wp-content\/uploads\/2023\/10\/21710.pdf\" target=\"_blank\" rel=\"noopener\">Ficha t\u00e9cnica do produto<\/a><\/p>\n","protected":false},"excerpt":{"rendered":"<p>Stop Leaking Gaskets and Oil Seals \u00e9 a solu\u00e7\u00e3o definitiva para prevenir e reparar fugas de juntas e vedantes. A sua f\u00f3rmula avan\u00e7ada impede eficazmente as fugas de \u00f3leo e de fluido do motor. F\u00e1cil de utilizar e seguro para todos os tipos de ve\u00edculos, este produto assegura um desempenho \u00f3timo do motor e prolonga a vida \u00fatil do sistema.<\/p>\n","protected":false},"featured_media":74286,"template":"","meta":{"_acf_changed":false},"product_brand":[],"product_cat":[1286],"product_tag":[],"class_list":{"0":"post-75684","1":"product","2":"type-product","3":"status-publish","4":"has-post-thumbnail","6":"product_cat-sprays-e-aditivos","8":"first","9":"instock","10":"taxable","11":"shipping-taxable","12":"purchasable","13":"product-type-simple"},"acf":[],"yoast_head":"<!-- This site is optimized with the Yoast SEO plugin v27.2 - https:\/\/yoast.com\/product\/yoast-seo-wordpress\/ -->\n<title>\u25b7 Estancar fugas Juntas e vedantes Auxol | Coelectrix.com<\/title>\n<meta name=\"description\" content=\"Stop Fugas Juntas e Reten\u00e7\u00f5es \u00e9 a solu\u00e7\u00e3o definitiva para prevenir e reparar fugas em juntas e veda\u00e7\u00f5es.\" \/>\n<meta name=\"robots\" content=\"index, follow, max-snippet:-1, max-image-preview:large, max-video-preview:-1\" \/>\n<link rel=\"canonical\" href=\"https:\/\/coelectrix.com\/pt-pt\/produto\/parar-fugas-juntas-e-retentores-auxol\" \/>\n<meta property=\"og:locale\" content=\"pt_PT\" \/>\n<meta property=\"og:type\" content=\"article\" \/>\n<meta property=\"og:title\" content=\"\u25b7 Estancar fugas Juntas e vedantes Auxol | Coelectrix.com\" \/>\n<meta property=\"og:description\" content=\"Stop Fugas Juntas e Reten\u00e7\u00f5es \u00e9 a solu\u00e7\u00e3o definitiva para prevenir e reparar fugas em juntas e veda\u00e7\u00f5es.\" \/>\n<meta property=\"og:url\" content=\"https:\/\/coelectrix.com\/pt-pt\/produto\/parar-fugas-juntas-e-retentores-auxol\" \/>\n<meta property=\"og:site_name\" content=\"Coelectrix\" \/>\n<meta property=\"article:modified_time\" content=\"2025-08-19T04:01:20+00:00\" \/>\n<meta property=\"og:image\" content=\"https:\/\/coelectrix.com\/wp-content\/uploads\/2023\/10\/Stop-Fugas-Juntas-Retenes.png\" \/>\n\t<meta property=\"og:image:width\" content=\"600\" \/>\n\t<meta property=\"og:image:height\" content=\"600\" \/>\n\t<meta property=\"og:image:type\" content=\"image\/png\" \/>\n<meta name=\"twitter:card\" content=\"summary_large_image\" \/>\n<meta name=\"twitter:label1\" content=\"Tempo estimado de leitura\" \/>\n\t<meta name=\"twitter:data1\" content=\"1 minuto\" \/>\n<script type=\"application\/ld+json\" class=\"yoast-schema-graph\">{\"@context\":\"https:\/\/schema.org\",\"@graph\":[{\"@type\":\"WebPage\",\"@id\":\"https:\/\/coelectrix.com\/pt-pt\/produto\/parar-fugas-juntas-e-retentores-auxol\",\"url\":\"https:\/\/coelectrix.com\/pt-pt\/produto\/parar-fugas-juntas-e-retentores-auxol\",\"name\":\"\u25b7 Estancar fugas Juntas e vedantes Auxol | Coelectrix.com\",\"isPartOf\":{\"@id\":\"https:\/\/coelectrix.com\/pt-pt\/#website\"},\"primaryImageOfPage\":{\"@id\":\"https:\/\/coelectrix.com\/pt-pt\/produto\/parar-fugas-juntas-e-retentores-auxol#primaryimage\"},\"image\":{\"@id\":\"https:\/\/coelectrix.com\/pt-pt\/produto\/parar-fugas-juntas-e-retentores-auxol#primaryimage\"},\"thumbnailUrl\":\"https:\/\/coelectrix.com\/wp-content\/uploads\/2023\/10\/Stop-Fugas-Juntas-Retenes.png\",\"datePublished\":\"2023-10-20T11:26:20+00:00\",\"dateModified\":\"2025-08-19T04:01:20+00:00\",\"description\":\"Stop Fugas Juntas e Reten\u00e7\u00f5es \u00e9 a solu\u00e7\u00e3o definitiva para prevenir e reparar fugas em juntas e veda\u00e7\u00f5es.\",\"breadcrumb\":{\"@id\":\"https:\/\/coelectrix.com\/pt-pt\/produto\/parar-fugas-juntas-e-retentores-auxol#breadcrumb\"},\"inLanguage\":\"pt-PT\",\"potentialAction\":[{\"@type\":\"ReadAction\",\"target\":[\"https:\/\/coelectrix.com\/pt-pt\/produto\/parar-fugas-juntas-e-retentores-auxol\"]}]},{\"@type\":\"ImageObject\",\"inLanguage\":\"pt-PT\",\"@id\":\"https:\/\/coelectrix.com\/pt-pt\/produto\/parar-fugas-juntas-e-retentores-auxol#primaryimage\",\"url\":\"https:\/\/coelectrix.com\/wp-content\/uploads\/2023\/10\/Stop-Fugas-Juntas-Retenes.png\",\"contentUrl\":\"https:\/\/coelectrix.com\/wp-content\/uploads\/2023\/10\/Stop-Fugas-Juntas-Retenes.png\",\"width\":600,\"height\":600,\"caption\":\"Parar fugas Juntas e vedantes\"},{\"@type\":\"BreadcrumbList\",\"@id\":\"https:\/\/coelectrix.com\/pt-pt\/produto\/parar-fugas-juntas-e-retentores-auxol#breadcrumb\",\"itemListElement\":[{\"@type\":\"ListItem\",\"position\":1,\"name\":\"Portada\",\"item\":\"https:\/\/coelectrix.com\/\"},{\"@type\":\"ListItem\",\"position\":2,\"name\":\"Loja\",\"item\":\"https:\/\/coelectrix.com\/pt-pt\/loja\"},{\"@type\":\"ListItem\",\"position\":3,\"name\":\"Estancar fugas Juntas e vedantes Auxol\"}]},{\"@type\":\"WebSite\",\"@id\":\"https:\/\/coelectrix.com\/pt-pt\/#website\",\"url\":\"https:\/\/coelectrix.com\/pt-pt\/\",\"name\":\"Coelectrix\",\"description\":\"Componentes el\u00e9ctricos\",\"publisher\":{\"@id\":\"https:\/\/coelectrix.com\/pt-pt\/#organization\"},\"potentialAction\":[{\"@type\":\"SearchAction\",\"target\":{\"@type\":\"EntryPoint\",\"urlTemplate\":\"https:\/\/coelectrix.com\/pt-pt\/?s={search_term_string}\"},\"query-input\":{\"@type\":\"PropertyValueSpecification\",\"valueRequired\":true,\"valueName\":\"search_term_string\"}}],\"inLanguage\":\"pt-PT\"},{\"@type\":\"Organization\",\"@id\":\"https:\/\/coelectrix.com\/pt-pt\/#organization\",\"name\":\"coelectrix.com\",\"url\":\"https:\/\/coelectrix.com\/pt-pt\/\",\"logo\":{\"@type\":\"ImageObject\",\"inLanguage\":\"pt-PT\",\"@id\":\"https:\/\/coelectrix.com\/pt-pt\/#\/schema\/logo\/image\/\",\"url\":\"https:\/\/coelectrix.com\/wp-content\/uploads\/2018\/05\/logo-coelectrix-400x400.jpg\",\"contentUrl\":\"https:\/\/coelectrix.com\/wp-content\/uploads\/2018\/05\/logo-coelectrix-400x400.jpg\",\"width\":300,\"height\":300,\"caption\":\"coelectrix.com\"},\"image\":{\"@id\":\"https:\/\/coelectrix.com\/pt-pt\/#\/schema\/logo\/image\/\"}}]}<\/script>\n<!-- \/ Yoast SEO plugin. -->","yoast_head_json":{"title":"\u25b7 Estancar fugas Juntas e vedantes Auxol | Coelectrix.com","description":"Stop Fugas Juntas e Reten\u00e7\u00f5es \u00e9 a solu\u00e7\u00e3o definitiva para prevenir e reparar fugas em juntas e veda\u00e7\u00f5es.","robots":{"index":"index","follow":"follow","max-snippet":"max-snippet:-1","max-image-preview":"max-image-preview:large","max-video-preview":"max-video-preview:-1"},"canonical":"https:\/\/coelectrix.com\/pt-pt\/produto\/parar-fugas-juntas-e-retentores-auxol","og_locale":"pt_PT","og_type":"article","og_title":"\u25b7 Estancar fugas Juntas e vedantes Auxol | Coelectrix.com","og_description":"Stop Fugas Juntas e Reten\u00e7\u00f5es \u00e9 a solu\u00e7\u00e3o definitiva para prevenir e reparar fugas em juntas e veda\u00e7\u00f5es.","og_url":"https:\/\/coelectrix.com\/pt-pt\/produto\/parar-fugas-juntas-e-retentores-auxol","og_site_name":"Coelectrix","article_modified_time":"2025-08-19T04:01:20+00:00","og_image":[{"width":600,"height":600,"url":"https:\/\/coelectrix.com\/wp-content\/uploads\/2023\/10\/Stop-Fugas-Juntas-Retenes.png","type":"image\/png"}],"twitter_card":"summary_large_image","twitter_misc":{"Tempo estimado de leitura":"1 minuto"},"schema":{"@context":"https:\/\/schema.org","@graph":[{"@type":"WebPage","@id":"https:\/\/coelectrix.com\/pt-pt\/produto\/parar-fugas-juntas-e-retentores-auxol","url":"https:\/\/coelectrix.com\/pt-pt\/produto\/parar-fugas-juntas-e-retentores-auxol","name":"\u25b7 Estancar fugas Juntas e vedantes Auxol | Coelectrix.com","isPartOf":{"@id":"https:\/\/coelectrix.com\/pt-pt\/#website"},"primaryImageOfPage":{"@id":"https:\/\/coelectrix.com\/pt-pt\/produto\/parar-fugas-juntas-e-retentores-auxol#primaryimage"},"image":{"@id":"https:\/\/coelectrix.com\/pt-pt\/produto\/parar-fugas-juntas-e-retentores-auxol#primaryimage"},"thumbnailUrl":"https:\/\/coelectrix.com\/wp-content\/uploads\/2023\/10\/Stop-Fugas-Juntas-Retenes.png","datePublished":"2023-10-20T11:26:20+00:00","dateModified":"2025-08-19T04:01:20+00:00","description":"Stop Fugas Juntas e Reten\u00e7\u00f5es \u00e9 a solu\u00e7\u00e3o definitiva para prevenir e reparar fugas em juntas e veda\u00e7\u00f5es.","breadcrumb":{"@id":"https:\/\/coelectrix.com\/pt-pt\/produto\/parar-fugas-juntas-e-retentores-auxol#breadcrumb"},"inLanguage":"pt-PT","potentialAction":[{"@type":"ReadAction","target":["https:\/\/coelectrix.com\/pt-pt\/produto\/parar-fugas-juntas-e-retentores-auxol"]}]},{"@type":"ImageObject","inLanguage":"pt-PT","@id":"https:\/\/coelectrix.com\/pt-pt\/produto\/parar-fugas-juntas-e-retentores-auxol#primaryimage","url":"https:\/\/coelectrix.com\/wp-content\/uploads\/2023\/10\/Stop-Fugas-Juntas-Retenes.png","contentUrl":"https:\/\/coelectrix.com\/wp-content\/uploads\/2023\/10\/Stop-Fugas-Juntas-Retenes.png","width":600,"height":600,"caption":"Parar fugas Juntas e vedantes"},{"@type":"BreadcrumbList","@id":"https:\/\/coelectrix.com\/pt-pt\/produto\/parar-fugas-juntas-e-retentores-auxol#breadcrumb","itemListElement":[{"@type":"ListItem","position":1,"name":"Portada","item":"https:\/\/coelectrix.com\/"},{"@type":"ListItem","position":2,"name":"Loja","item":"https:\/\/coelectrix.com\/pt-pt\/loja"},{"@type":"ListItem","position":3,"name":"Estancar fugas Juntas e vedantes Auxol"}]},{"@type":"WebSite","@id":"https:\/\/coelectrix.com\/pt-pt\/#website","url":"https:\/\/coelectrix.com\/pt-pt\/","name":"Coelectrix","description":"Componentes el\u00e9ctricos","publisher":{"@id":"https:\/\/coelectrix.com\/pt-pt\/#organization"},"potentialAction":[{"@type":"SearchAction","target":{"@type":"EntryPoint","urlTemplate":"https:\/\/coelectrix.com\/pt-pt\/?s={search_term_string}"},"query-input":{"@type":"PropertyValueSpecification","valueRequired":true,"valueName":"search_term_string"}}],"inLanguage":"pt-PT"},{"@type":"Organization","@id":"https:\/\/coelectrix.com\/pt-pt\/#organization","name":"coelectrix.com","url":"https:\/\/coelectrix.com\/pt-pt\/","logo":{"@type":"ImageObject","inLanguage":"pt-PT","@id":"https:\/\/coelectrix.com\/pt-pt\/#\/schema\/logo\/image\/","url":"https:\/\/coelectrix.com\/wp-content\/uploads\/2018\/05\/logo-coelectrix-400x400.jpg","contentUrl":"https:\/\/coelectrix.com\/wp-content\/uploads\/2018\/05\/logo-coelectrix-400x400.jpg","width":300,"height":300,"caption":"coelectrix.com"},"image":{"@id":"https:\/\/coelectrix.com\/pt-pt\/#\/schema\/logo\/image\/"}}]}},"_links":{"self":[{"href":"https:\/\/coelectrix.com\/pt-pt\/wp-json\/wp\/v2\/product\/75684","targetHints":{"allow":["GET"]}}],"collection":[{"href":"https:\/\/coelectrix.com\/pt-pt\/wp-json\/wp\/v2\/product"}],"about":[{"href":"https:\/\/coelectrix.com\/pt-pt\/wp-json\/wp\/v2\/types\/product"}],"version-history":[{"count":1,"href":"https:\/\/coelectrix.com\/pt-pt\/wp-json\/wp\/v2\/product\/75684\/revisions"}],"predecessor-version":[{"id":76641,"href":"https:\/\/coelectrix.com\/pt-pt\/wp-json\/wp\/v2\/product\/75684\/revisions\/76641"}],"wp:featuredmedia":[{"embeddable":true,"href":"https:\/\/coelectrix.com\/pt-pt\/wp-json\/wp\/v2\/media\/74286"}],"wp:attachment":[{"href":"https:\/\/coelectrix.com\/pt-pt\/wp-json\/wp\/v2\/media?parent=75684"}],"wp:term":[{"taxonomy":"product_brand","embeddable":true,"href":"https:\/\/coelectrix.com\/pt-pt\/wp-json\/wp\/v2\/product_brand?post=75684"},{"taxonomy":"product_cat","embeddable":true,"href":"https:\/\/coelectrix.com\/pt-pt\/wp-json\/wp\/v2\/product_cat?post=75684"},{"taxonomy":"product_tag","embeddable":true,"href":"https:\/\/coelectrix.com\/pt-pt\/wp-json\/wp\/v2\/product_tag?post=75684"}],"curies":[{"name":"wp","href":"https:\/\/api.w.org\/{rel}","templated":true}]}}