{"id":75685,"date":"2023-10-20T13:25:26","date_gmt":"2023-10-20T11:25:26","guid":{"rendered":"https:\/\/coelectrix.com\/producto\/auxol-limpador-turbo-egr"},"modified":"2025-08-19T06:01:20","modified_gmt":"2025-08-19T04:01:20","slug":"auxol-limpador-turbo-egr","status":"publish","type":"product","link":"https:\/\/coelectrix.com\/pt-pt\/produto\/limpeza-turbo-egr-auxol","title":{"rendered":"Auxol Limpador Turbo EGR"},"content":{"rendered":"<h2><strong>PROPRIEDADES<\/strong><\/h2>\n<ul>\n<li>Micro decomp\u00f5e os dep\u00f3sitos de carbono na v\u00e1lvula EGR, no turbo, nas v\u00e1lvulas, no coletor e na c\u00e2mara de combust\u00e3o.<\/li>\n<li>Efeito de limpeza muito eficaz sobre os res\u00edduos de borracha, verniz e carbono.<\/li>\n<li>Restaura o ralenti e a pot\u00eancia do motor.<\/li>\n<li>Resolve problemas de arranque e acelera\u00e7\u00e3o dif\u00edceis.<\/li>\n<li>Recupera o catalisador e evita o entupimento prematuro do filtro de part\u00edculas diesel.<\/li>\n<\/ul>\n<h2><strong>MODO DE UTILIZA\u00c7\u00c3O<\/strong><\/h2>\n<ol>\n<li>Colocar o ve\u00edculo \u00e0 temperatura de funcionamento.<\/li>\n<li>Com o motor em marcha lenta, descobrir a entrada de ar o mais pr\u00f3ximo poss\u00edvel da cabe\u00e7a do cilindro e depois do filtro de ar.<\/li>\n<li>Dirigir o aerossol para a entrada de ar a uma dist\u00e2ncia de 1520 cm.<\/li>\n<li>Acelerar at\u00e9 2.000 ou 3.000 rpm (consoante o tipo de motor) e, ao mesmo tempo, pulverizar o produto durante 5 segundos.<\/li>\n<li>Parar a pulveriza\u00e7\u00e3o e continuar a acelerar suavemente para regular a mistura.<\/li>\n<li>Repetir os passos 4 e 5 at\u00e9 obter uma limpeza eficaz.<\/li>\n<\/ol>\n<p><a href=\"https:\/\/coelectrix.com\/wp-content\/uploads\/2023\/10\/01940.pdf\" target=\"_blank\" rel=\"noopener\">Ficha de dados t\u00e9cnicos do produto<\/a><\/p>\n","protected":false},"excerpt":{"rendered":"<p>O Auxol EGR Turbo Cleaner \u00e9 a solu\u00e7\u00e3o definitiva para restaurar o desempenho do seu motor. Este poderoso produto de limpeza remove os dep\u00f3sitos e a acumula\u00e7\u00e3o de carbono do sistema EGR e do turbocompressor, melhorando a efici\u00eancia do motor e reduzindo as emiss\u00f5es. F\u00e1cil de utilizar e altamente eficaz, garante um funcionamento suave e uma vida \u00fatil mais longa do motor.<\/p>\n","protected":false},"featured_media":74294,"template":"","meta":{"_acf_changed":false},"product_brand":[],"product_cat":[1286],"product_tag":[],"class_list":{"0":"post-75685","1":"product","2":"type-product","3":"status-publish","4":"has-post-thumbnail","6":"product_cat-sprays-e-aditivos","8":"first","9":"instock","10":"taxable","11":"shipping-taxable","12":"purchasable","13":"product-type-simple"},"acf":[],"yoast_head":"<!-- This site is optimized with the Yoast SEO plugin v27.2 - https:\/\/yoast.com\/product\/yoast-seo-wordpress\/ -->\n<title>\u25b7 Auxol Limpador Turbo EGR | Coelectrix.com<\/title>\n<meta name=\"description\" content=\"Auxol Turbo EGR Cleaner \u00e9 a solu\u00e7\u00e3o definitiva para restaurar o desempenho do seu motor.\" \/>\n<meta name=\"robots\" content=\"index, follow, max-snippet:-1, max-image-preview:large, max-video-preview:-1\" \/>\n<link rel=\"canonical\" href=\"https:\/\/coelectrix.com\/pt-pt\/produto\/limpeza-turbo-egr-auxol\" \/>\n<meta property=\"og:locale\" content=\"pt_PT\" \/>\n<meta property=\"og:type\" content=\"article\" \/>\n<meta property=\"og:title\" content=\"\u25b7 Auxol Limpador Turbo EGR | Coelectrix.com\" \/>\n<meta property=\"og:description\" content=\"Auxol Turbo EGR Cleaner \u00e9 a solu\u00e7\u00e3o definitiva para restaurar o desempenho do seu motor.\" \/>\n<meta property=\"og:url\" content=\"https:\/\/coelectrix.com\/pt-pt\/produto\/limpeza-turbo-egr-auxol\" \/>\n<meta property=\"og:site_name\" content=\"Coelectrix\" \/>\n<meta property=\"article:modified_time\" content=\"2025-08-19T04:01:20+00:00\" \/>\n<meta property=\"og:image\" content=\"https:\/\/coelectrix.com\/wp-content\/uploads\/2023\/10\/Limpia-Turbo-EGR-Auxol.png\" \/>\n\t<meta property=\"og:image:width\" content=\"600\" \/>\n\t<meta property=\"og:image:height\" content=\"600\" \/>\n\t<meta property=\"og:image:type\" content=\"image\/png\" \/>\n<meta name=\"twitter:card\" content=\"summary_large_image\" \/>\n<meta name=\"twitter:label1\" content=\"Tempo estimado de leitura\" \/>\n\t<meta name=\"twitter:data1\" content=\"1 minuto\" \/>\n<script type=\"application\/ld+json\" class=\"yoast-schema-graph\">{\"@context\":\"https:\/\/schema.org\",\"@graph\":[{\"@type\":\"WebPage\",\"@id\":\"https:\/\/coelectrix.com\/pt-pt\/produto\/limpeza-turbo-egr-auxol\",\"url\":\"https:\/\/coelectrix.com\/pt-pt\/produto\/limpeza-turbo-egr-auxol\",\"name\":\"\u25b7 Auxol Limpador Turbo EGR | Coelectrix.com\",\"isPartOf\":{\"@id\":\"https:\/\/coelectrix.com\/pt-pt\/#website\"},\"primaryImageOfPage\":{\"@id\":\"https:\/\/coelectrix.com\/pt-pt\/produto\/limpeza-turbo-egr-auxol#primaryimage\"},\"image\":{\"@id\":\"https:\/\/coelectrix.com\/pt-pt\/produto\/limpeza-turbo-egr-auxol#primaryimage\"},\"thumbnailUrl\":\"https:\/\/coelectrix.com\/wp-content\/uploads\/2023\/10\/Limpia-Turbo-EGR-Auxol.png\",\"datePublished\":\"2023-10-20T11:25:26+00:00\",\"dateModified\":\"2025-08-19T04:01:20+00:00\",\"description\":\"Auxol Turbo EGR Cleaner \u00e9 a solu\u00e7\u00e3o definitiva para restaurar o desempenho do seu motor.\",\"breadcrumb\":{\"@id\":\"https:\/\/coelectrix.com\/pt-pt\/produto\/limpeza-turbo-egr-auxol#breadcrumb\"},\"inLanguage\":\"pt-PT\",\"potentialAction\":[{\"@type\":\"ReadAction\",\"target\":[\"https:\/\/coelectrix.com\/pt-pt\/produto\/limpeza-turbo-egr-auxol\"]}]},{\"@type\":\"ImageObject\",\"inLanguage\":\"pt-PT\",\"@id\":\"https:\/\/coelectrix.com\/pt-pt\/produto\/limpeza-turbo-egr-auxol#primaryimage\",\"url\":\"https:\/\/coelectrix.com\/wp-content\/uploads\/2023\/10\/Limpia-Turbo-EGR-Auxol.png\",\"contentUrl\":\"https:\/\/coelectrix.com\/wp-content\/uploads\/2023\/10\/Limpia-Turbo-EGR-Auxol.png\",\"width\":600,\"height\":600,\"caption\":\"Limpador Turbo EGR\"},{\"@type\":\"BreadcrumbList\",\"@id\":\"https:\/\/coelectrix.com\/pt-pt\/produto\/limpeza-turbo-egr-auxol#breadcrumb\",\"itemListElement\":[{\"@type\":\"ListItem\",\"position\":1,\"name\":\"Portada\",\"item\":\"https:\/\/coelectrix.com\/\"},{\"@type\":\"ListItem\",\"position\":2,\"name\":\"Loja\",\"item\":\"https:\/\/coelectrix.com\/pt-pt\/loja\"},{\"@type\":\"ListItem\",\"position\":3,\"name\":\"Auxol Limpador Turbo EGR\"}]},{\"@type\":\"WebSite\",\"@id\":\"https:\/\/coelectrix.com\/pt-pt\/#website\",\"url\":\"https:\/\/coelectrix.com\/pt-pt\/\",\"name\":\"Coelectrix\",\"description\":\"Componentes el\u00e9ctricos\",\"publisher\":{\"@id\":\"https:\/\/coelectrix.com\/pt-pt\/#organization\"},\"potentialAction\":[{\"@type\":\"SearchAction\",\"target\":{\"@type\":\"EntryPoint\",\"urlTemplate\":\"https:\/\/coelectrix.com\/pt-pt\/?s={search_term_string}\"},\"query-input\":{\"@type\":\"PropertyValueSpecification\",\"valueRequired\":true,\"valueName\":\"search_term_string\"}}],\"inLanguage\":\"pt-PT\"},{\"@type\":\"Organization\",\"@id\":\"https:\/\/coelectrix.com\/pt-pt\/#organization\",\"name\":\"coelectrix.com\",\"url\":\"https:\/\/coelectrix.com\/pt-pt\/\",\"logo\":{\"@type\":\"ImageObject\",\"inLanguage\":\"pt-PT\",\"@id\":\"https:\/\/coelectrix.com\/pt-pt\/#\/schema\/logo\/image\/\",\"url\":\"https:\/\/coelectrix.com\/wp-content\/uploads\/2018\/05\/logo-coelectrix-400x400.jpg\",\"contentUrl\":\"https:\/\/coelectrix.com\/wp-content\/uploads\/2018\/05\/logo-coelectrix-400x400.jpg\",\"width\":300,\"height\":300,\"caption\":\"coelectrix.com\"},\"image\":{\"@id\":\"https:\/\/coelectrix.com\/pt-pt\/#\/schema\/logo\/image\/\"}}]}<\/script>\n<!-- \/ Yoast SEO plugin. -->","yoast_head_json":{"title":"\u25b7 Auxol Limpador Turbo EGR | Coelectrix.com","description":"Auxol Turbo EGR Cleaner \u00e9 a solu\u00e7\u00e3o definitiva para restaurar o desempenho do seu motor.","robots":{"index":"index","follow":"follow","max-snippet":"max-snippet:-1","max-image-preview":"max-image-preview:large","max-video-preview":"max-video-preview:-1"},"canonical":"https:\/\/coelectrix.com\/pt-pt\/produto\/limpeza-turbo-egr-auxol","og_locale":"pt_PT","og_type":"article","og_title":"\u25b7 Auxol Limpador Turbo EGR | Coelectrix.com","og_description":"Auxol Turbo EGR Cleaner \u00e9 a solu\u00e7\u00e3o definitiva para restaurar o desempenho do seu motor.","og_url":"https:\/\/coelectrix.com\/pt-pt\/produto\/limpeza-turbo-egr-auxol","og_site_name":"Coelectrix","article_modified_time":"2025-08-19T04:01:20+00:00","og_image":[{"width":600,"height":600,"url":"https:\/\/coelectrix.com\/wp-content\/uploads\/2023\/10\/Limpia-Turbo-EGR-Auxol.png","type":"image\/png"}],"twitter_card":"summary_large_image","twitter_misc":{"Tempo estimado de leitura":"1 minuto"},"schema":{"@context":"https:\/\/schema.org","@graph":[{"@type":"WebPage","@id":"https:\/\/coelectrix.com\/pt-pt\/produto\/limpeza-turbo-egr-auxol","url":"https:\/\/coelectrix.com\/pt-pt\/produto\/limpeza-turbo-egr-auxol","name":"\u25b7 Auxol Limpador Turbo EGR | Coelectrix.com","isPartOf":{"@id":"https:\/\/coelectrix.com\/pt-pt\/#website"},"primaryImageOfPage":{"@id":"https:\/\/coelectrix.com\/pt-pt\/produto\/limpeza-turbo-egr-auxol#primaryimage"},"image":{"@id":"https:\/\/coelectrix.com\/pt-pt\/produto\/limpeza-turbo-egr-auxol#primaryimage"},"thumbnailUrl":"https:\/\/coelectrix.com\/wp-content\/uploads\/2023\/10\/Limpia-Turbo-EGR-Auxol.png","datePublished":"2023-10-20T11:25:26+00:00","dateModified":"2025-08-19T04:01:20+00:00","description":"Auxol Turbo EGR Cleaner \u00e9 a solu\u00e7\u00e3o definitiva para restaurar o desempenho do seu motor.","breadcrumb":{"@id":"https:\/\/coelectrix.com\/pt-pt\/produto\/limpeza-turbo-egr-auxol#breadcrumb"},"inLanguage":"pt-PT","potentialAction":[{"@type":"ReadAction","target":["https:\/\/coelectrix.com\/pt-pt\/produto\/limpeza-turbo-egr-auxol"]}]},{"@type":"ImageObject","inLanguage":"pt-PT","@id":"https:\/\/coelectrix.com\/pt-pt\/produto\/limpeza-turbo-egr-auxol#primaryimage","url":"https:\/\/coelectrix.com\/wp-content\/uploads\/2023\/10\/Limpia-Turbo-EGR-Auxol.png","contentUrl":"https:\/\/coelectrix.com\/wp-content\/uploads\/2023\/10\/Limpia-Turbo-EGR-Auxol.png","width":600,"height":600,"caption":"Limpador Turbo EGR"},{"@type":"BreadcrumbList","@id":"https:\/\/coelectrix.com\/pt-pt\/produto\/limpeza-turbo-egr-auxol#breadcrumb","itemListElement":[{"@type":"ListItem","position":1,"name":"Portada","item":"https:\/\/coelectrix.com\/"},{"@type":"ListItem","position":2,"name":"Loja","item":"https:\/\/coelectrix.com\/pt-pt\/loja"},{"@type":"ListItem","position":3,"name":"Auxol Limpador Turbo EGR"}]},{"@type":"WebSite","@id":"https:\/\/coelectrix.com\/pt-pt\/#website","url":"https:\/\/coelectrix.com\/pt-pt\/","name":"Coelectrix","description":"Componentes el\u00e9ctricos","publisher":{"@id":"https:\/\/coelectrix.com\/pt-pt\/#organization"},"potentialAction":[{"@type":"SearchAction","target":{"@type":"EntryPoint","urlTemplate":"https:\/\/coelectrix.com\/pt-pt\/?s={search_term_string}"},"query-input":{"@type":"PropertyValueSpecification","valueRequired":true,"valueName":"search_term_string"}}],"inLanguage":"pt-PT"},{"@type":"Organization","@id":"https:\/\/coelectrix.com\/pt-pt\/#organization","name":"coelectrix.com","url":"https:\/\/coelectrix.com\/pt-pt\/","logo":{"@type":"ImageObject","inLanguage":"pt-PT","@id":"https:\/\/coelectrix.com\/pt-pt\/#\/schema\/logo\/image\/","url":"https:\/\/coelectrix.com\/wp-content\/uploads\/2018\/05\/logo-coelectrix-400x400.jpg","contentUrl":"https:\/\/coelectrix.com\/wp-content\/uploads\/2018\/05\/logo-coelectrix-400x400.jpg","width":300,"height":300,"caption":"coelectrix.com"},"image":{"@id":"https:\/\/coelectrix.com\/pt-pt\/#\/schema\/logo\/image\/"}}]}},"_links":{"self":[{"href":"https:\/\/coelectrix.com\/pt-pt\/wp-json\/wp\/v2\/product\/75685","targetHints":{"allow":["GET"]}}],"collection":[{"href":"https:\/\/coelectrix.com\/pt-pt\/wp-json\/wp\/v2\/product"}],"about":[{"href":"https:\/\/coelectrix.com\/pt-pt\/wp-json\/wp\/v2\/types\/product"}],"version-history":[{"count":1,"href":"https:\/\/coelectrix.com\/pt-pt\/wp-json\/wp\/v2\/product\/75685\/revisions"}],"predecessor-version":[{"id":76642,"href":"https:\/\/coelectrix.com\/pt-pt\/wp-json\/wp\/v2\/product\/75685\/revisions\/76642"}],"wp:featuredmedia":[{"embeddable":true,"href":"https:\/\/coelectrix.com\/pt-pt\/wp-json\/wp\/v2\/media\/74294"}],"wp:attachment":[{"href":"https:\/\/coelectrix.com\/pt-pt\/wp-json\/wp\/v2\/media?parent=75685"}],"wp:term":[{"taxonomy":"product_brand","embeddable":true,"href":"https:\/\/coelectrix.com\/pt-pt\/wp-json\/wp\/v2\/product_brand?post=75685"},{"taxonomy":"product_cat","embeddable":true,"href":"https:\/\/coelectrix.com\/pt-pt\/wp-json\/wp\/v2\/product_cat?post=75685"},{"taxonomy":"product_tag","embeddable":true,"href":"https:\/\/coelectrix.com\/pt-pt\/wp-json\/wp\/v2\/product_tag?post=75685"}],"curies":[{"name":"wp","href":"https:\/\/api.w.org\/{rel}","templated":true}]}}