{"id":75687,"date":"2023-10-20T13:22:47","date_gmt":"2023-10-20T11:22:47","guid":{"rendered":"https:\/\/coelectrix.com\/producto\/limpador-de-travoes-profissional-holts"},"modified":"2025-08-19T06:01:21","modified_gmt":"2025-08-19T04:01:21","slug":"limpador-de-travoes-profissional-holts","status":"publish","type":"product","link":"https:\/\/coelectrix.com\/pt-pt\/produto\/holts-de-limpeza-de-travoes-profissionais","title":{"rendered":"Limpador de trav\u00f5es profissional Holts"},"content":{"rendered":"<h2><strong>Limpador de trav\u00f5es profissional Holts<\/strong><\/h2>\n<ul>\n<li>Limpeza potente: O produto de limpeza de trav\u00f5es da Holts \u00e9 altamente eficaz na remo\u00e7\u00e3o de p\u00f3 dos trav\u00f5es, res\u00edduos de pastilhas, gordura, sujidade e dep\u00f3sitos oleosos. A sua f\u00f3rmula potente garante uma limpeza profunda numa vasta gama de componentes met\u00e1licos.<\/li>\n<li>Efici\u00eancia: Ao contr\u00e1rio de outros produtos no mercado, este produto de limpeza de trav\u00f5es da Holts limpa de forma mais r\u00e1pida e eficiente. Requer menos produto para fazer o trabalho, o que o torna uma escolha rent\u00e1vel para os utilizadores.<\/li>\n<li>Desengordurante de a\u00e7\u00e3o r\u00e1pida: A f\u00f3rmula do produto de limpeza de trav\u00f5es da Holts \u00e9 de a\u00e7\u00e3o r\u00e1pida. Consegue decompor e remover eficazmente a gordura e outros res\u00edduos, facilitando a tarefa de limpeza e poupando tempo.<\/li>\n<li>Secagem r\u00e1pida: Depois de utilizar o produto, este seca rapidamente sem deixar res\u00edduos pegajosos. Isto \u00e9 importante para garantir que as pe\u00e7as limpas est\u00e3o prontas a utilizar no mais curto espa\u00e7o de tempo poss\u00edvel.<\/li>\n<li>F\u00f3rmula de solvente potente: Cont\u00e9m uma poderosa f\u00f3rmula de solvente que dissolve res\u00edduos dif\u00edceis sem danificar as superf\u00edcies met\u00e1licas. Isto assegura uma limpeza completa sem comprometer a integridade das pe\u00e7as.<\/li>\n<li>A\u00e7\u00e3o de pulveriza\u00e7\u00e3o de 360\u00b0: O design do pulverizador permite uma a\u00e7\u00e3o de pulveriza\u00e7\u00e3o completa de 360 graus. Isto significa que o produto de limpeza pode chegar facilmente a \u00e1reas dif\u00edceis de alcan\u00e7ar nos trav\u00f5es e noutras pe\u00e7as do ve\u00edculo, garantindo uma limpeza completa e minuciosa.<\/li>\n<\/ul>\n","protected":false},"excerpt":{"rendered":"<p>O produto de limpeza de trav\u00f5es da Holts \u00e9 um produto profissional muito popular, amplamente utilizado em oficinas de autom\u00f3veis. Este produto \u00e9 um produto de limpeza altamente eficaz que remove rapidamente o \u00f3leo, a gordura e a sujidade dos discos dos trav\u00f5es, embraiagens e engrenagens.<br \/>\nA sua utiliza\u00e7\u00e3o \u00e9 segura, uma vez que n\u00e3o cont\u00e9m solventes nocivos e pode ser facilmente aplicado a partir de qualquer posi\u00e7\u00e3o.<\/p>\n<p>Tamanho: 600ml.<\/p>\n","protected":false},"featured_media":74284,"template":"","meta":{"_acf_changed":false},"product_brand":[],"product_cat":[1286],"product_tag":[],"class_list":{"0":"post-75687","1":"product","2":"type-product","3":"status-publish","4":"has-post-thumbnail","6":"product_cat-sprays-e-aditivos","8":"first","9":"instock","10":"taxable","11":"shipping-taxable","12":"purchasable","13":"product-type-simple"},"acf":[],"yoast_head":"<!-- This site is optimized with the Yoast SEO plugin v27.2 - https:\/\/yoast.com\/product\/yoast-seo-wordpress\/ -->\n<title>\u25b7 Limpador de trav\u00f5es profissional Holts | Coelectrix.com<\/title>\n<meta name=\"description\" content=\"O produto de limpeza de trav\u00f5es da Holts \u00e9 um produto profissional muito popular, amplamente utilizado em oficinas de autom\u00f3veis.\" \/>\n<meta name=\"robots\" content=\"index, follow, max-snippet:-1, max-image-preview:large, max-video-preview:-1\" \/>\n<link rel=\"canonical\" href=\"https:\/\/coelectrix.com\/pt-pt\/produto\/holts-de-limpeza-de-travoes-profissionais\" \/>\n<meta property=\"og:locale\" content=\"pt_PT\" \/>\n<meta property=\"og:type\" content=\"article\" \/>\n<meta property=\"og:title\" content=\"\u25b7 Limpador de trav\u00f5es profissional Holts | Coelectrix.com\" \/>\n<meta property=\"og:description\" content=\"O produto de limpeza de trav\u00f5es da Holts \u00e9 um produto profissional muito popular, amplamente utilizado em oficinas de autom\u00f3veis.\" \/>\n<meta property=\"og:url\" content=\"https:\/\/coelectrix.com\/pt-pt\/produto\/holts-de-limpeza-de-travoes-profissionais\" \/>\n<meta property=\"og:site_name\" content=\"Coelectrix\" \/>\n<meta property=\"article:modified_time\" content=\"2025-08-19T04:01:21+00:00\" \/>\n<meta property=\"og:image\" content=\"https:\/\/coelectrix.com\/wp-content\/uploads\/2023\/10\/holts.png\" \/>\n\t<meta property=\"og:image:width\" content=\"600\" \/>\n\t<meta property=\"og:image:height\" content=\"600\" \/>\n\t<meta property=\"og:image:type\" content=\"image\/png\" \/>\n<meta name=\"twitter:card\" content=\"summary_large_image\" \/>\n<meta name=\"twitter:label1\" content=\"Tempo estimado de leitura\" \/>\n\t<meta name=\"twitter:data1\" content=\"1 minuto\" \/>\n<script type=\"application\/ld+json\" class=\"yoast-schema-graph\">{\"@context\":\"https:\/\/schema.org\",\"@graph\":[{\"@type\":\"WebPage\",\"@id\":\"https:\/\/coelectrix.com\/pt-pt\/produto\/holts-de-limpeza-de-travoes-profissionais\",\"url\":\"https:\/\/coelectrix.com\/pt-pt\/produto\/holts-de-limpeza-de-travoes-profissionais\",\"name\":\"\u25b7 Limpador de trav\u00f5es profissional Holts | Coelectrix.com\",\"isPartOf\":{\"@id\":\"https:\/\/coelectrix.com\/pt-pt\/#website\"},\"primaryImageOfPage\":{\"@id\":\"https:\/\/coelectrix.com\/pt-pt\/produto\/holts-de-limpeza-de-travoes-profissionais#primaryimage\"},\"image\":{\"@id\":\"https:\/\/coelectrix.com\/pt-pt\/produto\/holts-de-limpeza-de-travoes-profissionais#primaryimage\"},\"thumbnailUrl\":\"https:\/\/coelectrix.com\/wp-content\/uploads\/2023\/10\/holts.png\",\"datePublished\":\"2023-10-20T11:22:47+00:00\",\"dateModified\":\"2025-08-19T04:01:21+00:00\",\"description\":\"O produto de limpeza de trav\u00f5es da Holts \u00e9 um produto profissional muito popular, amplamente utilizado em oficinas de autom\u00f3veis.\",\"breadcrumb\":{\"@id\":\"https:\/\/coelectrix.com\/pt-pt\/produto\/holts-de-limpeza-de-travoes-profissionais#breadcrumb\"},\"inLanguage\":\"pt-PT\",\"potentialAction\":[{\"@type\":\"ReadAction\",\"target\":[\"https:\/\/coelectrix.com\/pt-pt\/produto\/holts-de-limpeza-de-travoes-profissionais\"]}]},{\"@type\":\"ImageObject\",\"inLanguage\":\"pt-PT\",\"@id\":\"https:\/\/coelectrix.com\/pt-pt\/produto\/holts-de-limpeza-de-travoes-profissionais#primaryimage\",\"url\":\"https:\/\/coelectrix.com\/wp-content\/uploads\/2023\/10\/holts.png\",\"contentUrl\":\"https:\/\/coelectrix.com\/wp-content\/uploads\/2023\/10\/holts.png\",\"width\":600,\"height\":600,\"caption\":\"limpador de trav\u00f5es holts\"},{\"@type\":\"BreadcrumbList\",\"@id\":\"https:\/\/coelectrix.com\/pt-pt\/produto\/holts-de-limpeza-de-travoes-profissionais#breadcrumb\",\"itemListElement\":[{\"@type\":\"ListItem\",\"position\":1,\"name\":\"Portada\",\"item\":\"https:\/\/coelectrix.com\/\"},{\"@type\":\"ListItem\",\"position\":2,\"name\":\"Loja\",\"item\":\"https:\/\/coelectrix.com\/pt-pt\/loja\"},{\"@type\":\"ListItem\",\"position\":3,\"name\":\"Limpador de trav\u00f5es profissional Holts\"}]},{\"@type\":\"WebSite\",\"@id\":\"https:\/\/coelectrix.com\/pt-pt\/#website\",\"url\":\"https:\/\/coelectrix.com\/pt-pt\/\",\"name\":\"Coelectrix\",\"description\":\"Componentes el\u00e9ctricos\",\"publisher\":{\"@id\":\"https:\/\/coelectrix.com\/pt-pt\/#organization\"},\"potentialAction\":[{\"@type\":\"SearchAction\",\"target\":{\"@type\":\"EntryPoint\",\"urlTemplate\":\"https:\/\/coelectrix.com\/pt-pt\/?s={search_term_string}\"},\"query-input\":{\"@type\":\"PropertyValueSpecification\",\"valueRequired\":true,\"valueName\":\"search_term_string\"}}],\"inLanguage\":\"pt-PT\"},{\"@type\":\"Organization\",\"@id\":\"https:\/\/coelectrix.com\/pt-pt\/#organization\",\"name\":\"coelectrix.com\",\"url\":\"https:\/\/coelectrix.com\/pt-pt\/\",\"logo\":{\"@type\":\"ImageObject\",\"inLanguage\":\"pt-PT\",\"@id\":\"https:\/\/coelectrix.com\/pt-pt\/#\/schema\/logo\/image\/\",\"url\":\"https:\/\/coelectrix.com\/wp-content\/uploads\/2018\/05\/logo-coelectrix-400x400.jpg\",\"contentUrl\":\"https:\/\/coelectrix.com\/wp-content\/uploads\/2018\/05\/logo-coelectrix-400x400.jpg\",\"width\":300,\"height\":300,\"caption\":\"coelectrix.com\"},\"image\":{\"@id\":\"https:\/\/coelectrix.com\/pt-pt\/#\/schema\/logo\/image\/\"}}]}<\/script>\n<!-- \/ Yoast SEO plugin. -->","yoast_head_json":{"title":"\u25b7 Limpador de trav\u00f5es profissional Holts | Coelectrix.com","description":"O produto de limpeza de trav\u00f5es da Holts \u00e9 um produto profissional muito popular, amplamente utilizado em oficinas de autom\u00f3veis.","robots":{"index":"index","follow":"follow","max-snippet":"max-snippet:-1","max-image-preview":"max-image-preview:large","max-video-preview":"max-video-preview:-1"},"canonical":"https:\/\/coelectrix.com\/pt-pt\/produto\/holts-de-limpeza-de-travoes-profissionais","og_locale":"pt_PT","og_type":"article","og_title":"\u25b7 Limpador de trav\u00f5es profissional Holts | Coelectrix.com","og_description":"O produto de limpeza de trav\u00f5es da Holts \u00e9 um produto profissional muito popular, amplamente utilizado em oficinas de autom\u00f3veis.","og_url":"https:\/\/coelectrix.com\/pt-pt\/produto\/holts-de-limpeza-de-travoes-profissionais","og_site_name":"Coelectrix","article_modified_time":"2025-08-19T04:01:21+00:00","og_image":[{"width":600,"height":600,"url":"https:\/\/coelectrix.com\/wp-content\/uploads\/2023\/10\/holts.png","type":"image\/png"}],"twitter_card":"summary_large_image","twitter_misc":{"Tempo estimado de leitura":"1 minuto"},"schema":{"@context":"https:\/\/schema.org","@graph":[{"@type":"WebPage","@id":"https:\/\/coelectrix.com\/pt-pt\/produto\/holts-de-limpeza-de-travoes-profissionais","url":"https:\/\/coelectrix.com\/pt-pt\/produto\/holts-de-limpeza-de-travoes-profissionais","name":"\u25b7 Limpador de trav\u00f5es profissional Holts | Coelectrix.com","isPartOf":{"@id":"https:\/\/coelectrix.com\/pt-pt\/#website"},"primaryImageOfPage":{"@id":"https:\/\/coelectrix.com\/pt-pt\/produto\/holts-de-limpeza-de-travoes-profissionais#primaryimage"},"image":{"@id":"https:\/\/coelectrix.com\/pt-pt\/produto\/holts-de-limpeza-de-travoes-profissionais#primaryimage"},"thumbnailUrl":"https:\/\/coelectrix.com\/wp-content\/uploads\/2023\/10\/holts.png","datePublished":"2023-10-20T11:22:47+00:00","dateModified":"2025-08-19T04:01:21+00:00","description":"O produto de limpeza de trav\u00f5es da Holts \u00e9 um produto profissional muito popular, amplamente utilizado em oficinas de autom\u00f3veis.","breadcrumb":{"@id":"https:\/\/coelectrix.com\/pt-pt\/produto\/holts-de-limpeza-de-travoes-profissionais#breadcrumb"},"inLanguage":"pt-PT","potentialAction":[{"@type":"ReadAction","target":["https:\/\/coelectrix.com\/pt-pt\/produto\/holts-de-limpeza-de-travoes-profissionais"]}]},{"@type":"ImageObject","inLanguage":"pt-PT","@id":"https:\/\/coelectrix.com\/pt-pt\/produto\/holts-de-limpeza-de-travoes-profissionais#primaryimage","url":"https:\/\/coelectrix.com\/wp-content\/uploads\/2023\/10\/holts.png","contentUrl":"https:\/\/coelectrix.com\/wp-content\/uploads\/2023\/10\/holts.png","width":600,"height":600,"caption":"limpador de trav\u00f5es holts"},{"@type":"BreadcrumbList","@id":"https:\/\/coelectrix.com\/pt-pt\/produto\/holts-de-limpeza-de-travoes-profissionais#breadcrumb","itemListElement":[{"@type":"ListItem","position":1,"name":"Portada","item":"https:\/\/coelectrix.com\/"},{"@type":"ListItem","position":2,"name":"Loja","item":"https:\/\/coelectrix.com\/pt-pt\/loja"},{"@type":"ListItem","position":3,"name":"Limpador de trav\u00f5es profissional Holts"}]},{"@type":"WebSite","@id":"https:\/\/coelectrix.com\/pt-pt\/#website","url":"https:\/\/coelectrix.com\/pt-pt\/","name":"Coelectrix","description":"Componentes el\u00e9ctricos","publisher":{"@id":"https:\/\/coelectrix.com\/pt-pt\/#organization"},"potentialAction":[{"@type":"SearchAction","target":{"@type":"EntryPoint","urlTemplate":"https:\/\/coelectrix.com\/pt-pt\/?s={search_term_string}"},"query-input":{"@type":"PropertyValueSpecification","valueRequired":true,"valueName":"search_term_string"}}],"inLanguage":"pt-PT"},{"@type":"Organization","@id":"https:\/\/coelectrix.com\/pt-pt\/#organization","name":"coelectrix.com","url":"https:\/\/coelectrix.com\/pt-pt\/","logo":{"@type":"ImageObject","inLanguage":"pt-PT","@id":"https:\/\/coelectrix.com\/pt-pt\/#\/schema\/logo\/image\/","url":"https:\/\/coelectrix.com\/wp-content\/uploads\/2018\/05\/logo-coelectrix-400x400.jpg","contentUrl":"https:\/\/coelectrix.com\/wp-content\/uploads\/2018\/05\/logo-coelectrix-400x400.jpg","width":300,"height":300,"caption":"coelectrix.com"},"image":{"@id":"https:\/\/coelectrix.com\/pt-pt\/#\/schema\/logo\/image\/"}}]}},"_links":{"self":[{"href":"https:\/\/coelectrix.com\/pt-pt\/wp-json\/wp\/v2\/product\/75687","targetHints":{"allow":["GET"]}}],"collection":[{"href":"https:\/\/coelectrix.com\/pt-pt\/wp-json\/wp\/v2\/product"}],"about":[{"href":"https:\/\/coelectrix.com\/pt-pt\/wp-json\/wp\/v2\/types\/product"}],"version-history":[{"count":1,"href":"https:\/\/coelectrix.com\/pt-pt\/wp-json\/wp\/v2\/product\/75687\/revisions"}],"predecessor-version":[{"id":76644,"href":"https:\/\/coelectrix.com\/pt-pt\/wp-json\/wp\/v2\/product\/75687\/revisions\/76644"}],"wp:featuredmedia":[{"embeddable":true,"href":"https:\/\/coelectrix.com\/pt-pt\/wp-json\/wp\/v2\/media\/74284"}],"wp:attachment":[{"href":"https:\/\/coelectrix.com\/pt-pt\/wp-json\/wp\/v2\/media?parent=75687"}],"wp:term":[{"taxonomy":"product_brand","embeddable":true,"href":"https:\/\/coelectrix.com\/pt-pt\/wp-json\/wp\/v2\/product_brand?post=75687"},{"taxonomy":"product_cat","embeddable":true,"href":"https:\/\/coelectrix.com\/pt-pt\/wp-json\/wp\/v2\/product_cat?post=75687"},{"taxonomy":"product_tag","embeddable":true,"href":"https:\/\/coelectrix.com\/pt-pt\/wp-json\/wp\/v2\/product_tag?post=75687"}],"curies":[{"name":"wp","href":"https:\/\/api.w.org\/{rel}","templated":true}]}}