{"id":75716,"date":"2017-02-04T12:56:33","date_gmt":"2017-02-04T11:56:33","guid":{"rendered":"https:\/\/coelectrix.com\/producto\/mangas-entrancadas-expansiveis-para-cabos-em-rolos"},"modified":"2025-08-19T06:05:52","modified_gmt":"2025-08-19T04:05:52","slug":"mangas-entrancadas-expansiveis-para-cabos-em-rolos","status":"publish","type":"product","link":"https:\/\/coelectrix.com\/pt-pt\/produto\/manga-com-tranca-expansivel","title":{"rendered":"Mangas entran\u00e7adas expans\u00edveis para cabos em rolos"},"content":{"rendered":"<h2>Comprar manga expans\u00edvel entran\u00e7ada para cabos<\/h2>\n<p>Bainha entran\u00e7ada para prote\u00e7\u00e3o de cabos em poliamida, perfeita pela sua elevada resist\u00eancia \u00e0 abras\u00e3o e \u00e0s altas temperaturas.<\/p>\n<p>Esta manga entran\u00e7ada de prote\u00e7\u00e3o de cabos \u00e9 tamb\u00e9m altamente decorativa.<\/p>\n<h2>Onde utilizar a manga extens\u00edvel para cabos<\/h2>\n<p>As utiliza\u00e7\u00f5es mais comuns das mangas para cabos entran\u00e7ados s\u00e3o, por exemplo, em instala\u00e7\u00f5es el\u00e9ctricas de autom\u00f3veis, uma vez que s\u00e3o altamente decorativas e muito resistentes \u00e0 fric\u00e7\u00e3o.<\/p>\n<p>As mangas expans\u00edveis est\u00e3o dispon\u00edveis em v\u00e1rios tamanhos 6mm | 8mm | 12mm | 16mm | 20mm | 25mm | 30mm | 40mm | 50mm | 65mm | 75mm.<\/p>\n<p>Tamb\u00e9m oferecemos uma venda ao metro, em que cortamos apenas os metros de que necessita. <a href=\"https:\/\/coelectrix.com\/pt-pt\/produto\/cobertura-expansivel-entrancada\">MANGA EXPANS\u00cdVEL A METRO<\/a><\/p>\n<p>Tamb\u00e9m dispon\u00edvel cortada ao metro <a href=\"http:\/\/www.coelectrix.com\/producto\/malla-expandible-para-cables-en-rollos\">aqui<\/a><\/p>\n<p>A manga expans\u00edvel para cabos autom\u00f3veis \u00e9 um material muito \u00fatil para <strong>proteger e organizar os cabos el\u00e9ctricos<\/strong> nos ve\u00edculos. Esta manga expande-se para se adaptar a diferentes di\u00e2metros de cabos e fecha-se com uma bra\u00e7adeira para manter os cabos firmemente no s\u00edtio.<\/p>\n<p>Uma das principais aplica\u00e7\u00f5es da manga expans\u00edvel para cabos autom\u00f3veis \u00e9 a <strong>prote\u00e7\u00e3o dos cabos el\u00e9ctricos durante a instala\u00e7\u00e3o e repara\u00e7\u00e3o<\/strong> de sistemas el\u00e9ctricos em ve\u00edculos. A manga protege os cabos de danos mec\u00e2nicos, como cortes ou esmagamentos, e tamb\u00e9m os protege <strong>da humidade e do p\u00f3<\/strong>. Al\u00e9m disso, permite uma f\u00e1cil identifica\u00e7\u00e3o e localiza\u00e7\u00e3o dos cabos, o que facilita o trabalho dos profissionais.<\/p>\n<p>Outra aplica\u00e7\u00e3o da manga expans\u00edvel para cabos autom\u00f3veis \u00e9 a organiza\u00e7\u00e3o dos cabos nos ve\u00edculos. Esta manga <strong>permite que os cabos sejam agrupados e fixados de<\/strong> forma ordenada e evita que fiquem emaranhados ou danificados durante a condu\u00e7\u00e3o.<\/p>\n<p>Em suma, a manga expans\u00edvel para cabos autom\u00f3veis \u00e9 uma ferramenta muito \u00fatil para proteger e organizar os cabos el\u00e9ctricos nos ve\u00edculos. \u00c9 ideal para utiliza\u00e7\u00e3o durante a instala\u00e7\u00e3o e repara\u00e7\u00e3o de sistemas el\u00e9ctricos e para proteger os cabos durante a condu\u00e7\u00e3o.<\/p>\n","protected":false},"excerpt":{"rendered":"<p>Manga de poliamida entran\u00e7ada expans\u00edvel em rolos. Elevada resist\u00eancia \u00e0 fric\u00e7\u00e3o e \u00e0s altas temperaturas. Abre at\u00e9 ao dobro da sua forma normal.<\/p>\n<p><strong>Dispon\u00edvel em diferentes tamanhos no menu pendente:<\/strong><\/p>\n<ul style=\"list-style-type: disc;\">\n<li>6mm | 8mm | 10mm | 12mm | 12mm | 16mm | 20mm | 25mm | 30mm | 30mm | 40mm | 50mm | 65mm | 75mm<\/li>\n<\/ul>\n<p><strong>Tamb\u00e9m dispon\u00edvel ao metro!<\/strong><\/p>\n<p><img decoding=\"async\" class=\"alignnone size-full wp-image-715\" src=\"http:\/\/www.coelectrix.com\/wp-content\/uploads\/2016\/09\/payment-logo-1.png\" alt=\"\" width=\"245\" height=\"62\" srcset=\"https:\/\/coelectrix.com\/wp-content\/uploads\/2016\/09\/payment-logo-1.png 245w, https:\/\/coelectrix.com\/wp-content\/uploads\/2016\/09\/payment-logo-1-64x16.png 64w\" sizes=\"(max-width: 245px) 100vw, 245px\" \/><\/p>\n","protected":false},"featured_media":72580,"template":"","meta":{"_acf_changed":false},"product_brand":[],"product_cat":[1287,1384],"product_tag":[],"class_list":{"0":"post-75716","1":"product","2":"type-product","3":"status-publish","4":"has-post-thumbnail","6":"product_cat-manga-expansivel-entrancada","7":"product_cat-protecao-dos-cabos","9":"first","10":"instock","11":"taxable","12":"shipping-taxable","13":"purchasable","14":"product-type-variable"},"acf":[],"yoast_head":"<!-- This site is optimized with the Yoast SEO plugin v27.2 - https:\/\/yoast.com\/product\/yoast-seo-wordpress\/ -->\n<title>\u25b7 Mangas entran\u00e7adas expans\u00edveis para cabos em rolos | Coelectrix% Coelectrix%.<\/title>\n<meta name=\"description\" content=\"Cabo expans\u00edvel entran\u00e7ado em preto \u27a4 Dispon\u00edvel em rolos ou metros em diferentes tamanhos \u261d Melhor pre\u00e7o online\" \/>\n<meta name=\"robots\" content=\"index, follow, max-snippet:-1, max-image-preview:large, max-video-preview:-1\" \/>\n<link rel=\"canonical\" href=\"https:\/\/coelectrix.com\/pt-pt\/produto\/manga-com-tranca-expansivel\" \/>\n<meta property=\"og:locale\" content=\"pt_PT\" \/>\n<meta property=\"og:type\" content=\"article\" \/>\n<meta property=\"og:title\" content=\"\u25b7 Mangas entran\u00e7adas expans\u00edveis para cabos em rolos | Coelectrix% Coelectrix%.\" \/>\n<meta property=\"og:description\" content=\"Cabo expans\u00edvel entran\u00e7ado em preto \u27a4 Dispon\u00edvel em rolos ou metros em diferentes tamanhos \u261d Melhor pre\u00e7o online\" \/>\n<meta property=\"og:url\" content=\"https:\/\/coelectrix.com\/pt-pt\/produto\/manga-com-tranca-expansivel\" \/>\n<meta property=\"og:site_name\" content=\"Coelectrix\" \/>\n<meta property=\"article:modified_time\" content=\"2025-08-19T04:05:52+00:00\" \/>\n<meta property=\"og:image\" content=\"https:\/\/coelectrix.com\/wp-content\/uploads\/2017\/02\/malla-expandible-para-cable.jpg\" \/>\n\t<meta property=\"og:image:width\" content=\"300\" \/>\n\t<meta property=\"og:image:height\" content=\"300\" \/>\n\t<meta property=\"og:image:type\" content=\"image\/jpeg\" \/>\n<meta name=\"twitter:card\" content=\"summary_large_image\" \/>\n<meta name=\"twitter:label1\" content=\"Tempo estimado de leitura\" \/>\n\t<meta name=\"twitter:data1\" content=\"2 minutos\" \/>\n<script type=\"application\/ld+json\" class=\"yoast-schema-graph\">{\"@context\":\"https:\/\/schema.org\",\"@graph\":[{\"@type\":\"WebPage\",\"@id\":\"https:\/\/coelectrix.com\/pt-pt\/produto\/manga-com-tranca-expansivel\",\"url\":\"https:\/\/coelectrix.com\/pt-pt\/produto\/manga-com-tranca-expansivel\",\"name\":\"\u25b7 Mangas entran\u00e7adas expans\u00edveis para cabos em rolos | Coelectrix% Coelectrix%.\",\"isPartOf\":{\"@id\":\"https:\/\/coelectrix.com\/pt-pt\/#website\"},\"primaryImageOfPage\":{\"@id\":\"https:\/\/coelectrix.com\/pt-pt\/produto\/manga-com-tranca-expansivel#primaryimage\"},\"image\":{\"@id\":\"https:\/\/coelectrix.com\/pt-pt\/produto\/manga-com-tranca-expansivel#primaryimage\"},\"thumbnailUrl\":\"https:\/\/coelectrix.com\/wp-content\/uploads\/2017\/02\/malla-expandible-para-cable.jpg\",\"datePublished\":\"2017-02-04T11:56:33+00:00\",\"dateModified\":\"2025-08-19T04:05:52+00:00\",\"description\":\"Cabo expans\u00edvel entran\u00e7ado em preto \u27a4 Dispon\u00edvel em rolos ou metros em diferentes tamanhos \u261d Melhor pre\u00e7o online\",\"breadcrumb\":{\"@id\":\"https:\/\/coelectrix.com\/pt-pt\/produto\/manga-com-tranca-expansivel#breadcrumb\"},\"inLanguage\":\"pt-PT\",\"potentialAction\":[{\"@type\":\"ReadAction\",\"target\":[\"https:\/\/coelectrix.com\/pt-pt\/produto\/manga-com-tranca-expansivel\"]}]},{\"@type\":\"ImageObject\",\"inLanguage\":\"pt-PT\",\"@id\":\"https:\/\/coelectrix.com\/pt-pt\/produto\/manga-com-tranca-expansivel#primaryimage\",\"url\":\"https:\/\/coelectrix.com\/wp-content\/uploads\/2017\/02\/malla-expandible-para-cable.jpg\",\"contentUrl\":\"https:\/\/coelectrix.com\/wp-content\/uploads\/2017\/02\/malla-expandible-para-cable.jpg\",\"width\":300,\"height\":300,\"caption\":\"mangas entran\u00e7adas para proteger os cabos el\u00e9ctricos\"},{\"@type\":\"BreadcrumbList\",\"@id\":\"https:\/\/coelectrix.com\/pt-pt\/produto\/manga-com-tranca-expansivel#breadcrumb\",\"itemListElement\":[{\"@type\":\"ListItem\",\"position\":1,\"name\":\"Portada\",\"item\":\"https:\/\/coelectrix.com\/\"},{\"@type\":\"ListItem\",\"position\":2,\"name\":\"Loja\",\"item\":\"https:\/\/coelectrix.com\/pt-pt\/loja\"},{\"@type\":\"ListItem\",\"position\":3,\"name\":\"Mangas entran\u00e7adas expans\u00edveis para cabos em rolos\"}]},{\"@type\":\"WebSite\",\"@id\":\"https:\/\/coelectrix.com\/pt-pt\/#website\",\"url\":\"https:\/\/coelectrix.com\/pt-pt\/\",\"name\":\"Coelectrix\",\"description\":\"Componentes el\u00e9ctricos\",\"publisher\":{\"@id\":\"https:\/\/coelectrix.com\/pt-pt\/#organization\"},\"potentialAction\":[{\"@type\":\"SearchAction\",\"target\":{\"@type\":\"EntryPoint\",\"urlTemplate\":\"https:\/\/coelectrix.com\/pt-pt\/?s={search_term_string}\"},\"query-input\":{\"@type\":\"PropertyValueSpecification\",\"valueRequired\":true,\"valueName\":\"search_term_string\"}}],\"inLanguage\":\"pt-PT\"},{\"@type\":\"Organization\",\"@id\":\"https:\/\/coelectrix.com\/pt-pt\/#organization\",\"name\":\"coelectrix.com\",\"url\":\"https:\/\/coelectrix.com\/pt-pt\/\",\"logo\":{\"@type\":\"ImageObject\",\"inLanguage\":\"pt-PT\",\"@id\":\"https:\/\/coelectrix.com\/pt-pt\/#\/schema\/logo\/image\/\",\"url\":\"https:\/\/coelectrix.com\/wp-content\/uploads\/2018\/05\/logo-coelectrix-400x400.jpg\",\"contentUrl\":\"https:\/\/coelectrix.com\/wp-content\/uploads\/2018\/05\/logo-coelectrix-400x400.jpg\",\"width\":300,\"height\":300,\"caption\":\"coelectrix.com\"},\"image\":{\"@id\":\"https:\/\/coelectrix.com\/pt-pt\/#\/schema\/logo\/image\/\"}}]}<\/script>\n<!-- \/ Yoast SEO plugin. -->","yoast_head_json":{"title":"\u25b7 Mangas entran\u00e7adas expans\u00edveis para cabos em rolos | Coelectrix% Coelectrix%.","description":"Cabo expans\u00edvel entran\u00e7ado em preto \u27a4 Dispon\u00edvel em rolos ou metros em diferentes tamanhos \u261d Melhor pre\u00e7o online","robots":{"index":"index","follow":"follow","max-snippet":"max-snippet:-1","max-image-preview":"max-image-preview:large","max-video-preview":"max-video-preview:-1"},"canonical":"https:\/\/coelectrix.com\/pt-pt\/produto\/manga-com-tranca-expansivel","og_locale":"pt_PT","og_type":"article","og_title":"\u25b7 Mangas entran\u00e7adas expans\u00edveis para cabos em rolos | Coelectrix% Coelectrix%.","og_description":"Cabo expans\u00edvel entran\u00e7ado em preto \u27a4 Dispon\u00edvel em rolos ou metros em diferentes tamanhos \u261d Melhor pre\u00e7o online","og_url":"https:\/\/coelectrix.com\/pt-pt\/produto\/manga-com-tranca-expansivel","og_site_name":"Coelectrix","article_modified_time":"2025-08-19T04:05:52+00:00","og_image":[{"width":300,"height":300,"url":"https:\/\/coelectrix.com\/wp-content\/uploads\/2017\/02\/malla-expandible-para-cable.jpg","type":"image\/jpeg"}],"twitter_card":"summary_large_image","twitter_misc":{"Tempo estimado de leitura":"2 minutos"},"schema":{"@context":"https:\/\/schema.org","@graph":[{"@type":"WebPage","@id":"https:\/\/coelectrix.com\/pt-pt\/produto\/manga-com-tranca-expansivel","url":"https:\/\/coelectrix.com\/pt-pt\/produto\/manga-com-tranca-expansivel","name":"\u25b7 Mangas entran\u00e7adas expans\u00edveis para cabos em rolos | Coelectrix% Coelectrix%.","isPartOf":{"@id":"https:\/\/coelectrix.com\/pt-pt\/#website"},"primaryImageOfPage":{"@id":"https:\/\/coelectrix.com\/pt-pt\/produto\/manga-com-tranca-expansivel#primaryimage"},"image":{"@id":"https:\/\/coelectrix.com\/pt-pt\/produto\/manga-com-tranca-expansivel#primaryimage"},"thumbnailUrl":"https:\/\/coelectrix.com\/wp-content\/uploads\/2017\/02\/malla-expandible-para-cable.jpg","datePublished":"2017-02-04T11:56:33+00:00","dateModified":"2025-08-19T04:05:52+00:00","description":"Cabo expans\u00edvel entran\u00e7ado em preto \u27a4 Dispon\u00edvel em rolos ou metros em diferentes tamanhos \u261d Melhor pre\u00e7o online","breadcrumb":{"@id":"https:\/\/coelectrix.com\/pt-pt\/produto\/manga-com-tranca-expansivel#breadcrumb"},"inLanguage":"pt-PT","potentialAction":[{"@type":"ReadAction","target":["https:\/\/coelectrix.com\/pt-pt\/produto\/manga-com-tranca-expansivel"]}]},{"@type":"ImageObject","inLanguage":"pt-PT","@id":"https:\/\/coelectrix.com\/pt-pt\/produto\/manga-com-tranca-expansivel#primaryimage","url":"https:\/\/coelectrix.com\/wp-content\/uploads\/2017\/02\/malla-expandible-para-cable.jpg","contentUrl":"https:\/\/coelectrix.com\/wp-content\/uploads\/2017\/02\/malla-expandible-para-cable.jpg","width":300,"height":300,"caption":"mangas entran\u00e7adas para proteger os cabos el\u00e9ctricos"},{"@type":"BreadcrumbList","@id":"https:\/\/coelectrix.com\/pt-pt\/produto\/manga-com-tranca-expansivel#breadcrumb","itemListElement":[{"@type":"ListItem","position":1,"name":"Portada","item":"https:\/\/coelectrix.com\/"},{"@type":"ListItem","position":2,"name":"Loja","item":"https:\/\/coelectrix.com\/pt-pt\/loja"},{"@type":"ListItem","position":3,"name":"Mangas entran\u00e7adas expans\u00edveis para cabos em rolos"}]},{"@type":"WebSite","@id":"https:\/\/coelectrix.com\/pt-pt\/#website","url":"https:\/\/coelectrix.com\/pt-pt\/","name":"Coelectrix","description":"Componentes el\u00e9ctricos","publisher":{"@id":"https:\/\/coelectrix.com\/pt-pt\/#organization"},"potentialAction":[{"@type":"SearchAction","target":{"@type":"EntryPoint","urlTemplate":"https:\/\/coelectrix.com\/pt-pt\/?s={search_term_string}"},"query-input":{"@type":"PropertyValueSpecification","valueRequired":true,"valueName":"search_term_string"}}],"inLanguage":"pt-PT"},{"@type":"Organization","@id":"https:\/\/coelectrix.com\/pt-pt\/#organization","name":"coelectrix.com","url":"https:\/\/coelectrix.com\/pt-pt\/","logo":{"@type":"ImageObject","inLanguage":"pt-PT","@id":"https:\/\/coelectrix.com\/pt-pt\/#\/schema\/logo\/image\/","url":"https:\/\/coelectrix.com\/wp-content\/uploads\/2018\/05\/logo-coelectrix-400x400.jpg","contentUrl":"https:\/\/coelectrix.com\/wp-content\/uploads\/2018\/05\/logo-coelectrix-400x400.jpg","width":300,"height":300,"caption":"coelectrix.com"},"image":{"@id":"https:\/\/coelectrix.com\/pt-pt\/#\/schema\/logo\/image\/"}}]}},"_links":{"self":[{"href":"https:\/\/coelectrix.com\/pt-pt\/wp-json\/wp\/v2\/product\/75716","targetHints":{"allow":["GET"]}}],"collection":[{"href":"https:\/\/coelectrix.com\/pt-pt\/wp-json\/wp\/v2\/product"}],"about":[{"href":"https:\/\/coelectrix.com\/pt-pt\/wp-json\/wp\/v2\/types\/product"}],"version-history":[{"count":1,"href":"https:\/\/coelectrix.com\/pt-pt\/wp-json\/wp\/v2\/product\/75716\/revisions"}],"predecessor-version":[{"id":76891,"href":"https:\/\/coelectrix.com\/pt-pt\/wp-json\/wp\/v2\/product\/75716\/revisions\/76891"}],"wp:featuredmedia":[{"embeddable":true,"href":"https:\/\/coelectrix.com\/pt-pt\/wp-json\/wp\/v2\/media\/72580"}],"wp:attachment":[{"href":"https:\/\/coelectrix.com\/pt-pt\/wp-json\/wp\/v2\/media?parent=75716"}],"wp:term":[{"taxonomy":"product_brand","embeddable":true,"href":"https:\/\/coelectrix.com\/pt-pt\/wp-json\/wp\/v2\/product_brand?post=75716"},{"taxonomy":"product_cat","embeddable":true,"href":"https:\/\/coelectrix.com\/pt-pt\/wp-json\/wp\/v2\/product_cat?post=75716"},{"taxonomy":"product_tag","embeddable":true,"href":"https:\/\/coelectrix.com\/pt-pt\/wp-json\/wp\/v2\/product_tag?post=75716"}],"curies":[{"name":"wp","href":"https:\/\/api.w.org\/{rel}","templated":true}]}}