{"id":75729,"date":"2021-09-04T08:41:35","date_gmt":"2021-09-04T06:41:35","guid":{"rendered":"https:\/\/coelectrix.com\/producto\/tubo-de-pvc-flexivel-para-cabos-bobina-completa"},"modified":"2025-08-19T06:03:35","modified_gmt":"2025-08-19T04:03:35","slug":"tubo-de-pvc-flexivel-para-cabos-bobina-completa","status":"publish","type":"product","link":"https:\/\/coelectrix.com\/pt-pt\/produto\/facarron-pvc-flexible-cable-case-wrap-around-box-complete","title":{"rendered":"Tubo de PVC flex\u00edvel para cabos : Bobina completa"},"content":{"rendered":"<h2><strong>Manga de prote\u00e7\u00e3o de cabos em PVC flex\u00edvel para prote\u00e7\u00e3o de cabos<\/strong><\/h2>\n<p>Tubo de PVC flex\u00edvel preto para a prote\u00e7\u00e3o e o isolamento de cabos el\u00e9ctricos.<\/p>\n<p>Este produto destina-se principalmente \u00e0 cablagem de motores el\u00e9ctricos, autom\u00f3veis,<br \/>\naparelhos dom\u00e9sticos, m\u00e1quinas, ferramentas el\u00e9ctricas, etc.<br \/>\nA sua fun\u00e7\u00e3o \u00e9 o isolamento el\u00e9trico, a prote\u00e7\u00e3o mec\u00e2nica e tamb\u00e9m a identifica\u00e7\u00e3o ou prote\u00e7\u00e3o t\u00e9rmica.<br \/>\nprote\u00e7\u00e3o t\u00e9rmica.<\/p>\n<p>Dispon\u00edvel em v\u00e1rios di\u00e2metros para que possa escolher o que mais lhe conv\u00e9m em fun\u00e7\u00e3o do trabalho a efetuar.<br \/>\nAs bobinas est\u00e3o dispon\u00edveis nos seguintes comprimentos:<\/p>\n<p>4 mm. (200mts.)<br \/>\n5 mm. (200mts.)<br \/>\n6 mm. (100mts.)<br \/>\n7 mm (100 mts.)<br \/>\n8 mm (100mts.)<br \/>\n10 mm (100mts.)<br \/>\n12 mm (50mts.)<br \/>\n14 mm (50mts.)<br \/>\n16 mm (50mts.)<br \/>\n26 mm (50mts.)<\/p>\n<p>Para mais informa\u00e7\u00f5es, pode consultar <a href=\"https:\/\/coelectrix.com\/wp-content\/uploads\/2021\/09\/Ficha-Tecnica-Electro-tub-85o-SH-A-macarron.pdf\">a ficha de dados do fabricante.<\/a><\/p>\n","protected":false},"excerpt":{"rendered":"<h3><span style=\"font-family: helvetica, arial, sans-serif; font-size: 12pt;\">Manga de PVC flex\u00edvel para a prote\u00e7\u00e3o e o isolamento de cabos el\u00e9ctricos em instala\u00e7\u00f5es.<\/span><\/h3>\n<p>Cor: preto<\/p>\n<p>Os pre\u00e7os s\u00e3o por bobina completa.<\/p>\n<p>Pode comprar metros individuais neste outro artigo: <a href=\"https:\/\/coelectrix.com\/pt-pt\/produto\/macarron-pvc-flexible-cable-holder\">Tubo de macarr\u00e3o em metros<\/a><\/p>\n<p>Escolha o di\u00e2metro (interior) de que necessita no menu pendente.<\/p>\n<p><img decoding=\"async\" class=\"alignnone size-full wp-image-715\" src=\"http:\/\/www.coelectrix.com\/wp-content\/uploads\/2016\/09\/payment-logo-1.png\" alt=\"\" width=\"245\" height=\"62\" srcset=\"https:\/\/coelectrix.com\/wp-content\/uploads\/2016\/09\/payment-logo-1.png 245w, https:\/\/coelectrix.com\/wp-content\/uploads\/2016\/09\/payment-logo-1-64x16.png 64w\" sizes=\"(max-width: 245px) 100vw, 245px\" \/><\/p>\n","protected":false},"featured_media":73591,"template":"","meta":{"_acf_changed":false},"product_brand":[],"product_cat":[1288,1384],"product_tag":[],"class_list":{"0":"post-75729","1":"product","2":"type-product","3":"status-publish","4":"has-post-thumbnail","6":"product_cat-caso-macarron","7":"product_cat-protecao-dos-cabos","9":"first","10":"instock","11":"taxable","12":"shipping-taxable","13":"purchasable","14":"product-type-variable"},"acf":[],"yoast_head":"<!-- This site is optimized with the Yoast SEO plugin v27.2 - https:\/\/yoast.com\/product\/yoast-seo-wordpress\/ -->\n<title>\u25b7 Tubo de PVC flex\u00edvel para cabos : Bobina completa | Coelectrix.com<\/title>\n<meta name=\"description\" content=\"Mangas de PVC flex\u00edveis para prote\u00e7\u00e3o e isolamento de cabos|Cortadas \u00e0 medida e em rolos|Loja online de cabos e componentes\" \/>\n<meta name=\"robots\" content=\"index, follow, max-snippet:-1, max-image-preview:large, max-video-preview:-1\" \/>\n<link rel=\"canonical\" href=\"https:\/\/coelectrix.com\/pt-pt\/produto\/facarron-pvc-flexible-cable-case-wrap-around-box-complete\" \/>\n<meta property=\"og:locale\" content=\"pt_PT\" \/>\n<meta property=\"og:type\" content=\"article\" \/>\n<meta property=\"og:title\" content=\"\u25b7 Tubo de PVC flex\u00edvel para cabos : Bobina completa | Coelectrix.com\" \/>\n<meta property=\"og:description\" content=\"Mangas de PVC flex\u00edveis para prote\u00e7\u00e3o e isolamento de cabos|Cortadas \u00e0 medida e em rolos|Loja online de cabos e componentes\" \/>\n<meta property=\"og:url\" content=\"https:\/\/coelectrix.com\/pt-pt\/produto\/facarron-pvc-flexible-cable-case-wrap-around-box-complete\" \/>\n<meta property=\"og:site_name\" content=\"Coelectrix\" \/>\n<meta property=\"article:modified_time\" content=\"2025-08-19T04:03:35+00:00\" \/>\n<meta property=\"og:image\" content=\"https:\/\/coelectrix.com\/wp-content\/uploads\/2017\/05\/tubo-pvc-macarron.jpg\" \/>\n\t<meta property=\"og:image:width\" content=\"800\" \/>\n\t<meta property=\"og:image:height\" content=\"600\" \/>\n\t<meta property=\"og:image:type\" content=\"image\/jpeg\" \/>\n<meta name=\"twitter:card\" content=\"summary_large_image\" \/>\n<meta name=\"twitter:label1\" content=\"Tempo estimado de leitura\" \/>\n\t<meta name=\"twitter:data1\" content=\"1 minuto\" \/>\n<script type=\"application\/ld+json\" class=\"yoast-schema-graph\">{\"@context\":\"https:\/\/schema.org\",\"@graph\":[{\"@type\":\"WebPage\",\"@id\":\"https:\/\/coelectrix.com\/pt-pt\/produto\/facarron-pvc-flexible-cable-case-wrap-around-box-complete\",\"url\":\"https:\/\/coelectrix.com\/pt-pt\/produto\/facarron-pvc-flexible-cable-case-wrap-around-box-complete\",\"name\":\"\u25b7 Tubo de PVC flex\u00edvel para cabos : Bobina completa | Coelectrix.com\",\"isPartOf\":{\"@id\":\"https:\/\/coelectrix.com\/pt-pt\/#website\"},\"primaryImageOfPage\":{\"@id\":\"https:\/\/coelectrix.com\/pt-pt\/produto\/facarron-pvc-flexible-cable-case-wrap-around-box-complete#primaryimage\"},\"image\":{\"@id\":\"https:\/\/coelectrix.com\/pt-pt\/produto\/facarron-pvc-flexible-cable-case-wrap-around-box-complete#primaryimage\"},\"thumbnailUrl\":\"https:\/\/coelectrix.com\/wp-content\/uploads\/2017\/05\/tubo-pvc-macarron.jpg\",\"datePublished\":\"2021-09-04T06:41:35+00:00\",\"dateModified\":\"2025-08-19T04:03:35+00:00\",\"description\":\"Mangas de PVC flex\u00edveis para prote\u00e7\u00e3o e isolamento de cabos|Cortadas \u00e0 medida e em rolos|Loja online de cabos e componentes\",\"breadcrumb\":{\"@id\":\"https:\/\/coelectrix.com\/pt-pt\/produto\/facarron-pvc-flexible-cable-case-wrap-around-box-complete#breadcrumb\"},\"inLanguage\":\"pt-PT\",\"potentialAction\":[{\"@type\":\"ReadAction\",\"target\":[\"https:\/\/coelectrix.com\/pt-pt\/produto\/facarron-pvc-flexible-cable-case-wrap-around-box-complete\"]}]},{\"@type\":\"ImageObject\",\"inLanguage\":\"pt-PT\",\"@id\":\"https:\/\/coelectrix.com\/pt-pt\/produto\/facarron-pvc-flexible-cable-case-wrap-around-box-complete#primaryimage\",\"url\":\"https:\/\/coelectrix.com\/wp-content\/uploads\/2017\/05\/tubo-pvc-macarron.jpg\",\"contentUrl\":\"https:\/\/coelectrix.com\/wp-content\/uploads\/2017\/05\/tubo-pvc-macarron.jpg\",\"width\":800,\"height\":600,\"caption\":\"bobina completa de tubo de pvc para macarr\u00e3o\"},{\"@type\":\"BreadcrumbList\",\"@id\":\"https:\/\/coelectrix.com\/pt-pt\/produto\/facarron-pvc-flexible-cable-case-wrap-around-box-complete#breadcrumb\",\"itemListElement\":[{\"@type\":\"ListItem\",\"position\":1,\"name\":\"Portada\",\"item\":\"https:\/\/coelectrix.com\/\"},{\"@type\":\"ListItem\",\"position\":2,\"name\":\"Loja\",\"item\":\"https:\/\/coelectrix.com\/pt-pt\/loja\"},{\"@type\":\"ListItem\",\"position\":3,\"name\":\"Tubo de PVC flex\u00edvel para cabos : Bobina completa\"}]},{\"@type\":\"WebSite\",\"@id\":\"https:\/\/coelectrix.com\/pt-pt\/#website\",\"url\":\"https:\/\/coelectrix.com\/pt-pt\/\",\"name\":\"Coelectrix\",\"description\":\"Componentes el\u00e9ctricos\",\"publisher\":{\"@id\":\"https:\/\/coelectrix.com\/pt-pt\/#organization\"},\"potentialAction\":[{\"@type\":\"SearchAction\",\"target\":{\"@type\":\"EntryPoint\",\"urlTemplate\":\"https:\/\/coelectrix.com\/pt-pt\/?s={search_term_string}\"},\"query-input\":{\"@type\":\"PropertyValueSpecification\",\"valueRequired\":true,\"valueName\":\"search_term_string\"}}],\"inLanguage\":\"pt-PT\"},{\"@type\":\"Organization\",\"@id\":\"https:\/\/coelectrix.com\/pt-pt\/#organization\",\"name\":\"coelectrix.com\",\"url\":\"https:\/\/coelectrix.com\/pt-pt\/\",\"logo\":{\"@type\":\"ImageObject\",\"inLanguage\":\"pt-PT\",\"@id\":\"https:\/\/coelectrix.com\/pt-pt\/#\/schema\/logo\/image\/\",\"url\":\"https:\/\/coelectrix.com\/wp-content\/uploads\/2018\/05\/logo-coelectrix-400x400.jpg\",\"contentUrl\":\"https:\/\/coelectrix.com\/wp-content\/uploads\/2018\/05\/logo-coelectrix-400x400.jpg\",\"width\":300,\"height\":300,\"caption\":\"coelectrix.com\"},\"image\":{\"@id\":\"https:\/\/coelectrix.com\/pt-pt\/#\/schema\/logo\/image\/\"}}]}<\/script>\n<!-- \/ Yoast SEO plugin. -->","yoast_head_json":{"title":"\u25b7 Tubo de PVC flex\u00edvel para cabos : Bobina completa | Coelectrix.com","description":"Mangas de PVC flex\u00edveis para prote\u00e7\u00e3o e isolamento de cabos|Cortadas \u00e0 medida e em rolos|Loja online de cabos e componentes","robots":{"index":"index","follow":"follow","max-snippet":"max-snippet:-1","max-image-preview":"max-image-preview:large","max-video-preview":"max-video-preview:-1"},"canonical":"https:\/\/coelectrix.com\/pt-pt\/produto\/facarron-pvc-flexible-cable-case-wrap-around-box-complete","og_locale":"pt_PT","og_type":"article","og_title":"\u25b7 Tubo de PVC flex\u00edvel para cabos : Bobina completa | Coelectrix.com","og_description":"Mangas de PVC flex\u00edveis para prote\u00e7\u00e3o e isolamento de cabos|Cortadas \u00e0 medida e em rolos|Loja online de cabos e componentes","og_url":"https:\/\/coelectrix.com\/pt-pt\/produto\/facarron-pvc-flexible-cable-case-wrap-around-box-complete","og_site_name":"Coelectrix","article_modified_time":"2025-08-19T04:03:35+00:00","og_image":[{"width":800,"height":600,"url":"https:\/\/coelectrix.com\/wp-content\/uploads\/2017\/05\/tubo-pvc-macarron.jpg","type":"image\/jpeg"}],"twitter_card":"summary_large_image","twitter_misc":{"Tempo estimado de leitura":"1 minuto"},"schema":{"@context":"https:\/\/schema.org","@graph":[{"@type":"WebPage","@id":"https:\/\/coelectrix.com\/pt-pt\/produto\/facarron-pvc-flexible-cable-case-wrap-around-box-complete","url":"https:\/\/coelectrix.com\/pt-pt\/produto\/facarron-pvc-flexible-cable-case-wrap-around-box-complete","name":"\u25b7 Tubo de PVC flex\u00edvel para cabos : Bobina completa | Coelectrix.com","isPartOf":{"@id":"https:\/\/coelectrix.com\/pt-pt\/#website"},"primaryImageOfPage":{"@id":"https:\/\/coelectrix.com\/pt-pt\/produto\/facarron-pvc-flexible-cable-case-wrap-around-box-complete#primaryimage"},"image":{"@id":"https:\/\/coelectrix.com\/pt-pt\/produto\/facarron-pvc-flexible-cable-case-wrap-around-box-complete#primaryimage"},"thumbnailUrl":"https:\/\/coelectrix.com\/wp-content\/uploads\/2017\/05\/tubo-pvc-macarron.jpg","datePublished":"2021-09-04T06:41:35+00:00","dateModified":"2025-08-19T04:03:35+00:00","description":"Mangas de PVC flex\u00edveis para prote\u00e7\u00e3o e isolamento de cabos|Cortadas \u00e0 medida e em rolos|Loja online de cabos e componentes","breadcrumb":{"@id":"https:\/\/coelectrix.com\/pt-pt\/produto\/facarron-pvc-flexible-cable-case-wrap-around-box-complete#breadcrumb"},"inLanguage":"pt-PT","potentialAction":[{"@type":"ReadAction","target":["https:\/\/coelectrix.com\/pt-pt\/produto\/facarron-pvc-flexible-cable-case-wrap-around-box-complete"]}]},{"@type":"ImageObject","inLanguage":"pt-PT","@id":"https:\/\/coelectrix.com\/pt-pt\/produto\/facarron-pvc-flexible-cable-case-wrap-around-box-complete#primaryimage","url":"https:\/\/coelectrix.com\/wp-content\/uploads\/2017\/05\/tubo-pvc-macarron.jpg","contentUrl":"https:\/\/coelectrix.com\/wp-content\/uploads\/2017\/05\/tubo-pvc-macarron.jpg","width":800,"height":600,"caption":"bobina completa de tubo de pvc para macarr\u00e3o"},{"@type":"BreadcrumbList","@id":"https:\/\/coelectrix.com\/pt-pt\/produto\/facarron-pvc-flexible-cable-case-wrap-around-box-complete#breadcrumb","itemListElement":[{"@type":"ListItem","position":1,"name":"Portada","item":"https:\/\/coelectrix.com\/"},{"@type":"ListItem","position":2,"name":"Loja","item":"https:\/\/coelectrix.com\/pt-pt\/loja"},{"@type":"ListItem","position":3,"name":"Tubo de PVC flex\u00edvel para cabos : Bobina completa"}]},{"@type":"WebSite","@id":"https:\/\/coelectrix.com\/pt-pt\/#website","url":"https:\/\/coelectrix.com\/pt-pt\/","name":"Coelectrix","description":"Componentes el\u00e9ctricos","publisher":{"@id":"https:\/\/coelectrix.com\/pt-pt\/#organization"},"potentialAction":[{"@type":"SearchAction","target":{"@type":"EntryPoint","urlTemplate":"https:\/\/coelectrix.com\/pt-pt\/?s={search_term_string}"},"query-input":{"@type":"PropertyValueSpecification","valueRequired":true,"valueName":"search_term_string"}}],"inLanguage":"pt-PT"},{"@type":"Organization","@id":"https:\/\/coelectrix.com\/pt-pt\/#organization","name":"coelectrix.com","url":"https:\/\/coelectrix.com\/pt-pt\/","logo":{"@type":"ImageObject","inLanguage":"pt-PT","@id":"https:\/\/coelectrix.com\/pt-pt\/#\/schema\/logo\/image\/","url":"https:\/\/coelectrix.com\/wp-content\/uploads\/2018\/05\/logo-coelectrix-400x400.jpg","contentUrl":"https:\/\/coelectrix.com\/wp-content\/uploads\/2018\/05\/logo-coelectrix-400x400.jpg","width":300,"height":300,"caption":"coelectrix.com"},"image":{"@id":"https:\/\/coelectrix.com\/pt-pt\/#\/schema\/logo\/image\/"}}]}},"_links":{"self":[{"href":"https:\/\/coelectrix.com\/pt-pt\/wp-json\/wp\/v2\/product\/75729","targetHints":{"allow":["GET"]}}],"collection":[{"href":"https:\/\/coelectrix.com\/pt-pt\/wp-json\/wp\/v2\/product"}],"about":[{"href":"https:\/\/coelectrix.com\/pt-pt\/wp-json\/wp\/v2\/types\/product"}],"version-history":[{"count":2,"href":"https:\/\/coelectrix.com\/pt-pt\/wp-json\/wp\/v2\/product\/75729\/revisions"}],"predecessor-version":[{"id":77157,"href":"https:\/\/coelectrix.com\/pt-pt\/wp-json\/wp\/v2\/product\/75729\/revisions\/77157"}],"wp:featuredmedia":[{"embeddable":true,"href":"https:\/\/coelectrix.com\/pt-pt\/wp-json\/wp\/v2\/media\/73591"}],"wp:attachment":[{"href":"https:\/\/coelectrix.com\/pt-pt\/wp-json\/wp\/v2\/media?parent=75729"}],"wp:term":[{"taxonomy":"product_brand","embeddable":true,"href":"https:\/\/coelectrix.com\/pt-pt\/wp-json\/wp\/v2\/product_brand?post=75729"},{"taxonomy":"product_cat","embeddable":true,"href":"https:\/\/coelectrix.com\/pt-pt\/wp-json\/wp\/v2\/product_cat?post=75729"},{"taxonomy":"product_tag","embeddable":true,"href":"https:\/\/coelectrix.com\/pt-pt\/wp-json\/wp\/v2\/product_tag?post=75729"}],"curies":[{"name":"wp","href":"https:\/\/api.w.org\/{rel}","templated":true}]}}