{"id":75752,"date":"2024-10-12T10:48:57","date_gmt":"2024-10-12T08:48:57","guid":{"rendered":"https:\/\/coelectrix.com\/producto\/disjuntor-de-corrente-continua-63a-dc12v-500v"},"modified":"2025-08-19T06:00:41","modified_gmt":"2025-08-19T04:00:41","slug":"disjuntor-de-corrente-continua-63a-dc12v-500v","status":"publish","type":"product","link":"https:\/\/coelectrix.com\/pt-pt\/produto\/magnetotermico-magnetico-continuo-corrente-63a-dc12v-500v","title":{"rendered":"Disjuntor de corrente cont\u00ednua 63A DC12V-500V"},"content":{"rendered":"<h2><strong>Disjuntor de corrente cont\u00ednua 63A DC12V-500V<\/strong><\/h2>\n<ul>\n<li>N\u00famero de p\u00f3los: 1P<\/li>\n<li>Corrente nominal: 63A<\/li>\n<li><span data-spm-anchor-id=\"a2g0o.detail.1000023.i0.1a94xfvjxfvjev\">Tens\u00e3o nominal de funcionamento: DC12V-500V<br \/>\n<\/span><\/li>\n<li>Capacidade de rutura: 6A-63A 4kA<\/li>\n<li>Vida mec\u00e2nica: 20000 vezes<\/li>\n<li>Vida el\u00e9ctrica: 10000 vezes<\/li>\n<li>De acordo com o tipo de liberta\u00e7\u00e3o instant\u00e2nea: Tipo C<\/li>\n<li><span data-spm-anchor-id=\"a2g0o.detail.1000023.i1.1a94xfvjxfvjev\">Norma: IEC60898-2<\/span><\/li>\n<\/ul>\n","protected":false},"excerpt":{"rendered":"<p><strong>Disjuntor de corrente cont\u00ednua 63A DC12V-500V<\/strong><br \/>\n<strong>Disjuntor de corrente cont\u00ednua em calha DIN para utiliza\u00e7\u00e3o<\/strong> em sistemas solares ou outras instala\u00e7\u00f5es de corrente cont\u00ednua entre 12v e 500v.<\/p>\n<p>Podem ser utilizados para isolar pain\u00e9is solares na liga\u00e7\u00e3o a inversores, prote\u00e7\u00e3o de qualquer equipamento el\u00e9trico e mesmo para utiliza\u00e7\u00e3o como elemento de corte em baterias.<br \/>\nA vantagem da utiliza\u00e7\u00e3o de <strong>disjuntores CC<\/strong> em rela\u00e7\u00e3o aos fus\u00edveis \u00e9 a possibilidade de reposi\u00e7\u00e3o em caso de disparo.<\/p>\n<p>Corrente de corte: 63A (tamb\u00e9m dispon\u00edvel noutras amperagens).<\/p>\n","protected":false},"featured_media":74541,"template":"","meta":{"_acf_changed":false},"product_brand":[],"product_cat":[1308,1385],"product_tag":[],"class_list":{"0":"post-75752","1":"product","2":"type-product","3":"status-publish","4":"has-post-thumbnail","6":"product_cat-disjuntor-magnetotermico-corrente-continua","7":"product_cat-fusiveis","9":"first","10":"instock","11":"taxable","12":"shipping-taxable","13":"purchasable","14":"product-type-simple"},"acf":[],"yoast_head":"<!-- This site is optimized with the Yoast SEO plugin v27.2 - https:\/\/yoast.com\/product\/yoast-seo-wordpress\/ -->\n<title>\u25b7 Disjuntor de corrente cont\u00ednua 63A DC12V-500V | Coelectrix.com<\/title>\n<meta name=\"description\" content=\"Disjuntor de corrente cont\u00ednua 63A DC12V-500V\" \/>\n<meta name=\"robots\" content=\"index, follow, max-snippet:-1, max-image-preview:large, max-video-preview:-1\" \/>\n<link rel=\"canonical\" href=\"https:\/\/coelectrix.com\/pt-pt\/produto\/magnetotermico-magnetico-continuo-corrente-63a-dc12v-500v\" \/>\n<meta property=\"og:locale\" content=\"pt_PT\" \/>\n<meta property=\"og:type\" content=\"article\" \/>\n<meta property=\"og:title\" content=\"\u25b7 Disjuntor de corrente cont\u00ednua 63A DC12V-500V | Coelectrix.com\" \/>\n<meta property=\"og:description\" content=\"Disjuntor de corrente cont\u00ednua 63A DC12V-500V\" \/>\n<meta property=\"og:url\" content=\"https:\/\/coelectrix.com\/pt-pt\/produto\/magnetotermico-magnetico-continuo-corrente-63a-dc12v-500v\" \/>\n<meta property=\"og:site_name\" content=\"Coelectrix\" \/>\n<meta property=\"article:modified_time\" content=\"2025-08-19T04:00:41+00:00\" \/>\n<meta property=\"og:image\" content=\"https:\/\/coelectrix.com\/wp-content\/uploads\/2024\/10\/Magnetotermico-Corriente-continua-63A-DC12V-500V.jpg\" \/>\n\t<meta property=\"og:image:width\" content=\"600\" \/>\n\t<meta property=\"og:image:height\" content=\"600\" \/>\n\t<meta property=\"og:image:type\" content=\"image\/jpeg\" \/>\n<meta name=\"twitter:card\" content=\"summary_large_image\" \/>\n<script type=\"application\/ld+json\" class=\"yoast-schema-graph\">{\"@context\":\"https:\/\/schema.org\",\"@graph\":[{\"@type\":\"WebPage\",\"@id\":\"https:\/\/coelectrix.com\/pt-pt\/produto\/magnetotermico-magnetico-continuo-corrente-63a-dc12v-500v\",\"url\":\"https:\/\/coelectrix.com\/pt-pt\/produto\/magnetotermico-magnetico-continuo-corrente-63a-dc12v-500v\",\"name\":\"\u25b7 Disjuntor de corrente cont\u00ednua 63A DC12V-500V | Coelectrix.com\",\"isPartOf\":{\"@id\":\"https:\/\/coelectrix.com\/pt-pt\/#website\"},\"primaryImageOfPage\":{\"@id\":\"https:\/\/coelectrix.com\/pt-pt\/produto\/magnetotermico-magnetico-continuo-corrente-63a-dc12v-500v#primaryimage\"},\"image\":{\"@id\":\"https:\/\/coelectrix.com\/pt-pt\/produto\/magnetotermico-magnetico-continuo-corrente-63a-dc12v-500v#primaryimage\"},\"thumbnailUrl\":\"https:\/\/coelectrix.com\/wp-content\/uploads\/2024\/10\/Magnetotermico-Corriente-continua-63A-DC12V-500V.jpg\",\"datePublished\":\"2024-10-12T08:48:57+00:00\",\"dateModified\":\"2025-08-19T04:00:41+00:00\",\"description\":\"Disjuntor de corrente cont\u00ednua 63A DC12V-500V\",\"breadcrumb\":{\"@id\":\"https:\/\/coelectrix.com\/pt-pt\/produto\/magnetotermico-magnetico-continuo-corrente-63a-dc12v-500v#breadcrumb\"},\"inLanguage\":\"pt-PT\",\"potentialAction\":[{\"@type\":\"ReadAction\",\"target\":[\"https:\/\/coelectrix.com\/pt-pt\/produto\/magnetotermico-magnetico-continuo-corrente-63a-dc12v-500v\"]}]},{\"@type\":\"ImageObject\",\"inLanguage\":\"pt-PT\",\"@id\":\"https:\/\/coelectrix.com\/pt-pt\/produto\/magnetotermico-magnetico-continuo-corrente-63a-dc12v-500v#primaryimage\",\"url\":\"https:\/\/coelectrix.com\/wp-content\/uploads\/2024\/10\/Magnetotermico-Corriente-continua-63A-DC12V-500V.jpg\",\"contentUrl\":\"https:\/\/coelectrix.com\/wp-content\/uploads\/2024\/10\/Magnetotermico-Corriente-continua-63A-DC12V-500V.jpg\",\"width\":600,\"height\":600,\"caption\":\"Disjuntor de corrente cont\u00ednua 63A DC12V-500V\"},{\"@type\":\"BreadcrumbList\",\"@id\":\"https:\/\/coelectrix.com\/pt-pt\/produto\/magnetotermico-magnetico-continuo-corrente-63a-dc12v-500v#breadcrumb\",\"itemListElement\":[{\"@type\":\"ListItem\",\"position\":1,\"name\":\"Portada\",\"item\":\"https:\/\/coelectrix.com\/\"},{\"@type\":\"ListItem\",\"position\":2,\"name\":\"Loja\",\"item\":\"https:\/\/coelectrix.com\/pt-pt\/loja\"},{\"@type\":\"ListItem\",\"position\":3,\"name\":\"Disjuntor de corrente cont\u00ednua 63A DC12V-500V\"}]},{\"@type\":\"WebSite\",\"@id\":\"https:\/\/coelectrix.com\/pt-pt\/#website\",\"url\":\"https:\/\/coelectrix.com\/pt-pt\/\",\"name\":\"Coelectrix\",\"description\":\"Componentes el\u00e9ctricos\",\"publisher\":{\"@id\":\"https:\/\/coelectrix.com\/pt-pt\/#organization\"},\"potentialAction\":[{\"@type\":\"SearchAction\",\"target\":{\"@type\":\"EntryPoint\",\"urlTemplate\":\"https:\/\/coelectrix.com\/pt-pt\/?s={search_term_string}\"},\"query-input\":{\"@type\":\"PropertyValueSpecification\",\"valueRequired\":true,\"valueName\":\"search_term_string\"}}],\"inLanguage\":\"pt-PT\"},{\"@type\":\"Organization\",\"@id\":\"https:\/\/coelectrix.com\/pt-pt\/#organization\",\"name\":\"coelectrix.com\",\"url\":\"https:\/\/coelectrix.com\/pt-pt\/\",\"logo\":{\"@type\":\"ImageObject\",\"inLanguage\":\"pt-PT\",\"@id\":\"https:\/\/coelectrix.com\/pt-pt\/#\/schema\/logo\/image\/\",\"url\":\"https:\/\/coelectrix.com\/wp-content\/uploads\/2018\/05\/logo-coelectrix-400x400.jpg\",\"contentUrl\":\"https:\/\/coelectrix.com\/wp-content\/uploads\/2018\/05\/logo-coelectrix-400x400.jpg\",\"width\":300,\"height\":300,\"caption\":\"coelectrix.com\"},\"image\":{\"@id\":\"https:\/\/coelectrix.com\/pt-pt\/#\/schema\/logo\/image\/\"}}]}<\/script>\n<!-- \/ Yoast SEO plugin. -->","yoast_head_json":{"title":"\u25b7 Disjuntor de corrente cont\u00ednua 63A DC12V-500V | Coelectrix.com","description":"Disjuntor de corrente cont\u00ednua 63A DC12V-500V","robots":{"index":"index","follow":"follow","max-snippet":"max-snippet:-1","max-image-preview":"max-image-preview:large","max-video-preview":"max-video-preview:-1"},"canonical":"https:\/\/coelectrix.com\/pt-pt\/produto\/magnetotermico-magnetico-continuo-corrente-63a-dc12v-500v","og_locale":"pt_PT","og_type":"article","og_title":"\u25b7 Disjuntor de corrente cont\u00ednua 63A DC12V-500V | Coelectrix.com","og_description":"Disjuntor de corrente cont\u00ednua 63A DC12V-500V","og_url":"https:\/\/coelectrix.com\/pt-pt\/produto\/magnetotermico-magnetico-continuo-corrente-63a-dc12v-500v","og_site_name":"Coelectrix","article_modified_time":"2025-08-19T04:00:41+00:00","og_image":[{"width":600,"height":600,"url":"https:\/\/coelectrix.com\/wp-content\/uploads\/2024\/10\/Magnetotermico-Corriente-continua-63A-DC12V-500V.jpg","type":"image\/jpeg"}],"twitter_card":"summary_large_image","schema":{"@context":"https:\/\/schema.org","@graph":[{"@type":"WebPage","@id":"https:\/\/coelectrix.com\/pt-pt\/produto\/magnetotermico-magnetico-continuo-corrente-63a-dc12v-500v","url":"https:\/\/coelectrix.com\/pt-pt\/produto\/magnetotermico-magnetico-continuo-corrente-63a-dc12v-500v","name":"\u25b7 Disjuntor de corrente cont\u00ednua 63A DC12V-500V | Coelectrix.com","isPartOf":{"@id":"https:\/\/coelectrix.com\/pt-pt\/#website"},"primaryImageOfPage":{"@id":"https:\/\/coelectrix.com\/pt-pt\/produto\/magnetotermico-magnetico-continuo-corrente-63a-dc12v-500v#primaryimage"},"image":{"@id":"https:\/\/coelectrix.com\/pt-pt\/produto\/magnetotermico-magnetico-continuo-corrente-63a-dc12v-500v#primaryimage"},"thumbnailUrl":"https:\/\/coelectrix.com\/wp-content\/uploads\/2024\/10\/Magnetotermico-Corriente-continua-63A-DC12V-500V.jpg","datePublished":"2024-10-12T08:48:57+00:00","dateModified":"2025-08-19T04:00:41+00:00","description":"Disjuntor de corrente cont\u00ednua 63A DC12V-500V","breadcrumb":{"@id":"https:\/\/coelectrix.com\/pt-pt\/produto\/magnetotermico-magnetico-continuo-corrente-63a-dc12v-500v#breadcrumb"},"inLanguage":"pt-PT","potentialAction":[{"@type":"ReadAction","target":["https:\/\/coelectrix.com\/pt-pt\/produto\/magnetotermico-magnetico-continuo-corrente-63a-dc12v-500v"]}]},{"@type":"ImageObject","inLanguage":"pt-PT","@id":"https:\/\/coelectrix.com\/pt-pt\/produto\/magnetotermico-magnetico-continuo-corrente-63a-dc12v-500v#primaryimage","url":"https:\/\/coelectrix.com\/wp-content\/uploads\/2024\/10\/Magnetotermico-Corriente-continua-63A-DC12V-500V.jpg","contentUrl":"https:\/\/coelectrix.com\/wp-content\/uploads\/2024\/10\/Magnetotermico-Corriente-continua-63A-DC12V-500V.jpg","width":600,"height":600,"caption":"Disjuntor de corrente cont\u00ednua 63A DC12V-500V"},{"@type":"BreadcrumbList","@id":"https:\/\/coelectrix.com\/pt-pt\/produto\/magnetotermico-magnetico-continuo-corrente-63a-dc12v-500v#breadcrumb","itemListElement":[{"@type":"ListItem","position":1,"name":"Portada","item":"https:\/\/coelectrix.com\/"},{"@type":"ListItem","position":2,"name":"Loja","item":"https:\/\/coelectrix.com\/pt-pt\/loja"},{"@type":"ListItem","position":3,"name":"Disjuntor de corrente cont\u00ednua 63A DC12V-500V"}]},{"@type":"WebSite","@id":"https:\/\/coelectrix.com\/pt-pt\/#website","url":"https:\/\/coelectrix.com\/pt-pt\/","name":"Coelectrix","description":"Componentes el\u00e9ctricos","publisher":{"@id":"https:\/\/coelectrix.com\/pt-pt\/#organization"},"potentialAction":[{"@type":"SearchAction","target":{"@type":"EntryPoint","urlTemplate":"https:\/\/coelectrix.com\/pt-pt\/?s={search_term_string}"},"query-input":{"@type":"PropertyValueSpecification","valueRequired":true,"valueName":"search_term_string"}}],"inLanguage":"pt-PT"},{"@type":"Organization","@id":"https:\/\/coelectrix.com\/pt-pt\/#organization","name":"coelectrix.com","url":"https:\/\/coelectrix.com\/pt-pt\/","logo":{"@type":"ImageObject","inLanguage":"pt-PT","@id":"https:\/\/coelectrix.com\/pt-pt\/#\/schema\/logo\/image\/","url":"https:\/\/coelectrix.com\/wp-content\/uploads\/2018\/05\/logo-coelectrix-400x400.jpg","contentUrl":"https:\/\/coelectrix.com\/wp-content\/uploads\/2018\/05\/logo-coelectrix-400x400.jpg","width":300,"height":300,"caption":"coelectrix.com"},"image":{"@id":"https:\/\/coelectrix.com\/pt-pt\/#\/schema\/logo\/image\/"}}]}},"_links":{"self":[{"href":"https:\/\/coelectrix.com\/pt-pt\/wp-json\/wp\/v2\/product\/75752","targetHints":{"allow":["GET"]}}],"collection":[{"href":"https:\/\/coelectrix.com\/pt-pt\/wp-json\/wp\/v2\/product"}],"about":[{"href":"https:\/\/coelectrix.com\/pt-pt\/wp-json\/wp\/v2\/types\/product"}],"version-history":[{"count":1,"href":"https:\/\/coelectrix.com\/pt-pt\/wp-json\/wp\/v2\/product\/75752\/revisions"}],"predecessor-version":[{"id":75977,"href":"https:\/\/coelectrix.com\/pt-pt\/wp-json\/wp\/v2\/product\/75752\/revisions\/75977"}],"wp:featuredmedia":[{"embeddable":true,"href":"https:\/\/coelectrix.com\/pt-pt\/wp-json\/wp\/v2\/media\/74541"}],"wp:attachment":[{"href":"https:\/\/coelectrix.com\/pt-pt\/wp-json\/wp\/v2\/media?parent=75752"}],"wp:term":[{"taxonomy":"product_brand","embeddable":true,"href":"https:\/\/coelectrix.com\/pt-pt\/wp-json\/wp\/v2\/product_brand?post=75752"},{"taxonomy":"product_cat","embeddable":true,"href":"https:\/\/coelectrix.com\/pt-pt\/wp-json\/wp\/v2\/product_cat?post=75752"},{"taxonomy":"product_tag","embeddable":true,"href":"https:\/\/coelectrix.com\/pt-pt\/wp-json\/wp\/v2\/product_tag?post=75752"}],"curies":[{"name":"wp","href":"https:\/\/api.w.org\/{rel}","templated":true}]}}