{"id":75755,"date":"2023-07-22T08:20:43","date_gmt":"2023-07-22T06:20:43","guid":{"rendered":"https:\/\/coelectrix.com\/producto\/fusivel-automatico-rearmavel-20a"},"modified":"2025-08-19T06:01:24","modified_gmt":"2025-08-19T04:01:24","slug":"fusivel-automatico-rearmavel-20a","status":"publish","type":"product","link":"https:\/\/coelectrix.com\/pt-pt\/produto\/fusivel-automatico-rearmavel-20a","title":{"rendered":"Fus\u00edvel autom\u00e1tico rearm\u00e1vel 20A"},"content":{"rendered":"<h2><strong>Fus\u00edvel autom\u00e1tico rearm\u00e1vel 20A<\/strong><\/h2>\n<p>Dimens\u00f5es: 4,2x10x4,2mm<\/p>\n<p>Para 12\/24v DC<\/p>\n<p><img fetchpriority=\"high\" decoding=\"async\" class=\"alignnone size-medium wp-image-52748\" src=\"https:\/\/coelectrix.com\/wp-content\/uploads\/2023\/07\/FUSIBLE-REARMABLE-20A-300x300.jpg\" alt=\"\" width=\"300\" height=\"300\" srcset=\"https:\/\/coelectrix.com\/wp-content\/uploads\/2023\/07\/FUSIBLE-REARMABLE-20A-300x300.jpg 300w, https:\/\/coelectrix.com\/wp-content\/uploads\/2023\/07\/FUSIBLE-REARMABLE-20A-150x150.jpg 150w, https:\/\/coelectrix.com\/wp-content\/uploads\/2023\/07\/FUSIBLE-REARMABLE-20A-196x196.jpg 196w, https:\/\/coelectrix.com\/wp-content\/uploads\/2023\/07\/FUSIBLE-REARMABLE-20A-416x416.jpg 416w, https:\/\/coelectrix.com\/wp-content\/uploads\/2023\/07\/FUSIBLE-REARMABLE-20A-100x100.jpg 100w, https:\/\/coelectrix.com\/wp-content\/uploads\/2023\/07\/FUSIBLE-REARMABLE-20A-50x50.jpg 50w, https:\/\/coelectrix.com\/wp-content\/uploads\/2023\/07\/FUSIBLE-REARMABLE-20A-64x64.jpg 64w, https:\/\/coelectrix.com\/wp-content\/uploads\/2023\/07\/FUSIBLE-REARMABLE-20A.jpg 600w\" sizes=\"(max-width: 300px) 100vw, 300px\" \/><\/p>\n","protected":false},"excerpt":{"rendered":"<p>Fus\u00edvel autom\u00e1tico e reinicializ\u00e1vel de 20A para instala\u00e7\u00f5es autom\u00f3veis ou fotovoltaicas.<\/p>\n<p>Para cabos at\u00e9 10 mm2 de sec\u00e7\u00e3o transversal<br \/>\nN\u00e3o s\u00e3o necess\u00e1rias ferramentas, o cabo \u00e9 fixado por meio de um parafuso de fixa\u00e7\u00e3o.<\/p>\n","protected":false},"featured_media":74217,"template":"","meta":{"_acf_changed":false},"product_brand":[],"product_cat":[1385,1294],"product_tag":[],"class_list":{"0":"post-75755","1":"product","2":"type-product","3":"status-publish","4":"has-post-thumbnail","6":"product_cat-fusiveis","7":"product_cat-fusiveis-rearmaveis","9":"first","10":"outofstock","11":"taxable","12":"shipping-taxable","13":"purchasable","14":"product-type-simple"},"acf":[],"yoast_head":"<!-- This site is optimized with the Yoast SEO plugin v27.2 - https:\/\/yoast.com\/product\/yoast-seo-wordpress\/ -->\n<title>\u25b7 Fus\u00edvel autom\u00e1tico rearm\u00e1vel 20A | Coelectrix.com<\/title>\n<meta name=\"robots\" content=\"index, follow, max-snippet:-1, max-image-preview:large, max-video-preview:-1\" \/>\n<link rel=\"canonical\" href=\"https:\/\/coelectrix.com\/pt-pt\/produto\/fusivel-automatico-rearmavel-20a\" \/>\n<meta property=\"og:locale\" content=\"pt_PT\" \/>\n<meta property=\"og:type\" content=\"article\" \/>\n<meta property=\"og:title\" content=\"\u25b7 Fus\u00edvel autom\u00e1tico rearm\u00e1vel 20A | Coelectrix.com\" \/>\n<meta property=\"og:description\" content=\"Fus\u00edvel autom\u00e1tico e reinicializ\u00e1vel de 20A para instala\u00e7\u00f5es autom\u00f3veis ou fotovoltaicas. Para cabos at\u00e9 10 mm2 de sec\u00e7\u00e3o transversal N\u00e3o s\u00e3o necess\u00e1rias ferramentas, o cabo \u00e9 fixado por meio de um parafuso de fixa\u00e7\u00e3o.\" \/>\n<meta property=\"og:url\" content=\"https:\/\/coelectrix.com\/pt-pt\/produto\/fusivel-automatico-rearmavel-20a\" \/>\n<meta property=\"og:site_name\" content=\"Coelectrix\" \/>\n<meta property=\"article:modified_time\" content=\"2025-08-19T04:01:24+00:00\" \/>\n<meta property=\"og:image\" content=\"https:\/\/coelectrix.com\/wp-content\/uploads\/2023\/07\/FUSIBLE-AUTOMATICO-REARMABLE.jpg\" \/>\n\t<meta property=\"og:image:width\" content=\"600\" \/>\n\t<meta property=\"og:image:height\" content=\"600\" \/>\n\t<meta property=\"og:image:type\" content=\"image\/jpeg\" \/>\n<meta name=\"twitter:card\" content=\"summary_large_image\" \/>\n<script type=\"application\/ld+json\" class=\"yoast-schema-graph\">{\"@context\":\"https:\/\/schema.org\",\"@graph\":[{\"@type\":\"WebPage\",\"@id\":\"https:\/\/coelectrix.com\/pt-pt\/produto\/fusivel-automatico-rearmavel-20a\",\"url\":\"https:\/\/coelectrix.com\/pt-pt\/produto\/fusivel-automatico-rearmavel-20a\",\"name\":\"\u25b7 Fus\u00edvel autom\u00e1tico rearm\u00e1vel 20A | Coelectrix.com\",\"isPartOf\":{\"@id\":\"https:\/\/coelectrix.com\/pt-pt\/#website\"},\"primaryImageOfPage\":{\"@id\":\"https:\/\/coelectrix.com\/pt-pt\/produto\/fusivel-automatico-rearmavel-20a#primaryimage\"},\"image\":{\"@id\":\"https:\/\/coelectrix.com\/pt-pt\/produto\/fusivel-automatico-rearmavel-20a#primaryimage\"},\"thumbnailUrl\":\"https:\/\/coelectrix.com\/wp-content\/uploads\/2023\/07\/FUSIBLE-AUTOMATICO-REARMABLE.jpg\",\"datePublished\":\"2023-07-22T06:20:43+00:00\",\"dateModified\":\"2025-08-19T04:01:24+00:00\",\"breadcrumb\":{\"@id\":\"https:\/\/coelectrix.com\/pt-pt\/produto\/fusivel-automatico-rearmavel-20a#breadcrumb\"},\"inLanguage\":\"pt-PT\",\"potentialAction\":[{\"@type\":\"ReadAction\",\"target\":[\"https:\/\/coelectrix.com\/pt-pt\/produto\/fusivel-automatico-rearmavel-20a\"]}]},{\"@type\":\"ImageObject\",\"inLanguage\":\"pt-PT\",\"@id\":\"https:\/\/coelectrix.com\/pt-pt\/produto\/fusivel-automatico-rearmavel-20a#primaryimage\",\"url\":\"https:\/\/coelectrix.com\/wp-content\/uploads\/2023\/07\/FUSIBLE-AUTOMATICO-REARMABLE.jpg\",\"contentUrl\":\"https:\/\/coelectrix.com\/wp-content\/uploads\/2023\/07\/FUSIBLE-AUTOMATICO-REARMABLE.jpg\",\"width\":600,\"height\":600,\"caption\":\"Fus\u00edvel autom\u00e1tico rearm\u00e1vel 20A\"},{\"@type\":\"BreadcrumbList\",\"@id\":\"https:\/\/coelectrix.com\/pt-pt\/produto\/fusivel-automatico-rearmavel-20a#breadcrumb\",\"itemListElement\":[{\"@type\":\"ListItem\",\"position\":1,\"name\":\"Portada\",\"item\":\"https:\/\/coelectrix.com\/\"},{\"@type\":\"ListItem\",\"position\":2,\"name\":\"Loja\",\"item\":\"https:\/\/coelectrix.com\/pt-pt\/loja\"},{\"@type\":\"ListItem\",\"position\":3,\"name\":\"Fus\u00edvel autom\u00e1tico rearm\u00e1vel 20A\"}]},{\"@type\":\"WebSite\",\"@id\":\"https:\/\/coelectrix.com\/pt-pt\/#website\",\"url\":\"https:\/\/coelectrix.com\/pt-pt\/\",\"name\":\"Coelectrix\",\"description\":\"Componentes el\u00e9ctricos\",\"publisher\":{\"@id\":\"https:\/\/coelectrix.com\/pt-pt\/#organization\"},\"potentialAction\":[{\"@type\":\"SearchAction\",\"target\":{\"@type\":\"EntryPoint\",\"urlTemplate\":\"https:\/\/coelectrix.com\/pt-pt\/?s={search_term_string}\"},\"query-input\":{\"@type\":\"PropertyValueSpecification\",\"valueRequired\":true,\"valueName\":\"search_term_string\"}}],\"inLanguage\":\"pt-PT\"},{\"@type\":\"Organization\",\"@id\":\"https:\/\/coelectrix.com\/pt-pt\/#organization\",\"name\":\"coelectrix.com\",\"url\":\"https:\/\/coelectrix.com\/pt-pt\/\",\"logo\":{\"@type\":\"ImageObject\",\"inLanguage\":\"pt-PT\",\"@id\":\"https:\/\/coelectrix.com\/pt-pt\/#\/schema\/logo\/image\/\",\"url\":\"https:\/\/coelectrix.com\/wp-content\/uploads\/2018\/05\/logo-coelectrix-400x400.jpg\",\"contentUrl\":\"https:\/\/coelectrix.com\/wp-content\/uploads\/2018\/05\/logo-coelectrix-400x400.jpg\",\"width\":300,\"height\":300,\"caption\":\"coelectrix.com\"},\"image\":{\"@id\":\"https:\/\/coelectrix.com\/pt-pt\/#\/schema\/logo\/image\/\"}}]}<\/script>\n<!-- \/ Yoast SEO plugin. -->","yoast_head_json":{"title":"\u25b7 Fus\u00edvel autom\u00e1tico rearm\u00e1vel 20A | Coelectrix.com","robots":{"index":"index","follow":"follow","max-snippet":"max-snippet:-1","max-image-preview":"max-image-preview:large","max-video-preview":"max-video-preview:-1"},"canonical":"https:\/\/coelectrix.com\/pt-pt\/produto\/fusivel-automatico-rearmavel-20a","og_locale":"pt_PT","og_type":"article","og_title":"\u25b7 Fus\u00edvel autom\u00e1tico rearm\u00e1vel 20A | Coelectrix.com","og_description":"Fus\u00edvel autom\u00e1tico e reinicializ\u00e1vel de 20A para instala\u00e7\u00f5es autom\u00f3veis ou fotovoltaicas. Para cabos at\u00e9 10 mm2 de sec\u00e7\u00e3o transversal N\u00e3o s\u00e3o necess\u00e1rias ferramentas, o cabo \u00e9 fixado por meio de um parafuso de fixa\u00e7\u00e3o.","og_url":"https:\/\/coelectrix.com\/pt-pt\/produto\/fusivel-automatico-rearmavel-20a","og_site_name":"Coelectrix","article_modified_time":"2025-08-19T04:01:24+00:00","og_image":[{"width":600,"height":600,"url":"https:\/\/coelectrix.com\/wp-content\/uploads\/2023\/07\/FUSIBLE-AUTOMATICO-REARMABLE.jpg","type":"image\/jpeg"}],"twitter_card":"summary_large_image","schema":{"@context":"https:\/\/schema.org","@graph":[{"@type":"WebPage","@id":"https:\/\/coelectrix.com\/pt-pt\/produto\/fusivel-automatico-rearmavel-20a","url":"https:\/\/coelectrix.com\/pt-pt\/produto\/fusivel-automatico-rearmavel-20a","name":"\u25b7 Fus\u00edvel autom\u00e1tico rearm\u00e1vel 20A | Coelectrix.com","isPartOf":{"@id":"https:\/\/coelectrix.com\/pt-pt\/#website"},"primaryImageOfPage":{"@id":"https:\/\/coelectrix.com\/pt-pt\/produto\/fusivel-automatico-rearmavel-20a#primaryimage"},"image":{"@id":"https:\/\/coelectrix.com\/pt-pt\/produto\/fusivel-automatico-rearmavel-20a#primaryimage"},"thumbnailUrl":"https:\/\/coelectrix.com\/wp-content\/uploads\/2023\/07\/FUSIBLE-AUTOMATICO-REARMABLE.jpg","datePublished":"2023-07-22T06:20:43+00:00","dateModified":"2025-08-19T04:01:24+00:00","breadcrumb":{"@id":"https:\/\/coelectrix.com\/pt-pt\/produto\/fusivel-automatico-rearmavel-20a#breadcrumb"},"inLanguage":"pt-PT","potentialAction":[{"@type":"ReadAction","target":["https:\/\/coelectrix.com\/pt-pt\/produto\/fusivel-automatico-rearmavel-20a"]}]},{"@type":"ImageObject","inLanguage":"pt-PT","@id":"https:\/\/coelectrix.com\/pt-pt\/produto\/fusivel-automatico-rearmavel-20a#primaryimage","url":"https:\/\/coelectrix.com\/wp-content\/uploads\/2023\/07\/FUSIBLE-AUTOMATICO-REARMABLE.jpg","contentUrl":"https:\/\/coelectrix.com\/wp-content\/uploads\/2023\/07\/FUSIBLE-AUTOMATICO-REARMABLE.jpg","width":600,"height":600,"caption":"Fus\u00edvel autom\u00e1tico rearm\u00e1vel 20A"},{"@type":"BreadcrumbList","@id":"https:\/\/coelectrix.com\/pt-pt\/produto\/fusivel-automatico-rearmavel-20a#breadcrumb","itemListElement":[{"@type":"ListItem","position":1,"name":"Portada","item":"https:\/\/coelectrix.com\/"},{"@type":"ListItem","position":2,"name":"Loja","item":"https:\/\/coelectrix.com\/pt-pt\/loja"},{"@type":"ListItem","position":3,"name":"Fus\u00edvel autom\u00e1tico rearm\u00e1vel 20A"}]},{"@type":"WebSite","@id":"https:\/\/coelectrix.com\/pt-pt\/#website","url":"https:\/\/coelectrix.com\/pt-pt\/","name":"Coelectrix","description":"Componentes el\u00e9ctricos","publisher":{"@id":"https:\/\/coelectrix.com\/pt-pt\/#organization"},"potentialAction":[{"@type":"SearchAction","target":{"@type":"EntryPoint","urlTemplate":"https:\/\/coelectrix.com\/pt-pt\/?s={search_term_string}"},"query-input":{"@type":"PropertyValueSpecification","valueRequired":true,"valueName":"search_term_string"}}],"inLanguage":"pt-PT"},{"@type":"Organization","@id":"https:\/\/coelectrix.com\/pt-pt\/#organization","name":"coelectrix.com","url":"https:\/\/coelectrix.com\/pt-pt\/","logo":{"@type":"ImageObject","inLanguage":"pt-PT","@id":"https:\/\/coelectrix.com\/pt-pt\/#\/schema\/logo\/image\/","url":"https:\/\/coelectrix.com\/wp-content\/uploads\/2018\/05\/logo-coelectrix-400x400.jpg","contentUrl":"https:\/\/coelectrix.com\/wp-content\/uploads\/2018\/05\/logo-coelectrix-400x400.jpg","width":300,"height":300,"caption":"coelectrix.com"},"image":{"@id":"https:\/\/coelectrix.com\/pt-pt\/#\/schema\/logo\/image\/"}}]}},"_links":{"self":[{"href":"https:\/\/coelectrix.com\/pt-pt\/wp-json\/wp\/v2\/product\/75755","targetHints":{"allow":["GET"]}}],"collection":[{"href":"https:\/\/coelectrix.com\/pt-pt\/wp-json\/wp\/v2\/product"}],"about":[{"href":"https:\/\/coelectrix.com\/pt-pt\/wp-json\/wp\/v2\/types\/product"}],"version-history":[{"count":1,"href":"https:\/\/coelectrix.com\/pt-pt\/wp-json\/wp\/v2\/product\/75755\/revisions"}],"predecessor-version":[{"id":76659,"href":"https:\/\/coelectrix.com\/pt-pt\/wp-json\/wp\/v2\/product\/75755\/revisions\/76659"}],"wp:featuredmedia":[{"embeddable":true,"href":"https:\/\/coelectrix.com\/pt-pt\/wp-json\/wp\/v2\/media\/74217"}],"wp:attachment":[{"href":"https:\/\/coelectrix.com\/pt-pt\/wp-json\/wp\/v2\/media?parent=75755"}],"wp:term":[{"taxonomy":"product_brand","embeddable":true,"href":"https:\/\/coelectrix.com\/pt-pt\/wp-json\/wp\/v2\/product_brand?post=75755"},{"taxonomy":"product_cat","embeddable":true,"href":"https:\/\/coelectrix.com\/pt-pt\/wp-json\/wp\/v2\/product_cat?post=75755"},{"taxonomy":"product_tag","embeddable":true,"href":"https:\/\/coelectrix.com\/pt-pt\/wp-json\/wp\/v2\/product_tag?post=75755"}],"curies":[{"name":"wp","href":"https:\/\/api.w.org\/{rel}","templated":true}]}}