{"id":75757,"date":"2022-11-26T11:53:27","date_gmt":"2022-11-26T10:53:27","guid":{"rendered":"https:\/\/coelectrix.com\/producto\/fusivel-de-lamina-nh000-80a-250vdc"},"modified":"2025-08-19T06:02:29","modified_gmt":"2025-08-19T04:02:29","slug":"fusivel-de-lamina-nh000-80a-250vdc","status":"publish","type":"product","link":"https:\/\/coelectrix.com\/pt-pt\/producto\/fusible-de-cuchilla-nh000-80a-250vcc","title":{"rendered":"Fus\u00edvel de l\u00e2mina NH000 80A 250vDC"},"content":{"rendered":"<h2><strong>Fus\u00edvel de l\u00e2mina NH00 80A<\/strong><\/h2>\n<p><a href=\"https:\/\/coelectrix.com\/wp-content\/uploads\/2022\/11\/Fusible-NH000-bussmann-Bus_Ele_DS_2142_NH.pdf\" target=\"_blank\" rel=\"noopener\">Descarregar ficha de dados<\/a><\/p>\n","protected":false},"excerpt":{"rendered":"<p><strong>Fus\u00edvel de l\u00e2mina NH000 80A<\/strong><\/p>\n<p>Estes cartuchos de elevada capacidade de rutura s\u00e3o adequados para a prote\u00e7\u00e3o de linhas ou equipamentos contra sobrecargas e curto-circuitos, em tens\u00f5es nominais at\u00e9 250vDC e 500vAC. Constru\u00eddos com corpo cer\u00e2mico de elevada resist\u00eancia \u00e0 press\u00e3o interna e aos choques t\u00e9rmicos, o que permite uma elevada capacidade de rutura. L\u00e2minas em cobre prateado ou lat\u00e3o. S\u00e3o fabricados de acordo com as normas IEC\/EN60269, VDE0636 e cumprem a diretiva RoHS.<\/p>\n<p>-Tens\u00e3o nominal: 250vDC \/ 500vAC.<br \/>\n-Capacidade nominal de rutura: 120Ka<br \/>\n-Frequ\u00eancia de funcionamento: 45-62Hz<\/p>\n","protected":false},"featured_media":74050,"template":"","meta":{"_acf_changed":false},"product_brand":[],"product_cat":[1385,1290],"product_tag":[],"class_list":{"0":"post-75757","1":"product","2":"type-product","3":"status-publish","4":"has-post-thumbnail","6":"product_cat-fusiveis","7":"product_cat-fusiveis-de-lamina","9":"first","10":"instock","11":"taxable","12":"shipping-taxable","13":"purchasable","14":"product-type-simple"},"acf":[],"yoast_head":"<!-- This site is optimized with the Yoast SEO plugin v27.2 - https:\/\/yoast.com\/product\/yoast-seo-wordpress\/ -->\n<title>\u25b7 Fus\u00edvel de l\u00e2mina NH000 80A 250vDC | Coelectrix.com<\/title>\n<meta name=\"description\" content=\"Fus\u00edvel de l\u00e2mina NH000 80A Adequado para prote\u00e7\u00e3o de instala\u00e7\u00f5es de elevada capacidade. Tens\u00e3o nominal: 250vDC \/ 500vAC\" \/>\n<meta name=\"robots\" content=\"index, follow, max-snippet:-1, max-image-preview:large, max-video-preview:-1\" \/>\n<link rel=\"canonical\" href=\"https:\/\/coelectrix.com\/pt-pt\/producto\/fusible-de-cuchilla-nh000-80a-250vcc\" \/>\n<meta property=\"og:locale\" content=\"pt_PT\" \/>\n<meta property=\"og:type\" content=\"article\" \/>\n<meta property=\"og:title\" content=\"\u25b7 Fus\u00edvel de l\u00e2mina NH000 80A 250vDC | Coelectrix.com\" \/>\n<meta property=\"og:description\" content=\"Fus\u00edvel de l\u00e2mina NH000 80A Adequado para prote\u00e7\u00e3o de instala\u00e7\u00f5es de elevada capacidade. Tens\u00e3o nominal: 250vDC \/ 500vAC\" \/>\n<meta property=\"og:url\" content=\"https:\/\/coelectrix.com\/pt-pt\/producto\/fusible-de-cuchilla-nh000-80a-250vcc\" \/>\n<meta property=\"og:site_name\" content=\"Coelectrix\" \/>\n<meta property=\"article:modified_time\" content=\"2025-08-19T04:02:29+00:00\" \/>\n<meta property=\"og:image\" content=\"https:\/\/coelectrix.com\/wp-content\/uploads\/2022\/11\/Fusible-de-cuchilla-NH000-80A-500vac-250vdc.jpg\" \/>\n\t<meta property=\"og:image:width\" content=\"600\" \/>\n\t<meta property=\"og:image:height\" content=\"600\" \/>\n\t<meta property=\"og:image:type\" content=\"image\/jpeg\" \/>\n<meta name=\"twitter:card\" content=\"summary_large_image\" \/>\n<script type=\"application\/ld+json\" class=\"yoast-schema-graph\">{\"@context\":\"https:\/\/schema.org\",\"@graph\":[{\"@type\":\"WebPage\",\"@id\":\"https:\/\/coelectrix.com\/pt-pt\/producto\/fusible-de-cuchilla-nh000-80a-250vcc\",\"url\":\"https:\/\/coelectrix.com\/pt-pt\/producto\/fusible-de-cuchilla-nh000-80a-250vcc\",\"name\":\"\u25b7 Fus\u00edvel de l\u00e2mina NH000 80A 250vDC | Coelectrix.com\",\"isPartOf\":{\"@id\":\"https:\/\/coelectrix.com\/pt-pt\/#website\"},\"primaryImageOfPage\":{\"@id\":\"https:\/\/coelectrix.com\/pt-pt\/producto\/fusible-de-cuchilla-nh000-80a-250vcc#primaryimage\"},\"image\":{\"@id\":\"https:\/\/coelectrix.com\/pt-pt\/producto\/fusible-de-cuchilla-nh000-80a-250vcc#primaryimage\"},\"thumbnailUrl\":\"https:\/\/coelectrix.com\/wp-content\/uploads\/2022\/11\/Fusible-de-cuchilla-NH000-80A-500vac-250vdc.jpg\",\"datePublished\":\"2022-11-26T10:53:27+00:00\",\"dateModified\":\"2025-08-19T04:02:29+00:00\",\"description\":\"Fus\u00edvel de l\u00e2mina NH000 80A Adequado para prote\u00e7\u00e3o de instala\u00e7\u00f5es de elevada capacidade. Tens\u00e3o nominal: 250vDC \/ 500vAC\",\"breadcrumb\":{\"@id\":\"https:\/\/coelectrix.com\/pt-pt\/producto\/fusible-de-cuchilla-nh000-80a-250vcc#breadcrumb\"},\"inLanguage\":\"pt-PT\",\"potentialAction\":[{\"@type\":\"ReadAction\",\"target\":[\"https:\/\/coelectrix.com\/pt-pt\/producto\/fusible-de-cuchilla-nh000-80a-250vcc\"]}]},{\"@type\":\"ImageObject\",\"inLanguage\":\"pt-PT\",\"@id\":\"https:\/\/coelectrix.com\/pt-pt\/producto\/fusible-de-cuchilla-nh000-80a-250vcc#primaryimage\",\"url\":\"https:\/\/coelectrix.com\/wp-content\/uploads\/2022\/11\/Fusible-de-cuchilla-NH000-80A-500vac-250vdc.jpg\",\"contentUrl\":\"https:\/\/coelectrix.com\/wp-content\/uploads\/2022\/11\/Fusible-de-cuchilla-NH000-80A-500vac-250vdc.jpg\",\"width\":600,\"height\":600},{\"@type\":\"BreadcrumbList\",\"@id\":\"https:\/\/coelectrix.com\/pt-pt\/producto\/fusible-de-cuchilla-nh000-80a-250vcc#breadcrumb\",\"itemListElement\":[{\"@type\":\"ListItem\",\"position\":1,\"name\":\"Portada\",\"item\":\"https:\/\/coelectrix.com\/\"},{\"@type\":\"ListItem\",\"position\":2,\"name\":\"Loja\",\"item\":\"https:\/\/coelectrix.com\/pt-pt\/loja\"},{\"@type\":\"ListItem\",\"position\":3,\"name\":\"Fus\u00edvel de l\u00e2mina NH000 80A 250vDC\"}]},{\"@type\":\"WebSite\",\"@id\":\"https:\/\/coelectrix.com\/pt-pt\/#website\",\"url\":\"https:\/\/coelectrix.com\/pt-pt\/\",\"name\":\"Coelectrix\",\"description\":\"Componentes el\u00e9ctricos\",\"publisher\":{\"@id\":\"https:\/\/coelectrix.com\/pt-pt\/#organization\"},\"potentialAction\":[{\"@type\":\"SearchAction\",\"target\":{\"@type\":\"EntryPoint\",\"urlTemplate\":\"https:\/\/coelectrix.com\/pt-pt\/?s={search_term_string}\"},\"query-input\":{\"@type\":\"PropertyValueSpecification\",\"valueRequired\":true,\"valueName\":\"search_term_string\"}}],\"inLanguage\":\"pt-PT\"},{\"@type\":\"Organization\",\"@id\":\"https:\/\/coelectrix.com\/pt-pt\/#organization\",\"name\":\"coelectrix.com\",\"url\":\"https:\/\/coelectrix.com\/pt-pt\/\",\"logo\":{\"@type\":\"ImageObject\",\"inLanguage\":\"pt-PT\",\"@id\":\"https:\/\/coelectrix.com\/pt-pt\/#\/schema\/logo\/image\/\",\"url\":\"https:\/\/coelectrix.com\/wp-content\/uploads\/2018\/05\/logo-coelectrix-400x400.jpg\",\"contentUrl\":\"https:\/\/coelectrix.com\/wp-content\/uploads\/2018\/05\/logo-coelectrix-400x400.jpg\",\"width\":300,\"height\":300,\"caption\":\"coelectrix.com\"},\"image\":{\"@id\":\"https:\/\/coelectrix.com\/pt-pt\/#\/schema\/logo\/image\/\"}}]}<\/script>\n<!-- \/ Yoast SEO plugin. -->","yoast_head_json":{"title":"\u25b7 Fus\u00edvel de l\u00e2mina NH000 80A 250vDC | Coelectrix.com","description":"Fus\u00edvel de l\u00e2mina NH000 80A Adequado para prote\u00e7\u00e3o de instala\u00e7\u00f5es de elevada capacidade. Tens\u00e3o nominal: 250vDC \/ 500vAC","robots":{"index":"index","follow":"follow","max-snippet":"max-snippet:-1","max-image-preview":"max-image-preview:large","max-video-preview":"max-video-preview:-1"},"canonical":"https:\/\/coelectrix.com\/pt-pt\/producto\/fusible-de-cuchilla-nh000-80a-250vcc","og_locale":"pt_PT","og_type":"article","og_title":"\u25b7 Fus\u00edvel de l\u00e2mina NH000 80A 250vDC | Coelectrix.com","og_description":"Fus\u00edvel de l\u00e2mina NH000 80A Adequado para prote\u00e7\u00e3o de instala\u00e7\u00f5es de elevada capacidade. Tens\u00e3o nominal: 250vDC \/ 500vAC","og_url":"https:\/\/coelectrix.com\/pt-pt\/producto\/fusible-de-cuchilla-nh000-80a-250vcc","og_site_name":"Coelectrix","article_modified_time":"2025-08-19T04:02:29+00:00","og_image":[{"width":600,"height":600,"url":"https:\/\/coelectrix.com\/wp-content\/uploads\/2022\/11\/Fusible-de-cuchilla-NH000-80A-500vac-250vdc.jpg","type":"image\/jpeg"}],"twitter_card":"summary_large_image","schema":{"@context":"https:\/\/schema.org","@graph":[{"@type":"WebPage","@id":"https:\/\/coelectrix.com\/pt-pt\/producto\/fusible-de-cuchilla-nh000-80a-250vcc","url":"https:\/\/coelectrix.com\/pt-pt\/producto\/fusible-de-cuchilla-nh000-80a-250vcc","name":"\u25b7 Fus\u00edvel de l\u00e2mina NH000 80A 250vDC | Coelectrix.com","isPartOf":{"@id":"https:\/\/coelectrix.com\/pt-pt\/#website"},"primaryImageOfPage":{"@id":"https:\/\/coelectrix.com\/pt-pt\/producto\/fusible-de-cuchilla-nh000-80a-250vcc#primaryimage"},"image":{"@id":"https:\/\/coelectrix.com\/pt-pt\/producto\/fusible-de-cuchilla-nh000-80a-250vcc#primaryimage"},"thumbnailUrl":"https:\/\/coelectrix.com\/wp-content\/uploads\/2022\/11\/Fusible-de-cuchilla-NH000-80A-500vac-250vdc.jpg","datePublished":"2022-11-26T10:53:27+00:00","dateModified":"2025-08-19T04:02:29+00:00","description":"Fus\u00edvel de l\u00e2mina NH000 80A Adequado para prote\u00e7\u00e3o de instala\u00e7\u00f5es de elevada capacidade. Tens\u00e3o nominal: 250vDC \/ 500vAC","breadcrumb":{"@id":"https:\/\/coelectrix.com\/pt-pt\/producto\/fusible-de-cuchilla-nh000-80a-250vcc#breadcrumb"},"inLanguage":"pt-PT","potentialAction":[{"@type":"ReadAction","target":["https:\/\/coelectrix.com\/pt-pt\/producto\/fusible-de-cuchilla-nh000-80a-250vcc"]}]},{"@type":"ImageObject","inLanguage":"pt-PT","@id":"https:\/\/coelectrix.com\/pt-pt\/producto\/fusible-de-cuchilla-nh000-80a-250vcc#primaryimage","url":"https:\/\/coelectrix.com\/wp-content\/uploads\/2022\/11\/Fusible-de-cuchilla-NH000-80A-500vac-250vdc.jpg","contentUrl":"https:\/\/coelectrix.com\/wp-content\/uploads\/2022\/11\/Fusible-de-cuchilla-NH000-80A-500vac-250vdc.jpg","width":600,"height":600},{"@type":"BreadcrumbList","@id":"https:\/\/coelectrix.com\/pt-pt\/producto\/fusible-de-cuchilla-nh000-80a-250vcc#breadcrumb","itemListElement":[{"@type":"ListItem","position":1,"name":"Portada","item":"https:\/\/coelectrix.com\/"},{"@type":"ListItem","position":2,"name":"Loja","item":"https:\/\/coelectrix.com\/pt-pt\/loja"},{"@type":"ListItem","position":3,"name":"Fus\u00edvel de l\u00e2mina NH000 80A 250vDC"}]},{"@type":"WebSite","@id":"https:\/\/coelectrix.com\/pt-pt\/#website","url":"https:\/\/coelectrix.com\/pt-pt\/","name":"Coelectrix","description":"Componentes el\u00e9ctricos","publisher":{"@id":"https:\/\/coelectrix.com\/pt-pt\/#organization"},"potentialAction":[{"@type":"SearchAction","target":{"@type":"EntryPoint","urlTemplate":"https:\/\/coelectrix.com\/pt-pt\/?s={search_term_string}"},"query-input":{"@type":"PropertyValueSpecification","valueRequired":true,"valueName":"search_term_string"}}],"inLanguage":"pt-PT"},{"@type":"Organization","@id":"https:\/\/coelectrix.com\/pt-pt\/#organization","name":"coelectrix.com","url":"https:\/\/coelectrix.com\/pt-pt\/","logo":{"@type":"ImageObject","inLanguage":"pt-PT","@id":"https:\/\/coelectrix.com\/pt-pt\/#\/schema\/logo\/image\/","url":"https:\/\/coelectrix.com\/wp-content\/uploads\/2018\/05\/logo-coelectrix-400x400.jpg","contentUrl":"https:\/\/coelectrix.com\/wp-content\/uploads\/2018\/05\/logo-coelectrix-400x400.jpg","width":300,"height":300,"caption":"coelectrix.com"},"image":{"@id":"https:\/\/coelectrix.com\/pt-pt\/#\/schema\/logo\/image\/"}}]}},"_links":{"self":[{"href":"https:\/\/coelectrix.com\/pt-pt\/wp-json\/wp\/v2\/product\/75757","targetHints":{"allow":["GET"]}}],"collection":[{"href":"https:\/\/coelectrix.com\/pt-pt\/wp-json\/wp\/v2\/product"}],"about":[{"href":"https:\/\/coelectrix.com\/pt-pt\/wp-json\/wp\/v2\/types\/product"}],"version-history":[{"count":1,"href":"https:\/\/coelectrix.com\/pt-pt\/wp-json\/wp\/v2\/product\/75757\/revisions"}],"predecessor-version":[{"id":76698,"href":"https:\/\/coelectrix.com\/pt-pt\/wp-json\/wp\/v2\/product\/75757\/revisions\/76698"}],"wp:featuredmedia":[{"embeddable":true,"href":"https:\/\/coelectrix.com\/pt-pt\/wp-json\/wp\/v2\/media\/74050"}],"wp:attachment":[{"href":"https:\/\/coelectrix.com\/pt-pt\/wp-json\/wp\/v2\/media?parent=75757"}],"wp:term":[{"taxonomy":"product_brand","embeddable":true,"href":"https:\/\/coelectrix.com\/pt-pt\/wp-json\/wp\/v2\/product_brand?post=75757"},{"taxonomy":"product_cat","embeddable":true,"href":"https:\/\/coelectrix.com\/pt-pt\/wp-json\/wp\/v2\/product_cat?post=75757"},{"taxonomy":"product_tag","embeddable":true,"href":"https:\/\/coelectrix.com\/pt-pt\/wp-json\/wp\/v2\/product_tag?post=75757"}],"curies":[{"name":"wp","href":"https:\/\/api.w.org\/{rel}","templated":true}]}}