{"id":75758,"date":"2022-09-10T08:10:54","date_gmt":"2022-09-10T06:10:54","guid":{"rendered":"https:\/\/coelectrix.com\/producto\/fusivel-littelfuse-midi-58v"},"modified":"2025-08-19T06:02:31","modified_gmt":"2025-08-19T04:02:31","slug":"fusivel-littelfuse-midi-58v","status":"publish","type":"product","link":"https:\/\/coelectrix.com\/pt-pt\/produto\/fuse-midi-58v-littelfuse","title":{"rendered":"Fus\u00edvel Littelfuse MIDI 58V"},"content":{"rendered":"<p>Este fus\u00edvel \u00e9 classificado como 58V e oferece um fus\u00edvel de rosca para prote\u00e7\u00e3o de cabos de alta corrente. Corrente nominal 30A &#8211; 200A; com material de caixa transparente para f\u00e1cil dete\u00e7\u00e3o de fus\u00edveis queimados.<\/p>\n<p><strong>Especifica\u00e7\u00f5es<\/strong><br \/>\nTens\u00e3o: 58 VDC<br \/>\nCapacidade de interrup\u00e7\u00e3o: 1000A a 58 VDC<br \/>\nTemperatura ambiente recomendada: -40\u02da a 125\u02daC<br \/>\nMaterial do terminal: liga de cobre estanhada<br \/>\nMaterial do inv\u00f3lucro: PET-GF33 (classifica\u00e7\u00e3o de inflamabilidade U.L. 94 &#8211; V0)<br \/>\nMaterial do inv\u00f3lucro transparente:                        PES (classifica\u00e7\u00e3o de inflamabilidade U.L. 94 &#8211; V0)<br \/>\nBin\u00e1rio de montagem M5: 4,5 Nm +\/- 1 Nm<br \/>\nBin\u00e1rio de montagem M6: 6,0 Nm +\/- 1 Nm<br \/>\nRefere-se a:                                                                          Fus\u00edveis para fins especiais ISO 8820-5:2015, UL 248<\/p>\n<p>Pode encontrar <a href=\"https:\/\/coelectrix.com\/pt-pt\/fusiveis\" target=\"_blank\" rel=\"noopener\">outros tipos de fus\u00edveis<\/a>aqui<\/p>\n<p><a href=\"https:\/\/coelectrix.com\/wp-content\/uploads\/2022\/09\/media.pdf\" target=\"_blank\" rel=\"noopener\">Ficha t\u00e9cnica do produto<\/a><\/p>\n","protected":false},"excerpt":{"rendered":"<p>Fus\u00edveis MIDI para instala\u00e7\u00f5es at\u00e9 58V<\/p>\n<p>Dispon\u00edveis em classifica\u00e7\u00f5es de amperagem de 30A a 200A<\/p>\n<p>Fabricante: Littelfuse<\/p>\n","protected":false},"featured_media":73972,"template":"","meta":{"_acf_changed":false},"product_brand":[],"product_cat":[1385,1293],"product_tag":[],"class_list":{"0":"post-75758","1":"product","2":"type-product","3":"status-publish","4":"has-post-thumbnail","6":"product_cat-fusiveis","7":"product_cat-fusiveis-midi","9":"first","10":"instock","11":"taxable","12":"shipping-taxable","13":"purchasable","14":"product-type-variable"},"acf":[],"yoast_head":"<!-- This site is optimized with the Yoast SEO plugin v27.2 - https:\/\/yoast.com\/product\/yoast-seo-wordpress\/ -->\n<title>\u25b7 Fus\u00edvel Littelfuse MIDI 58V | Coelectrix.com<\/title>\n<meta name=\"description\" content=\"Fus\u00edveis MIDI para instala\u00e7\u00f5es at\u00e9 58V Dispon\u00edveis em amperagens de 30A a 200A\" \/>\n<meta name=\"robots\" content=\"index, follow, max-snippet:-1, max-image-preview:large, max-video-preview:-1\" \/>\n<link rel=\"canonical\" href=\"https:\/\/coelectrix.com\/pt-pt\/produto\/fuse-midi-58v-littelfuse\" \/>\n<meta property=\"og:locale\" content=\"pt_PT\" \/>\n<meta property=\"og:type\" content=\"article\" \/>\n<meta property=\"og:title\" content=\"\u25b7 Fus\u00edvel Littelfuse MIDI 58V | Coelectrix.com\" \/>\n<meta property=\"og:description\" content=\"Fus\u00edveis MIDI para instala\u00e7\u00f5es at\u00e9 58V Dispon\u00edveis em amperagens de 30A a 200A\" \/>\n<meta property=\"og:url\" content=\"https:\/\/coelectrix.com\/pt-pt\/produto\/fuse-midi-58v-littelfuse\" \/>\n<meta property=\"og:site_name\" content=\"Coelectrix\" \/>\n<meta property=\"article:modified_time\" content=\"2025-08-19T04:02:31+00:00\" \/>\n<meta property=\"og:image\" content=\"https:\/\/coelectrix.com\/wp-content\/uploads\/2022\/09\/Fusible-MIDI-58V.jpg\" \/>\n\t<meta property=\"og:image:width\" content=\"600\" \/>\n\t<meta property=\"og:image:height\" content=\"600\" \/>\n\t<meta property=\"og:image:type\" content=\"image\/jpeg\" \/>\n<meta name=\"twitter:card\" content=\"summary_large_image\" \/>\n<meta name=\"twitter:label1\" content=\"Tempo estimado de leitura\" \/>\n\t<meta name=\"twitter:data1\" content=\"1 minuto\" \/>\n<script type=\"application\/ld+json\" class=\"yoast-schema-graph\">{\"@context\":\"https:\/\/schema.org\",\"@graph\":[{\"@type\":\"WebPage\",\"@id\":\"https:\/\/coelectrix.com\/pt-pt\/produto\/fuse-midi-58v-littelfuse\",\"url\":\"https:\/\/coelectrix.com\/pt-pt\/produto\/fuse-midi-58v-littelfuse\",\"name\":\"\u25b7 Fus\u00edvel Littelfuse MIDI 58V | Coelectrix.com\",\"isPartOf\":{\"@id\":\"https:\/\/coelectrix.com\/pt-pt\/#website\"},\"primaryImageOfPage\":{\"@id\":\"https:\/\/coelectrix.com\/pt-pt\/produto\/fuse-midi-58v-littelfuse#primaryimage\"},\"image\":{\"@id\":\"https:\/\/coelectrix.com\/pt-pt\/produto\/fuse-midi-58v-littelfuse#primaryimage\"},\"thumbnailUrl\":\"https:\/\/coelectrix.com\/wp-content\/uploads\/2022\/09\/Fusible-MIDI-58V.jpg\",\"datePublished\":\"2022-09-10T06:10:54+00:00\",\"dateModified\":\"2025-08-19T04:02:31+00:00\",\"description\":\"Fus\u00edveis MIDI para instala\u00e7\u00f5es at\u00e9 58V Dispon\u00edveis em amperagens de 30A a 200A\",\"breadcrumb\":{\"@id\":\"https:\/\/coelectrix.com\/pt-pt\/produto\/fuse-midi-58v-littelfuse#breadcrumb\"},\"inLanguage\":\"pt-PT\",\"potentialAction\":[{\"@type\":\"ReadAction\",\"target\":[\"https:\/\/coelectrix.com\/pt-pt\/produto\/fuse-midi-58v-littelfuse\"]}]},{\"@type\":\"ImageObject\",\"inLanguage\":\"pt-PT\",\"@id\":\"https:\/\/coelectrix.com\/pt-pt\/produto\/fuse-midi-58v-littelfuse#primaryimage\",\"url\":\"https:\/\/coelectrix.com\/wp-content\/uploads\/2022\/09\/Fusible-MIDI-58V.jpg\",\"contentUrl\":\"https:\/\/coelectrix.com\/wp-content\/uploads\/2022\/09\/Fusible-MIDI-58V.jpg\",\"width\":600,\"height\":600,\"caption\":\"Fus\u00edvel Littelfuse MIDI 58V\"},{\"@type\":\"BreadcrumbList\",\"@id\":\"https:\/\/coelectrix.com\/pt-pt\/produto\/fuse-midi-58v-littelfuse#breadcrumb\",\"itemListElement\":[{\"@type\":\"ListItem\",\"position\":1,\"name\":\"Portada\",\"item\":\"https:\/\/coelectrix.com\/\"},{\"@type\":\"ListItem\",\"position\":2,\"name\":\"Loja\",\"item\":\"https:\/\/coelectrix.com\/pt-pt\/loja\"},{\"@type\":\"ListItem\",\"position\":3,\"name\":\"Fus\u00edvel Littelfuse MIDI 58V\"}]},{\"@type\":\"WebSite\",\"@id\":\"https:\/\/coelectrix.com\/pt-pt\/#website\",\"url\":\"https:\/\/coelectrix.com\/pt-pt\/\",\"name\":\"Coelectrix\",\"description\":\"Componentes el\u00e9ctricos\",\"publisher\":{\"@id\":\"https:\/\/coelectrix.com\/pt-pt\/#organization\"},\"potentialAction\":[{\"@type\":\"SearchAction\",\"target\":{\"@type\":\"EntryPoint\",\"urlTemplate\":\"https:\/\/coelectrix.com\/pt-pt\/?s={search_term_string}\"},\"query-input\":{\"@type\":\"PropertyValueSpecification\",\"valueRequired\":true,\"valueName\":\"search_term_string\"}}],\"inLanguage\":\"pt-PT\"},{\"@type\":\"Organization\",\"@id\":\"https:\/\/coelectrix.com\/pt-pt\/#organization\",\"name\":\"coelectrix.com\",\"url\":\"https:\/\/coelectrix.com\/pt-pt\/\",\"logo\":{\"@type\":\"ImageObject\",\"inLanguage\":\"pt-PT\",\"@id\":\"https:\/\/coelectrix.com\/pt-pt\/#\/schema\/logo\/image\/\",\"url\":\"https:\/\/coelectrix.com\/wp-content\/uploads\/2018\/05\/logo-coelectrix-400x400.jpg\",\"contentUrl\":\"https:\/\/coelectrix.com\/wp-content\/uploads\/2018\/05\/logo-coelectrix-400x400.jpg\",\"width\":300,\"height\":300,\"caption\":\"coelectrix.com\"},\"image\":{\"@id\":\"https:\/\/coelectrix.com\/pt-pt\/#\/schema\/logo\/image\/\"}}]}<\/script>\n<!-- \/ Yoast SEO plugin. -->","yoast_head_json":{"title":"\u25b7 Fus\u00edvel Littelfuse MIDI 58V | Coelectrix.com","description":"Fus\u00edveis MIDI para instala\u00e7\u00f5es at\u00e9 58V Dispon\u00edveis em amperagens de 30A a 200A","robots":{"index":"index","follow":"follow","max-snippet":"max-snippet:-1","max-image-preview":"max-image-preview:large","max-video-preview":"max-video-preview:-1"},"canonical":"https:\/\/coelectrix.com\/pt-pt\/produto\/fuse-midi-58v-littelfuse","og_locale":"pt_PT","og_type":"article","og_title":"\u25b7 Fus\u00edvel Littelfuse MIDI 58V | Coelectrix.com","og_description":"Fus\u00edveis MIDI para instala\u00e7\u00f5es at\u00e9 58V Dispon\u00edveis em amperagens de 30A a 200A","og_url":"https:\/\/coelectrix.com\/pt-pt\/produto\/fuse-midi-58v-littelfuse","og_site_name":"Coelectrix","article_modified_time":"2025-08-19T04:02:31+00:00","og_image":[{"width":600,"height":600,"url":"https:\/\/coelectrix.com\/wp-content\/uploads\/2022\/09\/Fusible-MIDI-58V.jpg","type":"image\/jpeg"}],"twitter_card":"summary_large_image","twitter_misc":{"Tempo estimado de leitura":"1 minuto"},"schema":{"@context":"https:\/\/schema.org","@graph":[{"@type":"WebPage","@id":"https:\/\/coelectrix.com\/pt-pt\/produto\/fuse-midi-58v-littelfuse","url":"https:\/\/coelectrix.com\/pt-pt\/produto\/fuse-midi-58v-littelfuse","name":"\u25b7 Fus\u00edvel Littelfuse MIDI 58V | Coelectrix.com","isPartOf":{"@id":"https:\/\/coelectrix.com\/pt-pt\/#website"},"primaryImageOfPage":{"@id":"https:\/\/coelectrix.com\/pt-pt\/produto\/fuse-midi-58v-littelfuse#primaryimage"},"image":{"@id":"https:\/\/coelectrix.com\/pt-pt\/produto\/fuse-midi-58v-littelfuse#primaryimage"},"thumbnailUrl":"https:\/\/coelectrix.com\/wp-content\/uploads\/2022\/09\/Fusible-MIDI-58V.jpg","datePublished":"2022-09-10T06:10:54+00:00","dateModified":"2025-08-19T04:02:31+00:00","description":"Fus\u00edveis MIDI para instala\u00e7\u00f5es at\u00e9 58V Dispon\u00edveis em amperagens de 30A a 200A","breadcrumb":{"@id":"https:\/\/coelectrix.com\/pt-pt\/produto\/fuse-midi-58v-littelfuse#breadcrumb"},"inLanguage":"pt-PT","potentialAction":[{"@type":"ReadAction","target":["https:\/\/coelectrix.com\/pt-pt\/produto\/fuse-midi-58v-littelfuse"]}]},{"@type":"ImageObject","inLanguage":"pt-PT","@id":"https:\/\/coelectrix.com\/pt-pt\/produto\/fuse-midi-58v-littelfuse#primaryimage","url":"https:\/\/coelectrix.com\/wp-content\/uploads\/2022\/09\/Fusible-MIDI-58V.jpg","contentUrl":"https:\/\/coelectrix.com\/wp-content\/uploads\/2022\/09\/Fusible-MIDI-58V.jpg","width":600,"height":600,"caption":"Fus\u00edvel Littelfuse MIDI 58V"},{"@type":"BreadcrumbList","@id":"https:\/\/coelectrix.com\/pt-pt\/produto\/fuse-midi-58v-littelfuse#breadcrumb","itemListElement":[{"@type":"ListItem","position":1,"name":"Portada","item":"https:\/\/coelectrix.com\/"},{"@type":"ListItem","position":2,"name":"Loja","item":"https:\/\/coelectrix.com\/pt-pt\/loja"},{"@type":"ListItem","position":3,"name":"Fus\u00edvel Littelfuse MIDI 58V"}]},{"@type":"WebSite","@id":"https:\/\/coelectrix.com\/pt-pt\/#website","url":"https:\/\/coelectrix.com\/pt-pt\/","name":"Coelectrix","description":"Componentes el\u00e9ctricos","publisher":{"@id":"https:\/\/coelectrix.com\/pt-pt\/#organization"},"potentialAction":[{"@type":"SearchAction","target":{"@type":"EntryPoint","urlTemplate":"https:\/\/coelectrix.com\/pt-pt\/?s={search_term_string}"},"query-input":{"@type":"PropertyValueSpecification","valueRequired":true,"valueName":"search_term_string"}}],"inLanguage":"pt-PT"},{"@type":"Organization","@id":"https:\/\/coelectrix.com\/pt-pt\/#organization","name":"coelectrix.com","url":"https:\/\/coelectrix.com\/pt-pt\/","logo":{"@type":"ImageObject","inLanguage":"pt-PT","@id":"https:\/\/coelectrix.com\/pt-pt\/#\/schema\/logo\/image\/","url":"https:\/\/coelectrix.com\/wp-content\/uploads\/2018\/05\/logo-coelectrix-400x400.jpg","contentUrl":"https:\/\/coelectrix.com\/wp-content\/uploads\/2018\/05\/logo-coelectrix-400x400.jpg","width":300,"height":300,"caption":"coelectrix.com"},"image":{"@id":"https:\/\/coelectrix.com\/pt-pt\/#\/schema\/logo\/image\/"}}]}},"_links":{"self":[{"href":"https:\/\/coelectrix.com\/pt-pt\/wp-json\/wp\/v2\/product\/75758","targetHints":{"allow":["GET"]}}],"collection":[{"href":"https:\/\/coelectrix.com\/pt-pt\/wp-json\/wp\/v2\/product"}],"about":[{"href":"https:\/\/coelectrix.com\/pt-pt\/wp-json\/wp\/v2\/types\/product"}],"version-history":[{"count":1,"href":"https:\/\/coelectrix.com\/pt-pt\/wp-json\/wp\/v2\/product\/75758\/revisions"}],"predecessor-version":[{"id":76710,"href":"https:\/\/coelectrix.com\/pt-pt\/wp-json\/wp\/v2\/product\/75758\/revisions\/76710"}],"wp:featuredmedia":[{"embeddable":true,"href":"https:\/\/coelectrix.com\/pt-pt\/wp-json\/wp\/v2\/media\/73972"}],"wp:attachment":[{"href":"https:\/\/coelectrix.com\/pt-pt\/wp-json\/wp\/v2\/media?parent=75758"}],"wp:term":[{"taxonomy":"product_brand","embeddable":true,"href":"https:\/\/coelectrix.com\/pt-pt\/wp-json\/wp\/v2\/product_brand?post=75758"},{"taxonomy":"product_cat","embeddable":true,"href":"https:\/\/coelectrix.com\/pt-pt\/wp-json\/wp\/v2\/product_cat?post=75758"},{"taxonomy":"product_tag","embeddable":true,"href":"https:\/\/coelectrix.com\/pt-pt\/wp-json\/wp\/v2\/product_tag?post=75758"}],"curies":[{"name":"wp","href":"https:\/\/api.w.org\/{rel}","templated":true}]}}