{"id":75792,"date":"2017-11-09T13:50:42","date_gmt":"2017-11-09T12:50:42","guid":{"rendered":"https:\/\/coelectrix.com\/producto\/fusiveis-mega-32v-mta"},"modified":"2025-08-19T06:05:21","modified_gmt":"2025-08-19T04:05:21","slug":"fusiveis-mega-32v-mta","status":"publish","type":"product","link":"https:\/\/coelectrix.com\/pt-pt\/product\/fuses-mega-60-500a","title":{"rendered":"Fus\u00edveis MEGA 32V MTA"},"content":{"rendered":"<hr \/>\n<h1>Fus\u00edveis MEGA<\/h1>\n<p>Fus\u00edveis de tipo MEGA para instala\u00e7\u00f5es de elevado consumo<\/p>\n<p>Tens\u00e3o: 32V<\/p>\n<p>Fus\u00edveis MEGA dispon\u00edveis de 60Amp a 500Amp e diferenciados por cores.<\/p>\n<p>Adequados para liga\u00e7\u00e3o aos nossos <a href=\"https:\/\/www.coelectrix.com\/producto\/portafusibles-mega\">porta-fus\u00edveis<\/a>MEGA<\/p>\n<p><a href=\"https:\/\/coelectrix.com\/wp-content\/uploads\/2022\/09\/MEGAVAL-32A.pdf\">Ficha t\u00e9cnica do produto<\/a><\/p>\n","protected":false},"excerpt":{"rendered":"<h2><span style=\"font-family: helvetica, arial, sans-serif;\">Fus\u00edveis de tipo MEGA<\/span><\/h2>\n<p><span style=\"font-family: helvetica, arial, sans-serif;\">Dispon\u00edveis de 60A a 500A no menu pendente.<\/span><\/p>\n<p><span style=\"font-family: helvetica, arial, sans-serif;\">O pre\u00e7o \u00e9 por unidade, incluindo IVA.<\/span><\/p>\n<p><img decoding=\"async\" class=\"alignnone size-full wp-image-715\" src=\"https:\/\/www.coelectrix.com\/wp-content\/uploads\/2016\/09\/payment-logo-1.png\" alt=\"\" width=\"245\" height=\"62\" srcset=\"https:\/\/coelectrix.com\/wp-content\/uploads\/2016\/09\/payment-logo-1.png 245w, https:\/\/coelectrix.com\/wp-content\/uploads\/2016\/09\/payment-logo-1-64x16.png 64w\" sizes=\"(max-width: 245px) 100vw, 245px\" \/><\/p>\n","protected":false},"featured_media":72673,"template":"","meta":{"_acf_changed":false},"product_brand":[],"product_cat":[1385,1292],"product_tag":[],"class_list":{"0":"post-75792","1":"product","2":"type-product","3":"status-publish","4":"has-post-thumbnail","6":"product_cat-fusiveis","7":"product_cat-mega-fusiveis","9":"first","10":"instock","11":"featured","12":"taxable","13":"shipping-taxable","14":"purchasable","15":"product-type-variable"},"acf":[],"yoast_head":"<!-- This site is optimized with the Yoast SEO plugin v27.2 - https:\/\/yoast.com\/product\/yoast-seo-wordpress\/ -->\n<title>Fus\u00edveis MEGA 32V MTA | coelectrix.com<\/title>\n<meta name=\"description\" content=\"MEGA fus\u00edveis de 60A a 500A | Loja online de fus\u00edveis, porta-fus\u00edveis, cabos para autom\u00f3veis, terminais...etc | coelectrix.com\" \/>\n<meta name=\"robots\" content=\"index, follow, max-snippet:-1, max-image-preview:large, max-video-preview:-1\" \/>\n<link rel=\"canonical\" href=\"https:\/\/coelectrix.com\/pt-pt\/product\/fuses-mega-60-500a\" \/>\n<meta property=\"og:locale\" content=\"pt_PT\" \/>\n<meta property=\"og:type\" content=\"article\" \/>\n<meta property=\"og:title\" content=\"Fus\u00edveis MEGA 32V MTA | coelectrix.com\" \/>\n<meta property=\"og:description\" content=\"MEGA fus\u00edveis de 60A a 500A | Loja online de fus\u00edveis, porta-fus\u00edveis, cabos para autom\u00f3veis, terminais...etc | coelectrix.com\" \/>\n<meta property=\"og:url\" content=\"https:\/\/coelectrix.com\/pt-pt\/product\/fuses-mega-60-500a\" \/>\n<meta property=\"og:site_name\" content=\"Coelectrix\" \/>\n<meta property=\"article:modified_time\" content=\"2025-08-19T04:05:21+00:00\" \/>\n<meta property=\"og:image\" content=\"https:\/\/coelectrix.com\/wp-content\/uploads\/2017\/11\/fusibles-mega.jpg\" \/>\n\t<meta property=\"og:image:width\" content=\"300\" \/>\n\t<meta property=\"og:image:height\" content=\"300\" \/>\n\t<meta property=\"og:image:type\" content=\"image\/jpeg\" \/>\n<meta name=\"twitter:card\" content=\"summary_large_image\" \/>\n<script type=\"application\/ld+json\" class=\"yoast-schema-graph\">{\"@context\":\"https:\/\/schema.org\",\"@graph\":[{\"@type\":\"WebPage\",\"@id\":\"https:\/\/coelectrix.com\/pt-pt\/product\/fuses-mega-60-500a\",\"url\":\"https:\/\/coelectrix.com\/pt-pt\/product\/fuses-mega-60-500a\",\"name\":\"Fus\u00edveis MEGA 32V MTA | coelectrix.com\",\"isPartOf\":{\"@id\":\"https:\/\/coelectrix.com\/pt-pt\/#website\"},\"primaryImageOfPage\":{\"@id\":\"https:\/\/coelectrix.com\/pt-pt\/product\/fuses-mega-60-500a#primaryimage\"},\"image\":{\"@id\":\"https:\/\/coelectrix.com\/pt-pt\/product\/fuses-mega-60-500a#primaryimage\"},\"thumbnailUrl\":\"https:\/\/coelectrix.com\/wp-content\/uploads\/2017\/11\/fusibles-mega.jpg\",\"datePublished\":\"2017-11-09T12:50:42+00:00\",\"dateModified\":\"2025-08-19T04:05:21+00:00\",\"description\":\"MEGA fus\u00edveis de 60A a 500A | Loja online de fus\u00edveis, porta-fus\u00edveis, cabos para autom\u00f3veis, terminais...etc | coelectrix.com\",\"breadcrumb\":{\"@id\":\"https:\/\/coelectrix.com\/pt-pt\/product\/fuses-mega-60-500a#breadcrumb\"},\"inLanguage\":\"pt-PT\",\"potentialAction\":[{\"@type\":\"ReadAction\",\"target\":[\"https:\/\/coelectrix.com\/pt-pt\/product\/fuses-mega-60-500a\"]}]},{\"@type\":\"ImageObject\",\"inLanguage\":\"pt-PT\",\"@id\":\"https:\/\/coelectrix.com\/pt-pt\/product\/fuses-mega-60-500a#primaryimage\",\"url\":\"https:\/\/coelectrix.com\/wp-content\/uploads\/2017\/11\/fusibles-mega.jpg\",\"contentUrl\":\"https:\/\/coelectrix.com\/wp-content\/uploads\/2017\/11\/fusibles-mega.jpg\",\"width\":300,\"height\":300,\"caption\":\"MEGA fus\u00edveis\"},{\"@type\":\"BreadcrumbList\",\"@id\":\"https:\/\/coelectrix.com\/pt-pt\/product\/fuses-mega-60-500a#breadcrumb\",\"itemListElement\":[{\"@type\":\"ListItem\",\"position\":1,\"name\":\"Portada\",\"item\":\"https:\/\/coelectrix.com\/\"},{\"@type\":\"ListItem\",\"position\":2,\"name\":\"Loja\",\"item\":\"https:\/\/coelectrix.com\/pt-pt\/loja\"},{\"@type\":\"ListItem\",\"position\":3,\"name\":\"Fus\u00edveis MEGA 32V MTA\"}]},{\"@type\":\"WebSite\",\"@id\":\"https:\/\/coelectrix.com\/pt-pt\/#website\",\"url\":\"https:\/\/coelectrix.com\/pt-pt\/\",\"name\":\"Coelectrix\",\"description\":\"Componentes el\u00e9ctricos\",\"publisher\":{\"@id\":\"https:\/\/coelectrix.com\/pt-pt\/#organization\"},\"potentialAction\":[{\"@type\":\"SearchAction\",\"target\":{\"@type\":\"EntryPoint\",\"urlTemplate\":\"https:\/\/coelectrix.com\/pt-pt\/?s={search_term_string}\"},\"query-input\":{\"@type\":\"PropertyValueSpecification\",\"valueRequired\":true,\"valueName\":\"search_term_string\"}}],\"inLanguage\":\"pt-PT\"},{\"@type\":\"Organization\",\"@id\":\"https:\/\/coelectrix.com\/pt-pt\/#organization\",\"name\":\"coelectrix.com\",\"url\":\"https:\/\/coelectrix.com\/pt-pt\/\",\"logo\":{\"@type\":\"ImageObject\",\"inLanguage\":\"pt-PT\",\"@id\":\"https:\/\/coelectrix.com\/pt-pt\/#\/schema\/logo\/image\/\",\"url\":\"https:\/\/coelectrix.com\/wp-content\/uploads\/2018\/05\/logo-coelectrix-400x400.jpg\",\"contentUrl\":\"https:\/\/coelectrix.com\/wp-content\/uploads\/2018\/05\/logo-coelectrix-400x400.jpg\",\"width\":300,\"height\":300,\"caption\":\"coelectrix.com\"},\"image\":{\"@id\":\"https:\/\/coelectrix.com\/pt-pt\/#\/schema\/logo\/image\/\"}}]}<\/script>\n<!-- \/ Yoast SEO plugin. -->","yoast_head_json":{"title":"Fus\u00edveis MEGA 32V MTA | coelectrix.com","description":"MEGA fus\u00edveis de 60A a 500A | Loja online de fus\u00edveis, porta-fus\u00edveis, cabos para autom\u00f3veis, terminais...etc | coelectrix.com","robots":{"index":"index","follow":"follow","max-snippet":"max-snippet:-1","max-image-preview":"max-image-preview:large","max-video-preview":"max-video-preview:-1"},"canonical":"https:\/\/coelectrix.com\/pt-pt\/product\/fuses-mega-60-500a","og_locale":"pt_PT","og_type":"article","og_title":"Fus\u00edveis MEGA 32V MTA | coelectrix.com","og_description":"MEGA fus\u00edveis de 60A a 500A | Loja online de fus\u00edveis, porta-fus\u00edveis, cabos para autom\u00f3veis, terminais...etc | coelectrix.com","og_url":"https:\/\/coelectrix.com\/pt-pt\/product\/fuses-mega-60-500a","og_site_name":"Coelectrix","article_modified_time":"2025-08-19T04:05:21+00:00","og_image":[{"width":300,"height":300,"url":"https:\/\/coelectrix.com\/wp-content\/uploads\/2017\/11\/fusibles-mega.jpg","type":"image\/jpeg"}],"twitter_card":"summary_large_image","schema":{"@context":"https:\/\/schema.org","@graph":[{"@type":"WebPage","@id":"https:\/\/coelectrix.com\/pt-pt\/product\/fuses-mega-60-500a","url":"https:\/\/coelectrix.com\/pt-pt\/product\/fuses-mega-60-500a","name":"Fus\u00edveis MEGA 32V MTA | coelectrix.com","isPartOf":{"@id":"https:\/\/coelectrix.com\/pt-pt\/#website"},"primaryImageOfPage":{"@id":"https:\/\/coelectrix.com\/pt-pt\/product\/fuses-mega-60-500a#primaryimage"},"image":{"@id":"https:\/\/coelectrix.com\/pt-pt\/product\/fuses-mega-60-500a#primaryimage"},"thumbnailUrl":"https:\/\/coelectrix.com\/wp-content\/uploads\/2017\/11\/fusibles-mega.jpg","datePublished":"2017-11-09T12:50:42+00:00","dateModified":"2025-08-19T04:05:21+00:00","description":"MEGA fus\u00edveis de 60A a 500A | Loja online de fus\u00edveis, porta-fus\u00edveis, cabos para autom\u00f3veis, terminais...etc | coelectrix.com","breadcrumb":{"@id":"https:\/\/coelectrix.com\/pt-pt\/product\/fuses-mega-60-500a#breadcrumb"},"inLanguage":"pt-PT","potentialAction":[{"@type":"ReadAction","target":["https:\/\/coelectrix.com\/pt-pt\/product\/fuses-mega-60-500a"]}]},{"@type":"ImageObject","inLanguage":"pt-PT","@id":"https:\/\/coelectrix.com\/pt-pt\/product\/fuses-mega-60-500a#primaryimage","url":"https:\/\/coelectrix.com\/wp-content\/uploads\/2017\/11\/fusibles-mega.jpg","contentUrl":"https:\/\/coelectrix.com\/wp-content\/uploads\/2017\/11\/fusibles-mega.jpg","width":300,"height":300,"caption":"MEGA fus\u00edveis"},{"@type":"BreadcrumbList","@id":"https:\/\/coelectrix.com\/pt-pt\/product\/fuses-mega-60-500a#breadcrumb","itemListElement":[{"@type":"ListItem","position":1,"name":"Portada","item":"https:\/\/coelectrix.com\/"},{"@type":"ListItem","position":2,"name":"Loja","item":"https:\/\/coelectrix.com\/pt-pt\/loja"},{"@type":"ListItem","position":3,"name":"Fus\u00edveis MEGA 32V MTA"}]},{"@type":"WebSite","@id":"https:\/\/coelectrix.com\/pt-pt\/#website","url":"https:\/\/coelectrix.com\/pt-pt\/","name":"Coelectrix","description":"Componentes el\u00e9ctricos","publisher":{"@id":"https:\/\/coelectrix.com\/pt-pt\/#organization"},"potentialAction":[{"@type":"SearchAction","target":{"@type":"EntryPoint","urlTemplate":"https:\/\/coelectrix.com\/pt-pt\/?s={search_term_string}"},"query-input":{"@type":"PropertyValueSpecification","valueRequired":true,"valueName":"search_term_string"}}],"inLanguage":"pt-PT"},{"@type":"Organization","@id":"https:\/\/coelectrix.com\/pt-pt\/#organization","name":"coelectrix.com","url":"https:\/\/coelectrix.com\/pt-pt\/","logo":{"@type":"ImageObject","inLanguage":"pt-PT","@id":"https:\/\/coelectrix.com\/pt-pt\/#\/schema\/logo\/image\/","url":"https:\/\/coelectrix.com\/wp-content\/uploads\/2018\/05\/logo-coelectrix-400x400.jpg","contentUrl":"https:\/\/coelectrix.com\/wp-content\/uploads\/2018\/05\/logo-coelectrix-400x400.jpg","width":300,"height":300,"caption":"coelectrix.com"},"image":{"@id":"https:\/\/coelectrix.com\/pt-pt\/#\/schema\/logo\/image\/"}}]}},"_links":{"self":[{"href":"https:\/\/coelectrix.com\/pt-pt\/wp-json\/wp\/v2\/product\/75792","targetHints":{"allow":["GET"]}}],"collection":[{"href":"https:\/\/coelectrix.com\/pt-pt\/wp-json\/wp\/v2\/product"}],"about":[{"href":"https:\/\/coelectrix.com\/pt-pt\/wp-json\/wp\/v2\/types\/product"}],"version-history":[{"count":1,"href":"https:\/\/coelectrix.com\/pt-pt\/wp-json\/wp\/v2\/product\/75792\/revisions"}],"predecessor-version":[{"id":76866,"href":"https:\/\/coelectrix.com\/pt-pt\/wp-json\/wp\/v2\/product\/75792\/revisions\/76866"}],"wp:featuredmedia":[{"embeddable":true,"href":"https:\/\/coelectrix.com\/pt-pt\/wp-json\/wp\/v2\/media\/72673"}],"wp:attachment":[{"href":"https:\/\/coelectrix.com\/pt-pt\/wp-json\/wp\/v2\/media?parent=75792"}],"wp:term":[{"taxonomy":"product_brand","embeddable":true,"href":"https:\/\/coelectrix.com\/pt-pt\/wp-json\/wp\/v2\/product_brand?post=75792"},{"taxonomy":"product_cat","embeddable":true,"href":"https:\/\/coelectrix.com\/pt-pt\/wp-json\/wp\/v2\/product_cat?post=75792"},{"taxonomy":"product_tag","embeddable":true,"href":"https:\/\/coelectrix.com\/pt-pt\/wp-json\/wp\/v2\/product_tag?post=75792"}],"curies":[{"name":"wp","href":"https:\/\/api.w.org\/{rel}","templated":true}]}}