{"id":75805,"date":"2017-03-31T07:41:30","date_gmt":"2017-03-31T05:41:30","guid":{"rendered":"https:\/\/coelectrix.com\/producto\/maxi-fusiveis-32v-embalagem-de-5-unidades"},"modified":"2025-08-19T06:05:49","modified_gmt":"2025-08-19T04:05:49","slug":"maxi-fusiveis-32v-embalagem-de-5-unidades","status":"publish","type":"product","link":"https:\/\/coelectrix.com\/pt-pt\/producto\/fusibles-maxi-32v-20-100a","title":{"rendered":"Maxi Fus\u00edveis 32v. Embalagem de 5 unidades"},"content":{"rendered":"<h2>Comprar fus\u00edveis maxi 32v.<\/h2>\n<p>Maxi fus\u00edveis para prote\u00e7\u00e3o de circuitos at\u00e9 32v.<\/p>\n<p>Dispon\u00edveis desde 20amp. at\u00e9 100amp.<\/p>\n<p>Os maxi fus\u00edveis de 32V s\u00e3o um tipo de fus\u00edvel utilizado para proteger os circuitos el\u00e9ctricos dos <strong>autom\u00f3veis, autocaravanas e caravanas<\/strong> contra sobrecargas e curto-circuitos. Algumas das suas carater\u00edsticas incluem:<\/p>\n<ul>\n<li><strong>Corrente nominal<\/strong>: Os fus\u00edveis maxi de 32V s\u00e3o concebidos para suportar correntes at\u00e9 100 amperes.<\/li>\n<li><strong>Tens\u00e3o nominal<\/strong>: Como o nome indica, estes fus\u00edveis s\u00e3o concebidos para funcionar com uma tens\u00e3o nominal de 32V.<\/li>\n<li><strong>Interrup\u00e7\u00e3o de alta capacidade<\/strong>: os fus\u00edveis maxi de 32V s\u00e3o capazes de interromper rapidamente correntes de curto-circuito de alta intensidade.<\/li>\n<li><strong>Design \u00e0 prova de adultera\u00e7\u00e3o<\/strong>: Estes fus\u00edveis t\u00eam um design inviol\u00e1vel, o que ajuda a evitar acidentes.<\/li>\n<li><strong>F\u00e1cil instala\u00e7\u00e3o<\/strong>: os fus\u00edveis maxi de 32V s\u00e3o fornecidos com terminais de tipo r\u00e1pido, o que os torna f\u00e1ceis de instalar e substituir.<\/li>\n<\/ul>\n<p>Em geral, os fus\u00edveis maxi de 32V s\u00e3o uma excelente escolha para aplica\u00e7\u00f5es em que \u00e9 necess\u00e1ria uma prote\u00e7\u00e3o fi\u00e1vel e <strong>de elevada capacidade<\/strong> dos circuitos.<\/p>\n<div class=\"flex-1 overflow-hidden\">\n<div class=\"react-scroll-to-bottom--css-utile-79elbk h-full dark:bg-gray-800\">\n<div class=\"react-scroll-to-bottom--css-utile-1n7m0yu\">\n<div class=\"flex flex-col items-center text-sm h-full dark:bg-gray-800\">\n<div class=\"w-full border-b border-black\/10 dark:border-gray-900\/50 text-gray-800 dark:text-gray-100 group bg-gray-50 dark:bg-[#444654]\">\n<div class=\"text-base gap-4 md:gap-6 m-auto md:max-w-2xl lg:max-w-2xl xl:max-w-3xl p-4 md:py-6 flex lg:px-0\">\n<div class=\"relative flex w-[calc(100%-50px)] md:flex-col lg:w-[calc(100%-115px)]\">\n<div class=\"flex flex-grow flex-col gap-3\">\n<div class=\"min-h-[20px] flex flex-col items-start gap-4 whitespace-pre-wrap\">\n<div class=\"markdown prose w-full break-words dark:prose-invert light\">\n<p>Os maxi-fus\u00edveis de 32V s\u00e3o utilizados numa variedade de ve\u00edculos, incluindo cami\u00f5es, autocarros, barcos e autom\u00f3veis, uma vez que estes ve\u00edculos t\u00eam frequentemente sistemas el\u00e9ctricos de alta pot\u00eancia e requerem prote\u00e7\u00e3o contra sobrecargas e curto-circuitos.<\/p>\n<p>Tamb\u00e9m s\u00e3o utilizados em <strong>ve\u00edculos industriais<\/strong>, como m\u00e1quinas de constru\u00e7\u00e3o e equipamento de manuseamento de materiais. Os fus\u00edveis maxi de 32V s\u00e3o ideais para sistemas el\u00e9ctricos que requerem correntes elevadas e tens\u00f5es nominais de 32 volts.<\/p>\n<p>Nos autom\u00f3veis, estes fus\u00edveis s\u00e3o frequentemente utilizados em sistemas el\u00e9ctricos mais avan\u00e7ados, como os <strong>sistemas de carregamento de baterias h\u00edbridas ou el\u00e9ctricas<\/strong>.<\/p>\n<\/div>\n<\/div>\n<\/div>\n<\/div>\n<\/div>\n<\/div>\n<\/div>\n<\/div>\n<\/div>\n<\/div>\n","protected":false},"excerpt":{"rendered":"<p>Pacote de 5 fus\u00edveis Maxi.<\/p>\n<p>Dispon\u00edvel de 20A a 100A<\/p>\n<p><img decoding=\"async\" class=\"alignnone size-full wp-image-715\" src=\"http:\/\/www.coelectrix.com\/wp-content\/uploads\/2016\/09\/payment-logo-1.png\" alt=\"\" width=\"245\" height=\"62\" srcset=\"https:\/\/coelectrix.com\/wp-content\/uploads\/2016\/09\/payment-logo-1.png 245w, https:\/\/coelectrix.com\/wp-content\/uploads\/2016\/09\/payment-logo-1-64x16.png 64w\" sizes=\"(max-width: 245px) 100vw, 245px\" \/><\/p>\n","protected":false},"featured_media":72629,"template":"","meta":{"_acf_changed":false},"product_brand":[],"product_cat":[1385,1291],"product_tag":[],"class_list":{"0":"post-75805","1":"product","2":"type-product","3":"status-publish","4":"has-post-thumbnail","6":"product_cat-fusiveis","7":"product_cat-fusiveis-maxi","9":"first","10":"instock","11":"taxable","12":"shipping-taxable","13":"purchasable","14":"product-type-variable"},"acf":[],"yoast_head":"<!-- This site is optimized with the Yoast SEO plugin v27.2 - https:\/\/yoast.com\/product\/yoast-seo-wordpress\/ -->\n<title>\u25b7 Maxi Fus\u00edveis 32v. Embalagem de 5 unidades | Coelectrix.com<\/title>\n<meta name=\"description\" content=\"Fus\u00edveis Maxi 32v. de 20A a 100A em packs de 5 ao melhor pre\u00e7o | Loja online de fus\u00edveis e porta-fus\u00edveis, cabos, conectores e tudo o que precisa.\" \/>\n<meta name=\"robots\" content=\"index, follow, max-snippet:-1, max-image-preview:large, max-video-preview:-1\" \/>\n<link rel=\"canonical\" href=\"https:\/\/coelectrix.com\/pt-pt\/producto\/fusibles-maxi-32v-20-100a\" \/>\n<meta property=\"og:locale\" content=\"pt_PT\" \/>\n<meta property=\"og:type\" content=\"article\" \/>\n<meta property=\"og:title\" content=\"\u25b7 Maxi Fus\u00edveis 32v. Embalagem de 5 unidades | Coelectrix.com\" \/>\n<meta property=\"og:description\" content=\"Fus\u00edveis Maxi 32v. de 20A a 100A em packs de 5 ao melhor pre\u00e7o | Loja online de fus\u00edveis e porta-fus\u00edveis, cabos, conectores e tudo o que precisa.\" \/>\n<meta property=\"og:url\" content=\"https:\/\/coelectrix.com\/pt-pt\/producto\/fusibles-maxi-32v-20-100a\" \/>\n<meta property=\"og:site_name\" content=\"Coelectrix\" \/>\n<meta property=\"article:modified_time\" content=\"2025-08-19T04:05:49+00:00\" \/>\n<meta property=\"og:image\" content=\"https:\/\/coelectrix.com\/wp-content\/uploads\/2017\/03\/fusibles-maxi.jpg\" \/>\n\t<meta property=\"og:image:width\" content=\"300\" \/>\n\t<meta property=\"og:image:height\" content=\"300\" \/>\n\t<meta property=\"og:image:type\" content=\"image\/jpeg\" \/>\n<meta name=\"twitter:card\" content=\"summary_large_image\" \/>\n<meta name=\"twitter:label1\" content=\"Tempo estimado de leitura\" \/>\n\t<meta name=\"twitter:data1\" content=\"2 minutos\" \/>\n<script type=\"application\/ld+json\" class=\"yoast-schema-graph\">{\"@context\":\"https:\/\/schema.org\",\"@graph\":[{\"@type\":\"WebPage\",\"@id\":\"https:\/\/coelectrix.com\/pt-pt\/producto\/fusibles-maxi-32v-20-100a\",\"url\":\"https:\/\/coelectrix.com\/pt-pt\/producto\/fusibles-maxi-32v-20-100a\",\"name\":\"\u25b7 Maxi Fus\u00edveis 32v. Embalagem de 5 unidades | Coelectrix.com\",\"isPartOf\":{\"@id\":\"https:\/\/coelectrix.com\/pt-pt\/#website\"},\"primaryImageOfPage\":{\"@id\":\"https:\/\/coelectrix.com\/pt-pt\/producto\/fusibles-maxi-32v-20-100a#primaryimage\"},\"image\":{\"@id\":\"https:\/\/coelectrix.com\/pt-pt\/producto\/fusibles-maxi-32v-20-100a#primaryimage\"},\"thumbnailUrl\":\"https:\/\/coelectrix.com\/wp-content\/uploads\/2017\/03\/fusibles-maxi.jpg\",\"datePublished\":\"2017-03-31T05:41:30+00:00\",\"dateModified\":\"2025-08-19T04:05:49+00:00\",\"description\":\"Fus\u00edveis Maxi 32v. de 20A a 100A em packs de 5 ao melhor pre\u00e7o | Loja online de fus\u00edveis e porta-fus\u00edveis, cabos, conectores e tudo o que precisa.\",\"breadcrumb\":{\"@id\":\"https:\/\/coelectrix.com\/pt-pt\/producto\/fusibles-maxi-32v-20-100a#breadcrumb\"},\"inLanguage\":\"pt-PT\",\"potentialAction\":[{\"@type\":\"ReadAction\",\"target\":[\"https:\/\/coelectrix.com\/pt-pt\/producto\/fusibles-maxi-32v-20-100a\"]}]},{\"@type\":\"ImageObject\",\"inLanguage\":\"pt-PT\",\"@id\":\"https:\/\/coelectrix.com\/pt-pt\/producto\/fusibles-maxi-32v-20-100a#primaryimage\",\"url\":\"https:\/\/coelectrix.com\/wp-content\/uploads\/2017\/03\/fusibles-maxi.jpg\",\"contentUrl\":\"https:\/\/coelectrix.com\/wp-content\/uploads\/2017\/03\/fusibles-maxi.jpg\",\"width\":300,\"height\":300,\"caption\":\"comprar maxi fus\u00edveis\"},{\"@type\":\"BreadcrumbList\",\"@id\":\"https:\/\/coelectrix.com\/pt-pt\/producto\/fusibles-maxi-32v-20-100a#breadcrumb\",\"itemListElement\":[{\"@type\":\"ListItem\",\"position\":1,\"name\":\"Portada\",\"item\":\"https:\/\/coelectrix.com\/\"},{\"@type\":\"ListItem\",\"position\":2,\"name\":\"Loja\",\"item\":\"https:\/\/coelectrix.com\/pt-pt\/loja\"},{\"@type\":\"ListItem\",\"position\":3,\"name\":\"Maxi Fus\u00edveis 32v. Embalagem de 5 unidades\"}]},{\"@type\":\"WebSite\",\"@id\":\"https:\/\/coelectrix.com\/pt-pt\/#website\",\"url\":\"https:\/\/coelectrix.com\/pt-pt\/\",\"name\":\"Coelectrix\",\"description\":\"Componentes el\u00e9ctricos\",\"publisher\":{\"@id\":\"https:\/\/coelectrix.com\/pt-pt\/#organization\"},\"potentialAction\":[{\"@type\":\"SearchAction\",\"target\":{\"@type\":\"EntryPoint\",\"urlTemplate\":\"https:\/\/coelectrix.com\/pt-pt\/?s={search_term_string}\"},\"query-input\":{\"@type\":\"PropertyValueSpecification\",\"valueRequired\":true,\"valueName\":\"search_term_string\"}}],\"inLanguage\":\"pt-PT\"},{\"@type\":\"Organization\",\"@id\":\"https:\/\/coelectrix.com\/pt-pt\/#organization\",\"name\":\"coelectrix.com\",\"url\":\"https:\/\/coelectrix.com\/pt-pt\/\",\"logo\":{\"@type\":\"ImageObject\",\"inLanguage\":\"pt-PT\",\"@id\":\"https:\/\/coelectrix.com\/pt-pt\/#\/schema\/logo\/image\/\",\"url\":\"https:\/\/coelectrix.com\/wp-content\/uploads\/2018\/05\/logo-coelectrix-400x400.jpg\",\"contentUrl\":\"https:\/\/coelectrix.com\/wp-content\/uploads\/2018\/05\/logo-coelectrix-400x400.jpg\",\"width\":300,\"height\":300,\"caption\":\"coelectrix.com\"},\"image\":{\"@id\":\"https:\/\/coelectrix.com\/pt-pt\/#\/schema\/logo\/image\/\"}}]}<\/script>\n<!-- \/ Yoast SEO plugin. -->","yoast_head_json":{"title":"\u25b7 Maxi Fus\u00edveis 32v. Embalagem de 5 unidades | Coelectrix.com","description":"Fus\u00edveis Maxi 32v. de 20A a 100A em packs de 5 ao melhor pre\u00e7o | Loja online de fus\u00edveis e porta-fus\u00edveis, cabos, conectores e tudo o que precisa.","robots":{"index":"index","follow":"follow","max-snippet":"max-snippet:-1","max-image-preview":"max-image-preview:large","max-video-preview":"max-video-preview:-1"},"canonical":"https:\/\/coelectrix.com\/pt-pt\/producto\/fusibles-maxi-32v-20-100a","og_locale":"pt_PT","og_type":"article","og_title":"\u25b7 Maxi Fus\u00edveis 32v. Embalagem de 5 unidades | Coelectrix.com","og_description":"Fus\u00edveis Maxi 32v. de 20A a 100A em packs de 5 ao melhor pre\u00e7o | Loja online de fus\u00edveis e porta-fus\u00edveis, cabos, conectores e tudo o que precisa.","og_url":"https:\/\/coelectrix.com\/pt-pt\/producto\/fusibles-maxi-32v-20-100a","og_site_name":"Coelectrix","article_modified_time":"2025-08-19T04:05:49+00:00","og_image":[{"width":300,"height":300,"url":"https:\/\/coelectrix.com\/wp-content\/uploads\/2017\/03\/fusibles-maxi.jpg","type":"image\/jpeg"}],"twitter_card":"summary_large_image","twitter_misc":{"Tempo estimado de leitura":"2 minutos"},"schema":{"@context":"https:\/\/schema.org","@graph":[{"@type":"WebPage","@id":"https:\/\/coelectrix.com\/pt-pt\/producto\/fusibles-maxi-32v-20-100a","url":"https:\/\/coelectrix.com\/pt-pt\/producto\/fusibles-maxi-32v-20-100a","name":"\u25b7 Maxi Fus\u00edveis 32v. Embalagem de 5 unidades | Coelectrix.com","isPartOf":{"@id":"https:\/\/coelectrix.com\/pt-pt\/#website"},"primaryImageOfPage":{"@id":"https:\/\/coelectrix.com\/pt-pt\/producto\/fusibles-maxi-32v-20-100a#primaryimage"},"image":{"@id":"https:\/\/coelectrix.com\/pt-pt\/producto\/fusibles-maxi-32v-20-100a#primaryimage"},"thumbnailUrl":"https:\/\/coelectrix.com\/wp-content\/uploads\/2017\/03\/fusibles-maxi.jpg","datePublished":"2017-03-31T05:41:30+00:00","dateModified":"2025-08-19T04:05:49+00:00","description":"Fus\u00edveis Maxi 32v. de 20A a 100A em packs de 5 ao melhor pre\u00e7o | Loja online de fus\u00edveis e porta-fus\u00edveis, cabos, conectores e tudo o que precisa.","breadcrumb":{"@id":"https:\/\/coelectrix.com\/pt-pt\/producto\/fusibles-maxi-32v-20-100a#breadcrumb"},"inLanguage":"pt-PT","potentialAction":[{"@type":"ReadAction","target":["https:\/\/coelectrix.com\/pt-pt\/producto\/fusibles-maxi-32v-20-100a"]}]},{"@type":"ImageObject","inLanguage":"pt-PT","@id":"https:\/\/coelectrix.com\/pt-pt\/producto\/fusibles-maxi-32v-20-100a#primaryimage","url":"https:\/\/coelectrix.com\/wp-content\/uploads\/2017\/03\/fusibles-maxi.jpg","contentUrl":"https:\/\/coelectrix.com\/wp-content\/uploads\/2017\/03\/fusibles-maxi.jpg","width":300,"height":300,"caption":"comprar maxi fus\u00edveis"},{"@type":"BreadcrumbList","@id":"https:\/\/coelectrix.com\/pt-pt\/producto\/fusibles-maxi-32v-20-100a#breadcrumb","itemListElement":[{"@type":"ListItem","position":1,"name":"Portada","item":"https:\/\/coelectrix.com\/"},{"@type":"ListItem","position":2,"name":"Loja","item":"https:\/\/coelectrix.com\/pt-pt\/loja"},{"@type":"ListItem","position":3,"name":"Maxi Fus\u00edveis 32v. Embalagem de 5 unidades"}]},{"@type":"WebSite","@id":"https:\/\/coelectrix.com\/pt-pt\/#website","url":"https:\/\/coelectrix.com\/pt-pt\/","name":"Coelectrix","description":"Componentes el\u00e9ctricos","publisher":{"@id":"https:\/\/coelectrix.com\/pt-pt\/#organization"},"potentialAction":[{"@type":"SearchAction","target":{"@type":"EntryPoint","urlTemplate":"https:\/\/coelectrix.com\/pt-pt\/?s={search_term_string}"},"query-input":{"@type":"PropertyValueSpecification","valueRequired":true,"valueName":"search_term_string"}}],"inLanguage":"pt-PT"},{"@type":"Organization","@id":"https:\/\/coelectrix.com\/pt-pt\/#organization","name":"coelectrix.com","url":"https:\/\/coelectrix.com\/pt-pt\/","logo":{"@type":"ImageObject","inLanguage":"pt-PT","@id":"https:\/\/coelectrix.com\/pt-pt\/#\/schema\/logo\/image\/","url":"https:\/\/coelectrix.com\/wp-content\/uploads\/2018\/05\/logo-coelectrix-400x400.jpg","contentUrl":"https:\/\/coelectrix.com\/wp-content\/uploads\/2018\/05\/logo-coelectrix-400x400.jpg","width":300,"height":300,"caption":"coelectrix.com"},"image":{"@id":"https:\/\/coelectrix.com\/pt-pt\/#\/schema\/logo\/image\/"}}]}},"_links":{"self":[{"href":"https:\/\/coelectrix.com\/pt-pt\/wp-json\/wp\/v2\/product\/75805","targetHints":{"allow":["GET"]}}],"collection":[{"href":"https:\/\/coelectrix.com\/pt-pt\/wp-json\/wp\/v2\/product"}],"about":[{"href":"https:\/\/coelectrix.com\/pt-pt\/wp-json\/wp\/v2\/types\/product"}],"version-history":[{"count":1,"href":"https:\/\/coelectrix.com\/pt-pt\/wp-json\/wp\/v2\/product\/75805\/revisions"}],"predecessor-version":[{"id":76878,"href":"https:\/\/coelectrix.com\/pt-pt\/wp-json\/wp\/v2\/product\/75805\/revisions\/76878"}],"wp:featuredmedia":[{"embeddable":true,"href":"https:\/\/coelectrix.com\/pt-pt\/wp-json\/wp\/v2\/media\/72629"}],"wp:attachment":[{"href":"https:\/\/coelectrix.com\/pt-pt\/wp-json\/wp\/v2\/media?parent=75805"}],"wp:term":[{"taxonomy":"product_brand","embeddable":true,"href":"https:\/\/coelectrix.com\/pt-pt\/wp-json\/wp\/v2\/product_brand?post=75805"},{"taxonomy":"product_cat","embeddable":true,"href":"https:\/\/coelectrix.com\/pt-pt\/wp-json\/wp\/v2\/product_cat?post=75805"},{"taxonomy":"product_tag","embeddable":true,"href":"https:\/\/coelectrix.com\/pt-pt\/wp-json\/wp\/v2\/product_tag?post=75805"}],"curies":[{"name":"wp","href":"https:\/\/api.w.org\/{rel}","templated":true}]}}