{"id":75815,"date":"2017-02-14T13:07:59","date_gmt":"2017-02-14T12:07:59","guid":{"rendered":"https:\/\/coelectrix.com\/producto\/fusivel-midi-32v-mta"},"modified":"2026-01-23T10:04:07","modified_gmt":"2026-01-23T09:04:07","slug":"fusivel-midi-32v-mta","status":"publish","type":"product","link":"https:\/\/coelectrix.com\/pt-pt\/product\/fuse-midi-series-55-30amp-125amp","title":{"rendered":"Fus\u00edvel MIDI 32V MTA"},"content":{"rendered":"<h2><strong>Fus\u00edvel MIDI s\u00e9rie 55<\/strong><\/h2>\n<p>Os fus\u00edveis MIDI est\u00e3o em conformidade com a norma ISO 8820-5, aplic\u00e1vel aos fus\u00edveis aparafusados para autom\u00f3veis. Permitem reduzir o espa\u00e7o em compara\u00e7\u00e3o com o MEGA para prote\u00e7\u00e3o de cabos de alta corrente. As carater\u00edsticas de funcionamento caracterizam-se por um forte atraso temporal. Os MIDI s\u00e3o fabricados em liga de zinco, uma boa escolha para evitar temperaturas elevadas no interior do inv\u00f3lucro.<\/p>\n<p>Capacidade de rutura: 2000A<br \/>\nTens\u00e3o nominal: 32Vdc<br \/>\nTemperatura ambiente:       -40\u00b0C a +125\u00b0C<\/p>\n<p><a href=\"https:\/\/coelectrix.com\/wp-content\/uploads\/2022\/09\/midi-1.pdf\" target=\"_blank\" rel=\"noopener\">Folha de dados do produto<\/a><\/p>\n","protected":false},"excerpt":{"rendered":"<p>Fus\u00edvel MIDI para instala\u00e7\u00f5es<\/p>\n<p>Fus\u00edveis MIDI para instala\u00e7\u00f5es at\u00e9 32V<\/p>\n<p>Dispon\u00edvel em amperagens de 20A a 125A<\/p>\n<p>Fabricante: MTA<\/p>\n<p><img decoding=\"async\" class=\"alignnone wp-image-715\" src=\"http:\/\/www.coelectrix.com\/wp-content\/uploads\/2016\/09\/payment-logo-1.png\" alt=\"\" width=\"237\" height=\"60\" srcset=\"https:\/\/coelectrix.com\/wp-content\/uploads\/2016\/09\/payment-logo-1.png 245w, https:\/\/coelectrix.com\/wp-content\/uploads\/2016\/09\/payment-logo-1-64x16.png 64w\" sizes=\"(max-width: 237px) 100vw, 237px\" \/><\/p>\n","protected":false},"featured_media":73980,"template":"","meta":{"_acf_changed":false},"product_brand":[],"product_cat":[1385,1293],"product_tag":[],"class_list":{"0":"post-75815","1":"product","2":"type-product","3":"status-publish","4":"has-post-thumbnail","6":"product_cat-fusiveis","7":"product_cat-fusiveis-midi","9":"first","10":"instock","11":"taxable","12":"shipping-taxable","13":"purchasable","14":"product-type-variable"},"acf":[],"yoast_head":"<!-- This site is optimized with the Yoast SEO plugin v27.2 - https:\/\/yoast.com\/product\/yoast-seo-wordpress\/ -->\n<title>\u25b7 Fus\u00edvel MIDI 32V MTA | Coelectrix.com<\/title>\n<meta name=\"description\" content=\"fus\u00edvel midi s\u00e9rie 55 de 30A a 125A adapt\u00e1vel com parafuso de fixa\u00e7\u00e3o \u00e0 caixa de fus\u00edveis. | Fus\u00edveis, porta-fus\u00edveis e material el\u00e9trico na loja online.\" \/>\n<meta name=\"robots\" content=\"index, follow, max-snippet:-1, max-image-preview:large, max-video-preview:-1\" \/>\n<link rel=\"canonical\" href=\"https:\/\/coelectrix.com\/pt-pt\/product\/fuse-midi-series-55-30amp-125amp\" \/>\n<meta property=\"og:locale\" content=\"pt_PT\" \/>\n<meta property=\"og:type\" content=\"article\" \/>\n<meta property=\"og:title\" content=\"\u25b7 Fus\u00edvel MIDI 32V MTA | Coelectrix.com\" \/>\n<meta property=\"og:description\" content=\"fus\u00edvel midi s\u00e9rie 55 de 30A a 125A adapt\u00e1vel com parafuso de fixa\u00e7\u00e3o \u00e0 caixa de fus\u00edveis. | Fus\u00edveis, porta-fus\u00edveis e material el\u00e9trico na loja online.\" \/>\n<meta property=\"og:url\" content=\"https:\/\/coelectrix.com\/pt-pt\/product\/fuse-midi-series-55-30amp-125amp\" \/>\n<meta property=\"og:site_name\" content=\"Coelectrix\" \/>\n<meta property=\"article:modified_time\" content=\"2026-01-23T09:04:07+00:00\" \/>\n<meta property=\"og:image\" content=\"https:\/\/coelectrix.com\/wp-content\/uploads\/2017\/02\/FUSIBLE-MIDI-32V-MTA.jpg\" \/>\n\t<meta property=\"og:image:width\" content=\"600\" \/>\n\t<meta property=\"og:image:height\" content=\"600\" \/>\n\t<meta property=\"og:image:type\" content=\"image\/jpeg\" \/>\n<meta name=\"twitter:card\" content=\"summary_large_image\" \/>\n<script type=\"application\/ld+json\" class=\"yoast-schema-graph\">{\"@context\":\"https:\/\/schema.org\",\"@graph\":[{\"@type\":\"WebPage\",\"@id\":\"https:\/\/coelectrix.com\/pt-pt\/product\/fuse-midi-series-55-30amp-125amp\",\"url\":\"https:\/\/coelectrix.com\/pt-pt\/product\/fuse-midi-series-55-30amp-125amp\",\"name\":\"\u25b7 Fus\u00edvel MIDI 32V MTA | Coelectrix.com\",\"isPartOf\":{\"@id\":\"https:\/\/coelectrix.com\/pt-pt\/#website\"},\"primaryImageOfPage\":{\"@id\":\"https:\/\/coelectrix.com\/pt-pt\/product\/fuse-midi-series-55-30amp-125amp#primaryimage\"},\"image\":{\"@id\":\"https:\/\/coelectrix.com\/pt-pt\/product\/fuse-midi-series-55-30amp-125amp#primaryimage\"},\"thumbnailUrl\":\"https:\/\/coelectrix.com\/wp-content\/uploads\/2017\/02\/FUSIBLE-MIDI-32V-MTA.jpg\",\"datePublished\":\"2017-02-14T12:07:59+00:00\",\"dateModified\":\"2026-01-23T09:04:07+00:00\",\"description\":\"fus\u00edvel midi s\u00e9rie 55 de 30A a 125A adapt\u00e1vel com parafuso de fixa\u00e7\u00e3o \u00e0 caixa de fus\u00edveis. | Fus\u00edveis, porta-fus\u00edveis e material el\u00e9trico na loja online.\",\"breadcrumb\":{\"@id\":\"https:\/\/coelectrix.com\/pt-pt\/product\/fuse-midi-series-55-30amp-125amp#breadcrumb\"},\"inLanguage\":\"pt-PT\",\"potentialAction\":[{\"@type\":\"ReadAction\",\"target\":[\"https:\/\/coelectrix.com\/pt-pt\/product\/fuse-midi-series-55-30amp-125amp\"]}]},{\"@type\":\"ImageObject\",\"inLanguage\":\"pt-PT\",\"@id\":\"https:\/\/coelectrix.com\/pt-pt\/product\/fuse-midi-series-55-30amp-125amp#primaryimage\",\"url\":\"https:\/\/coelectrix.com\/wp-content\/uploads\/2017\/02\/FUSIBLE-MIDI-32V-MTA.jpg\",\"contentUrl\":\"https:\/\/coelectrix.com\/wp-content\/uploads\/2017\/02\/FUSIBLE-MIDI-32V-MTA.jpg\",\"width\":600,\"height\":600,\"caption\":\"FUS\u00cdVEL MIDI 32V MTA\"},{\"@type\":\"BreadcrumbList\",\"@id\":\"https:\/\/coelectrix.com\/pt-pt\/product\/fuse-midi-series-55-30amp-125amp#breadcrumb\",\"itemListElement\":[{\"@type\":\"ListItem\",\"position\":1,\"name\":\"Portada\",\"item\":\"https:\/\/coelectrix.com\/\"},{\"@type\":\"ListItem\",\"position\":2,\"name\":\"Loja\",\"item\":\"https:\/\/coelectrix.com\/pt-pt\/loja\"},{\"@type\":\"ListItem\",\"position\":3,\"name\":\"Fus\u00edvel MIDI 32V MTA\"}]},{\"@type\":\"WebSite\",\"@id\":\"https:\/\/coelectrix.com\/pt-pt\/#website\",\"url\":\"https:\/\/coelectrix.com\/pt-pt\/\",\"name\":\"Coelectrix\",\"description\":\"Componentes el\u00e9ctricos\",\"publisher\":{\"@id\":\"https:\/\/coelectrix.com\/pt-pt\/#organization\"},\"potentialAction\":[{\"@type\":\"SearchAction\",\"target\":{\"@type\":\"EntryPoint\",\"urlTemplate\":\"https:\/\/coelectrix.com\/pt-pt\/?s={search_term_string}\"},\"query-input\":{\"@type\":\"PropertyValueSpecification\",\"valueRequired\":true,\"valueName\":\"search_term_string\"}}],\"inLanguage\":\"pt-PT\"},{\"@type\":\"Organization\",\"@id\":\"https:\/\/coelectrix.com\/pt-pt\/#organization\",\"name\":\"coelectrix.com\",\"url\":\"https:\/\/coelectrix.com\/pt-pt\/\",\"logo\":{\"@type\":\"ImageObject\",\"inLanguage\":\"pt-PT\",\"@id\":\"https:\/\/coelectrix.com\/pt-pt\/#\/schema\/logo\/image\/\",\"url\":\"https:\/\/coelectrix.com\/wp-content\/uploads\/2018\/05\/logo-coelectrix-400x400.jpg\",\"contentUrl\":\"https:\/\/coelectrix.com\/wp-content\/uploads\/2018\/05\/logo-coelectrix-400x400.jpg\",\"width\":300,\"height\":300,\"caption\":\"coelectrix.com\"},\"image\":{\"@id\":\"https:\/\/coelectrix.com\/pt-pt\/#\/schema\/logo\/image\/\"}}]}<\/script>\n<!-- \/ Yoast SEO plugin. -->","yoast_head_json":{"title":"\u25b7 Fus\u00edvel MIDI 32V MTA | Coelectrix.com","description":"fus\u00edvel midi s\u00e9rie 55 de 30A a 125A adapt\u00e1vel com parafuso de fixa\u00e7\u00e3o \u00e0 caixa de fus\u00edveis. | Fus\u00edveis, porta-fus\u00edveis e material el\u00e9trico na loja online.","robots":{"index":"index","follow":"follow","max-snippet":"max-snippet:-1","max-image-preview":"max-image-preview:large","max-video-preview":"max-video-preview:-1"},"canonical":"https:\/\/coelectrix.com\/pt-pt\/product\/fuse-midi-series-55-30amp-125amp","og_locale":"pt_PT","og_type":"article","og_title":"\u25b7 Fus\u00edvel MIDI 32V MTA | Coelectrix.com","og_description":"fus\u00edvel midi s\u00e9rie 55 de 30A a 125A adapt\u00e1vel com parafuso de fixa\u00e7\u00e3o \u00e0 caixa de fus\u00edveis. | Fus\u00edveis, porta-fus\u00edveis e material el\u00e9trico na loja online.","og_url":"https:\/\/coelectrix.com\/pt-pt\/product\/fuse-midi-series-55-30amp-125amp","og_site_name":"Coelectrix","article_modified_time":"2026-01-23T09:04:07+00:00","og_image":[{"width":600,"height":600,"url":"https:\/\/coelectrix.com\/wp-content\/uploads\/2017\/02\/FUSIBLE-MIDI-32V-MTA.jpg","type":"image\/jpeg"}],"twitter_card":"summary_large_image","schema":{"@context":"https:\/\/schema.org","@graph":[{"@type":"WebPage","@id":"https:\/\/coelectrix.com\/pt-pt\/product\/fuse-midi-series-55-30amp-125amp","url":"https:\/\/coelectrix.com\/pt-pt\/product\/fuse-midi-series-55-30amp-125amp","name":"\u25b7 Fus\u00edvel MIDI 32V MTA | Coelectrix.com","isPartOf":{"@id":"https:\/\/coelectrix.com\/pt-pt\/#website"},"primaryImageOfPage":{"@id":"https:\/\/coelectrix.com\/pt-pt\/product\/fuse-midi-series-55-30amp-125amp#primaryimage"},"image":{"@id":"https:\/\/coelectrix.com\/pt-pt\/product\/fuse-midi-series-55-30amp-125amp#primaryimage"},"thumbnailUrl":"https:\/\/coelectrix.com\/wp-content\/uploads\/2017\/02\/FUSIBLE-MIDI-32V-MTA.jpg","datePublished":"2017-02-14T12:07:59+00:00","dateModified":"2026-01-23T09:04:07+00:00","description":"fus\u00edvel midi s\u00e9rie 55 de 30A a 125A adapt\u00e1vel com parafuso de fixa\u00e7\u00e3o \u00e0 caixa de fus\u00edveis. | Fus\u00edveis, porta-fus\u00edveis e material el\u00e9trico na loja online.","breadcrumb":{"@id":"https:\/\/coelectrix.com\/pt-pt\/product\/fuse-midi-series-55-30amp-125amp#breadcrumb"},"inLanguage":"pt-PT","potentialAction":[{"@type":"ReadAction","target":["https:\/\/coelectrix.com\/pt-pt\/product\/fuse-midi-series-55-30amp-125amp"]}]},{"@type":"ImageObject","inLanguage":"pt-PT","@id":"https:\/\/coelectrix.com\/pt-pt\/product\/fuse-midi-series-55-30amp-125amp#primaryimage","url":"https:\/\/coelectrix.com\/wp-content\/uploads\/2017\/02\/FUSIBLE-MIDI-32V-MTA.jpg","contentUrl":"https:\/\/coelectrix.com\/wp-content\/uploads\/2017\/02\/FUSIBLE-MIDI-32V-MTA.jpg","width":600,"height":600,"caption":"FUS\u00cdVEL MIDI 32V MTA"},{"@type":"BreadcrumbList","@id":"https:\/\/coelectrix.com\/pt-pt\/product\/fuse-midi-series-55-30amp-125amp#breadcrumb","itemListElement":[{"@type":"ListItem","position":1,"name":"Portada","item":"https:\/\/coelectrix.com\/"},{"@type":"ListItem","position":2,"name":"Loja","item":"https:\/\/coelectrix.com\/pt-pt\/loja"},{"@type":"ListItem","position":3,"name":"Fus\u00edvel MIDI 32V MTA"}]},{"@type":"WebSite","@id":"https:\/\/coelectrix.com\/pt-pt\/#website","url":"https:\/\/coelectrix.com\/pt-pt\/","name":"Coelectrix","description":"Componentes el\u00e9ctricos","publisher":{"@id":"https:\/\/coelectrix.com\/pt-pt\/#organization"},"potentialAction":[{"@type":"SearchAction","target":{"@type":"EntryPoint","urlTemplate":"https:\/\/coelectrix.com\/pt-pt\/?s={search_term_string}"},"query-input":{"@type":"PropertyValueSpecification","valueRequired":true,"valueName":"search_term_string"}}],"inLanguage":"pt-PT"},{"@type":"Organization","@id":"https:\/\/coelectrix.com\/pt-pt\/#organization","name":"coelectrix.com","url":"https:\/\/coelectrix.com\/pt-pt\/","logo":{"@type":"ImageObject","inLanguage":"pt-PT","@id":"https:\/\/coelectrix.com\/pt-pt\/#\/schema\/logo\/image\/","url":"https:\/\/coelectrix.com\/wp-content\/uploads\/2018\/05\/logo-coelectrix-400x400.jpg","contentUrl":"https:\/\/coelectrix.com\/wp-content\/uploads\/2018\/05\/logo-coelectrix-400x400.jpg","width":300,"height":300,"caption":"coelectrix.com"},"image":{"@id":"https:\/\/coelectrix.com\/pt-pt\/#\/schema\/logo\/image\/"}}]}},"_links":{"self":[{"href":"https:\/\/coelectrix.com\/pt-pt\/wp-json\/wp\/v2\/product\/75815","targetHints":{"allow":["GET"]}}],"collection":[{"href":"https:\/\/coelectrix.com\/pt-pt\/wp-json\/wp\/v2\/product"}],"about":[{"href":"https:\/\/coelectrix.com\/pt-pt\/wp-json\/wp\/v2\/types\/product"}],"version-history":[{"count":1,"href":"https:\/\/coelectrix.com\/pt-pt\/wp-json\/wp\/v2\/product\/75815\/revisions"}],"predecessor-version":[{"id":76887,"href":"https:\/\/coelectrix.com\/pt-pt\/wp-json\/wp\/v2\/product\/75815\/revisions\/76887"}],"wp:featuredmedia":[{"embeddable":true,"href":"https:\/\/coelectrix.com\/pt-pt\/wp-json\/wp\/v2\/media\/73980"}],"wp:attachment":[{"href":"https:\/\/coelectrix.com\/pt-pt\/wp-json\/wp\/v2\/media?parent=75815"}],"wp:term":[{"taxonomy":"product_brand","embeddable":true,"href":"https:\/\/coelectrix.com\/pt-pt\/wp-json\/wp\/v2\/product_brand?post=75815"},{"taxonomy":"product_cat","embeddable":true,"href":"https:\/\/coelectrix.com\/pt-pt\/wp-json\/wp\/v2\/product_cat?post=75815"},{"taxonomy":"product_tag","embeddable":true,"href":"https:\/\/coelectrix.com\/pt-pt\/wp-json\/wp\/v2\/product_tag?post=75815"}],"curies":[{"name":"wp","href":"https:\/\/api.w.org\/{rel}","templated":true}]}}