{"id":75825,"date":"2016-04-28T11:38:12","date_gmt":"2016-04-28T09:38:12","guid":{"rendered":"https:\/\/coelectrix.com\/producto\/fusiveis-para-motociclos-e-automoveis-de-5-a-30-amperes-embalagem-de-100-unidades"},"modified":"2025-08-19T06:06:23","modified_gmt":"2025-08-19T04:06:23","slug":"fusiveis-para-motociclos-e-automoveis-de-5-a-30-amperes-embalagem-de-100-unidades","status":"publish","type":"product","link":"https:\/\/coelectrix.com\/pt-pt\/produto\/fusivel-moto-carro-fusiveis-5-a-30-amp","title":{"rendered":"Fus\u00edveis para motociclos e autom\u00f3veis de 5 a 30 amperes. Embalagem de 100 unidades."},"content":{"rendered":"<p>Fus\u00edveis para motociclos\/autom\u00f3veis para proteger a cablagem e o equipamento el\u00e9trico nas instala\u00e7\u00f5es el\u00e9ctricas.<\/p>\n<p>Temos os tamanhos dispon\u00edveis:<\/p>\n<table class=\"wikitable\">\n<tbody>\n<tr>\n<td>Mini<\/td>\n<td>10,9 x 3,6 x 16,3 mm<\/td>\n<td>5A, 7,5A, 10A, 15A, 20A, 25A, 30A<\/td>\n<\/tr>\n<\/tbody>\n<\/table>\n<table class=\"wikitable\">\n<tbody>\n<tr>\n<td>Normal<\/td>\n<td>19,1 x 5,1 x 18,5 mm<\/td>\n<td>5A, 7.5A, 10A, 15A, 20A, 25A, 30A<\/td>\n<\/tr>\n<\/tbody>\n<\/table>\n<p>C\u00f3digo de cores:<\/p>\n<table class=\"wikitable\" style=\"height: 286px;\" width=\"166\">\n<tbody>\n<tr>\n<td><b>Cor-de-rosa<\/b><\/td>\n<td>4<\/td>\n<\/tr>\n<tr>\n<td><b>cor de laranja<\/b><\/td>\n<td>5<\/td>\n<\/tr>\n<tr>\n<td><b>Castanho<\/b><\/td>\n<td>7.5<\/td>\n<\/tr>\n<tr>\n<td><b>Vermelho<\/b><\/td>\n<td>10<\/td>\n<\/tr>\n<tr>\n<td><b>Azul<\/b><\/td>\n<td>15<\/td>\n<\/tr>\n<tr>\n<td><b>Amarelo<\/b><\/td>\n<td>20<\/td>\n<\/tr>\n<tr>\n<td><b>Transparente<\/b><\/td>\n<td>25<\/td>\n<\/tr>\n<tr>\n<td><b>Verde<\/b><\/td>\n<td>30<\/td>\n<\/tr>\n<tr>\n<td><b>Azul-verde*<\/b> 35<\/td>\n<td>35<\/td>\n<\/tr>\n<tr>\n<td><\/td>\n<td><\/td>\n<\/tr>\n<\/tbody>\n<\/table>\n<p>Nos fus\u00edveis dos ve\u00edculos, \u00e9 normalmente indicado no manual de servi\u00e7o do autom\u00f3vel quais s\u00e3o as amperagens que devem ser utilizadas em cada circuito, mas a amperagem \u00e9 indicada por um c\u00f3digo de cores.<\/p>\n<p>Tamb\u00e9m dispon\u00edvel em<a href=\"http:\/\/www.coelectrix.com\/producto\/fusibles-coche-moto-5-30-amp-pack-25-uds\"> embalagem de 25 unidades.<\/a><\/p>\n","protected":false},"excerpt":{"rendered":"<p>Fus\u00edveis para proteger o equipamento el\u00e9trico dos autom\u00f3veis.<\/p>\n<p>Dispon\u00edvel nos tamanhos Normal e Mini (ver tamanhos na descri\u00e7\u00e3o ou nas imagens).<\/p>\n<p>Todos os valores de amperagem no menu pendente.<\/p>\n<p><img decoding=\"async\" class=\"alignnone size-full wp-image-304\" src=\"https:\/\/coelectrix.com\/wp-content\/uploads\/2016\/03\/formas-de-pago.png\" alt=\"formas de pago\" width=\"245\" height=\"62\" srcset=\"https:\/\/coelectrix.com\/wp-content\/uploads\/2016\/03\/formas-de-pago.png 245w, https:\/\/coelectrix.com\/wp-content\/uploads\/2016\/03\/formas-de-pago-64x16.png 64w\" sizes=\"(max-width: 245px) 100vw, 245px\" \/><\/p>\n","protected":false},"featured_media":72461,"template":"","meta":{"_acf_changed":false},"product_brand":[],"product_cat":[1385],"product_tag":[],"class_list":{"0":"post-75825","1":"product","2":"type-product","3":"status-publish","4":"has-post-thumbnail","6":"product_cat-fusiveis","8":"first","9":"instock","10":"taxable","11":"shipping-taxable","12":"purchasable","13":"product-type-variable"},"acf":[],"yoast_head":"<!-- This site is optimized with the Yoast SEO plugin v27.2 - https:\/\/yoast.com\/product\/yoast-seo-wordpress\/ -->\n<title>\u25b7 Fus\u00edveis para motociclos e autom\u00f3veis de 5 a 30 amperes. Embalagem de 100 unidades. | Coelectrix.com<\/title>\n<meta name=\"description\" content=\"Fus\u00edveis para autom\u00f3veis para proteger os cabos e o equipamento el\u00e9trico nas instala\u00e7\u00f5es el\u00e9ctricas, todos os tamanhos dispon\u00edveis.\" \/>\n<meta name=\"robots\" content=\"index, follow, max-snippet:-1, max-image-preview:large, max-video-preview:-1\" \/>\n<link rel=\"canonical\" href=\"https:\/\/coelectrix.com\/pt-pt\/produto\/fusivel-moto-carro-fusiveis-5-a-30-amp\" \/>\n<meta property=\"og:locale\" content=\"pt_PT\" \/>\n<meta property=\"og:type\" content=\"article\" \/>\n<meta property=\"og:title\" content=\"\u25b7 Fus\u00edveis para motociclos e autom\u00f3veis de 5 a 30 amperes. Embalagem de 100 unidades. | Coelectrix.com\" \/>\n<meta property=\"og:description\" content=\"Fus\u00edveis para autom\u00f3veis para proteger os cabos e o equipamento el\u00e9trico nas instala\u00e7\u00f5es el\u00e9ctricas, todos os tamanhos dispon\u00edveis.\" \/>\n<meta property=\"og:url\" content=\"https:\/\/coelectrix.com\/pt-pt\/produto\/fusivel-moto-carro-fusiveis-5-a-30-amp\" \/>\n<meta property=\"og:site_name\" content=\"Coelectrix\" \/>\n<meta property=\"article:modified_time\" content=\"2025-08-19T04:06:23+00:00\" \/>\n<meta property=\"og:image\" content=\"https:\/\/coelectrix.com\/wp-content\/uploads\/2016\/04\/fusibles-coche.jpg\" \/>\n\t<meta property=\"og:image:width\" content=\"300\" \/>\n\t<meta property=\"og:image:height\" content=\"300\" \/>\n\t<meta property=\"og:image:type\" content=\"image\/jpeg\" \/>\n<meta name=\"twitter:card\" content=\"summary_large_image\" \/>\n<meta name=\"twitter:label1\" content=\"Tempo estimado de leitura\" \/>\n\t<meta name=\"twitter:data1\" content=\"1 minuto\" \/>\n<script type=\"application\/ld+json\" class=\"yoast-schema-graph\">{\"@context\":\"https:\/\/schema.org\",\"@graph\":[{\"@type\":\"WebPage\",\"@id\":\"https:\/\/coelectrix.com\/pt-pt\/produto\/fusivel-moto-carro-fusiveis-5-a-30-amp\",\"url\":\"https:\/\/coelectrix.com\/pt-pt\/produto\/fusivel-moto-carro-fusiveis-5-a-30-amp\",\"name\":\"\u25b7 Fus\u00edveis para motociclos e autom\u00f3veis de 5 a 30 amperes. Embalagem de 100 unidades. | Coelectrix.com\",\"isPartOf\":{\"@id\":\"https:\/\/coelectrix.com\/pt-pt\/#website\"},\"primaryImageOfPage\":{\"@id\":\"https:\/\/coelectrix.com\/pt-pt\/produto\/fusivel-moto-carro-fusiveis-5-a-30-amp#primaryimage\"},\"image\":{\"@id\":\"https:\/\/coelectrix.com\/pt-pt\/produto\/fusivel-moto-carro-fusiveis-5-a-30-amp#primaryimage\"},\"thumbnailUrl\":\"https:\/\/coelectrix.com\/wp-content\/uploads\/2016\/04\/fusibles-coche.jpg\",\"datePublished\":\"2016-04-28T09:38:12+00:00\",\"dateModified\":\"2025-08-19T04:06:23+00:00\",\"description\":\"Fus\u00edveis para autom\u00f3veis para proteger os cabos e o equipamento el\u00e9trico nas instala\u00e7\u00f5es el\u00e9ctricas, todos os tamanhos dispon\u00edveis.\",\"breadcrumb\":{\"@id\":\"https:\/\/coelectrix.com\/pt-pt\/produto\/fusivel-moto-carro-fusiveis-5-a-30-amp#breadcrumb\"},\"inLanguage\":\"pt-PT\",\"potentialAction\":[{\"@type\":\"ReadAction\",\"target\":[\"https:\/\/coelectrix.com\/pt-pt\/produto\/fusivel-moto-carro-fusiveis-5-a-30-amp\"]}]},{\"@type\":\"ImageObject\",\"inLanguage\":\"pt-PT\",\"@id\":\"https:\/\/coelectrix.com\/pt-pt\/produto\/fusivel-moto-carro-fusiveis-5-a-30-amp#primaryimage\",\"url\":\"https:\/\/coelectrix.com\/wp-content\/uploads\/2016\/04\/fusibles-coche.jpg\",\"contentUrl\":\"https:\/\/coelectrix.com\/wp-content\/uploads\/2016\/04\/fusibles-coche.jpg\",\"width\":300,\"height\":300,\"caption\":\"comprar fus\u00edveis para autom\u00f3veis ou motas\"},{\"@type\":\"BreadcrumbList\",\"@id\":\"https:\/\/coelectrix.com\/pt-pt\/produto\/fusivel-moto-carro-fusiveis-5-a-30-amp#breadcrumb\",\"itemListElement\":[{\"@type\":\"ListItem\",\"position\":1,\"name\":\"Portada\",\"item\":\"https:\/\/coelectrix.com\/\"},{\"@type\":\"ListItem\",\"position\":2,\"name\":\"Loja\",\"item\":\"https:\/\/coelectrix.com\/pt-pt\/loja\"},{\"@type\":\"ListItem\",\"position\":3,\"name\":\"Fus\u00edveis para motociclos e autom\u00f3veis de 5 a 30 amperes. Embalagem de 100 unidades.\"}]},{\"@type\":\"WebSite\",\"@id\":\"https:\/\/coelectrix.com\/pt-pt\/#website\",\"url\":\"https:\/\/coelectrix.com\/pt-pt\/\",\"name\":\"Coelectrix\",\"description\":\"Componentes el\u00e9ctricos\",\"publisher\":{\"@id\":\"https:\/\/coelectrix.com\/pt-pt\/#organization\"},\"potentialAction\":[{\"@type\":\"SearchAction\",\"target\":{\"@type\":\"EntryPoint\",\"urlTemplate\":\"https:\/\/coelectrix.com\/pt-pt\/?s={search_term_string}\"},\"query-input\":{\"@type\":\"PropertyValueSpecification\",\"valueRequired\":true,\"valueName\":\"search_term_string\"}}],\"inLanguage\":\"pt-PT\"},{\"@type\":\"Organization\",\"@id\":\"https:\/\/coelectrix.com\/pt-pt\/#organization\",\"name\":\"coelectrix.com\",\"url\":\"https:\/\/coelectrix.com\/pt-pt\/\",\"logo\":{\"@type\":\"ImageObject\",\"inLanguage\":\"pt-PT\",\"@id\":\"https:\/\/coelectrix.com\/pt-pt\/#\/schema\/logo\/image\/\",\"url\":\"https:\/\/coelectrix.com\/wp-content\/uploads\/2018\/05\/logo-coelectrix-400x400.jpg\",\"contentUrl\":\"https:\/\/coelectrix.com\/wp-content\/uploads\/2018\/05\/logo-coelectrix-400x400.jpg\",\"width\":300,\"height\":300,\"caption\":\"coelectrix.com\"},\"image\":{\"@id\":\"https:\/\/coelectrix.com\/pt-pt\/#\/schema\/logo\/image\/\"}}]}<\/script>\n<!-- \/ Yoast SEO plugin. -->","yoast_head_json":{"title":"\u25b7 Fus\u00edveis para motociclos e autom\u00f3veis de 5 a 30 amperes. Embalagem de 100 unidades. | Coelectrix.com","description":"Fus\u00edveis para autom\u00f3veis para proteger os cabos e o equipamento el\u00e9trico nas instala\u00e7\u00f5es el\u00e9ctricas, todos os tamanhos dispon\u00edveis.","robots":{"index":"index","follow":"follow","max-snippet":"max-snippet:-1","max-image-preview":"max-image-preview:large","max-video-preview":"max-video-preview:-1"},"canonical":"https:\/\/coelectrix.com\/pt-pt\/produto\/fusivel-moto-carro-fusiveis-5-a-30-amp","og_locale":"pt_PT","og_type":"article","og_title":"\u25b7 Fus\u00edveis para motociclos e autom\u00f3veis de 5 a 30 amperes. Embalagem de 100 unidades. | Coelectrix.com","og_description":"Fus\u00edveis para autom\u00f3veis para proteger os cabos e o equipamento el\u00e9trico nas instala\u00e7\u00f5es el\u00e9ctricas, todos os tamanhos dispon\u00edveis.","og_url":"https:\/\/coelectrix.com\/pt-pt\/produto\/fusivel-moto-carro-fusiveis-5-a-30-amp","og_site_name":"Coelectrix","article_modified_time":"2025-08-19T04:06:23+00:00","og_image":[{"width":300,"height":300,"url":"https:\/\/coelectrix.com\/wp-content\/uploads\/2016\/04\/fusibles-coche.jpg","type":"image\/jpeg"}],"twitter_card":"summary_large_image","twitter_misc":{"Tempo estimado de leitura":"1 minuto"},"schema":{"@context":"https:\/\/schema.org","@graph":[{"@type":"WebPage","@id":"https:\/\/coelectrix.com\/pt-pt\/produto\/fusivel-moto-carro-fusiveis-5-a-30-amp","url":"https:\/\/coelectrix.com\/pt-pt\/produto\/fusivel-moto-carro-fusiveis-5-a-30-amp","name":"\u25b7 Fus\u00edveis para motociclos e autom\u00f3veis de 5 a 30 amperes. Embalagem de 100 unidades. | Coelectrix.com","isPartOf":{"@id":"https:\/\/coelectrix.com\/pt-pt\/#website"},"primaryImageOfPage":{"@id":"https:\/\/coelectrix.com\/pt-pt\/produto\/fusivel-moto-carro-fusiveis-5-a-30-amp#primaryimage"},"image":{"@id":"https:\/\/coelectrix.com\/pt-pt\/produto\/fusivel-moto-carro-fusiveis-5-a-30-amp#primaryimage"},"thumbnailUrl":"https:\/\/coelectrix.com\/wp-content\/uploads\/2016\/04\/fusibles-coche.jpg","datePublished":"2016-04-28T09:38:12+00:00","dateModified":"2025-08-19T04:06:23+00:00","description":"Fus\u00edveis para autom\u00f3veis para proteger os cabos e o equipamento el\u00e9trico nas instala\u00e7\u00f5es el\u00e9ctricas, todos os tamanhos dispon\u00edveis.","breadcrumb":{"@id":"https:\/\/coelectrix.com\/pt-pt\/produto\/fusivel-moto-carro-fusiveis-5-a-30-amp#breadcrumb"},"inLanguage":"pt-PT","potentialAction":[{"@type":"ReadAction","target":["https:\/\/coelectrix.com\/pt-pt\/produto\/fusivel-moto-carro-fusiveis-5-a-30-amp"]}]},{"@type":"ImageObject","inLanguage":"pt-PT","@id":"https:\/\/coelectrix.com\/pt-pt\/produto\/fusivel-moto-carro-fusiveis-5-a-30-amp#primaryimage","url":"https:\/\/coelectrix.com\/wp-content\/uploads\/2016\/04\/fusibles-coche.jpg","contentUrl":"https:\/\/coelectrix.com\/wp-content\/uploads\/2016\/04\/fusibles-coche.jpg","width":300,"height":300,"caption":"comprar fus\u00edveis para autom\u00f3veis ou motas"},{"@type":"BreadcrumbList","@id":"https:\/\/coelectrix.com\/pt-pt\/produto\/fusivel-moto-carro-fusiveis-5-a-30-amp#breadcrumb","itemListElement":[{"@type":"ListItem","position":1,"name":"Portada","item":"https:\/\/coelectrix.com\/"},{"@type":"ListItem","position":2,"name":"Loja","item":"https:\/\/coelectrix.com\/pt-pt\/loja"},{"@type":"ListItem","position":3,"name":"Fus\u00edveis para motociclos e autom\u00f3veis de 5 a 30 amperes. Embalagem de 100 unidades."}]},{"@type":"WebSite","@id":"https:\/\/coelectrix.com\/pt-pt\/#website","url":"https:\/\/coelectrix.com\/pt-pt\/","name":"Coelectrix","description":"Componentes el\u00e9ctricos","publisher":{"@id":"https:\/\/coelectrix.com\/pt-pt\/#organization"},"potentialAction":[{"@type":"SearchAction","target":{"@type":"EntryPoint","urlTemplate":"https:\/\/coelectrix.com\/pt-pt\/?s={search_term_string}"},"query-input":{"@type":"PropertyValueSpecification","valueRequired":true,"valueName":"search_term_string"}}],"inLanguage":"pt-PT"},{"@type":"Organization","@id":"https:\/\/coelectrix.com\/pt-pt\/#organization","name":"coelectrix.com","url":"https:\/\/coelectrix.com\/pt-pt\/","logo":{"@type":"ImageObject","inLanguage":"pt-PT","@id":"https:\/\/coelectrix.com\/pt-pt\/#\/schema\/logo\/image\/","url":"https:\/\/coelectrix.com\/wp-content\/uploads\/2018\/05\/logo-coelectrix-400x400.jpg","contentUrl":"https:\/\/coelectrix.com\/wp-content\/uploads\/2018\/05\/logo-coelectrix-400x400.jpg","width":300,"height":300,"caption":"coelectrix.com"},"image":{"@id":"https:\/\/coelectrix.com\/pt-pt\/#\/schema\/logo\/image\/"}}]}},"_links":{"self":[{"href":"https:\/\/coelectrix.com\/pt-pt\/wp-json\/wp\/v2\/product\/75825","targetHints":{"allow":["GET"]}}],"collection":[{"href":"https:\/\/coelectrix.com\/pt-pt\/wp-json\/wp\/v2\/product"}],"about":[{"href":"https:\/\/coelectrix.com\/pt-pt\/wp-json\/wp\/v2\/types\/product"}],"version-history":[{"count":1,"href":"https:\/\/coelectrix.com\/pt-pt\/wp-json\/wp\/v2\/product\/75825\/revisions"}],"predecessor-version":[{"id":76915,"href":"https:\/\/coelectrix.com\/pt-pt\/wp-json\/wp\/v2\/product\/75825\/revisions\/76915"}],"wp:featuredmedia":[{"embeddable":true,"href":"https:\/\/coelectrix.com\/pt-pt\/wp-json\/wp\/v2\/media\/72461"}],"wp:attachment":[{"href":"https:\/\/coelectrix.com\/pt-pt\/wp-json\/wp\/v2\/media?parent=75825"}],"wp:term":[{"taxonomy":"product_brand","embeddable":true,"href":"https:\/\/coelectrix.com\/pt-pt\/wp-json\/wp\/v2\/product_brand?post=75825"},{"taxonomy":"product_cat","embeddable":true,"href":"https:\/\/coelectrix.com\/pt-pt\/wp-json\/wp\/v2\/product_cat?post=75825"},{"taxonomy":"product_tag","embeddable":true,"href":"https:\/\/coelectrix.com\/pt-pt\/wp-json\/wp\/v2\/product_tag?post=75825"}],"curies":[{"name":"wp","href":"https:\/\/api.w.org\/{rel}","templated":true}]}}