{"id":75878,"date":"2016-02-14T08:33:48","date_gmt":"2016-02-14T07:33:48","guid":{"rendered":"https:\/\/coelectrix.com\/producto\/borracha-amarela-para-o-conetor-superseal"},"modified":"2025-08-19T06:06:28","modified_gmt":"2025-08-19T04:06:28","slug":"borracha-amarela-para-o-conetor-superseal","status":"publish","type":"product","link":"https:\/\/coelectrix.com\/pt-pt\/produto\/produto\/borracha-superseal-amarela","title":{"rendered":"Borracha amarela para o conetor Superseal"},"content":{"rendered":"<p>Borracha amarela Superseal para assegurar a veda\u00e7\u00e3o dos conectores.<\/p>\n<p>Necess\u00e1rio para os <a href=\"http:\/\/www.coelectrix.com\/conectores\/superseal\">conectores Superseal<\/a> e <a href=\"http:\/\/www.coelectrix.com\/terminales\/terminales-super-seal\">os terminais Superseal<\/a>.<\/p>\n","protected":false},"excerpt":{"rendered":"<p>Borracha amarela para o conetor Superseal<\/p>\n","protected":false},"featured_media":72406,"template":"","meta":{"_acf_changed":false},"product_brand":[],"product_cat":[1408,1381],"product_tag":[1420],"class_list":{"0":"post-75878","1":"product","2":"type-product","3":"status-publish","4":"has-post-thumbnail","6":"product_cat-borrachas-e-vedantes","7":"product_cat-superseal-2","8":"product_tag-borrachas-amarelas","10":"first","11":"instock","12":"taxable","13":"shipping-taxable","14":"purchasable","15":"product-type-simple"},"acf":[],"yoast_head":"<!-- This site is optimized with the Yoast SEO plugin v27.2 - https:\/\/yoast.com\/product\/yoast-seo-wordpress\/ -->\n<title>superseal borracha amarela : coelectrix.com : conectores superseal<\/title>\n<meta name=\"description\" content=\"Borracha amarela Superseal para veda\u00e7\u00e3o de conectores. Necess\u00e1rio para conectores Superseal e terminais Superseal.\" \/>\n<meta name=\"robots\" content=\"index, follow, max-snippet:-1, max-image-preview:large, max-video-preview:-1\" \/>\n<link rel=\"canonical\" href=\"https:\/\/coelectrix.com\/pt-pt\/produto\/produto\/borracha-superseal-amarela\" \/>\n<meta property=\"og:locale\" content=\"pt_PT\" \/>\n<meta property=\"og:type\" content=\"article\" \/>\n<meta property=\"og:title\" content=\"superseal borracha amarela : coelectrix.com : conectores superseal\" \/>\n<meta property=\"og:description\" content=\"Borracha amarela Superseal para veda\u00e7\u00e3o de conectores. Necess\u00e1rio para conectores Superseal e terminais Superseal.\" \/>\n<meta property=\"og:url\" content=\"https:\/\/coelectrix.com\/pt-pt\/produto\/produto\/borracha-superseal-amarela\" \/>\n<meta property=\"og:site_name\" content=\"Coelectrix\" \/>\n<meta property=\"article:modified_time\" content=\"2025-08-19T04:06:28+00:00\" \/>\n<meta property=\"og:image\" content=\"https:\/\/coelectrix.com\/wp-content\/uploads\/2016\/02\/goma-amarilla-superseal.jpg\" \/>\n\t<meta property=\"og:image:width\" content=\"324\" \/>\n\t<meta property=\"og:image:height\" content=\"209\" \/>\n\t<meta property=\"og:image:type\" content=\"image\/jpeg\" \/>\n<meta name=\"twitter:card\" content=\"summary_large_image\" \/>\n<script type=\"application\/ld+json\" class=\"yoast-schema-graph\">{\"@context\":\"https:\/\/schema.org\",\"@graph\":[{\"@type\":\"WebPage\",\"@id\":\"https:\/\/coelectrix.com\/pt-pt\/produto\/produto\/borracha-superseal-amarela\",\"url\":\"https:\/\/coelectrix.com\/pt-pt\/produto\/produto\/borracha-superseal-amarela\",\"name\":\"superseal borracha amarela : coelectrix.com : conectores superseal\",\"isPartOf\":{\"@id\":\"https:\/\/coelectrix.com\/pt-pt\/#website\"},\"primaryImageOfPage\":{\"@id\":\"https:\/\/coelectrix.com\/pt-pt\/produto\/produto\/borracha-superseal-amarela#primaryimage\"},\"image\":{\"@id\":\"https:\/\/coelectrix.com\/pt-pt\/produto\/produto\/borracha-superseal-amarela#primaryimage\"},\"thumbnailUrl\":\"https:\/\/coelectrix.com\/wp-content\/uploads\/2016\/02\/goma-amarilla-superseal.jpg\",\"datePublished\":\"2016-02-14T07:33:48+00:00\",\"dateModified\":\"2025-08-19T04:06:28+00:00\",\"description\":\"Borracha amarela Superseal para veda\u00e7\u00e3o de conectores. Necess\u00e1rio para conectores Superseal e terminais Superseal.\",\"breadcrumb\":{\"@id\":\"https:\/\/coelectrix.com\/pt-pt\/produto\/produto\/borracha-superseal-amarela#breadcrumb\"},\"inLanguage\":\"pt-PT\",\"potentialAction\":[{\"@type\":\"ReadAction\",\"target\":[\"https:\/\/coelectrix.com\/pt-pt\/produto\/produto\/borracha-superseal-amarela\"]}]},{\"@type\":\"ImageObject\",\"inLanguage\":\"pt-PT\",\"@id\":\"https:\/\/coelectrix.com\/pt-pt\/produto\/produto\/borracha-superseal-amarela#primaryimage\",\"url\":\"https:\/\/coelectrix.com\/wp-content\/uploads\/2016\/02\/goma-amarilla-superseal.jpg\",\"contentUrl\":\"https:\/\/coelectrix.com\/wp-content\/uploads\/2016\/02\/goma-amarilla-superseal.jpg\",\"width\":324,\"height\":209,\"caption\":\"borracha amarela superseal\"},{\"@type\":\"BreadcrumbList\",\"@id\":\"https:\/\/coelectrix.com\/pt-pt\/produto\/produto\/borracha-superseal-amarela#breadcrumb\",\"itemListElement\":[{\"@type\":\"ListItem\",\"position\":1,\"name\":\"Portada\",\"item\":\"https:\/\/coelectrix.com\/\"},{\"@type\":\"ListItem\",\"position\":2,\"name\":\"Loja\",\"item\":\"https:\/\/coelectrix.com\/pt-pt\/loja\"},{\"@type\":\"ListItem\",\"position\":3,\"name\":\"Borracha amarela para o conetor Superseal\"}]},{\"@type\":\"WebSite\",\"@id\":\"https:\/\/coelectrix.com\/pt-pt\/#website\",\"url\":\"https:\/\/coelectrix.com\/pt-pt\/\",\"name\":\"Coelectrix\",\"description\":\"Componentes el\u00e9ctricos\",\"publisher\":{\"@id\":\"https:\/\/coelectrix.com\/pt-pt\/#organization\"},\"potentialAction\":[{\"@type\":\"SearchAction\",\"target\":{\"@type\":\"EntryPoint\",\"urlTemplate\":\"https:\/\/coelectrix.com\/pt-pt\/?s={search_term_string}\"},\"query-input\":{\"@type\":\"PropertyValueSpecification\",\"valueRequired\":true,\"valueName\":\"search_term_string\"}}],\"inLanguage\":\"pt-PT\"},{\"@type\":\"Organization\",\"@id\":\"https:\/\/coelectrix.com\/pt-pt\/#organization\",\"name\":\"coelectrix.com\",\"url\":\"https:\/\/coelectrix.com\/pt-pt\/\",\"logo\":{\"@type\":\"ImageObject\",\"inLanguage\":\"pt-PT\",\"@id\":\"https:\/\/coelectrix.com\/pt-pt\/#\/schema\/logo\/image\/\",\"url\":\"https:\/\/coelectrix.com\/wp-content\/uploads\/2018\/05\/logo-coelectrix-400x400.jpg\",\"contentUrl\":\"https:\/\/coelectrix.com\/wp-content\/uploads\/2018\/05\/logo-coelectrix-400x400.jpg\",\"width\":300,\"height\":300,\"caption\":\"coelectrix.com\"},\"image\":{\"@id\":\"https:\/\/coelectrix.com\/pt-pt\/#\/schema\/logo\/image\/\"}}]}<\/script>\n<!-- \/ Yoast SEO plugin. -->","yoast_head_json":{"title":"superseal borracha amarela : coelectrix.com : conectores superseal","description":"Borracha amarela Superseal para veda\u00e7\u00e3o de conectores. Necess\u00e1rio para conectores Superseal e terminais Superseal.","robots":{"index":"index","follow":"follow","max-snippet":"max-snippet:-1","max-image-preview":"max-image-preview:large","max-video-preview":"max-video-preview:-1"},"canonical":"https:\/\/coelectrix.com\/pt-pt\/produto\/produto\/borracha-superseal-amarela","og_locale":"pt_PT","og_type":"article","og_title":"superseal borracha amarela : coelectrix.com : conectores superseal","og_description":"Borracha amarela Superseal para veda\u00e7\u00e3o de conectores. Necess\u00e1rio para conectores Superseal e terminais Superseal.","og_url":"https:\/\/coelectrix.com\/pt-pt\/produto\/produto\/borracha-superseal-amarela","og_site_name":"Coelectrix","article_modified_time":"2025-08-19T04:06:28+00:00","og_image":[{"width":324,"height":209,"url":"https:\/\/coelectrix.com\/wp-content\/uploads\/2016\/02\/goma-amarilla-superseal.jpg","type":"image\/jpeg"}],"twitter_card":"summary_large_image","schema":{"@context":"https:\/\/schema.org","@graph":[{"@type":"WebPage","@id":"https:\/\/coelectrix.com\/pt-pt\/produto\/produto\/borracha-superseal-amarela","url":"https:\/\/coelectrix.com\/pt-pt\/produto\/produto\/borracha-superseal-amarela","name":"superseal borracha amarela : coelectrix.com : conectores superseal","isPartOf":{"@id":"https:\/\/coelectrix.com\/pt-pt\/#website"},"primaryImageOfPage":{"@id":"https:\/\/coelectrix.com\/pt-pt\/produto\/produto\/borracha-superseal-amarela#primaryimage"},"image":{"@id":"https:\/\/coelectrix.com\/pt-pt\/produto\/produto\/borracha-superseal-amarela#primaryimage"},"thumbnailUrl":"https:\/\/coelectrix.com\/wp-content\/uploads\/2016\/02\/goma-amarilla-superseal.jpg","datePublished":"2016-02-14T07:33:48+00:00","dateModified":"2025-08-19T04:06:28+00:00","description":"Borracha amarela Superseal para veda\u00e7\u00e3o de conectores. Necess\u00e1rio para conectores Superseal e terminais Superseal.","breadcrumb":{"@id":"https:\/\/coelectrix.com\/pt-pt\/produto\/produto\/borracha-superseal-amarela#breadcrumb"},"inLanguage":"pt-PT","potentialAction":[{"@type":"ReadAction","target":["https:\/\/coelectrix.com\/pt-pt\/produto\/produto\/borracha-superseal-amarela"]}]},{"@type":"ImageObject","inLanguage":"pt-PT","@id":"https:\/\/coelectrix.com\/pt-pt\/produto\/produto\/borracha-superseal-amarela#primaryimage","url":"https:\/\/coelectrix.com\/wp-content\/uploads\/2016\/02\/goma-amarilla-superseal.jpg","contentUrl":"https:\/\/coelectrix.com\/wp-content\/uploads\/2016\/02\/goma-amarilla-superseal.jpg","width":324,"height":209,"caption":"borracha amarela superseal"},{"@type":"BreadcrumbList","@id":"https:\/\/coelectrix.com\/pt-pt\/produto\/produto\/borracha-superseal-amarela#breadcrumb","itemListElement":[{"@type":"ListItem","position":1,"name":"Portada","item":"https:\/\/coelectrix.com\/"},{"@type":"ListItem","position":2,"name":"Loja","item":"https:\/\/coelectrix.com\/pt-pt\/loja"},{"@type":"ListItem","position":3,"name":"Borracha amarela para o conetor Superseal"}]},{"@type":"WebSite","@id":"https:\/\/coelectrix.com\/pt-pt\/#website","url":"https:\/\/coelectrix.com\/pt-pt\/","name":"Coelectrix","description":"Componentes el\u00e9ctricos","publisher":{"@id":"https:\/\/coelectrix.com\/pt-pt\/#organization"},"potentialAction":[{"@type":"SearchAction","target":{"@type":"EntryPoint","urlTemplate":"https:\/\/coelectrix.com\/pt-pt\/?s={search_term_string}"},"query-input":{"@type":"PropertyValueSpecification","valueRequired":true,"valueName":"search_term_string"}}],"inLanguage":"pt-PT"},{"@type":"Organization","@id":"https:\/\/coelectrix.com\/pt-pt\/#organization","name":"coelectrix.com","url":"https:\/\/coelectrix.com\/pt-pt\/","logo":{"@type":"ImageObject","inLanguage":"pt-PT","@id":"https:\/\/coelectrix.com\/pt-pt\/#\/schema\/logo\/image\/","url":"https:\/\/coelectrix.com\/wp-content\/uploads\/2018\/05\/logo-coelectrix-400x400.jpg","contentUrl":"https:\/\/coelectrix.com\/wp-content\/uploads\/2018\/05\/logo-coelectrix-400x400.jpg","width":300,"height":300,"caption":"coelectrix.com"},"image":{"@id":"https:\/\/coelectrix.com\/pt-pt\/#\/schema\/logo\/image\/"}}]}},"_links":{"self":[{"href":"https:\/\/coelectrix.com\/pt-pt\/wp-json\/wp\/v2\/product\/75878","targetHints":{"allow":["GET"]}}],"collection":[{"href":"https:\/\/coelectrix.com\/pt-pt\/wp-json\/wp\/v2\/product"}],"about":[{"href":"https:\/\/coelectrix.com\/pt-pt\/wp-json\/wp\/v2\/types\/product"}],"version-history":[{"count":1,"href":"https:\/\/coelectrix.com\/pt-pt\/wp-json\/wp\/v2\/product\/75878\/revisions"}],"predecessor-version":[{"id":76927,"href":"https:\/\/coelectrix.com\/pt-pt\/wp-json\/wp\/v2\/product\/75878\/revisions\/76927"}],"wp:featuredmedia":[{"embeddable":true,"href":"https:\/\/coelectrix.com\/pt-pt\/wp-json\/wp\/v2\/media\/72406"}],"wp:attachment":[{"href":"https:\/\/coelectrix.com\/pt-pt\/wp-json\/wp\/v2\/media?parent=75878"}],"wp:term":[{"taxonomy":"product_brand","embeddable":true,"href":"https:\/\/coelectrix.com\/pt-pt\/wp-json\/wp\/v2\/product_brand?post=75878"},{"taxonomy":"product_cat","embeddable":true,"href":"https:\/\/coelectrix.com\/pt-pt\/wp-json\/wp\/v2\/product_cat?post=75878"},{"taxonomy":"product_tag","embeddable":true,"href":"https:\/\/coelectrix.com\/pt-pt\/wp-json\/wp\/v2\/product_tag?post=75878"}],"curies":[{"name":"wp","href":"https:\/\/api.w.org\/{rel}","templated":true}]}}