{"id":75879,"date":"2022-05-28T11:21:48","date_gmt":"2022-05-28T09:21:48","guid":{"rendered":"https:\/\/coelectrix.com\/producto\/abracadeiras-para-cabos"},"modified":"2025-08-19T06:02:33","modified_gmt":"2025-08-19T04:02:33","slug":"abracadeiras-para-cabos","status":"publish","type":"product","link":"https:\/\/coelectrix.com\/pt-pt\/produto\/bracadeiras-para-fixacao-de-cabos","title":{"rendered":"Abra\u00e7adeiras para cabos"},"content":{"rendered":"<h2><strong>Abra\u00e7adeiras para cabos<\/strong><\/h2>\n<p>Abra\u00e7adeiras especialmente concebidas para a fixa\u00e7\u00e3o de cabos, tubos e outros componentes em instala\u00e7\u00f5es el\u00e9ctricas.<\/p>\n<p>Os bordos interiores s\u00e3o inclinados para proteger o isolamento.<br \/>\nAplica\u00e7\u00e3o muito simples atrav\u00e9s de aparafusamento ao chassis.<\/p>\n<p>Material: Nylon 66 aprovado 94V-2.<br \/>\nCor: preto<\/p>\n<p>Tamanhos dispon\u00edveis:<\/p>\n<p><img fetchpriority=\"high\" decoding=\"async\" class=\"alignnone wp-image-40024\" src=\"https:\/\/coelectrix.com\/wp-content\/uploads\/2022\/05\/CLIP-PARA-FIJACION-DE-CABLES-medidas-300x300.jpg\" alt=\"\" width=\"431\" height=\"431\" srcset=\"https:\/\/coelectrix.com\/wp-content\/uploads\/2022\/05\/CLIP-PARA-FIJACION-DE-CABLES-medidas-300x300.jpg 300w, https:\/\/coelectrix.com\/wp-content\/uploads\/2022\/05\/CLIP-PARA-FIJACION-DE-CABLES-medidas-150x150.jpg 150w, https:\/\/coelectrix.com\/wp-content\/uploads\/2022\/05\/CLIP-PARA-FIJACION-DE-CABLES-medidas-196x196.jpg 196w, https:\/\/coelectrix.com\/wp-content\/uploads\/2022\/05\/CLIP-PARA-FIJACION-DE-CABLES-medidas-416x416.jpg 416w, https:\/\/coelectrix.com\/wp-content\/uploads\/2022\/05\/CLIP-PARA-FIJACION-DE-CABLES-medidas-100x100.jpg 100w, https:\/\/coelectrix.com\/wp-content\/uploads\/2022\/05\/CLIP-PARA-FIJACION-DE-CABLES-medidas-64x64.jpg 64w, https:\/\/coelectrix.com\/wp-content\/uploads\/2022\/05\/CLIP-PARA-FIJACION-DE-CABLES-medidas.jpg 600w\" sizes=\"(max-width: 431px) 100vw, 431px\" \/><\/p>\n","protected":false},"excerpt":{"rendered":"<p>Abra\u00e7adeiras<strong> de pl\u00e1stico preto<\/strong> para fixa\u00e7\u00e3o de cabos, mangueiras, tubos e outros componentes em instala\u00e7\u00f5es el\u00e9ctricas.<br \/>\nOs bordos interiores s\u00e3o inclinados para proteger o isolamento.<br \/>\nAplica\u00e7\u00e3o muito simples atrav\u00e9s de aparafusamento ao chassis.<\/p>\n<p>Dispon\u00edvel em v\u00e1rios tamanhos (ver descri\u00e7\u00e3o).<\/p>\n","protected":false},"featured_media":73888,"template":"","meta":{"_acf_changed":false},"product_brand":[],"product_cat":[1295,1343],"product_tag":[],"class_list":{"0":"post-75879","1":"product","2":"type-product","3":"status-publish","4":"has-post-thumbnail","6":"product_cat-bracadeiras-para-cabos","7":"product_cat-prensa-cabos-abracadeiras-abracadeiras-abracadeiras","9":"first","10":"instock","11":"taxable","12":"shipping-taxable","13":"purchasable","14":"product-type-variable"},"acf":[],"yoast_head":"<!-- This site is optimized with the Yoast SEO plugin v27.2 - https:\/\/yoast.com\/product\/yoast-seo-wordpress\/ -->\n<title>\u25b7 Abra\u00e7adeiras para cabos | Coelectrix.com<\/title>\n<meta name=\"description\" content=\"Abra\u00e7adeiras de pl\u00e1stico preto para fixa\u00e7\u00e3o de cabos, mangueiras, tubos e outros componentes em instala\u00e7\u00f5es el\u00e9ctricas. Vasta gama de bra\u00e7adeiras e abra\u00e7adeiras para cabos.\" \/>\n<meta name=\"robots\" content=\"index, follow, max-snippet:-1, max-image-preview:large, max-video-preview:-1\" \/>\n<link rel=\"canonical\" href=\"https:\/\/coelectrix.com\/pt-pt\/produto\/bracadeiras-para-fixacao-de-cabos\" \/>\n<meta property=\"og:locale\" content=\"pt_PT\" \/>\n<meta property=\"og:type\" content=\"article\" \/>\n<meta property=\"og:title\" content=\"\u25b7 Abra\u00e7adeiras para cabos | Coelectrix.com\" \/>\n<meta property=\"og:description\" content=\"Abra\u00e7adeiras de pl\u00e1stico preto para fixa\u00e7\u00e3o de cabos, mangueiras, tubos e outros componentes em instala\u00e7\u00f5es el\u00e9ctricas. Vasta gama de bra\u00e7adeiras e abra\u00e7adeiras para cabos.\" \/>\n<meta property=\"og:url\" content=\"https:\/\/coelectrix.com\/pt-pt\/produto\/bracadeiras-para-fixacao-de-cabos\" \/>\n<meta property=\"og:site_name\" content=\"Coelectrix\" \/>\n<meta property=\"article:modified_time\" content=\"2025-08-19T04:02:33+00:00\" \/>\n<meta property=\"og:image\" content=\"https:\/\/coelectrix.com\/wp-content\/uploads\/2022\/05\/CLIP-PARA-FIJACION-DE-CABLES.jpg\" \/>\n\t<meta property=\"og:image:width\" content=\"600\" \/>\n\t<meta property=\"og:image:height\" content=\"600\" \/>\n\t<meta property=\"og:image:type\" content=\"image\/jpeg\" \/>\n<meta name=\"twitter:card\" content=\"summary_large_image\" \/>\n<script type=\"application\/ld+json\" class=\"yoast-schema-graph\">{\"@context\":\"https:\/\/schema.org\",\"@graph\":[{\"@type\":\"WebPage\",\"@id\":\"https:\/\/coelectrix.com\/pt-pt\/produto\/bracadeiras-para-fixacao-de-cabos\",\"url\":\"https:\/\/coelectrix.com\/pt-pt\/produto\/bracadeiras-para-fixacao-de-cabos\",\"name\":\"\u25b7 Abra\u00e7adeiras para cabos | Coelectrix.com\",\"isPartOf\":{\"@id\":\"https:\/\/coelectrix.com\/pt-pt\/#website\"},\"primaryImageOfPage\":{\"@id\":\"https:\/\/coelectrix.com\/pt-pt\/produto\/bracadeiras-para-fixacao-de-cabos#primaryimage\"},\"image\":{\"@id\":\"https:\/\/coelectrix.com\/pt-pt\/produto\/bracadeiras-para-fixacao-de-cabos#primaryimage\"},\"thumbnailUrl\":\"https:\/\/coelectrix.com\/wp-content\/uploads\/2022\/05\/CLIP-PARA-FIJACION-DE-CABLES.jpg\",\"datePublished\":\"2022-05-28T09:21:48+00:00\",\"dateModified\":\"2025-08-19T04:02:33+00:00\",\"description\":\"Abra\u00e7adeiras de pl\u00e1stico preto para fixa\u00e7\u00e3o de cabos, mangueiras, tubos e outros componentes em instala\u00e7\u00f5es el\u00e9ctricas. Vasta gama de bra\u00e7adeiras e abra\u00e7adeiras para cabos.\",\"breadcrumb\":{\"@id\":\"https:\/\/coelectrix.com\/pt-pt\/produto\/bracadeiras-para-fixacao-de-cabos#breadcrumb\"},\"inLanguage\":\"pt-PT\",\"potentialAction\":[{\"@type\":\"ReadAction\",\"target\":[\"https:\/\/coelectrix.com\/pt-pt\/produto\/bracadeiras-para-fixacao-de-cabos\"]}]},{\"@type\":\"ImageObject\",\"inLanguage\":\"pt-PT\",\"@id\":\"https:\/\/coelectrix.com\/pt-pt\/produto\/bracadeiras-para-fixacao-de-cabos#primaryimage\",\"url\":\"https:\/\/coelectrix.com\/wp-content\/uploads\/2022\/05\/CLIP-PARA-FIJACION-DE-CABLES.jpg\",\"contentUrl\":\"https:\/\/coelectrix.com\/wp-content\/uploads\/2022\/05\/CLIP-PARA-FIJACION-DE-CABLES.jpg\",\"width\":600,\"height\":600,\"caption\":\"Abra\u00e7adeiras para cabos\"},{\"@type\":\"BreadcrumbList\",\"@id\":\"https:\/\/coelectrix.com\/pt-pt\/produto\/bracadeiras-para-fixacao-de-cabos#breadcrumb\",\"itemListElement\":[{\"@type\":\"ListItem\",\"position\":1,\"name\":\"Portada\",\"item\":\"https:\/\/coelectrix.com\/\"},{\"@type\":\"ListItem\",\"position\":2,\"name\":\"Loja\",\"item\":\"https:\/\/coelectrix.com\/pt-pt\/loja\"},{\"@type\":\"ListItem\",\"position\":3,\"name\":\"Abra\u00e7adeiras para cabos\"}]},{\"@type\":\"WebSite\",\"@id\":\"https:\/\/coelectrix.com\/pt-pt\/#website\",\"url\":\"https:\/\/coelectrix.com\/pt-pt\/\",\"name\":\"Coelectrix\",\"description\":\"Componentes el\u00e9ctricos\",\"publisher\":{\"@id\":\"https:\/\/coelectrix.com\/pt-pt\/#organization\"},\"potentialAction\":[{\"@type\":\"SearchAction\",\"target\":{\"@type\":\"EntryPoint\",\"urlTemplate\":\"https:\/\/coelectrix.com\/pt-pt\/?s={search_term_string}\"},\"query-input\":{\"@type\":\"PropertyValueSpecification\",\"valueRequired\":true,\"valueName\":\"search_term_string\"}}],\"inLanguage\":\"pt-PT\"},{\"@type\":\"Organization\",\"@id\":\"https:\/\/coelectrix.com\/pt-pt\/#organization\",\"name\":\"coelectrix.com\",\"url\":\"https:\/\/coelectrix.com\/pt-pt\/\",\"logo\":{\"@type\":\"ImageObject\",\"inLanguage\":\"pt-PT\",\"@id\":\"https:\/\/coelectrix.com\/pt-pt\/#\/schema\/logo\/image\/\",\"url\":\"https:\/\/coelectrix.com\/wp-content\/uploads\/2018\/05\/logo-coelectrix-400x400.jpg\",\"contentUrl\":\"https:\/\/coelectrix.com\/wp-content\/uploads\/2018\/05\/logo-coelectrix-400x400.jpg\",\"width\":300,\"height\":300,\"caption\":\"coelectrix.com\"},\"image\":{\"@id\":\"https:\/\/coelectrix.com\/pt-pt\/#\/schema\/logo\/image\/\"}}]}<\/script>\n<!-- \/ Yoast SEO plugin. -->","yoast_head_json":{"title":"\u25b7 Abra\u00e7adeiras para cabos | Coelectrix.com","description":"Abra\u00e7adeiras de pl\u00e1stico preto para fixa\u00e7\u00e3o de cabos, mangueiras, tubos e outros componentes em instala\u00e7\u00f5es el\u00e9ctricas. Vasta gama de bra\u00e7adeiras e abra\u00e7adeiras para cabos.","robots":{"index":"index","follow":"follow","max-snippet":"max-snippet:-1","max-image-preview":"max-image-preview:large","max-video-preview":"max-video-preview:-1"},"canonical":"https:\/\/coelectrix.com\/pt-pt\/produto\/bracadeiras-para-fixacao-de-cabos","og_locale":"pt_PT","og_type":"article","og_title":"\u25b7 Abra\u00e7adeiras para cabos | Coelectrix.com","og_description":"Abra\u00e7adeiras de pl\u00e1stico preto para fixa\u00e7\u00e3o de cabos, mangueiras, tubos e outros componentes em instala\u00e7\u00f5es el\u00e9ctricas. Vasta gama de bra\u00e7adeiras e abra\u00e7adeiras para cabos.","og_url":"https:\/\/coelectrix.com\/pt-pt\/produto\/bracadeiras-para-fixacao-de-cabos","og_site_name":"Coelectrix","article_modified_time":"2025-08-19T04:02:33+00:00","og_image":[{"width":600,"height":600,"url":"https:\/\/coelectrix.com\/wp-content\/uploads\/2022\/05\/CLIP-PARA-FIJACION-DE-CABLES.jpg","type":"image\/jpeg"}],"twitter_card":"summary_large_image","schema":{"@context":"https:\/\/schema.org","@graph":[{"@type":"WebPage","@id":"https:\/\/coelectrix.com\/pt-pt\/produto\/bracadeiras-para-fixacao-de-cabos","url":"https:\/\/coelectrix.com\/pt-pt\/produto\/bracadeiras-para-fixacao-de-cabos","name":"\u25b7 Abra\u00e7adeiras para cabos | Coelectrix.com","isPartOf":{"@id":"https:\/\/coelectrix.com\/pt-pt\/#website"},"primaryImageOfPage":{"@id":"https:\/\/coelectrix.com\/pt-pt\/produto\/bracadeiras-para-fixacao-de-cabos#primaryimage"},"image":{"@id":"https:\/\/coelectrix.com\/pt-pt\/produto\/bracadeiras-para-fixacao-de-cabos#primaryimage"},"thumbnailUrl":"https:\/\/coelectrix.com\/wp-content\/uploads\/2022\/05\/CLIP-PARA-FIJACION-DE-CABLES.jpg","datePublished":"2022-05-28T09:21:48+00:00","dateModified":"2025-08-19T04:02:33+00:00","description":"Abra\u00e7adeiras de pl\u00e1stico preto para fixa\u00e7\u00e3o de cabos, mangueiras, tubos e outros componentes em instala\u00e7\u00f5es el\u00e9ctricas. Vasta gama de bra\u00e7adeiras e abra\u00e7adeiras para cabos.","breadcrumb":{"@id":"https:\/\/coelectrix.com\/pt-pt\/produto\/bracadeiras-para-fixacao-de-cabos#breadcrumb"},"inLanguage":"pt-PT","potentialAction":[{"@type":"ReadAction","target":["https:\/\/coelectrix.com\/pt-pt\/produto\/bracadeiras-para-fixacao-de-cabos"]}]},{"@type":"ImageObject","inLanguage":"pt-PT","@id":"https:\/\/coelectrix.com\/pt-pt\/produto\/bracadeiras-para-fixacao-de-cabos#primaryimage","url":"https:\/\/coelectrix.com\/wp-content\/uploads\/2022\/05\/CLIP-PARA-FIJACION-DE-CABLES.jpg","contentUrl":"https:\/\/coelectrix.com\/wp-content\/uploads\/2022\/05\/CLIP-PARA-FIJACION-DE-CABLES.jpg","width":600,"height":600,"caption":"Abra\u00e7adeiras para cabos"},{"@type":"BreadcrumbList","@id":"https:\/\/coelectrix.com\/pt-pt\/produto\/bracadeiras-para-fixacao-de-cabos#breadcrumb","itemListElement":[{"@type":"ListItem","position":1,"name":"Portada","item":"https:\/\/coelectrix.com\/"},{"@type":"ListItem","position":2,"name":"Loja","item":"https:\/\/coelectrix.com\/pt-pt\/loja"},{"@type":"ListItem","position":3,"name":"Abra\u00e7adeiras para cabos"}]},{"@type":"WebSite","@id":"https:\/\/coelectrix.com\/pt-pt\/#website","url":"https:\/\/coelectrix.com\/pt-pt\/","name":"Coelectrix","description":"Componentes el\u00e9ctricos","publisher":{"@id":"https:\/\/coelectrix.com\/pt-pt\/#organization"},"potentialAction":[{"@type":"SearchAction","target":{"@type":"EntryPoint","urlTemplate":"https:\/\/coelectrix.com\/pt-pt\/?s={search_term_string}"},"query-input":{"@type":"PropertyValueSpecification","valueRequired":true,"valueName":"search_term_string"}}],"inLanguage":"pt-PT"},{"@type":"Organization","@id":"https:\/\/coelectrix.com\/pt-pt\/#organization","name":"coelectrix.com","url":"https:\/\/coelectrix.com\/pt-pt\/","logo":{"@type":"ImageObject","inLanguage":"pt-PT","@id":"https:\/\/coelectrix.com\/pt-pt\/#\/schema\/logo\/image\/","url":"https:\/\/coelectrix.com\/wp-content\/uploads\/2018\/05\/logo-coelectrix-400x400.jpg","contentUrl":"https:\/\/coelectrix.com\/wp-content\/uploads\/2018\/05\/logo-coelectrix-400x400.jpg","width":300,"height":300,"caption":"coelectrix.com"},"image":{"@id":"https:\/\/coelectrix.com\/pt-pt\/#\/schema\/logo\/image\/"}}]}},"_links":{"self":[{"href":"https:\/\/coelectrix.com\/pt-pt\/wp-json\/wp\/v2\/product\/75879","targetHints":{"allow":["GET"]}}],"collection":[{"href":"https:\/\/coelectrix.com\/pt-pt\/wp-json\/wp\/v2\/product"}],"about":[{"href":"https:\/\/coelectrix.com\/pt-pt\/wp-json\/wp\/v2\/types\/product"}],"version-history":[{"count":1,"href":"https:\/\/coelectrix.com\/pt-pt\/wp-json\/wp\/v2\/product\/75879\/revisions"}],"predecessor-version":[{"id":76718,"href":"https:\/\/coelectrix.com\/pt-pt\/wp-json\/wp\/v2\/product\/75879\/revisions\/76718"}],"wp:featuredmedia":[{"embeddable":true,"href":"https:\/\/coelectrix.com\/pt-pt\/wp-json\/wp\/v2\/media\/73888"}],"wp:attachment":[{"href":"https:\/\/coelectrix.com\/pt-pt\/wp-json\/wp\/v2\/media?parent=75879"}],"wp:term":[{"taxonomy":"product_brand","embeddable":true,"href":"https:\/\/coelectrix.com\/pt-pt\/wp-json\/wp\/v2\/product_brand?post=75879"},{"taxonomy":"product_cat","embeddable":true,"href":"https:\/\/coelectrix.com\/pt-pt\/wp-json\/wp\/v2\/product_cat?post=75879"},{"taxonomy":"product_tag","embeddable":true,"href":"https:\/\/coelectrix.com\/pt-pt\/wp-json\/wp\/v2\/product_tag?post=75879"}],"curies":[{"name":"wp","href":"https:\/\/api.w.org\/{rel}","templated":true}]}}