{"id":75894,"date":"2020-07-25T08:35:52","date_gmt":"2020-07-25T06:35:52","guid":{"rendered":"https:\/\/coelectrix.com\/producto\/alicate-de-terminais-isolados"},"modified":"2026-02-13T08:14:24","modified_gmt":"2026-02-13T07:14:24","slug":"alicate-de-terminais-isolados","status":"publish","type":"product","link":"https:\/\/coelectrix.com\/pt-pt\/produto\/alicates-de-terminais-isolados","title":{"rendered":"Alicate de terminais isolados"},"content":{"rendered":"<h2>Alicate de cravar para terminais isolados<\/h2>\n<p><label>Aplica\u00e7\u00e3o de alicates de cravar para cravar <a href=\"https:\/\/coelectrix.com\/pt-pt\/produto\/faston-terminal-femea-isolado\">terminais isolados<\/a>:<\/label><\/p>\n<ul>\n<li>conectores isolados<\/li>\n<li>terminais isolados<\/li>\n<\/ul>\n<p><label>Propriedades do alicate de cravar para cravar terminais:<\/label><\/p>\n<ul>\n<li>o mecanismo de catraca garante a corre\u00e7\u00e3o da crava\u00e7\u00e3o, o mecanismo permite abrir o alicate depois de efetuar um ciclo de crava\u00e7\u00e3o completo.<\/li>\n<li>ferramenta azulada<\/li>\n<li>o mecanismo de catraca serve tamb\u00e9m como sistema de bloqueio do bra\u00e7o<\/li>\n<li>tampas ergon\u00f3micas nos cabos em material de dois componentes<\/li>\n<\/ul>\n<h3><label>mais informa\u00e7\u00f5es<\/label><\/h3>\n<table style=\"height: 217px;\" width=\"341\">\n<tbody>\n<tr class=\"odd\">\n<td class=\"span-7 col-md-4 last\"><strong><label id=\"param_2\">Fabricante<\/label><\/strong><\/td>\n<td class=\"span-10 col-md-8 last\">NEWBRAND<\/td>\n<\/tr>\n<tr>\n<td class=\"span-7 col-md-4 last\"><strong><label id=\"param_870\">Tipo de ferramenta<\/label><\/strong><\/td>\n<td class=\"span-10 col-md-8 last\">ferramenta de cravar<\/td>\n<\/tr>\n<tr class=\"odd\">\n<td class=\"span-7 col-md-4 last\"><strong><label id=\"param_2467\">Corte do fio<\/label><\/strong><\/td>\n<td class=\"span-10 col-md-8 last\">0,5&#8230;6mm2<\/td>\n<\/tr>\n<tr>\n<td class=\"span-7 col-md-4 last\"><strong><label id=\"param_2546\">Tamanho do fio<\/label><\/strong><\/td>\n<td class=\"span-10 col-md-8 last\">20AWG&#8230;10AWG<\/td>\n<\/tr>\n<tr class=\"odd\">\n<td class=\"span-7 col-md-4 last\"><strong><label id=\"param_74\">Peso do fio<\/label><\/strong><\/td>\n<td class=\"span-10 col-md-8 last\">540g<\/td>\n<\/tr>\n<tr>\n<td class=\"span-7 col-md-4 last\"><strong><label id=\"param_1120\">Material da ferramenta<\/label><\/strong><\/td>\n<td class=\"span-10 col-md-8 last\">a\u00e7o carbono<\/td>\n<\/tr>\n<tr class=\"odd\">\n<td class=\"span-7 col-md-4 last\"><strong><label id=\"param_1048\">Comprimento da ferramenta<\/label><\/strong><\/td>\n<td class=\"span-10 col-md-8 last\">220mm<\/td>\n<\/tr>\n<\/tbody>\n<\/table>\n<p>Com esta ferramenta, assegurar\u00e1 que todos os <a href=\"https:\/\/coelectrix.com\/pt-pt\/produto\/terminal-anel-isolado-terminal\">terminais isolados<\/a> macho e f\u00eamea, terminais em anel, forquilhas, uni\u00f5es, etc., s\u00e3o completamente cravados com uma simples cravagem.<\/p>\n","protected":false},"excerpt":{"rendered":"<p>Alicate para cravar terminais isolados.<\/p>\n<p>Poder\u00e1 engastar terminais isolados macho e f\u00eamea, an\u00e9is, forquilhas&#8230; etc., para sec\u00e7\u00f5es transversais de cabos de 0,5 mm2 a 6 mm2.<\/p>\n","protected":false},"featured_media":73375,"template":"","meta":{"_acf_changed":false},"product_brand":[],"product_cat":[1391],"product_tag":[],"class_list":{"0":"post-75894","1":"product","2":"type-product","3":"status-publish","4":"has-post-thumbnail","6":"product_cat-ferramentas","8":"first","9":"instock","10":"taxable","11":"shipping-taxable","12":"purchasable","13":"product-type-simple"},"acf":[],"yoast_head":"<!-- This site is optimized with the Yoast SEO plugin v27.2 - https:\/\/yoast.com\/product\/yoast-seo-wordpress\/ -->\n<title>\u25b7 Alicate de terminais isolados | Coelectrix.com<\/title>\n<meta name=\"description\" content=\"Alicate para cravar terminais isolados f\u00eamea, terminais isolados macho, an\u00e9is, forquilhas... etc. para sec\u00e7\u00f5es transversais de cabos de 05mm a 6mm2.\" \/>\n<meta name=\"robots\" content=\"index, follow, max-snippet:-1, max-image-preview:large, max-video-preview:-1\" \/>\n<link rel=\"canonical\" href=\"https:\/\/coelectrix.com\/pt-pt\/produto\/alicates-de-terminais-isolados\" \/>\n<meta property=\"og:locale\" content=\"pt_PT\" \/>\n<meta property=\"og:type\" content=\"article\" \/>\n<meta property=\"og:title\" content=\"\u25b7 Alicate de terminais isolados | Coelectrix.com\" \/>\n<meta property=\"og:description\" content=\"Alicate para cravar terminais isolados f\u00eamea, terminais isolados macho, an\u00e9is, forquilhas... etc. para sec\u00e7\u00f5es transversais de cabos de 05mm a 6mm2.\" \/>\n<meta property=\"og:url\" content=\"https:\/\/coelectrix.com\/pt-pt\/produto\/alicates-de-terminais-isolados\" \/>\n<meta property=\"og:site_name\" content=\"Coelectrix\" \/>\n<meta property=\"article:modified_time\" content=\"2026-02-13T07:14:24+00:00\" \/>\n<meta property=\"og:image\" content=\"https:\/\/coelectrix.com\/wp-content\/uploads\/2020\/07\/HERRAMIENTA-TERMINALES-AISLADOS-1-2.jpg\" \/>\n\t<meta property=\"og:image:width\" content=\"800\" \/>\n\t<meta property=\"og:image:height\" content=\"800\" \/>\n\t<meta property=\"og:image:type\" content=\"image\/jpeg\" \/>\n<meta name=\"twitter:card\" content=\"summary_large_image\" \/>\n<meta name=\"twitter:label1\" content=\"Tempo estimado de leitura\" \/>\n\t<meta name=\"twitter:data1\" content=\"1 minuto\" \/>\n<script type=\"application\/ld+json\" class=\"yoast-schema-graph\">{\"@context\":\"https:\/\/schema.org\",\"@graph\":[{\"@type\":\"WebPage\",\"@id\":\"https:\/\/coelectrix.com\/pt-pt\/produto\/alicates-de-terminais-isolados\",\"url\":\"https:\/\/coelectrix.com\/pt-pt\/produto\/alicates-de-terminais-isolados\",\"name\":\"\u25b7 Alicate de terminais isolados | Coelectrix.com\",\"isPartOf\":{\"@id\":\"https:\/\/coelectrix.com\/pt-pt\/#website\"},\"primaryImageOfPage\":{\"@id\":\"https:\/\/coelectrix.com\/pt-pt\/produto\/alicates-de-terminais-isolados#primaryimage\"},\"image\":{\"@id\":\"https:\/\/coelectrix.com\/pt-pt\/produto\/alicates-de-terminais-isolados#primaryimage\"},\"thumbnailUrl\":\"https:\/\/coelectrix.com\/wp-content\/uploads\/2020\/07\/HERRAMIENTA-TERMINALES-AISLADOS-1-2.jpg\",\"datePublished\":\"2020-07-25T06:35:52+00:00\",\"dateModified\":\"2026-02-13T07:14:24+00:00\",\"description\":\"Alicate para cravar terminais isolados f\u00eamea, terminais isolados macho, an\u00e9is, forquilhas... etc. para sec\u00e7\u00f5es transversais de cabos de 05mm a 6mm2.\",\"breadcrumb\":{\"@id\":\"https:\/\/coelectrix.com\/pt-pt\/produto\/alicates-de-terminais-isolados#breadcrumb\"},\"inLanguage\":\"pt-PT\",\"potentialAction\":[{\"@type\":\"ReadAction\",\"target\":[\"https:\/\/coelectrix.com\/pt-pt\/produto\/alicates-de-terminais-isolados\"]}]},{\"@type\":\"ImageObject\",\"inLanguage\":\"pt-PT\",\"@id\":\"https:\/\/coelectrix.com\/pt-pt\/produto\/alicates-de-terminais-isolados#primaryimage\",\"url\":\"https:\/\/coelectrix.com\/wp-content\/uploads\/2020\/07\/HERRAMIENTA-TERMINALES-AISLADOS-1-2.jpg\",\"contentUrl\":\"https:\/\/coelectrix.com\/wp-content\/uploads\/2020\/07\/HERRAMIENTA-TERMINALES-AISLADOS-1-2.jpg\",\"width\":800,\"height\":800,\"caption\":\"comprar alicates de terminais isolados\"},{\"@type\":\"BreadcrumbList\",\"@id\":\"https:\/\/coelectrix.com\/pt-pt\/produto\/alicates-de-terminais-isolados#breadcrumb\",\"itemListElement\":[{\"@type\":\"ListItem\",\"position\":1,\"name\":\"Portada\",\"item\":\"https:\/\/coelectrix.com\/\"},{\"@type\":\"ListItem\",\"position\":2,\"name\":\"Loja\",\"item\":\"https:\/\/coelectrix.com\/pt-pt\/loja\"},{\"@type\":\"ListItem\",\"position\":3,\"name\":\"Alicate de terminais isolados\"}]},{\"@type\":\"WebSite\",\"@id\":\"https:\/\/coelectrix.com\/pt-pt\/#website\",\"url\":\"https:\/\/coelectrix.com\/pt-pt\/\",\"name\":\"Coelectrix\",\"description\":\"Componentes el\u00e9ctricos\",\"publisher\":{\"@id\":\"https:\/\/coelectrix.com\/pt-pt\/#organization\"},\"potentialAction\":[{\"@type\":\"SearchAction\",\"target\":{\"@type\":\"EntryPoint\",\"urlTemplate\":\"https:\/\/coelectrix.com\/pt-pt\/?s={search_term_string}\"},\"query-input\":{\"@type\":\"PropertyValueSpecification\",\"valueRequired\":true,\"valueName\":\"search_term_string\"}}],\"inLanguage\":\"pt-PT\"},{\"@type\":\"Organization\",\"@id\":\"https:\/\/coelectrix.com\/pt-pt\/#organization\",\"name\":\"coelectrix.com\",\"url\":\"https:\/\/coelectrix.com\/pt-pt\/\",\"logo\":{\"@type\":\"ImageObject\",\"inLanguage\":\"pt-PT\",\"@id\":\"https:\/\/coelectrix.com\/pt-pt\/#\/schema\/logo\/image\/\",\"url\":\"https:\/\/coelectrix.com\/wp-content\/uploads\/2018\/05\/logo-coelectrix-400x400.jpg\",\"contentUrl\":\"https:\/\/coelectrix.com\/wp-content\/uploads\/2018\/05\/logo-coelectrix-400x400.jpg\",\"width\":300,\"height\":300,\"caption\":\"coelectrix.com\"},\"image\":{\"@id\":\"https:\/\/coelectrix.com\/pt-pt\/#\/schema\/logo\/image\/\"}}]}<\/script>\n<!-- \/ Yoast SEO plugin. -->","yoast_head_json":{"title":"\u25b7 Alicate de terminais isolados | Coelectrix.com","description":"Alicate para cravar terminais isolados f\u00eamea, terminais isolados macho, an\u00e9is, forquilhas... etc. para sec\u00e7\u00f5es transversais de cabos de 05mm a 6mm2.","robots":{"index":"index","follow":"follow","max-snippet":"max-snippet:-1","max-image-preview":"max-image-preview:large","max-video-preview":"max-video-preview:-1"},"canonical":"https:\/\/coelectrix.com\/pt-pt\/produto\/alicates-de-terminais-isolados","og_locale":"pt_PT","og_type":"article","og_title":"\u25b7 Alicate de terminais isolados | Coelectrix.com","og_description":"Alicate para cravar terminais isolados f\u00eamea, terminais isolados macho, an\u00e9is, forquilhas... etc. para sec\u00e7\u00f5es transversais de cabos de 05mm a 6mm2.","og_url":"https:\/\/coelectrix.com\/pt-pt\/produto\/alicates-de-terminais-isolados","og_site_name":"Coelectrix","article_modified_time":"2026-02-13T07:14:24+00:00","og_image":[{"width":800,"height":800,"url":"https:\/\/coelectrix.com\/wp-content\/uploads\/2020\/07\/HERRAMIENTA-TERMINALES-AISLADOS-1-2.jpg","type":"image\/jpeg"}],"twitter_card":"summary_large_image","twitter_misc":{"Tempo estimado de leitura":"1 minuto"},"schema":{"@context":"https:\/\/schema.org","@graph":[{"@type":"WebPage","@id":"https:\/\/coelectrix.com\/pt-pt\/produto\/alicates-de-terminais-isolados","url":"https:\/\/coelectrix.com\/pt-pt\/produto\/alicates-de-terminais-isolados","name":"\u25b7 Alicate de terminais isolados | Coelectrix.com","isPartOf":{"@id":"https:\/\/coelectrix.com\/pt-pt\/#website"},"primaryImageOfPage":{"@id":"https:\/\/coelectrix.com\/pt-pt\/produto\/alicates-de-terminais-isolados#primaryimage"},"image":{"@id":"https:\/\/coelectrix.com\/pt-pt\/produto\/alicates-de-terminais-isolados#primaryimage"},"thumbnailUrl":"https:\/\/coelectrix.com\/wp-content\/uploads\/2020\/07\/HERRAMIENTA-TERMINALES-AISLADOS-1-2.jpg","datePublished":"2020-07-25T06:35:52+00:00","dateModified":"2026-02-13T07:14:24+00:00","description":"Alicate para cravar terminais isolados f\u00eamea, terminais isolados macho, an\u00e9is, forquilhas... etc. para sec\u00e7\u00f5es transversais de cabos de 05mm a 6mm2.","breadcrumb":{"@id":"https:\/\/coelectrix.com\/pt-pt\/produto\/alicates-de-terminais-isolados#breadcrumb"},"inLanguage":"pt-PT","potentialAction":[{"@type":"ReadAction","target":["https:\/\/coelectrix.com\/pt-pt\/produto\/alicates-de-terminais-isolados"]}]},{"@type":"ImageObject","inLanguage":"pt-PT","@id":"https:\/\/coelectrix.com\/pt-pt\/produto\/alicates-de-terminais-isolados#primaryimage","url":"https:\/\/coelectrix.com\/wp-content\/uploads\/2020\/07\/HERRAMIENTA-TERMINALES-AISLADOS-1-2.jpg","contentUrl":"https:\/\/coelectrix.com\/wp-content\/uploads\/2020\/07\/HERRAMIENTA-TERMINALES-AISLADOS-1-2.jpg","width":800,"height":800,"caption":"comprar alicates de terminais isolados"},{"@type":"BreadcrumbList","@id":"https:\/\/coelectrix.com\/pt-pt\/produto\/alicates-de-terminais-isolados#breadcrumb","itemListElement":[{"@type":"ListItem","position":1,"name":"Portada","item":"https:\/\/coelectrix.com\/"},{"@type":"ListItem","position":2,"name":"Loja","item":"https:\/\/coelectrix.com\/pt-pt\/loja"},{"@type":"ListItem","position":3,"name":"Alicate de terminais isolados"}]},{"@type":"WebSite","@id":"https:\/\/coelectrix.com\/pt-pt\/#website","url":"https:\/\/coelectrix.com\/pt-pt\/","name":"Coelectrix","description":"Componentes el\u00e9ctricos","publisher":{"@id":"https:\/\/coelectrix.com\/pt-pt\/#organization"},"potentialAction":[{"@type":"SearchAction","target":{"@type":"EntryPoint","urlTemplate":"https:\/\/coelectrix.com\/pt-pt\/?s={search_term_string}"},"query-input":{"@type":"PropertyValueSpecification","valueRequired":true,"valueName":"search_term_string"}}],"inLanguage":"pt-PT"},{"@type":"Organization","@id":"https:\/\/coelectrix.com\/pt-pt\/#organization","name":"coelectrix.com","url":"https:\/\/coelectrix.com\/pt-pt\/","logo":{"@type":"ImageObject","inLanguage":"pt-PT","@id":"https:\/\/coelectrix.com\/pt-pt\/#\/schema\/logo\/image\/","url":"https:\/\/coelectrix.com\/wp-content\/uploads\/2018\/05\/logo-coelectrix-400x400.jpg","contentUrl":"https:\/\/coelectrix.com\/wp-content\/uploads\/2018\/05\/logo-coelectrix-400x400.jpg","width":300,"height":300,"caption":"coelectrix.com"},"image":{"@id":"https:\/\/coelectrix.com\/pt-pt\/#\/schema\/logo\/image\/"}}]}},"_links":{"self":[{"href":"https:\/\/coelectrix.com\/pt-pt\/wp-json\/wp\/v2\/product\/75894","targetHints":{"allow":["GET"]}}],"collection":[{"href":"https:\/\/coelectrix.com\/pt-pt\/wp-json\/wp\/v2\/product"}],"about":[{"href":"https:\/\/coelectrix.com\/pt-pt\/wp-json\/wp\/v2\/types\/product"}],"version-history":[{"count":2,"href":"https:\/\/coelectrix.com\/pt-pt\/wp-json\/wp\/v2\/product\/75894\/revisions"}],"predecessor-version":[{"id":77169,"href":"https:\/\/coelectrix.com\/pt-pt\/wp-json\/wp\/v2\/product\/75894\/revisions\/77169"}],"wp:featuredmedia":[{"embeddable":true,"href":"https:\/\/coelectrix.com\/pt-pt\/wp-json\/wp\/v2\/media\/73375"}],"wp:attachment":[{"href":"https:\/\/coelectrix.com\/pt-pt\/wp-json\/wp\/v2\/media?parent=75894"}],"wp:term":[{"taxonomy":"product_brand","embeddable":true,"href":"https:\/\/coelectrix.com\/pt-pt\/wp-json\/wp\/v2\/product_brand?post=75894"},{"taxonomy":"product_cat","embeddable":true,"href":"https:\/\/coelectrix.com\/pt-pt\/wp-json\/wp\/v2\/product_cat?post=75894"},{"taxonomy":"product_tag","embeddable":true,"href":"https:\/\/coelectrix.com\/pt-pt\/wp-json\/wp\/v2\/product_tag?post=75894"}],"curies":[{"name":"wp","href":"https:\/\/api.w.org\/{rel}","templated":true}]}}