{"id":75901,"date":"2017-02-14T13:32:56","date_gmt":"2017-02-14T12:32:56","guid":{"rendered":"https:\/\/coelectrix.com\/producto\/ferramenta-de-cravar-kh-16-para-terminais-de-anel-de-15-a-16-mm"},"modified":"2025-08-19T06:05:51","modified_gmt":"2025-08-19T04:05:51","slug":"ferramenta-de-cravar-kh-16-para-terminais-de-anel-de-15-a-16-mm","status":"publish","type":"product","link":"https:\/\/coelectrix.com\/pt-pt\/produto\/pkh-9-puxador-de-grampos-para-terminais-de-anel","title":{"rendered":"Ferramenta de cravar KH-16 para terminais de anel de 1,5 a 16 mm"},"content":{"rendered":"<h1>Ferramenta de cravar para terminais de anel<\/h1>\n<p>Para cravar terminais de anel tipo GS de 1,5 a 16 mm<\/p>\n<p>Crava\u00e7\u00e3o f\u00e1cil de terminais de anel para sec\u00e7\u00f5es transversais de cabos at\u00e9 16 mm2.<\/p>\n","protected":false},"excerpt":{"rendered":"<p>M\u00e1quina de engaste profissional para terminais de anel<\/p>\n<p>Para terminais de anel de 1,5mm at\u00e9 16mm<\/p>\n<p><img decoding=\"async\" class=\"alignnone size-full wp-image-715\" src=\"http:\/\/www.coelectrix.com\/wp-content\/uploads\/2016\/09\/payment-logo-1.png\" alt=\"\" width=\"245\" height=\"62\" srcset=\"https:\/\/coelectrix.com\/wp-content\/uploads\/2016\/09\/payment-logo-1.png 245w, https:\/\/coelectrix.com\/wp-content\/uploads\/2016\/09\/payment-logo-1-64x16.png 64w\" sizes=\"(max-width: 245px) 100vw, 245px\" \/><\/p>\n","protected":false},"featured_media":72592,"template":"","meta":{"_acf_changed":false},"product_brand":[],"product_cat":[1391,1279],"product_tag":[],"class_list":{"0":"post-75901","1":"product","2":"type-product","3":"status-publish","4":"has-post-thumbnail","6":"product_cat-ferramentas","7":"product_cat-maquinas-de-cravar-para-terminais-de-anel","9":"first","10":"outofstock","11":"taxable","12":"shipping-taxable","13":"purchasable","14":"product-type-simple"},"acf":[],"yoast_head":"<!-- This site is optimized with the Yoast SEO plugin v27.2 - https:\/\/yoast.com\/product\/yoast-seo-wordpress\/ -->\n<title>Crimpador para Terminal de Anel Crimpado | coelectrix.com<\/title>\n<meta name=\"description\" content=\"M\u00e1quina de cravar para terminais de anel at\u00e9 16mm2 de cabo. | Coelectrix.com - Loja online de ferramentas e equipamentos el\u00e9ctricos.\" \/>\n<meta name=\"robots\" content=\"index, follow, max-snippet:-1, max-image-preview:large, max-video-preview:-1\" \/>\n<link rel=\"canonical\" href=\"https:\/\/coelectrix.com\/pt-pt\/produto\/pkh-9-puxador-de-grampos-para-terminais-de-anel\" \/>\n<meta property=\"og:locale\" content=\"pt_PT\" \/>\n<meta property=\"og:type\" content=\"article\" \/>\n<meta property=\"og:title\" content=\"Crimpador para Terminal de Anel Crimpado | coelectrix.com\" \/>\n<meta property=\"og:description\" content=\"M\u00e1quina de cravar para terminais de anel at\u00e9 16mm2 de cabo. | Coelectrix.com - Loja online de ferramentas e equipamentos el\u00e9ctricos.\" \/>\n<meta property=\"og:url\" content=\"https:\/\/coelectrix.com\/pt-pt\/produto\/pkh-9-puxador-de-grampos-para-terminais-de-anel\" \/>\n<meta property=\"og:site_name\" content=\"Coelectrix\" \/>\n<meta property=\"article:modified_time\" content=\"2025-08-19T04:05:51+00:00\" \/>\n<meta property=\"og:image\" content=\"https:\/\/coelectrix.com\/wp-content\/uploads\/2017\/02\/herramienta-kh-9-1-gs.jpg\" \/>\n\t<meta property=\"og:image:width\" content=\"300\" \/>\n\t<meta property=\"og:image:height\" content=\"300\" \/>\n\t<meta property=\"og:image:type\" content=\"image\/jpeg\" \/>\n<meta name=\"twitter:card\" content=\"summary_large_image\" \/>\n<script type=\"application\/ld+json\" class=\"yoast-schema-graph\">{\"@context\":\"https:\/\/schema.org\",\"@graph\":[{\"@type\":\"WebPage\",\"@id\":\"https:\/\/coelectrix.com\/pt-pt\/produto\/pkh-9-puxador-de-grampos-para-terminais-de-anel\",\"url\":\"https:\/\/coelectrix.com\/pt-pt\/produto\/pkh-9-puxador-de-grampos-para-terminais-de-anel\",\"name\":\"Crimpador para Terminal de Anel Crimpado | coelectrix.com\",\"isPartOf\":{\"@id\":\"https:\/\/coelectrix.com\/pt-pt\/#website\"},\"primaryImageOfPage\":{\"@id\":\"https:\/\/coelectrix.com\/pt-pt\/produto\/pkh-9-puxador-de-grampos-para-terminais-de-anel#primaryimage\"},\"image\":{\"@id\":\"https:\/\/coelectrix.com\/pt-pt\/produto\/pkh-9-puxador-de-grampos-para-terminais-de-anel#primaryimage\"},\"thumbnailUrl\":\"https:\/\/coelectrix.com\/wp-content\/uploads\/2017\/02\/herramienta-kh-9-1-gs.jpg\",\"datePublished\":\"2017-02-14T12:32:56+00:00\",\"dateModified\":\"2025-08-19T04:05:51+00:00\",\"description\":\"M\u00e1quina de cravar para terminais de anel at\u00e9 16mm2 de cabo. | Coelectrix.com - Loja online de ferramentas e equipamentos el\u00e9ctricos.\",\"breadcrumb\":{\"@id\":\"https:\/\/coelectrix.com\/pt-pt\/produto\/pkh-9-puxador-de-grampos-para-terminais-de-anel#breadcrumb\"},\"inLanguage\":\"pt-PT\",\"potentialAction\":[{\"@type\":\"ReadAction\",\"target\":[\"https:\/\/coelectrix.com\/pt-pt\/produto\/pkh-9-puxador-de-grampos-para-terminais-de-anel\"]}]},{\"@type\":\"ImageObject\",\"inLanguage\":\"pt-PT\",\"@id\":\"https:\/\/coelectrix.com\/pt-pt\/produto\/pkh-9-puxador-de-grampos-para-terminais-de-anel#primaryimage\",\"url\":\"https:\/\/coelectrix.com\/wp-content\/uploads\/2017\/02\/herramienta-kh-9-1-gs.jpg\",\"contentUrl\":\"https:\/\/coelectrix.com\/wp-content\/uploads\/2017\/02\/herramienta-kh-9-1-gs.jpg\",\"width\":300,\"height\":300,\"caption\":\"m\u00e1quina de cravar para terminal de anel\"},{\"@type\":\"BreadcrumbList\",\"@id\":\"https:\/\/coelectrix.com\/pt-pt\/produto\/pkh-9-puxador-de-grampos-para-terminais-de-anel#breadcrumb\",\"itemListElement\":[{\"@type\":\"ListItem\",\"position\":1,\"name\":\"Portada\",\"item\":\"https:\/\/coelectrix.com\/\"},{\"@type\":\"ListItem\",\"position\":2,\"name\":\"Loja\",\"item\":\"https:\/\/coelectrix.com\/pt-pt\/loja\"},{\"@type\":\"ListItem\",\"position\":3,\"name\":\"Ferramenta de cravar KH-16 para terminais de anel de 1,5 a 16 mm\"}]},{\"@type\":\"WebSite\",\"@id\":\"https:\/\/coelectrix.com\/pt-pt\/#website\",\"url\":\"https:\/\/coelectrix.com\/pt-pt\/\",\"name\":\"Coelectrix\",\"description\":\"Componentes el\u00e9ctricos\",\"publisher\":{\"@id\":\"https:\/\/coelectrix.com\/pt-pt\/#organization\"},\"potentialAction\":[{\"@type\":\"SearchAction\",\"target\":{\"@type\":\"EntryPoint\",\"urlTemplate\":\"https:\/\/coelectrix.com\/pt-pt\/?s={search_term_string}\"},\"query-input\":{\"@type\":\"PropertyValueSpecification\",\"valueRequired\":true,\"valueName\":\"search_term_string\"}}],\"inLanguage\":\"pt-PT\"},{\"@type\":\"Organization\",\"@id\":\"https:\/\/coelectrix.com\/pt-pt\/#organization\",\"name\":\"coelectrix.com\",\"url\":\"https:\/\/coelectrix.com\/pt-pt\/\",\"logo\":{\"@type\":\"ImageObject\",\"inLanguage\":\"pt-PT\",\"@id\":\"https:\/\/coelectrix.com\/pt-pt\/#\/schema\/logo\/image\/\",\"url\":\"https:\/\/coelectrix.com\/wp-content\/uploads\/2018\/05\/logo-coelectrix-400x400.jpg\",\"contentUrl\":\"https:\/\/coelectrix.com\/wp-content\/uploads\/2018\/05\/logo-coelectrix-400x400.jpg\",\"width\":300,\"height\":300,\"caption\":\"coelectrix.com\"},\"image\":{\"@id\":\"https:\/\/coelectrix.com\/pt-pt\/#\/schema\/logo\/image\/\"}}]}<\/script>\n<!-- \/ Yoast SEO plugin. -->","yoast_head_json":{"title":"Crimpador para Terminal de Anel Crimpado | coelectrix.com","description":"M\u00e1quina de cravar para terminais de anel at\u00e9 16mm2 de cabo. | Coelectrix.com - Loja online de ferramentas e equipamentos el\u00e9ctricos.","robots":{"index":"index","follow":"follow","max-snippet":"max-snippet:-1","max-image-preview":"max-image-preview:large","max-video-preview":"max-video-preview:-1"},"canonical":"https:\/\/coelectrix.com\/pt-pt\/produto\/pkh-9-puxador-de-grampos-para-terminais-de-anel","og_locale":"pt_PT","og_type":"article","og_title":"Crimpador para Terminal de Anel Crimpado | coelectrix.com","og_description":"M\u00e1quina de cravar para terminais de anel at\u00e9 16mm2 de cabo. | Coelectrix.com - Loja online de ferramentas e equipamentos el\u00e9ctricos.","og_url":"https:\/\/coelectrix.com\/pt-pt\/produto\/pkh-9-puxador-de-grampos-para-terminais-de-anel","og_site_name":"Coelectrix","article_modified_time":"2025-08-19T04:05:51+00:00","og_image":[{"width":300,"height":300,"url":"https:\/\/coelectrix.com\/wp-content\/uploads\/2017\/02\/herramienta-kh-9-1-gs.jpg","type":"image\/jpeg"}],"twitter_card":"summary_large_image","schema":{"@context":"https:\/\/schema.org","@graph":[{"@type":"WebPage","@id":"https:\/\/coelectrix.com\/pt-pt\/produto\/pkh-9-puxador-de-grampos-para-terminais-de-anel","url":"https:\/\/coelectrix.com\/pt-pt\/produto\/pkh-9-puxador-de-grampos-para-terminais-de-anel","name":"Crimpador para Terminal de Anel Crimpado | coelectrix.com","isPartOf":{"@id":"https:\/\/coelectrix.com\/pt-pt\/#website"},"primaryImageOfPage":{"@id":"https:\/\/coelectrix.com\/pt-pt\/produto\/pkh-9-puxador-de-grampos-para-terminais-de-anel#primaryimage"},"image":{"@id":"https:\/\/coelectrix.com\/pt-pt\/produto\/pkh-9-puxador-de-grampos-para-terminais-de-anel#primaryimage"},"thumbnailUrl":"https:\/\/coelectrix.com\/wp-content\/uploads\/2017\/02\/herramienta-kh-9-1-gs.jpg","datePublished":"2017-02-14T12:32:56+00:00","dateModified":"2025-08-19T04:05:51+00:00","description":"M\u00e1quina de cravar para terminais de anel at\u00e9 16mm2 de cabo. | Coelectrix.com - Loja online de ferramentas e equipamentos el\u00e9ctricos.","breadcrumb":{"@id":"https:\/\/coelectrix.com\/pt-pt\/produto\/pkh-9-puxador-de-grampos-para-terminais-de-anel#breadcrumb"},"inLanguage":"pt-PT","potentialAction":[{"@type":"ReadAction","target":["https:\/\/coelectrix.com\/pt-pt\/produto\/pkh-9-puxador-de-grampos-para-terminais-de-anel"]}]},{"@type":"ImageObject","inLanguage":"pt-PT","@id":"https:\/\/coelectrix.com\/pt-pt\/produto\/pkh-9-puxador-de-grampos-para-terminais-de-anel#primaryimage","url":"https:\/\/coelectrix.com\/wp-content\/uploads\/2017\/02\/herramienta-kh-9-1-gs.jpg","contentUrl":"https:\/\/coelectrix.com\/wp-content\/uploads\/2017\/02\/herramienta-kh-9-1-gs.jpg","width":300,"height":300,"caption":"m\u00e1quina de cravar para terminal de anel"},{"@type":"BreadcrumbList","@id":"https:\/\/coelectrix.com\/pt-pt\/produto\/pkh-9-puxador-de-grampos-para-terminais-de-anel#breadcrumb","itemListElement":[{"@type":"ListItem","position":1,"name":"Portada","item":"https:\/\/coelectrix.com\/"},{"@type":"ListItem","position":2,"name":"Loja","item":"https:\/\/coelectrix.com\/pt-pt\/loja"},{"@type":"ListItem","position":3,"name":"Ferramenta de cravar KH-16 para terminais de anel de 1,5 a 16 mm"}]},{"@type":"WebSite","@id":"https:\/\/coelectrix.com\/pt-pt\/#website","url":"https:\/\/coelectrix.com\/pt-pt\/","name":"Coelectrix","description":"Componentes el\u00e9ctricos","publisher":{"@id":"https:\/\/coelectrix.com\/pt-pt\/#organization"},"potentialAction":[{"@type":"SearchAction","target":{"@type":"EntryPoint","urlTemplate":"https:\/\/coelectrix.com\/pt-pt\/?s={search_term_string}"},"query-input":{"@type":"PropertyValueSpecification","valueRequired":true,"valueName":"search_term_string"}}],"inLanguage":"pt-PT"},{"@type":"Organization","@id":"https:\/\/coelectrix.com\/pt-pt\/#organization","name":"coelectrix.com","url":"https:\/\/coelectrix.com\/pt-pt\/","logo":{"@type":"ImageObject","inLanguage":"pt-PT","@id":"https:\/\/coelectrix.com\/pt-pt\/#\/schema\/logo\/image\/","url":"https:\/\/coelectrix.com\/wp-content\/uploads\/2018\/05\/logo-coelectrix-400x400.jpg","contentUrl":"https:\/\/coelectrix.com\/wp-content\/uploads\/2018\/05\/logo-coelectrix-400x400.jpg","width":300,"height":300,"caption":"coelectrix.com"},"image":{"@id":"https:\/\/coelectrix.com\/pt-pt\/#\/schema\/logo\/image\/"}}]}},"_links":{"self":[{"href":"https:\/\/coelectrix.com\/pt-pt\/wp-json\/wp\/v2\/product\/75901","targetHints":{"allow":["GET"]}}],"collection":[{"href":"https:\/\/coelectrix.com\/pt-pt\/wp-json\/wp\/v2\/product"}],"about":[{"href":"https:\/\/coelectrix.com\/pt-pt\/wp-json\/wp\/v2\/types\/product"}],"version-history":[{"count":1,"href":"https:\/\/coelectrix.com\/pt-pt\/wp-json\/wp\/v2\/product\/75901\/revisions"}],"predecessor-version":[{"id":76885,"href":"https:\/\/coelectrix.com\/pt-pt\/wp-json\/wp\/v2\/product\/75901\/revisions\/76885"}],"wp:featuredmedia":[{"embeddable":true,"href":"https:\/\/coelectrix.com\/pt-pt\/wp-json\/wp\/v2\/media\/72592"}],"wp:attachment":[{"href":"https:\/\/coelectrix.com\/pt-pt\/wp-json\/wp\/v2\/media?parent=75901"}],"wp:term":[{"taxonomy":"product_brand","embeddable":true,"href":"https:\/\/coelectrix.com\/pt-pt\/wp-json\/wp\/v2\/product_brand?post=75901"},{"taxonomy":"product_cat","embeddable":true,"href":"https:\/\/coelectrix.com\/pt-pt\/wp-json\/wp\/v2\/product_cat?post=75901"},{"taxonomy":"product_tag","embeddable":true,"href":"https:\/\/coelectrix.com\/pt-pt\/wp-json\/wp\/v2\/product_tag?post=75901"}],"curies":[{"name":"wp","href":"https:\/\/api.w.org\/{rel}","templated":true}]}}